{"id":12880,"date":"2025-02-22T20:06:01","date_gmt":"2025-02-22T19:06:01","guid":{"rendered":"https:\/\/ingritech.pl\/?page_id=12880"},"modified":"2026-04-20T12:49:57","modified_gmt":"2026-04-20T10:49:57","slug":"technicka-dokumentace-a-certifikaty","status":"publish","type":"page","link":"https:\/\/ingritech.pl\/cs\/technicka-dokumentace-a-certifikaty\/","title":{"rendered":"Technick\u00e1 dokumentace a certifik\u00e1ty"},"content":{"rendered":"<table class=\"docs-table\" dir=\"ltr\" border=\"0\" cellspacing=\"0\" cellpadding=\"0\">\n<colgroup>\n<col width=\"30\" \/>\n<col width=\"520\" \/>\n<col width=\"40\" \/> <\/colgroup>\n<tbody><!-- Kulov\u00e1 ocelov\u00e1 dr\u0165 --><\/p>\n<tr class=\"group-header\">\n<td colspan=\"3\">\u25ef Kulov\u00e1 ocelov\u00e1 dr\u0165 S 110 \u2013 1100 (SAE J444)<\/td>\n<\/tr>\n<tr>\n<td><\/td>\n<td><a href=\"https:\/\/ingritech.pl\/wp-content\/uploads\/2025\/03\/MATERIAL-SAFETY-DATA-SHEET-PL-Srut-stalowy-SAE-J444.pdf\" target=\"_blank\" rel=\"noopener\">Bezpe\u010dnostn\u00ed list (SDS \/ MSDS)<\/a><\/td>\n<td><a class=\"download\" href=\"https:\/\/ingritech.pl\/wp-content\/uploads\/2025\/03\/MATERIAL-SAFETY-DATA-SHEET-PL-Srut-stalowy-SAE-J444.pdf\" target=\"_blank\" rel=\"noopener\">\u2193<\/a><\/td>\n<\/tr>\n<tr>\n<td><\/td>\n<td><a href=\"https:\/\/ingritech.pl\/wp-content\/uploads\/2025\/03\/Srut-staliwny-kulisty-okragly.pdf\" target=\"_blank\" rel=\"noopener\">Produktov\u00fd list \/ Technick\u00fd katalog<\/a><\/td>\n<td><a class=\"download\" href=\"https:\/\/ingritech.pl\/wp-content\/uploads\/2025\/03\/Srut-staliwny-kulisty-okragly.pdf\" target=\"_blank\" rel=\"noopener\">\u2193<\/a><\/td>\n<\/tr>\n<tr>\n<td><\/td>\n<td><a href=\"https:\/\/ingritech.pl\/wp-content\/uploads\/2025\/03\/Certificate-of-Attestation.pdf\" target=\"_blank\" rel=\"noopener\">Osv\u011bd\u010den\u00ed o certifikaci \/ Attestation Certificate<\/a><\/td>\n<td><a class=\"download\" href=\"https:\/\/ingritech.pl\/wp-content\/uploads\/2025\/03\/Certificate-of-Attestation.pdf\" target=\"_blank\" rel=\"noopener\">\u2193<\/a><\/td>\n<\/tr>\n<tr>\n<td><\/td>\n<td><a href=\"https:\/\/ingritech.pl\/wp-content\/uploads\/2025\/03\/ISO.pdf\" target=\"_blank\" rel=\"noopener\">Certifik\u00e1t ISO 9001:2015<\/a><\/td>\n<td><a class=\"download\" href=\"https:\/\/ingritech.pl\/wp-content\/uploads\/2025\/03\/ISO.pdf\" target=\"_blank\" rel=\"noopener\">\u2193<\/a><\/td>\n<\/tr>\n<tr>\n<td><\/td>\n<td><a href=\"https:\/\/ingritech.pl\/wp-content\/uploads\/2025\/03\/Swiadectwo-analizy-S-460.pdf\" target=\"_blank\" rel=\"noopener\">Osv\u011bd\u010den\u00ed o chemick\u00e9 anal\u00fdze (S-460)<\/a><\/td>\n<td><a class=\"download\" href=\"https:\/\/ingritech.pl\/wp-content\/uploads\/2025\/03\/Swiadectwo-analizy-S-460.pdf\" target=\"_blank\" rel=\"noopener\">\u2193<\/a><\/td>\n<\/tr>\n<p><!-- L\u00e1man\u00e1 ocelov\u00e1 dr\u0165 --><\/p>\n<tr class=\"group-header\">\n<td colspan=\"3\">\u25ef L\u00e1man\u00e1 ocelov\u00e1 dr\u0165 (SAE J444)<\/td>\n<\/tr>\n<tr>\n<td><\/td>\n<td><a href=\"https:\/\/ingritech.pl\/wp-content\/uploads\/2025\/03\/MATERIAL-SAFETY-DATA-SHEET-PL-Srut-staliwny-lamany-SAE-J444.pdf\" target=\"_blank\" rel=\"noopener\">Bezpe\u010dnostn\u00ed list (SDS \/ MSDS)<\/a><\/td>\n<td><a class=\"download\" href=\"https:\/\/ingritech.pl\/wp-content\/uploads\/2025\/03\/MATERIAL-SAFETY-DATA-SHEET-PL-Srut-staliwny-lamany-SAE-J444.pdf\" target=\"_blank\" rel=\"noopener\">\u2193<\/a><\/td>\n<\/tr>\n<tr>\n<td><\/td>\n<td><a href=\"https:\/\/ingritech.pl\/wp-content\/uploads\/2025\/03\/Srut-staliwny-lamany-ostro-krawedziowy.pdf\" target=\"_blank\" rel=\"noopener\">Produktov\u00fd list \/ Technick\u00fd katalog<\/a><\/td>\n<td><a class=\"download\" href=\"https:\/\/ingritech.pl\/wp-content\/uploads\/2025\/03\/Srut-staliwny-lamany-ostro-krawedziowy.pdf\" target=\"_blank\" rel=\"noopener\">\u2193<\/a><\/td>\n<\/tr>\n<tr>\n<td><\/td>\n<td><a href=\"https:\/\/ingritech.pl\/wp-content\/uploads\/2025\/03\/Certificate-of-Attestation.pdf\" target=\"_blank\" rel=\"noopener\">Osv\u011bd\u010den\u00ed o certifikaci<\/a><\/td>\n<td><a class=\"download\" href=\"https:\/\/ingritech.pl\/wp-content\/uploads\/2025\/03\/Certificate-of-Attestation.pdf\" target=\"_blank\" rel=\"noopener\">\u2193<\/a><\/td>\n<\/tr>\n<tr>\n<td><\/td>\n<td><a href=\"https:\/\/ingritech.pl\/wp-content\/uploads\/2025\/03\/ISO.pdf\" target=\"_blank\" rel=\"noopener\">Certifik\u00e1t ISO 9001:2015<\/a><\/td>\n<td><a class=\"download\" href=\"https:\/\/ingritech.pl\/wp-content\/uploads\/2025\/03\/ISO.pdf\" target=\"_blank\" rel=\"noopener\">\u2193<\/a><\/td>\n<\/tr>\n<tr>\n<td><\/td>\n<td><a href=\"https:\/\/ingritech.pl\/wp-content\/uploads\/2025\/03\/GH-40.pdf\" target=\"_blank\" rel=\"noopener\">Certifik\u00e1t chemick\u00e9 anal\u00fdzy (GH-40)<\/a><\/td>\n<td><a class=\"download\" href=\"https:\/\/ingritech.pl\/wp-content\/uploads\/2025\/03\/GH-40.pdf\" target=\"_blank\" rel=\"noopener\">\u2193<\/a><\/td>\n<\/tr>\n<p><!-- Hn\u011bd\u00fd elektrokorund --><\/p>\n<tr class=\"group-header\">\n<td colspan=\"3\">\u25ef Hn\u011bd\u00fd elektrokorund \u2013 oxid hlinit\u00fd (BFA)<\/td>\n<\/tr>\n<tr>\n<td><\/td>\n<td><a href=\"https:\/\/ingritech.pl\/wp-content\/uploads\/2025\/03\/MATERIAL-SAFETY-DATA-SHEET-PL-Elektrokorund-BRAZOWY-TLENEK-GLINU-BFA.pdf\" target=\"_blank\" rel=\"noopener\">Bezpe\u010dnostn\u00ed list (SDS \/ MSDS)<\/a><\/td>\n<td><a class=\"download\" href=\"https:\/\/ingritech.pl\/wp-content\/uploads\/2025\/03\/MATERIAL-SAFETY-DATA-SHEET-PL-Elektrokorund-BRAZOWY-TLENEK-GLINU-BFA.pdf\" target=\"_blank\" rel=\"noopener\">\u2193<\/a><\/td>\n<\/tr>\n<tr>\n<td><\/td>\n<td><a href=\"https:\/\/ingritech.pl\/wp-content\/uploads\/2025\/03\/Elektrokorund-zwykly-brazowy-BFA.pdf\" target=\"_blank\" rel=\"noopener\">Produktov\u00fd list \/ Technick\u00fd katalog<\/a><\/td>\n<td><a class=\"download\" href=\"https:\/\/ingritech.pl\/wp-content\/uploads\/2025\/03\/Elektrokorund-zwykly-brazowy-BFA.pdf\" target=\"_blank\" rel=\"noopener\">\u2193<\/a><\/td>\n<\/tr>\n<tr>\n<td><\/td>\n<td><a href=\"https:\/\/ingritech.pl\/wp-content\/uploads\/2025\/03\/certificate-of-membership_zaporozhabrsive-2023-1.pdf\" target=\"_blank\" rel=\"noopener\">Osv\u011bd\u010den\u00ed o \u010dlenstv\u00ed v Asociaci v\u00fdrobc\u016f karbidu k\u0159em\u00edku<\/a><\/td>\n<td><a class=\"download\" href=\"https:\/\/ingritech.pl\/wp-content\/uploads\/2025\/03\/certificate-of-membership_zaporozhabrsive-2023-1.pdf\" target=\"_blank\" rel=\"noopener\">\u2193<\/a><\/td>\n<\/tr>\n<tr>\n<td><\/td>\n<td><a href=\"https:\/\/ingritech.pl\/wp-content\/uploads\/2025\/03\/zaporozhabrasiv_c_eng_qm_23_eprint-1.pdf\" target=\"_blank\" rel=\"noopener\">Certifik\u00e1t ISO 9001:2015 (v\u00fdrobce)<\/a><\/td>\n<td><a class=\"download\" href=\"https:\/\/ingritech.pl\/wp-content\/uploads\/2025\/03\/zaporozhabrasiv_c_eng_qm_23_eprint-1.pdf\" target=\"_blank\" rel=\"noopener\">\u2193<\/a><\/td>\n<\/tr>\n<p><!-- FeSi --><\/p>\n<tr class=\"group-header\">\n<td colspan=\"3\">\u25ef FeSi \u2013 ferosilikon<\/td>\n<\/tr>\n<tr>\n<td><\/td>\n<td><a href=\"https:\/\/ingritech.pl\/wp-content\/uploads\/2025\/03\/KARTA-CHARAKTERYSTYKI-SUBSTANCJI-NIEBEZPIECZNEJ-MSDS-FeSi.pdf\" target=\"_blank\" rel=\"noopener\">Bezpe\u010dnostn\u00ed list nebezpe\u010dn\u00e9 l\u00e1tky (SDS \/ MSDS)<\/a><\/td>\n<td><a class=\"download\" href=\"https:\/\/ingritech.pl\/wp-content\/uploads\/2025\/03\/KARTA-CHARAKTERYSTYKI-SUBSTANCJI-NIEBEZPIECZNEJ-MSDS-FeSi.pdf\" target=\"_blank\" rel=\"noopener\">\u2193<\/a><\/td>\n<\/tr>\n<p><!-- \u015acierniwo organiczne --><\/p>\n<tr class=\"group-header\">\n<td colspan=\"3\">\u25ef Organick\u00fd brusn\u00fd materi\u00e1l z sko\u0159\u00e1pek vla\u0161sk\u00fdch o\u0159ech\u016f<\/td>\n<\/tr>\n<tr>\n<td><\/td>\n<td><a href=\"https:\/\/ingritech.pl\/wp-content\/uploads\/2026\/01\/TDS-PL.pdf\" target=\"_blank\" rel=\"noopener\">Technick\u00fd list produktu (TDS)<\/a><\/td>\n<td><a class=\"download\" href=\"https:\/\/ingritech.pl\/wp-content\/uploads\/2026\/01\/TDS-PL.pdf\" target=\"_blank\" rel=\"noopener\">\u2193<\/a><\/td>\n<\/tr>\n<tr>\n<td><\/td>\n<td><a href=\"https:\/\/ingritech.pl\/wp-content\/uploads\/2026\/01\/MSDS-Walnur-shell-PL.pdf\" target=\"_blank\" rel=\"noopener\">Bezpe\u010dnostn\u00ed list (SDS \/ MSDS)<\/a><\/td>\n<td><a class=\"download\" href=\"https:\/\/ingritech.pl\/wp-content\/uploads\/2026\/01\/MSDS-Walnur-shell-PL.pdf\" target=\"_blank\" rel=\"noopener\">\u2193<\/a><\/td>\n<\/tr>\n<\/tbody>\n<\/table>\n<style>\n  .docs-table {<br \/>\n    border-collapse: collapse;<br \/>\n    width: 100%;<br \/>\n    max-width: 780px;<br \/>\n    margin: 2rem auto;<br \/>\n    font-family: system-ui, -apple-system, BlinkMacSystemFont, 'Segoe UI', Roboto, sans-serif;<br \/>\n    background: #0f0f0f;<br \/>\n    color: #e0e0e0;<br \/>\n    border: 1px solid #333;<br \/>\n    border-radius: 8px;<br \/>\n    overflow: hidden;<br \/>\n  }<\/p>\n<p>  .docs-table tr {<br \/>\n    border-bottom: 1px solid #222;<br \/>\n  }<\/p>\n<p>  .docs-table tr:last-child {<br \/>\n    border-bottom: none;<br \/>\n  }<\/p>\n<p>  .group-header td {<br \/>\n    background: linear-gradient(to bottom, #222, #1a1a1a);<br \/>\n    color: #ffffff;<br \/>\n    font-weight: 600;<br \/>\n    padding: 14px 16px;<br \/>\n    font-size: 1.05rem;<br \/>\n    border-bottom: 1px solid #444;<br \/>\n  }<\/p>\n<p>  .docs-table td {<br \/>\n    padding: 12px 16px;<br \/>\n    vertical-align: middle;<br \/>\n  }<\/p>\n<p>  .docs-table a {<br \/>\n    color: #c0c0c0;<br \/>\n    text-decoration: none;<br \/>\n    transition: color 0.15s ease;<br \/>\n  }<\/p>\n<p>  .docs-table a:hover {<br \/>\n    color: #ffffff;<br \/>\n    text-decoration: underline;<br \/>\n  }<\/p>\n<p>  .download {<br \/>\n    display: inline-block;<br \/>\n    width: 28px;<br \/>\n    height: 28px;<br \/>\n    line-height: 28px;<br \/>\n    text-align: center;<br \/>\n    font-size: 1.3rem;<br \/>\n    color: #888;<br \/>\n    text-decoration: none;<br \/>\n    transition: all 0.18s ease;<br \/>\n  }<\/p>\n<p>  .download:hover {<br \/>\n    color: #ddd;<br \/>\n    transform: scale(1.15);<br \/>\n  }<\/p>\n<p>  \/* Responsive *\/<br \/>\n  @media (max-width: 640px) {<br \/>\n    .docs-table {<br \/>\n      font-size: 0.95rem;<br \/>\n    }<br \/>\n    .docs-table td {<br \/>\n      padding: 10px 12px;<br \/>\n    }<br \/>\n    .group-header td {<br \/>\n      padding: 12px 14px;<br \/>\n      font-size: 1rem;<br \/>\n    }<br \/>\n    .download {<br \/>\n      font-size: 1.2rem;<br \/>\n      width: 26px;<br \/>\n      height: 26px;<br \/>\n      line-height: 26px;<br \/>\n    }<br \/>\n  }<br \/>\n<\/style>\n","protected":false},"excerpt":{"rendered":"<p>\u25ef Kulov\u00e1 ocelov\u00e1 dr\u0165 S 110 \u2013 1100 (SAE J444) Bezpe\u010dnostn\u00ed list (SDS \/ MSDS) \u2193 Produktov\u00fd list \/ Technick\u00fd katalog \u2193 Osv\u011bd\u010den\u00ed o certifikaci \/ Attestation Certificate \u2193 Certifik\u00e1t ISO 9001:2015 \u2193 Osv\u011bd\u010den\u00ed o chemick\u00e9 anal\u00fdze (S-460) \u2193 \u25ef L\u00e1man\u00e1 ocelov\u00e1 dr\u0165 (SAE J444) Bezpe\u010dnostn\u00ed list (SDS \/ MSDS) \u2193 Produktov\u00fd list \/ Technick\u00fd [&hellip;]<\/p>\n","protected":false},"author":6,"featured_media":0,"parent":0,"menu_order":0,"comment_status":"closed","ping_status":"closed","template":"","meta":{"footnotes":""},"class_list":["post-12880","page","type-page","status-publish","hentry"],"yoast_head":"<!-- This site is optimized with the Yoast SEO plugin v24.3 - https:\/\/yoast.com\/wordpress\/plugins\/seo\/ -->\n<title>Technick\u00e1 dokumentace a certifik\u00e1ty - INGRITECH<\/title>\n<meta name=\"robots\" content=\"index, follow, max-snippet:-1, max-image-preview:large, max-video-preview:-1\" \/>\n<link rel=\"canonical\" href=\"https:\/\/ingritech.pl\/cs\/technicka-dokumentace-a-certifikaty\/\" \/>\n<meta property=\"og:locale\" content=\"cs_CZ\" \/>\n<meta property=\"og:type\" content=\"article\" \/>\n<meta property=\"og:title\" content=\"Technick\u00e1 dokumentace a certifik\u00e1ty - INGRITECH\" \/>\n<meta property=\"og:description\" content=\"\u25ef Kulov\u00e1 ocelov\u00e1 dr\u0165 S 110 \u2013 1100 (SAE J444) Bezpe\u010dnostn\u00ed list (SDS \/ MSDS) \u2193 Produktov\u00fd list \/ Technick\u00fd katalog \u2193 Osv\u011bd\u010den\u00ed o certifikaci \/ Attestation Certificate \u2193 Certifik\u00e1t ISO 9001:2015 \u2193 Osv\u011bd\u010den\u00ed o chemick\u00e9 anal\u00fdze (S-460) \u2193 \u25ef L\u00e1man\u00e1 ocelov\u00e1 dr\u0165 (SAE J444) Bezpe\u010dnostn\u00ed list (SDS \/ MSDS) \u2193 Produktov\u00fd list \/ Technick\u00fd [&hellip;]\" \/>\n<meta property=\"og:url\" content=\"https:\/\/ingritech.pl\/cs\/technicka-dokumentace-a-certifikaty\/\" \/>\n<meta property=\"og:site_name\" content=\"INGRITECH\" \/>\n<meta property=\"article:modified_time\" content=\"2026-04-20T10:49:57+00:00\" \/>\n<meta property=\"og:image\" content=\"https:\/\/ingritech.pl\/wp-content\/uploads\/2025\/01\/ingretech-logo.webp\" \/>\n\t<meta property=\"og:image:width\" content=\"1280\" \/>\n\t<meta property=\"og:image:height\" content=\"182\" \/>\n\t<meta property=\"og:image:type\" content=\"image\/webp\" \/>\n<meta name=\"twitter:card\" content=\"summary_large_image\" \/>\n<meta name=\"twitter:label1\" content=\"Odhadovan\u00e1 doba \u010dten\u00ed\" \/>\n\t<meta name=\"twitter:data1\" content=\"1 minuta\" \/>\n<script type=\"application\/ld+json\" class=\"yoast-schema-graph\">{\"@context\":\"https:\/\/schema.org\",\"@graph\":[{\"@type\":\"WebPage\",\"@id\":\"https:\/\/ingritech.pl\/cs\/technicka-dokumentace-a-certifikaty\/\",\"url\":\"https:\/\/ingritech.pl\/cs\/technicka-dokumentace-a-certifikaty\/\",\"name\":\"Technick\u00e1 dokumentace a certifik\u00e1ty - INGRITECH\",\"isPartOf\":{\"@id\":\"https:\/\/ingritech.pl\/cs\/#website\"},\"datePublished\":\"2025-02-22T19:06:01+00:00\",\"dateModified\":\"2026-04-20T10:49:57+00:00\",\"breadcrumb\":{\"@id\":\"https:\/\/ingritech.pl\/cs\/technicka-dokumentace-a-certifikaty\/#breadcrumb\"},\"inLanguage\":\"cs\",\"potentialAction\":[{\"@type\":\"ReadAction\",\"target\":[\"https:\/\/ingritech.pl\/cs\/technicka-dokumentace-a-certifikaty\/\"]}]},{\"@type\":\"BreadcrumbList\",\"@id\":\"https:\/\/ingritech.pl\/cs\/technicka-dokumentace-a-certifikaty\/#breadcrumb\",\"itemListElement\":[{\"@type\":\"ListItem\",\"position\":1,\"name\":\"Strona g\u0142\u00f3wna\",\"item\":\"https:\/\/ingritech.pl\/cs\/\"},{\"@type\":\"ListItem\",\"position\":2,\"name\":\"Technick\u00e1 dokumentace a certifik\u00e1ty\"}]},{\"@type\":\"WebSite\",\"@id\":\"https:\/\/ingritech.pl\/cs\/#website\",\"url\":\"https:\/\/ingritech.pl\/cs\/\",\"name\":\"Ingritech\",\"description\":\"SUPPLIES AND RAW MATERIALS FOR INDUSTRY\",\"publisher\":{\"@id\":\"https:\/\/ingritech.pl\/cs\/#organization\"},\"alternateName\":\"Ingritech - SUPPLIES AND RAW MATERIALS FOR INDUSTRY\",\"potentialAction\":[{\"@type\":\"SearchAction\",\"target\":{\"@type\":\"EntryPoint\",\"urlTemplate\":\"https:\/\/ingritech.pl\/cs\/?s={search_term_string}\"},\"query-input\":{\"@type\":\"PropertyValueSpecification\",\"valueRequired\":true,\"valueName\":\"search_term_string\"}}],\"inLanguage\":\"cs\"},{\"@type\":\"Organization\",\"@id\":\"https:\/\/ingritech.pl\/cs\/#organization\",\"name\":\"Ingritech\",\"alternateName\":\"Ingritech - sklep z materia\u0142ami eksploatacyjnymi i surowcami dla przemys\u0142u\",\"url\":\"https:\/\/ingritech.pl\/cs\/\",\"logo\":{\"@type\":\"ImageObject\",\"inLanguage\":\"cs\",\"@id\":\"https:\/\/ingritech.pl\/cs\/#\/schema\/logo\/image\/\",\"url\":\"https:\/\/ingritech.pl\/wp-content\/uploads\/2025\/01\/ingretech-logo.webp\",\"contentUrl\":\"https:\/\/ingritech.pl\/wp-content\/uploads\/2025\/01\/ingretech-logo.webp\",\"width\":1280,\"height\":182,\"caption\":\"Ingritech\"},\"image\":{\"@id\":\"https:\/\/ingritech.pl\/cs\/#\/schema\/logo\/image\/\"},\"sameAs\":[\"https:\/\/wa.me\/+48453077323\"]}]}<\/script>\n<!-- \/ Yoast SEO plugin. -->","yoast_head_json":{"title":"Technick\u00e1 dokumentace a certifik\u00e1ty - INGRITECH","robots":{"index":"index","follow":"follow","max-snippet":"max-snippet:-1","max-image-preview":"max-image-preview:large","max-video-preview":"max-video-preview:-1"},"canonical":"https:\/\/ingritech.pl\/cs\/technicka-dokumentace-a-certifikaty\/","og_locale":"cs_CZ","og_type":"article","og_title":"Technick\u00e1 dokumentace a certifik\u00e1ty - INGRITECH","og_description":"\u25ef Kulov\u00e1 ocelov\u00e1 dr\u0165 S 110 \u2013 1100 (SAE J444) Bezpe\u010dnostn\u00ed list (SDS \/ MSDS) \u2193 Produktov\u00fd list \/ Technick\u00fd katalog \u2193 Osv\u011bd\u010den\u00ed o certifikaci \/ Attestation Certificate \u2193 Certifik\u00e1t ISO 9001:2015 \u2193 Osv\u011bd\u010den\u00ed o chemick\u00e9 anal\u00fdze (S-460) \u2193 \u25ef L\u00e1man\u00e1 ocelov\u00e1 dr\u0165 (SAE J444) Bezpe\u010dnostn\u00ed list (SDS \/ MSDS) \u2193 Produktov\u00fd list \/ Technick\u00fd [&hellip;]","og_url":"https:\/\/ingritech.pl\/cs\/technicka-dokumentace-a-certifikaty\/","og_site_name":"INGRITECH","article_modified_time":"2026-04-20T10:49:57+00:00","og_image":[{"width":1280,"height":182,"url":"https:\/\/ingritech.pl\/wp-content\/uploads\/2025\/01\/ingretech-logo.webp","type":"image\/webp"}],"twitter_card":"summary_large_image","twitter_misc":{"Odhadovan\u00e1 doba \u010dten\u00ed":"1 minuta"},"schema":{"@context":"https:\/\/schema.org","@graph":[{"@type":"WebPage","@id":"https:\/\/ingritech.pl\/cs\/technicka-dokumentace-a-certifikaty\/","url":"https:\/\/ingritech.pl\/cs\/technicka-dokumentace-a-certifikaty\/","name":"Technick\u00e1 dokumentace a certifik\u00e1ty - INGRITECH","isPartOf":{"@id":"https:\/\/ingritech.pl\/cs\/#website"},"datePublished":"2025-02-22T19:06:01+00:00","dateModified":"2026-04-20T10:49:57+00:00","breadcrumb":{"@id":"https:\/\/ingritech.pl\/cs\/technicka-dokumentace-a-certifikaty\/#breadcrumb"},"inLanguage":"cs","potentialAction":[{"@type":"ReadAction","target":["https:\/\/ingritech.pl\/cs\/technicka-dokumentace-a-certifikaty\/"]}]},{"@type":"BreadcrumbList","@id":"https:\/\/ingritech.pl\/cs\/technicka-dokumentace-a-certifikaty\/#breadcrumb","itemListElement":[{"@type":"ListItem","position":1,"name":"Strona g\u0142\u00f3wna","item":"https:\/\/ingritech.pl\/cs\/"},{"@type":"ListItem","position":2,"name":"Technick\u00e1 dokumentace a certifik\u00e1ty"}]},{"@type":"WebSite","@id":"https:\/\/ingritech.pl\/cs\/#website","url":"https:\/\/ingritech.pl\/cs\/","name":"Ingritech","description":"SUPPLIES AND RAW MATERIALS FOR INDUSTRY","publisher":{"@id":"https:\/\/ingritech.pl\/cs\/#organization"},"alternateName":"Ingritech - SUPPLIES AND RAW MATERIALS FOR INDUSTRY","potentialAction":[{"@type":"SearchAction","target":{"@type":"EntryPoint","urlTemplate":"https:\/\/ingritech.pl\/cs\/?s={search_term_string}"},"query-input":{"@type":"PropertyValueSpecification","valueRequired":true,"valueName":"search_term_string"}}],"inLanguage":"cs"},{"@type":"Organization","@id":"https:\/\/ingritech.pl\/cs\/#organization","name":"Ingritech","alternateName":"Ingritech - sklep z materia\u0142ami eksploatacyjnymi i surowcami dla przemys\u0142u","url":"https:\/\/ingritech.pl\/cs\/","logo":{"@type":"ImageObject","inLanguage":"cs","@id":"https:\/\/ingritech.pl\/cs\/#\/schema\/logo\/image\/","url":"https:\/\/ingritech.pl\/wp-content\/uploads\/2025\/01\/ingretech-logo.webp","contentUrl":"https:\/\/ingritech.pl\/wp-content\/uploads\/2025\/01\/ingretech-logo.webp","width":1280,"height":182,"caption":"Ingritech"},"image":{"@id":"https:\/\/ingritech.pl\/cs\/#\/schema\/logo\/image\/"},"sameAs":["https:\/\/wa.me\/+48453077323"]}]}},"_links":{"self":[{"href":"https:\/\/ingritech.pl\/cs\/wp-json\/wp\/v2\/pages\/12880","targetHints":{"allow":["GET"]}}],"collection":[{"href":"https:\/\/ingritech.pl\/cs\/wp-json\/wp\/v2\/pages"}],"about":[{"href":"https:\/\/ingritech.pl\/cs\/wp-json\/wp\/v2\/types\/page"}],"author":[{"embeddable":true,"href":"https:\/\/ingritech.pl\/cs\/wp-json\/wp\/v2\/users\/6"}],"replies":[{"embeddable":true,"href":"https:\/\/ingritech.pl\/cs\/wp-json\/wp\/v2\/comments?post=12880"}],"version-history":[{"count":8,"href":"https:\/\/ingritech.pl\/cs\/wp-json\/wp\/v2\/pages\/12880\/revisions"}],"predecessor-version":[{"id":12909,"href":"https:\/\/ingritech.pl\/cs\/wp-json\/wp\/v2\/pages\/12880\/revisions\/12909"}],"wp:attachment":[{"href":"https:\/\/ingritech.pl\/cs\/wp-json\/wp\/v2\/media?parent=12880"}],"curies":[{"name":"wp","href":"https:\/\/api.w.org\/{rel}","templated":true}]}}