{"id":12910,"date":"2020-11-18T12:01:41","date_gmt":"2020-11-18T11:01:41","guid":{"rendered":"https:\/\/ingritech.pl\/dodani-a-platba\/"},"modified":"2020-11-18T12:01:41","modified_gmt":"2020-11-18T11:01:41","slug":"dodani-a-platba","status":"publish","type":"page","link":"https:\/\/ingritech.pl\/cs\/dodani-a-platba\/","title":{"rendered":"Dod\u00e1n\u00ed a platba"},"content":{"rendered":"<h4><strong>DODAC\u00cd PODM\u00cdNKY<\/strong><\/h4>\n<p>Nab\u00edz\u00edme pohodln\u00e9 a spolehliv\u00e9 dodac\u00ed podm\u00ednky po cel\u00e9 Evrop\u011b, p\u0159i\u010dem\u017e spolupracujeme s prov\u011b\u0159en\u00fdmi logistick\u00fdmi spole\u010dnostmi.<\/p>\n<ul>\n<li><strong>Mezin\u00e1rodn\u00ed dod\u00e1vka<\/strong> \u2013 realizujeme do v\u0161ech zem\u00ed EU.<\/li>\n<li><strong>Dod\u00e1vka p\u0159epravn\u00edmi spole\u010dnostmi<\/strong> \u2013 vyu\u017e\u00edv\u00e1me prov\u011b\u0159en\u00e9 partnery zaji\u0161\u0165uj\u00edc\u00ed rychlou a bezpe\u010dnou silni\u010dn\u00ed, \u017eelezni\u010dn\u00ed a n\u00e1mo\u0159n\u00ed p\u0159epravu.<\/li>\n<li><strong>Osobn\u00ed odb\u011br<\/strong> \u2013 mo\u017en\u00fd po p\u0159edchoz\u00ed domluv\u011b ze skladu: <strong>Stasin 67, 21-030, POLSKO<\/strong>. <\/li>\n<\/ul>\n<p><strong>Doba dod\u00e1n\u00ed<\/strong> z\u00e1vis\u00ed na c\u00edlov\u00e9 zemi a vybran\u00e9m dopravci. Obvykle \u010din\u00ed <strong>1 a\u017e 7 pracovn\u00edch dn\u016f<\/strong>.<\/p>\n<p><strong>N\u00e1klady na dopravu<\/strong> se stanovuj\u00ed podle tarif\u016f dopravce. Podm\u00ednky bezplatn\u00e9 dopravy se sjedn\u00e1vaj\u00ed individu\u00e1ln\u011b.<\/p>\n<h4><strong>ZP\u016eSOBY PLATBY<\/strong><\/h4>\n<p>Nab\u00edz\u00edme n\u011bkolik zp\u016fsob\u016f platby, abychom na\u0161im z\u00e1kazn\u00edk\u016fm zajistili maxim\u00e1ln\u00ed pohodl\u00ed:<\/p>\n<ul>\n<li><strong>Bankovn\u00ed p\u0159evod<\/strong> \u2013 platba na \u00fa\u010det podle vystaven\u00e9 faktury.<\/li>\n<li><strong>Platba na z\u00e1klad\u011b faktury<\/strong> \u2013 pro st\u00e1l\u00e9 z\u00e1kazn\u00edky jsou k dispozici individu\u00e1ln\u00ed platebn\u00ed podm\u00ednky se splatnost\u00ed do 90 dn\u016f.<\/li>\n<li><strong>Jin\u00e9 zp\u016fsoby<\/strong> \u2013 dohodnuty p\u0159i zad\u00e1n\u00ed objedn\u00e1vky.<\/li>\n<\/ul>\n<h4><strong>DAL\u0160\u00cd INFORMACE<\/strong><\/h4>\n<p>St\u00e1l\u00fdm z\u00e1kazn\u00edk\u016fm nab\u00edz\u00edme <strong>flexibiln\u00ed podm\u00ednky spolupr\u00e1ce<\/strong> a <strong>individu\u00e1ln\u00ed obchodn\u00ed nab\u00eddky<\/strong>. V p\u0159\u00edpad\u011b dotaz\u016f ohledn\u011b dod\u00e1vky nebo platby n\u00e1s pros\u00edm kontaktujte.<\/p>\n","protected":false},"excerpt":{"rendered":"<p>DODAC\u00cd PODM\u00cdNKY Nab\u00edz\u00edme pohodln\u00e9 a spolehliv\u00e9 dodac\u00ed podm\u00ednky po cel\u00e9 Evrop\u011b, p\u0159i\u010dem\u017e spolupracujeme s prov\u011b\u0159en\u00fdmi logistick\u00fdmi spole\u010dnostmi. Mezin\u00e1rodn\u00ed dod\u00e1vka \u2013 realizujeme do v\u0161ech zem\u00ed EU. Dod\u00e1vka p\u0159epravn\u00edmi spole\u010dnostmi \u2013 vyu\u017e\u00edv\u00e1me prov\u011b\u0159en\u00e9 partnery zaji\u0161\u0165uj\u00edc\u00ed rychlou a bezpe\u010dnou silni\u010dn\u00ed, \u017eelezni\u010dn\u00ed a n\u00e1mo\u0159n\u00ed p\u0159epravu. Osobn\u00ed odb\u011br \u2013 mo\u017en\u00fd po p\u0159edchoz\u00ed domluv\u011b ze skladu: Stasin 67, 21-030, POLSKO. Doba [&hellip;]<\/p>\n","protected":false},"author":1,"featured_media":0,"parent":0,"menu_order":0,"comment_status":"closed","ping_status":"closed","template":"","meta":{"footnotes":""},"class_list":["post-12910","page","type-page","status-publish","hentry"],"yoast_head":"<!-- This site is optimized with the Yoast SEO plugin v24.3 - https:\/\/yoast.com\/wordpress\/plugins\/seo\/ -->\n<title>Informace o doprav\u011b a platb\u011b p\u0159i zad\u00e1v\u00e1n\u00ed objedn\u00e1vky na str\u00e1nk\u00e1ch Ingritech<\/title>\n<meta name=\"description\" content=\"Ve\u0161ker\u00e9 informace t\u00fdkaj\u00edc\u00ed se dopravy a plateb, kter\u00e9 pot\u0159ebujete p\u0159i zad\u00e1v\u00e1n\u00ed objedn\u00e1vky u spole\u010dnosti Ingritech. Zp\u016fsoby platby a dal\u0161\u00ed informace.\" \/>\n<meta name=\"robots\" content=\"index, follow, max-snippet:-1, max-image-preview:large, max-video-preview:-1\" \/>\n<link rel=\"canonical\" href=\"https:\/\/ingritech.pl\/cs\/dodani-a-platba\/\" \/>\n<meta property=\"og:locale\" content=\"cs_CZ\" \/>\n<meta property=\"og:type\" content=\"article\" \/>\n<meta property=\"og:title\" content=\"Informace o doprav\u011b a platb\u011b p\u0159i zad\u00e1v\u00e1n\u00ed objedn\u00e1vky na str\u00e1nk\u00e1ch Ingritech\" \/>\n<meta property=\"og:description\" content=\"Ve\u0161ker\u00e9 informace t\u00fdkaj\u00edc\u00ed se dopravy a plateb, kter\u00e9 pot\u0159ebujete p\u0159i zad\u00e1v\u00e1n\u00ed objedn\u00e1vky u spole\u010dnosti Ingritech. Zp\u016fsoby platby a dal\u0161\u00ed informace.\" \/>\n<meta property=\"og:url\" content=\"https:\/\/ingritech.pl\/cs\/dodani-a-platba\/\" \/>\n<meta property=\"og:site_name\" content=\"INGRITECH\" \/>\n<meta property=\"og:image\" content=\"https:\/\/ingritech.pl\/wp-content\/uploads\/2025\/01\/ingretech-logo.webp\" \/>\n\t<meta property=\"og:image:width\" content=\"1280\" \/>\n\t<meta property=\"og:image:height\" content=\"182\" \/>\n\t<meta property=\"og:image:type\" content=\"image\/webp\" \/>\n<meta name=\"twitter:card\" content=\"summary_large_image\" \/>\n<meta name=\"twitter:label1\" content=\"Odhadovan\u00e1 doba \u010dten\u00ed\" \/>\n\t<meta name=\"twitter:data1\" content=\"1 minuta\" \/>\n<script type=\"application\/ld+json\" class=\"yoast-schema-graph\">{\"@context\":\"https:\/\/schema.org\",\"@graph\":[{\"@type\":\"WebPage\",\"@id\":\"https:\/\/ingritech.pl\/cs\/dodani-a-platba\/\",\"url\":\"https:\/\/ingritech.pl\/cs\/dodani-a-platba\/\",\"name\":\"Informace o doprav\u011b a platb\u011b p\u0159i zad\u00e1v\u00e1n\u00ed objedn\u00e1vky na str\u00e1nk\u00e1ch Ingritech\",\"isPartOf\":{\"@id\":\"https:\/\/ingritech.pl\/cs\/#website\"},\"datePublished\":\"2020-11-18T11:01:41+00:00\",\"dateModified\":\"2020-11-18T11:01:41+00:00\",\"description\":\"Ve\u0161ker\u00e9 informace t\u00fdkaj\u00edc\u00ed se dopravy a plateb, kter\u00e9 pot\u0159ebujete p\u0159i zad\u00e1v\u00e1n\u00ed objedn\u00e1vky u spole\u010dnosti Ingritech. Zp\u016fsoby platby a dal\u0161\u00ed informace.\",\"breadcrumb\":{\"@id\":\"https:\/\/ingritech.pl\/cs\/dodani-a-platba\/#breadcrumb\"},\"inLanguage\":\"cs\",\"potentialAction\":[{\"@type\":\"ReadAction\",\"target\":[\"https:\/\/ingritech.pl\/cs\/dodani-a-platba\/\"]}]},{\"@type\":\"BreadcrumbList\",\"@id\":\"https:\/\/ingritech.pl\/cs\/dodani-a-platba\/#breadcrumb\",\"itemListElement\":[{\"@type\":\"ListItem\",\"position\":1,\"name\":\"Strona g\u0142\u00f3wna\",\"item\":\"https:\/\/ingritech.pl\/cs\/\"},{\"@type\":\"ListItem\",\"position\":2,\"name\":\"Dod\u00e1n\u00ed a platba\"}]},{\"@type\":\"WebSite\",\"@id\":\"https:\/\/ingritech.pl\/cs\/#website\",\"url\":\"https:\/\/ingritech.pl\/cs\/\",\"name\":\"Ingritech\",\"description\":\"SUPPLIES AND RAW MATERIALS FOR INDUSTRY\",\"publisher\":{\"@id\":\"https:\/\/ingritech.pl\/cs\/#organization\"},\"alternateName\":\"Ingritech - SUPPLIES AND RAW MATERIALS FOR INDUSTRY\",\"potentialAction\":[{\"@type\":\"SearchAction\",\"target\":{\"@type\":\"EntryPoint\",\"urlTemplate\":\"https:\/\/ingritech.pl\/cs\/?s={search_term_string}\"},\"query-input\":{\"@type\":\"PropertyValueSpecification\",\"valueRequired\":true,\"valueName\":\"search_term_string\"}}],\"inLanguage\":\"cs\"},{\"@type\":\"Organization\",\"@id\":\"https:\/\/ingritech.pl\/cs\/#organization\",\"name\":\"Ingritech\",\"alternateName\":\"Ingritech - sklep z materia\u0142ami eksploatacyjnymi i surowcami dla przemys\u0142u\",\"url\":\"https:\/\/ingritech.pl\/cs\/\",\"logo\":{\"@type\":\"ImageObject\",\"inLanguage\":\"cs\",\"@id\":\"https:\/\/ingritech.pl\/cs\/#\/schema\/logo\/image\/\",\"url\":\"https:\/\/ingritech.pl\/wp-content\/uploads\/2025\/01\/ingretech-logo.webp\",\"contentUrl\":\"https:\/\/ingritech.pl\/wp-content\/uploads\/2025\/01\/ingretech-logo.webp\",\"width\":1280,\"height\":182,\"caption\":\"Ingritech\"},\"image\":{\"@id\":\"https:\/\/ingritech.pl\/cs\/#\/schema\/logo\/image\/\"},\"sameAs\":[\"https:\/\/wa.me\/+48453077323\"]}]}<\/script>\n<!-- \/ Yoast SEO plugin. -->","yoast_head_json":{"title":"Informace o doprav\u011b a platb\u011b p\u0159i zad\u00e1v\u00e1n\u00ed objedn\u00e1vky na str\u00e1nk\u00e1ch Ingritech","description":"Ve\u0161ker\u00e9 informace t\u00fdkaj\u00edc\u00ed se dopravy a plateb, kter\u00e9 pot\u0159ebujete p\u0159i zad\u00e1v\u00e1n\u00ed objedn\u00e1vky u spole\u010dnosti Ingritech. Zp\u016fsoby platby a dal\u0161\u00ed informace.","robots":{"index":"index","follow":"follow","max-snippet":"max-snippet:-1","max-image-preview":"max-image-preview:large","max-video-preview":"max-video-preview:-1"},"canonical":"https:\/\/ingritech.pl\/cs\/dodani-a-platba\/","og_locale":"cs_CZ","og_type":"article","og_title":"Informace o doprav\u011b a platb\u011b p\u0159i zad\u00e1v\u00e1n\u00ed objedn\u00e1vky na str\u00e1nk\u00e1ch Ingritech","og_description":"Ve\u0161ker\u00e9 informace t\u00fdkaj\u00edc\u00ed se dopravy a plateb, kter\u00e9 pot\u0159ebujete p\u0159i zad\u00e1v\u00e1n\u00ed objedn\u00e1vky u spole\u010dnosti Ingritech. Zp\u016fsoby platby a dal\u0161\u00ed informace.","og_url":"https:\/\/ingritech.pl\/cs\/dodani-a-platba\/","og_site_name":"INGRITECH","og_image":[{"width":1280,"height":182,"url":"https:\/\/ingritech.pl\/wp-content\/uploads\/2025\/01\/ingretech-logo.webp","type":"image\/webp"}],"twitter_card":"summary_large_image","twitter_misc":{"Odhadovan\u00e1 doba \u010dten\u00ed":"1 minuta"},"schema":{"@context":"https:\/\/schema.org","@graph":[{"@type":"WebPage","@id":"https:\/\/ingritech.pl\/cs\/dodani-a-platba\/","url":"https:\/\/ingritech.pl\/cs\/dodani-a-platba\/","name":"Informace o doprav\u011b a platb\u011b p\u0159i zad\u00e1v\u00e1n\u00ed objedn\u00e1vky na str\u00e1nk\u00e1ch Ingritech","isPartOf":{"@id":"https:\/\/ingritech.pl\/cs\/#website"},"datePublished":"2020-11-18T11:01:41+00:00","dateModified":"2020-11-18T11:01:41+00:00","description":"Ve\u0161ker\u00e9 informace t\u00fdkaj\u00edc\u00ed se dopravy a plateb, kter\u00e9 pot\u0159ebujete p\u0159i zad\u00e1v\u00e1n\u00ed objedn\u00e1vky u spole\u010dnosti Ingritech. Zp\u016fsoby platby a dal\u0161\u00ed informace.","breadcrumb":{"@id":"https:\/\/ingritech.pl\/cs\/dodani-a-platba\/#breadcrumb"},"inLanguage":"cs","potentialAction":[{"@type":"ReadAction","target":["https:\/\/ingritech.pl\/cs\/dodani-a-platba\/"]}]},{"@type":"BreadcrumbList","@id":"https:\/\/ingritech.pl\/cs\/dodani-a-platba\/#breadcrumb","itemListElement":[{"@type":"ListItem","position":1,"name":"Strona g\u0142\u00f3wna","item":"https:\/\/ingritech.pl\/cs\/"},{"@type":"ListItem","position":2,"name":"Dod\u00e1n\u00ed a platba"}]},{"@type":"WebSite","@id":"https:\/\/ingritech.pl\/cs\/#website","url":"https:\/\/ingritech.pl\/cs\/","name":"Ingritech","description":"SUPPLIES AND RAW MATERIALS FOR INDUSTRY","publisher":{"@id":"https:\/\/ingritech.pl\/cs\/#organization"},"alternateName":"Ingritech - SUPPLIES AND RAW MATERIALS FOR INDUSTRY","potentialAction":[{"@type":"SearchAction","target":{"@type":"EntryPoint","urlTemplate":"https:\/\/ingritech.pl\/cs\/?s={search_term_string}"},"query-input":{"@type":"PropertyValueSpecification","valueRequired":true,"valueName":"search_term_string"}}],"inLanguage":"cs"},{"@type":"Organization","@id":"https:\/\/ingritech.pl\/cs\/#organization","name":"Ingritech","alternateName":"Ingritech - sklep z materia\u0142ami eksploatacyjnymi i surowcami dla przemys\u0142u","url":"https:\/\/ingritech.pl\/cs\/","logo":{"@type":"ImageObject","inLanguage":"cs","@id":"https:\/\/ingritech.pl\/cs\/#\/schema\/logo\/image\/","url":"https:\/\/ingritech.pl\/wp-content\/uploads\/2025\/01\/ingretech-logo.webp","contentUrl":"https:\/\/ingritech.pl\/wp-content\/uploads\/2025\/01\/ingretech-logo.webp","width":1280,"height":182,"caption":"Ingritech"},"image":{"@id":"https:\/\/ingritech.pl\/cs\/#\/schema\/logo\/image\/"},"sameAs":["https:\/\/wa.me\/+48453077323"]}]}},"_links":{"self":[{"href":"https:\/\/ingritech.pl\/cs\/wp-json\/wp\/v2\/pages\/12910","targetHints":{"allow":["GET"]}}],"collection":[{"href":"https:\/\/ingritech.pl\/cs\/wp-json\/wp\/v2\/pages"}],"about":[{"href":"https:\/\/ingritech.pl\/cs\/wp-json\/wp\/v2\/types\/page"}],"author":[{"embeddable":true,"href":"https:\/\/ingritech.pl\/cs\/wp-json\/wp\/v2\/users\/1"}],"replies":[{"embeddable":true,"href":"https:\/\/ingritech.pl\/cs\/wp-json\/wp\/v2\/comments?post=12910"}],"version-history":[{"count":0,"href":"https:\/\/ingritech.pl\/cs\/wp-json\/wp\/v2\/pages\/12910\/revisions"}],"wp:attachment":[{"href":"https:\/\/ingritech.pl\/cs\/wp-json\/wp\/v2\/media?parent=12910"}],"curies":[{"name":"wp","href":"https:\/\/api.w.org\/{rel}","templated":true}]}}