{"id":12911,"date":"2019-09-17T07:49:11","date_gmt":"2019-09-17T05:49:11","guid":{"rendered":"https:\/\/ingritech.pl\/faq-ingritech\/"},"modified":"2026-04-20T13:10:08","modified_gmt":"2026-04-20T11:10:08","slug":"faq-ingritech","status":"publish","type":"page","link":"https:\/\/ingritech.pl\/cs\/faq-ingritech\/","title":{"rendered":"FAQ Ingritech"},"content":{"rendered":"<div class=\"wpb-content-wrapper\"><p>[vc_row css=&#8221;.vc_custom_1625818003503{margin-top: 70px !important;margin-bottom: 75px !important;}&#8221;][vc_column width=&#8221;1\/6&#8243;][\/vc_column][vc_column width=&#8221;2\/3&#8243;][vc_custom_heading text=&#8221;FAQ INGRITECH \u2013 ot\u00e1zky a odpov\u011bdi&#8221; font_container=&#8221;tag:h2|font_size:35|text_align:center|color:%23222222|line_height:41px&#8221; use_theme_fonts=&#8221;yes&#8221; css=&#8221;&#8221;][vc_empty_space][vc_tta_accordion shape=&#8221;square&#8221; color=&#8221;black&#8221; active_section=&#8221;1&#8243;][vc_tta_section title=&#8221;Jak se spojit se spole\u010dnost\u00ed Ingritech?&#8221; tab_id=&#8221;1756316813974-f8e3dacc-dd19&#8243; el_class=&#8221;faq-item&#8221;][vc_column_text css=&#8221;&#8221; el_class=&#8221;faq-answer&#8221;]M\u016f\u017eete n\u00e1m zaslat dotaz prost\u0159ednictv\u00edm formul\u00e1\u0159e na webu, napsat e-mail nebo zavolat \u2013 v\u0161echny kontaktn\u00ed \u00fadaje najdete v z\u00e1lo\u017ece <a href=\"https:\/\/ingritech.pl\/kontakt\/\">Kontakt<\/a>[\/vc_column_text][\/vc_tta_section][vc_tta_section title=&#8221;Jak mohu zadat objedn\u00e1vku?&#8221; tab_id=&#8221;section1&#8243; el_class=&#8221;faq-item&#8221;][vc_column_text css=&#8221;&#8221; el_class=&#8221;faq-answer&#8221;]Chcete-li tak u\u010dinit, klikn\u011bte na tla\u010d\u00edtko \u201eObjednat produkt\u201c a vypl\u0148te objedn\u00e1vkov\u00fd formul\u00e1\u0159. Na z\u00e1klad\u011b va\u0161\u00ed objedn\u00e1vky v\u00e1s budeme telefonicky kontaktovat a domluv\u00edme se na podrobnostech (cena, specifikace, term\u00edn dod\u00e1n\u00ed atd.).[\/vc_column_text][\/vc_tta_section][vc_tta_section title=&#8221;M\u00e1m z\u00e1jem o podobn\u00fd produkt, ale ve va\u0161em internetov\u00e9m obchod\u011b nen\u00ed k dispozici.&#8221; tab_id=&#8221;section2&#8243; el_class=&#8221;faq-item&#8221;][vc_column_text css=&#8221;&#8221; el_class=&#8221;faq-answer&#8221;]Na\u0161i nab\u00eddku neust\u00e1le aktualizujeme a zde uveden\u00e9 produkty p\u0159edstavuj\u00ed pouze \u010d\u00e1st na\u0161eho sortimentu. M\u016f\u017eeme v\u00e1m nab\u00eddnout \u0161irokou \u0161k\u00e1lu dal\u0161\u00edch produkt\u016f a slu\u017eeb. Zavolejte n\u00e1m nebo n\u00e1m za\u0161lete e-mail s va\u0161imi po\u017eadavky.[\/vc_column_text][\/vc_tta_section][vc_tta_section title=&#8221;Jak rychle jsou objedn\u00e1vky vy\u0159izov\u00e1ny?&#8221; tab_id=&#8221;1756316754378-005ce25f-a30a&#8221; el_class=&#8221;faq-item&#8221;][vc_column_text css=&#8221;&#8221; el_class=&#8221;faq-answer&#8221;]Standardn\u00ed dodac\u00ed lh\u016fta \u010din\u00ed 2 a\u017e 7 pracovn\u00edch dn\u016f v z\u00e1vislosti na produktu \u2013 v\u011bt\u0161ina brusiv se odes\u00edl\u00e1 do 2\u20133 pracovn\u00edch dn\u016f.[\/vc_column_text][\/vc_tta_section][vc_tta_section title=&#8221;Zaji\u0161\u0165ujete dod\u00e1vky pouze v Polsku, nebo i do zahrani\u010d\u00ed?&#8221; tab_id=&#8221;1756317011991-d027ddb5-c78a&#8221; el_class=&#8221;faq-item&#8221;][vc_column_text css=&#8221;&#8221; el_class=&#8221;faq-answer&#8221;]Dod\u00e1v\u00e1me materi\u00e1ly po cel\u00e9m Polsku a do mnoha zem\u00ed Evropsk\u00e9 unie, mimo jin\u00e9 do \u010cesk\u00e9 republiky, N\u011bmecka a Litvy.[\/vc_column_text][\/vc_tta_section][vc_tta_section title=&#8221;Jak\u00e9 platebn\u00ed podm\u00ednky nab\u00edz\u00edte?&#8221; tab_id=&#8221;1756317206970-788c39a1-4492&#8243; el_class=&#8221;faq-item&#8221;][vc_column_text css=&#8221;&#8221; el_class=&#8221;faq-answer&#8221;]Nab\u00edz\u00edme flexibiln\u00ed zp\u016fsoby platby \u2013 platbu p\u0159edem, platbu p\u0159i p\u0159evzet\u00ed a tak\u00e9 dal\u0161\u00ed mo\u017enosti, kter\u00e9 lze dohodnout individu\u00e1ln\u011b.[\/vc_column_text][\/vc_tta_section][vc_tta_section title=&#8221;Jak se brusiva bal\u00ed a odes\u00edlaj\u00ed?&#8221; tab_id=&#8221;1756317238411-ac525159-9649&#8243; el_class=&#8221;faq-item&#8221;][vc_column_text css=&#8221;&#8221; el_class=&#8221;faq-answer&#8221;]Abraziva se bal\u00ed do polyetylenov\u00fdch pytl\u016f po 25 kg (karton + paleta 1000 kg) nebo do big bag\u016f; p\u0159eprava se prov\u00e1d\u00ed voln\u011b lo\u017een\u00e1 nebo na palet\u00e1ch, nav\u00edc u objedn\u00e1vek od 1 tuny zaji\u0161\u0165ujeme dopravu zdarma.[\/vc_column_text][\/vc_tta_section][vc_tta_section title=&#8221;Jak\u00e9 certifik\u00e1ty a dokumentaci nab\u00edz\u00edte?&#8221; tab_id=&#8221;1756317368670-0153aa0a-30c9&#8243; el_class=&#8221;faq-item&#8221;][vc_column_text css=&#8221;&#8221; el_class=&#8221;faq-answer&#8221;]Zve\u0159ej\u0148ujeme kompletn\u00ed technickou dokumentaci a certifik\u00e1ty kvality k na\u0161im v\u00fdrobk\u016fm. V\u0161echny aktu\u00e1ln\u00ed materi\u00e1ly si m\u016f\u017eete st\u00e1hnout p\u0159\u00edmo z sekce <a class=\"decorated-link\" href=\"https:\/\/ingritech.pl\/cs\/technicka-dokumentace-a-certifikaty\/\" target=\"_new\" rel=\"noopener\" data-start=\u201e253\u201c data-end=\u201e303\u201c>Certifik\u00e1ty<\/a> na na\u0161ich webov\u00fdch str\u00e1nk\u00e1ch.[\/vc_column_text][\/vc_tta_section][vc_tta_section title=&#8221;V jak\u00fdch odv\u011btv\u00edch se produkty Ingritech pou\u017e\u00edvaj\u00ed?&#8221; tab_id=&#8221;1756317569821-9a011de1-f0d4&#8243; el_class=&#8221;faq-item&#8221;][vc_column_text css=&#8221;&#8221; el_class=&#8221;faq-answer&#8221;]Jsou ide\u00e1ln\u00ed k \u010di\u0161t\u011bn\u00ed povrch\u016f p\u0159ed lakov\u00e1n\u00edm, nan\u00e1\u0161en\u00edm n\u00e1t\u011br\u016f, galvanizac\u00ed, ale tak\u00e9 k opracov\u00e1n\u00ed betonu, renovaci konstrukc\u00ed, \u00faprav\u011b odl\u00e9vac\u00edch forem a p\u0159\u00edprav\u011b povrch\u016f pro nan\u00e1\u0161en\u00ed ochrann\u00fdch n\u00e1t\u011br\u016f.[\/vc_column_text][\/vc_tta_section][vc_tta_section title=&#8221;Jak\u00e9 produkty nab\u00edz\u00ed spole\u010dnost Ingritech krom\u011b ocelov\u00e9 drti?&#8221; tab_id=&#8221;1756317664311-43aa0d70-5833&#8243; el_class=&#8221;faq-item&#8221;][vc_column_text css=&#8221;&#8221; el_class=&#8221;faq-answer&#8221;]Krom\u011b ocelov\u00e9ho broku nab\u00edz\u00edme tak\u00e9 miner\u00e1ln\u00ed brusiva, ne\u017eelezn\u00e9 kovy, pr\u00e1\u0161kov\u00e9 barvy a tak\u00e9 \u0161irok\u00fd v\u00fdb\u011br materi\u00e1l\u016f a p\u0159\u00edslu\u0161enstv\u00ed pro pr\u016fmysl. Kompletn\u00ed sortiment si v\u0161ak m\u016f\u017eete prohl\u00e9dnout v <a class=\"decorated-link\" href=\"https:\/\/ingritech.pl\/katalog\/\" target=\"_new\" rel=\"noopener\" data-start=\u201e603\u201c data-end=\u201e651\u201c>online katalogu<\/a>[\/vc_column_text][\/vc_tta_section][\/vc_tta_accordion][vc_separator css=&#8221;&#8221;][\/vc_column][vc_column width=&#8221;1\/6&#8243;][\/vc_column][\/vc_row]<\/p>\n<\/div>","protected":false},"excerpt":{"rendered":"<p>[vc_row css=&#8221;.vc_custom_1625818003503{margin-top: 70px !important;margin-bottom: 75px !important;}&#8221;][vc_column width=&#8221;1\/6&#8243;][\/vc_column][vc_column width=&#8221;2\/3&#8243;][vc_custom_heading text=&#8221;FAQ INGRITECH \u2013 ot\u00e1zky a odpov\u011bdi&#8221; font_container=&#8221;tag:h2|font_size:35|text_align:center|color:%23222222|line_height:41px&#8221; use_theme_fonts=&#8221;yes&#8221; css=&#8221;&#8221;][vc_empty_space][vc_tta_accordion shape=&#8221;square&#8221; color=&#8221;black&#8221; active_section=&#8221;1&#8243;][vc_tta_section title=&#8221;Jak se spojit se spole\u010dnost\u00ed Ingritech?&#8221; tab_id=&#8221;1756316813974-f8e3dacc-dd19&#8243; el_class=&#8221;faq-item&#8221;][vc_column_text css=&#8221;&#8221; el_class=&#8221;faq-answer&#8221;]M\u016f\u017eete n\u00e1m zaslat dotaz prost\u0159ednictv\u00edm formul\u00e1\u0159e na webu, napsat e-mail nebo zavolat \u2013 v\u0161echny kontaktn\u00ed \u00fadaje najdete v z\u00e1lo\u017ece Kontakt[\/vc_column_text][\/vc_tta_section][vc_tta_section title=&#8221;Jak mohu zadat objedn\u00e1vku?&#8221; tab_id=&#8221;section1&#8243; el_class=&#8221;faq-item&#8221;][vc_column_text [&hellip;]<\/p>\n","protected":false},"author":1,"featured_media":12400,"parent":0,"menu_order":0,"comment_status":"closed","ping_status":"closed","template":"","meta":{"footnotes":""},"class_list":["post-12911","page","type-page","status-publish","has-post-thumbnail","hentry"],"yoast_head":"<!-- This site is optimized with the Yoast SEO plugin v24.3 - https:\/\/yoast.com\/wordpress\/plugins\/seo\/ -->\n<title>FAQ INGRITECH \u010casto kladen\u00e9 ot\u00e1zky<\/title>\n<meta name=\"description\" content=\"\u010casto kladen\u00e9 ot\u00e1zky. FAQ INGRITECH. Jak rychle jsou objedn\u00e1vky vy\u0159izov\u00e1ny? Jak jsou brusiva Ingritech balena a odes\u00edl\u00e1na?\" \/>\n<meta name=\"robots\" content=\"index, follow, max-snippet:-1, max-image-preview:large, max-video-preview:-1\" \/>\n<link rel=\"canonical\" href=\"https:\/\/ingritech.pl\/cs\/faq-ingritech\/\" \/>\n<meta property=\"og:locale\" content=\"cs_CZ\" \/>\n<meta property=\"og:type\" content=\"article\" \/>\n<meta property=\"og:title\" content=\"FAQ INGRITECH \u010casto kladen\u00e9 ot\u00e1zky\" \/>\n<meta property=\"og:description\" content=\"\u010casto kladen\u00e9 ot\u00e1zky. FAQ INGRITECH. Jak rychle jsou objedn\u00e1vky vy\u0159izov\u00e1ny? Jak jsou brusiva Ingritech balena a odes\u00edl\u00e1na?\" \/>\n<meta property=\"og:url\" content=\"https:\/\/ingritech.pl\/cs\/faq-ingritech\/\" \/>\n<meta property=\"og:site_name\" content=\"INGRITECH\" \/>\n<meta property=\"article:modified_time\" content=\"2026-04-20T11:10:08+00:00\" \/>\n<meta property=\"og:image\" content=\"https:\/\/ingritech.pl\/wp-content\/uploads\/2025\/07\/logo-ingritech.jpg\" \/>\n\t<meta property=\"og:image:width\" content=\"1024\" \/>\n\t<meta property=\"og:image:height\" content=\"1024\" \/>\n\t<meta property=\"og:image:type\" content=\"image\/jpeg\" \/>\n<meta name=\"twitter:card\" content=\"summary_large_image\" \/>\n<meta name=\"twitter:label1\" content=\"Odhadovan\u00e1 doba \u010dten\u00ed\" \/>\n\t<meta name=\"twitter:data1\" content=\"3 minuty\" \/>\n<script type=\"application\/ld+json\" class=\"yoast-schema-graph\">{\"@context\":\"https:\/\/schema.org\",\"@graph\":[{\"@type\":\"WebPage\",\"@id\":\"https:\/\/ingritech.pl\/cs\/faq-ingritech\/\",\"url\":\"https:\/\/ingritech.pl\/cs\/faq-ingritech\/\",\"name\":\"FAQ INGRITECH \u010casto kladen\u00e9 ot\u00e1zky\",\"isPartOf\":{\"@id\":\"https:\/\/ingritech.pl\/cs\/#website\"},\"primaryImageOfPage\":{\"@id\":\"https:\/\/ingritech.pl\/cs\/faq-ingritech\/#primaryimage\"},\"image\":{\"@id\":\"https:\/\/ingritech.pl\/cs\/faq-ingritech\/#primaryimage\"},\"thumbnailUrl\":\"https:\/\/ingritech.pl\/wp-content\/uploads\/2025\/07\/logo-ingritech.jpg\",\"datePublished\":\"2019-09-17T05:49:11+00:00\",\"dateModified\":\"2026-04-20T11:10:08+00:00\",\"description\":\"\u010casto kladen\u00e9 ot\u00e1zky. FAQ INGRITECH. Jak rychle jsou objedn\u00e1vky vy\u0159izov\u00e1ny? Jak jsou brusiva Ingritech balena a odes\u00edl\u00e1na?\",\"breadcrumb\":{\"@id\":\"https:\/\/ingritech.pl\/cs\/faq-ingritech\/#breadcrumb\"},\"inLanguage\":\"cs\",\"potentialAction\":[{\"@type\":\"ReadAction\",\"target\":[\"https:\/\/ingritech.pl\/cs\/faq-ingritech\/\"]}]},{\"@type\":\"ImageObject\",\"inLanguage\":\"cs\",\"@id\":\"https:\/\/ingritech.pl\/cs\/faq-ingritech\/#primaryimage\",\"url\":\"https:\/\/ingritech.pl\/wp-content\/uploads\/2025\/07\/logo-ingritech.jpg\",\"contentUrl\":\"https:\/\/ingritech.pl\/wp-content\/uploads\/2025\/07\/logo-ingritech.jpg\",\"width\":1024,\"height\":1024,\"caption\":\"Oficjalne logo firmy Ingritech, specjalizuj\u0105cej si\u0119 w dostawach materia\u0142\u00f3w i surowc\u00f3w dla przemys\u0142u.\"},{\"@type\":\"BreadcrumbList\",\"@id\":\"https:\/\/ingritech.pl\/cs\/faq-ingritech\/#breadcrumb\",\"itemListElement\":[{\"@type\":\"ListItem\",\"position\":1,\"name\":\"Strona g\u0142\u00f3wna\",\"item\":\"https:\/\/ingritech.pl\/cs\/\"},{\"@type\":\"ListItem\",\"position\":2,\"name\":\"FAQ Ingritech\"}]},{\"@type\":\"WebSite\",\"@id\":\"https:\/\/ingritech.pl\/cs\/#website\",\"url\":\"https:\/\/ingritech.pl\/cs\/\",\"name\":\"Ingritech\",\"description\":\"SUPPLIES AND RAW MATERIALS FOR INDUSTRY\",\"publisher\":{\"@id\":\"https:\/\/ingritech.pl\/cs\/#organization\"},\"alternateName\":\"Ingritech - SUPPLIES AND RAW MATERIALS FOR INDUSTRY\",\"potentialAction\":[{\"@type\":\"SearchAction\",\"target\":{\"@type\":\"EntryPoint\",\"urlTemplate\":\"https:\/\/ingritech.pl\/cs\/?s={search_term_string}\"},\"query-input\":{\"@type\":\"PropertyValueSpecification\",\"valueRequired\":true,\"valueName\":\"search_term_string\"}}],\"inLanguage\":\"cs\"},{\"@type\":\"Organization\",\"@id\":\"https:\/\/ingritech.pl\/cs\/#organization\",\"name\":\"Ingritech\",\"alternateName\":\"Ingritech - sklep z materia\u0142ami eksploatacyjnymi i surowcami dla przemys\u0142u\",\"url\":\"https:\/\/ingritech.pl\/cs\/\",\"logo\":{\"@type\":\"ImageObject\",\"inLanguage\":\"cs\",\"@id\":\"https:\/\/ingritech.pl\/cs\/#\/schema\/logo\/image\/\",\"url\":\"https:\/\/ingritech.pl\/wp-content\/uploads\/2025\/01\/ingretech-logo.webp\",\"contentUrl\":\"https:\/\/ingritech.pl\/wp-content\/uploads\/2025\/01\/ingretech-logo.webp\",\"width\":1280,\"height\":182,\"caption\":\"Ingritech\"},\"image\":{\"@id\":\"https:\/\/ingritech.pl\/cs\/#\/schema\/logo\/image\/\"},\"sameAs\":[\"https:\/\/wa.me\/+48453077323\"]}]}<\/script>\n<!-- \/ Yoast SEO plugin. -->","yoast_head_json":{"title":"FAQ INGRITECH \u010casto kladen\u00e9 ot\u00e1zky","description":"\u010casto kladen\u00e9 ot\u00e1zky. FAQ INGRITECH. Jak rychle jsou objedn\u00e1vky vy\u0159izov\u00e1ny? Jak jsou brusiva Ingritech balena a odes\u00edl\u00e1na?","robots":{"index":"index","follow":"follow","max-snippet":"max-snippet:-1","max-image-preview":"max-image-preview:large","max-video-preview":"max-video-preview:-1"},"canonical":"https:\/\/ingritech.pl\/cs\/faq-ingritech\/","og_locale":"cs_CZ","og_type":"article","og_title":"FAQ INGRITECH \u010casto kladen\u00e9 ot\u00e1zky","og_description":"\u010casto kladen\u00e9 ot\u00e1zky. FAQ INGRITECH. Jak rychle jsou objedn\u00e1vky vy\u0159izov\u00e1ny? Jak jsou brusiva Ingritech balena a odes\u00edl\u00e1na?","og_url":"https:\/\/ingritech.pl\/cs\/faq-ingritech\/","og_site_name":"INGRITECH","article_modified_time":"2026-04-20T11:10:08+00:00","og_image":[{"width":1024,"height":1024,"url":"https:\/\/ingritech.pl\/wp-content\/uploads\/2025\/07\/logo-ingritech.jpg","type":"image\/jpeg"}],"twitter_card":"summary_large_image","twitter_misc":{"Odhadovan\u00e1 doba \u010dten\u00ed":"3 minuty"},"schema":{"@context":"https:\/\/schema.org","@graph":[{"@type":"WebPage","@id":"https:\/\/ingritech.pl\/cs\/faq-ingritech\/","url":"https:\/\/ingritech.pl\/cs\/faq-ingritech\/","name":"FAQ INGRITECH \u010casto kladen\u00e9 ot\u00e1zky","isPartOf":{"@id":"https:\/\/ingritech.pl\/cs\/#website"},"primaryImageOfPage":{"@id":"https:\/\/ingritech.pl\/cs\/faq-ingritech\/#primaryimage"},"image":{"@id":"https:\/\/ingritech.pl\/cs\/faq-ingritech\/#primaryimage"},"thumbnailUrl":"https:\/\/ingritech.pl\/wp-content\/uploads\/2025\/07\/logo-ingritech.jpg","datePublished":"2019-09-17T05:49:11+00:00","dateModified":"2026-04-20T11:10:08+00:00","description":"\u010casto kladen\u00e9 ot\u00e1zky. FAQ INGRITECH. Jak rychle jsou objedn\u00e1vky vy\u0159izov\u00e1ny? Jak jsou brusiva Ingritech balena a odes\u00edl\u00e1na?","breadcrumb":{"@id":"https:\/\/ingritech.pl\/cs\/faq-ingritech\/#breadcrumb"},"inLanguage":"cs","potentialAction":[{"@type":"ReadAction","target":["https:\/\/ingritech.pl\/cs\/faq-ingritech\/"]}]},{"@type":"ImageObject","inLanguage":"cs","@id":"https:\/\/ingritech.pl\/cs\/faq-ingritech\/#primaryimage","url":"https:\/\/ingritech.pl\/wp-content\/uploads\/2025\/07\/logo-ingritech.jpg","contentUrl":"https:\/\/ingritech.pl\/wp-content\/uploads\/2025\/07\/logo-ingritech.jpg","width":1024,"height":1024,"caption":"Oficjalne logo firmy Ingritech, specjalizuj\u0105cej si\u0119 w dostawach materia\u0142\u00f3w i surowc\u00f3w dla przemys\u0142u."},{"@type":"BreadcrumbList","@id":"https:\/\/ingritech.pl\/cs\/faq-ingritech\/#breadcrumb","itemListElement":[{"@type":"ListItem","position":1,"name":"Strona g\u0142\u00f3wna","item":"https:\/\/ingritech.pl\/cs\/"},{"@type":"ListItem","position":2,"name":"FAQ Ingritech"}]},{"@type":"WebSite","@id":"https:\/\/ingritech.pl\/cs\/#website","url":"https:\/\/ingritech.pl\/cs\/","name":"Ingritech","description":"SUPPLIES AND RAW MATERIALS FOR INDUSTRY","publisher":{"@id":"https:\/\/ingritech.pl\/cs\/#organization"},"alternateName":"Ingritech - SUPPLIES AND RAW MATERIALS FOR INDUSTRY","potentialAction":[{"@type":"SearchAction","target":{"@type":"EntryPoint","urlTemplate":"https:\/\/ingritech.pl\/cs\/?s={search_term_string}"},"query-input":{"@type":"PropertyValueSpecification","valueRequired":true,"valueName":"search_term_string"}}],"inLanguage":"cs"},{"@type":"Organization","@id":"https:\/\/ingritech.pl\/cs\/#organization","name":"Ingritech","alternateName":"Ingritech - sklep z materia\u0142ami eksploatacyjnymi i surowcami dla przemys\u0142u","url":"https:\/\/ingritech.pl\/cs\/","logo":{"@type":"ImageObject","inLanguage":"cs","@id":"https:\/\/ingritech.pl\/cs\/#\/schema\/logo\/image\/","url":"https:\/\/ingritech.pl\/wp-content\/uploads\/2025\/01\/ingretech-logo.webp","contentUrl":"https:\/\/ingritech.pl\/wp-content\/uploads\/2025\/01\/ingretech-logo.webp","width":1280,"height":182,"caption":"Ingritech"},"image":{"@id":"https:\/\/ingritech.pl\/cs\/#\/schema\/logo\/image\/"},"sameAs":["https:\/\/wa.me\/+48453077323"]}]}},"_links":{"self":[{"href":"https:\/\/ingritech.pl\/cs\/wp-json\/wp\/v2\/pages\/12911","targetHints":{"allow":["GET"]}}],"collection":[{"href":"https:\/\/ingritech.pl\/cs\/wp-json\/wp\/v2\/pages"}],"about":[{"href":"https:\/\/ingritech.pl\/cs\/wp-json\/wp\/v2\/types\/page"}],"author":[{"embeddable":true,"href":"https:\/\/ingritech.pl\/cs\/wp-json\/wp\/v2\/users\/1"}],"replies":[{"embeddable":true,"href":"https:\/\/ingritech.pl\/cs\/wp-json\/wp\/v2\/comments?post=12911"}],"version-history":[{"count":4,"href":"https:\/\/ingritech.pl\/cs\/wp-json\/wp\/v2\/pages\/12911\/revisions"}],"predecessor-version":[{"id":12919,"href":"https:\/\/ingritech.pl\/cs\/wp-json\/wp\/v2\/pages\/12911\/revisions\/12919"}],"wp:featuredmedia":[{"embeddable":true,"href":"https:\/\/ingritech.pl\/cs\/wp-json\/wp\/v2\/media\/12400"}],"wp:attachment":[{"href":"https:\/\/ingritech.pl\/cs\/wp-json\/wp\/v2\/media?parent=12911"}],"curies":[{"name":"wp","href":"https:\/\/api.w.org\/{rel}","templated":true}]}}