{"id":12921,"date":"2015-05-12T11:23:31","date_gmt":"2015-05-12T09:23:31","guid":{"rendered":"https:\/\/ingritech.pl\/kontakt\/"},"modified":"2026-04-20T13:18:54","modified_gmt":"2026-04-20T11:18:54","slug":"kontakt","status":"publish","type":"page","link":"https:\/\/ingritech.pl\/cs\/kontakt\/","title":{"rendered":"Kontakt"},"content":{"rendered":"<div class=\"wpb-content-wrapper\"><p>[vc_row full_width=&#8221;stretch_row&#8221; css=&#8221;.vc_custom_1737617436219{margin-bottom: 0px !important;background-image: url(https:\/\/ingritech.pl\/wp-content\/uploads\/2025\/01\/Lublin-dark-map.webp?id=9094) !important;}&#8221; el_class=&#8221;bg-contact&#8221;][vc_column][vc_empty_space height=&#8221;455px&#8221;][\/vc_column][\/vc_row][vc_row full_width=&#8221;stretch_row&#8221; css_animation=&#8221;none&#8221; css=&#8221;.vc_custom_1737658307624{margin-right: 5px !important;margin-bottom: 0px !important;padding-top: 0px !important;padding-bottom: 80px !important;}&#8221; el_class=&#8221;contact-sectup&#8221;][vc_column width=&#8221;3\/5&#8243; css=&#8221;.vc_custom_1737616666288{background-color: #ffffff !important;}&#8221; el_class=&#8221;box-shadow-column&#8221;][vc_column_text css=&#8221;&#8221;]<\/p>\n<h1 style=\"font-weight: 500;\">Kontaktujte n\u00e1s<\/h1>\n<p>[\/vc_column_text][vc_empty_space height=&#8221;45px&#8221;][vc_column_text css=&#8221;.vc_custom_1739135512711{margin-left: -15px !important;}&#8221;]\n<div class=\"wpcf7 no-js\" id=\"wpcf7-f12845-o1\" lang=\"cs-CZ\" dir=\"ltr\" data-wpcf7-id=\"12845\">\n<div class=\"screen-reader-response\"><p role=\"status\" aria-live=\"polite\" aria-atomic=\"true\"><\/p> <ul><\/ul><\/div>\n<form action=\"\/cs\/wp-json\/wp\/v2\/pages\/12921#wpcf7-f12845-o1\" method=\"post\" class=\"wpcf7-form init\" aria-label=\"Kontaktn\u00ed formul\u00e1\u0159\" novalidate=\"novalidate\" data-status=\"init\">\n<div style=\"display: none;\">\n<input type=\"hidden\" name=\"_wpcf7\" value=\"12845\" \/>\n<input type=\"hidden\" name=\"_wpcf7_version\" value=\"6.0.3\" \/>\n<input type=\"hidden\" name=\"_wpcf7_locale\" value=\"cs_CZ\" \/>\n<input type=\"hidden\" name=\"_wpcf7_unit_tag\" value=\"wpcf7-f12845-o1\" \/>\n<input type=\"hidden\" name=\"_wpcf7_container_post\" value=\"0\" \/>\n<input type=\"hidden\" name=\"_wpcf7_posted_data_hash\" value=\"\" \/>\n<\/div>\n<div class=\"row\">\n\t<div class=\"col-md-6 form-group\">\n\t\t<p><span class=\"wpcf7-form-control-wrap\" data-name=\"text-name\"><input size=\"40\" maxlength=\"400\" class=\"wpcf7-form-control wpcf7-text form-control\" id=\"text-name\" aria-invalid=\"false\" placeholder=\"Jm\u00e9no \/ Firma\" value=\"\" type=\"text\" name=\"text-name\" \/><\/span>\n\t\t<\/p>\n\t<\/div>\n\t<div class=\"col-md-6 form-group\">\n\t\t<p><span class=\"wpcf7-form-control-wrap\" data-name=\"email\"><input size=\"40\" maxlength=\"400\" class=\"wpcf7-form-control wpcf7-email wpcf7-validates-as-required wpcf7-text wpcf7-validates-as-email form-control\" id=\"email\" aria-required=\"true\" aria-invalid=\"false\" placeholder=\"E-mail*\" value=\"\" type=\"email\" name=\"email\" \/><\/span>\n\t\t<\/p>\n\t<\/div>\n\t<div class=\"col-md-6 form-group\">\n\t\t<p><span class=\"wpcf7-form-control-wrap\" data-name=\"text-tel\"><input size=\"40\" maxlength=\"400\" class=\"wpcf7-form-control wpcf7-tel wpcf7-validates-as-required wpcf7-text wpcf7-validates-as-tel form-control\" id=\"text-tel\" aria-required=\"true\" aria-invalid=\"false\" placeholder=\"Telefon*\" value=\"\" type=\"tel\" name=\"text-tel\" \/><\/span>\n\t\t<\/p>\n\t<\/div>\n\t<div class=\"col-md-6 form-group\">\n\t\t<p><span class=\"wpcf7-form-control-wrap\" data-name=\"text-miasto\"><input size=\"40\" maxlength=\"400\" class=\"wpcf7-form-control wpcf7-text form-control\" id=\"text-miasto\" aria-invalid=\"false\" placeholder=\"M\u011bsto\" value=\"\" type=\"text\" name=\"text-miasto\" \/><\/span>\n\t\t<\/p>\n\t<\/div>\n\t<div class=\"col-md-12 form-group\">\n\t\t<p><span class=\"wpcf7-form-control-wrap\" data-name=\"text-ilosc\"><input size=\"40\" maxlength=\"400\" class=\"wpcf7-form-control wpcf7-text form-control\" id=\"text-ilosc\" aria-invalid=\"false\" placeholder=\"Po\u017eadovan\u00e9 mno\u017estv\u00ed\" value=\"\" type=\"text\" name=\"text-ilosc\" \/><\/span>\n\t\t<\/p>\n\t<\/div>\n\t<div class=\"col-md-12 form-group\">\n\t\t<p><span class=\"wpcf7-form-control-wrap\" data-name=\"your-message\"><textarea cols=\"40\" rows=\"4\" maxlength=\"2000\" class=\"wpcf7-form-control wpcf7-textarea form-control\" id=\"your-message\" aria-invalid=\"false\" placeholder=\"Va\u0161e zpr\u00e1va\" name=\"your-message\"><\/textarea><\/span><br \/>\n<span class=\"wpcf7-form-control-wrap\" data-name=\"acceptance-424\"><span class=\"wpcf7-form-control wpcf7-acceptance\"><span class=\"wpcf7-list-item\"><label><input type=\"checkbox\" name=\"acceptance-424\" value=\"1\" aria-invalid=\"false\" \/><span class=\"wpcf7-list-item-label\">Souhlas\u00edm s <a href=\"https:\/\/ingritech.pl\/polityka-prywatnosci\/\">Z\u00e1sadami ochrany osobn\u00edch \u00fadaj\u016f<\/a><\/span><\/label><\/span><\/span><\/span>\n\t\t<\/p>\n\t<\/div>\n\t<div class=\"col-md-12 form-group\">\n\t\t<p><input class=\"wpcf7-form-control wpcf7-submit has-spinner btn btn-primary\" type=\"submit\" value=\"POSLAT ZPR\u00c1VU\" \/>\n\t\t<\/p>\n\t<\/div>\n<\/div><div class=\"wpcf7-response-output\" aria-hidden=\"true\"><\/div>\n<\/form>\n<\/div>\n[\/vc_column_text][\/vc_column][vc_column width=&#8221;2\/5&#8243; css=&#8221;.vc_custom_1739142359096{padding-top: 50px !important;padding-bottom: 53px !important;padding-left: 53px !important;background-color: #FFFFFF !important;}&#8221; el_class=&#8221;social-blue&#8221;]<div class=\"glyph\">\n                      <i style=\"font-size:55px; color:#000000\" class=\"glyph-icon flaticon-email\"><\/i>\n                <\/div>[vc_column_text css=&#8221;.vc_custom_1737616731913{margin-top: -15px !important;}&#8221;]<\/p>\n<h3 style=\"font-weight: 600;\">Email<\/h3>\n<p>[\/vc_column_text][vc_column_text css=&#8221;.vc_custom_1737651975934{margin-top: 5px !important;}&#8221;]<\/p>\n<p style=\"color: #fff;\"><span style=\"color: #333333;\"><strong><a style=\"color: #333333;\" href=\"mailto:sales@ingritech.pl\">sales@ingritech.pl<\/a><\/strong><\/span><\/p>\n<p>[\/vc_column_text][vc_empty_space height=&#8221;45px&#8221;]<div class=\"glyph\">\n                      <i style=\"font-size:55px; color:#000000\" class=\"glyph-icon flaticon-call\"><\/i>\n                <\/div>[vc_column_text css=&#8221;.vc_custom_1737616902997{margin-top: -15px !important;}&#8221;]<\/p>\n<h3 style=\"font-weight: 600;\">Telefon<\/h3>\n<p>[\/vc_column_text][vc_column_text css=&#8221;.vc_custom_1772875708719{margin-top: 5px !important;}&#8221;]<\/p>\n<p style=\"color: #fff;\"><strong><span style=\"color: #333333;\">Prodejn\u00ed odd\u011blen\u00ed: <a style=\"color: #333333;\" href=\"tel:+48735647231\">+48 735 647 231<\/a><\/span><\/strong><\/p>\n<p>[\/vc_column_text][vc_empty_space height=&#8221;45px&#8221;]<div class=\"glyph\">\n                      <i style=\"font-size:55px; color:#000000\" class=\"glyph-icon flaticon-location\"><\/i>\n                <\/div>[vc_column_text css=&#8221;.vc_custom_1737616873110{margin-top: -15px !important;}&#8221;]<\/p>\n<h3>Adresa<\/h3>\n<p>[\/vc_column_text][vc_column_text css=&#8221;.vc_custom_1737616998764{margin-top: 5px !important;}&#8221;]<\/p>\n<p style=\"color: #fff;\"><strong><span style=\"color: #333333;\">ul. Wy\u017cynna 37\/1, 20-560 Lublin<\/span><\/strong><\/p>\n<p>[\/vc_column_text][\/vc_column][\/vc_row]<\/p>\n<\/div>","protected":false},"excerpt":{"rendered":"<p>[vc_row full_width=&#8221;stretch_row&#8221; css=&#8221;.vc_custom_1737617436219{margin-bottom: 0px !important;background-image: url(https:\/\/ingritech.pl\/wp-content\/uploads\/2025\/01\/Lublin-dark-map.webp?id=9094) !important;}&#8221; el_class=&#8221;bg-contact&#8221;][vc_column][vc_empty_space height=&#8221;455px&#8221;][\/vc_column][\/vc_row][vc_row full_width=&#8221;stretch_row&#8221; css_animation=&#8221;none&#8221; css=&#8221;.vc_custom_1737658307624{margin-right: 5px !important;margin-bottom: 0px !important;padding-top: 0px !important;padding-bottom: 80px !important;}&#8221; el_class=&#8221;contact-sectup&#8221;][vc_column width=&#8221;3\/5&#8243; css=&#8221;.vc_custom_1737616666288{background-color: #ffffff !important;}&#8221; el_class=&#8221;box-shadow-column&#8221;][vc_column_text css=&#8221;&#8221;] Kontaktujte n\u00e1s [\/vc_column_text][vc_empty_space height=&#8221;45px&#8221;][vc_column_text css=&#8221;.vc_custom_1739135512711{margin-left: -15px !important;}&#8221;][\/vc_column_text][\/vc_column][vc_column width=&#8221;2\/5&#8243; css=&#8221;.vc_custom_1739142359096{padding-top: 50px !important;padding-bottom: 53px !important;padding-left: 53px !important;background-color: #FFFFFF !important;}&#8221; el_class=&#8221;social-blue&#8221;][vc_column_text css=&#8221;.vc_custom_1737616731913{margin-top: -15px !important;}&#8221;] Email [\/vc_column_text][vc_column_text css=&#8221;.vc_custom_1737651975934{margin-top: 5px !important;}&#8221;] sales@ingritech.pl [\/vc_column_text][vc_empty_space [&hellip;]<\/p>\n","protected":false},"author":1,"featured_media":0,"parent":0,"menu_order":0,"comment_status":"closed","ping_status":"closed","template":"","meta":{"footnotes":""},"class_list":["post-12921","page","type-page","status-publish","hentry"],"yoast_head":"<!-- This site is optimized with the Yoast SEO plugin v24.3 - https:\/\/yoast.com\/wordpress\/plugins\/seo\/ -->\n<title>Kontaktn\u00ed \u00fadaje spole\u010dnosti Ingritech<\/title>\n<meta name=\"description\" content=\"Ve\u0161ker\u00e9 kontaktn\u00ed \u00fadaje spole\u010dnosti Ingritech. Formul\u00e1\u0159 pro zp\u011btnou vazbu, telefonn\u00ed \u010d\u00edsla a po\u0161tovn\u00ed adresa spole\u010dnosti.\" \/>\n<meta name=\"robots\" content=\"index, follow, max-snippet:-1, max-image-preview:large, max-video-preview:-1\" \/>\n<link rel=\"canonical\" href=\"https:\/\/ingritech.pl\/cs\/kontakt\/\" \/>\n<meta property=\"og:locale\" content=\"cs_CZ\" \/>\n<meta property=\"og:type\" content=\"article\" \/>\n<meta property=\"og:title\" content=\"Kontaktn\u00ed \u00fadaje spole\u010dnosti Ingritech\" \/>\n<meta property=\"og:description\" content=\"Ve\u0161ker\u00e9 kontaktn\u00ed \u00fadaje spole\u010dnosti Ingritech. Formul\u00e1\u0159 pro zp\u011btnou vazbu, telefonn\u00ed \u010d\u00edsla a po\u0161tovn\u00ed adresa spole\u010dnosti.\" \/>\n<meta property=\"og:url\" content=\"https:\/\/ingritech.pl\/cs\/kontakt\/\" \/>\n<meta property=\"og:site_name\" content=\"INGRITECH\" \/>\n<meta property=\"article:modified_time\" content=\"2026-04-20T11:18:54+00:00\" \/>\n<meta property=\"og:image\" content=\"https:\/\/ingritech.pl\/wp-content\/uploads\/2025\/01\/ingretech-logo.webp\" \/>\n\t<meta property=\"og:image:width\" content=\"1280\" \/>\n\t<meta property=\"og:image:height\" content=\"182\" \/>\n\t<meta property=\"og:image:type\" content=\"image\/webp\" \/>\n<meta name=\"twitter:card\" content=\"summary_large_image\" \/>\n<meta name=\"twitter:label1\" content=\"Odhadovan\u00e1 doba \u010dten\u00ed\" \/>\n\t<meta name=\"twitter:data1\" content=\"1 minuta\" \/>\n<script type=\"application\/ld+json\" class=\"yoast-schema-graph\">{\"@context\":\"https:\/\/schema.org\",\"@graph\":[{\"@type\":\"WebPage\",\"@id\":\"https:\/\/ingritech.pl\/cs\/kontakt\/\",\"url\":\"https:\/\/ingritech.pl\/cs\/kontakt\/\",\"name\":\"Kontaktn\u00ed \u00fadaje spole\u010dnosti Ingritech\",\"isPartOf\":{\"@id\":\"https:\/\/ingritech.pl\/cs\/#website\"},\"datePublished\":\"2015-05-12T09:23:31+00:00\",\"dateModified\":\"2026-04-20T11:18:54+00:00\",\"description\":\"Ve\u0161ker\u00e9 kontaktn\u00ed \u00fadaje spole\u010dnosti Ingritech. Formul\u00e1\u0159 pro zp\u011btnou vazbu, telefonn\u00ed \u010d\u00edsla a po\u0161tovn\u00ed adresa spole\u010dnosti.\",\"breadcrumb\":{\"@id\":\"https:\/\/ingritech.pl\/cs\/kontakt\/#breadcrumb\"},\"inLanguage\":\"cs\",\"potentialAction\":[{\"@type\":\"ReadAction\",\"target\":[\"https:\/\/ingritech.pl\/cs\/kontakt\/\"]}]},{\"@type\":\"BreadcrumbList\",\"@id\":\"https:\/\/ingritech.pl\/cs\/kontakt\/#breadcrumb\",\"itemListElement\":[{\"@type\":\"ListItem\",\"position\":1,\"name\":\"Strona g\u0142\u00f3wna\",\"item\":\"https:\/\/ingritech.pl\/cs\/\"},{\"@type\":\"ListItem\",\"position\":2,\"name\":\"Kontakt\"}]},{\"@type\":\"WebSite\",\"@id\":\"https:\/\/ingritech.pl\/cs\/#website\",\"url\":\"https:\/\/ingritech.pl\/cs\/\",\"name\":\"Ingritech\",\"description\":\"SUPPLIES AND RAW MATERIALS FOR INDUSTRY\",\"publisher\":{\"@id\":\"https:\/\/ingritech.pl\/cs\/#organization\"},\"alternateName\":\"Ingritech - SUPPLIES AND RAW MATERIALS FOR INDUSTRY\",\"potentialAction\":[{\"@type\":\"SearchAction\",\"target\":{\"@type\":\"EntryPoint\",\"urlTemplate\":\"https:\/\/ingritech.pl\/cs\/?s={search_term_string}\"},\"query-input\":{\"@type\":\"PropertyValueSpecification\",\"valueRequired\":true,\"valueName\":\"search_term_string\"}}],\"inLanguage\":\"cs\"},{\"@type\":\"Organization\",\"@id\":\"https:\/\/ingritech.pl\/cs\/#organization\",\"name\":\"Ingritech\",\"alternateName\":\"Ingritech - sklep z materia\u0142ami eksploatacyjnymi i surowcami dla przemys\u0142u\",\"url\":\"https:\/\/ingritech.pl\/cs\/\",\"logo\":{\"@type\":\"ImageObject\",\"inLanguage\":\"cs\",\"@id\":\"https:\/\/ingritech.pl\/cs\/#\/schema\/logo\/image\/\",\"url\":\"https:\/\/ingritech.pl\/wp-content\/uploads\/2025\/01\/ingretech-logo.webp\",\"contentUrl\":\"https:\/\/ingritech.pl\/wp-content\/uploads\/2025\/01\/ingretech-logo.webp\",\"width\":1280,\"height\":182,\"caption\":\"Ingritech\"},\"image\":{\"@id\":\"https:\/\/ingritech.pl\/cs\/#\/schema\/logo\/image\/\"},\"sameAs\":[\"https:\/\/wa.me\/+48453077323\"]}]}<\/script>\n<!-- \/ Yoast SEO plugin. -->","yoast_head_json":{"title":"Kontaktn\u00ed \u00fadaje spole\u010dnosti Ingritech","description":"Ve\u0161ker\u00e9 kontaktn\u00ed \u00fadaje spole\u010dnosti Ingritech. Formul\u00e1\u0159 pro zp\u011btnou vazbu, telefonn\u00ed \u010d\u00edsla a po\u0161tovn\u00ed adresa spole\u010dnosti.","robots":{"index":"index","follow":"follow","max-snippet":"max-snippet:-1","max-image-preview":"max-image-preview:large","max-video-preview":"max-video-preview:-1"},"canonical":"https:\/\/ingritech.pl\/cs\/kontakt\/","og_locale":"cs_CZ","og_type":"article","og_title":"Kontaktn\u00ed \u00fadaje spole\u010dnosti Ingritech","og_description":"Ve\u0161ker\u00e9 kontaktn\u00ed \u00fadaje spole\u010dnosti Ingritech. Formul\u00e1\u0159 pro zp\u011btnou vazbu, telefonn\u00ed \u010d\u00edsla a po\u0161tovn\u00ed adresa spole\u010dnosti.","og_url":"https:\/\/ingritech.pl\/cs\/kontakt\/","og_site_name":"INGRITECH","article_modified_time":"2026-04-20T11:18:54+00:00","og_image":[{"width":1280,"height":182,"url":"https:\/\/ingritech.pl\/wp-content\/uploads\/2025\/01\/ingretech-logo.webp","type":"image\/webp"}],"twitter_card":"summary_large_image","twitter_misc":{"Odhadovan\u00e1 doba \u010dten\u00ed":"1 minuta"},"schema":{"@context":"https:\/\/schema.org","@graph":[{"@type":"WebPage","@id":"https:\/\/ingritech.pl\/cs\/kontakt\/","url":"https:\/\/ingritech.pl\/cs\/kontakt\/","name":"Kontaktn\u00ed \u00fadaje spole\u010dnosti Ingritech","isPartOf":{"@id":"https:\/\/ingritech.pl\/cs\/#website"},"datePublished":"2015-05-12T09:23:31+00:00","dateModified":"2026-04-20T11:18:54+00:00","description":"Ve\u0161ker\u00e9 kontaktn\u00ed \u00fadaje spole\u010dnosti Ingritech. Formul\u00e1\u0159 pro zp\u011btnou vazbu, telefonn\u00ed \u010d\u00edsla a po\u0161tovn\u00ed adresa spole\u010dnosti.","breadcrumb":{"@id":"https:\/\/ingritech.pl\/cs\/kontakt\/#breadcrumb"},"inLanguage":"cs","potentialAction":[{"@type":"ReadAction","target":["https:\/\/ingritech.pl\/cs\/kontakt\/"]}]},{"@type":"BreadcrumbList","@id":"https:\/\/ingritech.pl\/cs\/kontakt\/#breadcrumb","itemListElement":[{"@type":"ListItem","position":1,"name":"Strona g\u0142\u00f3wna","item":"https:\/\/ingritech.pl\/cs\/"},{"@type":"ListItem","position":2,"name":"Kontakt"}]},{"@type":"WebSite","@id":"https:\/\/ingritech.pl\/cs\/#website","url":"https:\/\/ingritech.pl\/cs\/","name":"Ingritech","description":"SUPPLIES AND RAW MATERIALS FOR INDUSTRY","publisher":{"@id":"https:\/\/ingritech.pl\/cs\/#organization"},"alternateName":"Ingritech - SUPPLIES AND RAW MATERIALS FOR INDUSTRY","potentialAction":[{"@type":"SearchAction","target":{"@type":"EntryPoint","urlTemplate":"https:\/\/ingritech.pl\/cs\/?s={search_term_string}"},"query-input":{"@type":"PropertyValueSpecification","valueRequired":true,"valueName":"search_term_string"}}],"inLanguage":"cs"},{"@type":"Organization","@id":"https:\/\/ingritech.pl\/cs\/#organization","name":"Ingritech","alternateName":"Ingritech - sklep z materia\u0142ami eksploatacyjnymi i surowcami dla przemys\u0142u","url":"https:\/\/ingritech.pl\/cs\/","logo":{"@type":"ImageObject","inLanguage":"cs","@id":"https:\/\/ingritech.pl\/cs\/#\/schema\/logo\/image\/","url":"https:\/\/ingritech.pl\/wp-content\/uploads\/2025\/01\/ingretech-logo.webp","contentUrl":"https:\/\/ingritech.pl\/wp-content\/uploads\/2025\/01\/ingretech-logo.webp","width":1280,"height":182,"caption":"Ingritech"},"image":{"@id":"https:\/\/ingritech.pl\/cs\/#\/schema\/logo\/image\/"},"sameAs":["https:\/\/wa.me\/+48453077323"]}]}},"_links":{"self":[{"href":"https:\/\/ingritech.pl\/cs\/wp-json\/wp\/v2\/pages\/12921","targetHints":{"allow":["GET"]}}],"collection":[{"href":"https:\/\/ingritech.pl\/cs\/wp-json\/wp\/v2\/pages"}],"about":[{"href":"https:\/\/ingritech.pl\/cs\/wp-json\/wp\/v2\/types\/page"}],"author":[{"embeddable":true,"href":"https:\/\/ingritech.pl\/cs\/wp-json\/wp\/v2\/users\/1"}],"replies":[{"embeddable":true,"href":"https:\/\/ingritech.pl\/cs\/wp-json\/wp\/v2\/comments?post=12921"}],"version-history":[{"count":2,"href":"https:\/\/ingritech.pl\/cs\/wp-json\/wp\/v2\/pages\/12921\/revisions"}],"predecessor-version":[{"id":12924,"href":"https:\/\/ingritech.pl\/cs\/wp-json\/wp\/v2\/pages\/12921\/revisions\/12924"}],"wp:attachment":[{"href":"https:\/\/ingritech.pl\/cs\/wp-json\/wp\/v2\/media?parent=12921"}],"curies":[{"name":"wp","href":"https:\/\/api.w.org\/{rel}","templated":true}]}}