{"id":12925,"date":"2019-08-12T12:40:15","date_gmt":"2019-08-12T10:40:15","guid":{"rendered":"https:\/\/ingritech.pl\/o-nas\/"},"modified":"2026-04-20T13:27:14","modified_gmt":"2026-04-20T11:27:14","slug":"o-nas","status":"publish","type":"page","link":"https:\/\/ingritech.pl\/cs\/o-nas\/","title":{"rendered":"O n\u00e1s"},"content":{"rendered":"<div class=\"wpb-content-wrapper\"><p>[vc_row full_width=&#8221;stretch_row&#8221; css=&#8221;.vc_custom_1737657227826{margin-bottom: 0px !important;padding-top: 150px !important;padding-bottom: 140px !important;background-image: url(https:\/\/ingritech.pl\/wp-content\/uploads\/2025\/01\/INGRITECH-1.webp?id=9119) !important;background-position: center !important;background-repeat: no-repeat !important;background-size: cover !important;}&#8221; el_class=&#8221;slider_about&#8221;][vc_column][vc_empty_space height=&#8221;30px&#8221;][vc_row_inner][vc_column_inner width=&#8221;1\/6&#8243;][\/vc_column_inner][vc_column_inner el_class=&#8221;bg-button&#8221; width=&#8221;2\/3&#8243;][vc_column_text css=&#8221;&#8221;]<\/p>\n<p style=\"text-align: center; font-weight: 600; font-size: 60px; line-height: 67px; color: #fff;\">O INGRITECH<\/p>\n<p>[\/vc_column_text][vc_empty_space height=&#8221;20px&#8221;][vc_column_text css=&#8221;&#8221;]<\/p>\n<p style=\"text-align: center; color: #fff; font-size: 17px; line-height: 29px; text-transform: uppercase; font-weight: 600; letter-spacing: 1px;\">Spot\u0159ebn\u00ed materi\u00e1l a suroviny pro pr\u016fmysl<\/p>\n<p>[\/vc_column_text][\/vc_column_inner][vc_column_inner width=&#8221;1\/6&#8243;][\/vc_column_inner][\/vc_row_inner][\/vc_column][\/vc_row][vc_row css=&#8221;.vc_custom_1625642082469{margin-top: 50px !important;margin-bottom: 45px !important;}&#8221;][vc_column width=&#8221;1\/2&#8243;][vc_column_text css=&#8221;&#8221;]Spole\u010dnost INGRITECH je zku\u0161en\u00fdm partnerem v oblasti dod\u00e1vek spot\u0159ebn\u00edho materi\u00e1lu a surovin pro r\u016fzn\u00e1 pr\u016fmyslov\u00e1 odv\u011btv\u00ed. Specializujeme se na dod\u00e1vky ocelov\u00e9 drti od renomovan\u00fdch ukrajinsk\u00fdch v\u00fdrobc\u016f a zaji\u0161\u0165ujeme produkty nejvy\u0161\u0161\u00ed kvality, kter\u00e9 zvy\u0161uj\u00ed efektivitu pr\u016fmyslov\u00fdch proces\u016f.[\/vc_column_text][vc_empty_space height=&#8221;35px&#8221;][vc_column_text css=&#8221;&#8221;]<\/p>\n<p style=\"text-align: left; color: #151515; font-weight: 600; font-size: 35px; line-height: 41px;\">Na\u0161e produkty<\/p>\n<p>[\/vc_column_text][vc_empty_space height=&#8221;30px&#8221;][vc_column_text css=&#8221;&#8221;]Ocelov\u00e1 dr\u0165, kterou nab\u00edz\u00edme, se vyzna\u010duje:<\/p>\n<ul>\n<li><strong>Vysokou pevnost\u00ed a odolnost\u00ed proti opot\u0159eben\u00ed<\/strong> \u2013 ide\u00e1ln\u00ed pro dlouhodob\u00e9 pou\u017e\u00edv\u00e1n\u00ed.<\/li>\n<li><strong>\u00da\u010dinnost\u00ed p\u0159i \u010distic\u00edch procesech<\/strong> \u2013 spolehliv\u00e9 odstra\u0148ov\u00e1n\u00ed ne\u010distot, jako je rez nebo okuj.<\/li>\n<li><strong>V\u0161estrannost\u00ed pou\u017eit\u00ed<\/strong> \u2013 vhodn\u00e1 pro mnoho pr\u016fmyslov\u00fdch odv\u011btv\u00ed.<\/li>\n<li><strong>Rozmanitost\u00ed dostupn\u00fdch frakc\u00ed<\/strong> \u2013 p\u0159izp\u016fsoben\u00fdch specifick\u00fdm pot\u0159eb\u00e1m z\u00e1kazn\u00edka.<\/li>\n<\/ul>\n<p>[\/vc_column_text][\/vc_column][vc_column width=&#8221;1\/2&#8243; css=&#8221;.vc_custom_1605685529227{padding-left: 75px !important;}&#8221; el_class=&#8221;ab2-right&#8221;][vc_column_text css=&#8221;&#8221;]<\/p>\n<p style=\"text-align: right;\"><img loading=\"lazy\" decoding=\"async\" class=\"alignnone wp-image-9113 size-full\" src=\"https:\/\/ingritech.pl\/wp-content\/uploads\/2025\/01\/document-_1_.webp\" alt=\"\" width=\"984\" height=\"890\" \/><\/p>\n<p>[\/vc_column_text][\/vc_column][\/vc_row][vc_row css=&#8221;.vc_custom_1625642082469{margin-top: 50px !important;margin-bottom: 45px !important;}&#8221;][vc_column width=&#8221;1\/2&#8243;][vc_column_text css=&#8221;&#8221;]<\/p>\n<p style=\"text-align: left; color: #151515; font-weight: 600; font-size: 35px; line-height: 41px;\">Pro\u010d INGRITECH?<\/p>\n<p>[\/vc_column_text][vc_empty_space height=&#8221;35px&#8221;][vc_column_text css=&#8221;&#8221;]<\/p>\n<ul>\n<li>Nab\u00edz\u00edme produkty, kter\u00e9 spl\u0148uj\u00ed nejvy\u0161\u0161\u00ed standardy kvality.<\/li>\n<li>Spolupracujeme s nejlep\u0161\u00edmi v\u00fdrobci a nab\u00edz\u00edme konkurenceschopn\u00e9 ceny.<\/li>\n<li>V\u017edy klademe d\u016fraz na individu\u00e1ln\u00ed p\u0159\u00edstup a p\u0159izp\u016fsoben\u00ed nab\u00eddky pot\u0159eb\u00e1m z\u00e1kazn\u00edk\u016f.<\/li>\n<\/ul>\n<p>Kontaktujte n\u00e1s, abychom mohli projednat podrobnosti spolupr\u00e1ce a vybrat nejlep\u0161\u00ed \u0159e\u0161en\u00ed pro va\u0161i firmu. INGRITECH \u2013 partner, na kter\u00e9ho se m\u016f\u017eete spolehnout![\/vc_column_text][\/vc_column][vc_column width=&#8221;1\/2&#8243; css=&#8221;.vc_custom_1605685529227{padding-left: 75px !important;}&#8221; el_class=&#8221;ab2-right&#8221;][vc_column_text css=&#8221;&#8221;]<\/p>\n<p style=\"text-align: right;\"><img loading=\"lazy\" decoding=\"async\" class=\"alignnone wp-image-9116 size-full\" src=\"https:\/\/ingritech.pl\/wp-content\/uploads\/2025\/01\/INGRITECH-2.webp\" alt=\"INGRITECH\" width=\"984\" height=\"890\" \/><\/p>\n<p>[\/vc_column_text][\/vc_column][\/vc_row][vc_row css=&#8221;.vc_custom_1625642082469{margin-top: 50px !important;margin-bottom: 45px !important;}&#8221;][vc_column width=&#8221;1\/2&#8243;][vc_column_text css=&#8221;&#8221;]<\/p>\n<p style=\"text-align: left; color: #151515; font-weight: 600; font-size: 35px; line-height: 41px;\">Pou\u017eit\u00ed<\/p>\n<p>[\/vc_column_text][vc_empty_space height=&#8221;30px&#8221;][vc_column_text css=&#8221;&#8221;]Na\u0161e produkty nach\u00e1zej\u00ed uplatn\u011bn\u00ed v mnoha pr\u016fmyslov\u00fdch odv\u011btv\u00edch, mimo jin\u00e9:<\/p>\n<ul>\n<li>\u010ci\u0161t\u011bn\u00ed kovov\u00fdch povrch\u016f p\u0159ed lakov\u00e1n\u00edm, nan\u00e1\u0161en\u00edm povlak\u016f nebo galvanizac\u00ed.<\/li>\n<li>Zpev\u0148ov\u00e1n\u00ed a p\u0159\u00edprava konstruk\u010dn\u00edch prvk\u016f a stroj\u016f.<\/li>\n<li>Povrchov\u00e1 \u00faprava n\u00e1stroj\u016f a pr\u016fmyslov\u00fdch komponent\u016f.<\/li>\n<li>\u010ci\u0161t\u011bn\u00ed n\u00e1dr\u017e\u00ed, potrub\u00ed, kotl\u016f a dal\u0161\u00edch pr\u016fmyslov\u00fdch za\u0159\u00edzen\u00ed.<\/li>\n<\/ul>\n<p>[\/vc_column_text][\/vc_column][vc_column width=&#8221;1\/2&#8243; css=&#8221;.vc_custom_1605685529227{padding-left: 75px !important;}&#8221; el_class=&#8221;ab2-right&#8221;][vc_column_text css=&#8221;&#8221;]<\/p>\n<p style=\"text-align: left; color: #151515; font-weight: 600; font-size: 35px; line-height: 41px;\">Podm\u00ednky spolupr\u00e1ce<\/p>\n<p>[\/vc_column_text][vc_empty_space height=&#8221;30px&#8221;][vc_column_text css=&#8221;&#8221;]<\/p>\n<ul>\n<li><strong>Cena:<\/strong> Flexibiln\u00ed cenov\u00e1 politika v z\u00e1vislosti na objemu objedn\u00e1vky a zvolen\u00e9 frakci. St\u00e1l\u00fdm z\u00e1kazn\u00edk\u016fm a p\u0159i v\u011bt\u0161\u00edch objedn\u00e1vk\u00e1ch nab\u00edz\u00edme slevy.<\/li>\n<li><strong>Dod\u00e1n\u00ed:<\/strong> Rychl\u00e9 dodac\u00ed lh\u016fty \u2013 objedn\u00e1vky doru\u010dujeme do 5\u20137 pracovn\u00edch dn\u016f.<\/li>\n<li><strong>Platba:<\/strong> Pohodln\u00e9 platebn\u00ed mo\u017enosti, jako je platba p\u0159edem, platba p\u0159i p\u0159evzet\u00ed a dal\u0161\u00ed formy dohodnut\u00e9 individu\u00e1ln\u011b.<\/li>\n<\/ul>\n<p>[\/vc_column_text][\/vc_column][\/vc_row]<\/p>\n<\/div>","protected":false},"excerpt":{"rendered":"<p>[vc_row full_width=&#8221;stretch_row&#8221; css=&#8221;.vc_custom_1737657227826{margin-bottom: 0px !important;padding-top: 150px !important;padding-bottom: 140px !important;background-image: url(https:\/\/ingritech.pl\/wp-content\/uploads\/2025\/01\/INGRITECH-1.webp?id=9119) !important;background-position: center !important;background-repeat: no-repeat !important;background-size: cover !important;}&#8221; el_class=&#8221;slider_about&#8221;][vc_column][vc_empty_space height=&#8221;30px&#8221;][vc_row_inner][vc_column_inner width=&#8221;1\/6&#8243;][\/vc_column_inner][vc_column_inner el_class=&#8221;bg-button&#8221; width=&#8221;2\/3&#8243;][vc_column_text css=&#8221;&#8221;] O INGRITECH [\/vc_column_text][vc_empty_space height=&#8221;20px&#8221;][vc_column_text css=&#8221;&#8221;] Spot\u0159ebn\u00ed materi\u00e1l a suroviny pro pr\u016fmysl [\/vc_column_text][\/vc_column_inner][vc_column_inner width=&#8221;1\/6&#8243;][\/vc_column_inner][\/vc_row_inner][\/vc_column][\/vc_row][vc_row css=&#8221;.vc_custom_1625642082469{margin-top: 50px !important;margin-bottom: 45px !important;}&#8221;][vc_column width=&#8221;1\/2&#8243;][vc_column_text css=&#8221;&#8221;]Spole\u010dnost INGRITECH je zku\u0161en\u00fdm partnerem v oblasti dod\u00e1vek spot\u0159ebn\u00edho materi\u00e1lu a surovin pro [&hellip;]<\/p>\n","protected":false},"author":1,"featured_media":0,"parent":0,"menu_order":0,"comment_status":"closed","ping_status":"closed","template":"","meta":{"footnotes":""},"class_list":["post-12925","page","type-page","status-publish","hentry"],"yoast_head":"<!-- This site is optimized with the Yoast SEO plugin v24.3 - https:\/\/yoast.com\/wordpress\/plugins\/seo\/ -->\n<title>Informace o spole\u010dnosti Ingritech \u2013 posl\u00e1n\u00ed, v\u00fdhody<\/title>\n<meta name=\"description\" content=\"Ve\u0161ker\u00e9 informace o spole\u010dnosti Ingritech. P\u0159ednosti spole\u010dnosti, podm\u00ednky spolupr\u00e1ce, posl\u00e1n\u00ed spole\u010dnosti.\" \/>\n<meta name=\"robots\" content=\"index, follow, max-snippet:-1, max-image-preview:large, max-video-preview:-1\" \/>\n<link rel=\"canonical\" href=\"https:\/\/ingritech.pl\/cs\/o-nas\/\" \/>\n<meta property=\"og:locale\" content=\"cs_CZ\" \/>\n<meta property=\"og:type\" content=\"article\" \/>\n<meta property=\"og:title\" content=\"Informace o spole\u010dnosti Ingritech \u2013 posl\u00e1n\u00ed, v\u00fdhody\" \/>\n<meta property=\"og:description\" content=\"Ve\u0161ker\u00e9 informace o spole\u010dnosti Ingritech. P\u0159ednosti spole\u010dnosti, podm\u00ednky spolupr\u00e1ce, posl\u00e1n\u00ed spole\u010dnosti.\" \/>\n<meta property=\"og:url\" content=\"https:\/\/ingritech.pl\/cs\/o-nas\/\" \/>\n<meta property=\"og:site_name\" content=\"INGRITECH\" \/>\n<meta property=\"article:modified_time\" content=\"2026-04-20T11:27:14+00:00\" \/>\n<meta property=\"og:image\" content=\"https:\/\/ingritech.pl\/wp-content\/uploads\/2025\/01\/document-_1_.webp\" \/>\n\t<meta property=\"og:image:width\" content=\"1200\" \/>\n\t<meta property=\"og:image:height\" content=\"628\" \/>\n\t<meta property=\"og:image:type\" content=\"image\/webp\" \/>\n<meta name=\"twitter:card\" content=\"summary_large_image\" \/>\n<meta name=\"twitter:label1\" content=\"Odhadovan\u00e1 doba \u010dten\u00ed\" \/>\n\t<meta name=\"twitter:data1\" content=\"3 minuty\" \/>\n<script type=\"application\/ld+json\" class=\"yoast-schema-graph\">{\"@context\":\"https:\/\/schema.org\",\"@graph\":[{\"@type\":\"WebPage\",\"@id\":\"https:\/\/ingritech.pl\/cs\/o-nas\/\",\"url\":\"https:\/\/ingritech.pl\/cs\/o-nas\/\",\"name\":\"Informace o spole\u010dnosti Ingritech \u2013 posl\u00e1n\u00ed, v\u00fdhody\",\"isPartOf\":{\"@id\":\"https:\/\/ingritech.pl\/cs\/#website\"},\"primaryImageOfPage\":{\"@id\":\"https:\/\/ingritech.pl\/cs\/o-nas\/#primaryimage\"},\"image\":{\"@id\":\"https:\/\/ingritech.pl\/cs\/o-nas\/#primaryimage\"},\"thumbnailUrl\":\"https:\/\/ingritech.pl\/wp-content\/uploads\/2025\/01\/document-_1_.webp\",\"datePublished\":\"2019-08-12T10:40:15+00:00\",\"dateModified\":\"2026-04-20T11:27:14+00:00\",\"description\":\"Ve\u0161ker\u00e9 informace o spole\u010dnosti Ingritech. P\u0159ednosti spole\u010dnosti, podm\u00ednky spolupr\u00e1ce, posl\u00e1n\u00ed spole\u010dnosti.\",\"breadcrumb\":{\"@id\":\"https:\/\/ingritech.pl\/cs\/o-nas\/#breadcrumb\"},\"inLanguage\":\"cs\",\"potentialAction\":[{\"@type\":\"ReadAction\",\"target\":[\"https:\/\/ingritech.pl\/cs\/o-nas\/\"]}]},{\"@type\":\"ImageObject\",\"inLanguage\":\"cs\",\"@id\":\"https:\/\/ingritech.pl\/cs\/o-nas\/#primaryimage\",\"url\":\"https:\/\/ingritech.pl\/wp-content\/uploads\/2025\/01\/document-_1_.webp\",\"contentUrl\":\"https:\/\/ingritech.pl\/wp-content\/uploads\/2025\/01\/document-_1_.webp\"},{\"@type\":\"BreadcrumbList\",\"@id\":\"https:\/\/ingritech.pl\/cs\/o-nas\/#breadcrumb\",\"itemListElement\":[{\"@type\":\"ListItem\",\"position\":1,\"name\":\"Strona g\u0142\u00f3wna\",\"item\":\"https:\/\/ingritech.pl\/cs\/\"},{\"@type\":\"ListItem\",\"position\":2,\"name\":\"O n\u00e1s\"}]},{\"@type\":\"WebSite\",\"@id\":\"https:\/\/ingritech.pl\/cs\/#website\",\"url\":\"https:\/\/ingritech.pl\/cs\/\",\"name\":\"Ingritech\",\"description\":\"SUPPLIES AND RAW MATERIALS FOR INDUSTRY\",\"publisher\":{\"@id\":\"https:\/\/ingritech.pl\/cs\/#organization\"},\"alternateName\":\"Ingritech - SUPPLIES AND RAW MATERIALS FOR INDUSTRY\",\"potentialAction\":[{\"@type\":\"SearchAction\",\"target\":{\"@type\":\"EntryPoint\",\"urlTemplate\":\"https:\/\/ingritech.pl\/cs\/?s={search_term_string}\"},\"query-input\":{\"@type\":\"PropertyValueSpecification\",\"valueRequired\":true,\"valueName\":\"search_term_string\"}}],\"inLanguage\":\"cs\"},{\"@type\":\"Organization\",\"@id\":\"https:\/\/ingritech.pl\/cs\/#organization\",\"name\":\"Ingritech\",\"alternateName\":\"Ingritech - sklep z materia\u0142ami eksploatacyjnymi i surowcami dla przemys\u0142u\",\"url\":\"https:\/\/ingritech.pl\/cs\/\",\"logo\":{\"@type\":\"ImageObject\",\"inLanguage\":\"cs\",\"@id\":\"https:\/\/ingritech.pl\/cs\/#\/schema\/logo\/image\/\",\"url\":\"https:\/\/ingritech.pl\/wp-content\/uploads\/2025\/01\/ingretech-logo.webp\",\"contentUrl\":\"https:\/\/ingritech.pl\/wp-content\/uploads\/2025\/01\/ingretech-logo.webp\",\"width\":1280,\"height\":182,\"caption\":\"Ingritech\"},\"image\":{\"@id\":\"https:\/\/ingritech.pl\/cs\/#\/schema\/logo\/image\/\"},\"sameAs\":[\"https:\/\/wa.me\/+48453077323\"]}]}<\/script>\n<!-- \/ Yoast SEO plugin. -->","yoast_head_json":{"title":"Informace o spole\u010dnosti Ingritech \u2013 posl\u00e1n\u00ed, v\u00fdhody","description":"Ve\u0161ker\u00e9 informace o spole\u010dnosti Ingritech. P\u0159ednosti spole\u010dnosti, podm\u00ednky spolupr\u00e1ce, posl\u00e1n\u00ed spole\u010dnosti.","robots":{"index":"index","follow":"follow","max-snippet":"max-snippet:-1","max-image-preview":"max-image-preview:large","max-video-preview":"max-video-preview:-1"},"canonical":"https:\/\/ingritech.pl\/cs\/o-nas\/","og_locale":"cs_CZ","og_type":"article","og_title":"Informace o spole\u010dnosti Ingritech \u2013 posl\u00e1n\u00ed, v\u00fdhody","og_description":"Ve\u0161ker\u00e9 informace o spole\u010dnosti Ingritech. P\u0159ednosti spole\u010dnosti, podm\u00ednky spolupr\u00e1ce, posl\u00e1n\u00ed spole\u010dnosti.","og_url":"https:\/\/ingritech.pl\/cs\/o-nas\/","og_site_name":"INGRITECH","article_modified_time":"2026-04-20T11:27:14+00:00","og_image":[{"width":1200,"height":628,"url":"https:\/\/ingritech.pl\/wp-content\/uploads\/2025\/01\/document-_1_.webp","type":"image\/webp"}],"twitter_card":"summary_large_image","twitter_misc":{"Odhadovan\u00e1 doba \u010dten\u00ed":"3 minuty"},"schema":{"@context":"https:\/\/schema.org","@graph":[{"@type":"WebPage","@id":"https:\/\/ingritech.pl\/cs\/o-nas\/","url":"https:\/\/ingritech.pl\/cs\/o-nas\/","name":"Informace o spole\u010dnosti Ingritech \u2013 posl\u00e1n\u00ed, v\u00fdhody","isPartOf":{"@id":"https:\/\/ingritech.pl\/cs\/#website"},"primaryImageOfPage":{"@id":"https:\/\/ingritech.pl\/cs\/o-nas\/#primaryimage"},"image":{"@id":"https:\/\/ingritech.pl\/cs\/o-nas\/#primaryimage"},"thumbnailUrl":"https:\/\/ingritech.pl\/wp-content\/uploads\/2025\/01\/document-_1_.webp","datePublished":"2019-08-12T10:40:15+00:00","dateModified":"2026-04-20T11:27:14+00:00","description":"Ve\u0161ker\u00e9 informace o spole\u010dnosti Ingritech. P\u0159ednosti spole\u010dnosti, podm\u00ednky spolupr\u00e1ce, posl\u00e1n\u00ed spole\u010dnosti.","breadcrumb":{"@id":"https:\/\/ingritech.pl\/cs\/o-nas\/#breadcrumb"},"inLanguage":"cs","potentialAction":[{"@type":"ReadAction","target":["https:\/\/ingritech.pl\/cs\/o-nas\/"]}]},{"@type":"ImageObject","inLanguage":"cs","@id":"https:\/\/ingritech.pl\/cs\/o-nas\/#primaryimage","url":"https:\/\/ingritech.pl\/wp-content\/uploads\/2025\/01\/document-_1_.webp","contentUrl":"https:\/\/ingritech.pl\/wp-content\/uploads\/2025\/01\/document-_1_.webp"},{"@type":"BreadcrumbList","@id":"https:\/\/ingritech.pl\/cs\/o-nas\/#breadcrumb","itemListElement":[{"@type":"ListItem","position":1,"name":"Strona g\u0142\u00f3wna","item":"https:\/\/ingritech.pl\/cs\/"},{"@type":"ListItem","position":2,"name":"O n\u00e1s"}]},{"@type":"WebSite","@id":"https:\/\/ingritech.pl\/cs\/#website","url":"https:\/\/ingritech.pl\/cs\/","name":"Ingritech","description":"SUPPLIES AND RAW MATERIALS FOR INDUSTRY","publisher":{"@id":"https:\/\/ingritech.pl\/cs\/#organization"},"alternateName":"Ingritech - SUPPLIES AND RAW MATERIALS FOR INDUSTRY","potentialAction":[{"@type":"SearchAction","target":{"@type":"EntryPoint","urlTemplate":"https:\/\/ingritech.pl\/cs\/?s={search_term_string}"},"query-input":{"@type":"PropertyValueSpecification","valueRequired":true,"valueName":"search_term_string"}}],"inLanguage":"cs"},{"@type":"Organization","@id":"https:\/\/ingritech.pl\/cs\/#organization","name":"Ingritech","alternateName":"Ingritech - sklep z materia\u0142ami eksploatacyjnymi i surowcami dla przemys\u0142u","url":"https:\/\/ingritech.pl\/cs\/","logo":{"@type":"ImageObject","inLanguage":"cs","@id":"https:\/\/ingritech.pl\/cs\/#\/schema\/logo\/image\/","url":"https:\/\/ingritech.pl\/wp-content\/uploads\/2025\/01\/ingretech-logo.webp","contentUrl":"https:\/\/ingritech.pl\/wp-content\/uploads\/2025\/01\/ingretech-logo.webp","width":1280,"height":182,"caption":"Ingritech"},"image":{"@id":"https:\/\/ingritech.pl\/cs\/#\/schema\/logo\/image\/"},"sameAs":["https:\/\/wa.me\/+48453077323"]}]}},"_links":{"self":[{"href":"https:\/\/ingritech.pl\/cs\/wp-json\/wp\/v2\/pages\/12925","targetHints":{"allow":["GET"]}}],"collection":[{"href":"https:\/\/ingritech.pl\/cs\/wp-json\/wp\/v2\/pages"}],"about":[{"href":"https:\/\/ingritech.pl\/cs\/wp-json\/wp\/v2\/types\/page"}],"author":[{"embeddable":true,"href":"https:\/\/ingritech.pl\/cs\/wp-json\/wp\/v2\/users\/1"}],"replies":[{"embeddable":true,"href":"https:\/\/ingritech.pl\/cs\/wp-json\/wp\/v2\/comments?post=12925"}],"version-history":[{"count":3,"href":"https:\/\/ingritech.pl\/cs\/wp-json\/wp\/v2\/pages\/12925\/revisions"}],"predecessor-version":[{"id":12934,"href":"https:\/\/ingritech.pl\/cs\/wp-json\/wp\/v2\/pages\/12925\/revisions\/12934"}],"wp:attachment":[{"href":"https:\/\/ingritech.pl\/cs\/wp-json\/wp\/v2\/media?parent=12925"}],"curies":[{"name":"wp","href":"https:\/\/api.w.org\/{rel}","templated":true}]}}