{"id":12935,"date":"2025-01-26T13:25:00","date_gmt":"2025-01-26T12:25:00","guid":{"rendered":"https:\/\/ingritech.pl\/zasady-ochrany-osobnich-udaju\/"},"modified":"2025-01-26T13:25:00","modified_gmt":"2025-01-26T12:25:00","slug":"zasady-ochrany-osobnich-udaju","status":"publish","type":"page","link":"https:\/\/ingritech.pl\/cs\/zasady-ochrany-osobnich-udaju\/","title":{"rendered":"Z\u00e1sady ochrany osobn\u00edch \u00fadaj\u016f"},"content":{"rendered":"<h3>1. Obecn\u00e1 ustanoven\u00ed<\/h3>\n<ol>\n<li>Tato z\u00e1sady ochrany osobn\u00edch \u00fadaj\u016f stanovuj\u00ed pravidla pro zpracov\u00e1n\u00ed a ochranu osobn\u00edch \u00fadaj\u016f poskytovan\u00fdch u\u017eivateli v souvislosti s jejich pou\u017e\u00edv\u00e1n\u00edm webov\u00fdch str\u00e1nek <a href=\"https:\/\/ingritech.pl\/\" target=\"_new\" rel=\"noopener\">https:\/\/ingritech.pl<\/a>, d\u00e1le jen \u201eweb\u201c. <\/li>\n<li>Spr\u00e1vcem osobn\u00edch \u00fadaj\u016f je:\n<ul>\n<li><strong>Glorywinsun OLEKSANDR TUPYTSIA<\/strong><\/li>\n<li>DI\u010c: 7123445708, REGON: 523815421<\/li>\n<li>Adresa s\u00eddla: ul. Wy\u017cynna 37\/1, 20-560 Lublin<\/li>\n<li>E-mail: <a rel=\"noopener\">kontakt@ingritech.pl<\/a><\/li>\n<li>Tel.: +48 453 077 323<\/li>\n<\/ul>\n<p>(d\u00e1le jen \u201eSpr\u00e1vce\u201c nebo \u201emy\u201c).<\/li>\n<li>Spr\u00e1vce zpracov\u00e1v\u00e1 osobn\u00ed \u00fadaje u\u017eivatel\u016f v souladu s platn\u00fdmi pr\u00e1vn\u00edmi p\u0159edpisy, v\u010detn\u011b na\u0159\u00edzen\u00ed Evropsk\u00e9ho parlamentu a Rady (EU) 2016\/679 ze dne 27. dubna 2016 (GDPR), z\u00e1kona o ochran\u011b osobn\u00edch \u00fadaj\u016f a z\u00e1kona o poskytov\u00e1n\u00ed slu\u017eeb elektronick\u00fdmi prost\u0159edky.<\/li>\n<\/ol>\n<h3>2. Rozsah a \u00fa\u010del zpracov\u00e1n\u00ed \u00fadaj\u016f<\/h3>\n<ol>\n<li><strong>Kontaktn\u00ed formul\u00e1\u0159<\/strong>\n<ul>\n<li>Zpracov\u00e1van\u00e9 \u00fadaje: jm\u00e9no, p\u0159\u00edjmen\u00ed, e-mailov\u00e1 adresa, m\u011bsto, telefonn\u00ed \u010d\u00edslo, obsah zpr\u00e1vy.<\/li>\n<li>\u00da\u010del zpracov\u00e1n\u00ed: vy\u0159izov\u00e1n\u00ed dotaz\u016f a korespondence, zodpov\u00edd\u00e1n\u00ed dotaz\u016f u\u017eivatel\u016f, poskytov\u00e1n\u00ed slu\u017eeb souvisej\u00edc\u00edch s zaslan\u00fdm dotazem.<\/li>\n<li>Pr\u00e1vn\u00ed z\u00e1klad: \u010dl. 6 odst. 1 p\u00edsm. a) GDPR (souhlas vyj\u00e1d\u0159en\u00fd vypln\u011bn\u00edm a odesl\u00e1n\u00edm formul\u00e1\u0159e) nebo \u010dl. 6 odst. 1 p\u00edsm. b) GDPR (kroky sm\u011b\u0159uj\u00edc\u00ed k uzav\u0159en\u00ed smlouvy, v z\u00e1vislosti na obsahu dotazu).<\/li>\n<\/ul>\n<\/li>\n<li><strong>\u00dadaje pot\u0159ebn\u00e9 k realizaci objedn\u00e1vek\/slu\u017eeb<\/strong>\n<ul>\n<li>V p\u0159\u00edpad\u011b, \u017ee u\u017eivatel zad\u00e1 objedn\u00e1vku nebo vyu\u017eije slu\u017eby vy\u017eaduj\u00edc\u00ed zad\u00e1n\u00ed \u0161ir\u0161\u00edch \u00fadaj\u016f (nap\u0159. faktura\u010dn\u00ed adresa, DI\u010c pro vystaven\u00ed faktury, doru\u010dovac\u00ed adresa), bude spr\u00e1vce tyto \u00fadaje zpracov\u00e1vat v\u00fdhradn\u011b v rozsahu nezbytn\u00e9m pro realizaci slu\u017eby\/objedn\u00e1vky. <\/li>\n<li>Pr\u00e1vn\u00ed z\u00e1klad: \u010dl. 6 odst. 1 p\u00edsm. b) GDPR (pln\u011bn\u00ed smlouvy), \u010dl. 6 odst. 1 p\u00edsm. c) GDPR (z\u00e1konn\u00e9 povinnosti, nap\u0159. vystaven\u00ed faktury).<\/li>\n<\/ul>\n<\/li>\n<li><strong>\u00dadaje z cookies a podobn\u00fdch technologi\u00ed<\/strong>\n<ul>\n<li>Zpracov\u00e1van\u00e9 \u00fadaje: IP adresa, \u00fadaje o aktivit\u011b na Webu, soubory cookies ulo\u017een\u00e9 v koncov\u00e9m za\u0159\u00edzen\u00ed U\u017eivatele.<\/li>\n<li>\u00da\u010del zpracov\u00e1n\u00ed: veden\u00ed statistik (nap\u0159. pomoc\u00ed analytick\u00fdch n\u00e1stroj\u016f, jako jsou Google Analytics nebo Meta Pixel), zlep\u0161ov\u00e1n\u00ed funk\u010dnosti Webu, personalizace obsahu, zaji\u0161t\u011bn\u00ed bezpe\u010dnosti a nep\u0159etr\u017eit\u00e9ho provozu.<\/li>\n<li>Pr\u00e1vn\u00ed z\u00e1klad: \u010dl. 6 odst. 1 p\u00edsm. f) GDPR (opr\u00e1vn\u011bn\u00fd z\u00e1jem spr\u00e1vce \u2013 anal\u00fdza, statistika, optimalizace webov\u00fdch str\u00e1nek), p\u0159\u00edpadn\u011b \u010dl. 6 odst. 1 p\u00edsm. a) GDPR (souhlas u\u017eivatele s marketingov\u00fdmi\/profilovac\u00edmi soubory cookie, vyj\u00e1d\u0159en\u00fd prost\u0159ednictv\u00edm nastaven\u00ed prohl\u00ed\u017ee\u010de nebo speci\u00e1ln\u00edch banner\u016f pro soubory cookie).<\/li>\n<\/ul>\n<\/li>\n<\/ol>\n<h3>3. Doba uchov\u00e1v\u00e1n\u00ed \u00fadaj\u016f<\/h3>\n<ol>\n<li>\u00dadaje zpracov\u00e1van\u00e9 za \u00fa\u010delem realizace objedn\u00e1vek a slu\u017eeb uchov\u00e1v\u00e1me po dobu nezbytnou k pln\u011bn\u00ed smlouvy a po dobu vy\u017eadovanou pr\u00e1vn\u00edmi p\u0159edpisy (nap\u0159. pro \u00fa\u010dely \u00fa\u010detn\u00edho vy\u00fa\u010dtov\u00e1n\u00ed, archivace dokument\u016f).<\/li>\n<li>\u00dadaje zpracov\u00e1van\u00e9 v souvislosti s vy\u0159izov\u00e1n\u00edm dotaz\u016f prost\u0159ednictv\u00edm kontaktn\u00edho formul\u00e1\u0159e uchov\u00e1v\u00e1me po dobu nezbytnou k poskytnut\u00ed odpov\u011bdi a p\u0159\u00edpadn\u00e9mu dal\u0161\u00edmu kontaktu v dan\u00e9 v\u011bci, av\u0161ak ne d\u00e9le, ne\u017e je to nezbytn\u00e9 z hlediska na\u0161ich opr\u00e1vn\u011bn\u00fdch z\u00e1jm\u016f, nebo do okam\u017eiku odvol\u00e1n\u00ed souhlasu u\u017eivatelem (pokud se zpracov\u00e1n\u00ed prov\u00e1d\u00ed na z\u00e1klad\u011b souhlasu). <\/li>\n<li>\u00dadaje zpracov\u00e1van\u00e9 pro analytick\u00e9 a statistick\u00e9 \u00fa\u010dely (nap\u0159. s vyu\u017eit\u00edm Google Analytics, Meta) uchov\u00e1v\u00e1me v souladu s pravidly a mo\u017enostmi t\u011bchto syst\u00e9m\u016f a tak dlouho, jak je pot\u0159ebujeme pro veden\u00ed statistik, nebo do okam\u017eiku vznesen\u00ed n\u00e1mitky ze strany u\u017eivatele (pokud to pr\u00e1vn\u00ed p\u0159edpisy umo\u017e\u0148uj\u00ed).<\/li>\n<li>\u00dadaje z cookies jsou uchov\u00e1v\u00e1ny po dobu vypl\u00fdvaj\u00edc\u00ed z nastaven\u00ed cookies nebo do okam\u017eiku jejich odstran\u011bn\u00ed u\u017eivatelem v prohl\u00ed\u017ee\u010di.<\/li>\n<\/ol>\n<h3>4. P\u0159\u00edjemci \u00fadaj\u016f<\/h3>\n<ol>\n<li>V souvislosti s poskytov\u00e1n\u00edm slu\u017eeb mohou b\u00fdt \u00fadaje zp\u0159\u00edstupn\u011bny nebo sv\u011b\u0159eny n\u00e1sleduj\u00edc\u00edm kategori\u00edm p\u0159\u00edjemc\u016f:\n<ul>\n<li><strong>Hostingov\u00e9 spole\u010dnosti<\/strong> \u2013 kter\u00e9 uchov\u00e1vaj\u00ed \u00fadaje na serverech.<\/li>\n<li><strong>Poskytovatel\u00e9 analytick\u00fdch n\u00e1stroj\u016f<\/strong> (nap\u0159. Google, Meta) \u2013 za \u00fa\u010delem anal\u00fdzy n\u00e1v\u0161t\u011bvnosti Webu a veden\u00ed statistik.<\/li>\n<li><strong>Spole\u010dnosti poskytuj\u00edc\u00ed IT slu\u017eby<\/strong> nebo \u00fadr\u017ebu a v\u00fdvoj Webu.<\/li>\n<li><strong>Provozovatel\u00e9 platebn\u00edch syst\u00e9m\u016f<\/strong> \u2013 pokud U\u017eivatel prov\u00e1d\u00ed platbu na Str\u00e1nk\u00e1ch.<\/li>\n<li><strong>Kur\u00fdrn\u00ed spole\u010dnosti<\/strong> \u2013 v p\u0159\u00edpad\u011b zas\u00edl\u00e1n\u00ed zbo\u017e\u00ed nebo materi\u00e1l\u016f u\u017eivatel\u016fm.<\/li>\n<li><strong>\u00da\u010detn\u00ed kancel\u00e1\u0159<\/strong> \u2013 za \u00fa\u010delem pln\u011bn\u00ed \u00fa\u010detn\u00edch a da\u0148ov\u00fdch povinnost\u00ed.<\/li>\n<\/ul>\n<\/li>\n<li>Spr\u00e1vce m\u016f\u017ee b\u00fdt povinen poskytnout osobn\u00ed \u00fadaje opr\u00e1vn\u011bn\u00fdm st\u00e1tn\u00edm org\u00e1n\u016fm, pokud takov\u00e1 povinnost vypl\u00fdv\u00e1 z obecn\u011b platn\u00fdch pr\u00e1vn\u00edch p\u0159edpis\u016f.<\/li>\n<\/ol>\n<h3>5. P\u0159enos \u00fadaj\u016f do t\u0159et\u00edch zem\u00ed<\/h3>\n<ol>\n<li>Vzhledem k vyu\u017e\u00edv\u00e1n\u00ed slu\u017eeb a n\u00e1stroj\u016f (nap\u0159. Google, Meta) mohou b\u00fdt \u00fadaje u\u017eivatel\u016f p\u0159ed\u00e1v\u00e1ny do zem\u00ed mimo Evropsk\u00fd hospod\u00e1\u0159sk\u00fd prostor (EHP). V takov\u00e9m p\u0159\u00edpad\u011b spr\u00e1vce zaji\u0161\u0165uje pou\u017eit\u00ed p\u0159\u00edslu\u0161n\u00fdch bezpe\u010dnostn\u00edch opat\u0159en\u00ed stanoven\u00fdch p\u0159edpisy GDPR (nap\u0159. standardn\u00ed smluvn\u00ed dolo\u017eky).<\/li>\n<\/ol>\n<h3>6. Pr\u00e1va subjekt\u016f \u00fadaj\u016f<\/h3>\n<ol>\n<li>U\u017eivatel m\u00e1 v souvislosti se zpracov\u00e1n\u00edm osobn\u00edch \u00fadaj\u016f n\u00e1sleduj\u00edc\u00ed pr\u00e1va:\n<ul>\n<li><strong>Pr\u00e1vo na p\u0159\u00edstup k \u00fadaj\u016fm<\/strong> (\u010dl. 15 GDPR) \u2013 mo\u017enost z\u00edskat informace o tom, zda a jak\u00fdm zp\u016fsobem zpracov\u00e1v\u00e1me osobn\u00ed \u00fadaje u\u017eivatele, a obdr\u017eet jejich kopii.<\/li>\n<li><strong>Pr\u00e1vo na opravu \u00fadaj\u016f<\/strong> (\u010dl. 16 GDPR) \u2013 mo\u017enost po\u017e\u00e1dat o opravu nebo dopln\u011bn\u00ed \u00fadaj\u016f, pokud jsou nespr\u00e1vn\u00e9 nebo ne\u00fapln\u00e9.<\/li>\n<li><strong>Pr\u00e1vo na v\u00fdmaz \u00fadaj\u016f<\/strong> (\u201epr\u00e1vo b\u00fdt zapomenut\u201c, \u010dl. 17 GDPR) \u2013 mo\u017enost po\u017e\u00e1dat o v\u00fdmaz \u00fadaj\u016f v p\u0159\u00edpadech stanoven\u00fdch p\u0159edpisy.<\/li>\n<li><strong>Pr\u00e1vo na omezen\u00ed zpracov\u00e1n\u00ed<\/strong> (\u010dl. 18 GDPR) \u2013 mo\u017enost po\u017e\u00e1dat o omezen\u00ed zpracov\u00e1n\u00ed v ur\u010dit\u00fdch situac\u00edch.<\/li>\n<li><strong>Pr\u00e1vo na p\u0159enositelnost \u00fadaj\u016f<\/strong> (\u010dl. 20 GDPR) \u2013 mo\u017enost obdr\u017eet sv\u00e9 osobn\u00ed \u00fadaje ve strukturovan\u00e9m form\u00e1tu nebo po\u017e\u00e1dat o jejich zasl\u00e1n\u00ed jin\u00e9mu spr\u00e1vci.<\/li>\n<li><strong>Pr\u00e1vo vzn\u00e9st n\u00e1mitku<\/strong> (\u010dl. 21 GDPR) \u2013 mo\u017enost vzn\u00e9st n\u00e1mitku proti zpracov\u00e1n\u00ed \u00fadaj\u016f na z\u00e1klad\u011b opr\u00e1vn\u011bn\u00e9ho z\u00e1jmu spr\u00e1vce nebo pro \u00fa\u010dely p\u0159\u00edm\u00e9ho marketingu.<\/li>\n<li><strong>Pr\u00e1vo na odvol\u00e1n\u00ed souhlasu<\/strong> (\u010dl. 7 odst. 3 GDPR) \u2013 pokud se zpracov\u00e1n\u00ed \u00fadaj\u016f prov\u00e1d\u00ed na z\u00e1klad\u011b souhlasu, m\u016f\u017ee jej u\u017eivatel kdykoli odvolat, ani\u017e by to m\u011blo vliv na z\u00e1konnost zpracov\u00e1n\u00ed proveden\u00e9ho p\u0159ed jeho odvol\u00e1n\u00edm.<\/li>\n<\/ul>\n<\/li>\n<li>U\u017eivatel m\u016f\u017ee uplatnit v\u00fd\u0161e uveden\u00e1 pr\u00e1va zasl\u00e1n\u00edm p\u0159\u00edslu\u0161n\u00e9 zpr\u00e1vy na e-mailovou adresu spr\u00e1vce: <strong><a rel=\"noopener\">kontakt@ingritech.pl<\/a><\/strong>.<\/li>\n<li>U\u017eivatel m\u00e1 rovn\u011b\u017e pr\u00e1vo podat st\u00ed\u017enost u dozorov\u00e9ho \u00fa\u0159adu, kter\u00fdm je v Polsku <strong>p\u0159edseda \u00da\u0159adu pro ochranu osobn\u00edch \u00fadaj\u016f<\/strong> (PUODO), pokud se domn\u00edv\u00e1, \u017ee zpracov\u00e1n\u00ed osobn\u00edch \u00fadaj\u016f poru\u0161uje ustanoven\u00ed GDPR.<\/li>\n<\/ol>\n<h3>7. Soubory cookie a podobn\u00e9 technologie<\/h3>\n<ol>\n<li>Web pou\u017e\u00edv\u00e1 soubory cookie, co\u017e jsou mal\u00e9 textov\u00e9 soubory ukl\u00e1dan\u00e9 do za\u0159\u00edzen\u00ed u\u017eivatele (po\u010d\u00edta\u010de, telefonu, tabletu) b\u011bhem pou\u017e\u00edv\u00e1n\u00ed webu.<\/li>\n<li>Soubory cookie se pou\u017e\u00edvaj\u00ed za \u00fa\u010delem:\n<ul>\n<li>Zaji\u0161t\u011bn\u00ed spr\u00e1vn\u00e9ho fungov\u00e1n\u00ed webu. <\/li>\n<li>Usnadn\u011bn\u00ed pou\u017e\u00edv\u00e1n\u00ed webov\u00fdch str\u00e1nek u\u017eivatel\u016fm (zapamatov\u00e1n\u00ed preferenc\u00ed).<\/li>\n<li>Vytv\u00e1\u0159en\u00ed statistik a anal\u00fdz (nap\u0159. pomoc\u00ed Google Analytics, Meta Pixel).<\/li>\n<li>P\u0159izp\u016fsoben\u00ed obsahu a reklam preferenc\u00edm u\u017eivatele (pokud se to t\u00fdk\u00e1).<\/li>\n<\/ul>\n<\/li>\n<li>U\u017eivatel m\u016f\u017ee kdykoli zm\u011bnit nastaven\u00ed sv\u00e9ho prohl\u00ed\u017ee\u010de tak, aby blokoval pou\u017e\u00edv\u00e1n\u00ed soubor\u016f cookie nebo aby byl p\u0159i ka\u017ed\u00e9m jejich ulo\u017een\u00ed upozorn\u011bn. Podrobn\u00e9 informace naleznete v nastaven\u00ed pou\u017eit\u00e9ho internetov\u00e9ho prohl\u00ed\u017ee\u010de.<\/li>\n<li>Zablokov\u00e1n\u00ed nebo omezen\u00ed pou\u017e\u00edv\u00e1n\u00ed soubor\u016f cookie m\u016f\u017ee m\u00edt vliv na n\u011bkter\u00e9 funkce webov\u00fdch str\u00e1nek.<\/li>\n<\/ol>\n<h3>8. Dobrovolnost poskytnut\u00ed \u00fadaj\u016f<\/h3>\n<ol>\n<li>Poskytnut\u00ed osobn\u00edch \u00fadaj\u016f p\u0159i pou\u017eit\u00ed kontaktn\u00edho formul\u00e1\u0159e je dobrovoln\u00e9, je v\u0161ak nezbytn\u00e9 pro zodpov\u011bzen\u00ed dotaz\u016f nebo pro proveden\u00ed \u00fakon\u016f na \u017e\u00e1dost u\u017eivatele (nap\u0159. p\u0159edlo\u017een\u00ed nab\u00eddky).<\/li>\n<li>Poskytnut\u00ed osobn\u00edch \u00fadaj\u016f pot\u0159ebn\u00fdch k realizaci objedn\u00e1vky\/slu\u017eby je smluvn\u00edm po\u017eadavkem; jejich neposkytnut\u00ed m\u016f\u017ee znemo\u017enit realizaci objedn\u00e1vky nebo slu\u017eby.<\/li>\n<li>V ostatn\u00edch p\u0159\u00edpadech (nap\u0159. p\u0159ihl\u00e1\u0161en\u00ed k odb\u011bru newsletteru, pokud bude v budoucnu zaveden) m\u016f\u017ee b\u00fdt poskytnut\u00ed \u00fadaj\u016f zcela dobrovoln\u00e9 a p\u0159\u00edpadn\u00fd souhlas lze kdykoli odvolat.<\/li>\n<\/ol>\n<h3>9. Opat\u0159en\u00ed na ochranu osobn\u00edch \u00fadaj\u016f<\/h3>\n<ol>\n<li>Spr\u00e1vce vynakl\u00e1d\u00e1 ve\u0161ker\u00e9 \u00fasil\u00ed, aby zajistil odpov\u00eddaj\u00edc\u00ed organiza\u010dn\u00ed a technick\u00e1 opat\u0159en\u00ed slou\u017e\u00edc\u00ed k ochran\u011b zpracov\u00e1van\u00fdch osobn\u00edch \u00fadaj\u016f p\u0159ed neopr\u00e1vn\u011bn\u00fdm p\u0159\u00edstupem, \u00fapravami nebo zp\u0159\u00edstupn\u011bn\u00edm (mj. pou\u017e\u00edv\u00e1n\u00edm \u0161ifrovan\u00fdch p\u0159ipojen\u00ed SSL\/TSL, zabezpe\u010den\u00edm server\u016f, pravideln\u00fdmi aktualizacemi softwaru).<\/li>\n<\/ol>\n<h3>10. Zm\u011bny v z\u00e1sad\u00e1ch ochrany osobn\u00edch \u00fadaj\u016f<\/h3>\n<ol>\n<li>Spr\u00e1vce si vyhrazuje pr\u00e1vo na zm\u011bnu t\u011bchto z\u00e1sad ochrany osobn\u00edch \u00fadaj\u016f, zejm\u00e9na v p\u0159\u00edpad\u011b zm\u011bn pr\u00e1vn\u00edch p\u0159edpis\u016f, technologi\u00ed pou\u017e\u00edvan\u00fdch na webu nebo zp\u016fsob\u016f, jak\u00fdmi zpracov\u00e1v\u00e1me \u00fadaje.<\/li>\n<li>O v\u0161ech zm\u011bn\u00e1ch budeme u\u017eivatele informovat zve\u0159ejn\u011bn\u00edm nov\u00e9ho zn\u011bn\u00ed Z\u00e1sad ochrany osobn\u00edch \u00fadaj\u016f na str\u00e1nce [<a href=\"https:\/\/ingritech.pl\/\" target=\"_new\" rel=\"noopener\">https:\/\/ingritech.pl\/<\/a>] s p\u0159\u00edslu\u0161n\u00fdm ozn\u00e1men\u00edm a datem posledn\u00ed aktualizace.<\/li>\n<\/ol>\n<h3>11. Kontakt<\/h3>\n<ol>\n<li>V p\u0159\u00edpad\u011b dotaz\u016f t\u00fdkaj\u00edc\u00edch se Z\u00e1sad ochrany osobn\u00edch \u00fadaj\u016f nebo zpracov\u00e1n\u00ed osobn\u00edch \u00fadaj\u016f n\u00e1s pros\u00edm kontaktujte e-mailem na adrese: <strong><a rel=\"noopener\">kontakt@ingritech.pl<\/a><\/strong> nebo telefonicky: <strong>+48 453 077 323<\/strong>.<\/li>\n<\/ol>\n<p><strong>Datum posledn\u00ed aktualizace: 10.02.2025<\/strong><\/p>\n","protected":false},"excerpt":{"rendered":"<p>1. Obecn\u00e1 ustanoven\u00ed Tato z\u00e1sady ochrany osobn\u00edch \u00fadaj\u016f stanovuj\u00ed pravidla pro zpracov\u00e1n\u00ed a ochranu osobn\u00edch \u00fadaj\u016f poskytovan\u00fdch u\u017eivateli v souvislosti s jejich pou\u017e\u00edv\u00e1n\u00edm webov\u00fdch str\u00e1nek https:\/\/ingritech.pl, d\u00e1le jen \u201eweb\u201c. Spr\u00e1vcem osobn\u00edch \u00fadaj\u016f je: Glorywinsun OLEKSANDR TUPYTSIA DI\u010c: 7123445708, REGON: 523815421 Adresa s\u00eddla: ul. Wy\u017cynna 37\/1, 20-560 Lublin E-mail: kontakt@ingritech.pl Tel.: +48 453 077 323 (d\u00e1le [&hellip;]<\/p>\n","protected":false},"author":2,"featured_media":0,"parent":0,"menu_order":0,"comment_status":"closed","ping_status":"closed","template":"","meta":{"footnotes":""},"class_list":["post-12935","page","type-page","status-publish","hentry"],"yoast_head":"<!-- This site is optimized with the Yoast SEO plugin v24.3 - https:\/\/yoast.com\/wordpress\/plugins\/seo\/ -->\n<title>Z\u00e1sady ochrany osobn\u00edch \u00fadaj\u016f - INGRITECH<\/title>\n<meta name=\"description\" content=\"Z\u00e1sady ochrany osobn\u00edch \u00fadaj\u016f spole\u010dnosti Ingritech. Z\u00e1sady ochrany osobn\u00edch \u00fadaj\u016f spole\u010dnosti Ingritech. Rozsah a \u00fa\u010del zpracov\u00e1n\u00ed \u00fadaj\u016f, pr\u00e1va dot\u010den\u00fdch osob a dal\u0161\u00ed informace.\" \/>\n<meta name=\"robots\" content=\"index, follow, max-snippet:-1, max-image-preview:large, max-video-preview:-1\" \/>\n<link rel=\"canonical\" href=\"https:\/\/ingritech.pl\/cs\/zasady-ochrany-osobnich-udaju\/\" \/>\n<meta property=\"og:locale\" content=\"cs_CZ\" \/>\n<meta property=\"og:type\" content=\"article\" \/>\n<meta property=\"og:title\" content=\"Z\u00e1sady ochrany osobn\u00edch \u00fadaj\u016f - INGRITECH\" \/>\n<meta property=\"og:description\" content=\"Z\u00e1sady ochrany osobn\u00edch \u00fadaj\u016f spole\u010dnosti Ingritech. Z\u00e1sady ochrany osobn\u00edch \u00fadaj\u016f spole\u010dnosti Ingritech. Rozsah a \u00fa\u010del zpracov\u00e1n\u00ed \u00fadaj\u016f, pr\u00e1va dot\u010den\u00fdch osob a dal\u0161\u00ed informace.\" \/>\n<meta property=\"og:url\" content=\"https:\/\/ingritech.pl\/cs\/zasady-ochrany-osobnich-udaju\/\" \/>\n<meta property=\"og:site_name\" content=\"INGRITECH\" \/>\n<meta property=\"og:image\" content=\"https:\/\/ingritech.pl\/wp-content\/uploads\/2025\/01\/ingretech-logo.webp\" \/>\n\t<meta property=\"og:image:width\" content=\"1280\" \/>\n\t<meta property=\"og:image:height\" content=\"182\" \/>\n\t<meta property=\"og:image:type\" content=\"image\/webp\" \/>\n<meta name=\"twitter:card\" content=\"summary_large_image\" \/>\n<meta name=\"twitter:label1\" content=\"Odhadovan\u00e1 doba \u010dten\u00ed\" \/>\n\t<meta name=\"twitter:data1\" content=\"8 minut\" \/>\n<script type=\"application\/ld+json\" class=\"yoast-schema-graph\">{\"@context\":\"https:\/\/schema.org\",\"@graph\":[{\"@type\":\"WebPage\",\"@id\":\"https:\/\/ingritech.pl\/cs\/zasady-ochrany-osobnich-udaju\/\",\"url\":\"https:\/\/ingritech.pl\/cs\/zasady-ochrany-osobnich-udaju\/\",\"name\":\"Z\u00e1sady ochrany osobn\u00edch \u00fadaj\u016f - INGRITECH\",\"isPartOf\":{\"@id\":\"https:\/\/ingritech.pl\/cs\/#website\"},\"datePublished\":\"2025-01-26T12:25:00+00:00\",\"dateModified\":\"2025-01-26T12:25:00+00:00\",\"description\":\"Z\u00e1sady ochrany osobn\u00edch \u00fadaj\u016f spole\u010dnosti Ingritech. Z\u00e1sady ochrany osobn\u00edch \u00fadaj\u016f spole\u010dnosti Ingritech. Rozsah a \u00fa\u010del zpracov\u00e1n\u00ed \u00fadaj\u016f, pr\u00e1va dot\u010den\u00fdch osob a dal\u0161\u00ed informace.\",\"breadcrumb\":{\"@id\":\"https:\/\/ingritech.pl\/cs\/zasady-ochrany-osobnich-udaju\/#breadcrumb\"},\"inLanguage\":\"cs\",\"potentialAction\":[{\"@type\":\"ReadAction\",\"target\":[\"https:\/\/ingritech.pl\/cs\/zasady-ochrany-osobnich-udaju\/\"]}]},{\"@type\":\"BreadcrumbList\",\"@id\":\"https:\/\/ingritech.pl\/cs\/zasady-ochrany-osobnich-udaju\/#breadcrumb\",\"itemListElement\":[{\"@type\":\"ListItem\",\"position\":1,\"name\":\"Strona g\u0142\u00f3wna\",\"item\":\"https:\/\/ingritech.pl\/cs\/\"},{\"@type\":\"ListItem\",\"position\":2,\"name\":\"Z\u00e1sady ochrany osobn\u00edch \u00fadaj\u016f\"}]},{\"@type\":\"WebSite\",\"@id\":\"https:\/\/ingritech.pl\/cs\/#website\",\"url\":\"https:\/\/ingritech.pl\/cs\/\",\"name\":\"Ingritech\",\"description\":\"SUPPLIES AND RAW MATERIALS FOR INDUSTRY\",\"publisher\":{\"@id\":\"https:\/\/ingritech.pl\/cs\/#organization\"},\"alternateName\":\"Ingritech - SUPPLIES AND RAW MATERIALS FOR INDUSTRY\",\"potentialAction\":[{\"@type\":\"SearchAction\",\"target\":{\"@type\":\"EntryPoint\",\"urlTemplate\":\"https:\/\/ingritech.pl\/cs\/?s={search_term_string}\"},\"query-input\":{\"@type\":\"PropertyValueSpecification\",\"valueRequired\":true,\"valueName\":\"search_term_string\"}}],\"inLanguage\":\"cs\"},{\"@type\":\"Organization\",\"@id\":\"https:\/\/ingritech.pl\/cs\/#organization\",\"name\":\"Ingritech\",\"alternateName\":\"Ingritech - sklep z materia\u0142ami eksploatacyjnymi i surowcami dla przemys\u0142u\",\"url\":\"https:\/\/ingritech.pl\/cs\/\",\"logo\":{\"@type\":\"ImageObject\",\"inLanguage\":\"cs\",\"@id\":\"https:\/\/ingritech.pl\/cs\/#\/schema\/logo\/image\/\",\"url\":\"https:\/\/ingritech.pl\/wp-content\/uploads\/2025\/01\/ingretech-logo.webp\",\"contentUrl\":\"https:\/\/ingritech.pl\/wp-content\/uploads\/2025\/01\/ingretech-logo.webp\",\"width\":1280,\"height\":182,\"caption\":\"Ingritech\"},\"image\":{\"@id\":\"https:\/\/ingritech.pl\/cs\/#\/schema\/logo\/image\/\"},\"sameAs\":[\"https:\/\/wa.me\/+48453077323\"]}]}<\/script>\n<!-- \/ Yoast SEO plugin. -->","yoast_head_json":{"title":"Z\u00e1sady ochrany osobn\u00edch \u00fadaj\u016f - INGRITECH","description":"Z\u00e1sady ochrany osobn\u00edch \u00fadaj\u016f spole\u010dnosti Ingritech. Z\u00e1sady ochrany osobn\u00edch \u00fadaj\u016f spole\u010dnosti Ingritech. Rozsah a \u00fa\u010del zpracov\u00e1n\u00ed \u00fadaj\u016f, pr\u00e1va dot\u010den\u00fdch osob a dal\u0161\u00ed informace.","robots":{"index":"index","follow":"follow","max-snippet":"max-snippet:-1","max-image-preview":"max-image-preview:large","max-video-preview":"max-video-preview:-1"},"canonical":"https:\/\/ingritech.pl\/cs\/zasady-ochrany-osobnich-udaju\/","og_locale":"cs_CZ","og_type":"article","og_title":"Z\u00e1sady ochrany osobn\u00edch \u00fadaj\u016f - INGRITECH","og_description":"Z\u00e1sady ochrany osobn\u00edch \u00fadaj\u016f spole\u010dnosti Ingritech. Z\u00e1sady ochrany osobn\u00edch \u00fadaj\u016f spole\u010dnosti Ingritech. Rozsah a \u00fa\u010del zpracov\u00e1n\u00ed \u00fadaj\u016f, pr\u00e1va dot\u010den\u00fdch osob a dal\u0161\u00ed informace.","og_url":"https:\/\/ingritech.pl\/cs\/zasady-ochrany-osobnich-udaju\/","og_site_name":"INGRITECH","og_image":[{"width":1280,"height":182,"url":"https:\/\/ingritech.pl\/wp-content\/uploads\/2025\/01\/ingretech-logo.webp","type":"image\/webp"}],"twitter_card":"summary_large_image","twitter_misc":{"Odhadovan\u00e1 doba \u010dten\u00ed":"8 minut"},"schema":{"@context":"https:\/\/schema.org","@graph":[{"@type":"WebPage","@id":"https:\/\/ingritech.pl\/cs\/zasady-ochrany-osobnich-udaju\/","url":"https:\/\/ingritech.pl\/cs\/zasady-ochrany-osobnich-udaju\/","name":"Z\u00e1sady ochrany osobn\u00edch \u00fadaj\u016f - INGRITECH","isPartOf":{"@id":"https:\/\/ingritech.pl\/cs\/#website"},"datePublished":"2025-01-26T12:25:00+00:00","dateModified":"2025-01-26T12:25:00+00:00","description":"Z\u00e1sady ochrany osobn\u00edch \u00fadaj\u016f spole\u010dnosti Ingritech. Z\u00e1sady ochrany osobn\u00edch \u00fadaj\u016f spole\u010dnosti Ingritech. Rozsah a \u00fa\u010del zpracov\u00e1n\u00ed \u00fadaj\u016f, pr\u00e1va dot\u010den\u00fdch osob a dal\u0161\u00ed informace.","breadcrumb":{"@id":"https:\/\/ingritech.pl\/cs\/zasady-ochrany-osobnich-udaju\/#breadcrumb"},"inLanguage":"cs","potentialAction":[{"@type":"ReadAction","target":["https:\/\/ingritech.pl\/cs\/zasady-ochrany-osobnich-udaju\/"]}]},{"@type":"BreadcrumbList","@id":"https:\/\/ingritech.pl\/cs\/zasady-ochrany-osobnich-udaju\/#breadcrumb","itemListElement":[{"@type":"ListItem","position":1,"name":"Strona g\u0142\u00f3wna","item":"https:\/\/ingritech.pl\/cs\/"},{"@type":"ListItem","position":2,"name":"Z\u00e1sady ochrany osobn\u00edch \u00fadaj\u016f"}]},{"@type":"WebSite","@id":"https:\/\/ingritech.pl\/cs\/#website","url":"https:\/\/ingritech.pl\/cs\/","name":"Ingritech","description":"SUPPLIES AND RAW MATERIALS FOR INDUSTRY","publisher":{"@id":"https:\/\/ingritech.pl\/cs\/#organization"},"alternateName":"Ingritech - SUPPLIES AND RAW MATERIALS FOR INDUSTRY","potentialAction":[{"@type":"SearchAction","target":{"@type":"EntryPoint","urlTemplate":"https:\/\/ingritech.pl\/cs\/?s={search_term_string}"},"query-input":{"@type":"PropertyValueSpecification","valueRequired":true,"valueName":"search_term_string"}}],"inLanguage":"cs"},{"@type":"Organization","@id":"https:\/\/ingritech.pl\/cs\/#organization","name":"Ingritech","alternateName":"Ingritech - sklep z materia\u0142ami eksploatacyjnymi i surowcami dla przemys\u0142u","url":"https:\/\/ingritech.pl\/cs\/","logo":{"@type":"ImageObject","inLanguage":"cs","@id":"https:\/\/ingritech.pl\/cs\/#\/schema\/logo\/image\/","url":"https:\/\/ingritech.pl\/wp-content\/uploads\/2025\/01\/ingretech-logo.webp","contentUrl":"https:\/\/ingritech.pl\/wp-content\/uploads\/2025\/01\/ingretech-logo.webp","width":1280,"height":182,"caption":"Ingritech"},"image":{"@id":"https:\/\/ingritech.pl\/cs\/#\/schema\/logo\/image\/"},"sameAs":["https:\/\/wa.me\/+48453077323"]}]}},"_links":{"self":[{"href":"https:\/\/ingritech.pl\/cs\/wp-json\/wp\/v2\/pages\/12935","targetHints":{"allow":["GET"]}}],"collection":[{"href":"https:\/\/ingritech.pl\/cs\/wp-json\/wp\/v2\/pages"}],"about":[{"href":"https:\/\/ingritech.pl\/cs\/wp-json\/wp\/v2\/types\/page"}],"author":[{"embeddable":true,"href":"https:\/\/ingritech.pl\/cs\/wp-json\/wp\/v2\/users\/2"}],"replies":[{"embeddable":true,"href":"https:\/\/ingritech.pl\/cs\/wp-json\/wp\/v2\/comments?post=12935"}],"version-history":[{"count":0,"href":"https:\/\/ingritech.pl\/cs\/wp-json\/wp\/v2\/pages\/12935\/revisions"}],"wp:attachment":[{"href":"https:\/\/ingritech.pl\/cs\/wp-json\/wp\/v2\/media?parent=12935"}],"curies":[{"name":"wp","href":"https:\/\/api.w.org\/{rel}","templated":true}]}}