{"id":12962,"date":"2019-09-17T08:55:14","date_gmt":"2019-09-17T06:55:14","guid":{"rendered":"https:\/\/ingritech.pl\/media\/"},"modified":"2026-04-20T13:53:20","modified_gmt":"2026-04-20T11:53:20","slug":"media","status":"publish","type":"page","link":"https:\/\/ingritech.pl\/cs\/media\/","title":{"rendered":"M\u00e9dia"},"content":{"rendered":"<div class=\"wpb-content-wrapper\"><p>[vc_row][vc_column width=&#8221;2\/3&#8243;][vc_video link=&#8221;https:\/\/www.youtube.com\/watch?v=AMBPcjzPbq0&#8243; css=&#8221;&#8221;][\/vc_column][vc_column width=&#8221;1\/3&#8243;][vc_video link=&#8221;https:\/\/www.youtube.com\/shorts\/xnGjezb9GT0&#8243; el_aspect=&#8221;916&#8243; css=&#8221;&#8221;][\/vc_column][\/vc_row][vc_row][vc_column width=&#8221;1\/3&#8243;][vc_video link=&#8221;https:\/\/www.youtube.com\/shorts\/sAoFNKj8Rpg&#8221; el_aspect=&#8221;916&#8243; css=&#8221;&#8221;][\/vc_column][vc_column width=&#8221;2\/3&#8243;][vc_video link=&#8221;https:\/\/www.youtube.com\/watch?v=7DS9GnJC1DE&#8221; css=&#8221;&#8221;][\/vc_column][\/vc_row]<\/p>\n<\/div>","protected":false},"excerpt":{"rendered":"<p>[vc_row][vc_column width=&#8221;2\/3&#8243;][vc_video link=&#8221;https:\/\/www.youtube.com\/watch?v=AMBPcjzPbq0&#8243; css=&#8221;&#8221;][\/vc_column][vc_column width=&#8221;1\/3&#8243;][vc_video link=&#8221;https:\/\/www.youtube.com\/shorts\/xnGjezb9GT0&#8243; el_aspect=&#8221;916&#8243; css=&#8221;&#8221;][\/vc_column][\/vc_row][vc_row][vc_column width=&#8221;1\/3&#8243;][vc_video link=&#8221;https:\/\/www.youtube.com\/shorts\/sAoFNKj8Rpg&#8221; el_aspect=&#8221;916&#8243; css=&#8221;&#8221;][\/vc_column][vc_column width=&#8221;2\/3&#8243;][vc_video link=&#8221;https:\/\/www.youtube.com\/watch?v=7DS9GnJC1DE&#8221; css=&#8221;&#8221;][\/vc_column][\/vc_row]<\/p>\n","protected":false},"author":1,"featured_media":0,"parent":0,"menu_order":0,"comment_status":"closed","ping_status":"closed","template":"","meta":{"footnotes":""},"class_list":["post-12962","page","type-page","status-publish","hentry"],"yoast_head":"<!-- This site is optimized with the Yoast SEO plugin v24.3 - https:\/\/yoast.com\/wordpress\/plugins\/seo\/ -->\n<title>Medi\u00e1ln\u00ed materi\u00e1ly spole\u010dnosti Ingritech<\/title>\n<meta name=\"description\" content=\"Ve\u0161ker\u00e9 medi\u00e1ln\u00ed materi\u00e1ly od spole\u010dnosti Ingritech. Pod\u00edvejte se na videa a propaga\u010dn\u00ed materi\u00e1ly k produkt\u016fm Ingritech.\" \/>\n<meta name=\"robots\" content=\"index, follow, max-snippet:-1, max-image-preview:large, max-video-preview:-1\" \/>\n<link rel=\"canonical\" href=\"https:\/\/ingritech.pl\/cs\/media\/\" \/>\n<meta property=\"og:locale\" content=\"cs_CZ\" \/>\n<meta property=\"og:type\" content=\"article\" \/>\n<meta property=\"og:title\" content=\"Medi\u00e1ln\u00ed materi\u00e1ly spole\u010dnosti Ingritech\" \/>\n<meta property=\"og:description\" content=\"Ve\u0161ker\u00e9 medi\u00e1ln\u00ed materi\u00e1ly od spole\u010dnosti Ingritech. Pod\u00edvejte se na videa a propaga\u010dn\u00ed materi\u00e1ly k produkt\u016fm Ingritech.\" \/>\n<meta property=\"og:url\" content=\"https:\/\/ingritech.pl\/cs\/media\/\" \/>\n<meta property=\"og:site_name\" content=\"INGRITECH\" \/>\n<meta property=\"article:modified_time\" content=\"2026-04-20T11:53:20+00:00\" \/>\n<meta property=\"og:image\" content=\"https:\/\/ingritech.pl\/wp-content\/uploads\/2025\/01\/ingretech-logo.webp\" \/>\n\t<meta property=\"og:image:width\" content=\"1280\" \/>\n\t<meta property=\"og:image:height\" content=\"182\" \/>\n\t<meta property=\"og:image:type\" content=\"image\/webp\" \/>\n<meta name=\"twitter:card\" content=\"summary_large_image\" \/>\n<script type=\"application\/ld+json\" class=\"yoast-schema-graph\">{\"@context\":\"https:\/\/schema.org\",\"@graph\":[{\"@type\":\"WebPage\",\"@id\":\"https:\/\/ingritech.pl\/cs\/media\/\",\"url\":\"https:\/\/ingritech.pl\/cs\/media\/\",\"name\":\"Medi\u00e1ln\u00ed materi\u00e1ly spole\u010dnosti Ingritech\",\"isPartOf\":{\"@id\":\"https:\/\/ingritech.pl\/cs\/#website\"},\"datePublished\":\"2019-09-17T06:55:14+00:00\",\"dateModified\":\"2026-04-20T11:53:20+00:00\",\"description\":\"Ve\u0161ker\u00e9 medi\u00e1ln\u00ed materi\u00e1ly od spole\u010dnosti Ingritech. Pod\u00edvejte se na videa a propaga\u010dn\u00ed materi\u00e1ly k produkt\u016fm Ingritech.\",\"breadcrumb\":{\"@id\":\"https:\/\/ingritech.pl\/cs\/media\/#breadcrumb\"},\"inLanguage\":\"cs\",\"potentialAction\":[{\"@type\":\"ReadAction\",\"target\":[\"https:\/\/ingritech.pl\/cs\/media\/\"]}]},{\"@type\":\"BreadcrumbList\",\"@id\":\"https:\/\/ingritech.pl\/cs\/media\/#breadcrumb\",\"itemListElement\":[{\"@type\":\"ListItem\",\"position\":1,\"name\":\"Strona g\u0142\u00f3wna\",\"item\":\"https:\/\/ingritech.pl\/cs\/\"},{\"@type\":\"ListItem\",\"position\":2,\"name\":\"M\u00e9dia\"}]},{\"@type\":\"WebSite\",\"@id\":\"https:\/\/ingritech.pl\/cs\/#website\",\"url\":\"https:\/\/ingritech.pl\/cs\/\",\"name\":\"Ingritech\",\"description\":\"SUPPLIES AND RAW MATERIALS FOR INDUSTRY\",\"publisher\":{\"@id\":\"https:\/\/ingritech.pl\/cs\/#organization\"},\"alternateName\":\"Ingritech - SUPPLIES AND RAW MATERIALS FOR INDUSTRY\",\"potentialAction\":[{\"@type\":\"SearchAction\",\"target\":{\"@type\":\"EntryPoint\",\"urlTemplate\":\"https:\/\/ingritech.pl\/cs\/?s={search_term_string}\"},\"query-input\":{\"@type\":\"PropertyValueSpecification\",\"valueRequired\":true,\"valueName\":\"search_term_string\"}}],\"inLanguage\":\"cs\"},{\"@type\":\"Organization\",\"@id\":\"https:\/\/ingritech.pl\/cs\/#organization\",\"name\":\"Ingritech\",\"alternateName\":\"Ingritech - sklep z materia\u0142ami eksploatacyjnymi i surowcami dla przemys\u0142u\",\"url\":\"https:\/\/ingritech.pl\/cs\/\",\"logo\":{\"@type\":\"ImageObject\",\"inLanguage\":\"cs\",\"@id\":\"https:\/\/ingritech.pl\/cs\/#\/schema\/logo\/image\/\",\"url\":\"https:\/\/ingritech.pl\/wp-content\/uploads\/2025\/01\/ingretech-logo.webp\",\"contentUrl\":\"https:\/\/ingritech.pl\/wp-content\/uploads\/2025\/01\/ingretech-logo.webp\",\"width\":1280,\"height\":182,\"caption\":\"Ingritech\"},\"image\":{\"@id\":\"https:\/\/ingritech.pl\/cs\/#\/schema\/logo\/image\/\"},\"sameAs\":[\"https:\/\/wa.me\/+48453077323\"]}]}<\/script>\n<!-- \/ Yoast SEO plugin. -->","yoast_head_json":{"title":"Medi\u00e1ln\u00ed materi\u00e1ly spole\u010dnosti Ingritech","description":"Ve\u0161ker\u00e9 medi\u00e1ln\u00ed materi\u00e1ly od spole\u010dnosti Ingritech. Pod\u00edvejte se na videa a propaga\u010dn\u00ed materi\u00e1ly k produkt\u016fm Ingritech.","robots":{"index":"index","follow":"follow","max-snippet":"max-snippet:-1","max-image-preview":"max-image-preview:large","max-video-preview":"max-video-preview:-1"},"canonical":"https:\/\/ingritech.pl\/cs\/media\/","og_locale":"cs_CZ","og_type":"article","og_title":"Medi\u00e1ln\u00ed materi\u00e1ly spole\u010dnosti Ingritech","og_description":"Ve\u0161ker\u00e9 medi\u00e1ln\u00ed materi\u00e1ly od spole\u010dnosti Ingritech. Pod\u00edvejte se na videa a propaga\u010dn\u00ed materi\u00e1ly k produkt\u016fm Ingritech.","og_url":"https:\/\/ingritech.pl\/cs\/media\/","og_site_name":"INGRITECH","article_modified_time":"2026-04-20T11:53:20+00:00","og_image":[{"width":1280,"height":182,"url":"https:\/\/ingritech.pl\/wp-content\/uploads\/2025\/01\/ingretech-logo.webp","type":"image\/webp"}],"twitter_card":"summary_large_image","schema":{"@context":"https:\/\/schema.org","@graph":[{"@type":"WebPage","@id":"https:\/\/ingritech.pl\/cs\/media\/","url":"https:\/\/ingritech.pl\/cs\/media\/","name":"Medi\u00e1ln\u00ed materi\u00e1ly spole\u010dnosti Ingritech","isPartOf":{"@id":"https:\/\/ingritech.pl\/cs\/#website"},"datePublished":"2019-09-17T06:55:14+00:00","dateModified":"2026-04-20T11:53:20+00:00","description":"Ve\u0161ker\u00e9 medi\u00e1ln\u00ed materi\u00e1ly od spole\u010dnosti Ingritech. Pod\u00edvejte se na videa a propaga\u010dn\u00ed materi\u00e1ly k produkt\u016fm Ingritech.","breadcrumb":{"@id":"https:\/\/ingritech.pl\/cs\/media\/#breadcrumb"},"inLanguage":"cs","potentialAction":[{"@type":"ReadAction","target":["https:\/\/ingritech.pl\/cs\/media\/"]}]},{"@type":"BreadcrumbList","@id":"https:\/\/ingritech.pl\/cs\/media\/#breadcrumb","itemListElement":[{"@type":"ListItem","position":1,"name":"Strona g\u0142\u00f3wna","item":"https:\/\/ingritech.pl\/cs\/"},{"@type":"ListItem","position":2,"name":"M\u00e9dia"}]},{"@type":"WebSite","@id":"https:\/\/ingritech.pl\/cs\/#website","url":"https:\/\/ingritech.pl\/cs\/","name":"Ingritech","description":"SUPPLIES AND RAW MATERIALS FOR INDUSTRY","publisher":{"@id":"https:\/\/ingritech.pl\/cs\/#organization"},"alternateName":"Ingritech - SUPPLIES AND RAW MATERIALS FOR INDUSTRY","potentialAction":[{"@type":"SearchAction","target":{"@type":"EntryPoint","urlTemplate":"https:\/\/ingritech.pl\/cs\/?s={search_term_string}"},"query-input":{"@type":"PropertyValueSpecification","valueRequired":true,"valueName":"search_term_string"}}],"inLanguage":"cs"},{"@type":"Organization","@id":"https:\/\/ingritech.pl\/cs\/#organization","name":"Ingritech","alternateName":"Ingritech - sklep z materia\u0142ami eksploatacyjnymi i surowcami dla przemys\u0142u","url":"https:\/\/ingritech.pl\/cs\/","logo":{"@type":"ImageObject","inLanguage":"cs","@id":"https:\/\/ingritech.pl\/cs\/#\/schema\/logo\/image\/","url":"https:\/\/ingritech.pl\/wp-content\/uploads\/2025\/01\/ingretech-logo.webp","contentUrl":"https:\/\/ingritech.pl\/wp-content\/uploads\/2025\/01\/ingretech-logo.webp","width":1280,"height":182,"caption":"Ingritech"},"image":{"@id":"https:\/\/ingritech.pl\/cs\/#\/schema\/logo\/image\/"},"sameAs":["https:\/\/wa.me\/+48453077323"]}]}},"_links":{"self":[{"href":"https:\/\/ingritech.pl\/cs\/wp-json\/wp\/v2\/pages\/12962","targetHints":{"allow":["GET"]}}],"collection":[{"href":"https:\/\/ingritech.pl\/cs\/wp-json\/wp\/v2\/pages"}],"about":[{"href":"https:\/\/ingritech.pl\/cs\/wp-json\/wp\/v2\/types\/page"}],"author":[{"embeddable":true,"href":"https:\/\/ingritech.pl\/cs\/wp-json\/wp\/v2\/users\/1"}],"replies":[{"embeddable":true,"href":"https:\/\/ingritech.pl\/cs\/wp-json\/wp\/v2\/comments?post=12962"}],"version-history":[{"count":1,"href":"https:\/\/ingritech.pl\/cs\/wp-json\/wp\/v2\/pages\/12962\/revisions"}],"predecessor-version":[{"id":12972,"href":"https:\/\/ingritech.pl\/cs\/wp-json\/wp\/v2\/pages\/12962\/revisions\/12972"}],"wp:attachment":[{"href":"https:\/\/ingritech.pl\/cs\/wp-json\/wp\/v2\/media?parent=12962"}],"curies":[{"name":"wp","href":"https:\/\/api.w.org\/{rel}","templated":true}]}}