{"id":12087,"date":"2025-06-05T18:57:25","date_gmt":"2025-06-05T16:57:25","guid":{"rendered":"https:\/\/ingritech.pl\/product\/polyester-epoxidove-barvy-topo-malujeme\/"},"modified":"2026-04-13T13:19:37","modified_gmt":"2026-04-13T11:19:37","slug":"polyester-epoxidove-barvy-topo-malujeme","status":"publish","type":"product","link":"https:\/\/ingritech.pl\/cs\/product\/polyester-epoxidove-barvy-topo-malujeme\/","title":{"rendered":"Polyester-epoxidov\u00e9 barvy TOPO \u2013 malujeme!"},"content":{"rendered":"<section>\n<h3>Hlavn\u00ed vlastnosti polyester-epoxidov\u00fdch barev:<\/h3>\n<ul>\n<li><strong>Vynikaj\u00edc\u00ed p\u0159ilnavost<\/strong> \u2013 dokonal\u00e9 p\u0159ilnut\u00ed k r\u016fzn\u00fdm kovov\u00fdm povrch\u016fm.<\/li>\n<li><strong>Vysok\u00e1 chemick\u00e1 a mechanick\u00e1 odolnost<\/strong> \u2013 ochrana p\u0159ed po\u0161kr\u00e1b\u00e1n\u00edm, n\u00e1razy a kontaktem s \u010distic\u00edmi prost\u0159edky a oleji.<\/li>\n<li><strong>Odolnost v\u016f\u010di vysok\u00fdm teplot\u00e1m<\/strong> \u2013 zachov\u00e1n\u00ed vlastnost\u00ed a barvy i p\u0159i intenzivn\u00edm zah\u0159\u00edv\u00e1n\u00ed.<\/li>\n<li><strong>Estetick\u00fd povrch<\/strong> \u2013 jednotn\u00fd vzhled bez \u0161mouh a skvrn.<\/li>\n<li><strong>St\u00e1lost barev<\/strong> \u2013 odolnost proti vyblednut\u00ed, kter\u00e1 zaji\u0161\u0165uje dlouhodob\u00fd vizu\u00e1ln\u00ed efekt.<\/li>\n<li><strong>Rychl\u00e9 schnut\u00ed a kr\u00e1tk\u00e1 doba vypalov\u00e1n\u00ed<\/strong> \u2013 pouh\u00fdch 10 minut p\u0159i 180 \u00b0C, co\u017e zvy\u0161uje efektivitu v\u00fdroby.<\/li>\n<li><strong>N\u00edzk\u00e9 emise VOC<\/strong> \u2013 \u0159e\u0161en\u00ed \u0161etrn\u00e9 k \u017eivotn\u00edmu prost\u0159ed\u00ed a spl\u0148uj\u00edc\u00ed nejnov\u011bj\u0161\u00ed normy.<\/li>\n<li><strong>Snadn\u00e1 \u00fadr\u017eba<\/strong> \u2013 povrchy lze rychle a \u00fa\u010dinn\u011b \u010distit.<\/li>\n<\/ul>\n<h3>Typick\u00e9 pou\u017eit\u00ed:<\/h3>\n<ul>\n<li>Skladov\u00e9 sk\u0159\u00edn\u011b a reg\u00e1ly<\/li>\n<li>Kovov\u00fd n\u00e1bytek do kancel\u00e1\u0159\u00ed a archiv\u016f<\/li>\n<li>Vnit\u0159n\u00ed sou\u010d\u00e1sti pr\u016fmyslov\u00fdch stroj\u016f<\/li>\n<li>Elektronick\u00e1 za\u0159\u00edzen\u00ed a jejich kryty<\/li>\n<li>Dom\u00e1c\u00ed spot\u0159ebi\u010de: trouby, pra\u010dky, my\u010dky<\/li>\n<li>Radi\u00e1tory a topn\u00e9 prvky<\/li>\n<li>Profesion\u00e1ln\u00ed n\u00e1\u0159ad\u00ed<\/li>\n<li>N\u00e1doby na chemik\u00e1lie a \u010distic\u00ed prost\u0159edky<\/li>\n<\/ul>\n<p>&nbsp;<\/p>\n<div class=\"ritz grid-container\" dir=\"ltr\">\n<table class=\"waffle\" cellspacing=\"0\" cellpadding=\"0\">\n<thead>\n<tr>\n<th class=\"row-header freezebar-origin-ltr\"><\/th>\n<th id=\"443551575C0\" class=\"column-headers-background\" style=\"width: 86px;\"><img loading=\"lazy\" decoding=\"async\" class=\"alignnone size-medium wp-image-10610\" src=\"https:\/\/ingritech.pl\/wp-content\/uploads\/2025\/06\/Logo_kontakt-300x89.webp\" alt=\"\" width=\"300\" height=\"89\" srcset=\"https:\/\/ingritech.pl\/wp-content\/uploads\/2025\/06\/Logo_kontakt-300x89.webp 300w, https:\/\/ingritech.pl\/wp-content\/uploads\/2025\/06\/Logo_kontakt.webp 330w\" sizes=\"auto, (max-width: 300px) 100vw, 300px\" \/><\/th>\n<th id=\"443551575C1\" class=\"column-headers-background\" style=\"width: 175px;\"><\/th>\n<th id=\"443551575C2\" class=\"column-headers-background\" style=\"width: 117px;\"><\/th>\n<th id=\"443551575C3\" class=\"column-headers-background\" style=\"width: 324px;\"><\/th>\n<\/tr>\n<\/thead>\n<tbody>\n<tr style=\"height: 20px;\">\n<th id=\"443551575R0\" class=\"row-headers-background\" style=\"height: 20px;\">\n<div class=\"row-header-wrapper\" style=\"line-height: 20px;\"><\/div>\n<\/th>\n<td class=\"s0\" style=\"text-align: center;\"><\/td>\n<td class=\"s1\" style=\"text-align: center;\"><strong>K\u00f3d RAL<\/strong><\/td>\n<td class=\"s1\" style=\"text-align: center;\"><strong>K\u00f3d produktu<\/strong><\/td>\n<td class=\"s1\" style=\"text-align: center;\"><strong>Typ barvy<\/strong><\/td>\n<\/tr>\n<tr style=\"height: 87px;\">\n<th id=\"443551575R1\" class=\"row-headers-background\" style=\"height: 87px;\">\n<div class=\"row-header-wrapper\" style=\"line-height: 87px;\">1<\/div>\n<\/th>\n<td class=\"s2\" dir=\"ltr\">\n<div style=\"width: 86px; height: 87px;\"><img decoding=\"async\" style=\"width: inherit; height: inherit; object-fit: scale-down; object-position: left center;\" src=\"https:\/\/lh7-rt.googleusercontent.com\/sheetsz\/AHOq17HH9R-APH9FYqUksKy7d-UMzql4sbTHzZjYAwTrVbJA4xUC8_O3r8aWFHvJE5lZH9I9y8AF4mqyL273jyzk2BonkLRXelIuvHgv8WqPnHWf4_W0uHF0VyyL9Md4t1td0xedZV8s=w86-h87?key=KexDloshOukvfhpp2TITNA\" \/><\/div>\n<\/td>\n<td class=\"s3\" dir=\"ltr\">TEHM-RAL7001<\/td>\n<td class=\"s4\" dir=\"ltr\">T0463<\/td>\n<td class=\"s5\" dir=\"ltr\">Epoxid-polyester, hladk\u00fd, polomatn\u00fd<\/td>\n<\/tr>\n<tr style=\"height: 87px;\">\n<th id=\"443551575R2\" class=\"row-headers-background\" style=\"height: 87px;\">\n<div class=\"row-header-wrapper\" style=\"line-height: 87px;\">2<\/div>\n<\/th>\n<td class=\"s2\" dir=\"ltr\">\n<div style=\"width: 86px; height: 87px;\"><img decoding=\"async\" style=\"width: inherit; height: inherit; object-fit: scale-down; object-position: left center;\" src=\"https:\/\/lh7-rt.googleusercontent.com\/sheetsz\/AHOq17G8mTFTF6h6JHf9zVFMznuZWldP4r-OrO8ISdYknV7z9oXhMewjnDdrE2fV55vunKGszg0WMg3vGxeCHbjOQjCxyiPQSxdKt7ViXMogYK1g6PlGG57tIuThnBg_e47g3KSSAkgN=w86-h87?key=KexDloshOukvfhpp2TITNA\" \/><\/div>\n<\/td>\n<td class=\"s3\" dir=\"ltr\">TEHN-RAL7015<\/td>\n<td class=\"s4\" dir=\"ltr\">T0377<\/td>\n<td class=\"s5\" dir=\"ltr\">Epoxid-polyester, hladk\u00fd, matn\u00fd<\/td>\n<\/tr>\n<tr style=\"height: 87px;\">\n<th id=\"443551575R3\" class=\"row-headers-background\" style=\"height: 87px;\">\n<div class=\"row-header-wrapper\" style=\"line-height: 87px;\">3<\/div>\n<\/th>\n<td class=\"s2\" dir=\"ltr\">\n<div style=\"width: 86px; height: 87px;\"><img decoding=\"async\" style=\"width: inherit; height: inherit; object-fit: scale-down; object-position: left center;\" src=\"https:\/\/lh7-rt.googleusercontent.com\/sheetsz\/AHOq17F2uWbAYhu5gYnQM0H_qbE8Ny6Sj6KYGnd2SGTsiZc-j9jhctqMykPEH9ja8AnJsgFpEW5T8TxkFEqIKVinyf_mrpCEl5sLdrfcGjV9karKIzzkBahseoW_tC_uetb0hyrV_-LN7g=w86-h87?key=KexDloshOukvfhpp2TITNA\" \/><\/div>\n<\/td>\n<td class=\"s3\" dir=\"ltr\">TESN-RAL7016<\/td>\n<td class=\"s4\" dir=\"ltr\">T0465<\/td>\n<td class=\"s5\" dir=\"ltr\">Epoxid-polyester, jemn\u00e1 struktura, matn\u00fd<\/td>\n<\/tr>\n<tr style=\"height: 87px;\">\n<th id=\"443551575R4\" class=\"row-headers-background\" style=\"height: 87px;\">\n<div class=\"row-header-wrapper\" style=\"line-height: 87px;\">4<\/div>\n<\/th>\n<td class=\"s2\" dir=\"ltr\">\n<div style=\"width: 86px; height: 87px;\"><img decoding=\"async\" style=\"width: inherit; height: inherit; object-fit: scale-down; object-position: left center;\" src=\"https:\/\/lh7-rt.googleusercontent.com\/sheetsz\/AHOq17Grz9sSOidbxGxjCtKl33-4Kpyo68yGH7Oikj1WkZMkw2GMO9e4WS9dBUMNuz_BC90oi-sadhLhTCMIZ6LPl72nrIpPD4bPiRy_Pda97veMkiP-_trzBglmG3fyGTG-lCN3n-xARw=w86-h87?key=KexDloshOukvfhpp2TITNA\" \/><\/div>\n<\/td>\n<td class=\"s3\" dir=\"ltr\">TEHM-RAL7035<\/td>\n<td class=\"s4\" dir=\"ltr\">T0462<\/td>\n<td class=\"s5\" dir=\"ltr\">Epoxid-polyester, hladk\u00fd, polomatn\u00fd<\/td>\n<\/tr>\n<tr style=\"height: 87px;\">\n<th id=\"443551575R5\" class=\"row-headers-background\" style=\"height: 87px;\">\n<div class=\"row-header-wrapper\" style=\"line-height: 87px;\">5<\/div>\n<\/th>\n<td class=\"s2\" dir=\"ltr\">\n<div style=\"width: 86px; height: 87px;\"><img decoding=\"async\" style=\"width: inherit; height: inherit; object-fit: scale-down; object-position: left center;\" src=\"https:\/\/lh7-rt.googleusercontent.com\/sheetsz\/AHOq17Grz9sSOidbxGxjCtKl33-4Kpyo68yGH7Oikj1WkZMkw2GMO9e4WS9dBUMNuz_BC90oi-sadhLhTCMIZ6LPl72nrIpPD4bPiRy_Pda97veMkiP-_trzBglmG3fyGTG-lCN3n-xARw=w86-h87?key=KexDloshOukvfhpp2TITNA\" \/><\/div>\n<\/td>\n<td class=\"s3\" dir=\"ltr\">PEJM-RAL7035<\/td>\n<td class=\"s4\" dir=\"ltr\">T1256<\/td>\n<td class=\"s5\" dir=\"ltr\">Epoxid-polyester, hrub\u00e1 struktura, leskl\u00fd<\/td>\n<\/tr>\n<tr style=\"height: 87px;\">\n<th id=\"443551575R6\" class=\"row-headers-background\" style=\"height: 87px;\">\n<div class=\"row-header-wrapper\" style=\"line-height: 87px;\">6<\/div>\n<\/th>\n<td class=\"s2\" dir=\"ltr\">\n<div style=\"width: 86px; height: 87px;\"><img decoding=\"async\" style=\"width: inherit; height: inherit; object-fit: scale-down; object-position: left center;\" src=\"https:\/\/lh7-rt.googleusercontent.com\/sheetsz\/AHOq17ETE8pSnoQPhR54TIeo9z9niHl4SfrcCj3BqQ8uqYRiI8KC22N-BoXxPLDPDCtPOcb3sEWyT4RFswWsuRYfBYLIEQakwNy0H1D0UiMsZpqRMiSLkfX-3KoGHuKM6NAhkBXUWIOX-w=w86-h87?key=KexDloshOukvfhpp2TITNA\" \/><\/div>\n<\/td>\n<td class=\"s3\" dir=\"ltr\">PESM-RAL9005<\/td>\n<td class=\"s4\" dir=\"ltr\">T1262<\/td>\n<td class=\"s5\" dir=\"ltr\">Epoxid-polyester, jemn\u00e1 struktura, polomatn\u00fd<\/td>\n<\/tr>\n<tr style=\"height: 87px;\">\n<th id=\"443551575R7\" class=\"row-headers-background\" style=\"height: 87px;\">\n<div class=\"row-header-wrapper\" style=\"line-height: 87px;\">7<\/div>\n<\/th>\n<td class=\"s2\" dir=\"ltr\">\n<div style=\"width: 86px; height: 87px;\"><img decoding=\"async\" style=\"width: inherit; height: inherit; object-fit: scale-down; object-position: left center;\" src=\"https:\/\/lh7-rt.googleusercontent.com\/sheetsz\/AHOq17HRoQBUs9xJb-Fpvo66JKtu-t8DyG74_EsqBPxjsRHzs-9QQm9DH_cNL2KBVZASXfUsM8INhbzhonXRfTHtvXGbEti3UFIVg97iNGX8sMOy7D_MNiOULJdW9fYH72GryOy7yMn3Jg=w86-h87?key=KexDloshOukvfhpp2TITNA\" \/><\/div>\n<\/td>\n<td class=\"s3\" dir=\"ltr\">TEHM-RAL9010<\/td>\n<td class=\"s4\" dir=\"ltr\">T1116<\/td>\n<td class=\"s5\" dir=\"ltr\">Epoxid-polyester, hladk\u00fd, polomatn\u00fd<\/td>\n<\/tr>\n<tr style=\"height: 87px;\">\n<th id=\"443551575R8\" class=\"row-headers-background\" style=\"height: 87px;\">\n<div class=\"row-header-wrapper\" style=\"line-height: 87px;\">8<\/div>\n<\/th>\n<td class=\"s2\" dir=\"ltr\">\n<div style=\"width: 86px; height: 87px;\"><img decoding=\"async\" style=\"width: inherit; height: inherit; object-fit: scale-down; object-position: left center;\" src=\"https:\/\/lh7-rt.googleusercontent.com\/sheetsz\/AHOq17H0r8cjbPoN4pUQkA5KYzFBOWk_ca10OJ_4tiNeASXLe8Cj4scdcprVDu4iaHf70rU9eYFMzkcdKJSULPtfUrZdTjnZu5FqBVPEKSfbyFOUTGDRq3Ffb06S1eiJ63vIK5YYT8LiDw=w86-h87?key=KexDloshOukvfhpp2TITNA\" \/><\/div>\n<\/td>\n<td class=\"s3\" dir=\"ltr\">PEHL-RAL9016<\/td>\n<td class=\"s4\" dir=\"ltr\">T1264<\/td>\n<td class=\"s5\" dir=\"ltr\">Epoxid-polyester, hladk\u00fd, lesk 76\u201385 jednotek<\/td>\n<\/tr>\n<tr style=\"height: 16px;\">\n<th id=\"443551575R9\" class=\"row-headers-background\" style=\"height: 16px;\">\n<div class=\"row-header-wrapper\" style=\"line-height: 16px;\"><\/div>\n<\/th>\n<td class=\"s6\" dir=\"ltr\"><\/td>\n<td class=\"s7\" dir=\"ltr\"><\/td>\n<td class=\"s8\" dir=\"ltr\"><\/td>\n<td class=\"s6\" dir=\"ltr\"><\/td>\n<\/tr>\n<tr style=\"height: 398px;\">\n<th id=\"443551575R10\" class=\"row-headers-background\" style=\"height: 398px;\">\n<div class=\"row-header-wrapper\" style=\"line-height: 398px;\"><\/div>\n<\/th>\n<td class=\"s9\" colspan=\"4\">\n<div style=\"width: 705px; height: 398px;\"><img decoding=\"async\" style=\"width: inherit; height: inherit; object-fit: scale-down; object-position: left bottom;\" src=\"https:\/\/lh7-rt.googleusercontent.com\/sheetsz\/AHOq17H0oUgAFix1r9c-X99uWwTVFWsS72nBwZL-D5SxyY4JZotShKRF0pGeeInmRbzHhFAIdahRuaIXvy6Tgab8wDw0M5blbMgg08ww139OzVxCrBJ7yAfwYNesc0OM6WiNBRGZdPk6dg=w705-h398?key=KexDloshOukvfhpp2TITNA\" \/><\/div>\n<\/td>\n<\/tr>\n<\/tbody>\n<\/table>\n<\/div>\n<p><img loading=\"lazy\" decoding=\"async\" class=\"alignright wp-image-10614\" src=\"https:\/\/ingritech.pl\/wp-content\/uploads\/2025\/06\/Rohs.webp\" alt=\"\" width=\"185\" height=\"100\" \/> <img loading=\"lazy\" decoding=\"async\" class=\"alignright wp-image-10616\" src=\"https:\/\/ingritech.pl\/wp-content\/uploads\/2025\/06\/REACH.webp\" alt=\"\" width=\"114\" height=\"100\" \/><\/p>\n<\/section>\n","protected":false},"excerpt":{"rendered":"<p><strong>Polyester-epoxidov\u00e9 barvy TOPO<\/strong> p\u0159edstavuj\u00ed ide\u00e1ln\u00ed \u0159e\u0161en\u00ed pro n\u00e1t\u011bry vnit\u0159n\u00edch povrch\u016f, kter\u00e9 vy\u017eaduj\u00ed mimo\u0159\u00e1dnou odolnost proti mechanick\u00e9mu po\u0161kozen\u00ed, chemik\u00e1li\u00edm a vysok\u00fdm teplot\u00e1m.Povlak zaji\u0161\u0165uje hladk\u00fd a jednotn\u00fd povrch, kter\u00fd v\u00fdrobek nejen chr\u00e1n\u00ed, ale tak\u00e9 zvy\u0161uje jeho estetickou hodnotu.<\/p>\n<p><strong>TOPO Powder Coating<\/strong> je zna\u010dka pat\u0159\u00edc\u00ed spole\u010dnosti Feihong, kter\u00e1 m\u00e1 v\u00edce ne\u017e 30 let zku\u0161enost\u00ed s v\u00fdrobou pr\u00e1\u0161kov\u00fdch barev. N\u00e1\u0161 z\u00e1vod na Ukrajin\u011b umo\u017e\u0148uje rychl\u00e9 dod\u00e1vky a flexibiln\u00ed v\u00fdrobu p\u0159izp\u016fsobenou pot\u0159eb\u00e1m evropsk\u00e9ho trhu.<\/p>\n<p><em>Barvy jsou k dispozici ze skladu v Polsku (Vratislav a Var\u0161ava) nebo s kr\u00e1tkou dodac\u00ed lh\u016ftou (do 7 pracovn\u00edch dn\u016f). Nab\u00edz\u00edme tak\u00e9 v\u00fdrobu barev na individu\u00e1ln\u00ed zak\u00e1zku v odst\u00ednech RAL, Pantone, NCS, a tak\u00e9 na z\u00e1klad\u011b vzorku dodan\u00e9ho z\u00e1kazn\u00edkem.<\/em><\/p>\n<p>&nbsp;<\/p>\n","protected":false},"featured_media":12088,"template":"","meta":[],"product_brand":[365],"product_cat":[686],"product_tag":[687],"class_list":{"0":"post-12087","1":"product","2":"type-product","3":"status-publish","4":"has-post-thumbnail","6":"product_brand-topo","7":"product_cat-praskove-barvy","8":"product_tag-praskove-barvy","10":"first","11":"instock","12":"shipping-taxable","13":"product-type-simple"},"yoast_head":"<!-- This site is optimized with the Yoast SEO plugin v24.3 - https:\/\/yoast.com\/wordpress\/plugins\/seo\/ -->\n<title>Polyester-epoxidov\u00e9 barvy TOPO \u2013 malujeme! kup w Polsce, dostawa w Europie - INGRITECH<\/title>\n<meta name=\"description\" content=\"Kup Polyester-epoxidov\u00e9 barvy TOPO \u2013 malujeme! w Polsce \ud83d\ude9aw ca\u0142ej Europie \u2705 Dokumentacja techniczna i certyfikaty \u2705 Korzystne ceny \u2705 Gwarancja.\" \/>\n<meta name=\"robots\" content=\"index, follow, max-snippet:-1, max-image-preview:large, max-video-preview:-1\" \/>\n<link rel=\"canonical\" href=\"https:\/\/ingritech.pl\/cs\/product\/polyester-epoxidove-barvy-topo-malujeme\/\" \/>\n<meta property=\"og:locale\" content=\"cs_CZ\" \/>\n<meta property=\"og:type\" content=\"article\" \/>\n<meta property=\"og:title\" content=\"Polyester-epoxidov\u00e9 barvy TOPO \u2013 malujeme! kup w Polsce, dostawa w Europie - INGRITECH\" \/>\n<meta property=\"og:description\" content=\"Kup Polyester-epoxidov\u00e9 barvy TOPO \u2013 malujeme! w Polsce \ud83d\ude9aw ca\u0142ej Europie \u2705 Dokumentacja techniczna i certyfikaty \u2705 Korzystne ceny \u2705 Gwarancja.\" \/>\n<meta property=\"og:url\" content=\"https:\/\/ingritech.pl\/cs\/product\/polyester-epoxidove-barvy-topo-malujeme\/\" \/>\n<meta property=\"og:site_name\" content=\"INGRITECH\" \/>\n<meta property=\"article:modified_time\" content=\"2026-04-13T11:19:37+00:00\" \/>\n<meta property=\"og:image\" content=\"https:\/\/ingritech.pl\/wp-content\/uploads\/2025\/06\/Pudelko_biale.webp\" \/>\n\t<meta property=\"og:image:width\" content=\"594\" \/>\n\t<meta property=\"og:image:height\" content=\"530\" \/>\n\t<meta property=\"og:image:type\" content=\"image\/webp\" \/>\n<meta name=\"twitter:card\" content=\"summary_large_image\" \/>\n<meta name=\"twitter:label1\" content=\"Odhadovan\u00e1 doba \u010dten\u00ed\" \/>\n\t<meta name=\"twitter:data1\" content=\"1 minuta\" \/>\n<script type=\"application\/ld+json\" class=\"yoast-schema-graph\">{\"@context\":\"https:\/\/schema.org\",\"@graph\":[{\"@type\":\"WebPage\",\"@id\":\"https:\/\/ingritech.pl\/cs\/product\/polyester-epoxidove-barvy-topo-malujeme\/\",\"url\":\"https:\/\/ingritech.pl\/cs\/product\/polyester-epoxidove-barvy-topo-malujeme\/\",\"name\":\"Polyester-epoxidov\u00e9 barvy TOPO \u2013 malujeme! kup w Polsce, dostawa w Europie - INGRITECH\",\"isPartOf\":{\"@id\":\"https:\/\/ingritech.pl\/cs\/#website\"},\"primaryImageOfPage\":{\"@id\":\"https:\/\/ingritech.pl\/cs\/product\/polyester-epoxidove-barvy-topo-malujeme\/#primaryimage\"},\"image\":{\"@id\":\"https:\/\/ingritech.pl\/cs\/product\/polyester-epoxidove-barvy-topo-malujeme\/#primaryimage\"},\"thumbnailUrl\":\"https:\/\/ingritech.pl\/wp-content\/uploads\/2025\/06\/Pudelko_biale.webp\",\"datePublished\":\"2025-06-05T16:57:25+00:00\",\"dateModified\":\"2026-04-13T11:19:37+00:00\",\"description\":\"Kup Polyester-epoxidov\u00e9 barvy TOPO \u2013 malujeme! w Polsce \ud83d\ude9aw ca\u0142ej Europie \u2705 Dokumentacja techniczna i certyfikaty \u2705 Korzystne ceny \u2705 Gwarancja.\",\"breadcrumb\":{\"@id\":\"https:\/\/ingritech.pl\/cs\/product\/polyester-epoxidove-barvy-topo-malujeme\/#breadcrumb\"},\"inLanguage\":\"cs\",\"potentialAction\":[{\"@type\":\"ReadAction\",\"target\":[\"https:\/\/ingritech.pl\/cs\/product\/polyester-epoxidove-barvy-topo-malujeme\/\"]}]},{\"@type\":\"ImageObject\",\"inLanguage\":\"cs\",\"@id\":\"https:\/\/ingritech.pl\/cs\/product\/polyester-epoxidove-barvy-topo-malujeme\/#primaryimage\",\"url\":\"https:\/\/ingritech.pl\/wp-content\/uploads\/2025\/06\/Pudelko_biale.webp\",\"contentUrl\":\"https:\/\/ingritech.pl\/wp-content\/uploads\/2025\/06\/Pudelko_biale.webp\",\"width\":594,\"height\":530,\"caption\":\"Polyester-epoxidov\u00e9 barvy\"},{\"@type\":\"BreadcrumbList\",\"@id\":\"https:\/\/ingritech.pl\/cs\/product\/polyester-epoxidove-barvy-topo-malujeme\/#breadcrumb\",\"itemListElement\":[{\"@type\":\"ListItem\",\"position\":1,\"name\":\"Strona g\u0142\u00f3wna\",\"item\":\"https:\/\/ingritech.pl\/cs\/\"},{\"@type\":\"ListItem\",\"position\":2,\"name\":\"Katalog produkt\u00f3w\",\"item\":\"https:\/\/ingritech.pl\/katalog\/\"},{\"@type\":\"ListItem\",\"position\":3,\"name\":\"Polyester-epoxidov\u00e9 barvy TOPO \u2013 malujeme!\"}]},{\"@type\":\"WebSite\",\"@id\":\"https:\/\/ingritech.pl\/cs\/#website\",\"url\":\"https:\/\/ingritech.pl\/cs\/\",\"name\":\"Ingritech\",\"description\":\"SUPPLIES AND RAW MATERIALS FOR INDUSTRY\",\"publisher\":{\"@id\":\"https:\/\/ingritech.pl\/cs\/#organization\"},\"alternateName\":\"Ingritech - SUPPLIES AND RAW MATERIALS FOR INDUSTRY\",\"potentialAction\":[{\"@type\":\"SearchAction\",\"target\":{\"@type\":\"EntryPoint\",\"urlTemplate\":\"https:\/\/ingritech.pl\/cs\/?s={search_term_string}\"},\"query-input\":{\"@type\":\"PropertyValueSpecification\",\"valueRequired\":true,\"valueName\":\"search_term_string\"}}],\"inLanguage\":\"cs\"},{\"@type\":\"Organization\",\"@id\":\"https:\/\/ingritech.pl\/cs\/#organization\",\"name\":\"Ingritech\",\"alternateName\":\"Ingritech - sklep z materia\u0142ami eksploatacyjnymi i surowcami dla przemys\u0142u\",\"url\":\"https:\/\/ingritech.pl\/cs\/\",\"logo\":{\"@type\":\"ImageObject\",\"inLanguage\":\"cs\",\"@id\":\"https:\/\/ingritech.pl\/cs\/#\/schema\/logo\/image\/\",\"url\":\"https:\/\/ingritech.pl\/wp-content\/uploads\/2025\/01\/ingretech-logo.webp\",\"contentUrl\":\"https:\/\/ingritech.pl\/wp-content\/uploads\/2025\/01\/ingretech-logo.webp\",\"width\":1280,\"height\":182,\"caption\":\"Ingritech\"},\"image\":{\"@id\":\"https:\/\/ingritech.pl\/cs\/#\/schema\/logo\/image\/\"},\"sameAs\":[\"https:\/\/wa.me\/+48453077323\"]}]}<\/script>\n<!-- \/ Yoast SEO plugin. -->","yoast_head_json":{"title":"Polyester-epoxidov\u00e9 barvy TOPO \u2013 malujeme! kup w Polsce, dostawa w Europie - INGRITECH","description":"Kup Polyester-epoxidov\u00e9 barvy TOPO \u2013 malujeme! w Polsce \ud83d\ude9aw ca\u0142ej Europie \u2705 Dokumentacja techniczna i certyfikaty \u2705 Korzystne ceny \u2705 Gwarancja.","robots":{"index":"index","follow":"follow","max-snippet":"max-snippet:-1","max-image-preview":"max-image-preview:large","max-video-preview":"max-video-preview:-1"},"canonical":"https:\/\/ingritech.pl\/cs\/product\/polyester-epoxidove-barvy-topo-malujeme\/","og_locale":"cs_CZ","og_type":"article","og_title":"Polyester-epoxidov\u00e9 barvy TOPO \u2013 malujeme! kup w Polsce, dostawa w Europie - INGRITECH","og_description":"Kup Polyester-epoxidov\u00e9 barvy TOPO \u2013 malujeme! w Polsce \ud83d\ude9aw ca\u0142ej Europie \u2705 Dokumentacja techniczna i certyfikaty \u2705 Korzystne ceny \u2705 Gwarancja.","og_url":"https:\/\/ingritech.pl\/cs\/product\/polyester-epoxidove-barvy-topo-malujeme\/","og_site_name":"INGRITECH","article_modified_time":"2026-04-13T11:19:37+00:00","og_image":[{"width":594,"height":530,"url":"https:\/\/ingritech.pl\/wp-content\/uploads\/2025\/06\/Pudelko_biale.webp","type":"image\/webp"}],"twitter_card":"summary_large_image","twitter_misc":{"Odhadovan\u00e1 doba \u010dten\u00ed":"1 minuta"},"schema":{"@context":"https:\/\/schema.org","@graph":[{"@type":"WebPage","@id":"https:\/\/ingritech.pl\/cs\/product\/polyester-epoxidove-barvy-topo-malujeme\/","url":"https:\/\/ingritech.pl\/cs\/product\/polyester-epoxidove-barvy-topo-malujeme\/","name":"Polyester-epoxidov\u00e9 barvy TOPO \u2013 malujeme! kup w Polsce, dostawa w Europie - INGRITECH","isPartOf":{"@id":"https:\/\/ingritech.pl\/cs\/#website"},"primaryImageOfPage":{"@id":"https:\/\/ingritech.pl\/cs\/product\/polyester-epoxidove-barvy-topo-malujeme\/#primaryimage"},"image":{"@id":"https:\/\/ingritech.pl\/cs\/product\/polyester-epoxidove-barvy-topo-malujeme\/#primaryimage"},"thumbnailUrl":"https:\/\/ingritech.pl\/wp-content\/uploads\/2025\/06\/Pudelko_biale.webp","datePublished":"2025-06-05T16:57:25+00:00","dateModified":"2026-04-13T11:19:37+00:00","description":"Kup Polyester-epoxidov\u00e9 barvy TOPO \u2013 malujeme! w Polsce \ud83d\ude9aw ca\u0142ej Europie \u2705 Dokumentacja techniczna i certyfikaty \u2705 Korzystne ceny \u2705 Gwarancja.","breadcrumb":{"@id":"https:\/\/ingritech.pl\/cs\/product\/polyester-epoxidove-barvy-topo-malujeme\/#breadcrumb"},"inLanguage":"cs","potentialAction":[{"@type":"ReadAction","target":["https:\/\/ingritech.pl\/cs\/product\/polyester-epoxidove-barvy-topo-malujeme\/"]}]},{"@type":"ImageObject","inLanguage":"cs","@id":"https:\/\/ingritech.pl\/cs\/product\/polyester-epoxidove-barvy-topo-malujeme\/#primaryimage","url":"https:\/\/ingritech.pl\/wp-content\/uploads\/2025\/06\/Pudelko_biale.webp","contentUrl":"https:\/\/ingritech.pl\/wp-content\/uploads\/2025\/06\/Pudelko_biale.webp","width":594,"height":530,"caption":"Polyester-epoxidov\u00e9 barvy"},{"@type":"BreadcrumbList","@id":"https:\/\/ingritech.pl\/cs\/product\/polyester-epoxidove-barvy-topo-malujeme\/#breadcrumb","itemListElement":[{"@type":"ListItem","position":1,"name":"Strona g\u0142\u00f3wna","item":"https:\/\/ingritech.pl\/cs\/"},{"@type":"ListItem","position":2,"name":"Katalog produkt\u00f3w","item":"https:\/\/ingritech.pl\/katalog\/"},{"@type":"ListItem","position":3,"name":"Polyester-epoxidov\u00e9 barvy TOPO \u2013 malujeme!"}]},{"@type":"WebSite","@id":"https:\/\/ingritech.pl\/cs\/#website","url":"https:\/\/ingritech.pl\/cs\/","name":"Ingritech","description":"SUPPLIES AND RAW MATERIALS FOR INDUSTRY","publisher":{"@id":"https:\/\/ingritech.pl\/cs\/#organization"},"alternateName":"Ingritech - SUPPLIES AND RAW MATERIALS FOR INDUSTRY","potentialAction":[{"@type":"SearchAction","target":{"@type":"EntryPoint","urlTemplate":"https:\/\/ingritech.pl\/cs\/?s={search_term_string}"},"query-input":{"@type":"PropertyValueSpecification","valueRequired":true,"valueName":"search_term_string"}}],"inLanguage":"cs"},{"@type":"Organization","@id":"https:\/\/ingritech.pl\/cs\/#organization","name":"Ingritech","alternateName":"Ingritech - sklep z materia\u0142ami eksploatacyjnymi i surowcami dla przemys\u0142u","url":"https:\/\/ingritech.pl\/cs\/","logo":{"@type":"ImageObject","inLanguage":"cs","@id":"https:\/\/ingritech.pl\/cs\/#\/schema\/logo\/image\/","url":"https:\/\/ingritech.pl\/wp-content\/uploads\/2025\/01\/ingretech-logo.webp","contentUrl":"https:\/\/ingritech.pl\/wp-content\/uploads\/2025\/01\/ingretech-logo.webp","width":1280,"height":182,"caption":"Ingritech"},"image":{"@id":"https:\/\/ingritech.pl\/cs\/#\/schema\/logo\/image\/"},"sameAs":["https:\/\/wa.me\/+48453077323"]}]}},"_links":{"self":[{"href":"https:\/\/ingritech.pl\/cs\/wp-json\/wp\/v2\/product\/12087","targetHints":{"allow":["GET"]}}],"collection":[{"href":"https:\/\/ingritech.pl\/cs\/wp-json\/wp\/v2\/product"}],"about":[{"href":"https:\/\/ingritech.pl\/cs\/wp-json\/wp\/v2\/types\/product"}],"wp:featuredmedia":[{"embeddable":true,"href":"https:\/\/ingritech.pl\/cs\/wp-json\/wp\/v2\/media\/12088"}],"wp:attachment":[{"href":"https:\/\/ingritech.pl\/cs\/wp-json\/wp\/v2\/media?parent=12087"}],"wp:term":[{"taxonomy":"product_brand","embeddable":true,"href":"https:\/\/ingritech.pl\/cs\/wp-json\/wp\/v2\/product_brand?post=12087"},{"taxonomy":"product_cat","embeddable":true,"href":"https:\/\/ingritech.pl\/cs\/wp-json\/wp\/v2\/product_cat?post=12087"},{"taxonomy":"product_tag","embeddable":true,"href":"https:\/\/ingritech.pl\/cs\/wp-json\/wp\/v2\/product_tag?post=12087"}],"curies":[{"name":"wp","href":"https:\/\/api.w.org\/{rel}","templated":true}]}}