{"id":12128,"date":"2025-04-30T11:17:03","date_gmt":"2025-04-30T09:17:03","guid":{"rendered":"https:\/\/ingritech.pl\/product\/zelezo-titan-ferotitan-feti\/"},"modified":"2026-04-14T10:16:49","modified_gmt":"2026-04-14T08:16:49","slug":"zelezo-titan-ferotitan-feti","status":"publish","type":"product","link":"https:\/\/ingritech.pl\/cs\/product\/zelezo-titan-ferotitan-feti\/","title":{"rendered":"\u017delezo-titan \/ Ferotitan (FeTi)"},"content":{"rendered":"<h1>Ferotitan (FeTi) \u2013 GOST 4761-91<\/h1>\n<p><strong>Ferotitan<\/strong> je slitina \u017eeleza a titanu, kter\u00e1 se pou\u017e\u00edv\u00e1 jako \u00fa\u010dinn\u00e1 leguj\u00edc\u00ed p\u0159\u00edsada p\u0159i v\u00fdrob\u011b oceli a litiny. D\u00edky vysok\u00e9mu obsahu titanu (a\u017e 75 %) se pou\u017e\u00edv\u00e1 k v\u00e1z\u00e1n\u00ed dus\u00edku, uhl\u00edku a kysl\u00edku a ke zlep\u0161en\u00ed mechanick\u00fdch a struktur\u00e1ln\u00edch vlastnost\u00ed kovu.<\/p>\n<h3>Charakteristika<\/h3>\n<ul>\n<li><strong>Norma:<\/strong> GOST 4761-91 \/ mezin\u00e1rodn\u00ed ekvivalenty<\/li>\n<li><strong>Obsah Ti:<\/strong> 20% \u2013 75% (v z\u00e1vislosti na t\u0159\u00edd\u011b)<\/li>\n<li><strong>Forma:<\/strong> kusy, drcen\u00e9<\/li>\n<li><strong>Frakcje:<\/strong> k dispozici na vy\u017e\u00e1d\u00e1n\u00ed<\/li>\n<li><strong>Opakowanie:<\/strong> 25kg pytle \/ big bagy<\/li>\n<li><strong>Pochodzenie:<\/strong> Ukrajina<\/li>\n<\/ul>\n<h3>Pou\u017eit\u00ed<\/h3>\n<ul>\n<li>Legov\u00e1n\u00ed oceli a litiny<\/li>\n<li>Sni\u017eov\u00e1n\u00ed obsahu plynn\u00fdch ne\u010distot (O, N, C)<\/li>\n<li>V\u00fdroba vysoce pevn\u00fdch slitin<\/li>\n<li>Metalurgick\u00fd, leteck\u00fd a energetick\u00fd pr\u016fmysl<\/li>\n<\/ul>\n<h3>Chemick\u00e9 slo\u017een\u00ed \u2013 podle normy GOST 4761-91<\/h3>\n<p>&nbsp;<\/p>\n<table border=\"1\" cellspacing=\"0\" cellpadding=\"4\">\n<thead>\n<tr>\n<th>Zna\u010dka<\/th>\n<th>Ti<\/th>\n<th>Al<\/th>\n<th>Si<\/th>\n<th>C<\/th>\n<th>P<\/th>\n<th>S<\/th>\n<th>Cu<\/th>\n<th>V<\/th>\n<th>Mo<\/th>\n<th>Zr<\/th>\n<th>Sn<\/th>\n<th>Mn<\/th>\n<th>Cr<\/th>\n<\/tr>\n<\/thead>\n<tbody>\n<tr>\n<td>FTi70S05<\/td>\n<td>68\u201375<\/td>\n<td>5<\/td>\n<td>0,5<\/td>\n<td>0,2<\/td>\n<td>0,05<\/td>\n<td>0,05<\/td>\n<td>0,2<\/td>\n<td>0,6<\/td>\n<td>0,6<\/td>\n<td>0,6<\/td>\n<td>0,10<\/td>\n<td>&#8211;<\/td>\n<td>&#8211;<\/td>\n<\/tr>\n<tr>\n<td>FTi70S08<\/td>\n<td>68\u201375<\/td>\n<td>4<\/td>\n<td>0,8<\/td>\n<td>0,3<\/td>\n<td>0,03<\/td>\n<td>0,03<\/td>\n<td>0,3<\/td>\n<td>1,8<\/td>\n<td>2,0<\/td>\n<td>1,5<\/td>\n<td>0,15<\/td>\n<td>0,8<\/td>\n<td>0,8<\/td>\n<\/tr>\n<p><!-- Ostatn\u00ed b\u00e1sn\u011b jsou podobn\u00e9 --><\/tbody>\n<\/table>\n<h3>Alternativn\u00ed t\u0159\u00eddy \u2013 mezin\u00e1rodn\u00ed normy<\/h3>\n<p>&nbsp;<\/p>\n<table border=\"1\" cellspacing=\"0\" cellpadding=\"4\">\n<thead>\n<tr>\n<th>Marka<\/th>\n<th>Ti<\/th>\n<th>Al<\/th>\n<th>Si<\/th>\n<th>Mn<\/th>\n<th>C<\/th>\n<th>P<\/th>\n<th>S<\/th>\n<th>V<\/th>\n<\/tr>\n<\/thead>\n<tbody>\n<tr>\n<td>FeT30Al6<\/td>\n<td>20\u201335<\/td>\n<td>6,0<\/td>\n<td>4,0<\/td>\n<td>&#8211;<\/td>\n<td>0,15<\/td>\n<td>0,10<\/td>\n<td>0,06<\/td>\n<td>&#8211;<\/td>\n<\/tr>\n<tr>\n<td>FeT40Al10<\/td>\n<td>35\u201350<\/td>\n<td>10,0<\/td>\n<td>8,0<\/td>\n<td>1,5<\/td>\n<td>0,20<\/td>\n<td>0,10<\/td>\n<td>0,07<\/td>\n<td>&#8211;<\/td>\n<\/tr>\n<p><!-- Ostatn\u00ed b\u00e1sn\u011b jsou podobn\u00e9 --><\/tbody>\n<\/table>\n<h3>T\u0159\u00eddy zrnitosti (velikost \u010d\u00e1stic)<\/h3>\n<p>Podle normy GOST:<\/p>\n<table border=\"1\" cellspacing=\"0\" cellpadding=\"4\">\n<thead>\n<tr>\n<th>T\u0159\u00edda<\/th>\n<th>Rozm\u011br (mm)<\/th>\n<th>Nadm\u011brn\u00e9 kusy (%)<\/th>\n<th>Podm\u011brn\u00e9 kusy (%)<\/th>\n<th>Max. nadrozm\u011br (mm)<\/th>\n<\/tr>\n<\/thead>\n<tbody>\n<tr>\n<td>1<\/td>\n<td>50\u2013200<\/td>\n<td>10<\/td>\n<td>10<\/td>\n<td>230<\/td>\n<\/tr>\n<tr>\n<td>5<\/td>\n<td>3,2\u201350<\/td>\n<td>10<\/td>\n<td>8<\/td>\n<td>60<\/td>\n<\/tr>\n<p><!-- Ostatn\u00ed b\u00e1sn\u011b --><\/tbody>\n<\/table>\n<h3>Alternativn\u00ed klasifikace (EU):<\/h3>\n<table border=\"1\" cellspacing=\"0\" cellpadding=\"4\">\n<thead>\n<tr>\n<th>T\u0159\u00edda<\/th>\n<th>Rozsah (mm)<\/th>\n<th>Podrozm\u011br (%)<\/th>\n<th>Nadm\u011br (%)<\/th>\n<\/tr>\n<\/thead>\n<tbody>\n<tr>\n<td>1<\/td>\n<td>3,15\u2013200<\/td>\n<td>8<\/td>\n<td>10<\/td>\n<\/tr>\n<tr>\n<td>2<\/td>\n<td>3,15\u2013100<\/td>\n<td>8<\/td>\n<td>Max 1,15\u00d7 normy<\/td>\n<\/tr>\n<tr>\n<td>5<\/td>\n<td>3,15\u201310<\/td>\n<td>15<\/td>\n<td>&#8211;<\/td>\n<\/tr>\n<\/tbody>\n<\/table>\n<p><strong>Kontaktujte n\u00e1s na adrese <\/strong> a my v\u00e1m p\u0159iprav\u00edme nab\u00eddku \u0161itou na m\u00edru va\u0161im pot\u0159eb\u00e1m. Nab\u00edz\u00edme rychl\u00e9 dodac\u00ed lh\u016fty a komplexn\u00ed technickou podporu.<\/p>\n","protected":false},"excerpt":{"rendered":"<p><strong>Ferotitan (FeTi)<\/strong> podle normy GOST 4761-91 \u2013 legovac\u00ed p\u0159\u00edsada s vysok\u00fdm obsahem titanu pou\u017e\u00edvan\u00e1 p\u0159i v\u00fdrob\u011b oceli a litiny. Obsah Ti: 20\u201375 %. K dispozici v r\u016fzn\u00fdch t\u0159\u00edd\u00e1ch a zrnitostn\u00edch frakc\u00edch (3\u2013200 mm).<\/p>\n<p><strong>Zem\u011b p\u016fvodu:<\/strong> Ukrajina.<\/p>\n<p><em>Ide\u00e1ln\u00ed pro odstra\u0148ov\u00e1n\u00ed kysl\u00edku a dus\u00edku a zlep\u0161en\u00ed mechanick\u00fdch vlastnost\u00ed kov\u016f.<\/em><\/p>\n","protected":false},"featured_media":12130,"template":"","meta":[],"product_brand":[],"product_cat":[711],"product_tag":[713,712],"class_list":{"0":"post-12128","1":"product","2":"type-product","3":"status-publish","4":"has-post-thumbnail","6":"product_cat-materialy-pro-slevarny","7":"product_tag-feti-cs","8":"product_tag-nohy","10":"first","11":"instock","12":"shipping-taxable","13":"product-type-simple"},"yoast_head":"<!-- This site is optimized with the Yoast SEO plugin v24.3 - https:\/\/yoast.com\/wordpress\/plugins\/seo\/ -->\n<title>\u017delezo-titan \/ Ferotitan (FeTi) kup w Polsce, dostawa w Europie - INGRITECH<\/title>\n<meta name=\"description\" content=\"Kup \u017delezo-titan \/ Ferotitan (FeTi) w Polsce \ud83d\ude9aw ca\u0142ej Europie \u2705 Dokumentacja techniczna i certyfikaty \u2705 Korzystne ceny \u2705 Gwarancja.\" \/>\n<meta name=\"robots\" content=\"index, follow, max-snippet:-1, max-image-preview:large, max-video-preview:-1\" \/>\n<link rel=\"canonical\" href=\"https:\/\/ingritech.pl\/cs\/product\/zelezo-titan-ferotitan-feti\/\" \/>\n<meta property=\"og:locale\" content=\"cs_CZ\" \/>\n<meta property=\"og:type\" content=\"article\" \/>\n<meta property=\"og:title\" content=\"\u017delezo-titan \/ Ferotitan (FeTi) kup w Polsce, dostawa w Europie - INGRITECH\" \/>\n<meta property=\"og:description\" content=\"Kup \u017delezo-titan \/ Ferotitan (FeTi) w Polsce \ud83d\ude9aw ca\u0142ej Europie \u2705 Dokumentacja techniczna i certyfikaty \u2705 Korzystne ceny \u2705 Gwarancja.\" \/>\n<meta property=\"og:url\" content=\"https:\/\/ingritech.pl\/cs\/product\/zelezo-titan-ferotitan-feti\/\" \/>\n<meta property=\"og:site_name\" content=\"INGRITECH\" \/>\n<meta property=\"article:modified_time\" content=\"2026-04-14T08:16:49+00:00\" \/>\n<meta property=\"og:image\" content=\"https:\/\/ingritech.pl\/wp-content\/uploads\/2025\/04\/ZelazoTytan-Ferotytan-FeTi.webp\" \/>\n\t<meta property=\"og:image:width\" content=\"1024\" \/>\n\t<meta property=\"og:image:height\" content=\"1024\" \/>\n\t<meta property=\"og:image:type\" content=\"image\/webp\" \/>\n<meta name=\"twitter:card\" content=\"summary_large_image\" \/>\n<meta name=\"twitter:label1\" content=\"Odhadovan\u00e1 doba \u010dten\u00ed\" \/>\n\t<meta name=\"twitter:data1\" content=\"1 minuta\" \/>\n<script type=\"application\/ld+json\" class=\"yoast-schema-graph\">{\"@context\":\"https:\/\/schema.org\",\"@graph\":[{\"@type\":\"WebPage\",\"@id\":\"https:\/\/ingritech.pl\/cs\/product\/zelezo-titan-ferotitan-feti\/\",\"url\":\"https:\/\/ingritech.pl\/cs\/product\/zelezo-titan-ferotitan-feti\/\",\"name\":\"\u017delezo-titan \/ Ferotitan (FeTi) kup w Polsce, dostawa w Europie - INGRITECH\",\"isPartOf\":{\"@id\":\"https:\/\/ingritech.pl\/cs\/#website\"},\"primaryImageOfPage\":{\"@id\":\"https:\/\/ingritech.pl\/cs\/product\/zelezo-titan-ferotitan-feti\/#primaryimage\"},\"image\":{\"@id\":\"https:\/\/ingritech.pl\/cs\/product\/zelezo-titan-ferotitan-feti\/#primaryimage\"},\"thumbnailUrl\":\"https:\/\/ingritech.pl\/wp-content\/uploads\/2025\/04\/ZelazoTytan-Ferotytan-FeTi.webp\",\"datePublished\":\"2025-04-30T09:17:03+00:00\",\"dateModified\":\"2026-04-14T08:16:49+00:00\",\"description\":\"Kup \u017delezo-titan \/ Ferotitan (FeTi) w Polsce \ud83d\ude9aw ca\u0142ej Europie \u2705 Dokumentacja techniczna i certyfikaty \u2705 Korzystne ceny \u2705 Gwarancja.\",\"breadcrumb\":{\"@id\":\"https:\/\/ingritech.pl\/cs\/product\/zelezo-titan-ferotitan-feti\/#breadcrumb\"},\"inLanguage\":\"cs\",\"potentialAction\":[{\"@type\":\"ReadAction\",\"target\":[\"https:\/\/ingritech.pl\/cs\/product\/zelezo-titan-ferotitan-feti\/\"]}]},{\"@type\":\"ImageObject\",\"inLanguage\":\"cs\",\"@id\":\"https:\/\/ingritech.pl\/cs\/product\/zelezo-titan-ferotitan-feti\/#primaryimage\",\"url\":\"https:\/\/ingritech.pl\/wp-content\/uploads\/2025\/04\/ZelazoTytan-Ferotytan-FeTi.webp\",\"contentUrl\":\"https:\/\/ingritech.pl\/wp-content\/uploads\/2025\/04\/ZelazoTytan-Ferotytan-FeTi.webp\",\"width\":1024,\"height\":1024,\"caption\":\"\u017delezo-titan Ferotitan (FeTi)\"},{\"@type\":\"BreadcrumbList\",\"@id\":\"https:\/\/ingritech.pl\/cs\/product\/zelezo-titan-ferotitan-feti\/#breadcrumb\",\"itemListElement\":[{\"@type\":\"ListItem\",\"position\":1,\"name\":\"Strona g\u0142\u00f3wna\",\"item\":\"https:\/\/ingritech.pl\/cs\/\"},{\"@type\":\"ListItem\",\"position\":2,\"name\":\"Katalog produkt\u00f3w\",\"item\":\"https:\/\/ingritech.pl\/katalog\/\"},{\"@type\":\"ListItem\",\"position\":3,\"name\":\"\u017delezo-titan \/ Ferotitan (FeTi)\"}]},{\"@type\":\"WebSite\",\"@id\":\"https:\/\/ingritech.pl\/cs\/#website\",\"url\":\"https:\/\/ingritech.pl\/cs\/\",\"name\":\"Ingritech\",\"description\":\"SUPPLIES AND RAW MATERIALS FOR INDUSTRY\",\"publisher\":{\"@id\":\"https:\/\/ingritech.pl\/cs\/#organization\"},\"alternateName\":\"Ingritech - SUPPLIES AND RAW MATERIALS FOR INDUSTRY\",\"potentialAction\":[{\"@type\":\"SearchAction\",\"target\":{\"@type\":\"EntryPoint\",\"urlTemplate\":\"https:\/\/ingritech.pl\/cs\/?s={search_term_string}\"},\"query-input\":{\"@type\":\"PropertyValueSpecification\",\"valueRequired\":true,\"valueName\":\"search_term_string\"}}],\"inLanguage\":\"cs\"},{\"@type\":\"Organization\",\"@id\":\"https:\/\/ingritech.pl\/cs\/#organization\",\"name\":\"Ingritech\",\"alternateName\":\"Ingritech - sklep z materia\u0142ami eksploatacyjnymi i surowcami dla przemys\u0142u\",\"url\":\"https:\/\/ingritech.pl\/cs\/\",\"logo\":{\"@type\":\"ImageObject\",\"inLanguage\":\"cs\",\"@id\":\"https:\/\/ingritech.pl\/cs\/#\/schema\/logo\/image\/\",\"url\":\"https:\/\/ingritech.pl\/wp-content\/uploads\/2025\/01\/ingretech-logo.webp\",\"contentUrl\":\"https:\/\/ingritech.pl\/wp-content\/uploads\/2025\/01\/ingretech-logo.webp\",\"width\":1280,\"height\":182,\"caption\":\"Ingritech\"},\"image\":{\"@id\":\"https:\/\/ingritech.pl\/cs\/#\/schema\/logo\/image\/\"},\"sameAs\":[\"https:\/\/wa.me\/+48453077323\"]}]}<\/script>\n<!-- \/ Yoast SEO plugin. -->","yoast_head_json":{"title":"\u017delezo-titan \/ Ferotitan (FeTi) kup w Polsce, dostawa w Europie - INGRITECH","description":"Kup \u017delezo-titan \/ Ferotitan (FeTi) w Polsce \ud83d\ude9aw ca\u0142ej Europie \u2705 Dokumentacja techniczna i certyfikaty \u2705 Korzystne ceny \u2705 Gwarancja.","robots":{"index":"index","follow":"follow","max-snippet":"max-snippet:-1","max-image-preview":"max-image-preview:large","max-video-preview":"max-video-preview:-1"},"canonical":"https:\/\/ingritech.pl\/cs\/product\/zelezo-titan-ferotitan-feti\/","og_locale":"cs_CZ","og_type":"article","og_title":"\u017delezo-titan \/ Ferotitan (FeTi) kup w Polsce, dostawa w Europie - INGRITECH","og_description":"Kup \u017delezo-titan \/ Ferotitan (FeTi) w Polsce \ud83d\ude9aw ca\u0142ej Europie \u2705 Dokumentacja techniczna i certyfikaty \u2705 Korzystne ceny \u2705 Gwarancja.","og_url":"https:\/\/ingritech.pl\/cs\/product\/zelezo-titan-ferotitan-feti\/","og_site_name":"INGRITECH","article_modified_time":"2026-04-14T08:16:49+00:00","og_image":[{"width":1024,"height":1024,"url":"https:\/\/ingritech.pl\/wp-content\/uploads\/2025\/04\/ZelazoTytan-Ferotytan-FeTi.webp","type":"image\/webp"}],"twitter_card":"summary_large_image","twitter_misc":{"Odhadovan\u00e1 doba \u010dten\u00ed":"1 minuta"},"schema":{"@context":"https:\/\/schema.org","@graph":[{"@type":"WebPage","@id":"https:\/\/ingritech.pl\/cs\/product\/zelezo-titan-ferotitan-feti\/","url":"https:\/\/ingritech.pl\/cs\/product\/zelezo-titan-ferotitan-feti\/","name":"\u017delezo-titan \/ Ferotitan (FeTi) kup w Polsce, dostawa w Europie - INGRITECH","isPartOf":{"@id":"https:\/\/ingritech.pl\/cs\/#website"},"primaryImageOfPage":{"@id":"https:\/\/ingritech.pl\/cs\/product\/zelezo-titan-ferotitan-feti\/#primaryimage"},"image":{"@id":"https:\/\/ingritech.pl\/cs\/product\/zelezo-titan-ferotitan-feti\/#primaryimage"},"thumbnailUrl":"https:\/\/ingritech.pl\/wp-content\/uploads\/2025\/04\/ZelazoTytan-Ferotytan-FeTi.webp","datePublished":"2025-04-30T09:17:03+00:00","dateModified":"2026-04-14T08:16:49+00:00","description":"Kup \u017delezo-titan \/ Ferotitan (FeTi) w Polsce \ud83d\ude9aw ca\u0142ej Europie \u2705 Dokumentacja techniczna i certyfikaty \u2705 Korzystne ceny \u2705 Gwarancja.","breadcrumb":{"@id":"https:\/\/ingritech.pl\/cs\/product\/zelezo-titan-ferotitan-feti\/#breadcrumb"},"inLanguage":"cs","potentialAction":[{"@type":"ReadAction","target":["https:\/\/ingritech.pl\/cs\/product\/zelezo-titan-ferotitan-feti\/"]}]},{"@type":"ImageObject","inLanguage":"cs","@id":"https:\/\/ingritech.pl\/cs\/product\/zelezo-titan-ferotitan-feti\/#primaryimage","url":"https:\/\/ingritech.pl\/wp-content\/uploads\/2025\/04\/ZelazoTytan-Ferotytan-FeTi.webp","contentUrl":"https:\/\/ingritech.pl\/wp-content\/uploads\/2025\/04\/ZelazoTytan-Ferotytan-FeTi.webp","width":1024,"height":1024,"caption":"\u017delezo-titan Ferotitan (FeTi)"},{"@type":"BreadcrumbList","@id":"https:\/\/ingritech.pl\/cs\/product\/zelezo-titan-ferotitan-feti\/#breadcrumb","itemListElement":[{"@type":"ListItem","position":1,"name":"Strona g\u0142\u00f3wna","item":"https:\/\/ingritech.pl\/cs\/"},{"@type":"ListItem","position":2,"name":"Katalog produkt\u00f3w","item":"https:\/\/ingritech.pl\/katalog\/"},{"@type":"ListItem","position":3,"name":"\u017delezo-titan \/ Ferotitan (FeTi)"}]},{"@type":"WebSite","@id":"https:\/\/ingritech.pl\/cs\/#website","url":"https:\/\/ingritech.pl\/cs\/","name":"Ingritech","description":"SUPPLIES AND RAW MATERIALS FOR INDUSTRY","publisher":{"@id":"https:\/\/ingritech.pl\/cs\/#organization"},"alternateName":"Ingritech - SUPPLIES AND RAW MATERIALS FOR INDUSTRY","potentialAction":[{"@type":"SearchAction","target":{"@type":"EntryPoint","urlTemplate":"https:\/\/ingritech.pl\/cs\/?s={search_term_string}"},"query-input":{"@type":"PropertyValueSpecification","valueRequired":true,"valueName":"search_term_string"}}],"inLanguage":"cs"},{"@type":"Organization","@id":"https:\/\/ingritech.pl\/cs\/#organization","name":"Ingritech","alternateName":"Ingritech - sklep z materia\u0142ami eksploatacyjnymi i surowcami dla przemys\u0142u","url":"https:\/\/ingritech.pl\/cs\/","logo":{"@type":"ImageObject","inLanguage":"cs","@id":"https:\/\/ingritech.pl\/cs\/#\/schema\/logo\/image\/","url":"https:\/\/ingritech.pl\/wp-content\/uploads\/2025\/01\/ingretech-logo.webp","contentUrl":"https:\/\/ingritech.pl\/wp-content\/uploads\/2025\/01\/ingretech-logo.webp","width":1280,"height":182,"caption":"Ingritech"},"image":{"@id":"https:\/\/ingritech.pl\/cs\/#\/schema\/logo\/image\/"},"sameAs":["https:\/\/wa.me\/+48453077323"]}]}},"_links":{"self":[{"href":"https:\/\/ingritech.pl\/cs\/wp-json\/wp\/v2\/product\/12128","targetHints":{"allow":["GET"]}}],"collection":[{"href":"https:\/\/ingritech.pl\/cs\/wp-json\/wp\/v2\/product"}],"about":[{"href":"https:\/\/ingritech.pl\/cs\/wp-json\/wp\/v2\/types\/product"}],"wp:featuredmedia":[{"embeddable":true,"href":"https:\/\/ingritech.pl\/cs\/wp-json\/wp\/v2\/media\/12130"}],"wp:attachment":[{"href":"https:\/\/ingritech.pl\/cs\/wp-json\/wp\/v2\/media?parent=12128"}],"wp:term":[{"taxonomy":"product_brand","embeddable":true,"href":"https:\/\/ingritech.pl\/cs\/wp-json\/wp\/v2\/product_brand?post=12128"},{"taxonomy":"product_cat","embeddable":true,"href":"https:\/\/ingritech.pl\/cs\/wp-json\/wp\/v2\/product_cat?post=12128"},{"taxonomy":"product_tag","embeddable":true,"href":"https:\/\/ingritech.pl\/cs\/wp-json\/wp\/v2\/product_tag?post=12128"}],"curies":[{"name":"wp","href":"https:\/\/api.w.org\/{rel}","templated":true}]}}