{"id":12149,"date":"2025-03-25T11:32:38","date_gmt":"2025-03-25T10:32:38","guid":{"rendered":"https:\/\/ingritech.pl\/product\/ferrosilikon-75-fesi75-vysoce-kvalitni-slitina-pro-metalurgicky-prumysl\/"},"modified":"2026-04-14T12:08:19","modified_gmt":"2026-04-14T10:08:19","slug":"ferrosilikon-75-fesi75-vysoce-kvalitni-slitina-pro-metalurgicky-prumysl","status":"publish","type":"product","link":"https:\/\/ingritech.pl\/cs\/product\/ferrosilikon-75-fesi75-vysoce-kvalitni-slitina-pro-metalurgicky-prumysl\/","title":{"rendered":"Ferrosilikon 75 FeSi75 \u2013 Vysoce kvalitn\u00ed slitina pro metalurgick\u00fd pr\u016fmysl"},"content":{"rendered":"<h3 data-pm-slice=\"1 1 []\"><strong>Pou\u017eit\u00ed FeSi75<\/strong><\/h3>\n<ul>\n<li><strong>Odkysli\u010dovadlo p\u0159i v\u00fdrob\u011b oceli<\/strong> \u2013 \u00fa\u010dinn\u011b sni\u017euje obsah kysl\u00edku a zlep\u0161uje kvalitu slitin.<\/li>\n<li><strong>Leguj\u00edc\u00ed prvek<\/strong> \u2013 zvy\u0161uje pevnost, odolnost proti od\u011bru a korozi, stabilizuje mikrostrukturu oceli.<\/li>\n<li><strong>Modifik\u00e1tor v odl\u00e9v\u00e1n\u00ed litiny<\/strong> \u2013 zlep\u0161uje mechanick\u00e9 vlastnosti a ovliv\u0148uje \u0159\u00edzenou krystalizaci.<\/li>\n<li><strong>V\u00fdroba elektrotechnick\u00e9 oceli<\/strong> \u2013 zlep\u0161uje magnetick\u00e9 vlastnosti a sni\u017euje energetick\u00e9 ztr\u00e1ty.<\/li>\n<li><strong>Surovina pro v\u00fdrobu k\u0159em\u00edkov\u00fdch slitin<\/strong> \u2013 pou\u017e\u00edvan\u00e1 v chemick\u00e9m a elektronick\u00e9m pr\u016fmyslu.<\/li>\n<\/ul>\n<h3 data-pm-slice=\"1 1 []\"><strong>Chemick\u00e9 slo\u017een\u00ed FeSi75 (v hmotnostn\u00edch %)<\/strong><\/h3>\n<table>\n<tbody>\n<tr>\n<th>Slo\u017eka<\/th>\n<th>Obsah (%)<\/th>\n<\/tr>\n<tr>\n<td><strong>Si (k\u0159em\u00edk)<\/strong><\/td>\n<td>74\u201376%<\/td>\n<\/tr>\n<tr>\n<td><strong>Fe (\u017eelezo)<\/strong><\/td>\n<td>zbytek<\/td>\n<\/tr>\n<tr>\n<td><strong>Al (hlin\u00edk)<\/strong><\/td>\n<td>\u22641,5%<\/td>\n<\/tr>\n<tr>\n<td><strong>C (uhl\u00ed)<\/strong><\/td>\n<td>\u22640,2%<\/td>\n<\/tr>\n<tr>\n<td><strong>P (fosfor)<\/strong><\/td>\n<td>\u22640,03%<\/td>\n<\/tr>\n<tr>\n<td><strong>S (s\u00edra)<\/strong><\/td>\n<td>\u22640,02%<\/td>\n<\/tr>\n<\/tbody>\n<\/table>\n<div>\n<hr \/>\n<\/div>\n<h3 data-pm-slice=\"1 1 []\"><strong>Fyzik\u00e1ln\u00ed vlastnosti<\/strong><\/h3>\n<ul>\n<li><strong>Hustota:<\/strong> \u22482,4 g\/cm\u00b3<\/li>\n<li><strong>Teplota t\u00e1n\u00ed:<\/strong> 1210\u20131310\u00b0C<\/li>\n<li><strong>Barva:<\/strong> \u0161ed\u00e1, metalick\u00e1<\/li>\n<li><strong>Struktura:<\/strong> krystalick\u00e1<\/li>\n<li><strong>Chemick\u00e1 st\u00e1lost:<\/strong> vysok\u00e1 m\u00edra souladu s normami REACH<\/li>\n<\/ul>\n<h3 data-pm-slice=\"1 3 []\"><strong>Dostupn\u00e9 frakce FeSi75<\/strong><\/h3>\n<table>\n<tbody>\n<tr>\n<td>Frakce (mm)<\/td>\n<td>Pou\u017eit\u00ed<\/td>\n<\/tr>\n<tr>\n<td><strong>0\u20133 mm<\/strong><\/td>\n<td>Pr\u00e1\u0161kov\u00e1 metalurgie, \u00faprava litiny<\/td>\n<\/tr>\n<tr>\n<td><strong>3\u201310 mm<\/strong><\/td>\n<td>Automatick\u00e9 d\u00e1vkov\u00e1n\u00ed p\u0159i v\u00fdrob\u011b oceli<\/td>\n<\/tr>\n<tr>\n<td><strong>10\u201350 mm<\/strong><\/td>\n<td>Standardn\u00ed rozm\u011br pro hutnick\u00e9 z\u00e1vody<\/td>\n<\/tr>\n<tr>\n<td><strong>50\u2013100 mm<\/strong><\/td>\n<td>Velk\u00e9 hutn\u00ed pece<\/td>\n<\/tr>\n<\/tbody>\n<\/table>\n<p>&nbsp;<\/p>\n<h3 data-pm-slice=\"1 1 []\"><strong>Balen\u00ed a dod\u00e1n\u00ed<\/strong><\/h3>\n<p data-pm-slice=\"1 1 []\">\u2714 Velk\u00e9 pytle 1000 kg<\/p>\n<p>\u2714 Dod\u00e1vky voln\u011b lo\u017een\u00e9 podle individu\u00e1ln\u00edch po\u017eadavk\u016f z\u00e1kazn\u00edka<\/p>\n<h3 data-pm-slice=\"1 1 []\"><strong>Pro\u010d si vybrat FeSi75 od spole\u010dnosti Ingritech?<\/strong><\/h3>\n<p>\u2714\u00a0<strong>Zaru\u010den\u00e1 kvalita potvrzen\u00e1 certifik\u00e1ty<\/strong><\/p>\n<p>\u2714\u00a0<strong>Optim\u00e1ln\u00ed frakce p\u0159izp\u016fsoben\u00e9 r\u016fzn\u00fdm technologick\u00fdm proces\u016fm<\/strong><\/p>\n<p>\u2714\u00a0<strong>V\u010dasn\u00e9 dod\u00e1n\u00ed a logistick\u00e1 flexibilita<\/strong><\/p>\n<p>\u2714\u00a0<strong>Produkt spl\u0148uj\u00edc\u00ed p\u0159\u00edsn\u00e9 ekologick\u00e9 normy<\/strong><\/p>\n<p><strong>Kontaktujte n\u00e1s je\u0161t\u011b dnes!<\/strong><\/p>\n","protected":false},"excerpt":{"rendered":"<p data-pm-slice=\"1 1 []\"><strong>Ferok\u0159em\u00edk FeSi75<\/strong> je vysoce kvalitn\u00ed slitina k\u0159em\u00edku (Si) a \u017eeleza (Fe), kter\u00e1 hraje kl\u00ed\u010dovou roli v metalurgick\u00fdch procesech. Je \u0161iroce pou\u017e\u00edv\u00e1n jako \u00fa\u010dinn\u00fd odstra\u0148ova\u010d p\u011bny a leguj\u00edc\u00ed prvek p\u0159i v\u00fdrob\u011b oceli a jako modifik\u00e1tor p\u0159i odl\u00e9v\u00e1n\u00ed litiny. D\u00edky vysok\u00e9mu obsahu k\u0159em\u00edku p\u0159isp\u00edv\u00e1 FeSi75 ke zlep\u0161en\u00ed mechanick\u00fdch vlastnost\u00ed, optimalizaci mikrostruktury a zv\u00fd\u0161en\u00ed odolnosti proti korozi.<\/p>\n<p data-pm-slice=\"1 1 []\">\u2714<strong>\u00a0Frakce (mm): 0-3, 3-10, 10-50, 50-100<\/strong><\/p>\n<p data-pm-slice=\"1 1 []\">\u2714\u00a0<strong>Certifikace:<\/strong>\u00a0dostupn\u00e9 dokumenty <strong>ISO 9001, MSDS, REACH<a href=\"https:\/\/ingritech.pl\/wp-content\/uploads\/2025\/03\/KARTA-CHARAKTERYSTYKI-SUBSTANCJI-NIEBEZPIECZNEJ-MSDS-FeSi.pdf\" target=\"_blank\" rel=\"noopener\"><img loading=\"lazy\" decoding=\"async\" class=\"alignright wp-image-9409\" src=\"https:\/\/ingritech.pl\/wp-content\/uploads\/2025\/01\/PDF-300x300.png\" alt=\"Download technical documentation in PDF\" width=\"50\" height=\"50\" srcset=\"https:\/\/ingritech.pl\/wp-content\/uploads\/2025\/01\/PDF-300x300.png 300w, https:\/\/ingritech.pl\/wp-content\/uploads\/2025\/01\/PDF-150x150.png 150w, https:\/\/ingritech.pl\/wp-content\/uploads\/2025\/01\/PDF-70x70.png 70w, https:\/\/ingritech.pl\/wp-content\/uploads\/2025\/01\/PDF-100x100.png 100w, https:\/\/ingritech.pl\/wp-content\/uploads\/2025\/01\/PDF-400x400.png 400w, https:\/\/ingritech.pl\/wp-content\/uploads\/2025\/01\/PDF-110x110.png 110w, https:\/\/ingritech.pl\/wp-content\/uploads\/2025\/01\/PDF-500x500.png 500w, https:\/\/ingritech.pl\/wp-content\/uploads\/2025\/01\/PDF.png 512w, https:\/\/ingritech.pl\/wp-content\/uploads\/2025\/01\/PDF-200x200.png 200w\" sizes=\"auto, (max-width: 50px) 100vw, 50px\" \/><\/a><\/strong><\/p>\n","protected":false},"featured_media":12150,"template":"","meta":[],"product_brand":[],"product_cat":[711],"product_tag":[730,712],"class_list":{"0":"post-12149","1":"product","2":"type-product","3":"status-publish","4":"has-post-thumbnail","6":"product_cat-materialy-pro-slevarny","7":"product_tag-fesi-cs","8":"product_tag-nohy","10":"first","11":"instock","12":"shipping-taxable","13":"product-type-simple"},"yoast_head":"<!-- This site is optimized with the Yoast SEO plugin v24.3 - https:\/\/yoast.com\/wordpress\/plugins\/seo\/ -->\n<title>Ferrosilikon 75 FeSi75 \u2013 Vysoce kvalitn\u00ed slitina pro metalurgick\u00fd pr\u016fmysl kup w Polsce, dostawa w Europie - INGRITECH<\/title>\n<meta name=\"description\" content=\"Ferok\u0159em\u00edk FeSi75 \u2013 slitina k\u0159em\u00edku a \u017eeleza pou\u017e\u00edvan\u00e1 v hutnictv\u00ed a sl\u00e9v\u00e1renstv\u00ed. Pod\u00edvejte se na chemick\u00e9 slo\u017een\u00ed, fyzik\u00e1ln\u00ed vlastnosti, dostupn\u00e9 frakce a certifik\u00e1ty ISO 9001, MSDS, REACH. Ide\u00e1ln\u00ed pro v\u00fdrobu oceli a litiny.\" \/>\n<meta name=\"robots\" content=\"index, follow, max-snippet:-1, max-image-preview:large, max-video-preview:-1\" \/>\n<link rel=\"canonical\" href=\"https:\/\/ingritech.pl\/cs\/product\/ferrosilikon-75-fesi75-vysoce-kvalitni-slitina-pro-metalurgicky-prumysl\/\" \/>\n<meta property=\"og:locale\" content=\"cs_CZ\" \/>\n<meta property=\"og:type\" content=\"article\" \/>\n<meta property=\"og:title\" content=\"Ferrosilikon 75 FeSi75 \u2013 Vysoce kvalitn\u00ed slitina pro metalurgick\u00fd pr\u016fmysl kup w Polsce, dostawa w Europie - INGRITECH\" \/>\n<meta property=\"og:description\" content=\"Ferok\u0159em\u00edk FeSi75 \u2013 slitina k\u0159em\u00edku a \u017eeleza pou\u017e\u00edvan\u00e1 v hutnictv\u00ed a sl\u00e9v\u00e1renstv\u00ed. Pod\u00edvejte se na chemick\u00e9 slo\u017een\u00ed, fyzik\u00e1ln\u00ed vlastnosti, dostupn\u00e9 frakce a certifik\u00e1ty ISO 9001, MSDS, REACH. Ide\u00e1ln\u00ed pro v\u00fdrobu oceli a litiny.\" \/>\n<meta property=\"og:url\" content=\"https:\/\/ingritech.pl\/cs\/product\/ferrosilikon-75-fesi75-vysoce-kvalitni-slitina-pro-metalurgicky-prumysl\/\" \/>\n<meta property=\"og:site_name\" content=\"INGRITECH\" \/>\n<meta property=\"article:modified_time\" content=\"2026-04-14T10:08:19+00:00\" \/>\n<meta property=\"og:image\" content=\"https:\/\/ingritech.pl\/wp-content\/uploads\/2025\/03\/Zelazokrzem-FeSi75-FeSi75-INGRITECH-1.webp\" \/>\n\t<meta property=\"og:image:width\" content=\"1200\" \/>\n\t<meta property=\"og:image:height\" content=\"1200\" \/>\n\t<meta property=\"og:image:type\" content=\"image\/webp\" \/>\n<meta name=\"twitter:card\" content=\"summary_large_image\" \/>\n<meta name=\"twitter:label1\" content=\"Odhadovan\u00e1 doba \u010dten\u00ed\" \/>\n\t<meta name=\"twitter:data1\" content=\"2 minuty\" \/>\n<script type=\"application\/ld+json\" class=\"yoast-schema-graph\">{\"@context\":\"https:\/\/schema.org\",\"@graph\":[{\"@type\":\"WebPage\",\"@id\":\"https:\/\/ingritech.pl\/cs\/product\/ferrosilikon-75-fesi75-vysoce-kvalitni-slitina-pro-metalurgicky-prumysl\/\",\"url\":\"https:\/\/ingritech.pl\/cs\/product\/ferrosilikon-75-fesi75-vysoce-kvalitni-slitina-pro-metalurgicky-prumysl\/\",\"name\":\"Ferrosilikon 75 FeSi75 \u2013 Vysoce kvalitn\u00ed slitina pro metalurgick\u00fd pr\u016fmysl kup w Polsce, dostawa w Europie - INGRITECH\",\"isPartOf\":{\"@id\":\"https:\/\/ingritech.pl\/cs\/#website\"},\"primaryImageOfPage\":{\"@id\":\"https:\/\/ingritech.pl\/cs\/product\/ferrosilikon-75-fesi75-vysoce-kvalitni-slitina-pro-metalurgicky-prumysl\/#primaryimage\"},\"image\":{\"@id\":\"https:\/\/ingritech.pl\/cs\/product\/ferrosilikon-75-fesi75-vysoce-kvalitni-slitina-pro-metalurgicky-prumysl\/#primaryimage\"},\"thumbnailUrl\":\"https:\/\/ingritech.pl\/wp-content\/uploads\/2025\/03\/Zelazokrzem-FeSi75-FeSi75-INGRITECH-1.webp\",\"datePublished\":\"2025-03-25T10:32:38+00:00\",\"dateModified\":\"2026-04-14T10:08:19+00:00\",\"description\":\"Ferok\u0159em\u00edk FeSi75 \u2013 slitina k\u0159em\u00edku a \u017eeleza pou\u017e\u00edvan\u00e1 v hutnictv\u00ed a sl\u00e9v\u00e1renstv\u00ed. Pod\u00edvejte se na chemick\u00e9 slo\u017een\u00ed, fyzik\u00e1ln\u00ed vlastnosti, dostupn\u00e9 frakce a certifik\u00e1ty ISO 9001, MSDS, REACH. Ide\u00e1ln\u00ed pro v\u00fdrobu oceli a litiny.\",\"breadcrumb\":{\"@id\":\"https:\/\/ingritech.pl\/cs\/product\/ferrosilikon-75-fesi75-vysoce-kvalitni-slitina-pro-metalurgicky-prumysl\/#breadcrumb\"},\"inLanguage\":\"cs\",\"potentialAction\":[{\"@type\":\"ReadAction\",\"target\":[\"https:\/\/ingritech.pl\/cs\/product\/ferrosilikon-75-fesi75-vysoce-kvalitni-slitina-pro-metalurgicky-prumysl\/\"]}]},{\"@type\":\"ImageObject\",\"inLanguage\":\"cs\",\"@id\":\"https:\/\/ingritech.pl\/cs\/product\/ferrosilikon-75-fesi75-vysoce-kvalitni-slitina-pro-metalurgicky-prumysl\/#primaryimage\",\"url\":\"https:\/\/ingritech.pl\/wp-content\/uploads\/2025\/03\/Zelazokrzem-FeSi75-FeSi75-INGRITECH-1.webp\",\"contentUrl\":\"https:\/\/ingritech.pl\/wp-content\/uploads\/2025\/03\/Zelazokrzem-FeSi75-FeSi75-INGRITECH-1.webp\",\"width\":1200,\"height\":1200,\"caption\":\"\u017delezo-k\u0159em\u00edk 75 FeSi75\"},{\"@type\":\"BreadcrumbList\",\"@id\":\"https:\/\/ingritech.pl\/cs\/product\/ferrosilikon-75-fesi75-vysoce-kvalitni-slitina-pro-metalurgicky-prumysl\/#breadcrumb\",\"itemListElement\":[{\"@type\":\"ListItem\",\"position\":1,\"name\":\"Strona g\u0142\u00f3wna\",\"item\":\"https:\/\/ingritech.pl\/cs\/\"},{\"@type\":\"ListItem\",\"position\":2,\"name\":\"Katalog produkt\u00f3w\",\"item\":\"https:\/\/ingritech.pl\/katalog\/\"},{\"@type\":\"ListItem\",\"position\":3,\"name\":\"Ferrosilikon 75 FeSi75 \u2013 Vysoce kvalitn\u00ed slitina pro metalurgick\u00fd pr\u016fmysl\"}]},{\"@type\":\"WebSite\",\"@id\":\"https:\/\/ingritech.pl\/cs\/#website\",\"url\":\"https:\/\/ingritech.pl\/cs\/\",\"name\":\"Ingritech\",\"description\":\"SUPPLIES AND RAW MATERIALS FOR INDUSTRY\",\"publisher\":{\"@id\":\"https:\/\/ingritech.pl\/cs\/#organization\"},\"alternateName\":\"Ingritech - SUPPLIES AND RAW MATERIALS FOR INDUSTRY\",\"potentialAction\":[{\"@type\":\"SearchAction\",\"target\":{\"@type\":\"EntryPoint\",\"urlTemplate\":\"https:\/\/ingritech.pl\/cs\/?s={search_term_string}\"},\"query-input\":{\"@type\":\"PropertyValueSpecification\",\"valueRequired\":true,\"valueName\":\"search_term_string\"}}],\"inLanguage\":\"cs\"},{\"@type\":\"Organization\",\"@id\":\"https:\/\/ingritech.pl\/cs\/#organization\",\"name\":\"Ingritech\",\"alternateName\":\"Ingritech - sklep z materia\u0142ami eksploatacyjnymi i surowcami dla przemys\u0142u\",\"url\":\"https:\/\/ingritech.pl\/cs\/\",\"logo\":{\"@type\":\"ImageObject\",\"inLanguage\":\"cs\",\"@id\":\"https:\/\/ingritech.pl\/cs\/#\/schema\/logo\/image\/\",\"url\":\"https:\/\/ingritech.pl\/wp-content\/uploads\/2025\/01\/ingretech-logo.webp\",\"contentUrl\":\"https:\/\/ingritech.pl\/wp-content\/uploads\/2025\/01\/ingretech-logo.webp\",\"width\":1280,\"height\":182,\"caption\":\"Ingritech\"},\"image\":{\"@id\":\"https:\/\/ingritech.pl\/cs\/#\/schema\/logo\/image\/\"},\"sameAs\":[\"https:\/\/wa.me\/+48453077323\"]}]}<\/script>\n<!-- \/ Yoast SEO plugin. -->","yoast_head_json":{"title":"Ferrosilikon 75 FeSi75 \u2013 Vysoce kvalitn\u00ed slitina pro metalurgick\u00fd pr\u016fmysl kup w Polsce, dostawa w Europie - INGRITECH","description":"Ferok\u0159em\u00edk FeSi75 \u2013 slitina k\u0159em\u00edku a \u017eeleza pou\u017e\u00edvan\u00e1 v hutnictv\u00ed a sl\u00e9v\u00e1renstv\u00ed. Pod\u00edvejte se na chemick\u00e9 slo\u017een\u00ed, fyzik\u00e1ln\u00ed vlastnosti, dostupn\u00e9 frakce a certifik\u00e1ty ISO 9001, MSDS, REACH. Ide\u00e1ln\u00ed pro v\u00fdrobu oceli a litiny.","robots":{"index":"index","follow":"follow","max-snippet":"max-snippet:-1","max-image-preview":"max-image-preview:large","max-video-preview":"max-video-preview:-1"},"canonical":"https:\/\/ingritech.pl\/cs\/product\/ferrosilikon-75-fesi75-vysoce-kvalitni-slitina-pro-metalurgicky-prumysl\/","og_locale":"cs_CZ","og_type":"article","og_title":"Ferrosilikon 75 FeSi75 \u2013 Vysoce kvalitn\u00ed slitina pro metalurgick\u00fd pr\u016fmysl kup w Polsce, dostawa w Europie - INGRITECH","og_description":"Ferok\u0159em\u00edk FeSi75 \u2013 slitina k\u0159em\u00edku a \u017eeleza pou\u017e\u00edvan\u00e1 v hutnictv\u00ed a sl\u00e9v\u00e1renstv\u00ed. Pod\u00edvejte se na chemick\u00e9 slo\u017een\u00ed, fyzik\u00e1ln\u00ed vlastnosti, dostupn\u00e9 frakce a certifik\u00e1ty ISO 9001, MSDS, REACH. Ide\u00e1ln\u00ed pro v\u00fdrobu oceli a litiny.","og_url":"https:\/\/ingritech.pl\/cs\/product\/ferrosilikon-75-fesi75-vysoce-kvalitni-slitina-pro-metalurgicky-prumysl\/","og_site_name":"INGRITECH","article_modified_time":"2026-04-14T10:08:19+00:00","og_image":[{"width":1200,"height":1200,"url":"https:\/\/ingritech.pl\/wp-content\/uploads\/2025\/03\/Zelazokrzem-FeSi75-FeSi75-INGRITECH-1.webp","type":"image\/webp"}],"twitter_card":"summary_large_image","twitter_misc":{"Odhadovan\u00e1 doba \u010dten\u00ed":"2 minuty"},"schema":{"@context":"https:\/\/schema.org","@graph":[{"@type":"WebPage","@id":"https:\/\/ingritech.pl\/cs\/product\/ferrosilikon-75-fesi75-vysoce-kvalitni-slitina-pro-metalurgicky-prumysl\/","url":"https:\/\/ingritech.pl\/cs\/product\/ferrosilikon-75-fesi75-vysoce-kvalitni-slitina-pro-metalurgicky-prumysl\/","name":"Ferrosilikon 75 FeSi75 \u2013 Vysoce kvalitn\u00ed slitina pro metalurgick\u00fd pr\u016fmysl kup w Polsce, dostawa w Europie - INGRITECH","isPartOf":{"@id":"https:\/\/ingritech.pl\/cs\/#website"},"primaryImageOfPage":{"@id":"https:\/\/ingritech.pl\/cs\/product\/ferrosilikon-75-fesi75-vysoce-kvalitni-slitina-pro-metalurgicky-prumysl\/#primaryimage"},"image":{"@id":"https:\/\/ingritech.pl\/cs\/product\/ferrosilikon-75-fesi75-vysoce-kvalitni-slitina-pro-metalurgicky-prumysl\/#primaryimage"},"thumbnailUrl":"https:\/\/ingritech.pl\/wp-content\/uploads\/2025\/03\/Zelazokrzem-FeSi75-FeSi75-INGRITECH-1.webp","datePublished":"2025-03-25T10:32:38+00:00","dateModified":"2026-04-14T10:08:19+00:00","description":"Ferok\u0159em\u00edk FeSi75 \u2013 slitina k\u0159em\u00edku a \u017eeleza pou\u017e\u00edvan\u00e1 v hutnictv\u00ed a sl\u00e9v\u00e1renstv\u00ed. Pod\u00edvejte se na chemick\u00e9 slo\u017een\u00ed, fyzik\u00e1ln\u00ed vlastnosti, dostupn\u00e9 frakce a certifik\u00e1ty ISO 9001, MSDS, REACH. Ide\u00e1ln\u00ed pro v\u00fdrobu oceli a litiny.","breadcrumb":{"@id":"https:\/\/ingritech.pl\/cs\/product\/ferrosilikon-75-fesi75-vysoce-kvalitni-slitina-pro-metalurgicky-prumysl\/#breadcrumb"},"inLanguage":"cs","potentialAction":[{"@type":"ReadAction","target":["https:\/\/ingritech.pl\/cs\/product\/ferrosilikon-75-fesi75-vysoce-kvalitni-slitina-pro-metalurgicky-prumysl\/"]}]},{"@type":"ImageObject","inLanguage":"cs","@id":"https:\/\/ingritech.pl\/cs\/product\/ferrosilikon-75-fesi75-vysoce-kvalitni-slitina-pro-metalurgicky-prumysl\/#primaryimage","url":"https:\/\/ingritech.pl\/wp-content\/uploads\/2025\/03\/Zelazokrzem-FeSi75-FeSi75-INGRITECH-1.webp","contentUrl":"https:\/\/ingritech.pl\/wp-content\/uploads\/2025\/03\/Zelazokrzem-FeSi75-FeSi75-INGRITECH-1.webp","width":1200,"height":1200,"caption":"\u017delezo-k\u0159em\u00edk 75 FeSi75"},{"@type":"BreadcrumbList","@id":"https:\/\/ingritech.pl\/cs\/product\/ferrosilikon-75-fesi75-vysoce-kvalitni-slitina-pro-metalurgicky-prumysl\/#breadcrumb","itemListElement":[{"@type":"ListItem","position":1,"name":"Strona g\u0142\u00f3wna","item":"https:\/\/ingritech.pl\/cs\/"},{"@type":"ListItem","position":2,"name":"Katalog produkt\u00f3w","item":"https:\/\/ingritech.pl\/katalog\/"},{"@type":"ListItem","position":3,"name":"Ferrosilikon 75 FeSi75 \u2013 Vysoce kvalitn\u00ed slitina pro metalurgick\u00fd pr\u016fmysl"}]},{"@type":"WebSite","@id":"https:\/\/ingritech.pl\/cs\/#website","url":"https:\/\/ingritech.pl\/cs\/","name":"Ingritech","description":"SUPPLIES AND RAW MATERIALS FOR INDUSTRY","publisher":{"@id":"https:\/\/ingritech.pl\/cs\/#organization"},"alternateName":"Ingritech - SUPPLIES AND RAW MATERIALS FOR INDUSTRY","potentialAction":[{"@type":"SearchAction","target":{"@type":"EntryPoint","urlTemplate":"https:\/\/ingritech.pl\/cs\/?s={search_term_string}"},"query-input":{"@type":"PropertyValueSpecification","valueRequired":true,"valueName":"search_term_string"}}],"inLanguage":"cs"},{"@type":"Organization","@id":"https:\/\/ingritech.pl\/cs\/#organization","name":"Ingritech","alternateName":"Ingritech - sklep z materia\u0142ami eksploatacyjnymi i surowcami dla przemys\u0142u","url":"https:\/\/ingritech.pl\/cs\/","logo":{"@type":"ImageObject","inLanguage":"cs","@id":"https:\/\/ingritech.pl\/cs\/#\/schema\/logo\/image\/","url":"https:\/\/ingritech.pl\/wp-content\/uploads\/2025\/01\/ingretech-logo.webp","contentUrl":"https:\/\/ingritech.pl\/wp-content\/uploads\/2025\/01\/ingretech-logo.webp","width":1280,"height":182,"caption":"Ingritech"},"image":{"@id":"https:\/\/ingritech.pl\/cs\/#\/schema\/logo\/image\/"},"sameAs":["https:\/\/wa.me\/+48453077323"]}]}},"_links":{"self":[{"href":"https:\/\/ingritech.pl\/cs\/wp-json\/wp\/v2\/product\/12149","targetHints":{"allow":["GET"]}}],"collection":[{"href":"https:\/\/ingritech.pl\/cs\/wp-json\/wp\/v2\/product"}],"about":[{"href":"https:\/\/ingritech.pl\/cs\/wp-json\/wp\/v2\/types\/product"}],"wp:featuredmedia":[{"embeddable":true,"href":"https:\/\/ingritech.pl\/cs\/wp-json\/wp\/v2\/media\/12150"}],"wp:attachment":[{"href":"https:\/\/ingritech.pl\/cs\/wp-json\/wp\/v2\/media?parent=12149"}],"wp:term":[{"taxonomy":"product_brand","embeddable":true,"href":"https:\/\/ingritech.pl\/cs\/wp-json\/wp\/v2\/product_brand?post=12149"},{"taxonomy":"product_cat","embeddable":true,"href":"https:\/\/ingritech.pl\/cs\/wp-json\/wp\/v2\/product_cat?post=12149"},{"taxonomy":"product_tag","embeddable":true,"href":"https:\/\/ingritech.pl\/cs\/wp-json\/wp\/v2\/product_tag?post=12149"}],"curies":[{"name":"wp","href":"https:\/\/api.w.org\/{rel}","templated":true}]}}