{"id":12176,"date":"2025-01-31T14:21:22","date_gmt":"2025-01-31T13:21:22","guid":{"rendered":"https:\/\/ingritech.pl\/product\/sodny-bentonit-pro-slevarnictvi-a-vrtani-ukr\/"},"modified":"2026-04-14T13:29:55","modified_gmt":"2026-04-14T11:29:55","slug":"sodny-bentonit-pro-slevarnictvi-a-vrtani-ukr","status":"publish","type":"product","link":"https:\/\/ingritech.pl\/cs\/product\/sodny-bentonit-pro-slevarnictvi-a-vrtani-ukr\/","title":{"rendered":"Sodn\u00fd bentonit pro sl\u00e9v\u00e1rnictv\u00ed a vrt\u00e1n\u00ed (UKR)"},"content":{"rendered":"<p>Ukrajinsk\u00fd sodn\u00fd bentonit je vysoce kvalitn\u00ed miner\u00e1l s vynikaj\u00edc\u00edmi vazebn\u00fdmi a sorp\u010dn\u00edmi vlastnostmi. D\u00edky vysok\u00e9mu obsahu montmorillonitu (\u226550 %) zaji\u0161\u0165uje \u00fa\u010dinn\u00e9 tvarov\u00e1n\u00ed, pevnost a odolnost v\u016f\u010di vysok\u00fdm teplot\u00e1m.<\/p>\n<p><strong>Z\u00e1kladn\u00ed vlastnosti:<\/strong><\/p>\n<ul>\n<li>Obsah SiO\u2082 \u2013 58,8 %, Al\u2082O\u2083 \u2013 17,58 %<\/li>\n<li>Obsah montmorillonitu \u2013 \u226550 %<\/li>\n<li>Vlhkost 6,0 \u2013 12,0%<\/li>\n<li>Mez pevnosti v tlaku 8,83 N\/cm\u00b2<\/li>\n<li>Sypn\u00e1 hustota \u22651,0 g\/cm\u00b3<\/li>\n<li>Frakce 0 \u2013 0,071 mm: 75%<\/li>\n<\/ul>\n<p><strong>V\u00fdhody ukrajinsk\u00e9ho bentonitu:<\/strong><\/p>\n<ul>\n<li>Vysok\u00e1 kvalita \u2013 dobr\u00e9 mechanick\u00e9 a fyzik\u00e1ln\u011b-chemick\u00e9 vlastnosti<\/li>\n<li>Konkurenceschopn\u00e1 cena \u2013 v\u00fdhodn\u00e1 alternativa k argentinsk\u00e9mu a indick\u00e9mu bentonitu<\/li>\n<li>\u0160irok\u00e9 vyu\u017eit\u00ed \u2013 pou\u017e\u00edv\u00e1 se p\u0159i v\u00fdrob\u011b odlitk\u016f, ve vrtn\u00fdch kapalin\u00e1ch a p\u0159i zpev\u0148ov\u00e1n\u00ed p\u016fdy<\/li>\n<\/ul>\n<p><strong>Oblast pou\u017eit\u00ed:<\/strong><\/p>\n<ul>\n<li>V\u00fdroba odlitk\u016f \u2013 zlep\u0161uje kvalitu formovac\u00edch sm\u011bs\u00ed<\/li>\n<li>Vrtn\u00e9 kapaliny \u2013 zaji\u0161\u0165uj\u00ed stabilitu vrt\u016f<\/li>\n<li>Izolace a stavebnictv\u00ed \u2013 pou\u017e\u00edv\u00e1 se k ut\u011bs\u0148ov\u00e1n\u00ed p\u016fdy a k v\u00fdstavb\u011b bari\u00e9r proti prosakov\u00e1n\u00ed<\/li>\n<\/ul>\n<p><strong>Dod\u00e1n\u00ed a objedn\u00e1vka<\/strong><\/p>\n<p>Nab\u00edz\u00edme flexibiln\u00ed dodac\u00ed podm\u00ednky a v\u00fdhodn\u00e9 ceny. Dod\u00e1vky realizujeme v r\u00e1mci evropsk\u00fdch zem\u00ed.<\/p>\n<table dir=\"ltr\" style=\"height: 689px;\" border=\"1\" width=\"930\" cellspacing=\"0\" cellpadding=\"0\" data-sheets-root=\"1\" data-sheets-baot=\"1\">\n<colgroup>\n<col width=\"65\" \/>\n<col width=\"38\" \/>\n<col width=\"38\" \/>\n<col width=\"38\" \/>\n<col width=\"38\" \/>\n<col width=\"38\" \/>\n<col width=\"38\" \/>\n<col width=\"38\" \/>\n<col width=\"38\" \/><\/colgroup>\n<tbody>\n<tr>\n<td>Typ DSTU 28177-89<\/td>\n<td colspan=\"3\" rowspan=\"1\">Pevnost v tahu, Pa (kgf\/cm\u00b2) \u2265<\/td>\n<td colspan=\"3\" rowspan=\"1\">Pevnost v tahu p\u0159i p\u0159etr\u017een\u00ed v kondenza\u010dn\u00ed z\u00f3n\u011b mus\u00ed \u010dinit minim\u00e1ln\u011b Pa (kgf\/cm\u00b2).<\/td>\n<td colspan=\"2\" rowspan=\"1\">Tepeln\u00e1 stabilita, min.<\/td>\n<\/tr>\n<tr>\n<td>\u041f1\u04221<\/td>\n<td colspan=\"3\" rowspan=\"1\">88 260 (0,9)<\/td>\n<td colspan=\"3\" rowspan=\"1\">2 750 (0,028)<\/td>\n<td colspan=\"2\" rowspan=\"1\">0,6<\/td>\n<\/tr>\n<tr>\n<td>\u041f1\u04222<\/td>\n<td colspan=\"3\" rowspan=\"1\">88 260 (0,9)<\/td>\n<td colspan=\"3\" rowspan=\"1\">2 750 (0,028)<\/td>\n<td colspan=\"2\" rowspan=\"1\">0,3<\/td>\n<\/tr>\n<tr>\n<td>\u041f1\u04223<\/td>\n<td colspan=\"3\" rowspan=\"1\">88 260 (0,9)<\/td>\n<td colspan=\"3\" rowspan=\"1\">2 750 (0,028)<\/td>\n<td colspan=\"2\" rowspan=\"1\">&#8211;<\/td>\n<\/tr>\n<tr>\n<td>\u041f2\u04221<\/td>\n<td colspan=\"3\" rowspan=\"1\">88 260 (0,9)<\/td>\n<td colspan=\"3\" rowspan=\"1\">1 960 (0,020)<\/td>\n<td colspan=\"2\" rowspan=\"1\">0,6<\/td>\n<\/tr>\n<tr>\n<td>\u041f2\u04222<\/td>\n<td colspan=\"3\" rowspan=\"1\">88 260 (0,9)<\/td>\n<td colspan=\"3\" rowspan=\"1\">1 960 (0,020)<\/td>\n<td colspan=\"2\" rowspan=\"1\">0,3<\/td>\n<\/tr>\n<tr>\n<td>\u041f2\u04223<\/td>\n<td colspan=\"3\" rowspan=\"1\">88 260 (0,9)<\/td>\n<td colspan=\"3\" rowspan=\"1\">1 960 (0,020)<\/td>\n<td colspan=\"2\" rowspan=\"1\">&#8211;<\/td>\n<\/tr>\n<tr>\n<td>\u041f3\u04221<\/td>\n<td colspan=\"3\" rowspan=\"1\">88 260 (0,9)<\/td>\n<td colspan=\"3\" rowspan=\"1\">1 470 (0,015)<\/td>\n<td colspan=\"2\" rowspan=\"1\">0,6<\/td>\n<\/tr>\n<tr>\n<td>\u041f3\u04222<\/td>\n<td colspan=\"3\" rowspan=\"1\">88 260 (0,9)<\/td>\n<td colspan=\"3\" rowspan=\"1\">1 470 (0,015)<\/td>\n<td colspan=\"2\" rowspan=\"1\">0,3<\/td>\n<\/tr>\n<tr>\n<td>\u04211\u04221<\/td>\n<td colspan=\"3\" rowspan=\"1\">68 650 (0,7)<\/td>\n<td colspan=\"3\" rowspan=\"1\">2 750 (0,028)<\/td>\n<td colspan=\"2\" rowspan=\"1\">0,6<\/td>\n<\/tr>\n<tr>\n<td>\u04211\u04222<\/td>\n<td colspan=\"3\" rowspan=\"1\">68 650 (0,7)<\/td>\n<td colspan=\"3\" rowspan=\"1\">2 750 (0,028)<\/td>\n<td colspan=\"2\" rowspan=\"1\">0,3<\/td>\n<\/tr>\n<tr>\n<td>\u04212\u04221<\/td>\n<td colspan=\"3\" rowspan=\"1\">68 650 (0,7)<\/td>\n<td colspan=\"3\" rowspan=\"1\">1 960 (0,020)<\/td>\n<td colspan=\"2\" rowspan=\"1\">0,6<\/td>\n<\/tr>\n<tr>\n<td>\u04212\u04222<\/td>\n<td colspan=\"3\" rowspan=\"1\">68 650 (0,7)<\/td>\n<td colspan=\"3\" rowspan=\"1\">1 960 (0,020)<\/td>\n<td colspan=\"2\" rowspan=\"1\">0,3<\/td>\n<\/tr>\n<tr>\n<td>\u04213\u04221<\/td>\n<td colspan=\"3\" rowspan=\"1\">68 650 (0,7)<\/td>\n<td colspan=\"3\" rowspan=\"1\">1 470 (0,015)<\/td>\n<td colspan=\"2\" rowspan=\"1\">0,6<\/td>\n<\/tr>\n<tr>\n<td>\u04213\u04222<\/td>\n<td colspan=\"3\" rowspan=\"1\">68 650 (0,7)<\/td>\n<td colspan=\"3\" rowspan=\"1\">1 470 (0,015)<\/td>\n<td colspan=\"2\" rowspan=\"1\">0,3<\/td>\n<\/tr>\n<tr>\n<td>\u041c1\u04221<\/td>\n<td colspan=\"3\" rowspan=\"1\">49 030 (0,5)<\/td>\n<td colspan=\"3\" rowspan=\"1\">2 750 (0,028)<\/td>\n<td colspan=\"2\" rowspan=\"1\">0,6<\/td>\n<\/tr>\n<tr>\n<td>\u041c1\u04222<\/td>\n<td colspan=\"3\" rowspan=\"1\">49 030 (0,5)<\/td>\n<td colspan=\"3\" rowspan=\"1\">2 750 (0,028)<\/td>\n<td colspan=\"2\" rowspan=\"1\">0,3<\/td>\n<\/tr>\n<tr>\n<td>\u041c2\u04221<\/td>\n<td colspan=\"3\" rowspan=\"1\">49 030 (0,5)<\/td>\n<td colspan=\"3\" rowspan=\"1\">1 960 (0,020)<\/td>\n<td colspan=\"2\" rowspan=\"1\">0,6<\/td>\n<\/tr>\n<tr>\n<td>\u041c2\u04222<\/td>\n<td colspan=\"3\" rowspan=\"1\">49 030 (0,5)<\/td>\n<td colspan=\"3\" rowspan=\"1\">1 960 (0,020)<\/td>\n<td colspan=\"2\" rowspan=\"1\">0,3<\/td>\n<\/tr>\n<tr>\n<td>\u041c3\u04221<\/td>\n<td colspan=\"3\" rowspan=\"1\">49 030 (0,5)<\/td>\n<td colspan=\"3\" rowspan=\"1\">1 470 (0,015)<\/td>\n<td colspan=\"2\" rowspan=\"1\">0,6<\/td>\n<\/tr>\n<tr>\n<td>\u041c3\u04222<\/td>\n<td colspan=\"3\" rowspan=\"1\">49 030 (0,5)<\/td>\n<td colspan=\"3\" rowspan=\"1\">1 470 (0,015)<\/td>\n<td colspan=\"2\" rowspan=\"1\">0,3<\/td>\n<\/tr>\n<\/tbody>\n<\/table>\n<p>\u25ef Vysoce pevn\u00e9 t\u0159\u00eddy (\u201e\u041f\u201c) maj\u00ed nejvy\u0161\u0161\u00ed pevnost v tlaku (0,9 kgf\/cm\u00b2) a vysokou pevnost v tahu.<\/p>\n<p>\u25ef Druhy se st\u0159edn\u00ed pevnost\u00ed (\u201eC\u201c) maj\u00ed o n\u011bco ni\u017e\u0161\u00ed pevnost (0,7 kgf\/cm\u00b2) a st\u0159edn\u00ed pevnost v tahu.<\/p>\n<p>\u25ef Druhy s n\u00edzkou pevnost\u00ed (\u201eM\u201c) maj\u00ed nejni\u017e\u0161\u00ed pevnost (0,5 kgf\/cm\u00b2) a nejni\u017e\u0161\u00ed pevnost v tahu.<\/p>\n<p>\u25ef Tepeln\u00e1 stabilita se pohybuje v rozmez\u00ed 0,3 a\u017e 0,6, co\u017e ovliv\u0148uje chov\u00e1n\u00ed hl\u00edny po zah\u0159\u00e1t\u00ed.<\/p>\n","protected":false},"excerpt":{"rendered":"<ul>\n<li><strong>V\u00fdhodn\u011bj\u0161\u00ed cena ve srovn\u00e1n\u00ed s argentinsk\u00fdmi a indick\u00fdmi bentonity<\/strong><\/li>\n<li><strong>Vysok\u00fd obsah miner\u00e1ln\u00edch l\u00e1tek<\/strong>\n<ul>\n<li>SiO\u2082 \u2013 58,8%, Al\u2082O\u2083 \u2013 17,58%<\/li>\n<li>Montmorillonit \u2013 \u226550 %, co\u017e zaji\u0161\u0165uje vynikaj\u00edc\u00ed pojivov\u00e9 vlastnosti<\/li>\n<\/ul>\n<\/li>\n<li><strong>Pou\u017eit\u00ed: <\/strong>Odl\u00e9v\u00e1n\u00ed. Vrtn\u00e9 kapaliny. Hydraulick\u00e9 izolace. Pro potravin\u00e1\u0159sk\u00fd pr\u016fmysl.<\/li>\n<\/ul>\n<p><a href=\"https:\/\/ingritech.pl\/wp-content\/uploads\/2025\/01\/MATERIAL-SAFETY-DATA-SHEET-SODIUM-BENTONITE-FOR-FOUNDRY-DRILLS.pdf\" target=\"_blank\" rel=\"noopener\"><img loading=\"lazy\" decoding=\"async\" class=\"alignright wp-image-9409\" src=\"https:\/\/ingritech.pl\/wp-content\/uploads\/2025\/01\/PDF-300x300.png\" alt=\"Download technical documentation in PDF\" width=\"50\" height=\"50\" srcset=\"https:\/\/ingritech.pl\/wp-content\/uploads\/2025\/01\/PDF-300x300.png 300w, https:\/\/ingritech.pl\/wp-content\/uploads\/2025\/01\/PDF-150x150.png 150w, https:\/\/ingritech.pl\/wp-content\/uploads\/2025\/01\/PDF-70x70.png 70w, https:\/\/ingritech.pl\/wp-content\/uploads\/2025\/01\/PDF-100x100.png 100w, https:\/\/ingritech.pl\/wp-content\/uploads\/2025\/01\/PDF-400x400.png 400w, https:\/\/ingritech.pl\/wp-content\/uploads\/2025\/01\/PDF-110x110.png 110w, https:\/\/ingritech.pl\/wp-content\/uploads\/2025\/01\/PDF-500x500.png 500w, https:\/\/ingritech.pl\/wp-content\/uploads\/2025\/01\/PDF.png 512w, https:\/\/ingritech.pl\/wp-content\/uploads\/2025\/01\/PDF-200x200.png 200w\" sizes=\"auto, (max-width: 50px) 100vw, 50px\" \/><\/a><\/p>\n<p>&nbsp;<\/p>\n","protected":false},"featured_media":12178,"template":"","meta":[],"product_brand":[],"product_cat":[711],"product_tag":[746],"class_list":{"0":"post-12176","1":"product","2":"type-product","3":"status-publish","4":"has-post-thumbnail","6":"product_cat-materialy-pro-slevarny","7":"product_tag-bentonit-cs","9":"first","10":"instock","11":"shipping-taxable","12":"product-type-simple"},"yoast_head":"<!-- This site is optimized with the Yoast SEO plugin v24.3 - https:\/\/yoast.com\/wordpress\/plugins\/seo\/ -->\n<title>Sodn\u00fd bentonit pro sl\u00e9v\u00e1rnictv\u00ed a vrt\u00e1n\u00ed (UKR) kup w Polsce, dostawa w Europie - INGRITECH<\/title>\n<meta name=\"description\" content=\"Kup Sodn\u00fd bentonit pro sl\u00e9v\u00e1rnictv\u00ed a vrt\u00e1n\u00ed (UKR) w Polsce \ud83d\ude9aw ca\u0142ej Europie \u2705 Dokumentacja techniczna i certyfikaty \u2705 Korzystne ceny \u2705 Gwarancja.\" \/>\n<meta name=\"robots\" content=\"index, follow, max-snippet:-1, max-image-preview:large, max-video-preview:-1\" \/>\n<link rel=\"canonical\" href=\"https:\/\/ingritech.pl\/cs\/product\/sodny-bentonit-pro-slevarnictvi-a-vrtani-ukr\/\" \/>\n<meta property=\"og:locale\" content=\"cs_CZ\" \/>\n<meta property=\"og:type\" content=\"article\" \/>\n<meta property=\"og:title\" content=\"Sodn\u00fd bentonit pro sl\u00e9v\u00e1rnictv\u00ed a vrt\u00e1n\u00ed (UKR) kup w Polsce, dostawa w Europie - INGRITECH\" \/>\n<meta property=\"og:description\" content=\"Kup Sodn\u00fd bentonit pro sl\u00e9v\u00e1rnictv\u00ed a vrt\u00e1n\u00ed (UKR) w Polsce \ud83d\ude9aw ca\u0142ej Europie \u2705 Dokumentacja techniczna i certyfikaty \u2705 Korzystne ceny \u2705 Gwarancja.\" \/>\n<meta property=\"og:url\" content=\"https:\/\/ingritech.pl\/cs\/product\/sodny-bentonit-pro-slevarnictvi-a-vrtani-ukr\/\" \/>\n<meta property=\"og:site_name\" content=\"INGRITECH\" \/>\n<meta property=\"article:modified_time\" content=\"2026-04-14T11:29:55+00:00\" \/>\n<meta property=\"og:image\" content=\"https:\/\/ingritech.pl\/wp-content\/uploads\/2025\/01\/Ingritech-SODIUM-BENTONITE-FOR-FOUNDRY-DRILLS.webp\" \/>\n\t<meta property=\"og:image:width\" content=\"1805\" \/>\n\t<meta property=\"og:image:height\" content=\"1805\" \/>\n\t<meta property=\"og:image:type\" content=\"image\/webp\" \/>\n<meta name=\"twitter:card\" content=\"summary_large_image\" \/>\n<meta name=\"twitter:label1\" content=\"Odhadovan\u00e1 doba \u010dten\u00ed\" \/>\n\t<meta name=\"twitter:data1\" content=\"3 minuty\" \/>\n<script type=\"application\/ld+json\" class=\"yoast-schema-graph\">{\"@context\":\"https:\/\/schema.org\",\"@graph\":[{\"@type\":\"WebPage\",\"@id\":\"https:\/\/ingritech.pl\/cs\/product\/sodny-bentonit-pro-slevarnictvi-a-vrtani-ukr\/\",\"url\":\"https:\/\/ingritech.pl\/cs\/product\/sodny-bentonit-pro-slevarnictvi-a-vrtani-ukr\/\",\"name\":\"Sodn\u00fd bentonit pro sl\u00e9v\u00e1rnictv\u00ed a vrt\u00e1n\u00ed (UKR) kup w Polsce, dostawa w Europie - INGRITECH\",\"isPartOf\":{\"@id\":\"https:\/\/ingritech.pl\/cs\/#website\"},\"primaryImageOfPage\":{\"@id\":\"https:\/\/ingritech.pl\/cs\/product\/sodny-bentonit-pro-slevarnictvi-a-vrtani-ukr\/#primaryimage\"},\"image\":{\"@id\":\"https:\/\/ingritech.pl\/cs\/product\/sodny-bentonit-pro-slevarnictvi-a-vrtani-ukr\/#primaryimage\"},\"thumbnailUrl\":\"https:\/\/ingritech.pl\/wp-content\/uploads\/2025\/01\/Ingritech-SODIUM-BENTONITE-FOR-FOUNDRY-DRILLS.webp\",\"datePublished\":\"2025-01-31T13:21:22+00:00\",\"dateModified\":\"2026-04-14T11:29:55+00:00\",\"description\":\"Kup Sodn\u00fd bentonit pro sl\u00e9v\u00e1rnictv\u00ed a vrt\u00e1n\u00ed (UKR) w Polsce \ud83d\ude9aw ca\u0142ej Europie \u2705 Dokumentacja techniczna i certyfikaty \u2705 Korzystne ceny \u2705 Gwarancja.\",\"breadcrumb\":{\"@id\":\"https:\/\/ingritech.pl\/cs\/product\/sodny-bentonit-pro-slevarnictvi-a-vrtani-ukr\/#breadcrumb\"},\"inLanguage\":\"cs\",\"potentialAction\":[{\"@type\":\"ReadAction\",\"target\":[\"https:\/\/ingritech.pl\/cs\/product\/sodny-bentonit-pro-slevarnictvi-a-vrtani-ukr\/\"]}]},{\"@type\":\"ImageObject\",\"inLanguage\":\"cs\",\"@id\":\"https:\/\/ingritech.pl\/cs\/product\/sodny-bentonit-pro-slevarnictvi-a-vrtani-ukr\/#primaryimage\",\"url\":\"https:\/\/ingritech.pl\/wp-content\/uploads\/2025\/01\/Ingritech-SODIUM-BENTONITE-FOR-FOUNDRY-DRILLS.webp\",\"contentUrl\":\"https:\/\/ingritech.pl\/wp-content\/uploads\/2025\/01\/Ingritech-SODIUM-BENTONITE-FOR-FOUNDRY-DRILLS.webp\",\"width\":1805,\"height\":1805,\"caption\":\"Ingritech SODIUM BENTONITE PRO SL\u00c9V\u00c1RNY, VRT\u00c1KY\"},{\"@type\":\"BreadcrumbList\",\"@id\":\"https:\/\/ingritech.pl\/cs\/product\/sodny-bentonit-pro-slevarnictvi-a-vrtani-ukr\/#breadcrumb\",\"itemListElement\":[{\"@type\":\"ListItem\",\"position\":1,\"name\":\"Strona g\u0142\u00f3wna\",\"item\":\"https:\/\/ingritech.pl\/cs\/\"},{\"@type\":\"ListItem\",\"position\":2,\"name\":\"Katalog produkt\u00f3w\",\"item\":\"https:\/\/ingritech.pl\/katalog\/\"},{\"@type\":\"ListItem\",\"position\":3,\"name\":\"Sodn\u00fd bentonit pro sl\u00e9v\u00e1rnictv\u00ed a vrt\u00e1n\u00ed (UKR)\"}]},{\"@type\":\"WebSite\",\"@id\":\"https:\/\/ingritech.pl\/cs\/#website\",\"url\":\"https:\/\/ingritech.pl\/cs\/\",\"name\":\"Ingritech\",\"description\":\"SUPPLIES AND RAW MATERIALS FOR INDUSTRY\",\"publisher\":{\"@id\":\"https:\/\/ingritech.pl\/cs\/#organization\"},\"alternateName\":\"Ingritech - SUPPLIES AND RAW MATERIALS FOR INDUSTRY\",\"potentialAction\":[{\"@type\":\"SearchAction\",\"target\":{\"@type\":\"EntryPoint\",\"urlTemplate\":\"https:\/\/ingritech.pl\/cs\/?s={search_term_string}\"},\"query-input\":{\"@type\":\"PropertyValueSpecification\",\"valueRequired\":true,\"valueName\":\"search_term_string\"}}],\"inLanguage\":\"cs\"},{\"@type\":\"Organization\",\"@id\":\"https:\/\/ingritech.pl\/cs\/#organization\",\"name\":\"Ingritech\",\"alternateName\":\"Ingritech - sklep z materia\u0142ami eksploatacyjnymi i surowcami dla przemys\u0142u\",\"url\":\"https:\/\/ingritech.pl\/cs\/\",\"logo\":{\"@type\":\"ImageObject\",\"inLanguage\":\"cs\",\"@id\":\"https:\/\/ingritech.pl\/cs\/#\/schema\/logo\/image\/\",\"url\":\"https:\/\/ingritech.pl\/wp-content\/uploads\/2025\/01\/ingretech-logo.webp\",\"contentUrl\":\"https:\/\/ingritech.pl\/wp-content\/uploads\/2025\/01\/ingretech-logo.webp\",\"width\":1280,\"height\":182,\"caption\":\"Ingritech\"},\"image\":{\"@id\":\"https:\/\/ingritech.pl\/cs\/#\/schema\/logo\/image\/\"},\"sameAs\":[\"https:\/\/wa.me\/+48453077323\"]}]}<\/script>\n<!-- \/ Yoast SEO plugin. -->","yoast_head_json":{"title":"Sodn\u00fd bentonit pro sl\u00e9v\u00e1rnictv\u00ed a vrt\u00e1n\u00ed (UKR) kup w Polsce, dostawa w Europie - INGRITECH","description":"Kup Sodn\u00fd bentonit pro sl\u00e9v\u00e1rnictv\u00ed a vrt\u00e1n\u00ed (UKR) w Polsce \ud83d\ude9aw ca\u0142ej Europie \u2705 Dokumentacja techniczna i certyfikaty \u2705 Korzystne ceny \u2705 Gwarancja.","robots":{"index":"index","follow":"follow","max-snippet":"max-snippet:-1","max-image-preview":"max-image-preview:large","max-video-preview":"max-video-preview:-1"},"canonical":"https:\/\/ingritech.pl\/cs\/product\/sodny-bentonit-pro-slevarnictvi-a-vrtani-ukr\/","og_locale":"cs_CZ","og_type":"article","og_title":"Sodn\u00fd bentonit pro sl\u00e9v\u00e1rnictv\u00ed a vrt\u00e1n\u00ed (UKR) kup w Polsce, dostawa w Europie - INGRITECH","og_description":"Kup Sodn\u00fd bentonit pro sl\u00e9v\u00e1rnictv\u00ed a vrt\u00e1n\u00ed (UKR) w Polsce \ud83d\ude9aw ca\u0142ej Europie \u2705 Dokumentacja techniczna i certyfikaty \u2705 Korzystne ceny \u2705 Gwarancja.","og_url":"https:\/\/ingritech.pl\/cs\/product\/sodny-bentonit-pro-slevarnictvi-a-vrtani-ukr\/","og_site_name":"INGRITECH","article_modified_time":"2026-04-14T11:29:55+00:00","og_image":[{"width":1805,"height":1805,"url":"https:\/\/ingritech.pl\/wp-content\/uploads\/2025\/01\/Ingritech-SODIUM-BENTONITE-FOR-FOUNDRY-DRILLS.webp","type":"image\/webp"}],"twitter_card":"summary_large_image","twitter_misc":{"Odhadovan\u00e1 doba \u010dten\u00ed":"3 minuty"},"schema":{"@context":"https:\/\/schema.org","@graph":[{"@type":"WebPage","@id":"https:\/\/ingritech.pl\/cs\/product\/sodny-bentonit-pro-slevarnictvi-a-vrtani-ukr\/","url":"https:\/\/ingritech.pl\/cs\/product\/sodny-bentonit-pro-slevarnictvi-a-vrtani-ukr\/","name":"Sodn\u00fd bentonit pro sl\u00e9v\u00e1rnictv\u00ed a vrt\u00e1n\u00ed (UKR) kup w Polsce, dostawa w Europie - INGRITECH","isPartOf":{"@id":"https:\/\/ingritech.pl\/cs\/#website"},"primaryImageOfPage":{"@id":"https:\/\/ingritech.pl\/cs\/product\/sodny-bentonit-pro-slevarnictvi-a-vrtani-ukr\/#primaryimage"},"image":{"@id":"https:\/\/ingritech.pl\/cs\/product\/sodny-bentonit-pro-slevarnictvi-a-vrtani-ukr\/#primaryimage"},"thumbnailUrl":"https:\/\/ingritech.pl\/wp-content\/uploads\/2025\/01\/Ingritech-SODIUM-BENTONITE-FOR-FOUNDRY-DRILLS.webp","datePublished":"2025-01-31T13:21:22+00:00","dateModified":"2026-04-14T11:29:55+00:00","description":"Kup Sodn\u00fd bentonit pro sl\u00e9v\u00e1rnictv\u00ed a vrt\u00e1n\u00ed (UKR) w Polsce \ud83d\ude9aw ca\u0142ej Europie \u2705 Dokumentacja techniczna i certyfikaty \u2705 Korzystne ceny \u2705 Gwarancja.","breadcrumb":{"@id":"https:\/\/ingritech.pl\/cs\/product\/sodny-bentonit-pro-slevarnictvi-a-vrtani-ukr\/#breadcrumb"},"inLanguage":"cs","potentialAction":[{"@type":"ReadAction","target":["https:\/\/ingritech.pl\/cs\/product\/sodny-bentonit-pro-slevarnictvi-a-vrtani-ukr\/"]}]},{"@type":"ImageObject","inLanguage":"cs","@id":"https:\/\/ingritech.pl\/cs\/product\/sodny-bentonit-pro-slevarnictvi-a-vrtani-ukr\/#primaryimage","url":"https:\/\/ingritech.pl\/wp-content\/uploads\/2025\/01\/Ingritech-SODIUM-BENTONITE-FOR-FOUNDRY-DRILLS.webp","contentUrl":"https:\/\/ingritech.pl\/wp-content\/uploads\/2025\/01\/Ingritech-SODIUM-BENTONITE-FOR-FOUNDRY-DRILLS.webp","width":1805,"height":1805,"caption":"Ingritech SODIUM BENTONITE PRO SL\u00c9V\u00c1RNY, VRT\u00c1KY"},{"@type":"BreadcrumbList","@id":"https:\/\/ingritech.pl\/cs\/product\/sodny-bentonit-pro-slevarnictvi-a-vrtani-ukr\/#breadcrumb","itemListElement":[{"@type":"ListItem","position":1,"name":"Strona g\u0142\u00f3wna","item":"https:\/\/ingritech.pl\/cs\/"},{"@type":"ListItem","position":2,"name":"Katalog produkt\u00f3w","item":"https:\/\/ingritech.pl\/katalog\/"},{"@type":"ListItem","position":3,"name":"Sodn\u00fd bentonit pro sl\u00e9v\u00e1rnictv\u00ed a vrt\u00e1n\u00ed (UKR)"}]},{"@type":"WebSite","@id":"https:\/\/ingritech.pl\/cs\/#website","url":"https:\/\/ingritech.pl\/cs\/","name":"Ingritech","description":"SUPPLIES AND RAW MATERIALS FOR INDUSTRY","publisher":{"@id":"https:\/\/ingritech.pl\/cs\/#organization"},"alternateName":"Ingritech - SUPPLIES AND RAW MATERIALS FOR INDUSTRY","potentialAction":[{"@type":"SearchAction","target":{"@type":"EntryPoint","urlTemplate":"https:\/\/ingritech.pl\/cs\/?s={search_term_string}"},"query-input":{"@type":"PropertyValueSpecification","valueRequired":true,"valueName":"search_term_string"}}],"inLanguage":"cs"},{"@type":"Organization","@id":"https:\/\/ingritech.pl\/cs\/#organization","name":"Ingritech","alternateName":"Ingritech - sklep z materia\u0142ami eksploatacyjnymi i surowcami dla przemys\u0142u","url":"https:\/\/ingritech.pl\/cs\/","logo":{"@type":"ImageObject","inLanguage":"cs","@id":"https:\/\/ingritech.pl\/cs\/#\/schema\/logo\/image\/","url":"https:\/\/ingritech.pl\/wp-content\/uploads\/2025\/01\/ingretech-logo.webp","contentUrl":"https:\/\/ingritech.pl\/wp-content\/uploads\/2025\/01\/ingretech-logo.webp","width":1280,"height":182,"caption":"Ingritech"},"image":{"@id":"https:\/\/ingritech.pl\/cs\/#\/schema\/logo\/image\/"},"sameAs":["https:\/\/wa.me\/+48453077323"]}]}},"_links":{"self":[{"href":"https:\/\/ingritech.pl\/cs\/wp-json\/wp\/v2\/product\/12176","targetHints":{"allow":["GET"]}}],"collection":[{"href":"https:\/\/ingritech.pl\/cs\/wp-json\/wp\/v2\/product"}],"about":[{"href":"https:\/\/ingritech.pl\/cs\/wp-json\/wp\/v2\/types\/product"}],"wp:featuredmedia":[{"embeddable":true,"href":"https:\/\/ingritech.pl\/cs\/wp-json\/wp\/v2\/media\/12178"}],"wp:attachment":[{"href":"https:\/\/ingritech.pl\/cs\/wp-json\/wp\/v2\/media?parent=12176"}],"wp:term":[{"taxonomy":"product_brand","embeddable":true,"href":"https:\/\/ingritech.pl\/cs\/wp-json\/wp\/v2\/product_brand?post=12176"},{"taxonomy":"product_cat","embeddable":true,"href":"https:\/\/ingritech.pl\/cs\/wp-json\/wp\/v2\/product_cat?post=12176"},{"taxonomy":"product_tag","embeddable":true,"href":"https:\/\/ingritech.pl\/cs\/wp-json\/wp\/v2\/product_tag?post=12176"}],"curies":[{"name":"wp","href":"https:\/\/api.w.org\/{rel}","templated":true}]}}