{"id":12186,"date":"2025-04-07T13:18:07","date_gmt":"2025-04-07T11:18:07","guid":{"rendered":"https:\/\/ingritech.pl\/product\/hlinikova-slitina-en-aw-2024-alcu4mg1-gost-4784-97-d12\/"},"modified":"2026-04-14T14:33:14","modified_gmt":"2026-04-14T12:33:14","slug":"hlinikova-slitina-en-aw-2024-alcu4mg1-gost-4784-97-d12","status":"publish","type":"product","link":"https:\/\/ingritech.pl\/cs\/product\/hlinikova-slitina-en-aw-2024-alcu4mg1-gost-4784-97-d12\/","title":{"rendered":"Hlin\u00edkov\u00e1 slitina EN AW-2024 AlCu4Mg1 (GOST 4784-97, D12)"},"content":{"rendered":"<h4 class=\"\" data-start=\"519\" data-end=\"566\"><strong data-start=\"524\" data-end=\"566\">Pro\u010d si vybrat slitinu D16 pr\u00e1v\u011b u n\u00e1s?<\/strong><\/h4>\n<ul data-start=\"567\" data-end=\"943\">\n<li class=\"\" data-start=\"567\" data-end=\"608\">\n<p class=\"\" data-start=\"569\" data-end=\"608\">Vysok\u00e1 kvalita v souladu s <strong data-start=\"592\" data-end=\"608\">GOST 4784-97<\/strong><\/p>\n<\/li>\n<li class=\"\" data-start=\"609\" data-end=\"687\">\n<p class=\"\" data-start=\"611\" data-end=\"687\">Vynikaj\u00edc\u00ed <strong data-start=\"621\" data-end=\"647\">odolnost proti \u00fanav\u011b<\/strong> a <strong data-start=\"653\" data-end=\"687\">pom\u011br pevnosti k hmotnosti<\/strong><\/p>\n<\/li>\n<li class=\"\" data-start=\"688\" data-end=\"774\">\n<p class=\"\" data-start=\"690\" data-end=\"774\">Vysok\u00e1 <strong data-start=\"697\" data-end=\"713\">obrobitelnost<\/strong>, odolnost proti korozi a vynikaj\u00edc\u00ed sva\u0159ovac\u00ed vlastnosti<\/p>\n<\/li>\n<li class=\"\" data-start=\"775\" data-end=\"845\">\n<p class=\"\" data-start=\"777\" data-end=\"845\">Pohodln\u00e1 forma \u2013 odlitky o hmotnosti p\u0159ibli\u017en\u011b <strong data-start=\"813\" data-end=\"823\">6,5 kg<\/strong>, balen\u00e9 na palet\u00e1ch<\/p>\n<\/li>\n<li class=\"\" data-start=\"846\" data-end=\"886\">\n<p class=\"\" data-start=\"848\" data-end=\"886\">Spolehliv\u00e1 <strong data-start=\"859\" data-end=\"886\">logistika v r\u00e1mci EU<\/strong><\/p>\n<\/li>\n<li class=\"\" data-start=\"887\" data-end=\"943\">\n<p class=\"\" data-start=\"889\" data-end=\"943\">Kompletn\u00ed dokumentace \u2013 <strong data-start=\"910\" data-end=\"922\">ISO 9001<\/strong>, <strong data-start=\"924\" data-end=\"932\">MSDS<\/strong>, <strong data-start=\"934\" data-end=\"943\">REACH<\/strong><\/p>\n<\/li>\n<\/ul>\n<hr class=\"\" data-start=\"945\" data-end=\"948\" \/>\n<h3 class=\"\" data-start=\"950\" data-end=\"994\"><strong data-start=\"954\" data-end=\"994\">Chemick\u00e9 slo\u017een\u00ed (D16, GOST 4784-97):<\/strong><\/h3>\n<div class=\"overflow-x-auto contain-inline-size\">\n<table data-start=\"996\" data-end=\"1578\">\n<thead data-start=\"996\" data-end=\"1039\">\n<tr data-start=\"996\" data-end=\"1039\">\n<th data-start=\"996\" data-end=\"1017\">Prvek<\/th>\n<th data-start=\"1017\" data-end=\"1039\">Obsah (%)<\/th>\n<\/tr>\n<\/thead>\n<tbody data-start=\"1084\" data-end=\"1578\">\n<tr data-start=\"1084\" data-end=\"1127\">\n<td>Fe (\u017eelezo)<\/td>\n<td>\u2264 0,50<\/td>\n<\/tr>\n<tr data-start=\"1128\" data-end=\"1171\">\n<td>Si (k\u0159em\u00edk)<\/td>\n<td>\u2264 0,50<\/td>\n<\/tr>\n<tr data-start=\"1172\" data-end=\"1215\">\n<td>Mn (Mangan)<\/td>\n<td>0,30 \u2013 0,90<\/td>\n<\/tr>\n<tr data-start=\"1216\" data-end=\"1259\">\n<td>Cr (chrom)<\/td>\n<td>\u2264 0,10<\/td>\n<\/tr>\n<tr data-start=\"1260\" data-end=\"1303\">\n<td>Ti (titan)<\/td>\n<td>\u2264 0,15<\/td>\n<\/tr>\n<tr data-start=\"1304\" data-end=\"1347\">\n<td>Al (hlin\u00edk)<\/td>\n<td>90,9 \u2013 94,7<\/td>\n<\/tr>\n<tr data-start=\"1348\" data-end=\"1391\">\n<td>Cu (m\u011b\u010f)<\/td>\n<td>3,8 \u2013 4,9<\/td>\n<\/tr>\n<tr data-start=\"1392\" data-end=\"1435\">\n<td>Mg (ho\u0159\u010d\u00edk)<\/td>\n<td>1,2 \u2013 1,8<\/td>\n<\/tr>\n<tr data-start=\"1436\" data-end=\"1479\">\n<td>Zn (zinek)<\/td>\n<td>\u2264 0,25<\/td>\n<\/tr>\n<tr data-start=\"1480\" data-end=\"1534\">\n<td>Zne\u010di\u0161t\u011bn\u00ed<\/td>\n<td>\u2264 0,05 ka\u017cde \/ 0,15 ca\u0142kowite<\/td>\n<\/tr>\n<tr data-start=\"1535\" data-end=\"1578\">\n<td>Ti + Zr<\/td>\n<td>&lt; 0,2<\/td>\n<\/tr>\n<\/tbody>\n<\/table>\n<\/div>\n<hr class=\"\" data-start=\"1580\" data-end=\"1583\" \/>\n<h3 class=\"\" data-start=\"1585\" data-end=\"1631\"><strong data-start=\"1589\" data-end=\"1631\">Mezin\u00e1rodn\u00ed ekvivalenty slitiny D16:<\/strong><\/h3>\n<div class=\"overflow-x-auto contain-inline-size\">\n<table data-start=\"1633\" data-end=\"1923\">\n<thead data-start=\"1633\" data-end=\"1729\">\n<tr data-start=\"1633\" data-end=\"1729\">\n<th data-start=\"1633\" data-end=\"1644\">USA (AA)<\/th>\n<th data-start=\"1644\" data-end=\"1663\">N\u011bmecko (DIN\/WNr)<\/th>\n<th data-start=\"1663\" data-end=\"1679\">Japonsko (JIS)<\/th>\n<th data-start=\"1679\" data-end=\"1697\">Francie (AFNOR)<\/th>\n<th data-start=\"1697\" data-end=\"1713\">EU (EN)<\/th>\n<th data-start=\"1713\" data-end=\"1729\">ISO<\/th>\n<\/tr>\n<\/thead>\n<tbody data-start=\"1827\" data-end=\"1923\">\n<tr data-start=\"1827\" data-end=\"1923\">\n<td>AA2024<\/td>\n<td>3.1355<\/td>\n<td>A2024<\/td>\n<td>A-U4SG<\/td>\n<td>EN AW-2024<\/td>\n<td>AlCu4Mg1<\/td>\n<\/tr>\n<\/tbody>\n<\/table>\n<\/div>\n<hr class=\"\" data-start=\"1925\" data-end=\"1928\" \/>\n<h3 class=\"\" data-start=\"1930\" data-end=\"1959\"><strong data-start=\"1934\" data-end=\"1959\">Oblasti pou\u017eit\u00ed:<\/strong><\/h3>\n<ul data-start=\"1960\" data-end=\"2206\">\n<li class=\"\" data-start=\"1960\" data-end=\"2019\">\n<p class=\"\" data-start=\"1962\" data-end=\"2019\">Konstruk\u010dn\u00ed prvky v leteck\u00e9m a kosmick\u00e9m pr\u016fmyslu<\/p>\n<\/li>\n<li class=\"\" data-start=\"2020\" data-end=\"2061\">\n<p class=\"\" data-start=\"2022\" data-end=\"2061\">Automobilov\u00e9 d\u00edly pro vysok\u00e9 zat\u00ed\u017een\u00ed<\/p>\n<\/li>\n<li class=\"\" data-start=\"2062\" data-end=\"2102\">\n<p class=\"\" data-start=\"2064\" data-end=\"2102\">R\u00e1my a p\u0159esn\u00e9 mechanick\u00e9 sou\u010d\u00e1sti\n<\/p>\n<\/li>\n<li class=\"\" data-start=\"2103\" data-end=\"2160\">\n<p class=\"\" data-start=\"2105\" data-end=\"2160\">Vojensk\u00e1 technika a komponenty ur\u010den\u00e9 pro obranu<\/p>\n<\/li>\n<li class=\"\" data-start=\"2161\" data-end=\"2206\">\n<p class=\"\" data-start=\"2163\" data-end=\"2206\">Vysoce v\u00fdkonn\u00e9 mechanick\u00e9 konstrukce\n<\/p>\n<\/li>\n<\/ul>\n<hr class=\"\" data-start=\"2208\" data-end=\"2211\" \/>\n<h3 class=\"\" data-start=\"2213\" data-end=\"2241\"><strong data-start=\"2217\" data-end=\"2241\">Balen\u00ed a dod\u00e1n\u00ed:<\/strong><\/h3>\n<ul data-start=\"2242\" data-end=\"2474\">\n<li class=\"\" data-start=\"2242\" data-end=\"2316\">\n<p class=\"\" data-start=\"2244\" data-end=\"2316\">Standardn\u00ed balen\u00ed: <strong data-start=\"2267\" data-end=\"2294\">hlin\u00edkov\u00e9 odlitky o hmotnosti 6,5 kg<\/strong>, balen\u00e9 na palet\u00e1ch<\/p>\n<\/li>\n<li class=\"\" data-start=\"2317\" data-end=\"2366\">\n<p class=\"\" data-start=\"2319\" data-end=\"2366\">Speci\u00e1ln\u00ed \u0159e\u0161en\u00ed na vy\u017e\u00e1d\u00e1n\u00ed<\/p>\n<\/li>\n<li class=\"\" data-start=\"2367\" data-end=\"2433\">\n<p class=\"\" data-start=\"2369\" data-end=\"2433\">Kompletn\u00ed dokumentace kvality: <strong data-start=\"2400\" data-end=\"2412\">ISO 9001<\/strong>, <strong data-start=\"2414\" data-end=\"2422\">MSDS<\/strong>, <strong data-start=\"2424\" data-end=\"2433\">REACH<\/strong><\/p>\n<\/li>\n<li class=\"\" data-start=\"2434\" data-end=\"2474\">\n<p class=\"\" data-start=\"2436\" data-end=\"2474\">Rychl\u00e9 dod\u00e1n\u00ed po cel\u00e9 Evrop\u011b<\/p>\n<\/li>\n<\/ul>\n<hr \/>\n<p><span style=\"color: #339966;\"><a style=\"color: #339966;\" href=\"https:\/\/api.whatsapp.com\/send\/?phone=%2B48453077323&amp;text&amp;type=phone_number&amp;app_absent=0\" target=\"_blank\" rel=\"noopener\"><strong>Projednat podrobnosti na WhatsAppu<\/strong><\/a><\/span><\/p>\n","protected":false},"excerpt":{"rendered":"<p><strong data-start=\"237\" data-end=\"331\">\u00a0Hled\u00e1te odolnou a v\u00fdkonnou hlin\u00edkovou slitinu pro pou\u017eit\u00ed ve stavebnictv\u00ed nebo letectv\u00ed?<\/strong><br data-start=\"331\" data-end=\"334\" \/>Nab\u00edz\u00edme <strong data-start=\"344\" data-end=\"371\">slitinu D16 (GOST 4784-97)<\/strong> ve <strong data-start=\"374\" data-end=\"392\">form\u011b odlitk\u016f<\/strong>, kter\u00e1 je ide\u00e1ln\u00ed pro pou\u017eit\u00ed v <strong data-start=\"418\" data-end=\"487\">leteck\u00e9m, automobilov\u00e9m, dopravn\u00edm<\/strong> a <strong data-start=\"493\" data-end=\"516\">ve vojensk\u00e9 v\u00fdrob\u011b<\/strong>.<\/p>\n","protected":false},"featured_media":12187,"template":"","meta":[],"product_brand":[],"product_cat":[751],"product_tag":[752,712],"class_list":{"0":"post-12186","1":"product","2":"type-product","3":"status-publish","4":"has-post-thumbnail","6":"product_cat-nezzelezne-kovy-a-slitiny","7":"product_tag-hlinik","8":"product_tag-nohy","10":"first","11":"instock","12":"shipping-taxable","13":"product-type-simple"},"yoast_head":"<!-- This site is optimized with the Yoast SEO plugin v24.3 - https:\/\/yoast.com\/wordpress\/plugins\/seo\/ -->\n<title>Hlin\u00edkov\u00e1 slitina EN AW-2024 AlCu4Mg1 (GOST 4784-97, D12) kup w Polsce, dostawa w Europie - INGRITECH<\/title>\n<meta name=\"description\" content=\"Kup Hlin\u00edkov\u00e1 slitina EN AW-2024 AlCu4Mg1 (GOST 4784-97, D12) w Polsce \ud83d\ude9aw ca\u0142ej Europie \u2705 Dokumentacja techniczna i certyfikaty \u2705 Korzystne ceny \u2705 Gwarancja.\" \/>\n<meta name=\"robots\" content=\"index, follow, max-snippet:-1, max-image-preview:large, max-video-preview:-1\" \/>\n<link rel=\"canonical\" href=\"https:\/\/ingritech.pl\/cs\/product\/hlinikova-slitina-en-aw-2024-alcu4mg1-gost-4784-97-d12\/\" \/>\n<meta property=\"og:locale\" content=\"cs_CZ\" \/>\n<meta property=\"og:type\" content=\"article\" \/>\n<meta property=\"og:title\" content=\"Hlin\u00edkov\u00e1 slitina EN AW-2024 AlCu4Mg1 (GOST 4784-97, D12) kup w Polsce, dostawa w Europie - INGRITECH\" \/>\n<meta property=\"og:description\" content=\"Kup Hlin\u00edkov\u00e1 slitina EN AW-2024 AlCu4Mg1 (GOST 4784-97, D12) w Polsce \ud83d\ude9aw ca\u0142ej Europie \u2705 Dokumentacja techniczna i certyfikaty \u2705 Korzystne ceny \u2705 Gwarancja.\" \/>\n<meta property=\"og:url\" content=\"https:\/\/ingritech.pl\/cs\/product\/hlinikova-slitina-en-aw-2024-alcu4mg1-gost-4784-97-d12\/\" \/>\n<meta property=\"og:site_name\" content=\"INGRITECH\" \/>\n<meta property=\"article:modified_time\" content=\"2026-04-14T12:33:14+00:00\" \/>\n<meta property=\"og:image\" content=\"https:\/\/ingritech.pl\/wp-content\/uploads\/2025\/04\/Stop-aluminiumowy-D12.webp\" \/>\n\t<meta property=\"og:image:width\" content=\"1324\" \/>\n\t<meta property=\"og:image:height\" content=\"1324\" \/>\n\t<meta property=\"og:image:type\" content=\"image\/webp\" \/>\n<meta name=\"twitter:card\" content=\"summary_large_image\" \/>\n<meta name=\"twitter:label1\" content=\"Odhadovan\u00e1 doba \u010dten\u00ed\" \/>\n\t<meta name=\"twitter:data1\" content=\"2 minuty\" \/>\n<script type=\"application\/ld+json\" class=\"yoast-schema-graph\">{\"@context\":\"https:\/\/schema.org\",\"@graph\":[{\"@type\":\"WebPage\",\"@id\":\"https:\/\/ingritech.pl\/cs\/product\/hlinikova-slitina-en-aw-2024-alcu4mg1-gost-4784-97-d12\/\",\"url\":\"https:\/\/ingritech.pl\/cs\/product\/hlinikova-slitina-en-aw-2024-alcu4mg1-gost-4784-97-d12\/\",\"name\":\"Hlin\u00edkov\u00e1 slitina EN AW-2024 AlCu4Mg1 (GOST 4784-97, D12) kup w Polsce, dostawa w Europie - INGRITECH\",\"isPartOf\":{\"@id\":\"https:\/\/ingritech.pl\/cs\/#website\"},\"primaryImageOfPage\":{\"@id\":\"https:\/\/ingritech.pl\/cs\/product\/hlinikova-slitina-en-aw-2024-alcu4mg1-gost-4784-97-d12\/#primaryimage\"},\"image\":{\"@id\":\"https:\/\/ingritech.pl\/cs\/product\/hlinikova-slitina-en-aw-2024-alcu4mg1-gost-4784-97-d12\/#primaryimage\"},\"thumbnailUrl\":\"https:\/\/ingritech.pl\/wp-content\/uploads\/2025\/04\/Stop-aluminiumowy-D12.webp\",\"datePublished\":\"2025-04-07T11:18:07+00:00\",\"dateModified\":\"2026-04-14T12:33:14+00:00\",\"description\":\"Kup Hlin\u00edkov\u00e1 slitina EN AW-2024 AlCu4Mg1 (GOST 4784-97, D12) w Polsce \ud83d\ude9aw ca\u0142ej Europie \u2705 Dokumentacja techniczna i certyfikaty \u2705 Korzystne ceny \u2705 Gwarancja.\",\"breadcrumb\":{\"@id\":\"https:\/\/ingritech.pl\/cs\/product\/hlinikova-slitina-en-aw-2024-alcu4mg1-gost-4784-97-d12\/#breadcrumb\"},\"inLanguage\":\"cs\",\"potentialAction\":[{\"@type\":\"ReadAction\",\"target\":[\"https:\/\/ingritech.pl\/cs\/product\/hlinikova-slitina-en-aw-2024-alcu4mg1-gost-4784-97-d12\/\"]}]},{\"@type\":\"ImageObject\",\"inLanguage\":\"cs\",\"@id\":\"https:\/\/ingritech.pl\/cs\/product\/hlinikova-slitina-en-aw-2024-alcu4mg1-gost-4784-97-d12\/#primaryimage\",\"url\":\"https:\/\/ingritech.pl\/wp-content\/uploads\/2025\/04\/Stop-aluminiumowy-D12.webp\",\"contentUrl\":\"https:\/\/ingritech.pl\/wp-content\/uploads\/2025\/04\/Stop-aluminiumowy-D12.webp\",\"width\":1324,\"height\":1324,\"caption\":\"Hlin\u00edkov\u00e1 slitina D12\"},{\"@type\":\"BreadcrumbList\",\"@id\":\"https:\/\/ingritech.pl\/cs\/product\/hlinikova-slitina-en-aw-2024-alcu4mg1-gost-4784-97-d12\/#breadcrumb\",\"itemListElement\":[{\"@type\":\"ListItem\",\"position\":1,\"name\":\"Strona g\u0142\u00f3wna\",\"item\":\"https:\/\/ingritech.pl\/cs\/\"},{\"@type\":\"ListItem\",\"position\":2,\"name\":\"Katalog produkt\u00f3w\",\"item\":\"https:\/\/ingritech.pl\/katalog\/\"},{\"@type\":\"ListItem\",\"position\":3,\"name\":\"Hlin\u00edkov\u00e1 slitina EN AW-2024 AlCu4Mg1 (GOST 4784-97, D12)\"}]},{\"@type\":\"WebSite\",\"@id\":\"https:\/\/ingritech.pl\/cs\/#website\",\"url\":\"https:\/\/ingritech.pl\/cs\/\",\"name\":\"Ingritech\",\"description\":\"SUPPLIES AND RAW MATERIALS FOR INDUSTRY\",\"publisher\":{\"@id\":\"https:\/\/ingritech.pl\/cs\/#organization\"},\"alternateName\":\"Ingritech - SUPPLIES AND RAW MATERIALS FOR INDUSTRY\",\"potentialAction\":[{\"@type\":\"SearchAction\",\"target\":{\"@type\":\"EntryPoint\",\"urlTemplate\":\"https:\/\/ingritech.pl\/cs\/?s={search_term_string}\"},\"query-input\":{\"@type\":\"PropertyValueSpecification\",\"valueRequired\":true,\"valueName\":\"search_term_string\"}}],\"inLanguage\":\"cs\"},{\"@type\":\"Organization\",\"@id\":\"https:\/\/ingritech.pl\/cs\/#organization\",\"name\":\"Ingritech\",\"alternateName\":\"Ingritech - sklep z materia\u0142ami eksploatacyjnymi i surowcami dla przemys\u0142u\",\"url\":\"https:\/\/ingritech.pl\/cs\/\",\"logo\":{\"@type\":\"ImageObject\",\"inLanguage\":\"cs\",\"@id\":\"https:\/\/ingritech.pl\/cs\/#\/schema\/logo\/image\/\",\"url\":\"https:\/\/ingritech.pl\/wp-content\/uploads\/2025\/01\/ingretech-logo.webp\",\"contentUrl\":\"https:\/\/ingritech.pl\/wp-content\/uploads\/2025\/01\/ingretech-logo.webp\",\"width\":1280,\"height\":182,\"caption\":\"Ingritech\"},\"image\":{\"@id\":\"https:\/\/ingritech.pl\/cs\/#\/schema\/logo\/image\/\"},\"sameAs\":[\"https:\/\/wa.me\/+48453077323\"]}]}<\/script>\n<!-- \/ Yoast SEO plugin. -->","yoast_head_json":{"title":"Hlin\u00edkov\u00e1 slitina EN AW-2024 AlCu4Mg1 (GOST 4784-97, D12) kup w Polsce, dostawa w Europie - INGRITECH","description":"Kup Hlin\u00edkov\u00e1 slitina EN AW-2024 AlCu4Mg1 (GOST 4784-97, D12) w Polsce \ud83d\ude9aw ca\u0142ej Europie \u2705 Dokumentacja techniczna i certyfikaty \u2705 Korzystne ceny \u2705 Gwarancja.","robots":{"index":"index","follow":"follow","max-snippet":"max-snippet:-1","max-image-preview":"max-image-preview:large","max-video-preview":"max-video-preview:-1"},"canonical":"https:\/\/ingritech.pl\/cs\/product\/hlinikova-slitina-en-aw-2024-alcu4mg1-gost-4784-97-d12\/","og_locale":"cs_CZ","og_type":"article","og_title":"Hlin\u00edkov\u00e1 slitina EN AW-2024 AlCu4Mg1 (GOST 4784-97, D12) kup w Polsce, dostawa w Europie - INGRITECH","og_description":"Kup Hlin\u00edkov\u00e1 slitina EN AW-2024 AlCu4Mg1 (GOST 4784-97, D12) w Polsce \ud83d\ude9aw ca\u0142ej Europie \u2705 Dokumentacja techniczna i certyfikaty \u2705 Korzystne ceny \u2705 Gwarancja.","og_url":"https:\/\/ingritech.pl\/cs\/product\/hlinikova-slitina-en-aw-2024-alcu4mg1-gost-4784-97-d12\/","og_site_name":"INGRITECH","article_modified_time":"2026-04-14T12:33:14+00:00","og_image":[{"width":1324,"height":1324,"url":"https:\/\/ingritech.pl\/wp-content\/uploads\/2025\/04\/Stop-aluminiumowy-D12.webp","type":"image\/webp"}],"twitter_card":"summary_large_image","twitter_misc":{"Odhadovan\u00e1 doba \u010dten\u00ed":"2 minuty"},"schema":{"@context":"https:\/\/schema.org","@graph":[{"@type":"WebPage","@id":"https:\/\/ingritech.pl\/cs\/product\/hlinikova-slitina-en-aw-2024-alcu4mg1-gost-4784-97-d12\/","url":"https:\/\/ingritech.pl\/cs\/product\/hlinikova-slitina-en-aw-2024-alcu4mg1-gost-4784-97-d12\/","name":"Hlin\u00edkov\u00e1 slitina EN AW-2024 AlCu4Mg1 (GOST 4784-97, D12) kup w Polsce, dostawa w Europie - INGRITECH","isPartOf":{"@id":"https:\/\/ingritech.pl\/cs\/#website"},"primaryImageOfPage":{"@id":"https:\/\/ingritech.pl\/cs\/product\/hlinikova-slitina-en-aw-2024-alcu4mg1-gost-4784-97-d12\/#primaryimage"},"image":{"@id":"https:\/\/ingritech.pl\/cs\/product\/hlinikova-slitina-en-aw-2024-alcu4mg1-gost-4784-97-d12\/#primaryimage"},"thumbnailUrl":"https:\/\/ingritech.pl\/wp-content\/uploads\/2025\/04\/Stop-aluminiumowy-D12.webp","datePublished":"2025-04-07T11:18:07+00:00","dateModified":"2026-04-14T12:33:14+00:00","description":"Kup Hlin\u00edkov\u00e1 slitina EN AW-2024 AlCu4Mg1 (GOST 4784-97, D12) w Polsce \ud83d\ude9aw ca\u0142ej Europie \u2705 Dokumentacja techniczna i certyfikaty \u2705 Korzystne ceny \u2705 Gwarancja.","breadcrumb":{"@id":"https:\/\/ingritech.pl\/cs\/product\/hlinikova-slitina-en-aw-2024-alcu4mg1-gost-4784-97-d12\/#breadcrumb"},"inLanguage":"cs","potentialAction":[{"@type":"ReadAction","target":["https:\/\/ingritech.pl\/cs\/product\/hlinikova-slitina-en-aw-2024-alcu4mg1-gost-4784-97-d12\/"]}]},{"@type":"ImageObject","inLanguage":"cs","@id":"https:\/\/ingritech.pl\/cs\/product\/hlinikova-slitina-en-aw-2024-alcu4mg1-gost-4784-97-d12\/#primaryimage","url":"https:\/\/ingritech.pl\/wp-content\/uploads\/2025\/04\/Stop-aluminiumowy-D12.webp","contentUrl":"https:\/\/ingritech.pl\/wp-content\/uploads\/2025\/04\/Stop-aluminiumowy-D12.webp","width":1324,"height":1324,"caption":"Hlin\u00edkov\u00e1 slitina D12"},{"@type":"BreadcrumbList","@id":"https:\/\/ingritech.pl\/cs\/product\/hlinikova-slitina-en-aw-2024-alcu4mg1-gost-4784-97-d12\/#breadcrumb","itemListElement":[{"@type":"ListItem","position":1,"name":"Strona g\u0142\u00f3wna","item":"https:\/\/ingritech.pl\/cs\/"},{"@type":"ListItem","position":2,"name":"Katalog produkt\u00f3w","item":"https:\/\/ingritech.pl\/katalog\/"},{"@type":"ListItem","position":3,"name":"Hlin\u00edkov\u00e1 slitina EN AW-2024 AlCu4Mg1 (GOST 4784-97, D12)"}]},{"@type":"WebSite","@id":"https:\/\/ingritech.pl\/cs\/#website","url":"https:\/\/ingritech.pl\/cs\/","name":"Ingritech","description":"SUPPLIES AND RAW MATERIALS FOR INDUSTRY","publisher":{"@id":"https:\/\/ingritech.pl\/cs\/#organization"},"alternateName":"Ingritech - SUPPLIES AND RAW MATERIALS FOR INDUSTRY","potentialAction":[{"@type":"SearchAction","target":{"@type":"EntryPoint","urlTemplate":"https:\/\/ingritech.pl\/cs\/?s={search_term_string}"},"query-input":{"@type":"PropertyValueSpecification","valueRequired":true,"valueName":"search_term_string"}}],"inLanguage":"cs"},{"@type":"Organization","@id":"https:\/\/ingritech.pl\/cs\/#organization","name":"Ingritech","alternateName":"Ingritech - sklep z materia\u0142ami eksploatacyjnymi i surowcami dla przemys\u0142u","url":"https:\/\/ingritech.pl\/cs\/","logo":{"@type":"ImageObject","inLanguage":"cs","@id":"https:\/\/ingritech.pl\/cs\/#\/schema\/logo\/image\/","url":"https:\/\/ingritech.pl\/wp-content\/uploads\/2025\/01\/ingretech-logo.webp","contentUrl":"https:\/\/ingritech.pl\/wp-content\/uploads\/2025\/01\/ingretech-logo.webp","width":1280,"height":182,"caption":"Ingritech"},"image":{"@id":"https:\/\/ingritech.pl\/cs\/#\/schema\/logo\/image\/"},"sameAs":["https:\/\/wa.me\/+48453077323"]}]}},"_links":{"self":[{"href":"https:\/\/ingritech.pl\/cs\/wp-json\/wp\/v2\/product\/12186","targetHints":{"allow":["GET"]}}],"collection":[{"href":"https:\/\/ingritech.pl\/cs\/wp-json\/wp\/v2\/product"}],"about":[{"href":"https:\/\/ingritech.pl\/cs\/wp-json\/wp\/v2\/types\/product"}],"wp:featuredmedia":[{"embeddable":true,"href":"https:\/\/ingritech.pl\/cs\/wp-json\/wp\/v2\/media\/12187"}],"wp:attachment":[{"href":"https:\/\/ingritech.pl\/cs\/wp-json\/wp\/v2\/media?parent=12186"}],"wp:term":[{"taxonomy":"product_brand","embeddable":true,"href":"https:\/\/ingritech.pl\/cs\/wp-json\/wp\/v2\/product_brand?post=12186"},{"taxonomy":"product_cat","embeddable":true,"href":"https:\/\/ingritech.pl\/cs\/wp-json\/wp\/v2\/product_cat?post=12186"},{"taxonomy":"product_tag","embeddable":true,"href":"https:\/\/ingritech.pl\/cs\/wp-json\/wp\/v2\/product_tag?post=12186"}],"curies":[{"name":"wp","href":"https:\/\/api.w.org\/{rel}","templated":true}]}}