{"id":12204,"date":"2025-04-07T12:07:19","date_gmt":"2025-04-07T10:07:19","guid":{"rendered":"https:\/\/ingritech.pl\/product\/hlinikova-slitina-en-aw-3004-en-aw-almn1mg1-gost-4784-97-d12\/"},"modified":"2026-04-14T15:44:37","modified_gmt":"2026-04-14T13:44:37","slug":"hlinikova-slitina-en-aw-3004-en-aw-almn1mg1-gost-4784-97-d12","status":"publish","type":"product","link":"https:\/\/ingritech.pl\/cs\/product\/hlinikova-slitina-en-aw-3004-en-aw-almn1mg1-gost-4784-97-d12\/","title":{"rendered":"Hlin\u00edkov\u00e1 slitina EN AW-3004, EN AW-AlMn1Mg1 (GOST 4784-97, D12)"},"content":{"rendered":"<h3 class=\"\" data-start=\"624\" data-end=\"648\"><strong data-start=\"628\" data-end=\"648\">V\u00fdhody slitiny D12<\/strong><\/h3>\n<ul data-start=\"649\" data-end=\"1058\">\n<li class=\"\" data-start=\"649\" data-end=\"725\">\n<p class=\"\" data-start=\"651\" data-end=\"725\"><strong data-start=\"651\" data-end=\"680\">Velmi dobr\u00e1 obrobitelnost<\/strong> \u2013 snadn\u00e9 tv\u00e1\u0159en\u00ed, obr\u00e1b\u011bn\u00ed a sva\u0159ov\u00e1n\u00ed<\/p>\n<\/li>\n<li class=\"\" data-start=\"726\" data-end=\"810\">\n<p class=\"\" data-start=\"728\" data-end=\"810\"><strong data-start=\"728\" data-end=\"759\">Vysok\u00e1 odolnost proti korozi<\/strong> \u2013 osv\u011bd\u010duje se v n\u00e1ro\u010dn\u00fdch provozn\u00edch podm\u00ednk\u00e1ch<\/p>\n<\/li>\n<li class=\"\" data-start=\"811\" data-end=\"877\">\n<p class=\"\" data-start=\"813\" data-end=\"877\"><strong data-start=\"813\" data-end=\"848\">Vysok\u00e1 mechanick\u00e1 pevnost<\/strong> \u2013 spolehlivost konstrukce<\/p>\n<\/li>\n<li class=\"\" data-start=\"878\" data-end=\"949\">\n<p class=\"\" data-start=\"880\" data-end=\"949\"><strong data-start=\"880\" data-end=\"915\">Stabiln\u00ed krystalick\u00e1 struktura<\/strong> \u2013 zaru\u010den\u00e1 kvalita materi\u00e1lu<\/p>\n<\/li>\n<li class=\"\" data-start=\"950\" data-end=\"1058\">\n<p class=\"\" data-start=\"952\" data-end=\"1058\"><strong data-start=\"952\" data-end=\"1006\">Soulad s evropsk\u00fdmi a mezin\u00e1rodn\u00edmi normami<\/strong> \u2013 kompletn\u00ed dokumentace (certifik\u00e1ty ISO, bezpe\u010dnostn\u00ed listy, REACH)<\/p>\n<\/li>\n<\/ul>\n<h3 class=\"\" data-start=\"1060\" data-end=\"1094\"><strong data-start=\"1064\" data-end=\"1094\">Chemick\u00e9 slo\u017een\u00ed (v hmotnostn\u00edch %)<\/strong><\/h3>\n<div class=\"overflow-x-auto contain-inline-size\">\n<table data-start=\"1095\" data-end=\"1404\">\n<thead data-start=\"1095\" data-end=\"1122\">\n<tr data-start=\"1095\" data-end=\"1122\">\n<th data-start=\"1095\" data-end=\"1109\">Prvek<\/th>\n<th data-start=\"1109\" data-end=\"1122\">Obsah<\/th>\n<\/tr>\n<\/thead>\n<tbody data-start=\"1151\" data-end=\"1404\">\n<tr data-start=\"1151\" data-end=\"1178\">\n<td>Fe (\u017eelezo)<\/td>\n<td>\u2264 0,70%<\/td>\n<\/tr>\n<tr data-start=\"1179\" data-end=\"1206\">\n<td>Si (k\u0159em\u00edk)<\/td>\n<td>\u2264 0,30%<\/td>\n<\/tr>\n<tr data-start=\"1207\" data-end=\"1234\">\n<td>Mn (Mangan)<\/td>\n<td>1,00\u20131,50%<\/td>\n<\/tr>\n<tr data-start=\"1235\" data-end=\"1266\">\n<td>Al (hlin\u00edk)<\/td>\n<td>95,7\u201398,2%<\/td>\n<\/tr>\n<tr data-start=\"1267\" data-end=\"1294\">\n<td>Cu (m\u011b\u010f)<\/td>\n<td>\u2264 0,25%<\/td>\n<\/tr>\n<tr data-start=\"1295\" data-end=\"1322\">\n<td>Mg (ho\u0159\u010d\u00edk)<\/td>\n<td>0,80\u20131,30%<\/td>\n<\/tr>\n<tr data-start=\"1323\" data-end=\"1350\">\n<td>Zn (zinek)<\/td>\n<td>\u2264 0,25%<\/td>\n<\/tr>\n<tr data-start=\"1351\" data-end=\"1404\">\n<td>Zne\u010di\u0161t\u011bn\u00ed (ka\u017ed\u00e9\/celkem)<\/td>\n<td>\u2264 0,05 \/ 0,15%<\/td>\n<\/tr>\n<\/tbody>\n<\/table>\n<\/div>\n<h3 class=\"\" data-start=\"1406\" data-end=\"1445\"><strong data-start=\"1410\" data-end=\"1445\">Mezin\u00e1rodn\u00ed ekvivalenty D12<\/strong><\/h3>\n<div class=\"overflow-x-auto contain-inline-size\">\n<table data-start=\"1446\" data-end=\"1901\">\n<thead data-start=\"1446\" data-end=\"1501\">\n<tr data-start=\"1446\" data-end=\"1501\">\n<th data-start=\"1446\" data-end=\"1461\">Zem\u011b<\/th>\n<th data-start=\"1461\" data-end=\"1501\">Norma\/Typ<\/th>\n<\/tr>\n<\/thead>\n<tbody data-start=\"1559\" data-end=\"1901\">\n<tr data-start=\"1559\" data-end=\"1615\">\n<td>USA (AA)<\/td>\n<td>AA3004, AA3104<\/td>\n<\/tr>\n<tr data-start=\"1616\" data-end=\"1672\">\n<td>N\u011bmecko (DIN)<\/td>\n<td>3.0526, 3.3527, AlMgMn, AlMn1Mg1<\/td>\n<\/tr>\n<tr data-start=\"1673\" data-end=\"1729\">\n<td>Japonsko (JIS)<\/td>\n<td>3004<\/td>\n<\/tr>\n<tr data-start=\"1730\" data-end=\"1786\">\n<td>Francie<\/td>\n<td>A-M1G<\/td>\n<\/tr>\n<tr data-start=\"1787\" data-end=\"1844\">\n<td>Evropsk\u00e1 unie (EN)<\/td>\n<td>EN AW-3004, EN AW-AlMn1Mg1<\/td>\n<\/tr>\n<tr data-start=\"1845\" data-end=\"1901\">\n<td>ISO<\/td>\n<td>3004, AlMn1Mg1<\/td>\n<\/tr>\n<\/tbody>\n<\/table>\n<\/div>\n<h3 class=\"\" data-start=\"1903\" data-end=\"1932\"><strong data-start=\"1907\" data-end=\"1932\">Logistick\u00e9 parametry<\/strong><\/h3>\n<ul data-start=\"1933\" data-end=\"2166\">\n<li class=\"\" data-start=\"1933\" data-end=\"1984\">\n<p class=\"\" data-start=\"1935\" data-end=\"1984\"><strong data-start=\"1935\" data-end=\"1953\">Zp\u016fsob doru doru\u010den\u00ed:<\/strong> odl\u00e9vac\u00ed ingoty (chuszki)<\/p>\n<\/li>\n<li class=\"\" data-start=\"1985\" data-end=\"2017\">\n<p class=\"\" data-start=\"1987\" data-end=\"2017\"><strong data-start=\"1987\" data-end=\"2008\">Jednotkov\u00e1 hmotnost:<\/strong> 6,5 kg<\/p>\n<\/li>\n<li class=\"\" data-start=\"2018\" data-end=\"2055\">\n<p class=\"\" data-start=\"2020\" data-end=\"2055\"><strong data-start=\"2020\" data-end=\"2034\">Balen\u00ed:<\/strong> standardn\u00ed paleta<\/p>\n<\/li>\n<li class=\"\" data-start=\"2056\" data-end=\"2114\">\n<p class=\"\" data-start=\"2058\" data-end=\"2114\"><strong data-start=\"2058\" data-end=\"2070\">Dod\u00e1n\u00ed:<\/strong> rychl\u00e9 vy\u0159\u00edzen\u00ed po cel\u00e9 Evrop\u011b<\/p>\n<\/li>\n<li class=\"\" data-start=\"2115\" data-end=\"2166\">\n<p class=\"\" data-start=\"2117\" data-end=\"2166\"><strong data-start=\"2117\" data-end=\"2145\">Individu\u00e1ln\u00ed objedn\u00e1vky: <\/strong> k dispozici na vy\u017e\u00e1d\u00e1n\u00ed<\/p>\n<\/li>\n<\/ul>\n<hr class=\"\" data-start=\"2168\" data-end=\"2171\" \/>\n<p class=\"\" data-start=\"2173\" data-end=\"2300\"><a href=\"https:\/\/api.whatsapp.com\/send\/?phone=%2B48453077323&amp;text&amp;type=phone_number&amp;app_absent=0\" target=\"_blank\" rel=\"noopener\"><strong><span style=\"color: #339966;\">Projednat podrobnosti na WhatsAppu <\/span><\/strong><\/a><\/p>\n","protected":false},"excerpt":{"rendered":"<p>Hlin\u00edkov\u00e1 slitina<strong data-start=\"334\" data-end=\"341\">D12<\/strong> (v souladu s normou <strong data-start=\"358\" data-end=\"374\">GOST 4784-97<\/strong>) je univerz\u00e1ln\u00ed konstruk\u010dn\u00ed materi\u00e1l, ide\u00e1ln\u00ed pro pou\u017eit\u00ed v <strong data-start=\"441\" data-end=\"505\">leteck\u00e9m, automobilov\u00e9m, stavebn\u00edm a potravin\u00e1\u0159sk\u00e9m pr\u016fmyslu<\/strong>. Dod\u00e1v\u00e1 se ve form\u011b <strong data-start=\"528\" data-end=\"562\">odlitkov\u00fdch ty\u010d\u00ed (prut\u016f)<\/strong> o hmotnosti 6,5 kg \u2013 vhodn\u00fdch pro dal\u0161\u00ed zpracov\u00e1n\u00ed a p\u0159epravu.<\/p>\n","protected":false},"featured_media":12187,"template":"","meta":[],"product_brand":[],"product_cat":[751],"product_tag":[752,712],"class_list":{"0":"post-12204","1":"product","2":"type-product","3":"status-publish","4":"has-post-thumbnail","6":"product_cat-nezzelezne-kovy-a-slitiny","7":"product_tag-hlinik","8":"product_tag-nohy","10":"first","11":"instock","12":"shipping-taxable","13":"product-type-simple"},"yoast_head":"<!-- This site is optimized with the Yoast SEO plugin v24.3 - https:\/\/yoast.com\/wordpress\/plugins\/seo\/ -->\n<title>Hlin\u00edkov\u00e1 slitina EN AW-3004, EN AW-AlMn1Mg1 (GOST 4784-97, D12) kup w Polsce, dostawa w Europie - INGRITECH<\/title>\n<meta name=\"description\" content=\"Hlin\u00edkov\u00e1 slitina D12 podle normy GOST 4784-97 \u2013 ide\u00e1ln\u00ed pro pou\u017eit\u00ed v letectv\u00ed, automobilov\u00e9m pr\u016fmyslu, stavebnictv\u00ed a potravin\u00e1\u0159sk\u00e9m pr\u016fmyslu. Vyzna\u010duje se vysokou kvalitou, odolnost\u00ed proti korozi a vynikaj\u00edc\u00ed obrobitelnost\u00ed. Ty\u010de o hmotnosti 6,5 kg, rychl\u00e9 dod\u00e1n\u00ed po cel\u00e9 Evrop\u011b, certifik\u00e1ty ISO, MSDS, REACH.\" \/>\n<meta name=\"robots\" content=\"index, follow, max-snippet:-1, max-image-preview:large, max-video-preview:-1\" \/>\n<link rel=\"canonical\" href=\"https:\/\/ingritech.pl\/cs\/product\/hlinikova-slitina-en-aw-3004-en-aw-almn1mg1-gost-4784-97-d12\/\" \/>\n<meta property=\"og:locale\" content=\"cs_CZ\" \/>\n<meta property=\"og:type\" content=\"article\" \/>\n<meta property=\"og:title\" content=\"Hlin\u00edkov\u00e1 slitina EN AW-3004, EN AW-AlMn1Mg1 (GOST 4784-97, D12) kup w Polsce, dostawa w Europie - INGRITECH\" \/>\n<meta property=\"og:description\" content=\"Hlin\u00edkov\u00e1 slitina D12 podle normy GOST 4784-97 \u2013 ide\u00e1ln\u00ed pro pou\u017eit\u00ed v letectv\u00ed, automobilov\u00e9m pr\u016fmyslu, stavebnictv\u00ed a potravin\u00e1\u0159sk\u00e9m pr\u016fmyslu. Vyzna\u010duje se vysokou kvalitou, odolnost\u00ed proti korozi a vynikaj\u00edc\u00ed obrobitelnost\u00ed. Ty\u010de o hmotnosti 6,5 kg, rychl\u00e9 dod\u00e1n\u00ed po cel\u00e9 Evrop\u011b, certifik\u00e1ty ISO, MSDS, REACH.\" \/>\n<meta property=\"og:url\" content=\"https:\/\/ingritech.pl\/cs\/product\/hlinikova-slitina-en-aw-3004-en-aw-almn1mg1-gost-4784-97-d12\/\" \/>\n<meta property=\"og:site_name\" content=\"INGRITECH\" \/>\n<meta property=\"article:modified_time\" content=\"2026-04-14T13:44:37+00:00\" \/>\n<meta property=\"og:image\" content=\"https:\/\/ingritech.pl\/wp-content\/uploads\/2025\/04\/Stop-aluminiumowy-D12.webp\" \/>\n\t<meta property=\"og:image:width\" content=\"1324\" \/>\n\t<meta property=\"og:image:height\" content=\"1324\" \/>\n\t<meta property=\"og:image:type\" content=\"image\/webp\" \/>\n<meta name=\"twitter:card\" content=\"summary_large_image\" \/>\n<meta name=\"twitter:label1\" content=\"Odhadovan\u00e1 doba \u010dten\u00ed\" \/>\n\t<meta name=\"twitter:data1\" content=\"1 minuta\" \/>\n<script type=\"application\/ld+json\" class=\"yoast-schema-graph\">{\"@context\":\"https:\/\/schema.org\",\"@graph\":[{\"@type\":\"WebPage\",\"@id\":\"https:\/\/ingritech.pl\/cs\/product\/hlinikova-slitina-en-aw-3004-en-aw-almn1mg1-gost-4784-97-d12\/\",\"url\":\"https:\/\/ingritech.pl\/cs\/product\/hlinikova-slitina-en-aw-3004-en-aw-almn1mg1-gost-4784-97-d12\/\",\"name\":\"Hlin\u00edkov\u00e1 slitina EN AW-3004, EN AW-AlMn1Mg1 (GOST 4784-97, D12) kup w Polsce, dostawa w Europie - INGRITECH\",\"isPartOf\":{\"@id\":\"https:\/\/ingritech.pl\/cs\/#website\"},\"primaryImageOfPage\":{\"@id\":\"https:\/\/ingritech.pl\/cs\/product\/hlinikova-slitina-en-aw-3004-en-aw-almn1mg1-gost-4784-97-d12\/#primaryimage\"},\"image\":{\"@id\":\"https:\/\/ingritech.pl\/cs\/product\/hlinikova-slitina-en-aw-3004-en-aw-almn1mg1-gost-4784-97-d12\/#primaryimage\"},\"thumbnailUrl\":\"https:\/\/ingritech.pl\/wp-content\/uploads\/2025\/04\/Stop-aluminiumowy-D12.webp\",\"datePublished\":\"2025-04-07T10:07:19+00:00\",\"dateModified\":\"2026-04-14T13:44:37+00:00\",\"description\":\"Hlin\u00edkov\u00e1 slitina D12 podle normy GOST 4784-97 \u2013 ide\u00e1ln\u00ed pro pou\u017eit\u00ed v letectv\u00ed, automobilov\u00e9m pr\u016fmyslu, stavebnictv\u00ed a potravin\u00e1\u0159sk\u00e9m pr\u016fmyslu. Vyzna\u010duje se vysokou kvalitou, odolnost\u00ed proti korozi a vynikaj\u00edc\u00ed obrobitelnost\u00ed. Ty\u010de o hmotnosti 6,5 kg, rychl\u00e9 dod\u00e1n\u00ed po cel\u00e9 Evrop\u011b, certifik\u00e1ty ISO, MSDS, REACH.\",\"breadcrumb\":{\"@id\":\"https:\/\/ingritech.pl\/cs\/product\/hlinikova-slitina-en-aw-3004-en-aw-almn1mg1-gost-4784-97-d12\/#breadcrumb\"},\"inLanguage\":\"cs\",\"potentialAction\":[{\"@type\":\"ReadAction\",\"target\":[\"https:\/\/ingritech.pl\/cs\/product\/hlinikova-slitina-en-aw-3004-en-aw-almn1mg1-gost-4784-97-d12\/\"]}]},{\"@type\":\"ImageObject\",\"inLanguage\":\"cs\",\"@id\":\"https:\/\/ingritech.pl\/cs\/product\/hlinikova-slitina-en-aw-3004-en-aw-almn1mg1-gost-4784-97-d12\/#primaryimage\",\"url\":\"https:\/\/ingritech.pl\/wp-content\/uploads\/2025\/04\/Stop-aluminiumowy-D12.webp\",\"contentUrl\":\"https:\/\/ingritech.pl\/wp-content\/uploads\/2025\/04\/Stop-aluminiumowy-D12.webp\",\"width\":1324,\"height\":1324,\"caption\":\"Hlin\u00edkov\u00e1 slitina D12\"},{\"@type\":\"BreadcrumbList\",\"@id\":\"https:\/\/ingritech.pl\/cs\/product\/hlinikova-slitina-en-aw-3004-en-aw-almn1mg1-gost-4784-97-d12\/#breadcrumb\",\"itemListElement\":[{\"@type\":\"ListItem\",\"position\":1,\"name\":\"Strona g\u0142\u00f3wna\",\"item\":\"https:\/\/ingritech.pl\/cs\/\"},{\"@type\":\"ListItem\",\"position\":2,\"name\":\"Katalog produkt\u00f3w\",\"item\":\"https:\/\/ingritech.pl\/katalog\/\"},{\"@type\":\"ListItem\",\"position\":3,\"name\":\"Hlin\u00edkov\u00e1 slitina EN AW-3004, EN AW-AlMn1Mg1 (GOST 4784-97, D12)\"}]},{\"@type\":\"WebSite\",\"@id\":\"https:\/\/ingritech.pl\/cs\/#website\",\"url\":\"https:\/\/ingritech.pl\/cs\/\",\"name\":\"Ingritech\",\"description\":\"SUPPLIES AND RAW MATERIALS FOR INDUSTRY\",\"publisher\":{\"@id\":\"https:\/\/ingritech.pl\/cs\/#organization\"},\"alternateName\":\"Ingritech - SUPPLIES AND RAW MATERIALS FOR INDUSTRY\",\"potentialAction\":[{\"@type\":\"SearchAction\",\"target\":{\"@type\":\"EntryPoint\",\"urlTemplate\":\"https:\/\/ingritech.pl\/cs\/?s={search_term_string}\"},\"query-input\":{\"@type\":\"PropertyValueSpecification\",\"valueRequired\":true,\"valueName\":\"search_term_string\"}}],\"inLanguage\":\"cs\"},{\"@type\":\"Organization\",\"@id\":\"https:\/\/ingritech.pl\/cs\/#organization\",\"name\":\"Ingritech\",\"alternateName\":\"Ingritech - sklep z materia\u0142ami eksploatacyjnymi i surowcami dla przemys\u0142u\",\"url\":\"https:\/\/ingritech.pl\/cs\/\",\"logo\":{\"@type\":\"ImageObject\",\"inLanguage\":\"cs\",\"@id\":\"https:\/\/ingritech.pl\/cs\/#\/schema\/logo\/image\/\",\"url\":\"https:\/\/ingritech.pl\/wp-content\/uploads\/2025\/01\/ingretech-logo.webp\",\"contentUrl\":\"https:\/\/ingritech.pl\/wp-content\/uploads\/2025\/01\/ingretech-logo.webp\",\"width\":1280,\"height\":182,\"caption\":\"Ingritech\"},\"image\":{\"@id\":\"https:\/\/ingritech.pl\/cs\/#\/schema\/logo\/image\/\"},\"sameAs\":[\"https:\/\/wa.me\/+48453077323\"]}]}<\/script>\n<!-- \/ Yoast SEO plugin. -->","yoast_head_json":{"title":"Hlin\u00edkov\u00e1 slitina EN AW-3004, EN AW-AlMn1Mg1 (GOST 4784-97, D12) kup w Polsce, dostawa w Europie - INGRITECH","description":"Hlin\u00edkov\u00e1 slitina D12 podle normy GOST 4784-97 \u2013 ide\u00e1ln\u00ed pro pou\u017eit\u00ed v letectv\u00ed, automobilov\u00e9m pr\u016fmyslu, stavebnictv\u00ed a potravin\u00e1\u0159sk\u00e9m pr\u016fmyslu. Vyzna\u010duje se vysokou kvalitou, odolnost\u00ed proti korozi a vynikaj\u00edc\u00ed obrobitelnost\u00ed. Ty\u010de o hmotnosti 6,5 kg, rychl\u00e9 dod\u00e1n\u00ed po cel\u00e9 Evrop\u011b, certifik\u00e1ty ISO, MSDS, REACH.","robots":{"index":"index","follow":"follow","max-snippet":"max-snippet:-1","max-image-preview":"max-image-preview:large","max-video-preview":"max-video-preview:-1"},"canonical":"https:\/\/ingritech.pl\/cs\/product\/hlinikova-slitina-en-aw-3004-en-aw-almn1mg1-gost-4784-97-d12\/","og_locale":"cs_CZ","og_type":"article","og_title":"Hlin\u00edkov\u00e1 slitina EN AW-3004, EN AW-AlMn1Mg1 (GOST 4784-97, D12) kup w Polsce, dostawa w Europie - INGRITECH","og_description":"Hlin\u00edkov\u00e1 slitina D12 podle normy GOST 4784-97 \u2013 ide\u00e1ln\u00ed pro pou\u017eit\u00ed v letectv\u00ed, automobilov\u00e9m pr\u016fmyslu, stavebnictv\u00ed a potravin\u00e1\u0159sk\u00e9m pr\u016fmyslu. Vyzna\u010duje se vysokou kvalitou, odolnost\u00ed proti korozi a vynikaj\u00edc\u00ed obrobitelnost\u00ed. Ty\u010de o hmotnosti 6,5 kg, rychl\u00e9 dod\u00e1n\u00ed po cel\u00e9 Evrop\u011b, certifik\u00e1ty ISO, MSDS, REACH.","og_url":"https:\/\/ingritech.pl\/cs\/product\/hlinikova-slitina-en-aw-3004-en-aw-almn1mg1-gost-4784-97-d12\/","og_site_name":"INGRITECH","article_modified_time":"2026-04-14T13:44:37+00:00","og_image":[{"width":1324,"height":1324,"url":"https:\/\/ingritech.pl\/wp-content\/uploads\/2025\/04\/Stop-aluminiumowy-D12.webp","type":"image\/webp"}],"twitter_card":"summary_large_image","twitter_misc":{"Odhadovan\u00e1 doba \u010dten\u00ed":"1 minuta"},"schema":{"@context":"https:\/\/schema.org","@graph":[{"@type":"WebPage","@id":"https:\/\/ingritech.pl\/cs\/product\/hlinikova-slitina-en-aw-3004-en-aw-almn1mg1-gost-4784-97-d12\/","url":"https:\/\/ingritech.pl\/cs\/product\/hlinikova-slitina-en-aw-3004-en-aw-almn1mg1-gost-4784-97-d12\/","name":"Hlin\u00edkov\u00e1 slitina EN AW-3004, EN AW-AlMn1Mg1 (GOST 4784-97, D12) kup w Polsce, dostawa w Europie - INGRITECH","isPartOf":{"@id":"https:\/\/ingritech.pl\/cs\/#website"},"primaryImageOfPage":{"@id":"https:\/\/ingritech.pl\/cs\/product\/hlinikova-slitina-en-aw-3004-en-aw-almn1mg1-gost-4784-97-d12\/#primaryimage"},"image":{"@id":"https:\/\/ingritech.pl\/cs\/product\/hlinikova-slitina-en-aw-3004-en-aw-almn1mg1-gost-4784-97-d12\/#primaryimage"},"thumbnailUrl":"https:\/\/ingritech.pl\/wp-content\/uploads\/2025\/04\/Stop-aluminiumowy-D12.webp","datePublished":"2025-04-07T10:07:19+00:00","dateModified":"2026-04-14T13:44:37+00:00","description":"Hlin\u00edkov\u00e1 slitina D12 podle normy GOST 4784-97 \u2013 ide\u00e1ln\u00ed pro pou\u017eit\u00ed v letectv\u00ed, automobilov\u00e9m pr\u016fmyslu, stavebnictv\u00ed a potravin\u00e1\u0159sk\u00e9m pr\u016fmyslu. Vyzna\u010duje se vysokou kvalitou, odolnost\u00ed proti korozi a vynikaj\u00edc\u00ed obrobitelnost\u00ed. Ty\u010de o hmotnosti 6,5 kg, rychl\u00e9 dod\u00e1n\u00ed po cel\u00e9 Evrop\u011b, certifik\u00e1ty ISO, MSDS, REACH.","breadcrumb":{"@id":"https:\/\/ingritech.pl\/cs\/product\/hlinikova-slitina-en-aw-3004-en-aw-almn1mg1-gost-4784-97-d12\/#breadcrumb"},"inLanguage":"cs","potentialAction":[{"@type":"ReadAction","target":["https:\/\/ingritech.pl\/cs\/product\/hlinikova-slitina-en-aw-3004-en-aw-almn1mg1-gost-4784-97-d12\/"]}]},{"@type":"ImageObject","inLanguage":"cs","@id":"https:\/\/ingritech.pl\/cs\/product\/hlinikova-slitina-en-aw-3004-en-aw-almn1mg1-gost-4784-97-d12\/#primaryimage","url":"https:\/\/ingritech.pl\/wp-content\/uploads\/2025\/04\/Stop-aluminiumowy-D12.webp","contentUrl":"https:\/\/ingritech.pl\/wp-content\/uploads\/2025\/04\/Stop-aluminiumowy-D12.webp","width":1324,"height":1324,"caption":"Hlin\u00edkov\u00e1 slitina D12"},{"@type":"BreadcrumbList","@id":"https:\/\/ingritech.pl\/cs\/product\/hlinikova-slitina-en-aw-3004-en-aw-almn1mg1-gost-4784-97-d12\/#breadcrumb","itemListElement":[{"@type":"ListItem","position":1,"name":"Strona g\u0142\u00f3wna","item":"https:\/\/ingritech.pl\/cs\/"},{"@type":"ListItem","position":2,"name":"Katalog produkt\u00f3w","item":"https:\/\/ingritech.pl\/katalog\/"},{"@type":"ListItem","position":3,"name":"Hlin\u00edkov\u00e1 slitina EN AW-3004, EN AW-AlMn1Mg1 (GOST 4784-97, D12)"}]},{"@type":"WebSite","@id":"https:\/\/ingritech.pl\/cs\/#website","url":"https:\/\/ingritech.pl\/cs\/","name":"Ingritech","description":"SUPPLIES AND RAW MATERIALS FOR INDUSTRY","publisher":{"@id":"https:\/\/ingritech.pl\/cs\/#organization"},"alternateName":"Ingritech - SUPPLIES AND RAW MATERIALS FOR INDUSTRY","potentialAction":[{"@type":"SearchAction","target":{"@type":"EntryPoint","urlTemplate":"https:\/\/ingritech.pl\/cs\/?s={search_term_string}"},"query-input":{"@type":"PropertyValueSpecification","valueRequired":true,"valueName":"search_term_string"}}],"inLanguage":"cs"},{"@type":"Organization","@id":"https:\/\/ingritech.pl\/cs\/#organization","name":"Ingritech","alternateName":"Ingritech - sklep z materia\u0142ami eksploatacyjnymi i surowcami dla przemys\u0142u","url":"https:\/\/ingritech.pl\/cs\/","logo":{"@type":"ImageObject","inLanguage":"cs","@id":"https:\/\/ingritech.pl\/cs\/#\/schema\/logo\/image\/","url":"https:\/\/ingritech.pl\/wp-content\/uploads\/2025\/01\/ingretech-logo.webp","contentUrl":"https:\/\/ingritech.pl\/wp-content\/uploads\/2025\/01\/ingretech-logo.webp","width":1280,"height":182,"caption":"Ingritech"},"image":{"@id":"https:\/\/ingritech.pl\/cs\/#\/schema\/logo\/image\/"},"sameAs":["https:\/\/wa.me\/+48453077323"]}]}},"_links":{"self":[{"href":"https:\/\/ingritech.pl\/cs\/wp-json\/wp\/v2\/product\/12204","targetHints":{"allow":["GET"]}}],"collection":[{"href":"https:\/\/ingritech.pl\/cs\/wp-json\/wp\/v2\/product"}],"about":[{"href":"https:\/\/ingritech.pl\/cs\/wp-json\/wp\/v2\/types\/product"}],"wp:featuredmedia":[{"embeddable":true,"href":"https:\/\/ingritech.pl\/cs\/wp-json\/wp\/v2\/media\/12187"}],"wp:attachment":[{"href":"https:\/\/ingritech.pl\/cs\/wp-json\/wp\/v2\/media?parent=12204"}],"wp:term":[{"taxonomy":"product_brand","embeddable":true,"href":"https:\/\/ingritech.pl\/cs\/wp-json\/wp\/v2\/product_brand?post=12204"},{"taxonomy":"product_cat","embeddable":true,"href":"https:\/\/ingritech.pl\/cs\/wp-json\/wp\/v2\/product_cat?post=12204"},{"taxonomy":"product_tag","embeddable":true,"href":"https:\/\/ingritech.pl\/cs\/wp-json\/wp\/v2\/product_tag?post=12204"}],"curies":[{"name":"wp","href":"https:\/\/api.w.org\/{rel}","templated":true}]}}