{"id":12233,"date":"2025-02-09T10:36:47","date_gmt":"2025-02-09T09:36:47","guid":{"rendered":"https:\/\/ingritech.pl\/product\/mosaz-cw608n\/"},"modified":"2026-04-15T09:41:38","modified_gmt":"2026-04-15T07:41:38","slug":"mosaz-cw608n","status":"publish","type":"product","link":"https:\/\/ingritech.pl\/cs\/product\/mosaz-cw608n\/","title":{"rendered":"Mosaz CW608N"},"content":{"rendered":"<p><strong>Porovn\u00e1n\u00ed mosazi: CW617N, CW608N, CW612N<\/strong><\/p>\n<p><strong>CW617N<\/strong><\/p>\n<p><strong>Slo\u017een\u00ed:<\/strong> M\u011b\u010f (58 %), zinek (zbytek), olovo (~2 %), dal\u0161\u00ed prvky (Al, Fe, Ni, Mn)<\/p>\n<p><strong>Vlastnosti:<\/strong><\/p>\n<ul>\n<li>Vysok\u00e1 pevnost a odolnost proti korozi<\/li>\n<li>Vynikaj\u00edc\u00ed obrobitelnost<\/li>\n<li>Vysok\u00e1 tv\u00e1rnost p\u0159i tv\u00e1\u0159en\u00ed za tepla<\/li>\n<\/ul>\n<p><strong>Pou\u017eit\u00ed<\/strong>:<\/p>\n<ul>\n<li>Vodovodn\u00ed armatury<\/li>\n<li>Ventily<\/li>\n<li>Sanit\u00e1rn\u00ed vybaven\u00ed<\/li>\n<\/ul>\n<p><strong>CW608N<\/strong><\/p>\n<p><strong>Slo\u017een\u00ed:<\/strong> M\u011b\u010f (59\u201361 %), zinek (zbytek), olovo (do 2,5 %), dal\u0161\u00ed prvky (Fe, Al)<\/p>\n<p><strong>Vlastnosti:<\/strong><\/p>\n<ul>\n<li>Dobr\u00e1 obrobitelnost<\/li>\n<li>Vysok\u00e1 odolnost proti korozi<\/li>\n<li>Ni\u017e\u0161\u00ed pevnost ve srovn\u00e1n\u00ed s CW617N<\/li>\n<\/ul>\n<p><strong>Pou\u017eit\u00ed:<\/strong><\/p>\n<ul>\n<li>Strojn\u00ed sou\u010d\u00e1sti<\/li>\n<li>Ventily<\/li>\n<li>Spojky<\/li>\n<\/ul>\n<p><strong>CW612N<\/strong><\/p>\n<p><strong>Slo\u017een\u00ed:<\/strong> M\u011b\u010f (58\u201360 %), zinek (zbytek), olovo (do 1,8 %), dal\u0161\u00ed prvky (Fe, Al, Sn)<\/p>\n<p><strong>Vlastnosti:<\/strong><\/p>\n<ul>\n<li>Vy\u0161\u0161\u00ed tv\u00e1rnost ne\u017e u CW617N<\/li>\n<li>Vysok\u00e1 odolnost proti korozi v agresivn\u00edch prost\u0159ed\u00edch<\/li>\n<li>Vynikaj\u00edc\u00ed obrobitelnost<\/li>\n<\/ul>\n<p><strong>Pou\u017eit\u00ed:<\/strong><\/p>\n<ul>\n<li>Potrubn\u00ed armatury<\/li>\n<li>Elektrotechnick\u00e9 komponenty<\/li>\n<\/ul>\n<p><strong>Srovn\u00e1n\u00ed chemick\u00e9ho slo\u017een\u00ed (%):<\/strong><\/p>\n<table>\n<thead>\n<tr>\n<th><strong>Zna\u010dka<\/strong><\/th>\n<th><strong>Cu<\/strong><\/th>\n<th><strong>Zn<\/strong><\/th>\n<th><strong>Pb<\/strong><\/th>\n<th><strong>Fe<\/strong><\/th>\n<th><strong>Al<\/strong><\/th>\n<th><strong>In\u00e9 (Mn, Ni, Sn)<\/strong><\/th>\n<\/tr>\n<\/thead>\n<tbody>\n<tr>\n<td><strong>CW617N<\/strong><\/td>\n<td>58<\/td>\n<td>Zbytek<\/td>\n<td>1,8-2,5<\/td>\n<td>0,3<\/td>\n<td>0,05<\/td>\n<td>Do 0,3<\/td>\n<\/tr>\n<tr>\n<td><strong>CW608N<\/strong><\/td>\n<td>59-61<\/td>\n<td>Zbytek<\/td>\n<td>Do 2,5<\/td>\n<td>0,3<\/td>\n<td>0,05<\/td>\n<td>Do 0,2<\/td>\n<\/tr>\n<tr>\n<td><strong>CW612N<\/strong><\/td>\n<td>58-60<\/td>\n<td>Zbytek<\/td>\n<td>Do 1,8<\/td>\n<td>0,3<\/td>\n<td>0,05<\/td>\n<td>Do 0,3<\/td>\n<\/tr>\n<\/tbody>\n<\/table>\n<p>&nbsp;<\/p>\n<p><strong>Srovn\u00e1n\u00ed mechanick\u00fdch vlastnost\u00ed:<\/strong><\/p>\n<table>\n<thead>\n<tr>\n<th><strong>Zna\u010dka<\/strong><\/th>\n<th><strong>Mez pevnosti (MPa)<\/strong><\/th>\n<th><strong>Tvrdost (HB)<\/strong><\/th>\n<th><strong>Prodlou\u017een\u00ed (%)<\/strong><\/th>\n<th><strong>Odolnost proti korozi<\/strong><\/th>\n<\/tr>\n<\/thead>\n<tbody>\n<tr>\n<td><strong>CW617N<\/strong><\/td>\n<td>400-600<\/td>\n<td>80-140<\/td>\n<td>15-25<\/td>\n<td>Vysok\u00e1<\/td>\n<\/tr>\n<tr>\n<td><strong>CW608N<\/strong><\/td>\n<td>350-550<\/td>\n<td>75-130<\/td>\n<td>20-30<\/td>\n<td>Vysok\u00e1<\/td>\n<\/tr>\n<tr>\n<td><strong>CW612N<\/strong><\/td>\n<td>370-580<\/td>\n<td>78-135<\/td>\n<td>18-28<\/td>\n<td>Velmi vysok\u00e1<\/td>\n<\/tr>\n<\/tbody>\n<\/table>\n<p>&nbsp;<\/p>\n<p><strong>Porovn\u00e1n\u00ed pou\u017eit\u00ed:<\/strong><\/p>\n<table>\n<thead>\n<tr>\n<th><strong>Zna\u010dka<\/strong><\/th>\n<th><strong>Hlavn\u00ed pou\u017eit\u00ed<\/strong><\/th>\n<\/tr>\n<\/thead>\n<tbody>\n<tr>\n<td><strong>CW617N<\/strong><\/td>\n<td>Armatury, ventily, sanit\u00e1rn\u00ed vybaven\u00ed<\/td>\n<\/tr>\n<tr>\n<td><strong>CW608N<\/strong><\/td>\n<td>Spojky, strojn\u00ed sou\u010d\u00e1sti<\/td>\n<\/tr>\n<tr>\n<td><strong>CW612N<\/strong><\/td>\n<td>Elektrotechnick\u00e9 komponenty, potrubn\u00ed armatury<\/td>\n<\/tr>\n<\/tbody>\n<\/table>\n","protected":false},"excerpt":{"rendered":"<p><strong>Slo\u017een\u00ed:<\/strong> M\u011b\u010f (59\u201361 %), zinek (zbytek), olovo (do 2,5 %), dal\u0161\u00ed prvky (Fe, Al)<\/p>\n<p><strong>Vlastnosti: <\/strong>Dobr\u00e1 obrobitelnost. Vysok\u00e1 odolnost proti korozi. Ni\u017e\u0161\u00ed pevnost ve srovn\u00e1n\u00ed s CW617N<\/p>\n<p><strong>Pou\u017eit\u00ed: <\/strong>Strojn\u00ed sou\u010d\u00e1sti. Ventily. \u0160rouben\u00ed<\/p>\n<p style=\"text-align: right;\"><strong><a href=\"https:\/\/ingritech.pl\/wp-content\/uploads\/2025\/02\/MATERIAL-SAFETY-DATA-SHEET-Brass-Rods-CW617N-CW608N-CW612N.pdf\" target=\"_blank\" rel=\"noopener\">KARTA BEZPE\u010cNOSTN\u00cdHO INFORMACE<\/a><a href=\"https:\/\/ingritech.pl\/wp-content\/uploads\/2025\/02\/MATERIAL-SAFETY-DATA-SHEET-Brass-Rods-CW617N-CW608N-CW612N.pdf\" target=\"_blank\" rel=\"noopener\"><img loading=\"lazy\" decoding=\"async\" class=\"alignright wp-image-9409\" src=\"https:\/\/ingritech.pl\/wp-content\/uploads\/2025\/01\/PDF-300x300.png\" alt=\"Download technical documentation in PDF\" width=\"50\" height=\"50\" srcset=\"https:\/\/ingritech.pl\/wp-content\/uploads\/2025\/01\/PDF-300x300.png 300w, https:\/\/ingritech.pl\/wp-content\/uploads\/2025\/01\/PDF-150x150.png 150w, https:\/\/ingritech.pl\/wp-content\/uploads\/2025\/01\/PDF-70x70.png 70w, https:\/\/ingritech.pl\/wp-content\/uploads\/2025\/01\/PDF-100x100.png 100w, https:\/\/ingritech.pl\/wp-content\/uploads\/2025\/01\/PDF-400x400.png 400w, https:\/\/ingritech.pl\/wp-content\/uploads\/2025\/01\/PDF-110x110.png 110w, https:\/\/ingritech.pl\/wp-content\/uploads\/2025\/01\/PDF-500x500.png 500w, https:\/\/ingritech.pl\/wp-content\/uploads\/2025\/01\/PDF.png 512w, https:\/\/ingritech.pl\/wp-content\/uploads\/2025\/01\/PDF-200x200.png 200w\" sizes=\"auto, (max-width: 50px) 100vw, 50px\" \/><\/a><\/strong><\/p>\n","protected":false},"featured_media":12224,"template":"","meta":[],"product_brand":[136],"product_cat":[751],"product_tag":[787,712],"class_list":{"0":"post-12233","1":"product","2":"type-product","3":"status-publish","4":"has-post-thumbnail","6":"product_brand-vlmz","7":"product_cat-nezzelezne-kovy-a-slitiny","8":"product_tag-mosaz","9":"product_tag-nohy","10":"pa_pret-mosiezny-135-mm-cs","11":"pa_pret-mosiezny-200-mm-cs","13":"first","14":"instock","15":"shipping-taxable","16":"product-type-variable"},"yoast_head":"<!-- This site is optimized with the Yoast SEO plugin v24.3 - https:\/\/yoast.com\/wordpress\/plugins\/seo\/ -->\n<title>Mosaz CW608N kup w Polsce, dostawa w Europie - INGRITECH<\/title>\n<meta name=\"description\" content=\"Kup Mosaz CW608N w Polsce \ud83d\ude9aw ca\u0142ej Europie \u2705 Dokumentacja techniczna i certyfikaty \u2705 Korzystne ceny \u2705 Gwarancja.\" \/>\n<meta name=\"robots\" content=\"index, follow, max-snippet:-1, max-image-preview:large, max-video-preview:-1\" \/>\n<link rel=\"canonical\" href=\"https:\/\/ingritech.pl\/cs\/product\/mosaz-cw608n\/\" \/>\n<meta property=\"og:locale\" content=\"cs_CZ\" \/>\n<meta property=\"og:type\" content=\"article\" \/>\n<meta property=\"og:title\" content=\"Mosaz CW608N kup w Polsce, dostawa w Europie - INGRITECH\" \/>\n<meta property=\"og:description\" content=\"Kup Mosaz CW608N w Polsce \ud83d\ude9aw ca\u0142ej Europie \u2705 Dokumentacja techniczna i certyfikaty \u2705 Korzystne ceny \u2705 Gwarancja.\" \/>\n<meta property=\"og:url\" content=\"https:\/\/ingritech.pl\/cs\/product\/mosaz-cw608n\/\" \/>\n<meta property=\"og:site_name\" content=\"INGRITECH\" \/>\n<meta property=\"article:modified_time\" content=\"2026-04-15T07:41:38+00:00\" \/>\n<meta property=\"og:image\" content=\"https:\/\/ingritech.pl\/wp-content\/uploads\/2025\/02\/\u0414\u0438\u0437\u0430\u0439\u043d-\u0431\u0435\u0437-\u043d\u0430\u0437\u0432\u0430\u043d\u0438\u044f.webp\" \/>\n\t<meta property=\"og:image:width\" content=\"1080\" \/>\n\t<meta property=\"og:image:height\" content=\"1080\" \/>\n\t<meta property=\"og:image:type\" content=\"image\/webp\" \/>\n<meta name=\"twitter:card\" content=\"summary_large_image\" \/>\n<meta name=\"twitter:label1\" content=\"Odhadovan\u00e1 doba \u010dten\u00ed\" \/>\n\t<meta name=\"twitter:data1\" content=\"1 minuta\" \/>\n<script type=\"application\/ld+json\" class=\"yoast-schema-graph\">{\"@context\":\"https:\/\/schema.org\",\"@graph\":[{\"@type\":\"WebPage\",\"@id\":\"https:\/\/ingritech.pl\/cs\/product\/mosaz-cw608n\/\",\"url\":\"https:\/\/ingritech.pl\/cs\/product\/mosaz-cw608n\/\",\"name\":\"Mosaz CW608N kup w Polsce, dostawa w Europie - INGRITECH\",\"isPartOf\":{\"@id\":\"https:\/\/ingritech.pl\/cs\/#website\"},\"primaryImageOfPage\":{\"@id\":\"https:\/\/ingritech.pl\/cs\/product\/mosaz-cw608n\/#primaryimage\"},\"image\":{\"@id\":\"https:\/\/ingritech.pl\/cs\/product\/mosaz-cw608n\/#primaryimage\"},\"thumbnailUrl\":\"https:\/\/ingritech.pl\/wp-content\/uploads\/2025\/02\/\u0414\u0438\u0437\u0430\u0439\u043d-\u0431\u0435\u0437-\u043d\u0430\u0437\u0432\u0430\u043d\u0438\u044f.webp\",\"datePublished\":\"2025-02-09T09:36:47+00:00\",\"dateModified\":\"2026-04-15T07:41:38+00:00\",\"description\":\"Kup Mosaz CW608N w Polsce \ud83d\ude9aw ca\u0142ej Europie \u2705 Dokumentacja techniczna i certyfikaty \u2705 Korzystne ceny \u2705 Gwarancja.\",\"breadcrumb\":{\"@id\":\"https:\/\/ingritech.pl\/cs\/product\/mosaz-cw608n\/#breadcrumb\"},\"inLanguage\":\"cs\",\"potentialAction\":[{\"@type\":\"ReadAction\",\"target\":[\"https:\/\/ingritech.pl\/cs\/product\/mosaz-cw608n\/\"]}]},{\"@type\":\"ImageObject\",\"inLanguage\":\"cs\",\"@id\":\"https:\/\/ingritech.pl\/cs\/product\/mosaz-cw608n\/#primaryimage\",\"url\":\"https:\/\/ingritech.pl\/wp-content\/uploads\/2025\/02\/\u0414\u0438\u0437\u0430\u0439\u043d-\u0431\u0435\u0437-\u043d\u0430\u0437\u0432\u0430\u043d\u0438\u044f.webp\",\"contentUrl\":\"https:\/\/ingritech.pl\/wp-content\/uploads\/2025\/02\/\u0414\u0438\u0437\u0430\u0439\u043d-\u0431\u0435\u0437-\u043d\u0430\u0437\u0432\u0430\u043d\u0438\u044f.webp\",\"width\":1080,\"height\":1080,\"caption\":\"Brass\"},{\"@type\":\"BreadcrumbList\",\"@id\":\"https:\/\/ingritech.pl\/cs\/product\/mosaz-cw608n\/#breadcrumb\",\"itemListElement\":[{\"@type\":\"ListItem\",\"position\":1,\"name\":\"Strona g\u0142\u00f3wna\",\"item\":\"https:\/\/ingritech.pl\/cs\/\"},{\"@type\":\"ListItem\",\"position\":2,\"name\":\"Katalog produkt\u00f3w\",\"item\":\"https:\/\/ingritech.pl\/katalog\/\"},{\"@type\":\"ListItem\",\"position\":3,\"name\":\"Mosaz CW608N\"}]},{\"@type\":\"WebSite\",\"@id\":\"https:\/\/ingritech.pl\/cs\/#website\",\"url\":\"https:\/\/ingritech.pl\/cs\/\",\"name\":\"Ingritech\",\"description\":\"SUPPLIES AND RAW MATERIALS FOR INDUSTRY\",\"publisher\":{\"@id\":\"https:\/\/ingritech.pl\/cs\/#organization\"},\"alternateName\":\"Ingritech - SUPPLIES AND RAW MATERIALS FOR INDUSTRY\",\"potentialAction\":[{\"@type\":\"SearchAction\",\"target\":{\"@type\":\"EntryPoint\",\"urlTemplate\":\"https:\/\/ingritech.pl\/cs\/?s={search_term_string}\"},\"query-input\":{\"@type\":\"PropertyValueSpecification\",\"valueRequired\":true,\"valueName\":\"search_term_string\"}}],\"inLanguage\":\"cs\"},{\"@type\":\"Organization\",\"@id\":\"https:\/\/ingritech.pl\/cs\/#organization\",\"name\":\"Ingritech\",\"alternateName\":\"Ingritech - sklep z materia\u0142ami eksploatacyjnymi i surowcami dla przemys\u0142u\",\"url\":\"https:\/\/ingritech.pl\/cs\/\",\"logo\":{\"@type\":\"ImageObject\",\"inLanguage\":\"cs\",\"@id\":\"https:\/\/ingritech.pl\/cs\/#\/schema\/logo\/image\/\",\"url\":\"https:\/\/ingritech.pl\/wp-content\/uploads\/2025\/01\/ingretech-logo.webp\",\"contentUrl\":\"https:\/\/ingritech.pl\/wp-content\/uploads\/2025\/01\/ingretech-logo.webp\",\"width\":1280,\"height\":182,\"caption\":\"Ingritech\"},\"image\":{\"@id\":\"https:\/\/ingritech.pl\/cs\/#\/schema\/logo\/image\/\"},\"sameAs\":[\"https:\/\/wa.me\/+48453077323\"]}]}<\/script>\n<!-- \/ Yoast SEO plugin. -->","yoast_head_json":{"title":"Mosaz CW608N kup w Polsce, dostawa w Europie - INGRITECH","description":"Kup Mosaz CW608N w Polsce \ud83d\ude9aw ca\u0142ej Europie \u2705 Dokumentacja techniczna i certyfikaty \u2705 Korzystne ceny \u2705 Gwarancja.","robots":{"index":"index","follow":"follow","max-snippet":"max-snippet:-1","max-image-preview":"max-image-preview:large","max-video-preview":"max-video-preview:-1"},"canonical":"https:\/\/ingritech.pl\/cs\/product\/mosaz-cw608n\/","og_locale":"cs_CZ","og_type":"article","og_title":"Mosaz CW608N kup w Polsce, dostawa w Europie - INGRITECH","og_description":"Kup Mosaz CW608N w Polsce \ud83d\ude9aw ca\u0142ej Europie \u2705 Dokumentacja techniczna i certyfikaty \u2705 Korzystne ceny \u2705 Gwarancja.","og_url":"https:\/\/ingritech.pl\/cs\/product\/mosaz-cw608n\/","og_site_name":"INGRITECH","article_modified_time":"2026-04-15T07:41:38+00:00","og_image":[{"width":1080,"height":1080,"url":"https:\/\/ingritech.pl\/wp-content\/uploads\/2025\/02\/\u0414\u0438\u0437\u0430\u0439\u043d-\u0431\u0435\u0437-\u043d\u0430\u0437\u0432\u0430\u043d\u0438\u044f.webp","type":"image\/webp"}],"twitter_card":"summary_large_image","twitter_misc":{"Odhadovan\u00e1 doba \u010dten\u00ed":"1 minuta"},"schema":{"@context":"https:\/\/schema.org","@graph":[{"@type":"WebPage","@id":"https:\/\/ingritech.pl\/cs\/product\/mosaz-cw608n\/","url":"https:\/\/ingritech.pl\/cs\/product\/mosaz-cw608n\/","name":"Mosaz CW608N kup w Polsce, dostawa w Europie - INGRITECH","isPartOf":{"@id":"https:\/\/ingritech.pl\/cs\/#website"},"primaryImageOfPage":{"@id":"https:\/\/ingritech.pl\/cs\/product\/mosaz-cw608n\/#primaryimage"},"image":{"@id":"https:\/\/ingritech.pl\/cs\/product\/mosaz-cw608n\/#primaryimage"},"thumbnailUrl":"https:\/\/ingritech.pl\/wp-content\/uploads\/2025\/02\/\u0414\u0438\u0437\u0430\u0439\u043d-\u0431\u0435\u0437-\u043d\u0430\u0437\u0432\u0430\u043d\u0438\u044f.webp","datePublished":"2025-02-09T09:36:47+00:00","dateModified":"2026-04-15T07:41:38+00:00","description":"Kup Mosaz CW608N w Polsce \ud83d\ude9aw ca\u0142ej Europie \u2705 Dokumentacja techniczna i certyfikaty \u2705 Korzystne ceny \u2705 Gwarancja.","breadcrumb":{"@id":"https:\/\/ingritech.pl\/cs\/product\/mosaz-cw608n\/#breadcrumb"},"inLanguage":"cs","potentialAction":[{"@type":"ReadAction","target":["https:\/\/ingritech.pl\/cs\/product\/mosaz-cw608n\/"]}]},{"@type":"ImageObject","inLanguage":"cs","@id":"https:\/\/ingritech.pl\/cs\/product\/mosaz-cw608n\/#primaryimage","url":"https:\/\/ingritech.pl\/wp-content\/uploads\/2025\/02\/\u0414\u0438\u0437\u0430\u0439\u043d-\u0431\u0435\u0437-\u043d\u0430\u0437\u0432\u0430\u043d\u0438\u044f.webp","contentUrl":"https:\/\/ingritech.pl\/wp-content\/uploads\/2025\/02\/\u0414\u0438\u0437\u0430\u0439\u043d-\u0431\u0435\u0437-\u043d\u0430\u0437\u0432\u0430\u043d\u0438\u044f.webp","width":1080,"height":1080,"caption":"Brass"},{"@type":"BreadcrumbList","@id":"https:\/\/ingritech.pl\/cs\/product\/mosaz-cw608n\/#breadcrumb","itemListElement":[{"@type":"ListItem","position":1,"name":"Strona g\u0142\u00f3wna","item":"https:\/\/ingritech.pl\/cs\/"},{"@type":"ListItem","position":2,"name":"Katalog produkt\u00f3w","item":"https:\/\/ingritech.pl\/katalog\/"},{"@type":"ListItem","position":3,"name":"Mosaz CW608N"}]},{"@type":"WebSite","@id":"https:\/\/ingritech.pl\/cs\/#website","url":"https:\/\/ingritech.pl\/cs\/","name":"Ingritech","description":"SUPPLIES AND RAW MATERIALS FOR INDUSTRY","publisher":{"@id":"https:\/\/ingritech.pl\/cs\/#organization"},"alternateName":"Ingritech - SUPPLIES AND RAW MATERIALS FOR INDUSTRY","potentialAction":[{"@type":"SearchAction","target":{"@type":"EntryPoint","urlTemplate":"https:\/\/ingritech.pl\/cs\/?s={search_term_string}"},"query-input":{"@type":"PropertyValueSpecification","valueRequired":true,"valueName":"search_term_string"}}],"inLanguage":"cs"},{"@type":"Organization","@id":"https:\/\/ingritech.pl\/cs\/#organization","name":"Ingritech","alternateName":"Ingritech - sklep z materia\u0142ami eksploatacyjnymi i surowcami dla przemys\u0142u","url":"https:\/\/ingritech.pl\/cs\/","logo":{"@type":"ImageObject","inLanguage":"cs","@id":"https:\/\/ingritech.pl\/cs\/#\/schema\/logo\/image\/","url":"https:\/\/ingritech.pl\/wp-content\/uploads\/2025\/01\/ingretech-logo.webp","contentUrl":"https:\/\/ingritech.pl\/wp-content\/uploads\/2025\/01\/ingretech-logo.webp","width":1280,"height":182,"caption":"Ingritech"},"image":{"@id":"https:\/\/ingritech.pl\/cs\/#\/schema\/logo\/image\/"},"sameAs":["https:\/\/wa.me\/+48453077323"]}]}},"_links":{"self":[{"href":"https:\/\/ingritech.pl\/cs\/wp-json\/wp\/v2\/product\/12233","targetHints":{"allow":["GET"]}}],"collection":[{"href":"https:\/\/ingritech.pl\/cs\/wp-json\/wp\/v2\/product"}],"about":[{"href":"https:\/\/ingritech.pl\/cs\/wp-json\/wp\/v2\/types\/product"}],"wp:featuredmedia":[{"embeddable":true,"href":"https:\/\/ingritech.pl\/cs\/wp-json\/wp\/v2\/media\/12224"}],"wp:attachment":[{"href":"https:\/\/ingritech.pl\/cs\/wp-json\/wp\/v2\/media?parent=12233"}],"wp:term":[{"taxonomy":"product_brand","embeddable":true,"href":"https:\/\/ingritech.pl\/cs\/wp-json\/wp\/v2\/product_brand?post=12233"},{"taxonomy":"product_cat","embeddable":true,"href":"https:\/\/ingritech.pl\/cs\/wp-json\/wp\/v2\/product_cat?post=12233"},{"taxonomy":"product_tag","embeddable":true,"href":"https:\/\/ingritech.pl\/cs\/wp-json\/wp\/v2\/product_tag?post=12233"}],"curies":[{"name":"wp","href":"https:\/\/api.w.org\/{rel}","templated":true}]}}