{"id":12261,"date":"2026-02-20T18:17:23","date_gmt":"2026-02-20T17:17:23","guid":{"rendered":"https:\/\/ingritech.pl\/product\/sklenene-brusivo-granulat-0-20-mm\/"},"modified":"2026-04-15T13:24:32","modified_gmt":"2026-04-15T11:24:32","slug":"sklenene-brusivo-granulat-0-20-mm","status":"publish","type":"product","link":"https:\/\/ingritech.pl\/cs\/product\/sklenene-brusivo-granulat-0-20-mm\/","title":{"rendered":"Sklen\u011bn\u00e9 brusivo \u2013 granul\u00e1t 0\u20132,0 mm"},"content":{"rendered":"<h1>Sklen\u011bn\u00e9 brusivo \u2013 profesion\u00e1ln\u00ed sklen\u011bn\u00e9 granule<\/h1>\n<p>Sklen\u011bn\u00e9 brusivo je vysoce kvalitn\u00ed granul\u00e1t vyr\u00e1b\u011bn\u00fd z recyklovan\u00e9ho technick\u00e9ho skla, ur\u010den\u00fd jak pro pr\u016fmyslov\u00e9 pou\u017eit\u00ed, tak pro pokro\u010dil\u00e9 technologick\u00e9 procesy. D\u00edky sv\u00e9 stabiln\u00ed struktu\u0159e zaji\u0161\u0165uje p\u0159edv\u00eddateln\u00e9 a opakovateln\u00e9 provozn\u00ed parametry. Nav\u00edc umo\u017e\u0148uje p\u0159esn\u00e9 p\u0159izp\u016fsoben\u00ed po\u017eadavk\u016fm konkr\u00e9tn\u00edho procesu.<\/p>\n<p>Tento materi\u00e1l se nav\u00edc vyzna\u010duje velmi n\u00edzkou nas\u00e1kavost\u00ed, a proto neabsorbuje vlhkost a v d\u016fsledku toho neztr\u00e1c\u00ed sv\u00e9 vlastnosti ani p\u0159i dlouhodob\u00e9m a intenzivn\u00edm pou\u017e\u00edv\u00e1n\u00ed. Granul\u00e1t je nav\u00edc chemicky inertn\u00ed, co\u017e znamen\u00e1, \u017ee nereaguje s v\u011bt\u0161inou l\u00e1tek a materi\u00e1l\u016f. D\u00edky tomu se m\u016f\u017ee \u00fasp\u011b\u0161n\u011b pou\u017e\u00edvat jak ve filtra\u010dn\u00edch syst\u00e9mech, tak v nejr\u016fzn\u011bj\u0161\u00edch technick\u00fdch aplikac\u00edch, kter\u00e9 vy\u017eaduj\u00ed stabiln\u00ed sypk\u00fd materi\u00e1l.<\/p>\n<p>D\u016fle\u017eit\u00e9 je, \u017ee d\u00edky bezpra\u0161n\u00e9 struktu\u0159e zvy\u0161uje komfort pr\u00e1ce obsluhy a z\u00e1rove\u0148 v\u00fdrazn\u011b omezuje zne\u010di\u0161t\u011bn\u00ed v\u00fdrobn\u00edho prost\u0159ed\u00ed.<\/p>\n<h3>Dostupn\u00e9 zrnitosti<\/h3>\n<p>Sklen\u011bn\u00e9 brusivo se nab\u00edz\u00ed v \u0161irok\u00e9 \u0161k\u00e1le zrnitost\u00ed, co\u017e umo\u017e\u0148uje velmi p\u0159esn\u00e9 p\u0159izp\u016fsoben\u00ed individu\u00e1ln\u00edm technologick\u00fdm po\u017eadavk\u016fm:<\/p>\n<ul>\n<li data-start=\"30\" data-end=\"300\">0,9\u20131,5 mm (900\u20131500 \u00b5m)<\/li>\n<li data-start=\"30\" data-end=\"300\">0,4\u20132 mm (400\u20132000 \u00b5m)<\/li>\n<li data-start=\"30\" data-end=\"300\">0,4\u20131 mm (400\u20131000 \u00b5m)<\/li>\n<li data-start=\"30\" data-end=\"300\">0,4\u20130,9 mm (400\u2013900 \u00b5m)<\/li>\n<li data-start=\"30\" data-end=\"300\">0,4\u20130,8 mm (400\u2013800 \u00b5m)<\/li>\n<li data-start=\"30\" data-end=\"300\">0,3\u20130,8 mm (300\u2013800 \u00b5m)<\/li>\n<li data-start=\"30\" data-end=\"300\">0,3\u20130,6 mm (300\u2013600 \u00b5m)<\/li>\n<li data-start=\"30\" data-end=\"300\">0,1\u20130,4 mm (100\u2013400 \u00b5m)<\/li>\n<li data-start=\"30\" data-end=\"300\">0\u20130,9 mm (0\u2013900 \u00b5m)<\/li>\n<li data-start=\"30\" data-end=\"300\">0\u20130,8 mm (0\u2013800 \u00b5m)<\/li>\n<li data-start=\"30\" data-end=\"300\">0\u20130,4 mm (0\u2013400 \u00b5m)<\/li>\n<\/ul>\n<h3><strong>Technick\u00e9 parametry<\/strong><\/h3>\n<table style=\"width: 100%; border-collapse: collapse; border: 1px solid #cccccc;\">\n<caption style=\"font-weight: bold; padding: 8px; text-align: left; background-color: #f5f5f5; border: 1px solid #cccccc; border-bottom: none;\">Technick\u00e9 parametry<\/caption>\n<thead>\n<tr style=\"background-color: #f5f5f5;\">\n<th style=\"border: 1px solid #cccccc; padding: 8px; text-align: left;\">Parametr<\/th>\n<th style=\"border: 1px solid #cccccc; padding: 8px; text-align: left;\">Popis<\/th>\n<\/tr>\n<\/thead>\n<tbody>\n<tr>\n<td style=\"border: 1px solid #cccccc; padding: 8px;\">Materi\u00e1l<\/td>\n<td style=\"border: 1px solid #cccccc; padding: 8px;\">Zpracovan\u00e9 technick\u00e9 sklo<\/td>\n<\/tr>\n<tr>\n<td style=\"border: 1px solid #cccccc; padding: 8px;\">Granulace<\/td>\n<td style=\"border: 1px solid #cccccc; padding: 8px;\">0\u20136,0 mm (k dispozici jsou r\u016fzn\u00e9 frakce)<\/td>\n<\/tr>\n<tr>\n<td style=\"border: 1px solid #cccccc; padding: 8px;\">Chemick\u00e1 reakce <\/td>\n<td style=\"border: 1px solid #cccccc; padding: 8px;\">Chemicky inertn\u00ed\n<\/td>\n<\/tr>\n<tr>\n<td style=\"border: 1px solid #cccccc; padding: 8px;\">V\u016fn\u011b<\/td>\n<td style=\"border: 1px solid #cccccc; padding: 8px;\">Bez z\u00e1pachu<\/td>\n<\/tr>\n<tr>\n<td style=\"border: 1px solid #cccccc; padding: 8px;\">Prach<\/td>\n<td style=\"border: 1px solid #cccccc; padding: 8px;\">Bezprachov\u00fd materi\u00e1l<\/td>\n<\/tr>\n<\/tbody>\n<\/table>\n<h3>Fyzik\u00e1ln\u011b-chemick\u00e9 vlastnosti sklen\u011bn\u00e9ho granul\u00e1tu<\/h3>\n<table style=\"width: 100%; border-collapse: collapse; border: 1px solid #cccccc;\">\n<caption style=\"font-weight: bold; padding: 8px; text-align: left; background-color: #f5f5f5; border: 1px solid #cccccc; border-bottom: none;\">Fyzik\u00e1ln\u011b-chemick\u00e9 vlastnosti sklen\u011bn\u00e9ho granul\u00e1tu<\/caption>\n<thead>\n<tr style=\"background-color: #f5f5f5;\">\n<th style=\"border: 1px solid #cccccc; padding: 8px; text-align: left;\">Vlastnost<\/th>\n<th style=\"border: 1px solid #cccccc; padding: 8px; text-align: left;\">Charakteristika<\/th>\n<\/tr>\n<\/thead>\n<tbody>\n<tr>\n<td style=\"border: 1px solid #cccccc; padding: 8px;\">Tvrdost<\/td>\n<td style=\"border: 1px solid #cccccc; padding: 8px;\">Vysok\u00e1 odolnost proti od\u011bru<\/td>\n<\/tr>\n<tr>\n<td style=\"border: 1px solid #cccccc; padding: 8px;\">Nas\u00e1kavost<\/td>\n<td style=\"border: 1px solid #cccccc; padding: 8px;\">Velmi n\u00edzk\u00e1<\/td>\n<\/tr>\n<tr>\n<td style=\"border: 1px solid #cccccc; padding: 8px;\">Chemick\u00e1 st\u00e1lost<\/td>\n<td style=\"border: 1px solid #cccccc; padding: 8px;\">Nereaguje s v\u011bt\u0161inou l\u00e1tek\n<\/td>\n<\/tr>\n<tr>\n<td style=\"border: 1px solid #cccccc; padding: 8px;\">Hustota<\/td>\n<td style=\"border: 1px solid #cccccc; padding: 8px;\">Stabiln\u00ed a opakovateln\u00e1<\/td>\n<\/tr>\n<\/tbody>\n<\/table>\n<h3>P\u0159\u00edklady pou\u017eit\u00ed jednotliv\u00fdch velikost\u00ed sklen\u011bn\u00e9ho granul\u00e1tu<\/h3>\n<table style=\"width: 100%; border-collapse: collapse; border: 1px solid #cccccc;\">\n<caption style=\"font-weight: bold; padding: 8px; text-align: left; background-color: #f5f5f5; border: 1px solid #cccccc; border-bottom: none;\">P\u0159\u00edklady pou\u017eit\u00ed jednotliv\u00fdch velikost\u00ed sklen\u011bn\u00e9ho granul\u00e1tu<\/caption>\n<thead>\n<tr style=\"background-color: #f5f5f5;\">\n<th style=\"border: 1px solid #cccccc; padding: 8px; text-align: left;\">Granulace<\/th>\n<th style=\"border: 1px solid #cccccc; padding: 8px; text-align: left;\">P\u0159\u00edklad pou\u017eit\u00ed<\/th>\n<\/tr>\n<\/thead>\n<tbody>\n<tr>\n<td style=\"border: 1px solid #cccccc; padding: 8px;\">0\u20130,4 mm a\u017e 0,4\u20131,0 mm<\/td>\n<td style=\"border: 1px solid #cccccc; padding: 8px;\">P\u0159esn\u00e9 technologick\u00e9 procesy a filtra\u010dn\u00ed aplikace<\/td>\n<\/tr>\n<tr>\n<td style=\"border: 1px solid #cccccc; padding: 8px;\">0,4\u20132,0 mm<\/td>\n<td style=\"border: 1px solid #cccccc; padding: 8px;\">Filtra\u010dn\u00ed syst\u00e9my a r\u016fzn\u00e9 technick\u00e9 aplikace<\/td>\n<\/tr>\n<tr>\n<td style=\"border: 1px solid #cccccc; padding: 8px;\">0,9\u20131,5 mm<\/td>\n<td style=\"border: 1px solid #cccccc; padding: 8px;\">Procesy vy\u017eaduj\u00edc\u00ed v\u011bt\u0161\u00ed stabilitu a pevnost materi\u00e1lu<\/td>\n<\/tr>\n<tr>\n<td style=\"border: 1px solid #cccccc; padding: 8px;\">1,5\u20133,0 mm a 3,0\u20136,0 mm<\/td>\n<td style=\"border: 1px solid #cccccc; padding: 8px;\">Pr\u016fmyslov\u00e1 pou\u017eit\u00ed, kde je rozhoduj\u00edc\u00ed vy\u0161\u0161\u00ed hmotnost a odolnost<\/td>\n<\/tr>\n<\/tbody>\n<\/table>\n<h3>Shrnut\u00ed<\/h3>\n<p>Z\u00e1v\u011brem lze \u0159\u00edci, \u017ee sklen\u011bn\u00e9 brusivo je mimo\u0159\u00e1dn\u011b univerz\u00e1ln\u00ed technick\u00fd materi\u00e1l, kter\u00fd se vyzna\u010duje \u0161irokou \u0161k\u00e1lou dostupn\u00fdch zrnitost\u00ed. D\u00edky stabiln\u00edm parametr\u016fm, velmi n\u00edzk\u00e9 nas\u00e1kavosti a vysok\u00e9 mechanick\u00e9 odolnosti p\u0159edstavuje spolehliv\u00e9 a bezpe\u010dn\u00e9 \u0159e\u0161en\u00ed v mnoha pr\u016fmyslov\u00fdch procesech. Nav\u00edc bohat\u00e1 nab\u00eddka frakc\u00ed granul\u00e1tu umo\u017e\u0148uje p\u0159esn\u00e9 a optim\u00e1ln\u00ed p\u0159izp\u016fsoben\u00ed produktu specifik\u016fm dan\u00e9ho pou\u017eit\u00ed.<\/p>\n<h3 data-start=\"102\" data-end=\"132\">Kontaktujte n\u00e1s<\/h3>\n<p data-start=\"134\" data-end=\"432\">Na\u0161i odborn\u00edci v\u00e1m pomohou s v\u00fdb\u011brem vhodn\u00e9 frakce produktu <a href=\"https:\/\/ingritech.pl\/produkt\/kulki-szklane-mikrokulki-szklane\/\"><strong>Sklen\u011bn\u00e9 brusivo<\/strong><\/a> pro konkr\u00e9tn\u00ed technologick\u00e9 a pr\u016fmyslov\u00e9 procesy. D\u00edky na\u0161im zku\u0161enostem a znalostem fyzik\u00e1ln\u011b-chemick\u00fdch parametr\u016f granul\u00e1tu v\u00e1m doporu\u010d\u00edme \u0159e\u0161en\u00ed p\u0159izp\u016fsoben\u00e9 va\u0161im technick\u00fdm po\u017eadavk\u016fm.<\/p>\n<p data-start=\"434\" data-end=\"579\">Kontaktujte n\u00e1s a z\u00edskejte odbornou podporu, podrobnou specifikaci a individu\u00e1ln\u00ed nab\u00eddku p\u0159izp\u016fsobenou charakteru va\u0161\u00ed v\u00fdroby.<\/p>\n","protected":false},"excerpt":{"rendered":"<p><strong>Sklen\u011bn\u00e9 brusivo<\/strong> je vysoce kvalitn\u00ed technick\u00fd granul\u00e1t vyr\u00e1b\u011bn\u00fd z recyklovan\u00e9ho skla, kter\u00fd zaji\u0161\u0165uje stabiln\u00ed provozn\u00ed parametry v pr\u016fmyslov\u00fdch a technologick\u00fdch procesech. Na rozd\u00edl od mnoha tradi\u010dn\u00edch brusiv se nepr\u00e1\u0161\u00ed, neobsahuje organick\u00e9 ne\u010distoty a zachov\u00e1v\u00e1 si sv\u00e9 vlastnosti i p\u0159i intenzivn\u00edm pou\u017e\u00edv\u00e1n\u00ed.<\/p>\n<p>D\u00edky sv\u00e9 homogenn\u00ed struktu\u0159e a chemick\u00e9 inertnosti je tento materi\u00e1l bez z\u00e1pachu a odoln\u00fd v\u016f\u010di p\u016fsoben\u00ed v\u011bt\u0161iny l\u00e1tek. Nav\u00edc stabiln\u00ed frakce omezuje nekontrolovan\u00e9 p\u0159esouv\u00e1n\u00ed granul\u00e1tu v technologick\u00fdch syst\u00e9mech, a t\u00edm zvy\u0161uje efektivitu procesu. Tento produkt se pou\u017e\u00edv\u00e1 mimo jin\u00e9 p\u0159i povrchov\u00e9 \u00faprav\u011b, filtraci, v pr\u016fmyslov\u00fdch syst\u00e9mech a v dal\u0161\u00edch aplikac\u00edch, kter\u00e9 vy\u017eaduj\u00ed p\u0159esn\u011b zvolenou zrnitost.<\/p>\n<p>Dostupn\u00e9 zrnitosti:<br \/>\n0,1\u20130,4 mm (100\u2013400 \u00b5m) \u2022 0,3\u20130,6 mm (300\u2013600 \u00b5m) \u2022 0,3\u20130,8 mm (300\u2013800 \u00b5m) \u2022 0,4\u20130,8 mm (400\u2013800 \u00b5m) \u2022 0,4\u20130,9 mm (400\u2013900 \u00b5m) \u2022 0,4\u20131,0 mm (400\u20131000 \u00b5m) \u2022 0,4\u20132,0 mm (400\u20132000 \u00b5m) \u2022 0,9\u20131,5 mm (900\u20131500 \u00b5m) \u2022 0\u20130,4 mm (0\u2013400 \u00b5m) \u2022 0\u20130,8 mm (0\u2013800 \u00b5m) \u2022 0\u20130,9 mm (0\u2013900 \u00b5m)<\/p>\n","protected":false},"featured_media":12262,"template":"","meta":[],"product_brand":[],"product_cat":[833],"product_tag":[834],"class_list":{"0":"post-12261","1":"product","2":"type-product","3":"status-publish","4":"has-post-thumbnail","6":"product_cat-sklenene-kulicky","7":"product_tag-sklenene-brusivo","9":"first","10":"instock","11":"shipping-taxable","12":"product-type-simple"},"yoast_head":"<!-- This site is optimized with the Yoast SEO plugin v24.3 - https:\/\/yoast.com\/wordpress\/plugins\/seo\/ -->\n<title>Sklen\u011bn\u00fd brusn\u00fd materi\u00e1l \u2013 granule 0,4\u20136,0 mm<\/title>\n<meta name=\"description\" content=\"Sklen\u011bn\u00e9 brusivo dostupn\u00e9 ve zrnitosti 0\u20136,0 mm. \u0160irok\u00fd v\u00fdb\u011br zrnitost\u00ed pro pr\u016fmyslov\u00e9 a technologick\u00e9 aplikace.\" \/>\n<meta name=\"robots\" content=\"index, follow, max-snippet:-1, max-image-preview:large, max-video-preview:-1\" \/>\n<link rel=\"canonical\" href=\"https:\/\/ingritech.pl\/cs\/product\/sklenene-brusivo-granulat-0-20-mm\/\" \/>\n<meta property=\"og:locale\" content=\"cs_CZ\" \/>\n<meta property=\"og:type\" content=\"article\" \/>\n<meta property=\"og:title\" content=\"Sklen\u011bn\u00fd brusn\u00fd materi\u00e1l \u2013 granule 0,4\u20136,0 mm\" \/>\n<meta property=\"og:description\" content=\"Sklen\u011bn\u00e9 brusivo dostupn\u00e9 ve zrnitosti 0\u20136,0 mm. \u0160irok\u00fd v\u00fdb\u011br zrnitost\u00ed pro pr\u016fmyslov\u00e9 a technologick\u00e9 aplikace.\" \/>\n<meta property=\"og:url\" content=\"https:\/\/ingritech.pl\/cs\/product\/sklenene-brusivo-granulat-0-20-mm\/\" \/>\n<meta property=\"og:site_name\" content=\"INGRITECH\" \/>\n<meta property=\"article:modified_time\" content=\"2026-04-15T11:24:32+00:00\" \/>\n<meta property=\"og:image\" content=\"https:\/\/ingritech.pl\/wp-content\/uploads\/2026\/02\/scierniwo-szklane.webp\" \/>\n\t<meta property=\"og:image:width\" content=\"1024\" \/>\n\t<meta property=\"og:image:height\" content=\"1024\" \/>\n\t<meta property=\"og:image:type\" content=\"image\/webp\" \/>\n<meta name=\"twitter:card\" content=\"summary_large_image\" \/>\n<meta name=\"twitter:label1\" content=\"Odhadovan\u00e1 doba \u010dten\u00ed\" \/>\n\t<meta name=\"twitter:data1\" content=\"3 minuty\" \/>\n<script type=\"application\/ld+json\" class=\"yoast-schema-graph\">{\"@context\":\"https:\/\/schema.org\",\"@graph\":[{\"@type\":\"WebPage\",\"@id\":\"https:\/\/ingritech.pl\/cs\/product\/sklenene-brusivo-granulat-0-20-mm\/\",\"url\":\"https:\/\/ingritech.pl\/cs\/product\/sklenene-brusivo-granulat-0-20-mm\/\",\"name\":\"Sklen\u011bn\u00fd brusn\u00fd materi\u00e1l \u2013 granule 0,4\u20136,0 mm\",\"isPartOf\":{\"@id\":\"https:\/\/ingritech.pl\/cs\/#website\"},\"primaryImageOfPage\":{\"@id\":\"https:\/\/ingritech.pl\/cs\/product\/sklenene-brusivo-granulat-0-20-mm\/#primaryimage\"},\"image\":{\"@id\":\"https:\/\/ingritech.pl\/cs\/product\/sklenene-brusivo-granulat-0-20-mm\/#primaryimage\"},\"thumbnailUrl\":\"https:\/\/ingritech.pl\/wp-content\/uploads\/2026\/02\/scierniwo-szklane.webp\",\"datePublished\":\"2026-02-20T17:17:23+00:00\",\"dateModified\":\"2026-04-15T11:24:32+00:00\",\"description\":\"Sklen\u011bn\u00e9 brusivo dostupn\u00e9 ve zrnitosti 0\u20136,0 mm. \u0160irok\u00fd v\u00fdb\u011br zrnitost\u00ed pro pr\u016fmyslov\u00e9 a technologick\u00e9 aplikace.\",\"breadcrumb\":{\"@id\":\"https:\/\/ingritech.pl\/cs\/product\/sklenene-brusivo-granulat-0-20-mm\/#breadcrumb\"},\"inLanguage\":\"cs\",\"potentialAction\":[{\"@type\":\"ReadAction\",\"target\":[\"https:\/\/ingritech.pl\/cs\/product\/sklenene-brusivo-granulat-0-20-mm\/\"]}]},{\"@type\":\"ImageObject\",\"inLanguage\":\"cs\",\"@id\":\"https:\/\/ingritech.pl\/cs\/product\/sklenene-brusivo-granulat-0-20-mm\/#primaryimage\",\"url\":\"https:\/\/ingritech.pl\/wp-content\/uploads\/2026\/02\/scierniwo-szklane.webp\",\"contentUrl\":\"https:\/\/ingritech.pl\/wp-content\/uploads\/2026\/02\/scierniwo-szklane.webp\",\"width\":1024,\"height\":1024,\"caption\":\"Sklen\u011bn\u00e9 brusivo \u2013 \u0161irok\u00fd rozsah zrnitosti 0,1\u20136,0 mm\"},{\"@type\":\"BreadcrumbList\",\"@id\":\"https:\/\/ingritech.pl\/cs\/product\/sklenene-brusivo-granulat-0-20-mm\/#breadcrumb\",\"itemListElement\":[{\"@type\":\"ListItem\",\"position\":1,\"name\":\"Strona g\u0142\u00f3wna\",\"item\":\"https:\/\/ingritech.pl\/cs\/\"},{\"@type\":\"ListItem\",\"position\":2,\"name\":\"Katalog produkt\u00f3w\",\"item\":\"https:\/\/ingritech.pl\/katalog\/\"},{\"@type\":\"ListItem\",\"position\":3,\"name\":\"Sklen\u011bn\u00e9 brusivo \u2013 granul\u00e1t 0\u20132,0 mm\"}]},{\"@type\":\"WebSite\",\"@id\":\"https:\/\/ingritech.pl\/cs\/#website\",\"url\":\"https:\/\/ingritech.pl\/cs\/\",\"name\":\"Ingritech\",\"description\":\"SUPPLIES AND RAW MATERIALS FOR INDUSTRY\",\"publisher\":{\"@id\":\"https:\/\/ingritech.pl\/cs\/#organization\"},\"alternateName\":\"Ingritech - SUPPLIES AND RAW MATERIALS FOR INDUSTRY\",\"potentialAction\":[{\"@type\":\"SearchAction\",\"target\":{\"@type\":\"EntryPoint\",\"urlTemplate\":\"https:\/\/ingritech.pl\/cs\/?s={search_term_string}\"},\"query-input\":{\"@type\":\"PropertyValueSpecification\",\"valueRequired\":true,\"valueName\":\"search_term_string\"}}],\"inLanguage\":\"cs\"},{\"@type\":\"Organization\",\"@id\":\"https:\/\/ingritech.pl\/cs\/#organization\",\"name\":\"Ingritech\",\"alternateName\":\"Ingritech - sklep z materia\u0142ami eksploatacyjnymi i surowcami dla przemys\u0142u\",\"url\":\"https:\/\/ingritech.pl\/cs\/\",\"logo\":{\"@type\":\"ImageObject\",\"inLanguage\":\"cs\",\"@id\":\"https:\/\/ingritech.pl\/cs\/#\/schema\/logo\/image\/\",\"url\":\"https:\/\/ingritech.pl\/wp-content\/uploads\/2025\/01\/ingretech-logo.webp\",\"contentUrl\":\"https:\/\/ingritech.pl\/wp-content\/uploads\/2025\/01\/ingretech-logo.webp\",\"width\":1280,\"height\":182,\"caption\":\"Ingritech\"},\"image\":{\"@id\":\"https:\/\/ingritech.pl\/cs\/#\/schema\/logo\/image\/\"},\"sameAs\":[\"https:\/\/wa.me\/+48453077323\"]}]}<\/script>\n<!-- \/ Yoast SEO plugin. -->","yoast_head_json":{"title":"Sklen\u011bn\u00fd brusn\u00fd materi\u00e1l \u2013 granule 0,4\u20136,0 mm","description":"Sklen\u011bn\u00e9 brusivo dostupn\u00e9 ve zrnitosti 0\u20136,0 mm. \u0160irok\u00fd v\u00fdb\u011br zrnitost\u00ed pro pr\u016fmyslov\u00e9 a technologick\u00e9 aplikace.","robots":{"index":"index","follow":"follow","max-snippet":"max-snippet:-1","max-image-preview":"max-image-preview:large","max-video-preview":"max-video-preview:-1"},"canonical":"https:\/\/ingritech.pl\/cs\/product\/sklenene-brusivo-granulat-0-20-mm\/","og_locale":"cs_CZ","og_type":"article","og_title":"Sklen\u011bn\u00fd brusn\u00fd materi\u00e1l \u2013 granule 0,4\u20136,0 mm","og_description":"Sklen\u011bn\u00e9 brusivo dostupn\u00e9 ve zrnitosti 0\u20136,0 mm. \u0160irok\u00fd v\u00fdb\u011br zrnitost\u00ed pro pr\u016fmyslov\u00e9 a technologick\u00e9 aplikace.","og_url":"https:\/\/ingritech.pl\/cs\/product\/sklenene-brusivo-granulat-0-20-mm\/","og_site_name":"INGRITECH","article_modified_time":"2026-04-15T11:24:32+00:00","og_image":[{"width":1024,"height":1024,"url":"https:\/\/ingritech.pl\/wp-content\/uploads\/2026\/02\/scierniwo-szklane.webp","type":"image\/webp"}],"twitter_card":"summary_large_image","twitter_misc":{"Odhadovan\u00e1 doba \u010dten\u00ed":"3 minuty"},"schema":{"@context":"https:\/\/schema.org","@graph":[{"@type":"WebPage","@id":"https:\/\/ingritech.pl\/cs\/product\/sklenene-brusivo-granulat-0-20-mm\/","url":"https:\/\/ingritech.pl\/cs\/product\/sklenene-brusivo-granulat-0-20-mm\/","name":"Sklen\u011bn\u00fd brusn\u00fd materi\u00e1l \u2013 granule 0,4\u20136,0 mm","isPartOf":{"@id":"https:\/\/ingritech.pl\/cs\/#website"},"primaryImageOfPage":{"@id":"https:\/\/ingritech.pl\/cs\/product\/sklenene-brusivo-granulat-0-20-mm\/#primaryimage"},"image":{"@id":"https:\/\/ingritech.pl\/cs\/product\/sklenene-brusivo-granulat-0-20-mm\/#primaryimage"},"thumbnailUrl":"https:\/\/ingritech.pl\/wp-content\/uploads\/2026\/02\/scierniwo-szklane.webp","datePublished":"2026-02-20T17:17:23+00:00","dateModified":"2026-04-15T11:24:32+00:00","description":"Sklen\u011bn\u00e9 brusivo dostupn\u00e9 ve zrnitosti 0\u20136,0 mm. \u0160irok\u00fd v\u00fdb\u011br zrnitost\u00ed pro pr\u016fmyslov\u00e9 a technologick\u00e9 aplikace.","breadcrumb":{"@id":"https:\/\/ingritech.pl\/cs\/product\/sklenene-brusivo-granulat-0-20-mm\/#breadcrumb"},"inLanguage":"cs","potentialAction":[{"@type":"ReadAction","target":["https:\/\/ingritech.pl\/cs\/product\/sklenene-brusivo-granulat-0-20-mm\/"]}]},{"@type":"ImageObject","inLanguage":"cs","@id":"https:\/\/ingritech.pl\/cs\/product\/sklenene-brusivo-granulat-0-20-mm\/#primaryimage","url":"https:\/\/ingritech.pl\/wp-content\/uploads\/2026\/02\/scierniwo-szklane.webp","contentUrl":"https:\/\/ingritech.pl\/wp-content\/uploads\/2026\/02\/scierniwo-szklane.webp","width":1024,"height":1024,"caption":"Sklen\u011bn\u00e9 brusivo \u2013 \u0161irok\u00fd rozsah zrnitosti 0,1\u20136,0 mm"},{"@type":"BreadcrumbList","@id":"https:\/\/ingritech.pl\/cs\/product\/sklenene-brusivo-granulat-0-20-mm\/#breadcrumb","itemListElement":[{"@type":"ListItem","position":1,"name":"Strona g\u0142\u00f3wna","item":"https:\/\/ingritech.pl\/cs\/"},{"@type":"ListItem","position":2,"name":"Katalog produkt\u00f3w","item":"https:\/\/ingritech.pl\/katalog\/"},{"@type":"ListItem","position":3,"name":"Sklen\u011bn\u00e9 brusivo \u2013 granul\u00e1t 0\u20132,0 mm"}]},{"@type":"WebSite","@id":"https:\/\/ingritech.pl\/cs\/#website","url":"https:\/\/ingritech.pl\/cs\/","name":"Ingritech","description":"SUPPLIES AND RAW MATERIALS FOR INDUSTRY","publisher":{"@id":"https:\/\/ingritech.pl\/cs\/#organization"},"alternateName":"Ingritech - SUPPLIES AND RAW MATERIALS FOR INDUSTRY","potentialAction":[{"@type":"SearchAction","target":{"@type":"EntryPoint","urlTemplate":"https:\/\/ingritech.pl\/cs\/?s={search_term_string}"},"query-input":{"@type":"PropertyValueSpecification","valueRequired":true,"valueName":"search_term_string"}}],"inLanguage":"cs"},{"@type":"Organization","@id":"https:\/\/ingritech.pl\/cs\/#organization","name":"Ingritech","alternateName":"Ingritech - sklep z materia\u0142ami eksploatacyjnymi i surowcami dla przemys\u0142u","url":"https:\/\/ingritech.pl\/cs\/","logo":{"@type":"ImageObject","inLanguage":"cs","@id":"https:\/\/ingritech.pl\/cs\/#\/schema\/logo\/image\/","url":"https:\/\/ingritech.pl\/wp-content\/uploads\/2025\/01\/ingretech-logo.webp","contentUrl":"https:\/\/ingritech.pl\/wp-content\/uploads\/2025\/01\/ingretech-logo.webp","width":1280,"height":182,"caption":"Ingritech"},"image":{"@id":"https:\/\/ingritech.pl\/cs\/#\/schema\/logo\/image\/"},"sameAs":["https:\/\/wa.me\/+48453077323"]}]}},"_links":{"self":[{"href":"https:\/\/ingritech.pl\/cs\/wp-json\/wp\/v2\/product\/12261","targetHints":{"allow":["GET"]}}],"collection":[{"href":"https:\/\/ingritech.pl\/cs\/wp-json\/wp\/v2\/product"}],"about":[{"href":"https:\/\/ingritech.pl\/cs\/wp-json\/wp\/v2\/types\/product"}],"wp:featuredmedia":[{"embeddable":true,"href":"https:\/\/ingritech.pl\/cs\/wp-json\/wp\/v2\/media\/12262"}],"wp:attachment":[{"href":"https:\/\/ingritech.pl\/cs\/wp-json\/wp\/v2\/media?parent=12261"}],"wp:term":[{"taxonomy":"product_brand","embeddable":true,"href":"https:\/\/ingritech.pl\/cs\/wp-json\/wp\/v2\/product_brand?post=12261"},{"taxonomy":"product_cat","embeddable":true,"href":"https:\/\/ingritech.pl\/cs\/wp-json\/wp\/v2\/product_cat?post=12261"},{"taxonomy":"product_tag","embeddable":true,"href":"https:\/\/ingritech.pl\/cs\/wp-json\/wp\/v2\/product_tag?post=12261"}],"curies":[{"name":"wp","href":"https:\/\/api.w.org\/{rel}","templated":true}]}}