{"id":12433,"date":"2025-06-17T13:15:47","date_gmt":"2025-06-17T11:15:47","guid":{"rendered":"https:\/\/ingritech.pl\/product\/ocelova-drt-s110-s780-standard-wae-nejvyssi-kvalita\/"},"modified":"2026-04-17T11:03:45","modified_gmt":"2026-04-17T09:03:45","slug":"ocelova-drt-s110-s780-standard-wae-nejvyssi-kvalita","status":"publish","type":"product","link":"https:\/\/ingritech.pl\/cs\/product\/ocelova-drt-s110-s780-standard-wae-nejvyssi-kvalita\/","title":{"rendered":"Ocelov\u00e1 dr\u0165 S110\u2013S780 (standard WAE) \u2013 nejvy\u0161\u0161\u00ed kvalita"},"content":{"rendered":"<p>Ocelov\u00e1 brok (standard WAE) s vysok\u00fdm obsahem uhl\u00edku je spolehliv\u00fd brusn\u00fd materi\u00e1l, kter\u00fd spojuje v\u00fdjime\u010dnou \u017eivotnost s vysokou \u00fa\u010dinnost\u00ed. D\u00edky souladu s evropskou normou WAE zaji\u0161\u0165uje opakovateln\u00e9 a bezpe\u010dn\u00e9 v\u00fdsledky v pr\u016fmyslov\u00fdch procesech. Nab\u00edz\u00ed zaru\u010denou tvrdost, chemickou \u010distotu a stabiln\u00ed frakci, co\u017e se prom\u00edt\u00e1 do rovnom\u011brn\u00fdch a p\u0159esn\u00fdch v\u00fdsledk\u016f opracov\u00e1n\u00ed. Je to ide\u00e1ln\u00ed volba pro firmy, kter\u00e9 hledaj\u00ed osv\u011bd\u010den\u00e9 \u0159e\u0161en\u00ed pro trysk\u00e1n\u00ed, kde z\u00e1le\u017e\u00ed nejen na kvalit\u011b, ale tak\u00e9 na efektivit\u011b a spolehlivosti.<\/p>\n<div style=\"display: flex; flex-wrap: wrap; align-items: flex-start; gap: 20px; margin: 20px 0;\">\n<div style=\"flex: 1 1 60%;\">\n<h3 data-start=\"282\" data-end=\"335\">Ocelov\u00e1 dr\u0165 (standard WAE) \u2013 Technick\u00e9 parametry<\/h3>\n<p>Ocelov\u00e1 dr\u0165 WAE Standard nav\u00edc p\u0159edstavuje uzn\u00e1vanou evropskou normu kvality pro ocelov\u00e1 brusiva, kter\u00e1 p\u0159esn\u011b stanovuje po\u017eadavky na chemick\u00e9 slo\u017een\u00ed, tvar zrn, velikost frakc\u00ed a trvanlivost materi\u00e1lu. D\u00edky tomu zaru\u010duje vysokou opakovatelnost parametr\u016f, a t\u00edm i spolehlivost p\u0159i pr\u016fmyslov\u00e9m pou\u017eit\u00ed. Nav\u00edc se tato dr\u0165 vyzna\u010duje optim\u00e1ln\u00edmi fyzik\u00e1ln\u00edmi vlastnostmi:<\/p>\n<ul>\n<li><strong>Tvrdost: <\/strong>390\u2013530 HV \/ 40\u201351 HRC<\/li>\n<li><strong>Teplota t\u00e1n\u00ed: <\/strong>cca 1535 \u00b0C<\/li>\n<li><strong>V\u010dasn\u00e9 dod\u00e1vky a logistick\u00e1 flexibilita<\/strong><\/li>\n<li><strong>Hustota: <\/strong>7,0 g\/cm\u00b3<\/li>\n<\/ul>\n<p>Podrobnou <a href=\"https:\/\/ingritech.pl\/10774\/\">nab\u00eddku a technickou specifikaci brusiv Ingritech<\/a> najdete na na\u0161ich webov\u00fdch str\u00e1nk\u00e1ch.<\/p>\n<\/div>\n<figure style=\"flex: 1 1 35%; margin: 0;\"><img loading=\"lazy\" decoding=\"async\" style=\"max-width: 100%; height: auto; border: 1px solid #ccc; border-radius: 4px;\" src=\"https:\/\/ingritech.pl\/wp-content\/uploads\/2025\/09\/Copilot_20250906_180014.png\" alt=\"Kulov\u00e9 ocelov\u00e9 broky s n\u00edzk\u00fdm obsahem uhl\u00edku\" width=\"400\" height=\"300\" \/><figcaption style=\"font-size: 0.9em; color: #555; margin-top: 8px;\">Kulov\u00e1 ocelov\u00e1 dr\u0165.<\/figcaption><\/figure>\n<\/div>\n<h3><strong> Chemick\u00e9 slo\u017een\u00ed <\/strong> podle normy SAE J827:<\/h3>\n<table dir=\"ltr\" style=\"height: 55px;\" border=\"1\" width=\"889\" cellspacing=\"0\" cellpadding=\"0\" data-sheets-root=\"1\" data-sheets-baot=\"1\">\n<colgroup>\n<col width=\"35\" \/>\n<col width=\"35\" \/>\n<col width=\"35\" \/>\n<col width=\"35\" \/>\n<col width=\"42\" \/>\n<col width=\"35\" \/>\n<col width=\"35\" \/>\n<col width=\"35\" \/>\n<col width=\"35\" \/>\n<col width=\"35\" \/>\n<col width=\"35\" \/>\n<col width=\"35\" \/>\n<col width=\"35\" \/>\n<col width=\"35\" \/>\n<col width=\"35\" \/>\n<col width=\"35\" \/>\n<col width=\"35\" \/>\n<col width=\"35\" \/><\/colgroup>\n<tbody>\n<tr>\n<td style=\"text-align: center;\" colspan=\"3\" rowspan=\"1\">Fe, %<\/td>\n<td colspan=\"3\" rowspan=\"1\">C, %<\/td>\n<td colspan=\"3\" rowspan=\"1\">Mn, %<\/td>\n<td colspan=\"3\" rowspan=\"1\">Si, %<\/td>\n<td colspan=\"3\" rowspan=\"1\">S, %<\/td>\n<td colspan=\"3\" rowspan=\"1\">P, %<\/td>\n<\/tr>\n<tr>\n<td style=\"text-align: center;\" colspan=\"3\" rowspan=\"1\">96,5-98,0<\/td>\n<td style=\"text-align: center;\" colspan=\"3\" rowspan=\"1\">0,8-1,2<\/td>\n<td style=\"text-align: center;\" colspan=\"3\" rowspan=\"1\">0,6-1,2<\/td>\n<td style=\"text-align: center;\" colspan=\"3\" rowspan=\"1\">0,5-1,0<\/td>\n<td style=\"text-align: center;\" colspan=\"3\" rowspan=\"1\">\u2264 0.05<\/td>\n<td style=\"text-align: center;\" colspan=\"3\" rowspan=\"1\">\u2264 0.05<\/td>\n<\/tr>\n<\/tbody>\n<\/table>\n<h3>Ocelov\u00e1 dr\u0165 (standard WAE) \u2013 frakce S a orienta\u010dn\u00ed rozsahy velikosti zrn<\/h3>\n<section>\n<article>N\u00ed\u017ee uveden\u00e9 rozsahy jsou pouze orienta\u010dn\u00ed a vych\u00e1zej\u00ed z normy pro zrnitost SAE J444. V\u00fdb\u011br frakce v\u0161ak z\u00e1vis\u00ed na typu povrchu, po\u017eadovan\u00e9 drsnosti a pou\u017eit\u00e9 technologii.<\/p>\n<figure style=\"text-align: center; margin: 20px 0;\"><\/figure>\n<\/article>\n<\/section>\n<table>\n<thead>\n<tr>\n<th>Typ<\/th>\n<th>2,0 mm<\/th>\n<th>1,7 mm<\/th>\n<th>1,4 mm<\/th>\n<th>1,18 mm<\/th>\n<th>1,0 mm<\/th>\n<th>0,85 mm<\/th>\n<th>0,71 mm<\/th>\n<th>0,6 mm<\/th>\n<th>0,5 mm<\/th>\n<th>0,42 mm<\/th>\n<th>0,3 mm<\/th>\n<th>0,18 mm<\/th>\n<\/tr>\n<\/thead>\n<tbody>\n<tr>\n<td>S780<\/td>\n<td>&gt;90%<\/td>\n<td>&gt;97%<\/td>\n<td><\/td>\n<td><\/td>\n<td><\/td>\n<td><\/td>\n<td><\/td>\n<td><\/td>\n<td><\/td>\n<td><\/td>\n<td><\/td>\n<td><\/td>\n<\/tr>\n<tr>\n<td>S660<\/td>\n<td>&lt;20%<\/td>\n<td>&gt;97%<\/td>\n<td><\/td>\n<td><\/td>\n<td><\/td>\n<td><\/td>\n<td><\/td>\n<td><\/td>\n<td><\/td>\n<td><\/td>\n<td><\/td>\n<td><\/td>\n<\/tr>\n<tr>\n<td>S550<\/td>\n<td>&lt;30%<\/td>\n<td><\/td>\n<td>&gt;90%<\/td>\n<td>&gt;97%<\/td>\n<td><\/td>\n<td><\/td>\n<td><\/td>\n<td><\/td>\n<td><\/td>\n<td><\/td>\n<td><\/td>\n<td><\/td>\n<\/tr>\n<tr>\n<td>S460<\/td>\n<td><\/td>\n<td>&lt;30%<\/td>\n<td><\/td>\n<td>&gt;90%<\/td>\n<td>&gt;97%<\/td>\n<td><\/td>\n<td><\/td>\n<td><\/td>\n<td><\/td>\n<td><\/td>\n<td><\/td>\n<td><\/td>\n<\/tr>\n<tr>\n<td>S390<\/td>\n<td><\/td>\n<td>0%<\/td>\n<td>&lt;20%<\/td>\n<td><\/td>\n<td>&gt;85%<\/td>\n<td>&gt;97%<\/td>\n<td><\/td>\n<td><\/td>\n<td><\/td>\n<td><\/td>\n<td><\/td>\n<td><\/td>\n<\/tr>\n<tr>\n<td>S330<\/td>\n<td><\/td>\n<td><\/td>\n<td>0%<\/td>\n<td>&lt;10%<\/td>\n<td><\/td>\n<td>&gt;85%<\/td>\n<td>&gt;97%<\/td>\n<td><\/td>\n<td><\/td>\n<td><\/td>\n<td><\/td>\n<td><\/td>\n<\/tr>\n<tr>\n<td>S230<\/td>\n<td><\/td>\n<td><\/td>\n<td><\/td>\n<td>0%<\/td>\n<td>&lt;30%<\/td>\n<td><\/td>\n<td>&gt;90%<\/td>\n<td>&gt;97%<\/td>\n<td><\/td>\n<td><\/td>\n<td><\/td>\n<td><\/td>\n<\/tr>\n<tr>\n<td>S170<\/td>\n<td><\/td>\n<td><\/td>\n<td><\/td>\n<td><\/td>\n<td>0%<\/td>\n<td>&lt;30%<\/td>\n<td><\/td>\n<td>&gt;90%<\/td>\n<td>&gt;97%<\/td>\n<td><\/td>\n<td><\/td>\n<td><\/td>\n<\/tr>\n<tr>\n<td>S110<\/td>\n<td><\/td>\n<td><\/td>\n<td><\/td>\n<td><\/td>\n<td><\/td>\n<td>0%<\/td>\n<td>&lt;20%<\/td>\n<td><\/td>\n<td><\/td>\n<td>&gt;90%<\/td>\n<td>&gt;97%<\/td>\n<td><\/td>\n<\/tr>\n<\/tbody>\n<\/table>\n<p>&nbsp;<\/p>\n<div style=\"flex: 0 0 280px; text-align: center; background-color: #f1f5f9; padding: 1.5rem; border-radius: 12px; box-shadow: 0 2px 6px rgba(0,0,0,0.05);\">\n<h3 style=\"font-size: 1rem; color: #1e293b; font-weight: 500; margin-bottom: 1rem;\"><em>Tento v\u00fdrobek spl\u0148uje normy kvality a je k dispozici ve variant\u00e1ch odpov\u00eddaj\u00edc\u00edch norm\u00e1m SAE J444 a WAE.\u00a0<\/em><\/h3>\n<p><a style=\"display: inline-block; padding: 12px 20px; background-color: #cccccc; color: #0f172a; text-decoration: none; font-weight: 600; border-radius: 8px; transition: background-color 0.3s ease;\" href=\"https:\/\/ingritech.pl\/produkt\/srut-staliwny-stalowy-kulisty-okragly-s-110-1100-sae-j444\/\" target=\"_blank\" rel=\"noopener\">SAE J444<br \/>\n<\/a><\/p>\n<\/div>\n","protected":false},"excerpt":{"rendered":"<ul>\n<li><strong>Typy S:<\/strong> WS780, WS660, WS550, WS460, WS390, WS330, WS280, W230, WS170, WS110<\/li>\n<li><strong>\u00a0Pou\u017eit\u00ed produktu:<\/strong>Odstra\u0148ov\u00e1n\u00ed rzi, okuj\u00ed a star\u00fdch n\u00e1t\u011br\u016f. Zv\u00fd\u0161en\u00ed trvanlivosti a odolnosti kovu. Odstra\u0148ov\u00e1n\u00ed vad a zbytk\u016f p\u00edsku z odlitk\u016f. Zlep\u0161en\u00ed p\u0159ilnavosti barev a n\u00e1t\u011br\u016f<\/li>\n<li><strong>Balen\u00ed<\/strong>: Polyethylenov\u00e9 pytle o hmotnosti 4,0, 2,8 a 25 kg, balen\u00e9 v kartonov\u00e9 krabici na palet\u011b o hmotnosti 1000 kg; big bagy na palet\u011b o hmotnosti 1000 kg.<\/li>\n<\/ul>\n","protected":false},"featured_media":12437,"template":"","meta":[],"product_brand":[370],"product_cat":[696,695],"product_tag":[697,945,1097,1098],"class_list":{"0":"post-12433","1":"product","2":"type-product","3":"status-publish","4":"has-post-thumbnail","6":"product_brand-se-steel-works-tas","7":"product_cat-kovova-brusiva","8":"product_cat-materialy-pro-piskovani-a-tryskani","9":"product_tag-brusiva","10":"product_tag-ocelova-drt","11":"product_tag-ocelova-drt-cs","12":"product_tag-standard-wa","13":"pa_s-110-1000-s110-cs","14":"pa_s-110-1000-s170-cs","15":"pa_s-110-1000-s230-cs","16":"pa_s-110-1000-s280-cs","17":"pa_s-110-1000-s330-cs","18":"pa_s-110-1000-s390-cs","19":"pa_s-110-1000-s460-cs","20":"pa_s-110-1000-s550-cs","21":"pa_s-110-1000-s660-cs","22":"pa_s-110-1000-s780-cs","23":"pa_s-110-1000-s930-cs","24":"pa_s-110-1000-s991110-cs","26":"first","27":"instock","28":"shipping-taxable","29":"product-type-variable"},"yoast_head":"<!-- This site is optimized with the Yoast SEO plugin v24.3 - https:\/\/yoast.com\/wordpress\/plugins\/seo\/ -->\n<title>Ocelov\u00e1 dr\u0165 S110\u2013S780 (standard WAE) \u2013 nejvy\u0161\u0161\u00ed kvalita nakupujte v Polsku a v Evrop\u011b - INGRITECH<\/title>\n<meta name=\"description\" content=\"Kupte si ocelovou dr\u0165 S110\u2013S780 (norma WA) v Polsku a po cel\u00e9 Evrop\u011b. Technick\u00e1 dokumentace a certifik\u00e1ty. V\u00fdhodn\u00e9 ceny. Z\u00e1ruka.\" \/>\n<meta name=\"robots\" content=\"index, follow, max-snippet:-1, max-image-preview:large, max-video-preview:-1\" \/>\n<link rel=\"canonical\" href=\"https:\/\/ingritech.pl\/cs\/product\/ocelova-drt-s110-s780-standard-wae-nejvyssi-kvalita\/\" \/>\n<meta property=\"og:locale\" content=\"cs_CZ\" \/>\n<meta property=\"og:type\" content=\"article\" \/>\n<meta property=\"og:title\" content=\"Ocelov\u00e1 dr\u0165 S110\u2013S780 (standard WAE) \u2013 nejvy\u0161\u0161\u00ed kvalita nakupujte v Polsku a v Evrop\u011b - INGRITECH\" \/>\n<meta property=\"og:description\" content=\"Kupte si ocelovou dr\u0165 S110\u2013S780 (norma WA) v Polsku a po cel\u00e9 Evrop\u011b. Technick\u00e1 dokumentace a certifik\u00e1ty. V\u00fdhodn\u00e9 ceny. Z\u00e1ruka.\" \/>\n<meta property=\"og:url\" content=\"https:\/\/ingritech.pl\/cs\/product\/ocelova-drt-s110-s780-standard-wae-nejvyssi-kvalita\/\" \/>\n<meta property=\"og:site_name\" content=\"INGRITECH\" \/>\n<meta property=\"article:modified_time\" content=\"2026-04-17T09:03:45+00:00\" \/>\n<meta property=\"og:image\" content=\"https:\/\/ingritech.pl\/wp-content\/uploads\/2025\/06\/High-Carbon-Steel-Shot-S110\u2013S780-WA-Standard.webp\" \/>\n\t<meta property=\"og:image:width\" content=\"1024\" \/>\n\t<meta property=\"og:image:height\" content=\"1024\" \/>\n\t<meta property=\"og:image:type\" content=\"image\/webp\" \/>\n<meta name=\"twitter:card\" content=\"summary_large_image\" \/>\n<meta name=\"twitter:label1\" content=\"Odhadovan\u00e1 doba \u010dten\u00ed\" \/>\n\t<meta name=\"twitter:data1\" content=\"3 minuty\" \/>\n<script type=\"application\/ld+json\" class=\"yoast-schema-graph\">{\"@context\":\"https:\/\/schema.org\",\"@graph\":[{\"@type\":\"WebPage\",\"@id\":\"https:\/\/ingritech.pl\/cs\/product\/ocelova-drt-s110-s780-standard-wae-nejvyssi-kvalita\/\",\"url\":\"https:\/\/ingritech.pl\/cs\/product\/ocelova-drt-s110-s780-standard-wae-nejvyssi-kvalita\/\",\"name\":\"Ocelov\u00e1 dr\u0165 S110\u2013S780 (standard WAE) \u2013 nejvy\u0161\u0161\u00ed kvalita nakupujte v Polsku a v Evrop\u011b - INGRITECH\",\"isPartOf\":{\"@id\":\"https:\/\/ingritech.pl\/cs\/#website\"},\"primaryImageOfPage\":{\"@id\":\"https:\/\/ingritech.pl\/cs\/product\/ocelova-drt-s110-s780-standard-wae-nejvyssi-kvalita\/#primaryimage\"},\"image\":{\"@id\":\"https:\/\/ingritech.pl\/cs\/product\/ocelova-drt-s110-s780-standard-wae-nejvyssi-kvalita\/#primaryimage\"},\"thumbnailUrl\":\"https:\/\/ingritech.pl\/wp-content\/uploads\/2025\/06\/High-Carbon-Steel-Shot-S110\u2013S780-WA-Standard.webp\",\"datePublished\":\"2025-06-17T11:15:47+00:00\",\"dateModified\":\"2026-04-17T09:03:45+00:00\",\"description\":\"Kupte si ocelovou dr\u0165 S110\u2013S780 (norma WA) v Polsku a po cel\u00e9 Evrop\u011b. Technick\u00e1 dokumentace a certifik\u00e1ty. V\u00fdhodn\u00e9 ceny. Z\u00e1ruka.\",\"breadcrumb\":{\"@id\":\"https:\/\/ingritech.pl\/cs\/product\/ocelova-drt-s110-s780-standard-wae-nejvyssi-kvalita\/#breadcrumb\"},\"inLanguage\":\"cs\",\"potentialAction\":[{\"@type\":\"ReadAction\",\"target\":[\"https:\/\/ingritech.pl\/cs\/product\/ocelova-drt-s110-s780-standard-wae-nejvyssi-kvalita\/\"]}]},{\"@type\":\"ImageObject\",\"inLanguage\":\"cs\",\"@id\":\"https:\/\/ingritech.pl\/cs\/product\/ocelova-drt-s110-s780-standard-wae-nejvyssi-kvalita\/#primaryimage\",\"url\":\"https:\/\/ingritech.pl\/wp-content\/uploads\/2025\/06\/High-Carbon-Steel-Shot-S110\u2013S780-WA-Standard.webp\",\"contentUrl\":\"https:\/\/ingritech.pl\/wp-content\/uploads\/2025\/06\/High-Carbon-Steel-Shot-S110\u2013S780-WA-Standard.webp\",\"width\":1024,\"height\":1024,\"caption\":\"Ocelov\u00e9 broky s vysok\u00fdm obsahem uhl\u00edku S110\u2013S780 (norma WA)\"},{\"@type\":\"BreadcrumbList\",\"@id\":\"https:\/\/ingritech.pl\/cs\/product\/ocelova-drt-s110-s780-standard-wae-nejvyssi-kvalita\/#breadcrumb\",\"itemListElement\":[{\"@type\":\"ListItem\",\"position\":1,\"name\":\"Strona g\u0142\u00f3wna\",\"item\":\"https:\/\/ingritech.pl\/cs\/\"},{\"@type\":\"ListItem\",\"position\":2,\"name\":\"Katalog produkt\u00f3w\",\"item\":\"https:\/\/ingritech.pl\/katalog\/\"},{\"@type\":\"ListItem\",\"position\":3,\"name\":\"Ocelov\u00e1 dr\u0165 S110\u2013S780 (standard WAE) \u2013 nejvy\u0161\u0161\u00ed kvalita\"}]},{\"@type\":\"WebSite\",\"@id\":\"https:\/\/ingritech.pl\/cs\/#website\",\"url\":\"https:\/\/ingritech.pl\/cs\/\",\"name\":\"Ingritech\",\"description\":\"SUPPLIES AND RAW MATERIALS FOR INDUSTRY\",\"publisher\":{\"@id\":\"https:\/\/ingritech.pl\/cs\/#organization\"},\"alternateName\":\"Ingritech - SUPPLIES AND RAW MATERIALS FOR INDUSTRY\",\"potentialAction\":[{\"@type\":\"SearchAction\",\"target\":{\"@type\":\"EntryPoint\",\"urlTemplate\":\"https:\/\/ingritech.pl\/cs\/?s={search_term_string}\"},\"query-input\":{\"@type\":\"PropertyValueSpecification\",\"valueRequired\":true,\"valueName\":\"search_term_string\"}}],\"inLanguage\":\"cs\"},{\"@type\":\"Organization\",\"@id\":\"https:\/\/ingritech.pl\/cs\/#organization\",\"name\":\"Ingritech\",\"alternateName\":\"Ingritech - sklep z materia\u0142ami eksploatacyjnymi i surowcami dla przemys\u0142u\",\"url\":\"https:\/\/ingritech.pl\/cs\/\",\"logo\":{\"@type\":\"ImageObject\",\"inLanguage\":\"cs\",\"@id\":\"https:\/\/ingritech.pl\/cs\/#\/schema\/logo\/image\/\",\"url\":\"https:\/\/ingritech.pl\/wp-content\/uploads\/2025\/01\/ingretech-logo.webp\",\"contentUrl\":\"https:\/\/ingritech.pl\/wp-content\/uploads\/2025\/01\/ingretech-logo.webp\",\"width\":1280,\"height\":182,\"caption\":\"Ingritech\"},\"image\":{\"@id\":\"https:\/\/ingritech.pl\/cs\/#\/schema\/logo\/image\/\"},\"sameAs\":[\"https:\/\/wa.me\/+48453077323\"]}]}<\/script>\n<!-- \/ Yoast SEO plugin. -->","yoast_head_json":{"title":"Ocelov\u00e1 dr\u0165 S110\u2013S780 (standard WAE) \u2013 nejvy\u0161\u0161\u00ed kvalita nakupujte v Polsku a v Evrop\u011b - INGRITECH","description":"Kupte si ocelovou dr\u0165 S110\u2013S780 (norma WA) v Polsku a po cel\u00e9 Evrop\u011b. Technick\u00e1 dokumentace a certifik\u00e1ty. V\u00fdhodn\u00e9 ceny. Z\u00e1ruka.","robots":{"index":"index","follow":"follow","max-snippet":"max-snippet:-1","max-image-preview":"max-image-preview:large","max-video-preview":"max-video-preview:-1"},"canonical":"https:\/\/ingritech.pl\/cs\/product\/ocelova-drt-s110-s780-standard-wae-nejvyssi-kvalita\/","og_locale":"cs_CZ","og_type":"article","og_title":"Ocelov\u00e1 dr\u0165 S110\u2013S780 (standard WAE) \u2013 nejvy\u0161\u0161\u00ed kvalita nakupujte v Polsku a v Evrop\u011b - INGRITECH","og_description":"Kupte si ocelovou dr\u0165 S110\u2013S780 (norma WA) v Polsku a po cel\u00e9 Evrop\u011b. Technick\u00e1 dokumentace a certifik\u00e1ty. V\u00fdhodn\u00e9 ceny. Z\u00e1ruka.","og_url":"https:\/\/ingritech.pl\/cs\/product\/ocelova-drt-s110-s780-standard-wae-nejvyssi-kvalita\/","og_site_name":"INGRITECH","article_modified_time":"2026-04-17T09:03:45+00:00","og_image":[{"width":1024,"height":1024,"url":"https:\/\/ingritech.pl\/wp-content\/uploads\/2025\/06\/High-Carbon-Steel-Shot-S110\u2013S780-WA-Standard.webp","type":"image\/webp"}],"twitter_card":"summary_large_image","twitter_misc":{"Odhadovan\u00e1 doba \u010dten\u00ed":"3 minuty"},"schema":{"@context":"https:\/\/schema.org","@graph":[{"@type":"WebPage","@id":"https:\/\/ingritech.pl\/cs\/product\/ocelova-drt-s110-s780-standard-wae-nejvyssi-kvalita\/","url":"https:\/\/ingritech.pl\/cs\/product\/ocelova-drt-s110-s780-standard-wae-nejvyssi-kvalita\/","name":"Ocelov\u00e1 dr\u0165 S110\u2013S780 (standard WAE) \u2013 nejvy\u0161\u0161\u00ed kvalita nakupujte v Polsku a v Evrop\u011b - INGRITECH","isPartOf":{"@id":"https:\/\/ingritech.pl\/cs\/#website"},"primaryImageOfPage":{"@id":"https:\/\/ingritech.pl\/cs\/product\/ocelova-drt-s110-s780-standard-wae-nejvyssi-kvalita\/#primaryimage"},"image":{"@id":"https:\/\/ingritech.pl\/cs\/product\/ocelova-drt-s110-s780-standard-wae-nejvyssi-kvalita\/#primaryimage"},"thumbnailUrl":"https:\/\/ingritech.pl\/wp-content\/uploads\/2025\/06\/High-Carbon-Steel-Shot-S110\u2013S780-WA-Standard.webp","datePublished":"2025-06-17T11:15:47+00:00","dateModified":"2026-04-17T09:03:45+00:00","description":"Kupte si ocelovou dr\u0165 S110\u2013S780 (norma WA) v Polsku a po cel\u00e9 Evrop\u011b. Technick\u00e1 dokumentace a certifik\u00e1ty. V\u00fdhodn\u00e9 ceny. Z\u00e1ruka.","breadcrumb":{"@id":"https:\/\/ingritech.pl\/cs\/product\/ocelova-drt-s110-s780-standard-wae-nejvyssi-kvalita\/#breadcrumb"},"inLanguage":"cs","potentialAction":[{"@type":"ReadAction","target":["https:\/\/ingritech.pl\/cs\/product\/ocelova-drt-s110-s780-standard-wae-nejvyssi-kvalita\/"]}]},{"@type":"ImageObject","inLanguage":"cs","@id":"https:\/\/ingritech.pl\/cs\/product\/ocelova-drt-s110-s780-standard-wae-nejvyssi-kvalita\/#primaryimage","url":"https:\/\/ingritech.pl\/wp-content\/uploads\/2025\/06\/High-Carbon-Steel-Shot-S110\u2013S780-WA-Standard.webp","contentUrl":"https:\/\/ingritech.pl\/wp-content\/uploads\/2025\/06\/High-Carbon-Steel-Shot-S110\u2013S780-WA-Standard.webp","width":1024,"height":1024,"caption":"Ocelov\u00e9 broky s vysok\u00fdm obsahem uhl\u00edku S110\u2013S780 (norma WA)"},{"@type":"BreadcrumbList","@id":"https:\/\/ingritech.pl\/cs\/product\/ocelova-drt-s110-s780-standard-wae-nejvyssi-kvalita\/#breadcrumb","itemListElement":[{"@type":"ListItem","position":1,"name":"Strona g\u0142\u00f3wna","item":"https:\/\/ingritech.pl\/cs\/"},{"@type":"ListItem","position":2,"name":"Katalog produkt\u00f3w","item":"https:\/\/ingritech.pl\/katalog\/"},{"@type":"ListItem","position":3,"name":"Ocelov\u00e1 dr\u0165 S110\u2013S780 (standard WAE) \u2013 nejvy\u0161\u0161\u00ed kvalita"}]},{"@type":"WebSite","@id":"https:\/\/ingritech.pl\/cs\/#website","url":"https:\/\/ingritech.pl\/cs\/","name":"Ingritech","description":"SUPPLIES AND RAW MATERIALS FOR INDUSTRY","publisher":{"@id":"https:\/\/ingritech.pl\/cs\/#organization"},"alternateName":"Ingritech - SUPPLIES AND RAW MATERIALS FOR INDUSTRY","potentialAction":[{"@type":"SearchAction","target":{"@type":"EntryPoint","urlTemplate":"https:\/\/ingritech.pl\/cs\/?s={search_term_string}"},"query-input":{"@type":"PropertyValueSpecification","valueRequired":true,"valueName":"search_term_string"}}],"inLanguage":"cs"},{"@type":"Organization","@id":"https:\/\/ingritech.pl\/cs\/#organization","name":"Ingritech","alternateName":"Ingritech - sklep z materia\u0142ami eksploatacyjnymi i surowcami dla przemys\u0142u","url":"https:\/\/ingritech.pl\/cs\/","logo":{"@type":"ImageObject","inLanguage":"cs","@id":"https:\/\/ingritech.pl\/cs\/#\/schema\/logo\/image\/","url":"https:\/\/ingritech.pl\/wp-content\/uploads\/2025\/01\/ingretech-logo.webp","contentUrl":"https:\/\/ingritech.pl\/wp-content\/uploads\/2025\/01\/ingretech-logo.webp","width":1280,"height":182,"caption":"Ingritech"},"image":{"@id":"https:\/\/ingritech.pl\/cs\/#\/schema\/logo\/image\/"},"sameAs":["https:\/\/wa.me\/+48453077323"]}]}},"_links":{"self":[{"href":"https:\/\/ingritech.pl\/cs\/wp-json\/wp\/v2\/product\/12433","targetHints":{"allow":["GET"]}}],"collection":[{"href":"https:\/\/ingritech.pl\/cs\/wp-json\/wp\/v2\/product"}],"about":[{"href":"https:\/\/ingritech.pl\/cs\/wp-json\/wp\/v2\/types\/product"}],"wp:featuredmedia":[{"embeddable":true,"href":"https:\/\/ingritech.pl\/cs\/wp-json\/wp\/v2\/media\/12437"}],"wp:attachment":[{"href":"https:\/\/ingritech.pl\/cs\/wp-json\/wp\/v2\/media?parent=12433"}],"wp:term":[{"taxonomy":"product_brand","embeddable":true,"href":"https:\/\/ingritech.pl\/cs\/wp-json\/wp\/v2\/product_brand?post=12433"},{"taxonomy":"product_cat","embeddable":true,"href":"https:\/\/ingritech.pl\/cs\/wp-json\/wp\/v2\/product_cat?post=12433"},{"taxonomy":"product_tag","embeddable":true,"href":"https:\/\/ingritech.pl\/cs\/wp-json\/wp\/v2\/product_tag?post=12433"}],"curies":[{"name":"wp","href":"https:\/\/api.w.org\/{rel}","templated":true}]}}