{"id":12512,"date":"2025-01-29T17:42:42","date_gmt":"2025-01-29T16:42:42","guid":{"rendered":"https:\/\/ingritech.pl\/product\/ostre-hranate-ocelove-broky-brusivo-pro-tryskani-gp-16-18-40-50-sae-j444\/"},"modified":"2026-04-18T08:51:43","modified_gmt":"2026-04-18T06:51:43","slug":"ostre-hranate-ocelove-broky-brusivo-pro-tryskani-gp-16-18-40-50-sae-j444","status":"publish","type":"product","link":"https:\/\/ingritech.pl\/cs\/product\/ostre-hranate-ocelove-broky-brusivo-pro-tryskani-gp-16-18-40-50-sae-j444\/","title":{"rendered":"Ostr\u00e9 hranat\u00e9 ocelov\u00e9 broky, brusivo pro trysk\u00e1n\u00ed GP 16, 18, 40, 50 (SAE J444)"},"content":{"rendered":"<p>\u25ef <strong>Tvar<\/strong> \u2013 Pevn\u00fd, hranat\u00fd cz\u0105stki<\/p>\n<p>\u25ef <a href=\"https:\/\/ingritech.pl\/produkt\/srut-staliwny-ostrokatny-gh-gl-gp-gs\/\"><strong>Tvrdost GH<\/strong><\/a> &#8211; min. 700 HV; 60 HRC<\/p>\n<p>\u25ef <a href=\"https:\/\/ingritech.pl\/produkt\/srut-staliwny-lamany-ostro-krawedziowy-scierniwo-do-srutowania-gh-1618-25-40-50-80-sae-j444-kopia\/\"><strong>Tvrdost GL<\/strong> <\/a>&#8211; 510-700 HV; 51-61 HRC<\/p>\n<p>\u25ef <a href=\"https:\/\/ingritech.pl\/produkt\/srut-staliwny-lamany-ostro-krawedziowy-scierniwo-do-srutowania-gp-1618-40-50-sae-j444\/\"><strong>Tvrdost GP<\/strong><\/a> &#8211; 460-630 HV; 47-56 HRC<\/p>\n<p>\u25ef <a href=\"https:\/\/ingritech.pl\/produkt\/srut-staliwny-lamany-ostro-krawedziowy-scierniwo-do-srutowania-gs-1618-25-40-50-80-sae-j444\/\"><strong>Tvrdost GS<\/strong><\/a> &#8211; 390-530 HV; 40-51 HRC<\/p>\n<p>\u25ef <strong>Hustota<\/strong> &#8211; 7,0 g\/cm\u00b3<\/p>\n<p>\u25ef <strong>Barva<\/strong> &#8211; \u0160ed\u00e1<\/p>\n<p>\u25ef <strong>Z\u00e1pach<\/strong> &#8211; \u017d\u00e1dn\u00fd<\/p>\n<p>\u25ef <strong>Prahov\u00e1 hodnota z\u00e1pachu<\/strong> &#8211; Nevztahuje se<\/p>\n<p> \u25ef <strong>pH<\/strong> &#8211; Nevztahuje se<\/p>\n<p>\u25ef <strong>Teplota t\u00e1n\u00ed<\/strong> &#8211; cca 1 535 \u00b0C \/ nem\u00e1 praktick\u00e9 pou\u017eit\u00ed<\/p>\n<p>\u25ef <strong>Teplota vzplanut\u00ed<\/strong> &#8211; Nevztahuje se<\/p>\n<p> \u25ef <strong>Horn\u00ed\/doln\u00ed mez ho\u0159lavosti nebo v\u00fdbu\u0161nosti<\/strong> &#8211; Nevztahuje se<\/p>\n<p>\u25ef <strong>Rozpustnost<\/strong> &#8211; Nerozpustn\u00fd ve vod\u011b<\/p>\n<p>\u25ef <strong>V\u00fdbu\u0161n\u00e9 vlastnosti<\/strong> &#8211; Nev\u00fdbu\u0161n\u00fd<\/p>\n<p> \u25ef <strong>Chemick\u00e9 slo\u017een\u00ed<\/strong> podle normy SAE J827<\/p>\n<table dir=\"ltr\" style=\"height: 53px;\" border=\"1\" width=\"682\" cellspacing=\"0\" cellpadding=\"0\" data-sheets-root=\"1\" data-sheets-baot=\"1\">\n<colgroup>\n<col width=\"35\" \/>\n<col width=\"35\" \/>\n<col width=\"35\" \/>\n<col width=\"35\" \/>\n<col width=\"42\" \/>\n<col width=\"35\" \/>\n<col width=\"35\" \/>\n<col width=\"35\" \/>\n<col width=\"35\" \/>\n<col width=\"35\" \/>\n<col width=\"35\" \/>\n<col width=\"35\" \/>\n<col width=\"35\" \/>\n<col width=\"35\" \/>\n<col width=\"35\" \/>\n<col width=\"35\" \/>\n<col width=\"35\" \/>\n<col width=\"35\" \/><\/colgroup>\n<tbody>\n<tr>\n<td style=\"text-align: center;\" colspan=\"3\" rowspan=\"1\"><strong>Fe, %<\/strong><\/td>\n<td style=\"text-align: center;\" colspan=\"3\" rowspan=\"1\"><strong>C, %<\/strong><\/td>\n<td style=\"text-align: center;\" colspan=\"3\" rowspan=\"1\"><strong>Mn, %<\/strong><\/td>\n<td style=\"text-align: center;\" colspan=\"3\" rowspan=\"1\"><strong>Si, %<\/strong><\/td>\n<td style=\"text-align: center;\" colspan=\"3\" rowspan=\"1\"><strong>S, %<\/strong><\/td>\n<td style=\"text-align: center;\" colspan=\"3\" rowspan=\"1\"><strong>P, %<\/strong><\/td>\n<\/tr>\n<tr>\n<td style=\"text-align: center;\" colspan=\"3\" rowspan=\"1\">96,5-98,0<\/td>\n<td style=\"text-align: center;\" colspan=\"3\" rowspan=\"1\">0,8-1,2<\/td>\n<td style=\"text-align: center;\" colspan=\"3\" rowspan=\"1\">0,6-1,2<\/td>\n<td style=\"text-align: center;\" colspan=\"3\" rowspan=\"1\">0,5-1,0<\/td>\n<td style=\"text-align: center;\" colspan=\"3\" rowspan=\"1\">\u2264 0.05<\/td>\n<td style=\"text-align: center;\" colspan=\"3\" rowspan=\"1\">\u2264 0.05<\/td>\n<\/tr>\n<\/tbody>\n<\/table>\n<p>\u25ef <strong>Charakteristika velikosti<\/strong> &#8211;<\/p>\n<table dir=\"ltr\" style=\"height: 512px;\" border=\"1\" width=\"473\" cellspacing=\"0\" cellpadding=\"0\" data-sheets-root=\"1\" data-sheets-baot=\"1\">\n<colgroup>\n<col width=\"35\" \/>\n<col width=\"35\" \/>\n<col width=\"35\" \/>\n<col width=\"42\" \/>\n<col width=\"35\" \/>\n<col width=\"35\" \/>\n<col width=\"35\" \/>\n<col width=\"35\" \/>\n<col width=\"35\" \/><\/colgroup>\n<tbody>\n<tr>\n<td style=\"text-align: center;\" colspan=\"3\" rowspan=\"1\">Standardn\u00ed velikost otvor\u016f s\u00edta, mm<\/td>\n<td style=\"text-align: center;\">G16<\/td>\n<td style=\"text-align: center;\">G18<\/td>\n<td style=\"text-align: center;\">G25<\/td>\n<td style=\"text-align: center;\">G40<\/td>\n<td style=\"text-align: center;\">G50<\/td>\n<td style=\"text-align: center;\">G80<\/td>\n<\/tr>\n<tr>\n<td colspan=\"3\" rowspan=\"1\">4.75<\/td>\n<td><\/td>\n<td><\/td>\n<td><\/td>\n<td><\/td>\n<td><\/td>\n<td><\/td>\n<\/tr>\n<tr>\n<td colspan=\"3\" rowspan=\"1\">4.00<\/td>\n<td><\/td>\n<td><\/td>\n<td><\/td>\n<td><\/td>\n<td><\/td>\n<td><\/td>\n<\/tr>\n<tr>\n<td colspan=\"3\" rowspan=\"1\">3.35<\/td>\n<td><\/td>\n<td><\/td>\n<td><\/td>\n<td><\/td>\n<td><\/td>\n<td><\/td>\n<\/tr>\n<tr>\n<td colspan=\"3\" rowspan=\"1\">2.80<\/td>\n<td><\/td>\n<td><\/td>\n<td><\/td>\n<td><\/td>\n<td><\/td>\n<td><\/td>\n<\/tr>\n<tr>\n<td colspan=\"3\" rowspan=\"1\">2.36<\/td>\n<td><\/td>\n<td><\/td>\n<td><\/td>\n<td><\/td>\n<td><\/td>\n<td><\/td>\n<\/tr>\n<tr>\n<td colspan=\"3\" rowspan=\"1\">2.00<\/td>\n<td><\/td>\n<td><\/td>\n<td><\/td>\n<td><\/td>\n<td><\/td>\n<td><\/td>\n<\/tr>\n<tr>\n<td colspan=\"3\" rowspan=\"1\">1.70<\/td>\n<td>0<\/td>\n<td><\/td>\n<td><\/td>\n<td><\/td>\n<td><\/td>\n<td><\/td>\n<\/tr>\n<tr>\n<td colspan=\"3\" rowspan=\"1\">1.40<\/td>\n<td><\/td>\n<td>0<\/td>\n<td><\/td>\n<td><\/td>\n<td><\/td>\n<td><\/td>\n<\/tr>\n<tr>\n<td colspan=\"3\" rowspan=\"1\">1.18<\/td>\n<td>&gt;75<\/td>\n<td><\/td>\n<td>0<\/td>\n<td><\/td>\n<td><\/td>\n<td><\/td>\n<\/tr>\n<tr>\n<td colspan=\"3\" rowspan=\"1\">1.00<\/td>\n<td>&gt;85<\/td>\n<td>&gt;75<\/td>\n<td><\/td>\n<td>0<\/td>\n<td><\/td>\n<td><\/td>\n<\/tr>\n<tr>\n<td colspan=\"3\" rowspan=\"1\">0.85<\/td>\n<td><\/td>\n<td><\/td>\n<td><\/td>\n<td><\/td>\n<td><\/td>\n<td><\/td>\n<\/tr>\n<tr>\n<td colspan=\"3\" rowspan=\"1\">0.71<\/td>\n<td><\/td>\n<td>&gt;85<\/td>\n<td>&gt;70<\/td>\n<td><\/td>\n<td>0<\/td>\n<td><\/td>\n<\/tr>\n<tr>\n<td colspan=\"3\" rowspan=\"1\">0.60<\/td>\n<td><\/td>\n<td><\/td>\n<td><\/td>\n<td><\/td>\n<td><\/td>\n<td><\/td>\n<\/tr>\n<tr>\n<td colspan=\"3\" rowspan=\"1\">0.50<\/td>\n<td><\/td>\n<td><\/td>\n<td><\/td>\n<td><\/td>\n<td><\/td>\n<td><\/td>\n<\/tr>\n<tr>\n<td colspan=\"3\" rowspan=\"1\">0.43<\/td>\n<td><\/td>\n<td><\/td>\n<td>&gt;80<\/td>\n<td>&gt;70<\/td>\n<td><\/td>\n<td>0<\/td>\n<\/tr>\n<tr>\n<td colspan=\"3\" rowspan=\"1\">0.36<\/td>\n<td><\/td>\n<td><\/td>\n<td><\/td>\n<td><\/td>\n<td><\/td>\n<td><\/td>\n<\/tr>\n<tr>\n<td colspan=\"3\" rowspan=\"1\">0.30<\/td>\n<td><\/td>\n<td><\/td>\n<td><\/td>\n<td>&gt;80<\/td>\n<td>&gt;65<\/td>\n<td><\/td>\n<\/tr>\n<tr>\n<td colspan=\"3\" rowspan=\"1\">0.18<\/td>\n<td><\/td>\n<td><\/td>\n<td><\/td>\n<td><\/td>\n<td>&gt;75<\/td>\n<td>&gt;65<\/td>\n<\/tr>\n<tr>\n<td colspan=\"3\" rowspan=\"1\">0.13<\/td>\n<td><\/td>\n<td><\/td>\n<td><\/td>\n<td><\/td>\n<td><\/td>\n<td>&gt;75<\/td>\n<\/tr>\n<\/tbody>\n<\/table>\n<p><strong>Vysv\u011btlen\u00ed:<\/strong><\/p>\n<p>-\u010c\u00edslo v tabulce ud\u00e1v\u00e1 maxim\u00e1ln\u00ed nebo minim\u00e1ln\u00ed p\u0159\u00edpustn\u00e9 procento dan\u00e9ho brusiva, kter\u00e9 proch\u00e1z\u00ed uveden\u00fdm otvorem s\u00edta.<\/p>\n<p>-Zna\u010dky jako \u201e&gt;90\u201c nebo \u201e&gt;85\u201c znamenaj\u00ed, \u017ee v\u00edce ne\u017e 90 % nebo 85 % brusiva by m\u011blo b\u00fdt men\u0161\u00ed ne\u017e otvor s\u00edta.<\/p>\n","protected":false},"excerpt":{"rendered":"<ul>\n<li><strong>Druhy GP:<\/strong> GP16; GP18; GP25; GP40; GP50<\/li>\n<li><strong>\u00a0Pou\u017eit\u00ed produktu: <\/strong>Vhodn\u00fd k \u010di\u0161t\u011bn\u00ed m\u00e9n\u011b tvrd\u00fdch povrch\u016f nebo k \u0161etrn\u00e9mu o\u0161et\u0159en\u00ed, kde je t\u0159eba minimalizovat riziko po\u0161kozen\u00ed.<\/li>\n<li><strong>Balen\u00ed<\/strong>: polyetylenov\u00e9 pytle po 25 kg, balen\u00e9 v kartonu na palet\u011b o hmotnosti 1000 kg, nebo big-bagy na palet\u011b o hmotnosti 1000 kg.<\/li>\n<\/ul>\n<p><a href=\"https:\/\/ingritech.pl\/wp-content\/uploads\/2025\/01\/MATERIAL-SAFETY-DATA-SHEET-Steel-Grit-SAE-J444-2.pdf\" target=\"_blank\" rel=\"noopener\"><img loading=\"lazy\" decoding=\"async\" class=\"alignright wp-image-9409\" src=\"https:\/\/ingritech.pl\/wp-content\/uploads\/2025\/01\/PDF-150x150.png\" alt=\"St\u00e1hnout technickou dokumentaci ve form\u00e1tu PDF\" width=\"50\" height=\"50\" srcset=\"https:\/\/ingritech.pl\/wp-content\/uploads\/2025\/01\/PDF-150x150.png 150w, https:\/\/ingritech.pl\/wp-content\/uploads\/2025\/01\/PDF-300x300.png 300w, https:\/\/ingritech.pl\/wp-content\/uploads\/2025\/01\/PDF-70x70.png 70w, https:\/\/ingritech.pl\/wp-content\/uploads\/2025\/01\/PDF-100x100.png 100w, https:\/\/ingritech.pl\/wp-content\/uploads\/2025\/01\/PDF-400x400.png 400w, https:\/\/ingritech.pl\/wp-content\/uploads\/2025\/01\/PDF-110x110.png 110w, https:\/\/ingritech.pl\/wp-content\/uploads\/2025\/01\/PDF-500x500.png 500w, https:\/\/ingritech.pl\/wp-content\/uploads\/2025\/01\/PDF.png 512w, https:\/\/ingritech.pl\/wp-content\/uploads\/2025\/01\/PDF-200x200.png 200w\" sizes=\"auto, (max-width: 50px) 100vw, 50px\" \/><\/a><\/p>\n","protected":false},"featured_media":12513,"template":"","meta":[],"product_brand":[],"product_cat":[696,695],"product_tag":[697,945],"class_list":{"0":"post-12512","1":"product","2":"type-product","3":"status-publish","4":"has-post-thumbnail","6":"product_cat-kovova-brusiva","7":"product_cat-materialy-pro-piskovani-a-tryskani","8":"product_tag-brusiva","9":"product_tag-ocelova-drt","10":"pa_srut-lamany-gp-ocelovy-brusny-granulat-gp-16","11":"pa_srut-lamany-gp-ocelovy-brusny-granulat-gp-18","12":"pa_srut-lamany-gp-ocelovy-brusny-granulat-gp-40","13":"pa_srut-lamany-gp-ocelovy-brusny-granulat-gp-50","15":"first","16":"instock","17":"shipping-taxable","18":"product-type-variable"},"yoast_head":"<!-- This site is optimized with the Yoast SEO plugin v24.3 - https:\/\/yoast.com\/wordpress\/plugins\/seo\/ -->\n<title>Ostr\u00e9 hranat\u00e9 ocelov\u00e9 broky, brusivo pro trysk\u00e1n\u00ed GP 16, 18, 40, 50 (SAE J444) kup w Polsce, dostawa w Europie - INGRITECH<\/title>\n<meta name=\"description\" content=\"Kup Ostr\u00e9 hranat\u00e9 ocelov\u00e9 broky, brusivo pro trysk\u00e1n\u00ed GP 16, 18, 40, 50 (SAE J444) w Polsce \ud83d\ude9aw ca\u0142ej Europie \u2705 Dokumentacja techniczna i certyfikaty \u2705 Korzystne ceny \u2705 Gwarancja.\" \/>\n<meta name=\"robots\" content=\"index, follow, max-snippet:-1, max-image-preview:large, max-video-preview:-1\" \/>\n<link rel=\"canonical\" href=\"https:\/\/ingritech.pl\/cs\/product\/ostre-hranate-ocelove-broky-brusivo-pro-tryskani-gp-16-18-40-50-sae-j444\/\" \/>\n<meta property=\"og:locale\" content=\"cs_CZ\" \/>\n<meta property=\"og:type\" content=\"article\" \/>\n<meta property=\"og:title\" content=\"Ostr\u00e9 hranat\u00e9 ocelov\u00e9 broky, brusivo pro trysk\u00e1n\u00ed GP 16, 18, 40, 50 (SAE J444) kup w Polsce, dostawa w Europie - INGRITECH\" \/>\n<meta property=\"og:description\" content=\"Kup Ostr\u00e9 hranat\u00e9 ocelov\u00e9 broky, brusivo pro trysk\u00e1n\u00ed GP 16, 18, 40, 50 (SAE J444) w Polsce \ud83d\ude9aw ca\u0142ej Europie \u2705 Dokumentacja techniczna i certyfikaty \u2705 Korzystne ceny \u2705 Gwarancja.\" \/>\n<meta property=\"og:url\" content=\"https:\/\/ingritech.pl\/cs\/product\/ostre-hranate-ocelove-broky-brusivo-pro-tryskani-gp-16-18-40-50-sae-j444\/\" \/>\n<meta property=\"og:site_name\" content=\"INGRITECH\" \/>\n<meta property=\"article:modified_time\" content=\"2026-04-18T06:51:43+00:00\" \/>\n<meta property=\"og:image\" content=\"https:\/\/ingritech.pl\/wp-content\/uploads\/2025\/01\/Srut-staliwny-lamany-GP-16\u201350-\u2013-scierniwo-ostrokrawedziowe-SAE-J444-1.webp\" \/>\n\t<meta property=\"og:image:width\" content=\"1024\" \/>\n\t<meta property=\"og:image:height\" content=\"1024\" \/>\n\t<meta property=\"og:image:type\" content=\"image\/webp\" \/>\n<meta name=\"twitter:card\" content=\"summary_large_image\" \/>\n<meta name=\"twitter:label1\" content=\"Odhadovan\u00e1 doba \u010dten\u00ed\" \/>\n\t<meta name=\"twitter:data1\" content=\"1 minuta\" \/>\n<script type=\"application\/ld+json\" class=\"yoast-schema-graph\">{\"@context\":\"https:\/\/schema.org\",\"@graph\":[{\"@type\":\"WebPage\",\"@id\":\"https:\/\/ingritech.pl\/cs\/product\/ostre-hranate-ocelove-broky-brusivo-pro-tryskani-gp-16-18-40-50-sae-j444\/\",\"url\":\"https:\/\/ingritech.pl\/cs\/product\/ostre-hranate-ocelove-broky-brusivo-pro-tryskani-gp-16-18-40-50-sae-j444\/\",\"name\":\"Ostr\u00e9 hranat\u00e9 ocelov\u00e9 broky, brusivo pro trysk\u00e1n\u00ed GP 16, 18, 40, 50 (SAE J444) kup w Polsce, dostawa w Europie - INGRITECH\",\"isPartOf\":{\"@id\":\"https:\/\/ingritech.pl\/cs\/#website\"},\"primaryImageOfPage\":{\"@id\":\"https:\/\/ingritech.pl\/cs\/product\/ostre-hranate-ocelove-broky-brusivo-pro-tryskani-gp-16-18-40-50-sae-j444\/#primaryimage\"},\"image\":{\"@id\":\"https:\/\/ingritech.pl\/cs\/product\/ostre-hranate-ocelove-broky-brusivo-pro-tryskani-gp-16-18-40-50-sae-j444\/#primaryimage\"},\"thumbnailUrl\":\"https:\/\/ingritech.pl\/wp-content\/uploads\/2025\/01\/Srut-staliwny-lamany-GP-16\u201350-\u2013-scierniwo-ostrokrawedziowe-SAE-J444-1.webp\",\"datePublished\":\"2025-01-29T16:42:42+00:00\",\"dateModified\":\"2026-04-18T06:51:43+00:00\",\"description\":\"Kup Ostr\u00e9 hranat\u00e9 ocelov\u00e9 broky, brusivo pro trysk\u00e1n\u00ed GP 16, 18, 40, 50 (SAE J444) w Polsce \ud83d\ude9aw ca\u0142ej Europie \u2705 Dokumentacja techniczna i certyfikaty \u2705 Korzystne ceny \u2705 Gwarancja.\",\"breadcrumb\":{\"@id\":\"https:\/\/ingritech.pl\/cs\/product\/ostre-hranate-ocelove-broky-brusivo-pro-tryskani-gp-16-18-40-50-sae-j444\/#breadcrumb\"},\"inLanguage\":\"cs\",\"potentialAction\":[{\"@type\":\"ReadAction\",\"target\":[\"https:\/\/ingritech.pl\/cs\/product\/ostre-hranate-ocelove-broky-brusivo-pro-tryskani-gp-16-18-40-50-sae-j444\/\"]}]},{\"@type\":\"ImageObject\",\"inLanguage\":\"cs\",\"@id\":\"https:\/\/ingritech.pl\/cs\/product\/ostre-hranate-ocelove-broky-brusivo-pro-tryskani-gp-16-18-40-50-sae-j444\/#primaryimage\",\"url\":\"https:\/\/ingritech.pl\/wp-content\/uploads\/2025\/01\/Srut-staliwny-lamany-GP-16\u201350-\u2013-scierniwo-ostrokrawedziowe-SAE-J444-1.webp\",\"contentUrl\":\"https:\/\/ingritech.pl\/wp-content\/uploads\/2025\/01\/Srut-staliwny-lamany-GP-16\u201350-\u2013-scierniwo-ostrokrawedziowe-SAE-J444-1.webp\",\"width\":1024,\"height\":1024,\"caption\":\"L\u00e1man\u00e1 ocelov\u00e1 dr\u0165 typu GP ve zrnitosti 16, 18, 40, 50 pro intenzivn\u00ed trysk\u00e1n\u00ed a p\u0159\u00edpravu povrch\u016f v souladu s normou SAE J444\"},{\"@type\":\"BreadcrumbList\",\"@id\":\"https:\/\/ingritech.pl\/cs\/product\/ostre-hranate-ocelove-broky-brusivo-pro-tryskani-gp-16-18-40-50-sae-j444\/#breadcrumb\",\"itemListElement\":[{\"@type\":\"ListItem\",\"position\":1,\"name\":\"Strona g\u0142\u00f3wna\",\"item\":\"https:\/\/ingritech.pl\/cs\/\"},{\"@type\":\"ListItem\",\"position\":2,\"name\":\"Katalog produkt\u00f3w\",\"item\":\"https:\/\/ingritech.pl\/katalog\/\"},{\"@type\":\"ListItem\",\"position\":3,\"name\":\"Ostr\u00e9 hranat\u00e9 ocelov\u00e9 broky, brusivo pro trysk\u00e1n\u00ed GP 16, 18, 40, 50 (SAE J444)\"}]},{\"@type\":\"WebSite\",\"@id\":\"https:\/\/ingritech.pl\/cs\/#website\",\"url\":\"https:\/\/ingritech.pl\/cs\/\",\"name\":\"Ingritech\",\"description\":\"SUPPLIES AND RAW MATERIALS FOR INDUSTRY\",\"publisher\":{\"@id\":\"https:\/\/ingritech.pl\/cs\/#organization\"},\"alternateName\":\"Ingritech - SUPPLIES AND RAW MATERIALS FOR INDUSTRY\",\"potentialAction\":[{\"@type\":\"SearchAction\",\"target\":{\"@type\":\"EntryPoint\",\"urlTemplate\":\"https:\/\/ingritech.pl\/cs\/?s={search_term_string}\"},\"query-input\":{\"@type\":\"PropertyValueSpecification\",\"valueRequired\":true,\"valueName\":\"search_term_string\"}}],\"inLanguage\":\"cs\"},{\"@type\":\"Organization\",\"@id\":\"https:\/\/ingritech.pl\/cs\/#organization\",\"name\":\"Ingritech\",\"alternateName\":\"Ingritech - sklep z materia\u0142ami eksploatacyjnymi i surowcami dla przemys\u0142u\",\"url\":\"https:\/\/ingritech.pl\/cs\/\",\"logo\":{\"@type\":\"ImageObject\",\"inLanguage\":\"cs\",\"@id\":\"https:\/\/ingritech.pl\/cs\/#\/schema\/logo\/image\/\",\"url\":\"https:\/\/ingritech.pl\/wp-content\/uploads\/2025\/01\/ingretech-logo.webp\",\"contentUrl\":\"https:\/\/ingritech.pl\/wp-content\/uploads\/2025\/01\/ingretech-logo.webp\",\"width\":1280,\"height\":182,\"caption\":\"Ingritech\"},\"image\":{\"@id\":\"https:\/\/ingritech.pl\/cs\/#\/schema\/logo\/image\/\"},\"sameAs\":[\"https:\/\/wa.me\/+48453077323\"]}]}<\/script>\n<!-- \/ Yoast SEO plugin. -->","yoast_head_json":{"title":"Ostr\u00e9 hranat\u00e9 ocelov\u00e9 broky, brusivo pro trysk\u00e1n\u00ed GP 16, 18, 40, 50 (SAE J444) kup w Polsce, dostawa w Europie - INGRITECH","description":"Kup Ostr\u00e9 hranat\u00e9 ocelov\u00e9 broky, brusivo pro trysk\u00e1n\u00ed GP 16, 18, 40, 50 (SAE J444) w Polsce \ud83d\ude9aw ca\u0142ej Europie \u2705 Dokumentacja techniczna i certyfikaty \u2705 Korzystne ceny \u2705 Gwarancja.","robots":{"index":"index","follow":"follow","max-snippet":"max-snippet:-1","max-image-preview":"max-image-preview:large","max-video-preview":"max-video-preview:-1"},"canonical":"https:\/\/ingritech.pl\/cs\/product\/ostre-hranate-ocelove-broky-brusivo-pro-tryskani-gp-16-18-40-50-sae-j444\/","og_locale":"cs_CZ","og_type":"article","og_title":"Ostr\u00e9 hranat\u00e9 ocelov\u00e9 broky, brusivo pro trysk\u00e1n\u00ed GP 16, 18, 40, 50 (SAE J444) kup w Polsce, dostawa w Europie - INGRITECH","og_description":"Kup Ostr\u00e9 hranat\u00e9 ocelov\u00e9 broky, brusivo pro trysk\u00e1n\u00ed GP 16, 18, 40, 50 (SAE J444) w Polsce \ud83d\ude9aw ca\u0142ej Europie \u2705 Dokumentacja techniczna i certyfikaty \u2705 Korzystne ceny \u2705 Gwarancja.","og_url":"https:\/\/ingritech.pl\/cs\/product\/ostre-hranate-ocelove-broky-brusivo-pro-tryskani-gp-16-18-40-50-sae-j444\/","og_site_name":"INGRITECH","article_modified_time":"2026-04-18T06:51:43+00:00","og_image":[{"width":1024,"height":1024,"url":"https:\/\/ingritech.pl\/wp-content\/uploads\/2025\/01\/Srut-staliwny-lamany-GP-16\u201350-\u2013-scierniwo-ostrokrawedziowe-SAE-J444-1.webp","type":"image\/webp"}],"twitter_card":"summary_large_image","twitter_misc":{"Odhadovan\u00e1 doba \u010dten\u00ed":"1 minuta"},"schema":{"@context":"https:\/\/schema.org","@graph":[{"@type":"WebPage","@id":"https:\/\/ingritech.pl\/cs\/product\/ostre-hranate-ocelove-broky-brusivo-pro-tryskani-gp-16-18-40-50-sae-j444\/","url":"https:\/\/ingritech.pl\/cs\/product\/ostre-hranate-ocelove-broky-brusivo-pro-tryskani-gp-16-18-40-50-sae-j444\/","name":"Ostr\u00e9 hranat\u00e9 ocelov\u00e9 broky, brusivo pro trysk\u00e1n\u00ed GP 16, 18, 40, 50 (SAE J444) kup w Polsce, dostawa w Europie - INGRITECH","isPartOf":{"@id":"https:\/\/ingritech.pl\/cs\/#website"},"primaryImageOfPage":{"@id":"https:\/\/ingritech.pl\/cs\/product\/ostre-hranate-ocelove-broky-brusivo-pro-tryskani-gp-16-18-40-50-sae-j444\/#primaryimage"},"image":{"@id":"https:\/\/ingritech.pl\/cs\/product\/ostre-hranate-ocelove-broky-brusivo-pro-tryskani-gp-16-18-40-50-sae-j444\/#primaryimage"},"thumbnailUrl":"https:\/\/ingritech.pl\/wp-content\/uploads\/2025\/01\/Srut-staliwny-lamany-GP-16\u201350-\u2013-scierniwo-ostrokrawedziowe-SAE-J444-1.webp","datePublished":"2025-01-29T16:42:42+00:00","dateModified":"2026-04-18T06:51:43+00:00","description":"Kup Ostr\u00e9 hranat\u00e9 ocelov\u00e9 broky, brusivo pro trysk\u00e1n\u00ed GP 16, 18, 40, 50 (SAE J444) w Polsce \ud83d\ude9aw ca\u0142ej Europie \u2705 Dokumentacja techniczna i certyfikaty \u2705 Korzystne ceny \u2705 Gwarancja.","breadcrumb":{"@id":"https:\/\/ingritech.pl\/cs\/product\/ostre-hranate-ocelove-broky-brusivo-pro-tryskani-gp-16-18-40-50-sae-j444\/#breadcrumb"},"inLanguage":"cs","potentialAction":[{"@type":"ReadAction","target":["https:\/\/ingritech.pl\/cs\/product\/ostre-hranate-ocelove-broky-brusivo-pro-tryskani-gp-16-18-40-50-sae-j444\/"]}]},{"@type":"ImageObject","inLanguage":"cs","@id":"https:\/\/ingritech.pl\/cs\/product\/ostre-hranate-ocelove-broky-brusivo-pro-tryskani-gp-16-18-40-50-sae-j444\/#primaryimage","url":"https:\/\/ingritech.pl\/wp-content\/uploads\/2025\/01\/Srut-staliwny-lamany-GP-16\u201350-\u2013-scierniwo-ostrokrawedziowe-SAE-J444-1.webp","contentUrl":"https:\/\/ingritech.pl\/wp-content\/uploads\/2025\/01\/Srut-staliwny-lamany-GP-16\u201350-\u2013-scierniwo-ostrokrawedziowe-SAE-J444-1.webp","width":1024,"height":1024,"caption":"L\u00e1man\u00e1 ocelov\u00e1 dr\u0165 typu GP ve zrnitosti 16, 18, 40, 50 pro intenzivn\u00ed trysk\u00e1n\u00ed a p\u0159\u00edpravu povrch\u016f v souladu s normou SAE J444"},{"@type":"BreadcrumbList","@id":"https:\/\/ingritech.pl\/cs\/product\/ostre-hranate-ocelove-broky-brusivo-pro-tryskani-gp-16-18-40-50-sae-j444\/#breadcrumb","itemListElement":[{"@type":"ListItem","position":1,"name":"Strona g\u0142\u00f3wna","item":"https:\/\/ingritech.pl\/cs\/"},{"@type":"ListItem","position":2,"name":"Katalog produkt\u00f3w","item":"https:\/\/ingritech.pl\/katalog\/"},{"@type":"ListItem","position":3,"name":"Ostr\u00e9 hranat\u00e9 ocelov\u00e9 broky, brusivo pro trysk\u00e1n\u00ed GP 16, 18, 40, 50 (SAE J444)"}]},{"@type":"WebSite","@id":"https:\/\/ingritech.pl\/cs\/#website","url":"https:\/\/ingritech.pl\/cs\/","name":"Ingritech","description":"SUPPLIES AND RAW MATERIALS FOR INDUSTRY","publisher":{"@id":"https:\/\/ingritech.pl\/cs\/#organization"},"alternateName":"Ingritech - SUPPLIES AND RAW MATERIALS FOR INDUSTRY","potentialAction":[{"@type":"SearchAction","target":{"@type":"EntryPoint","urlTemplate":"https:\/\/ingritech.pl\/cs\/?s={search_term_string}"},"query-input":{"@type":"PropertyValueSpecification","valueRequired":true,"valueName":"search_term_string"}}],"inLanguage":"cs"},{"@type":"Organization","@id":"https:\/\/ingritech.pl\/cs\/#organization","name":"Ingritech","alternateName":"Ingritech - sklep z materia\u0142ami eksploatacyjnymi i surowcami dla przemys\u0142u","url":"https:\/\/ingritech.pl\/cs\/","logo":{"@type":"ImageObject","inLanguage":"cs","@id":"https:\/\/ingritech.pl\/cs\/#\/schema\/logo\/image\/","url":"https:\/\/ingritech.pl\/wp-content\/uploads\/2025\/01\/ingretech-logo.webp","contentUrl":"https:\/\/ingritech.pl\/wp-content\/uploads\/2025\/01\/ingretech-logo.webp","width":1280,"height":182,"caption":"Ingritech"},"image":{"@id":"https:\/\/ingritech.pl\/cs\/#\/schema\/logo\/image\/"},"sameAs":["https:\/\/wa.me\/+48453077323"]}]}},"_links":{"self":[{"href":"https:\/\/ingritech.pl\/cs\/wp-json\/wp\/v2\/product\/12512","targetHints":{"allow":["GET"]}}],"collection":[{"href":"https:\/\/ingritech.pl\/cs\/wp-json\/wp\/v2\/product"}],"about":[{"href":"https:\/\/ingritech.pl\/cs\/wp-json\/wp\/v2\/types\/product"}],"wp:featuredmedia":[{"embeddable":true,"href":"https:\/\/ingritech.pl\/cs\/wp-json\/wp\/v2\/media\/12513"}],"wp:attachment":[{"href":"https:\/\/ingritech.pl\/cs\/wp-json\/wp\/v2\/media?parent=12512"}],"wp:term":[{"taxonomy":"product_brand","embeddable":true,"href":"https:\/\/ingritech.pl\/cs\/wp-json\/wp\/v2\/product_brand?post=12512"},{"taxonomy":"product_cat","embeddable":true,"href":"https:\/\/ingritech.pl\/cs\/wp-json\/wp\/v2\/product_cat?post=12512"},{"taxonomy":"product_tag","embeddable":true,"href":"https:\/\/ingritech.pl\/cs\/wp-json\/wp\/v2\/product_tag?post=12512"}],"curies":[{"name":"wp","href":"https:\/\/api.w.org\/{rel}","templated":true}]}}