{"id":12606,"date":"2021-07-16T12:52:14","date_gmt":"2021-07-16T10:52:14","guid":{"rendered":"https:\/\/ingritech.pl\/product\/kulova-ocelova-drt-s110-s1100-sae-j444\/"},"modified":"2026-04-19T12:13:39","modified_gmt":"2026-04-19T10:13:39","slug":"kulova-ocelova-drt-s110-s1100-sae-j444","status":"publish","type":"product","link":"https:\/\/ingritech.pl\/cs\/product\/kulova-ocelova-drt-s110-s1100-sae-j444\/","title":{"rendered":"Kulov\u00e1 ocelov\u00e1 dr\u0165 S110\u2013S1100 (SAE J444)"},"content":{"rendered":"<section id=\"product-details\" aria-labelledby=\"details-title\">\n<header>\n<h3 id=\"details-title\">Popis produktu a oblast pou\u017eit\u00ed<\/h3>\n<p>Kuli\u010dky z litiny S110\u2013S1100, spl\u0148uj\u00edc\u00ed normu <strong>SAE J444<\/strong>, jsou vysoce kvalitn\u00ed brusivo pro opakovan\u00e9 pou\u017eit\u00ed, kter\u00e9 nach\u00e1z\u00ed \u0161irok\u00e9 uplatn\u011bn\u00ed v procesech trysk\u00e1n\u00ed.<br \/>\nTento produkt p\u0159edev\u0161\u00edm zaji\u0161\u0165uje konzistentn\u00ed dosa\u017een\u00ed po\u017eadovan\u00e9 \u010distoty a drsnosti povrchu oceli, litiny a dal\u0161\u00edch kovov\u00fdch slitin, \u010d\u00edm\u017e v\u00fdrazn\u011b zlep\u0161uje p\u0159ilnavost n\u00e1t\u011brov\u00fdch syst\u00e9m\u016f a pr\u00e1\u0161kov\u00fdch povlak\u016f. Nav\u00edc v odl\u00e9vac\u00edch procesech \u00fa\u010dinn\u011b odstra\u0148uje vady, okuje a zbytky formovac\u00edho p\u00edsku, a v d\u016fsledku toho tak\u00e9 zvy\u0161uje \u00fanavovou \u017eivotnost d\u00edl\u016f.<\/p>\n<div style=\"display: flex; flex-wrap: wrap; align-items: flex-start; gap: 20px; margin: 20px 0;\">\n<div style=\"flex: 1 1 60%;\">\n<h3><strong>Vlastnosti<\/strong><\/h3>\n<p><strong>\u2611\ufe0fTvrdost:<\/strong>40\u201351 HRC (\u2248 390\u2013530 HV).<\/p>\n<p>Krom\u011b toho je tento produkt z hlediska struktury vyroben z <strong data-start=\"925\" data-end=\"954\">litiny s kulovitou strukturou<\/strong>, co\u017e v\u00fdrazn\u011b sni\u017euje jeho n\u00e1chylnost k drcen\u00ed. D\u00edky tomu se tento brok vyzna\u010duje ekonomickou \u00faspornost\u00ed p\u0159i pou\u017e\u00edv\u00e1n\u00ed.<\/p>\n<p>K dispozici jsou balen\u00ed <strong data-start=\"1199\" data-end=\"1214\">25kg pytle<\/strong>, kter\u00e9 se standardn\u011b bal\u00ed do karton\u016f a ukl\u00e1daj\u00ed na paletu o celkov\u00e9 hmotnosti 1000 kg, a tak\u00e9 <strong data-start=\"1313\" data-end=\"1333\">big-bagy o hmotnosti 1000 kg<\/strong>, kter\u00e9 se umis\u0165uj\u00ed na paletu.<\/p>\n<p>Podrobnou <a href=\"https:\/\/ingritech.pl\/10774\/\">nab\u00eddku a technickou specifikaci brusiv Ingritech<\/a> najdete na na\u0161ich webov\u00fdch str\u00e1nk\u00e1ch.<\/p>\n<\/div>\n<figure style=\"flex: 1 1 35%; margin: 0;\"><img loading=\"lazy\" decoding=\"async\" style=\"max-width: 100%; height: auto; border: 1px solid #ccc; border-radius: 4px;\" src=\"https:\/\/ingritech.pl\/wp-content\/uploads\/2025\/09\/IMG_19182-scaled.jpg\" width=\"400\" height=\"300\" \/><figcaption style=\"font-size: 0.9em; color: #555; margin-top: 8px;\">Kulov\u00e1 ocelov\u00e1 dr\u0165.<\/figcaption><\/figure>\n<\/div>\n<h3 data-start=\"282\" data-end=\"335\">Kulov\u00e1 ocelov\u00e1 dr\u0165 S110\u2013S1100 \u2013 Technick\u00e9 parametry<\/h3>\n<p data-start=\"337\" data-end=\"695\">Vyzna\u010duje se <strong>tvrdost\u00ed<\/strong> na \u00farovni p\u0159ibli\u017en\u011b <strong data-start=\"405\" data-end=\"433\">40\u201351 HRC (\u2248 390\u2013530 HV). <\/strong>D\u00edky tomu tento materi\u00e1l zaji\u0161\u0165uje odpov\u00eddaj\u00edc\u00ed \u00fa\u010dinnost obr\u00e1b\u011bn\u00ed a z\u00e1rove\u0148 si zachov\u00e1v\u00e1 svou \u017eivotnost i p\u0159i opakovan\u00e9m pou\u017eit\u00ed.<\/p>\n<p><strong> Chemick\u00e9 slo\u017een\u00ed <\/strong> podle normy SAE J827:<\/p>\n<table dir=\"ltr\" style=\"height: 55px;\" border=\"1\" width=\"889\" cellspacing=\"0\" cellpadding=\"0\" data-sheets-root=\"1\" data-sheets-baot=\"1\">\n<colgroup>\n<col width=\"35\" \/>\n<col width=\"35\" \/>\n<col width=\"35\" \/>\n<col width=\"35\" \/>\n<col width=\"42\" \/>\n<col width=\"35\" \/>\n<col width=\"35\" \/>\n<col width=\"35\" \/>\n<col width=\"35\" \/>\n<col width=\"35\" \/>\n<col width=\"35\" \/>\n<col width=\"35\" \/>\n<col width=\"35\" \/>\n<col width=\"35\" \/>\n<col width=\"35\" \/>\n<col width=\"35\" \/>\n<col width=\"35\" \/>\n<col width=\"35\" \/><\/colgroup>\n<tbody>\n<tr>\n<td style=\"text-align: center;\" colspan=\"3\" rowspan=\"1\">Fe, %<\/td>\n<td colspan=\"3\" rowspan=\"1\">C, %<\/td>\n<td colspan=\"3\" rowspan=\"1\">Mn, %<\/td>\n<td colspan=\"3\" rowspan=\"1\">Si, %<\/td>\n<td colspan=\"3\" rowspan=\"1\">S, %<\/td>\n<td colspan=\"3\" rowspan=\"1\">P, %<\/td>\n<\/tr>\n<tr>\n<td style=\"text-align: center;\" colspan=\"3\" rowspan=\"1\">96,5-98,0<\/td>\n<td style=\"text-align: center;\" colspan=\"3\" rowspan=\"1\">0,8-1,2<\/td>\n<td style=\"text-align: center;\" colspan=\"3\" rowspan=\"1\">0,6-1,2<\/td>\n<td style=\"text-align: center;\" colspan=\"3\" rowspan=\"1\">0,5-1,0<\/td>\n<td style=\"text-align: center;\" colspan=\"3\" rowspan=\"1\">\u2264 0.05<\/td>\n<td style=\"text-align: center;\" colspan=\"3\" rowspan=\"1\">\u2264 0.05<\/td>\n<\/tr>\n<\/tbody>\n<\/table>\n<figure style=\"text-align: center; margin: 20px 0;\"><img loading=\"lazy\" decoding=\"async\" class=\"img:hover { transform: scale(1.02); transition: transform 0.3s ease; }\" style=\"border: 2px solid #e0e0e0; border-radius: 12px; box-shadow: 0 4px 12px rgba(0,0,0,0.15); max-width: 100%; height: auto;\" title=\"Porovn\u00e1n\u00ed n\u011bkolika frakc\u00ed ocelov\u00fdch brok\u016f\" src=\"https:\/\/ingritech.pl\/wp-content\/uploads\/2025\/09\/IMG_2530-1.jpg\" width=\"800\" height=\"400\" \/><\/figure>\n<\/header>\n<p><!-- 4\ufe0f\u20e3 Tabulky: frakce a parametry --><\/p>\n<section>\n<article>\n<h3>Frakce S a orienta\u010dn\u00ed rozsahy zrnitosti (podle SAE J444)<\/h3>\n<p>N\u00ed\u017ee uveden\u00e9 rozsahy jsou pouze orienta\u010dn\u00ed a vych\u00e1zej\u00ed z normy pro zrnitost SAE J444. V\u00fdb\u011br frakce v\u0161ak z\u00e1vis\u00ed na typu povrchu, po\u017eadovan\u00e9 drsnosti a pou\u017eit\u00e9 technologii.<\/p>\n<figure style=\"text-align: center; margin: 20px 0;\"><\/figure>\n<div class=\"table-container\">\n<table class=\"product-table\" aria-label=\"Frakce a rozm\u011brov\u00e9 rozsahy kulov\u00fdch ocelov\u00fdch brok\u016f\">\n<thead>\n<tr>\n<th>Frakce<\/th>\n<th>Rozsah zrn [mm]<\/th>\n<th>Typick\u00e9 pou\u017eit\u00ed<\/th>\n<\/tr>\n<\/thead>\n<tbody>\n<tr>\n<td>S110<\/td>\n<td>0,18 \u2013 0,30<\/td>\n<td>\u0160etrn\u00e9 \u010di\u0161t\u011bn\u00ed d\u00edl\u016f a p\u0159\u00edprava pro tenk\u00e9 povlaky, mikrokavita\u010dn\u00ed \u010di\u0161t\u011bn\u00ed.<\/td>\n<\/tr>\n<tr>\n<td>S170<\/td>\n<td>0,36 \u2013 0,43<\/td>\n<td>\u010ci\u0161t\u011bn\u00ed d\u00edl\u016f se slo\u017eit\u00fdm tvarem, p\u0159\u00edprava pro pr\u00e1\u0161kov\u00e9 lakov\u00e1n\u00ed.<\/td>\n<\/tr>\n<tr>\n<td>S230<\/td>\n<td>0,50 \u2013 0,60<\/td>\n<td>Univerz\u00e1ln\u00ed \u010di\u0161t\u011bn\u00ed konstrukc\u00ed a odlitk\u016f, odstra\u0148ov\u00e1n\u00ed ot\u0159ep\u016f.<\/td>\n<\/tr>\n<tr>\n<td>S280<\/td>\n<td>0,60 \u2013 0,71<\/td>\n<td>Odstran\u011bn\u00ed okuj\u00ed, p\u0159\u00edprava povrchu se st\u0159edn\u00ed drsnost\u00ed.<\/td>\n<\/tr>\n<tr>\n<td>S330<\/td>\n<td>0,71 \u2013 0,85<\/td>\n<td>\u010ci\u0161t\u011bn\u00ed profil\u016f a plech\u016f, siln\u011bj\u0161\u00ed matov\u00e1n\u00ed pro t\u011b\u017ek\u00e9 syst\u00e9my.<\/td>\n<\/tr>\n<tr>\n<td>S390<\/td>\n<td>0,85 \u2013 1,00<\/td>\n<td>D\u016fkladn\u00e9 \u010di\u0161t\u011bn\u00ed odlitk\u016f, ocelov\u00fdch konstrukc\u00ed; betonov\u00fdch podlah.<\/td>\n<\/tr>\n<tr>\n<td>S460<\/td>\n<td>1,00 \u2013 1,18<\/td>\n<td>Odstra\u0148ov\u00e1n\u00ed siln\u00fdch n\u00e1nos\u016f a okuj\u00ed; p\u0159\u00edprava pro pokovov\u00e1n\u00ed.<\/td>\n<\/tr>\n<tr>\n<td>S550<\/td>\n<td>1,18 \u2013 1,40<\/td>\n<td>N\u00e1ro\u010dn\u00e9 \u010di\u0161t\u011bn\u00ed a opracov\u00e1n\u00ed velk\u00fdch odlitk\u016f.<\/td>\n<\/tr>\n<tr>\n<td>S660<\/td>\n<td>1,40 \u2013 1,70<\/td>\n<td>Intenzivn\u00ed trysk\u00e1n\u00ed velkorozm\u011brn\u00fdch d\u00edl\u016f.<\/td>\n<\/tr>\n<tr>\n<td>S780<\/td>\n<td>1,70 \u2013 2,00<\/td>\n<td>\u010ci\u0161t\u011bn\u00ed\/texturov\u00e1n\u00ed povrch\u016f s vysokou odolnost\u00ed.<\/td>\n<\/tr>\n<tr>\n<td>S930<\/td>\n<td>2,00 \u2013 2,36<\/td>\n<td>Speci\u00e1ln\u00ed \u00fakoly; vysok\u00e1 kinetick\u00e1 energie, siln\u00e9 pl\u00e1\u0161t\u011b.<\/td>\n<\/tr>\n<tr>\n<td>S1110<\/td>\n<td>2,36 \u2013 2,80<\/td>\n<td>N\u00e1ro\u010dn\u00e9 aplikace, obr\u00e1b\u011bn\u00ed velmi velk\u00fdch obrobk\u016f.<\/td>\n<\/tr>\n<\/tbody>\n<\/table>\n<\/div>\n<p>&nbsp;<\/p>\n<\/article>\n<\/section>\n<p><!-- Porovn\u00e1n\u00ed typ\u016f m\u00e9di\u00ed \/ k\u0159\u00ed\u017eov\u00fd prodej --><\/p>\n<article>\n<p class=\"note\">\n<\/article>\n<article>\n<p data-start=\"1170\" data-end=\"1474\">\n<\/article>\n<p><!-- Logistika a dokumentace --><\/p>\n<article><\/article>\n<p><!-- \u010casto kladen\u00e9 ot\u00e1zky (SEO \u2013 LSI fr\u00e1ze v ot\u00e1zk\u00e1ch) --><\/p>\n<article><\/article>\n<\/section>\n<p>&nbsp;<\/p>\n","protected":false},"excerpt":{"rendered":"<ul>\n<li><strong>Typy S:<\/strong> S1110, S930, S780, S660, S550, S460, S390, S330, S280, S230, S170, S110<\/li>\n<li><strong>\u00a0Pou\u017eit\u00ed produktu: <\/strong>Odstra\u0148ov\u00e1n\u00ed rzi, okuj\u00ed a n\u00e1t\u011br\u016f. Zv\u00fd\u0161en\u00ed trvanlivosti kovu. Odstra\u0148ov\u00e1n\u00ed vad a zbytk\u016f p\u00edsku z odlitk\u016f. Zlep\u0161en\u00ed p\u0159ilnavosti n\u00e1t\u011br\u016f.<\/li>\n<li><strong>Balen\u00ed<\/strong>: polyetylenov\u00e9 pytle po 25 kg, balen\u00e9 v kartonu na palet\u011b o hmotnosti 1000 kg, nebo big-bagy na palet\u011b o hmotnosti 1000 kg.<\/li>\n<\/ul>\n<p><a href=\"https:\/\/ingritech.pl\/wp-content\/uploads\/2025\/01\/MATERIAL-SAFETY-DATA-SHEET-Steel-Shot-SAE-J444-1.pdf\" target=\"_blank\" rel=\"noopener\"><img loading=\"lazy\" decoding=\"async\" class=\"alignright wp-image-9409\" src=\"https:\/\/ingritech.pl\/wp-content\/uploads\/2025\/01\/PDF-300x300.png\" alt=\"St\u00e1hnout technickou dokumentaci ve form\u00e1tu PDF\" width=\"50\" height=\"50\" srcset=\"https:\/\/ingritech.pl\/wp-content\/uploads\/2025\/01\/PDF-300x300.png 300w, https:\/\/ingritech.pl\/wp-content\/uploads\/2025\/01\/PDF-150x150.png 150w, https:\/\/ingritech.pl\/wp-content\/uploads\/2025\/01\/PDF-70x70.png 70w, https:\/\/ingritech.pl\/wp-content\/uploads\/2025\/01\/PDF-100x100.png 100w, https:\/\/ingritech.pl\/wp-content\/uploads\/2025\/01\/PDF-400x400.png 400w, https:\/\/ingritech.pl\/wp-content\/uploads\/2025\/01\/PDF-110x110.png 110w, https:\/\/ingritech.pl\/wp-content\/uploads\/2025\/01\/PDF-500x500.png 500w, https:\/\/ingritech.pl\/wp-content\/uploads\/2025\/01\/PDF.png 512w, https:\/\/ingritech.pl\/wp-content\/uploads\/2025\/01\/PDF-200x200.png 200w\" sizes=\"auto, (max-width: 50px) 100vw, 50px\" \/><\/a><\/p>\n<p>&nbsp;<\/p>\n","protected":false},"featured_media":12486,"template":"","meta":[],"product_brand":[370],"product_cat":[696,695],"product_tag":[697,945],"class_list":{"0":"post-12606","1":"product","2":"type-product","3":"status-publish","4":"has-post-thumbnail","6":"product_brand-se-steel-works-tas","7":"product_cat-kovova-brusiva","8":"product_cat-materialy-pro-piskovani-a-tryskani","9":"product_tag-brusiva","10":"product_tag-ocelova-drt","11":"pa_s-110-1000-s110-cs","12":"pa_s-110-1000-s170-cs","13":"pa_s-110-1000-s230-cs","14":"pa_s-110-1000-s280-cs","15":"pa_s-110-1000-s330-cs","16":"pa_s-110-1000-s390-cs","17":"pa_s-110-1000-s460-cs","18":"pa_s-110-1000-s550-cs","19":"pa_s-110-1000-s660-cs","20":"pa_s-110-1000-s780-cs","21":"pa_s-110-1000-s930-cs","22":"pa_s-110-1000-s991110-cs","24":"first","25":"instock","26":"shipping-taxable","27":"product-type-variable"},"yoast_head":"<!-- This site is optimized with the Yoast SEO plugin v24.3 - https:\/\/yoast.com\/wordpress\/plugins\/seo\/ -->\n<title>Kulov\u00e1 ocelov\u00e1 dr\u0165 S110\u2013S1100 (SAE J444) koupit v Polsku<\/title>\n<meta name=\"description\" content=\"Kupte si kulovou litinovou dr\u0165 S110\u2013S1100 v Polsku i v cel\u00e9 Evrop\u011b. Technick\u00e1 dokumentace a certifik\u00e1ty, v\u00fdhodn\u00e9 ceny, z\u00e1ruka ...\" \/>\n<meta name=\"robots\" content=\"index, follow, max-snippet:-1, max-image-preview:large, max-video-preview:-1\" \/>\n<link rel=\"canonical\" href=\"https:\/\/ingritech.pl\/cs\/product\/kulova-ocelova-drt-s110-s1100-sae-j444\/\" \/>\n<meta property=\"og:locale\" content=\"cs_CZ\" \/>\n<meta property=\"og:type\" content=\"article\" \/>\n<meta property=\"og:title\" content=\"Kulov\u00e1 ocelov\u00e1 dr\u0165 S110\u2013S1100 (SAE J444) koupit v Polsku\" \/>\n<meta property=\"og:description\" content=\"Kupte si kulovou litinovou dr\u0165 S110\u2013S1100 v Polsku i v cel\u00e9 Evrop\u011b. Technick\u00e1 dokumentace a certifik\u00e1ty, v\u00fdhodn\u00e9 ceny, z\u00e1ruka ...\" \/>\n<meta property=\"og:url\" content=\"https:\/\/ingritech.pl\/cs\/product\/kulova-ocelova-drt-s110-s1100-sae-j444\/\" \/>\n<meta property=\"og:site_name\" content=\"INGRITECH\" \/>\n<meta property=\"article:modified_time\" content=\"2026-04-19T10:13:39+00:00\" \/>\n<meta property=\"og:image\" content=\"https:\/\/ingritech.pl\/wp-content\/uploads\/2025\/01\/Srut-staliwny-niskoweglowy-kulisty-S110-\u2013-S1100-SAE-J444.jpeg\" \/>\n\t<meta property=\"og:image:width\" content=\"1024\" \/>\n\t<meta property=\"og:image:height\" content=\"1024\" \/>\n\t<meta property=\"og:image:type\" content=\"image\/jpeg\" \/>\n<meta name=\"twitter:card\" content=\"summary_large_image\" \/>\n<meta name=\"twitter:label1\" content=\"Odhadovan\u00e1 doba \u010dten\u00ed\" \/>\n\t<meta name=\"twitter:data1\" content=\"2 minuty\" \/>\n<script type=\"application\/ld+json\" class=\"yoast-schema-graph\">{\"@context\":\"https:\/\/schema.org\",\"@graph\":[{\"@type\":\"WebPage\",\"@id\":\"https:\/\/ingritech.pl\/cs\/product\/kulova-ocelova-drt-s110-s1100-sae-j444\/\",\"url\":\"https:\/\/ingritech.pl\/cs\/product\/kulova-ocelova-drt-s110-s1100-sae-j444\/\",\"name\":\"Kulov\u00e1 ocelov\u00e1 dr\u0165 S110\u2013S1100 (SAE J444) koupit v Polsku\",\"isPartOf\":{\"@id\":\"https:\/\/ingritech.pl\/cs\/#website\"},\"primaryImageOfPage\":{\"@id\":\"https:\/\/ingritech.pl\/cs\/product\/kulova-ocelova-drt-s110-s1100-sae-j444\/#primaryimage\"},\"image\":{\"@id\":\"https:\/\/ingritech.pl\/cs\/product\/kulova-ocelova-drt-s110-s1100-sae-j444\/#primaryimage\"},\"thumbnailUrl\":\"https:\/\/ingritech.pl\/wp-content\/uploads\/2025\/01\/Srut-staliwny-niskoweglowy-kulisty-S110-\u2013-S1100-SAE-J444.jpeg\",\"datePublished\":\"2021-07-16T10:52:14+00:00\",\"dateModified\":\"2026-04-19T10:13:39+00:00\",\"description\":\"Kupte si kulovou litinovou dr\u0165 S110\u2013S1100 v Polsku i v cel\u00e9 Evrop\u011b. Technick\u00e1 dokumentace a certifik\u00e1ty, v\u00fdhodn\u00e9 ceny, z\u00e1ruka ...\",\"breadcrumb\":{\"@id\":\"https:\/\/ingritech.pl\/cs\/product\/kulova-ocelova-drt-s110-s1100-sae-j444\/#breadcrumb\"},\"inLanguage\":\"cs\",\"potentialAction\":[{\"@type\":\"ReadAction\",\"target\":[\"https:\/\/ingritech.pl\/cs\/product\/kulova-ocelova-drt-s110-s1100-sae-j444\/\"]}]},{\"@type\":\"ImageObject\",\"inLanguage\":\"cs\",\"@id\":\"https:\/\/ingritech.pl\/cs\/product\/kulova-ocelova-drt-s110-s1100-sae-j444\/#primaryimage\",\"url\":\"https:\/\/ingritech.pl\/wp-content\/uploads\/2025\/01\/Srut-staliwny-niskoweglowy-kulisty-S110-\u2013-S1100-SAE-J444.jpeg\",\"contentUrl\":\"https:\/\/ingritech.pl\/wp-content\/uploads\/2025\/01\/Srut-staliwny-niskoweglowy-kulisty-S110-\u2013-S1100-SAE-J444.jpeg\",\"width\":1024,\"height\":1024,\"caption\":\"Na fotografii je zn\u00e1zorn\u011bna kulov\u00e1 ocelov\u00e1 dr\u0165 v rozm\u011brech S110 \u2013 S1100, kter\u00e1 spl\u0148uje normu SAE J444 a je ide\u00e1ln\u00ed pro pr\u016fmyslov\u00e9 trysk\u00e1n\u00ed a povrchovou \u00fapravu.\"},{\"@type\":\"BreadcrumbList\",\"@id\":\"https:\/\/ingritech.pl\/cs\/product\/kulova-ocelova-drt-s110-s1100-sae-j444\/#breadcrumb\",\"itemListElement\":[{\"@type\":\"ListItem\",\"position\":1,\"name\":\"Strona g\u0142\u00f3wna\",\"item\":\"https:\/\/ingritech.pl\/cs\/\"},{\"@type\":\"ListItem\",\"position\":2,\"name\":\"Katalog produkt\u00f3w\",\"item\":\"https:\/\/ingritech.pl\/katalog\/\"},{\"@type\":\"ListItem\",\"position\":3,\"name\":\"Kulov\u00e1 ocelov\u00e1 dr\u0165 S110\u2013S1100 (SAE J444)\"}]},{\"@type\":\"WebSite\",\"@id\":\"https:\/\/ingritech.pl\/cs\/#website\",\"url\":\"https:\/\/ingritech.pl\/cs\/\",\"name\":\"Ingritech\",\"description\":\"SUPPLIES AND RAW MATERIALS FOR INDUSTRY\",\"publisher\":{\"@id\":\"https:\/\/ingritech.pl\/cs\/#organization\"},\"alternateName\":\"Ingritech - SUPPLIES AND RAW MATERIALS FOR INDUSTRY\",\"potentialAction\":[{\"@type\":\"SearchAction\",\"target\":{\"@type\":\"EntryPoint\",\"urlTemplate\":\"https:\/\/ingritech.pl\/cs\/?s={search_term_string}\"},\"query-input\":{\"@type\":\"PropertyValueSpecification\",\"valueRequired\":true,\"valueName\":\"search_term_string\"}}],\"inLanguage\":\"cs\"},{\"@type\":\"Organization\",\"@id\":\"https:\/\/ingritech.pl\/cs\/#organization\",\"name\":\"Ingritech\",\"alternateName\":\"Ingritech - sklep z materia\u0142ami eksploatacyjnymi i surowcami dla przemys\u0142u\",\"url\":\"https:\/\/ingritech.pl\/cs\/\",\"logo\":{\"@type\":\"ImageObject\",\"inLanguage\":\"cs\",\"@id\":\"https:\/\/ingritech.pl\/cs\/#\/schema\/logo\/image\/\",\"url\":\"https:\/\/ingritech.pl\/wp-content\/uploads\/2025\/01\/ingretech-logo.webp\",\"contentUrl\":\"https:\/\/ingritech.pl\/wp-content\/uploads\/2025\/01\/ingretech-logo.webp\",\"width\":1280,\"height\":182,\"caption\":\"Ingritech\"},\"image\":{\"@id\":\"https:\/\/ingritech.pl\/cs\/#\/schema\/logo\/image\/\"},\"sameAs\":[\"https:\/\/wa.me\/+48453077323\"]}]}<\/script>\n<!-- \/ Yoast SEO plugin. -->","yoast_head_json":{"title":"Kulov\u00e1 ocelov\u00e1 dr\u0165 S110\u2013S1100 (SAE J444) koupit v Polsku","description":"Kupte si kulovou litinovou dr\u0165 S110\u2013S1100 v Polsku i v cel\u00e9 Evrop\u011b. Technick\u00e1 dokumentace a certifik\u00e1ty, v\u00fdhodn\u00e9 ceny, z\u00e1ruka ...","robots":{"index":"index","follow":"follow","max-snippet":"max-snippet:-1","max-image-preview":"max-image-preview:large","max-video-preview":"max-video-preview:-1"},"canonical":"https:\/\/ingritech.pl\/cs\/product\/kulova-ocelova-drt-s110-s1100-sae-j444\/","og_locale":"cs_CZ","og_type":"article","og_title":"Kulov\u00e1 ocelov\u00e1 dr\u0165 S110\u2013S1100 (SAE J444) koupit v Polsku","og_description":"Kupte si kulovou litinovou dr\u0165 S110\u2013S1100 v Polsku i v cel\u00e9 Evrop\u011b. Technick\u00e1 dokumentace a certifik\u00e1ty, v\u00fdhodn\u00e9 ceny, z\u00e1ruka ...","og_url":"https:\/\/ingritech.pl\/cs\/product\/kulova-ocelova-drt-s110-s1100-sae-j444\/","og_site_name":"INGRITECH","article_modified_time":"2026-04-19T10:13:39+00:00","og_image":[{"width":1024,"height":1024,"url":"https:\/\/ingritech.pl\/wp-content\/uploads\/2025\/01\/Srut-staliwny-niskoweglowy-kulisty-S110-\u2013-S1100-SAE-J444.jpeg","type":"image\/jpeg"}],"twitter_card":"summary_large_image","twitter_misc":{"Odhadovan\u00e1 doba \u010dten\u00ed":"2 minuty"},"schema":{"@context":"https:\/\/schema.org","@graph":[{"@type":"WebPage","@id":"https:\/\/ingritech.pl\/cs\/product\/kulova-ocelova-drt-s110-s1100-sae-j444\/","url":"https:\/\/ingritech.pl\/cs\/product\/kulova-ocelova-drt-s110-s1100-sae-j444\/","name":"Kulov\u00e1 ocelov\u00e1 dr\u0165 S110\u2013S1100 (SAE J444) koupit v Polsku","isPartOf":{"@id":"https:\/\/ingritech.pl\/cs\/#website"},"primaryImageOfPage":{"@id":"https:\/\/ingritech.pl\/cs\/product\/kulova-ocelova-drt-s110-s1100-sae-j444\/#primaryimage"},"image":{"@id":"https:\/\/ingritech.pl\/cs\/product\/kulova-ocelova-drt-s110-s1100-sae-j444\/#primaryimage"},"thumbnailUrl":"https:\/\/ingritech.pl\/wp-content\/uploads\/2025\/01\/Srut-staliwny-niskoweglowy-kulisty-S110-\u2013-S1100-SAE-J444.jpeg","datePublished":"2021-07-16T10:52:14+00:00","dateModified":"2026-04-19T10:13:39+00:00","description":"Kupte si kulovou litinovou dr\u0165 S110\u2013S1100 v Polsku i v cel\u00e9 Evrop\u011b. Technick\u00e1 dokumentace a certifik\u00e1ty, v\u00fdhodn\u00e9 ceny, z\u00e1ruka ...","breadcrumb":{"@id":"https:\/\/ingritech.pl\/cs\/product\/kulova-ocelova-drt-s110-s1100-sae-j444\/#breadcrumb"},"inLanguage":"cs","potentialAction":[{"@type":"ReadAction","target":["https:\/\/ingritech.pl\/cs\/product\/kulova-ocelova-drt-s110-s1100-sae-j444\/"]}]},{"@type":"ImageObject","inLanguage":"cs","@id":"https:\/\/ingritech.pl\/cs\/product\/kulova-ocelova-drt-s110-s1100-sae-j444\/#primaryimage","url":"https:\/\/ingritech.pl\/wp-content\/uploads\/2025\/01\/Srut-staliwny-niskoweglowy-kulisty-S110-\u2013-S1100-SAE-J444.jpeg","contentUrl":"https:\/\/ingritech.pl\/wp-content\/uploads\/2025\/01\/Srut-staliwny-niskoweglowy-kulisty-S110-\u2013-S1100-SAE-J444.jpeg","width":1024,"height":1024,"caption":"Na fotografii je zn\u00e1zorn\u011bna kulov\u00e1 ocelov\u00e1 dr\u0165 v rozm\u011brech S110 \u2013 S1100, kter\u00e1 spl\u0148uje normu SAE J444 a je ide\u00e1ln\u00ed pro pr\u016fmyslov\u00e9 trysk\u00e1n\u00ed a povrchovou \u00fapravu."},{"@type":"BreadcrumbList","@id":"https:\/\/ingritech.pl\/cs\/product\/kulova-ocelova-drt-s110-s1100-sae-j444\/#breadcrumb","itemListElement":[{"@type":"ListItem","position":1,"name":"Strona g\u0142\u00f3wna","item":"https:\/\/ingritech.pl\/cs\/"},{"@type":"ListItem","position":2,"name":"Katalog produkt\u00f3w","item":"https:\/\/ingritech.pl\/katalog\/"},{"@type":"ListItem","position":3,"name":"Kulov\u00e1 ocelov\u00e1 dr\u0165 S110\u2013S1100 (SAE J444)"}]},{"@type":"WebSite","@id":"https:\/\/ingritech.pl\/cs\/#website","url":"https:\/\/ingritech.pl\/cs\/","name":"Ingritech","description":"SUPPLIES AND RAW MATERIALS FOR INDUSTRY","publisher":{"@id":"https:\/\/ingritech.pl\/cs\/#organization"},"alternateName":"Ingritech - SUPPLIES AND RAW MATERIALS FOR INDUSTRY","potentialAction":[{"@type":"SearchAction","target":{"@type":"EntryPoint","urlTemplate":"https:\/\/ingritech.pl\/cs\/?s={search_term_string}"},"query-input":{"@type":"PropertyValueSpecification","valueRequired":true,"valueName":"search_term_string"}}],"inLanguage":"cs"},{"@type":"Organization","@id":"https:\/\/ingritech.pl\/cs\/#organization","name":"Ingritech","alternateName":"Ingritech - sklep z materia\u0142ami eksploatacyjnymi i surowcami dla przemys\u0142u","url":"https:\/\/ingritech.pl\/cs\/","logo":{"@type":"ImageObject","inLanguage":"cs","@id":"https:\/\/ingritech.pl\/cs\/#\/schema\/logo\/image\/","url":"https:\/\/ingritech.pl\/wp-content\/uploads\/2025\/01\/ingretech-logo.webp","contentUrl":"https:\/\/ingritech.pl\/wp-content\/uploads\/2025\/01\/ingretech-logo.webp","width":1280,"height":182,"caption":"Ingritech"},"image":{"@id":"https:\/\/ingritech.pl\/cs\/#\/schema\/logo\/image\/"},"sameAs":["https:\/\/wa.me\/+48453077323"]}]}},"_links":{"self":[{"href":"https:\/\/ingritech.pl\/cs\/wp-json\/wp\/v2\/product\/12606","targetHints":{"allow":["GET"]}}],"collection":[{"href":"https:\/\/ingritech.pl\/cs\/wp-json\/wp\/v2\/product"}],"about":[{"href":"https:\/\/ingritech.pl\/cs\/wp-json\/wp\/v2\/types\/product"}],"wp:featuredmedia":[{"embeddable":true,"href":"https:\/\/ingritech.pl\/cs\/wp-json\/wp\/v2\/media\/12486"}],"wp:attachment":[{"href":"https:\/\/ingritech.pl\/cs\/wp-json\/wp\/v2\/media?parent=12606"}],"wp:term":[{"taxonomy":"product_brand","embeddable":true,"href":"https:\/\/ingritech.pl\/cs\/wp-json\/wp\/v2\/product_brand?post=12606"},{"taxonomy":"product_cat","embeddable":true,"href":"https:\/\/ingritech.pl\/cs\/wp-json\/wp\/v2\/product_cat?post=12606"},{"taxonomy":"product_tag","embeddable":true,"href":"https:\/\/ingritech.pl\/cs\/wp-json\/wp\/v2\/product_tag?post=12606"}],"curies":[{"name":"wp","href":"https:\/\/api.w.org\/{rel}","templated":true}]}}