{"id":12728,"date":"2025-01-30T12:51:58","date_gmt":"2025-01-30T11:51:58","guid":{"rendered":"https:\/\/ingritech.pl\/product\/cerny-karbid-kremiku-karborund-sic\/"},"modified":"2026-04-19T13:13:33","modified_gmt":"2026-04-19T11:13:33","slug":"cerny-karbid-kremiku-karborund-sic","status":"publish","type":"product","link":"https:\/\/ingritech.pl\/cs\/product\/cerny-karbid-kremiku-karborund-sic\/","title":{"rendered":"\u010cern\u00fd karbid k\u0159em\u00edku (karborund), SiC"},"content":{"rendered":"<p>&nbsp;<\/p>\n<p><b>FYZIK\u00c1LN\u00cd A CHEMICK\u00c9 VLASTNOSTI<\/b><\/p>\n<ul>\n<li><span style=\"font-weight: 400;\">\u00a0<\/span><b>Zrnitost:<\/b><span style=\"font-weight: 400;\"> F12-F1200, P12-P2500, <\/span><span style=\"font-weight: 400;\">F14-F220, P16-P180<\/span><\/li>\n<li><span style=\"font-weight: 400;\">\u00a0<\/span><b>Hmotnostn\u00ed pod\u00edl magnetick\u00e9ho materi\u00e1lu: <\/b><span style=\"font-weight: 400;\">nejv\u00fd\u0161e <\/span><b>0,3%<\/b><\/li>\n<li><span style=\"font-weight: 400;\">\u00a0<\/span><b>Sypn\u00e1 hustota:<\/b><span style=\"font-weight: 400;\"> 1,2\u20131,6 g\/cm\u00b3<\/span><\/li>\n<li><span style=\"font-weight: 400;\"> <\/span><b>M\u011brn\u00e1 hmotnost:<\/b><span style=\"font-weight: 400;\"> \u22653,10 g\/cm\u00b3<\/span><\/li>\n<li><span style=\"font-weight: 400;\"> <\/span><b>Hlavn\u00ed krystalick\u00e1 f\u00e1ze:<\/b><span style=\"font-weight: 400;\"> \u03b1-SiC<\/span><\/li>\n<li><span style=\"font-weight: 400;\"> <\/span><b>Barva krystalu:<\/b><span style=\"font-weight: 400;\"> \u010cern\u00e1 nebo zelen\u00e1<\/span><\/li>\n<li><span style=\"font-weight: 400;\"> <\/span><b>Tvrdost podle Mohsovy stupnice:<\/b> <b>\u2265<\/b><span style=\"font-weight: 400;\">9,2<\/span><\/li>\n<li><span style=\"font-weight: 400;\"> <\/span><b>Mikrotvrdost:<\/b><span style=\"font-weight: 400;\"> HV2500\u20133200<\/span><\/li>\n<li><span style=\"font-weight: 400;\"> <\/span><b>Brousitelnost:<\/b><span style=\"font-weight: 400;\"> \u22650,12<\/span><\/li>\n<li><span style=\"font-weight: 400;\"> <\/span><b>Chemick\u00e9 slo\u017een\u00ed:<\/b>\n<ul>\n<li style=\"font-weight: 400;\" aria-level=\"1\"><b>SiC: \u2265 93,0\u201398,0%<\/b><\/li>\n<li aria-level=\"1\"><b>Fe: \u2264 0,2\u20131,5%<\/b><\/li>\n<li aria-level=\"1\"><b>C: \u2264 0,3\u20130,6%<\/b><\/li>\n<\/ul>\n<\/li>\n<\/ul>\n<ul>\n<li><span style=\"font-weight: 400;\">\u00a0<\/span><b><b>Destruktivn\u00ed a abrazivn\u00ed schopnost:<\/b><\/b><br \/>\n<table>\n<tbody>\n<tr>\n<td><b>Parametr<\/b><\/td>\n<td><b>Zrnitost<\/b><\/td>\n<td><b>Hodnota<\/b><\/td>\n<\/tr>\n<tr>\n<td rowspan=\"4\"><span style=\"font-weight: 400;\">Ni\u010div\u00e1 s\u00edla, % maxim\u00e1ln\u011b<\/span><\/td>\n<td><span style=\"font-weight: 400;\">F14-F30<\/span><\/td>\n<td><span style=\"font-weight: 400;\">75 %<\/span><\/td>\n<\/tr>\n<tr>\n<td><span style=\"font-weight: 400;\">P16-P30<\/span><\/td>\n<td><span style=\"font-weight: 400;\">75 %<\/span><\/td>\n<\/tr>\n<tr>\n<td><span style=\"font-weight: 400;\">F36-F80<\/span><\/td>\n<td><span style=\"font-weight: 400;\">47 %<\/span><\/td>\n<\/tr>\n<tr>\n<td><span style=\"font-weight: 400;\">P36-F80<\/span><\/td>\n<td><span style=\"font-weight: 400;\">47 %<\/span><\/td>\n<\/tr>\n<tr>\n<td rowspan=\"3\"><span style=\"font-weight: 400;\">Abrazivita, g, nejm\u00e9n\u011b<\/span><\/td>\n<td><span style=\"font-weight: 400;\">F90-F150<\/span><\/td>\n<td><span style=\"font-weight: 400;\">0,08 g<\/span><\/td>\n<\/tr>\n<tr>\n<td><span style=\"font-weight: 400;\">P100-P180<\/span><\/td>\n<td><span style=\"font-weight: 400;\">0,08 g<\/span><\/td>\n<\/tr>\n<tr>\n<td><span style=\"font-weight: 400;\">P100-P180<\/span><\/td>\n<td><span style=\"font-weight: 400;\">0,07 g<\/span><\/td>\n<\/tr>\n<\/tbody>\n<\/table>\n<h5><em>Brusivost (%)<span style=\"font-weight: 400;\"> \u2013 ud\u00e1v\u00e1, jak rychle a intenzivn\u011b materi\u00e1l odstra\u0148uje obroben\u00fd povrch. \u010c\u00edm vy\u0161\u0161\u00ed hodnota, t\u00edm vy\u0161\u0161\u00ed \u00fa\u010dinnost brou\u0161en\u00ed.<\/span><\/em><\/h5>\n<h5><em>Brusn\u00e1 schopnost (g, minim\u00e1ln\u011b)<span style=\"font-weight: 400;\"> \u2013 ud\u00e1v\u00e1 mno\u017estv\u00ed materi\u00e1lu odstran\u011bn\u00e9ho za ur\u010ditou dobu. Vy\u0161\u0161\u00ed hodnota znamen\u00e1 vy\u0161\u0161\u00ed brusn\u00fd v\u00fdkon<\/span><\/em><\/h5>\n<\/li>\n<li>\u00a0<b>\u0158ezac\u00ed v\u00fdkon<\/b><b>:<\/b><br \/>\n<table>\n<tbody>\n<tr>\n<td><b>zrna<\/b><\/td>\n<td><b>g\/min<\/b><\/td>\n<td><b>zrna<\/b><\/td>\n<td><b>g\/min<\/b><\/td>\n<\/tr>\n<tr>\n<td>F230<\/td>\n<td>0,074<\/td>\n<td>P240<\/td>\n<td>0,076<\/td>\n<\/tr>\n<tr>\n<td>F240<\/td>\n<td>0,068<\/td>\n<td>P280<\/td>\n<td>0,074<\/td>\n<\/tr>\n<tr>\n<td>F280<\/td>\n<td>0,062<\/td>\n<td>P320<\/td>\n<td>0,072<\/td>\n<\/tr>\n<tr>\n<td>F320<\/td>\n<td>0,055<\/td>\n<td>P360<\/td>\n<td>0,07<\/td>\n<\/tr>\n<tr>\n<td>F360<\/td>\n<td>0,047<\/td>\n<td>P400<\/td>\n<td>0,068<\/td>\n<\/tr>\n<tr>\n<td>F400<\/td>\n<td>0,04<\/td>\n<td>P500<\/td>\n<td>0,058<\/td>\n<\/tr>\n<tr>\n<td>F500<\/td>\n<td>0,037<\/td>\n<td>P600<\/td>\n<td>0,05<\/td>\n<\/tr>\n<tr>\n<td>F600<\/td>\n<td>0,02<\/td>\n<td>P800<\/td>\n<td>0,04<\/td>\n<\/tr>\n<tr>\n<td>F800<\/td>\n<td>0,015<\/td>\n<td>P1000<\/td>\n<td>0,037<\/td>\n<\/tr>\n<tr>\n<td>F1000<\/td>\n<td>0,014<\/td>\n<td>P1200<\/td>\n<td>0,022<\/td>\n<\/tr>\n<tr>\n<td>F1200<\/td>\n<td>0,007<\/td>\n<td>P1500-P2500<\/td>\n<td>0,015<\/td>\n<\/tr>\n<\/tbody>\n<\/table>\n<\/li>\n<\/ul>\n","protected":false},"excerpt":{"rendered":"<p><b>\u00a0 Zna\u010dka<\/b><strong> 54C Zrnitost:<\/strong><span style=\"font-weight: 400;\"> F12\u2013F1200, P12\u2013P2500 ;<\/span><\/p>\n<p><span style=\"font-weight: 400;\"><b>\u00a0 Zna\u010dka<\/b> <\/span><strong>53C Zrnitost:<\/strong><span style=\"font-weight: 400;\"> F14-F220, P16-P180<\/span><\/p>\n<p><b>\u2611 <\/b><b>Certyfikat &#8211; <\/b><b>Asociace v\u00fdrobc\u016f karbidu k\u0159em\u00edku<\/b><\/p>\n<p><b>\u2611 <\/b><b>Certifik\u00e1t \u2013 EN ISO 9001:2015<\/b><\/p>\n<ul>\n<li><b>\u00a0V\u00fdrobce: PJSC \u201eZaporozhabrasiv\u201c<\/b><b>, Ukrajina<\/b><\/li>\n<li><b> Balen\u00ed:<\/b><span style=\"font-weight: 400;\"> polyetylenov\u00e9 pytle po 25 kg, balen\u00e9 v kartonu na palet\u011b o hmotnosti 1000 kg, nebo big-bagy na palet\u011b o hmotnosti 1000 kg.<\/span><\/li>\n<li><b>\u00a0<\/b><b><i>\u00a0<\/i><\/b><b><i>Pou\u017eit\u00ed: <\/i><\/b><i><span style=\"font-weight: 400;\">Karbid k\u0159em\u00edku se d\u00edky sv\u00e9 tvrdosti a odolnosti proti opot\u0159eben\u00ed b\u011b\u017en\u011b pou\u017e\u00edv\u00e1 p\u0159i v\u00fdrob\u011b brusiv a \u0159ezn\u00fdch n\u00e1stroj\u016f. Nach\u00e1z\u00ed tak\u00e9 uplatn\u011bn\u00ed v polovodi\u010dov\u00e9m pr\u016fmyslu a elektronice d\u00edky sv\u00e9 vynikaj\u00edc\u00ed tepeln\u00e9 vodivosti a odolnosti v\u016f\u010di vysok\u00fdm teplot\u00e1m.<\/span><\/i><\/li>\n<li><span style=\"font-weight: 400;\">Z\u00e1vod je schopen vyr\u00e1b\u011bt frakce s dan\u00fdm granulometrick\u00fdm slo\u017een\u00edm\u00a0 <\/span><b>0-20 mm 88% <\/b><b>SiC; <\/b><b>0-400 mm <\/b><b>88% <\/b><b>SiC<\/b><\/li>\n<\/ul>\n","protected":false},"featured_media":12731,"template":"","meta":[],"product_brand":[],"product_cat":[695,1166],"product_tag":[697,1167],"class_list":{"0":"post-12728","1":"product","2":"type-product","3":"status-publish","4":"has-post-thumbnail","6":"product_cat-materialy-pro-piskovani-a-tryskani","7":"product_cat-mineralni-brusiva","8":"product_tag-brusiva","9":"product_tag-cerny-karbid-kremiku","11":"first","12":"instock","13":"shipping-taxable","14":"product-type-simple"},"yoast_head":"<!-- This site is optimized with the Yoast SEO plugin v24.3 - https:\/\/yoast.com\/wordpress\/plugins\/seo\/ -->\n<title>\u010cern\u00fd karbid k\u0159em\u00edku (karborund), SiC kup w Polsce, dostawa w Europie - INGRITECH<\/title>\n<meta name=\"description\" content=\"Kup \u010cern\u00fd karbid k\u0159em\u00edku (karborund), SiC w Polsce \ud83d\ude9aw ca\u0142ej Europie \u2705 Dokumentacja techniczna i certyfikaty \u2705 Korzystne ceny \u2705 Gwarancja.\" \/>\n<meta name=\"robots\" content=\"index, follow, max-snippet:-1, max-image-preview:large, max-video-preview:-1\" \/>\n<link rel=\"canonical\" href=\"https:\/\/ingritech.pl\/cs\/product\/cerny-karbid-kremiku-karborund-sic\/\" \/>\n<meta property=\"og:locale\" content=\"cs_CZ\" \/>\n<meta property=\"og:type\" content=\"article\" \/>\n<meta property=\"og:title\" content=\"\u010cern\u00fd karbid k\u0159em\u00edku (karborund), SiC kup w Polsce, dostawa w Europie - INGRITECH\" \/>\n<meta property=\"og:description\" content=\"Kup \u010cern\u00fd karbid k\u0159em\u00edku (karborund), SiC w Polsce \ud83d\ude9aw ca\u0142ej Europie \u2705 Dokumentacja techniczna i certyfikaty \u2705 Korzystne ceny \u2705 Gwarancja.\" \/>\n<meta property=\"og:url\" content=\"https:\/\/ingritech.pl\/cs\/product\/cerny-karbid-kremiku-karborund-sic\/\" \/>\n<meta property=\"og:site_name\" content=\"INGRITECH\" \/>\n<meta property=\"article:modified_time\" content=\"2026-04-19T11:13:33+00:00\" \/>\n<meta property=\"og:image\" content=\"https:\/\/ingritech.pl\/wp-content\/uploads\/2025\/01\/weglik-krzemu-czarny-karborund-sic.webp\" \/>\n\t<meta property=\"og:image:width\" content=\"1024\" \/>\n\t<meta property=\"og:image:height\" content=\"1024\" \/>\n\t<meta property=\"og:image:type\" content=\"image\/webp\" \/>\n<meta name=\"twitter:card\" content=\"summary_large_image\" \/>\n<meta name=\"twitter:label1\" content=\"Odhadovan\u00e1 doba \u010dten\u00ed\" \/>\n\t<meta name=\"twitter:data1\" content=\"1 minuta\" \/>\n<script type=\"application\/ld+json\" class=\"yoast-schema-graph\">{\"@context\":\"https:\/\/schema.org\",\"@graph\":[{\"@type\":\"WebPage\",\"@id\":\"https:\/\/ingritech.pl\/cs\/product\/cerny-karbid-kremiku-karborund-sic\/\",\"url\":\"https:\/\/ingritech.pl\/cs\/product\/cerny-karbid-kremiku-karborund-sic\/\",\"name\":\"\u010cern\u00fd karbid k\u0159em\u00edku (karborund), SiC kup w Polsce, dostawa w Europie - INGRITECH\",\"isPartOf\":{\"@id\":\"https:\/\/ingritech.pl\/cs\/#website\"},\"primaryImageOfPage\":{\"@id\":\"https:\/\/ingritech.pl\/cs\/product\/cerny-karbid-kremiku-karborund-sic\/#primaryimage\"},\"image\":{\"@id\":\"https:\/\/ingritech.pl\/cs\/product\/cerny-karbid-kremiku-karborund-sic\/#primaryimage\"},\"thumbnailUrl\":\"https:\/\/ingritech.pl\/wp-content\/uploads\/2025\/01\/weglik-krzemu-czarny-karborund-sic.webp\",\"datePublished\":\"2025-01-30T11:51:58+00:00\",\"dateModified\":\"2026-04-19T11:13:33+00:00\",\"description\":\"Kup \u010cern\u00fd karbid k\u0159em\u00edku (karborund), SiC w Polsce \ud83d\ude9aw ca\u0142ej Europie \u2705 Dokumentacja techniczna i certyfikaty \u2705 Korzystne ceny \u2705 Gwarancja.\",\"breadcrumb\":{\"@id\":\"https:\/\/ingritech.pl\/cs\/product\/cerny-karbid-kremiku-karborund-sic\/#breadcrumb\"},\"inLanguage\":\"cs\",\"potentialAction\":[{\"@type\":\"ReadAction\",\"target\":[\"https:\/\/ingritech.pl\/cs\/product\/cerny-karbid-kremiku-karborund-sic\/\"]}]},{\"@type\":\"ImageObject\",\"inLanguage\":\"cs\",\"@id\":\"https:\/\/ingritech.pl\/cs\/product\/cerny-karbid-kremiku-karborund-sic\/#primaryimage\",\"url\":\"https:\/\/ingritech.pl\/wp-content\/uploads\/2025\/01\/weglik-krzemu-czarny-karborund-sic.webp\",\"contentUrl\":\"https:\/\/ingritech.pl\/wp-content\/uploads\/2025\/01\/weglik-krzemu-czarny-karborund-sic.webp\",\"width\":1024,\"height\":1024,\"caption\":\"\u010cern\u00fd karbid k\u0159em\u00edku (karborund) SiC \u2013 odoln\u00e9 pr\u016fmyslov\u00e9 brusivo\"},{\"@type\":\"BreadcrumbList\",\"@id\":\"https:\/\/ingritech.pl\/cs\/product\/cerny-karbid-kremiku-karborund-sic\/#breadcrumb\",\"itemListElement\":[{\"@type\":\"ListItem\",\"position\":1,\"name\":\"Strona g\u0142\u00f3wna\",\"item\":\"https:\/\/ingritech.pl\/cs\/\"},{\"@type\":\"ListItem\",\"position\":2,\"name\":\"Katalog produkt\u00f3w\",\"item\":\"https:\/\/ingritech.pl\/katalog\/\"},{\"@type\":\"ListItem\",\"position\":3,\"name\":\"\u010cern\u00fd karbid k\u0159em\u00edku (karborund), SiC\"}]},{\"@type\":\"WebSite\",\"@id\":\"https:\/\/ingritech.pl\/cs\/#website\",\"url\":\"https:\/\/ingritech.pl\/cs\/\",\"name\":\"Ingritech\",\"description\":\"SUPPLIES AND RAW MATERIALS FOR INDUSTRY\",\"publisher\":{\"@id\":\"https:\/\/ingritech.pl\/cs\/#organization\"},\"alternateName\":\"Ingritech - SUPPLIES AND RAW MATERIALS FOR INDUSTRY\",\"potentialAction\":[{\"@type\":\"SearchAction\",\"target\":{\"@type\":\"EntryPoint\",\"urlTemplate\":\"https:\/\/ingritech.pl\/cs\/?s={search_term_string}\"},\"query-input\":{\"@type\":\"PropertyValueSpecification\",\"valueRequired\":true,\"valueName\":\"search_term_string\"}}],\"inLanguage\":\"cs\"},{\"@type\":\"Organization\",\"@id\":\"https:\/\/ingritech.pl\/cs\/#organization\",\"name\":\"Ingritech\",\"alternateName\":\"Ingritech - sklep z materia\u0142ami eksploatacyjnymi i surowcami dla przemys\u0142u\",\"url\":\"https:\/\/ingritech.pl\/cs\/\",\"logo\":{\"@type\":\"ImageObject\",\"inLanguage\":\"cs\",\"@id\":\"https:\/\/ingritech.pl\/cs\/#\/schema\/logo\/image\/\",\"url\":\"https:\/\/ingritech.pl\/wp-content\/uploads\/2025\/01\/ingretech-logo.webp\",\"contentUrl\":\"https:\/\/ingritech.pl\/wp-content\/uploads\/2025\/01\/ingretech-logo.webp\",\"width\":1280,\"height\":182,\"caption\":\"Ingritech\"},\"image\":{\"@id\":\"https:\/\/ingritech.pl\/cs\/#\/schema\/logo\/image\/\"},\"sameAs\":[\"https:\/\/wa.me\/+48453077323\"]}]}<\/script>\n<!-- \/ Yoast SEO plugin. -->","yoast_head_json":{"title":"\u010cern\u00fd karbid k\u0159em\u00edku (karborund), SiC kup w Polsce, dostawa w Europie - INGRITECH","description":"Kup \u010cern\u00fd karbid k\u0159em\u00edku (karborund), SiC w Polsce \ud83d\ude9aw ca\u0142ej Europie \u2705 Dokumentacja techniczna i certyfikaty \u2705 Korzystne ceny \u2705 Gwarancja.","robots":{"index":"index","follow":"follow","max-snippet":"max-snippet:-1","max-image-preview":"max-image-preview:large","max-video-preview":"max-video-preview:-1"},"canonical":"https:\/\/ingritech.pl\/cs\/product\/cerny-karbid-kremiku-karborund-sic\/","og_locale":"cs_CZ","og_type":"article","og_title":"\u010cern\u00fd karbid k\u0159em\u00edku (karborund), SiC kup w Polsce, dostawa w Europie - INGRITECH","og_description":"Kup \u010cern\u00fd karbid k\u0159em\u00edku (karborund), SiC w Polsce \ud83d\ude9aw ca\u0142ej Europie \u2705 Dokumentacja techniczna i certyfikaty \u2705 Korzystne ceny \u2705 Gwarancja.","og_url":"https:\/\/ingritech.pl\/cs\/product\/cerny-karbid-kremiku-karborund-sic\/","og_site_name":"INGRITECH","article_modified_time":"2026-04-19T11:13:33+00:00","og_image":[{"width":1024,"height":1024,"url":"https:\/\/ingritech.pl\/wp-content\/uploads\/2025\/01\/weglik-krzemu-czarny-karborund-sic.webp","type":"image\/webp"}],"twitter_card":"summary_large_image","twitter_misc":{"Odhadovan\u00e1 doba \u010dten\u00ed":"1 minuta"},"schema":{"@context":"https:\/\/schema.org","@graph":[{"@type":"WebPage","@id":"https:\/\/ingritech.pl\/cs\/product\/cerny-karbid-kremiku-karborund-sic\/","url":"https:\/\/ingritech.pl\/cs\/product\/cerny-karbid-kremiku-karborund-sic\/","name":"\u010cern\u00fd karbid k\u0159em\u00edku (karborund), SiC kup w Polsce, dostawa w Europie - INGRITECH","isPartOf":{"@id":"https:\/\/ingritech.pl\/cs\/#website"},"primaryImageOfPage":{"@id":"https:\/\/ingritech.pl\/cs\/product\/cerny-karbid-kremiku-karborund-sic\/#primaryimage"},"image":{"@id":"https:\/\/ingritech.pl\/cs\/product\/cerny-karbid-kremiku-karborund-sic\/#primaryimage"},"thumbnailUrl":"https:\/\/ingritech.pl\/wp-content\/uploads\/2025\/01\/weglik-krzemu-czarny-karborund-sic.webp","datePublished":"2025-01-30T11:51:58+00:00","dateModified":"2026-04-19T11:13:33+00:00","description":"Kup \u010cern\u00fd karbid k\u0159em\u00edku (karborund), SiC w Polsce \ud83d\ude9aw ca\u0142ej Europie \u2705 Dokumentacja techniczna i certyfikaty \u2705 Korzystne ceny \u2705 Gwarancja.","breadcrumb":{"@id":"https:\/\/ingritech.pl\/cs\/product\/cerny-karbid-kremiku-karborund-sic\/#breadcrumb"},"inLanguage":"cs","potentialAction":[{"@type":"ReadAction","target":["https:\/\/ingritech.pl\/cs\/product\/cerny-karbid-kremiku-karborund-sic\/"]}]},{"@type":"ImageObject","inLanguage":"cs","@id":"https:\/\/ingritech.pl\/cs\/product\/cerny-karbid-kremiku-karborund-sic\/#primaryimage","url":"https:\/\/ingritech.pl\/wp-content\/uploads\/2025\/01\/weglik-krzemu-czarny-karborund-sic.webp","contentUrl":"https:\/\/ingritech.pl\/wp-content\/uploads\/2025\/01\/weglik-krzemu-czarny-karborund-sic.webp","width":1024,"height":1024,"caption":"\u010cern\u00fd karbid k\u0159em\u00edku (karborund) SiC \u2013 odoln\u00e9 pr\u016fmyslov\u00e9 brusivo"},{"@type":"BreadcrumbList","@id":"https:\/\/ingritech.pl\/cs\/product\/cerny-karbid-kremiku-karborund-sic\/#breadcrumb","itemListElement":[{"@type":"ListItem","position":1,"name":"Strona g\u0142\u00f3wna","item":"https:\/\/ingritech.pl\/cs\/"},{"@type":"ListItem","position":2,"name":"Katalog produkt\u00f3w","item":"https:\/\/ingritech.pl\/katalog\/"},{"@type":"ListItem","position":3,"name":"\u010cern\u00fd karbid k\u0159em\u00edku (karborund), SiC"}]},{"@type":"WebSite","@id":"https:\/\/ingritech.pl\/cs\/#website","url":"https:\/\/ingritech.pl\/cs\/","name":"Ingritech","description":"SUPPLIES AND RAW MATERIALS FOR INDUSTRY","publisher":{"@id":"https:\/\/ingritech.pl\/cs\/#organization"},"alternateName":"Ingritech - SUPPLIES AND RAW MATERIALS FOR INDUSTRY","potentialAction":[{"@type":"SearchAction","target":{"@type":"EntryPoint","urlTemplate":"https:\/\/ingritech.pl\/cs\/?s={search_term_string}"},"query-input":{"@type":"PropertyValueSpecification","valueRequired":true,"valueName":"search_term_string"}}],"inLanguage":"cs"},{"@type":"Organization","@id":"https:\/\/ingritech.pl\/cs\/#organization","name":"Ingritech","alternateName":"Ingritech - sklep z materia\u0142ami eksploatacyjnymi i surowcami dla przemys\u0142u","url":"https:\/\/ingritech.pl\/cs\/","logo":{"@type":"ImageObject","inLanguage":"cs","@id":"https:\/\/ingritech.pl\/cs\/#\/schema\/logo\/image\/","url":"https:\/\/ingritech.pl\/wp-content\/uploads\/2025\/01\/ingretech-logo.webp","contentUrl":"https:\/\/ingritech.pl\/wp-content\/uploads\/2025\/01\/ingretech-logo.webp","width":1280,"height":182,"caption":"Ingritech"},"image":{"@id":"https:\/\/ingritech.pl\/cs\/#\/schema\/logo\/image\/"},"sameAs":["https:\/\/wa.me\/+48453077323"]}]}},"_links":{"self":[{"href":"https:\/\/ingritech.pl\/cs\/wp-json\/wp\/v2\/product\/12728","targetHints":{"allow":["GET"]}}],"collection":[{"href":"https:\/\/ingritech.pl\/cs\/wp-json\/wp\/v2\/product"}],"about":[{"href":"https:\/\/ingritech.pl\/cs\/wp-json\/wp\/v2\/types\/product"}],"wp:featuredmedia":[{"embeddable":true,"href":"https:\/\/ingritech.pl\/cs\/wp-json\/wp\/v2\/media\/12731"}],"wp:attachment":[{"href":"https:\/\/ingritech.pl\/cs\/wp-json\/wp\/v2\/media?parent=12728"}],"wp:term":[{"taxonomy":"product_brand","embeddable":true,"href":"https:\/\/ingritech.pl\/cs\/wp-json\/wp\/v2\/product_brand?post=12728"},{"taxonomy":"product_cat","embeddable":true,"href":"https:\/\/ingritech.pl\/cs\/wp-json\/wp\/v2\/product_cat?post=12728"},{"taxonomy":"product_tag","embeddable":true,"href":"https:\/\/ingritech.pl\/cs\/wp-json\/wp\/v2\/product_tag?post=12728"}],"curies":[{"name":"wp","href":"https:\/\/api.w.org\/{rel}","templated":true}]}}