{"id":12755,"date":"2025-01-30T11:15:47","date_gmt":"2025-01-30T10:15:47","guid":{"rendered":"https:\/\/ingritech.pl\/product\/bezny-elektrokorund-brown-aluminium-oxide-bfa\/"},"modified":"2026-04-20T08:49:04","modified_gmt":"2026-04-20T06:49:04","slug":"bezny-elektrokorund-brown-aluminium-oxide-bfa","status":"publish","type":"product","link":"https:\/\/ingritech.pl\/cs\/product\/bezny-elektrokorund-brown-aluminium-oxide-bfa\/","title":{"rendered":"B\u011b\u017en\u00fd elektrokorund \/ BROWN ALUMINIUM OXIDE (BFA)"},"content":{"rendered":"<p><strong>Hlinitok\u0159emi\u010ditan (BFA)<\/strong> je trvanliv\u00fd a odoln\u00fd brusn\u00fd materi\u00e1l, kter\u00fd se vyr\u00e1b\u00ed taven\u00edm bauxitu v obloukov\u00fdch pec\u00edch. D\u00edky vysok\u00e9 tvrdosti (9 na Mohsov\u011b stupnici) a odolnosti proti od\u011bru se skv\u011ble hod\u00ed k obr\u00e1b\u011bn\u00ed kov\u016f, skla, keramiky a dal\u0161\u00edch tvrd\u00fdch materi\u00e1l\u016f.<\/p>\n<p><strong>Hlavn\u00ed v\u00fdhody:<\/strong><\/p>\n<p>\u25ef Vysok\u00e1 tvrdost a odolnost proti opot\u0159eben\u00ed \u2013 \u00fa\u010dinn\u00e9 brou\u0161en\u00ed a \u010di\u0161t\u011bn\u00ed povrch\u016f.<\/p>\n<p>\u25ef Stabiln\u00ed chemick\u00e9 slo\u017een\u00ed \u2013 bezpe\u010dn\u00e9 pou\u017eit\u00ed, bez \u0161kodliv\u00fdch ne\u010distot.<\/p>\n<p>\u25ef Minim\u00e1ln\u00ed mno\u017estv\u00ed prachu \u2013 zaji\u0161\u0165uje \u010distotu pracovi\u0161t\u011b.<\/p>\n<p>\u25ef V\u0161estrannost pou\u017eit\u00ed \u2013 vhodn\u00fd pro r\u016fzn\u00e9 mechanick\u00e9 procesy.<\/p>\n<p>\u25ef Odolnost v\u016f\u010di vysok\u00fdm teplot\u00e1m \u2013 teplota t\u00e1n\u00ed cca 2200 \u00b0C. <\/p>\n<h3><strong>Fyzik\u00e1ln\u00ed a chemick\u00e9 vlastnosti hn\u011bd\u00e9ho oxidu hlinit\u00e9ho (BFA):<\/strong><\/h3>\n<p>\u25ef <strong>Tvar:<\/strong> Pevn\u00e9, hranat\u00e9 \u010d\u00e1stice<\/p>\n<p>\u25ef <strong>Barva:<\/strong> Hn\u011bd\u00e1<\/p>\n<p> \u25ef <strong>Z\u00e1pach:<\/strong> \u017d\u00e1dn\u00fd<\/p>\n<p>\u25ef <strong>Rozpustnost ve vod\u011b:<\/strong> Nerozpustn\u00fd<\/p>\n<p>\u25ef <strong>Tvrdost:<\/strong> 9,0 (Mohsova stupnice)<\/p>\n<p>\u25ef <strong>Mikrotvrdost:<\/strong> 1800 &#8211; 2400 kgf\/mm\u00b2<\/p>\n<p>\u25ef <strong>Hustota:<\/strong> (cca) 4 g\/cm\u00b3<\/p>\n<p>\u25ef <strong>M\u011brn\u00e1 hmotnost:<\/strong> (cca) 4,6 g\/cm\u00b3<\/p>\n<p>\u25ef <strong>Teplota t\u00e1n\u00ed:<\/strong> (cca) 3722 \u00b0F | 2050 \u00b0C<\/p>\n<p>\u25ef <strong>Modul pru\u017enosti:<\/strong> 7,6 \u00d7 10\u00b9\u00b9 N\/m\u00b2<\/p>\n<p>\u25ef <strong>Chemick\u00e9 slo\u017een\u00ed:<\/strong><\/p>\n<table dir=\"ltr\" style=\"height: 158px;\" border=\"1\" width=\"365\" cellspacing=\"0\" cellpadding=\"0\" data-sheets-root=\"1\" data-sheets-baot=\"1\">\n<colgroup>\n<col width=\"46\" \/>\n<col width=\"26\" \/>\n<col width=\"33\" \/>\n<col width=\"33\" \/>\n<col width=\"43\" \/><\/colgroup>\n<tbody>\n<tr>\n<td><strong>Al2O3<\/strong><\/td>\n<td>&#8211;<\/td>\n<td colspan=\"2\" rowspan=\"1\">88,0\u2013 99,0<\/td>\n<td>%<\/td>\n<\/tr>\n<tr>\n<td><strong>Fe2O3<\/strong><\/td>\n<td>&#8211;<\/td>\n<td colspan=\"2\" rowspan=\"1\">2,0 \u2013 3,0<\/td>\n<td>%<\/td>\n<\/tr>\n<tr>\n<td><strong>TiO2<\/strong><\/td>\n<td>&#8211;<\/td>\n<td colspan=\"2\" rowspan=\"1\">3,0 \u2013 5,0<\/td>\n<td>%<\/td>\n<\/tr>\n<tr>\n<td><strong>SiO2<\/strong><\/td>\n<td>&#8211;<\/td>\n<td colspan=\"2\" rowspan=\"1\">2,0 \u2013 3,0<\/td>\n<td>%<\/td>\n<\/tr>\n<tr>\n<td><strong>CaO<\/strong><\/td>\n<td>&#8211;<\/td>\n<td colspan=\"2\" rowspan=\"1\">0,6 \u2013 0,8<\/td>\n<td>%<\/td>\n<\/tr>\n<tr>\n<td><strong>MgO<\/strong><\/td>\n<td>&#8211;<\/td>\n<td colspan=\"2\" rowspan=\"1\">0,3 \u2013 0,5<\/td>\n<td>%<\/td>\n<\/tr>\n<tr>\n<td><strong>C<\/strong><\/td>\n<td>&#8211;<\/td>\n<td colspan=\"2\" rowspan=\"1\">0,3 \u2013 0,4<\/td>\n<td>%<\/td>\n<\/tr>\n<\/tbody>\n<\/table>\n<p>&nbsp;<\/p>\n<table dir=\"ltr\" style=\"height: 387px;\" border=\"1\" width=\"365\" cellspacing=\"0\" cellpadding=\"0\" data-sheets-root=\"1\" data-sheets-baot=\"1\">\n<colgroup>\n<col width=\"33\" \/>\n<col width=\"33\" \/>\n<col width=\"38\" \/>\n<col width=\"38\" \/>\n<col width=\"38\" \/>\n<col width=\"42\" \/><\/colgroup>\n<tbody>\n<tr>\n<td colspan=\"2\" rowspan=\"1\"><strong>FEPA (F)<\/strong><\/td>\n<td colspan=\"2\" rowspan=\"1\"><strong>S\u00ed\u0165 \u010d. \u2116<\/strong><\/td>\n<td colspan=\"2\" rowspan=\"1\"><strong>Rozm\u011bry (mm)<\/strong><\/td>\n<\/tr>\n<tr>\n<td colspan=\"2\" rowspan=\"1\">F24<\/td>\n<td colspan=\"2\" rowspan=\"1\">20\u201340<\/td>\n<td colspan=\"2\" rowspan=\"1\">0.60\u20130.85<\/td>\n<\/tr>\n<tr>\n<td colspan=\"2\" rowspan=\"1\">F36<\/td>\n<td colspan=\"2\" rowspan=\"1\">30\u201350<\/td>\n<td colspan=\"2\" rowspan=\"1\">0.425\u20130.60<\/td>\n<\/tr>\n<tr>\n<td colspan=\"2\" rowspan=\"1\">F46<\/td>\n<td colspan=\"2\" rowspan=\"1\">36\u201354<\/td>\n<td colspan=\"2\" rowspan=\"1\">0.30\u20130.425<\/td>\n<\/tr>\n<tr>\n<td colspan=\"2\" rowspan=\"1\">F60<\/td>\n<td colspan=\"2\" rowspan=\"1\">45\u201360<\/td>\n<td colspan=\"2\" rowspan=\"1\">0.212\u20130.30<\/td>\n<\/tr>\n<tr>\n<td colspan=\"2\" rowspan=\"1\">F80<\/td>\n<td colspan=\"2\" rowspan=\"1\">54\u201370<\/td>\n<td colspan=\"2\" rowspan=\"1\">0.18\u20130.212<\/td>\n<\/tr>\n<tr>\n<td colspan=\"2\" rowspan=\"1\">F100<\/td>\n<td colspan=\"2\" rowspan=\"1\">70\u2013100<\/td>\n<td colspan=\"2\" rowspan=\"1\">0.15\u20130.18<\/td>\n<\/tr>\n<tr>\n<td colspan=\"2\" rowspan=\"1\">F120<\/td>\n<td colspan=\"2\" rowspan=\"1\">80\u2013120<\/td>\n<td colspan=\"2\" rowspan=\"1\">0.125\u20130.15<\/td>\n<\/tr>\n<tr>\n<td colspan=\"2\" rowspan=\"1\">F150<\/td>\n<td colspan=\"2\" rowspan=\"1\">100\u2013140<\/td>\n<td colspan=\"2\" rowspan=\"1\">0.106\u20130.125<\/td>\n<\/tr>\n<tr>\n<td colspan=\"2\" rowspan=\"1\">F180<\/td>\n<td colspan=\"2\" rowspan=\"1\">120\u2013140<\/td>\n<td colspan=\"2\" rowspan=\"1\">0.09\u20130.106<\/td>\n<\/tr>\n<tr>\n<td colspan=\"2\" rowspan=\"1\">F220<\/td>\n<td colspan=\"2\" rowspan=\"1\">140\u2013170<\/td>\n<td colspan=\"2\" rowspan=\"1\">0.063\u20130.09<\/td>\n<\/tr>\n<\/tbody>\n<\/table>\n<p>&nbsp;<\/p>\n","protected":false},"excerpt":{"rendered":"<ul>\n<li><strong>Typy: <\/strong>(BFA) F24, F36, F46, F60, F80, F100, F120, F180, F220<\/li>\n<li><strong>Pou\u017eit\u00ed:<\/strong> Abrazivn\u00ed obr\u00e1b\u011bn\u00ed kov\u016f (p\u00edskov\u00e1n\u00ed, trysk\u00e1n\u00ed), v\u00fdroba brusn\u00fdch kotou\u010d\u016f, brusn\u00e9ho pap\u00edru a n\u00e1stroj\u016f, obr\u00e1b\u011bn\u00ed skla, keramiky a kamene, sl\u00e9v\u00e1renstv\u00ed (\u017e\u00e1ruvzdorn\u00e9 materi\u00e1ly), protiskluzov\u00e9 povrchy.<\/li>\n<li><strong>Skladov\u00e1n\u00ed a p\u0159eprava: <\/strong>Materi\u00e1l je t\u0159eba skladovat v suchu a chr\u00e1nit p\u0159ed vlhkost\u00ed. K dispozici v pytl\u00edch, big bagech a na palet\u00e1ch.<\/li>\n<\/ul>\n<p style=\"text-align: right;\"><a href=\"https:\/\/ingritech.pl\/wp-content\/uploads\/2025\/01\/MATERIAL-SAFETY-DATA-SHEET-BROWN-ALUMINIUM-OXIDE-BFA.pdf\" target=\"_blank\" rel=\"noopener\"><img loading=\"lazy\" decoding=\"async\" class=\"alignnone wp-image-9409\" src=\"https:\/\/ingritech.pl\/wp-content\/uploads\/2025\/01\/PDF-300x300.png\" alt=\"St\u00e1hnout technickou dokumentaci ve form\u00e1tu PDF\" width=\"50\" height=\"50\" srcset=\"https:\/\/ingritech.pl\/wp-content\/uploads\/2025\/01\/PDF-300x300.png 300w, https:\/\/ingritech.pl\/wp-content\/uploads\/2025\/01\/PDF-150x150.png 150w, https:\/\/ingritech.pl\/wp-content\/uploads\/2025\/01\/PDF-70x70.png 70w, https:\/\/ingritech.pl\/wp-content\/uploads\/2025\/01\/PDF-100x100.png 100w, https:\/\/ingritech.pl\/wp-content\/uploads\/2025\/01\/PDF-400x400.png 400w, https:\/\/ingritech.pl\/wp-content\/uploads\/2025\/01\/PDF-110x110.png 110w, https:\/\/ingritech.pl\/wp-content\/uploads\/2025\/01\/PDF-500x500.png 500w, https:\/\/ingritech.pl\/wp-content\/uploads\/2025\/01\/PDF.png 512w, https:\/\/ingritech.pl\/wp-content\/uploads\/2025\/01\/PDF-200x200.png 200w\" sizes=\"auto, (max-width: 50px) 100vw, 50px\" \/><\/a><\/p>\n","protected":false},"featured_media":12758,"template":"","meta":[],"product_brand":[],"product_cat":[695,1166],"product_tag":[697,1170],"class_list":{"0":"post-12755","1":"product","2":"type-product","3":"status-publish","4":"has-post-thumbnail","6":"product_cat-materialy-pro-piskovani-a-tryskani","7":"product_cat-mineralni-brusiva","8":"product_tag-brusiva","9":"product_tag-elektrokorund-cs","11":"first","12":"instock","13":"shipping-taxable","14":"product-type-simple"},"yoast_head":"<!-- This site is optimized with the Yoast SEO plugin v24.3 - https:\/\/yoast.com\/wordpress\/plugins\/seo\/ -->\n<title>B\u011b\u017en\u00fd elektrokorund \/ BROWN ALUMINIUM OXIDE (BFA) kup w Polsce, dostawa w Europie - INGRITECH<\/title>\n<meta name=\"description\" content=\"Kup B\u011b\u017en\u00fd elektrokorund \/ BROWN ALUMINIUM OXIDE (BFA) w Polsce \ud83d\ude9aw ca\u0142ej Europie \u2705 Dokumentacja techniczna i certyfikaty \u2705 Korzystne ceny \u2705 Gwarancja.\" \/>\n<meta name=\"robots\" content=\"index, follow, max-snippet:-1, max-image-preview:large, max-video-preview:-1\" \/>\n<link rel=\"canonical\" href=\"https:\/\/ingritech.pl\/cs\/product\/bezny-elektrokorund-brown-aluminium-oxide-bfa\/\" \/>\n<meta property=\"og:locale\" content=\"cs_CZ\" \/>\n<meta property=\"og:type\" content=\"article\" \/>\n<meta property=\"og:title\" content=\"B\u011b\u017en\u00fd elektrokorund \/ BROWN ALUMINIUM OXIDE (BFA) kup w Polsce, dostawa w Europie - INGRITECH\" \/>\n<meta property=\"og:description\" content=\"Kup B\u011b\u017en\u00fd elektrokorund \/ BROWN ALUMINIUM OXIDE (BFA) w Polsce \ud83d\ude9aw ca\u0142ej Europie \u2705 Dokumentacja techniczna i certyfikaty \u2705 Korzystne ceny \u2705 Gwarancja.\" \/>\n<meta property=\"og:url\" content=\"https:\/\/ingritech.pl\/cs\/product\/bezny-elektrokorund-brown-aluminium-oxide-bfa\/\" \/>\n<meta property=\"og:site_name\" content=\"INGRITECH\" \/>\n<meta property=\"article:modified_time\" content=\"2026-04-20T06:49:04+00:00\" \/>\n<meta property=\"og:image\" content=\"https:\/\/ingritech.pl\/wp-content\/uploads\/2025\/01\/elektrokorund-bfa-brown-aluminium-oxide.webp\" \/>\n\t<meta property=\"og:image:width\" content=\"1024\" \/>\n\t<meta property=\"og:image:height\" content=\"1024\" \/>\n\t<meta property=\"og:image:type\" content=\"image\/webp\" \/>\n<meta name=\"twitter:card\" content=\"summary_large_image\" \/>\n<meta name=\"twitter:label1\" content=\"Odhadovan\u00e1 doba \u010dten\u00ed\" \/>\n\t<meta name=\"twitter:data1\" content=\"1 minuta\" \/>\n<script type=\"application\/ld+json\" class=\"yoast-schema-graph\">{\"@context\":\"https:\/\/schema.org\",\"@graph\":[{\"@type\":\"WebPage\",\"@id\":\"https:\/\/ingritech.pl\/cs\/product\/bezny-elektrokorund-brown-aluminium-oxide-bfa\/\",\"url\":\"https:\/\/ingritech.pl\/cs\/product\/bezny-elektrokorund-brown-aluminium-oxide-bfa\/\",\"name\":\"B\u011b\u017en\u00fd elektrokorund \/ BROWN ALUMINIUM OXIDE (BFA) kup w Polsce, dostawa w Europie - INGRITECH\",\"isPartOf\":{\"@id\":\"https:\/\/ingritech.pl\/cs\/#website\"},\"primaryImageOfPage\":{\"@id\":\"https:\/\/ingritech.pl\/cs\/product\/bezny-elektrokorund-brown-aluminium-oxide-bfa\/#primaryimage\"},\"image\":{\"@id\":\"https:\/\/ingritech.pl\/cs\/product\/bezny-elektrokorund-brown-aluminium-oxide-bfa\/#primaryimage\"},\"thumbnailUrl\":\"https:\/\/ingritech.pl\/wp-content\/uploads\/2025\/01\/elektrokorund-bfa-brown-aluminium-oxide.webp\",\"datePublished\":\"2025-01-30T10:15:47+00:00\",\"dateModified\":\"2026-04-20T06:49:04+00:00\",\"description\":\"Kup B\u011b\u017en\u00fd elektrokorund \/ BROWN ALUMINIUM OXIDE (BFA) w Polsce \ud83d\ude9aw ca\u0142ej Europie \u2705 Dokumentacja techniczna i certyfikaty \u2705 Korzystne ceny \u2705 Gwarancja.\",\"breadcrumb\":{\"@id\":\"https:\/\/ingritech.pl\/cs\/product\/bezny-elektrokorund-brown-aluminium-oxide-bfa\/#breadcrumb\"},\"inLanguage\":\"cs\",\"potentialAction\":[{\"@type\":\"ReadAction\",\"target\":[\"https:\/\/ingritech.pl\/cs\/product\/bezny-elektrokorund-brown-aluminium-oxide-bfa\/\"]}]},{\"@type\":\"ImageObject\",\"inLanguage\":\"cs\",\"@id\":\"https:\/\/ingritech.pl\/cs\/product\/bezny-elektrokorund-brown-aluminium-oxide-bfa\/#primaryimage\",\"url\":\"https:\/\/ingritech.pl\/wp-content\/uploads\/2025\/01\/elektrokorund-bfa-brown-aluminium-oxide.webp\",\"contentUrl\":\"https:\/\/ingritech.pl\/wp-content\/uploads\/2025\/01\/elektrokorund-bfa-brown-aluminium-oxide.webp\",\"width\":1024,\"height\":1024,\"caption\":\"Elektrokorund BFA \u2013 \u00fa\u010dinn\u00fd brusn\u00fd materi\u00e1l pro obr\u00e1b\u011bn\u00ed kov\u016f\"},{\"@type\":\"BreadcrumbList\",\"@id\":\"https:\/\/ingritech.pl\/cs\/product\/bezny-elektrokorund-brown-aluminium-oxide-bfa\/#breadcrumb\",\"itemListElement\":[{\"@type\":\"ListItem\",\"position\":1,\"name\":\"Strona g\u0142\u00f3wna\",\"item\":\"https:\/\/ingritech.pl\/cs\/\"},{\"@type\":\"ListItem\",\"position\":2,\"name\":\"Katalog produkt\u016f\",\"item\":\"https:\/\/ingritech.pl\/katalog\/\"},{\"@type\":\"ListItem\",\"position\":3,\"name\":\"B\u011b\u017en\u00fd elektrokorund \/ BROWN ALUMINIUM OXIDE (BFA)\"}]},{\"@type\":\"WebSite\",\"@id\":\"https:\/\/ingritech.pl\/cs\/#website\",\"url\":\"https:\/\/ingritech.pl\/cs\/\",\"name\":\"Ingritech\",\"description\":\"SUPPLIES AND RAW MATERIALS FOR INDUSTRY\",\"publisher\":{\"@id\":\"https:\/\/ingritech.pl\/cs\/#organization\"},\"alternateName\":\"Ingritech - SUPPLIES AND RAW MATERIALS FOR INDUSTRY\",\"potentialAction\":[{\"@type\":\"SearchAction\",\"target\":{\"@type\":\"EntryPoint\",\"urlTemplate\":\"https:\/\/ingritech.pl\/cs\/?s={search_term_string}\"},\"query-input\":{\"@type\":\"PropertyValueSpecification\",\"valueRequired\":true,\"valueName\":\"search_term_string\"}}],\"inLanguage\":\"cs\"},{\"@type\":\"Organization\",\"@id\":\"https:\/\/ingritech.pl\/cs\/#organization\",\"name\":\"Ingritech\",\"alternateName\":\"Ingritech - sklep z materia\u0142ami eksploatacyjnymi i surowcami dla przemys\u0142u\",\"url\":\"https:\/\/ingritech.pl\/cs\/\",\"logo\":{\"@type\":\"ImageObject\",\"inLanguage\":\"cs\",\"@id\":\"https:\/\/ingritech.pl\/cs\/#\/schema\/logo\/image\/\",\"url\":\"https:\/\/ingritech.pl\/wp-content\/uploads\/2025\/01\/ingretech-logo.webp\",\"contentUrl\":\"https:\/\/ingritech.pl\/wp-content\/uploads\/2025\/01\/ingretech-logo.webp\",\"width\":1280,\"height\":182,\"caption\":\"Ingritech\"},\"image\":{\"@id\":\"https:\/\/ingritech.pl\/cs\/#\/schema\/logo\/image\/\"},\"sameAs\":[\"https:\/\/wa.me\/+48453077323\"]}]}<\/script>\n<!-- \/ Yoast SEO plugin. -->","yoast_head_json":{"title":"B\u011b\u017en\u00fd elektrokorund \/ BROWN ALUMINIUM OXIDE (BFA) kup w Polsce, dostawa w Europie - INGRITECH","description":"Kup B\u011b\u017en\u00fd elektrokorund \/ BROWN ALUMINIUM OXIDE (BFA) w Polsce \ud83d\ude9aw ca\u0142ej Europie \u2705 Dokumentacja techniczna i certyfikaty \u2705 Korzystne ceny \u2705 Gwarancja.","robots":{"index":"index","follow":"follow","max-snippet":"max-snippet:-1","max-image-preview":"max-image-preview:large","max-video-preview":"max-video-preview:-1"},"canonical":"https:\/\/ingritech.pl\/cs\/product\/bezny-elektrokorund-brown-aluminium-oxide-bfa\/","og_locale":"cs_CZ","og_type":"article","og_title":"B\u011b\u017en\u00fd elektrokorund \/ BROWN ALUMINIUM OXIDE (BFA) kup w Polsce, dostawa w Europie - INGRITECH","og_description":"Kup B\u011b\u017en\u00fd elektrokorund \/ BROWN ALUMINIUM OXIDE (BFA) w Polsce \ud83d\ude9aw ca\u0142ej Europie \u2705 Dokumentacja techniczna i certyfikaty \u2705 Korzystne ceny \u2705 Gwarancja.","og_url":"https:\/\/ingritech.pl\/cs\/product\/bezny-elektrokorund-brown-aluminium-oxide-bfa\/","og_site_name":"INGRITECH","article_modified_time":"2026-04-20T06:49:04+00:00","og_image":[{"width":1024,"height":1024,"url":"https:\/\/ingritech.pl\/wp-content\/uploads\/2025\/01\/elektrokorund-bfa-brown-aluminium-oxide.webp","type":"image\/webp"}],"twitter_card":"summary_large_image","twitter_misc":{"Odhadovan\u00e1 doba \u010dten\u00ed":"1 minuta"},"schema":{"@context":"https:\/\/schema.org","@graph":[{"@type":"WebPage","@id":"https:\/\/ingritech.pl\/cs\/product\/bezny-elektrokorund-brown-aluminium-oxide-bfa\/","url":"https:\/\/ingritech.pl\/cs\/product\/bezny-elektrokorund-brown-aluminium-oxide-bfa\/","name":"B\u011b\u017en\u00fd elektrokorund \/ BROWN ALUMINIUM OXIDE (BFA) kup w Polsce, dostawa w Europie - INGRITECH","isPartOf":{"@id":"https:\/\/ingritech.pl\/cs\/#website"},"primaryImageOfPage":{"@id":"https:\/\/ingritech.pl\/cs\/product\/bezny-elektrokorund-brown-aluminium-oxide-bfa\/#primaryimage"},"image":{"@id":"https:\/\/ingritech.pl\/cs\/product\/bezny-elektrokorund-brown-aluminium-oxide-bfa\/#primaryimage"},"thumbnailUrl":"https:\/\/ingritech.pl\/wp-content\/uploads\/2025\/01\/elektrokorund-bfa-brown-aluminium-oxide.webp","datePublished":"2025-01-30T10:15:47+00:00","dateModified":"2026-04-20T06:49:04+00:00","description":"Kup B\u011b\u017en\u00fd elektrokorund \/ BROWN ALUMINIUM OXIDE (BFA) w Polsce \ud83d\ude9aw ca\u0142ej Europie \u2705 Dokumentacja techniczna i certyfikaty \u2705 Korzystne ceny \u2705 Gwarancja.","breadcrumb":{"@id":"https:\/\/ingritech.pl\/cs\/product\/bezny-elektrokorund-brown-aluminium-oxide-bfa\/#breadcrumb"},"inLanguage":"cs","potentialAction":[{"@type":"ReadAction","target":["https:\/\/ingritech.pl\/cs\/product\/bezny-elektrokorund-brown-aluminium-oxide-bfa\/"]}]},{"@type":"ImageObject","inLanguage":"cs","@id":"https:\/\/ingritech.pl\/cs\/product\/bezny-elektrokorund-brown-aluminium-oxide-bfa\/#primaryimage","url":"https:\/\/ingritech.pl\/wp-content\/uploads\/2025\/01\/elektrokorund-bfa-brown-aluminium-oxide.webp","contentUrl":"https:\/\/ingritech.pl\/wp-content\/uploads\/2025\/01\/elektrokorund-bfa-brown-aluminium-oxide.webp","width":1024,"height":1024,"caption":"Elektrokorund BFA \u2013 \u00fa\u010dinn\u00fd brusn\u00fd materi\u00e1l pro obr\u00e1b\u011bn\u00ed kov\u016f"},{"@type":"BreadcrumbList","@id":"https:\/\/ingritech.pl\/cs\/product\/bezny-elektrokorund-brown-aluminium-oxide-bfa\/#breadcrumb","itemListElement":[{"@type":"ListItem","position":1,"name":"Strona g\u0142\u00f3wna","item":"https:\/\/ingritech.pl\/cs\/"},{"@type":"ListItem","position":2,"name":"Katalog produkt\u016f","item":"https:\/\/ingritech.pl\/katalog\/"},{"@type":"ListItem","position":3,"name":"B\u011b\u017en\u00fd elektrokorund \/ BROWN ALUMINIUM OXIDE (BFA)"}]},{"@type":"WebSite","@id":"https:\/\/ingritech.pl\/cs\/#website","url":"https:\/\/ingritech.pl\/cs\/","name":"Ingritech","description":"SUPPLIES AND RAW MATERIALS FOR INDUSTRY","publisher":{"@id":"https:\/\/ingritech.pl\/cs\/#organization"},"alternateName":"Ingritech - SUPPLIES AND RAW MATERIALS FOR INDUSTRY","potentialAction":[{"@type":"SearchAction","target":{"@type":"EntryPoint","urlTemplate":"https:\/\/ingritech.pl\/cs\/?s={search_term_string}"},"query-input":{"@type":"PropertyValueSpecification","valueRequired":true,"valueName":"search_term_string"}}],"inLanguage":"cs"},{"@type":"Organization","@id":"https:\/\/ingritech.pl\/cs\/#organization","name":"Ingritech","alternateName":"Ingritech - sklep z materia\u0142ami eksploatacyjnymi i surowcami dla przemys\u0142u","url":"https:\/\/ingritech.pl\/cs\/","logo":{"@type":"ImageObject","inLanguage":"cs","@id":"https:\/\/ingritech.pl\/cs\/#\/schema\/logo\/image\/","url":"https:\/\/ingritech.pl\/wp-content\/uploads\/2025\/01\/ingretech-logo.webp","contentUrl":"https:\/\/ingritech.pl\/wp-content\/uploads\/2025\/01\/ingretech-logo.webp","width":1280,"height":182,"caption":"Ingritech"},"image":{"@id":"https:\/\/ingritech.pl\/cs\/#\/schema\/logo\/image\/"},"sameAs":["https:\/\/wa.me\/+48453077323"]}]}},"_links":{"self":[{"href":"https:\/\/ingritech.pl\/cs\/wp-json\/wp\/v2\/product\/12755","targetHints":{"allow":["GET"]}}],"collection":[{"href":"https:\/\/ingritech.pl\/cs\/wp-json\/wp\/v2\/product"}],"about":[{"href":"https:\/\/ingritech.pl\/cs\/wp-json\/wp\/v2\/types\/product"}],"wp:featuredmedia":[{"embeddable":true,"href":"https:\/\/ingritech.pl\/cs\/wp-json\/wp\/v2\/media\/12758"}],"wp:attachment":[{"href":"https:\/\/ingritech.pl\/cs\/wp-json\/wp\/v2\/media?parent=12755"}],"wp:term":[{"taxonomy":"product_brand","embeddable":true,"href":"https:\/\/ingritech.pl\/cs\/wp-json\/wp\/v2\/product_brand?post=12755"},{"taxonomy":"product_cat","embeddable":true,"href":"https:\/\/ingritech.pl\/cs\/wp-json\/wp\/v2\/product_cat?post=12755"},{"taxonomy":"product_tag","embeddable":true,"href":"https:\/\/ingritech.pl\/cs\/wp-json\/wp\/v2\/product_tag?post=12755"}],"curies":[{"name":"wp","href":"https:\/\/api.w.org\/{rel}","templated":true}]}}