{"id":12763,"date":"2025-01-30T11:11:28","date_gmt":"2025-01-30T10:11:28","guid":{"rendered":"https:\/\/ingritech.pl\/product\/slechteny-elektrokorund-bily\/"},"modified":"2026-04-20T09:08:04","modified_gmt":"2026-04-20T07:08:04","slug":"slechteny-elektrokorund-bily","status":"publish","type":"product","link":"https:\/\/ingritech.pl\/cs\/product\/slechteny-elektrokorund-bily\/","title":{"rendered":"\u0160lecht\u011bn\u00fd elektrokorund (b\u00edl\u00fd)"},"content":{"rendered":"<p class=\"\" data-start=\"199\" data-end=\"509\"><strong data-start=\"199\" data-end=\"222\">B\u00edl\u00fd elektrokorund<\/strong> je vysoce \u010dist\u00fd syntetick\u00fd brusn\u00fd materi\u00e1l, kter\u00fd se z\u00edsk\u00e1v\u00e1 taven\u00edm oxidu hlinit\u00e9ho (Al\u2082O\u2083). Vyzna\u010duje se mimo\u0159\u00e1dnou tvrdost\u00ed, homogenn\u00ed strukturou a chemickou st\u00e1lost\u00ed. Ve srovn\u00e1n\u00ed s b\u011b\u017en\u00fdm elektrokorundem m\u00e1 v\u00fdrazn\u011b vy\u0161\u0161\u00ed chemickou \u010distotu a b\u011blost.<\/p>\n<h3 class=\"\" data-start=\"511\" data-end=\"528\">Pou\u017eit\u00ed:<\/h3>\n<ul data-start=\"529\" data-end=\"818\">\n<li class=\"\" data-start=\"529\" data-end=\"589\">\n<p class=\"\" data-start=\"531\" data-end=\"589\">obr\u00e1b\u011bn\u00ed nerezov\u00e9 oceli, ne\u017eelezn\u00fdch kov\u016f a hlin\u00edku<\/p>\n<\/li>\n<li class=\"\" data-start=\"590\" data-end=\"622\">\n<p class=\"\" data-start=\"592\" data-end=\"622\">matov\u00e1n\u00ed a dekorace skla<\/p>\n<\/li>\n<li class=\"\" data-start=\"623\" data-end=\"655\">\n<p class=\"\" data-start=\"625\" data-end=\"655\">v\u00fdroba brusn\u00fdch n\u00e1stroj\u016f<\/p>\n<\/li>\n<li class=\"\" data-start=\"656\" data-end=\"709\">\n<p class=\"\" data-start=\"658\" data-end=\"709\">\u017e\u00e1ruvzdorn\u00e9 materi\u00e1ly s vysok\u00fdm obsahem hlin\u00edku<\/p>\n<\/li>\n<li class=\"\" data-start=\"710\" data-end=\"753\">\n<p class=\"\" data-start=\"712\" data-end=\"753\">\u0161lecht\u011bn\u00e1 a elektrotechnick\u00e1 keramika<\/p>\n<\/li>\n<li class=\"\" data-start=\"754\" data-end=\"775\">\n<p class=\"\" data-start=\"756\" data-end=\"775\">p\u0159esn\u00e9 odlitky<\/p>\n<\/li>\n<li class=\"\" data-start=\"776\" data-end=\"818\">\n<p class=\"\" data-start=\"778\" data-end=\"818\">p\u00edskov\u00e1n\u00ed ve stomatologii a protetice<\/p>\n<\/li>\n<\/ul>\n<h3 class=\"\" data-start=\"820\" data-end=\"840\">V\u00fdhody produktu:<\/h3>\n<ul data-start=\"841\" data-end=\"1077\">\n<li class=\"\" data-start=\"841\" data-end=\"887\">\n<p class=\"\" data-start=\"843\" data-end=\"887\">mimo\u0159\u00e1dn\u00e1 tvrdost (v\u00edce ne\u017e 9 na Mohsov\u011b stupnici)<\/p>\n<\/li>\n<li class=\"\" data-start=\"888\" data-end=\"933\">\n<p class=\"\" data-start=\"890\" data-end=\"933\">absence voln\u00e9ho k\u0159emene a p\u0159\u00edm\u011bs\u00ed \u017eeleza<\/p>\n<\/li>\n<li class=\"\" data-start=\"934\" data-end=\"979\">\n<p class=\"\" data-start=\"936\" data-end=\"979\">ekologick\u00fd a chemicky odoln\u00fd materi\u00e1l<\/p>\n<\/li>\n<li class=\"\" data-start=\"980\" data-end=\"1014\">\n<p class=\"\" data-start=\"982\" data-end=\"1014\">mo\u017enost opakovan\u00e9ho pou\u017eit\u00ed<\/p>\n<\/li>\n<li class=\"\" data-start=\"1015\" data-end=\"1044\">\n<p class=\"\" data-start=\"1017\" data-end=\"1044\">pro such\u00e9 i mokr\u00e9 \u010di\u0161t\u011bn\u00ed<\/p>\n<\/li>\n<li class=\"\" data-start=\"1045\" data-end=\"1077\">\n<p class=\"\" data-start=\"1047\" data-end=\"1077\">vysok\u00e1 teplota t\u00e1n\u00ed<\/p>\n<\/li>\n<\/ul>\n<h3 class=\"\" data-start=\"1079\" data-end=\"1111\">Fyzik\u00e1ln\u011b-chemick\u00e9 vlastnosti:<\/h3>\n<ul data-start=\"1112\" data-end=\"1369\">\n<li class=\"\" data-start=\"1112\" data-end=\"1142\">\n<p class=\"\" data-start=\"1114\" data-end=\"1142\"><strong data-start=\"1114\" data-end=\"1134\">Obsah Al\u2082O\u2083:<\/strong> &gt; 99%<\/p>\n<\/li>\n<li class=\"\" data-start=\"1143\" data-end=\"1189\">\n<p class=\"\" data-start=\"1145\" data-end=\"1189\"><strong data-start=\"1145\" data-end=\"1159\">P\u0159\u00edsady:<\/strong> Na\u2082O, K\u2082O, CaO, SiO\u2082, Fe\u2082O\u2083<\/p>\n<\/li>\n<li class=\"\" data-start=\"1190\" data-end=\"1233\">\n<p class=\"\" data-start=\"1192\" data-end=\"1233\"><strong data-start=\"1192\" data-end=\"1213\">M\u011brn\u00e1 hmotnost:<\/strong> 3,95 \u00b1 0,05 g\/cm\u00b3<\/p>\n<\/li>\n<li class=\"\" data-start=\"1234\" data-end=\"1277\">\n<p class=\"\" data-start=\"1236\" data-end=\"1277\"><strong data-start=\"1236\" data-end=\"1257\">Sypn\u00e1 hmotnost:<\/strong> 1,52 \u2013 1,85 g\/cm\u00b3<\/p>\n<\/li>\n<li class=\"\" data-start=\"1278\" data-end=\"1318\">\n<p class=\"\" data-start=\"1280\" data-end=\"1318\"><strong data-start=\"1280\" data-end=\"1299\">Tvar zrna:<\/strong> ostr\u00fd<\/p>\n<\/li>\n<li class=\"\" data-start=\"1319\" data-end=\"1369\">\n<p class=\"\" data-start=\"1321\" data-end=\"1369\"><strong data-start=\"1321\" data-end=\"1337\">Zrnitost: <\/strong> v souladu s normou FEPA (F12\u2013F1200)<\/p>\n<\/li>\n<\/ul>\n<p>&nbsp;<\/p>\n<h3 class=\"\" data-start=\"137\" data-end=\"195\"><strong data-start=\"141\" data-end=\"195\">Tabulka zrnitosti FEPA (F) \u2013 b\u00edl\u00fd elektrokorund<\/strong><\/h3>\n<div class=\"pointer-events-none relative left-[50%] flex w-[100cqw] translate-x-[-50%] justify-center *:pointer-events-auto\">\n<div class=\"tableContainer horzScrollShadows\">\n<table class=\"min-w-full\" style=\"height: 878px;\" width=\"491\" data-start=\"197\" data-end=\"1931\">\n<thead data-start=\"197\" data-end=\"251\">\n<tr data-start=\"197\" data-end=\"251\">\n<th data-start=\"197\" data-end=\"224\"><strong data-start=\"199\" data-end=\"223\">Zrnitost FEPA (F)<\/strong><\/th>\n<th data-start=\"224\" data-end=\"251\"><strong data-start=\"226\" data-end=\"249\">Velikost zrna (mm)<\/strong><\/th>\n<\/tr>\n<\/thead>\n<tbody data-start=\"308\" data-end=\"1931\">\n<tr data-start=\"308\" data-end=\"363\">\n<td class=\"\" data-start=\"308\" data-end=\"335\">F12<\/td>\n<td class=\"\" data-start=\"335\" data-end=\"363\">1,4 \u2013 1,7<\/td>\n<\/tr>\n<tr data-start=\"364\" data-end=\"419\">\n<td class=\"\" data-start=\"364\" data-end=\"391\">F14<\/td>\n<td class=\"\" data-start=\"391\" data-end=\"419\">1,18 \u2013 1,4<\/td>\n<\/tr>\n<tr data-start=\"420\" data-end=\"475\">\n<td class=\"\" data-start=\"420\" data-end=\"447\">F16<\/td>\n<td class=\"\" data-start=\"447\" data-end=\"475\">1,00 \u2013 1,18<\/td>\n<\/tr>\n<tr data-start=\"476\" data-end=\"531\">\n<td class=\"\" data-start=\"476\" data-end=\"503\">F20<\/td>\n<td class=\"\" data-start=\"503\" data-end=\"531\">0,85 \u2013 1,00<\/td>\n<\/tr>\n<tr data-start=\"532\" data-end=\"587\">\n<td class=\"\" data-start=\"532\" data-end=\"559\">F24<\/td>\n<td class=\"\" data-start=\"559\" data-end=\"587\">0,71 \u2013 0,85<\/td>\n<\/tr>\n<tr data-start=\"588\" data-end=\"643\">\n<td class=\"\" data-start=\"588\" data-end=\"615\">F30<\/td>\n<td class=\"\" data-start=\"615\" data-end=\"643\">0,50 \u2013 0,71<\/td>\n<\/tr>\n<tr data-start=\"644\" data-end=\"699\">\n<td class=\"\" data-start=\"644\" data-end=\"671\">F36<\/td>\n<td class=\"\" data-start=\"671\" data-end=\"699\">0,425 \u2013 0,60<\/td>\n<\/tr>\n<tr data-start=\"700\" data-end=\"755\">\n<td class=\"\" data-start=\"700\" data-end=\"727\">F40<\/td>\n<td class=\"\" data-start=\"727\" data-end=\"755\">0,30 \u2013 0,425<\/td>\n<\/tr>\n<tr data-start=\"756\" data-end=\"811\">\n<td class=\"\" data-start=\"756\" data-end=\"783\">F46<\/td>\n<td class=\"\" data-start=\"783\" data-end=\"811\">0,25 \u2013 0,355<\/td>\n<\/tr>\n<tr data-start=\"812\" data-end=\"867\">\n<td class=\"\" data-start=\"812\" data-end=\"839\">F54<\/td>\n<td class=\"\" data-start=\"839\" data-end=\"867\">0,20 \u2013 0,30<\/td>\n<\/tr>\n<tr data-start=\"868\" data-end=\"923\">\n<td class=\"\" data-start=\"868\" data-end=\"895\">F60<\/td>\n<td class=\"\" data-start=\"895\" data-end=\"923\">0,15 \u2013 0,25<\/td>\n<\/tr>\n<tr data-start=\"924\" data-end=\"979\">\n<td class=\"\" data-start=\"924\" data-end=\"951\">F70<\/td>\n<td class=\"\" data-start=\"951\" data-end=\"979\">0,125 \u2013 0,212<\/td>\n<\/tr>\n<tr data-start=\"980\" data-end=\"1035\">\n<td class=\"\" data-start=\"980\" data-end=\"1007\">F80<\/td>\n<td class=\"\" data-start=\"1007\" data-end=\"1035\">0,10 \u2013 0,18<\/td>\n<\/tr>\n<tr data-start=\"1036\" data-end=\"1091\">\n<td class=\"\" data-start=\"1036\" data-end=\"1063\">F90<\/td>\n<td class=\"\" data-start=\"1063\" data-end=\"1091\">0,075 \u2013 0,15<\/td>\n<\/tr>\n<tr data-start=\"1092\" data-end=\"1147\">\n<td class=\"\" data-start=\"1092\" data-end=\"1119\">F100<\/td>\n<td class=\"\" data-start=\"1119\" data-end=\"1147\">0,063 \u2013 0,125<\/td>\n<\/tr>\n<tr data-start=\"1148\" data-end=\"1203\">\n<td class=\"\" data-start=\"1148\" data-end=\"1175\">F120<\/td>\n<td class=\"\" data-start=\"1175\" data-end=\"1203\">0,053 \u2013 0,106<\/td>\n<\/tr>\n<tr data-start=\"1204\" data-end=\"1259\">\n<td class=\"\" data-start=\"1204\" data-end=\"1231\">F150<\/td>\n<td class=\"\" data-start=\"1231\" data-end=\"1259\">0,045 \u2013 0,090<\/td>\n<\/tr>\n<tr data-start=\"1260\" data-end=\"1315\">\n<td class=\"\" data-start=\"1260\" data-end=\"1287\">F180<\/td>\n<td class=\"\" data-start=\"1287\" data-end=\"1315\">0,038 \u2013 0,075<\/td>\n<\/tr>\n<tr data-start=\"1316\" data-end=\"1371\">\n<td class=\"\" data-start=\"1316\" data-end=\"1343\">F220<\/td>\n<td class=\"\" data-start=\"1343\" data-end=\"1371\">0,030 \u2013 0,063<\/td>\n<\/tr>\n<tr data-start=\"1372\" data-end=\"1427\">\n<td class=\"\" data-start=\"1372\" data-end=\"1399\">F240<\/td>\n<td class=\"\" data-start=\"1399\" data-end=\"1427\">0,020 \u2013 0,050<\/td>\n<\/tr>\n<tr data-start=\"1428\" data-end=\"1483\">\n<td class=\"\" data-start=\"1428\" data-end=\"1455\">F280<\/td>\n<td class=\"\" data-start=\"1455\" data-end=\"1483\">0,017 \u2013 0,040<\/td>\n<\/tr>\n<tr data-start=\"1484\" data-end=\"1539\">\n<td class=\"\" data-start=\"1484\" data-end=\"1511\">F320<\/td>\n<td class=\"\" data-start=\"1511\" data-end=\"1539\">0,012 \u2013 0,030<\/td>\n<\/tr>\n<tr data-start=\"1540\" data-end=\"1595\">\n<td class=\"\" data-start=\"1540\" data-end=\"1567\">F360<\/td>\n<td class=\"\" data-start=\"1567\" data-end=\"1595\">0,009 \u2013 0,022<\/td>\n<\/tr>\n<tr data-start=\"1596\" data-end=\"1651\">\n<td class=\"\" data-start=\"1596\" data-end=\"1623\">F400<\/td>\n<td class=\"\" data-start=\"1623\" data-end=\"1651\">0,008 \u2013 0,018<\/td>\n<\/tr>\n<tr data-start=\"1652\" data-end=\"1707\">\n<td class=\"\" data-start=\"1652\" data-end=\"1679\">F500<\/td>\n<td class=\"\" data-start=\"1679\" data-end=\"1707\">0,006 \u2013 0,014<\/td>\n<\/tr>\n<tr data-start=\"1708\" data-end=\"1763\">\n<td class=\"\" data-start=\"1708\" data-end=\"1735\">F600<\/td>\n<td class=\"\" data-start=\"1735\" data-end=\"1763\">0,005 \u2013 0,012<\/td>\n<\/tr>\n<tr data-start=\"1764\" data-end=\"1819\">\n<td class=\"\" data-start=\"1764\" data-end=\"1791\">F800<\/td>\n<td class=\"\" data-start=\"1791\" data-end=\"1819\">0,003 \u2013 0,008<\/td>\n<\/tr>\n<tr data-start=\"1820\" data-end=\"1875\">\n<td class=\"\" data-start=\"1820\" data-end=\"1847\">F1000<\/td>\n<td class=\"\" data-start=\"1847\" data-end=\"1875\">0,002 \u2013 0,006<\/td>\n<\/tr>\n<tr data-start=\"1876\" data-end=\"1931\">\n<td class=\"\" data-start=\"1876\" data-end=\"1903\">F1200<\/td>\n<td class=\"\" data-start=\"1903\" data-end=\"1931\">0,001 \u2013 0,005<\/td>\n<\/tr>\n<\/tbody>\n<\/table>\n<\/div>\n<\/div>\n","protected":false},"excerpt":{"rendered":"<ul>\n<li><strong>Typy: <\/strong>(BFA) F24, F36, F46, F60, F80, F100, F120, F180, F220<\/li>\n<li>\n<h3 class=\"\" data-start=\"647\" data-end=\"668\"><strong data-start=\"651\" data-end=\"668\">Pou\u017eit\u00ed: <span style=\"font-size: 16px;\">Obr\u00f3bka stali nierdzewnej, barevn\u00fdch kov\u016f a hlin\u00edku, <\/span><span style=\"font-size: 16px;\">Matov\u00e1n\u00ed a grav\u00edrov\u00e1n\u00ed skla, <\/span><span style=\"font-size: 16px;\">V\u00fdroba brusn\u00fdch n\u00e1stroj\u016f, <\/span><span style=\"font-size: 16px;\">Technick\u00e1 a \u017e\u00e1ruvzdorn\u00e1 keramika, <\/span><span style=\"font-size: 16px;\">P\u0159esn\u00e9 odl\u00e9v\u00e1n\u00ed, <\/span><span style=\"font-size: 16px;\">P\u00edskov\u00e1n\u00ed v protetice a stomatologii<\/span><\/strong><\/h3>\n<\/li>\n<li><strong>Skladov\u00e1n\u00ed a p\u0159eprava: <\/strong>Materi\u00e1l je t\u0159eba skladovat v suchu a chr\u00e1nit p\u0159ed vlhkost\u00ed. Dod\u00e1v\u00e1 se v 25kg pytl\u00edch, big bagech a na palet\u00e1ch.<\/li>\n<\/ul>\n<p>&nbsp;<\/p>\n","protected":false},"featured_media":12765,"template":"","meta":[],"product_brand":[],"product_cat":[695,1166],"product_tag":[697,1170],"class_list":{"0":"post-12763","1":"product","2":"type-product","3":"status-publish","4":"has-post-thumbnail","6":"product_cat-materialy-pro-piskovani-a-tryskani","7":"product_cat-mineralni-brusiva","8":"product_tag-brusiva","9":"product_tag-elektrokorund-cs","11":"first","12":"instock","13":"shipping-taxable","14":"product-type-simple"},"yoast_head":"<!-- This site is optimized with the Yoast SEO plugin v24.3 - https:\/\/yoast.com\/wordpress\/plugins\/seo\/ -->\n<title>\u0160lecht\u011bn\u00fd elektrokorund (b\u00edl\u00fd) kup w Polsce, dostawa w Europie - INGRITECH<\/title>\n<meta name=\"description\" content=\"B\u00edl\u00fd elektrokorund \u2013 vysoce \u010dist\u00fd brusn\u00fd materi\u00e1l pro opracov\u00e1n\u00ed nerezov\u00e9 oceli, skla a keramiky. Ide\u00e1ln\u00ed pro pr\u016fmyslov\u00e9 a speci\u00e1ln\u00ed aplikace. Pod\u00edvejte se na dostupn\u00e9 zrnitosti!\" \/>\n<meta name=\"robots\" content=\"index, follow, max-snippet:-1, max-image-preview:large, max-video-preview:-1\" \/>\n<link rel=\"canonical\" href=\"https:\/\/ingritech.pl\/cs\/product\/slechteny-elektrokorund-bily\/\" \/>\n<meta property=\"og:locale\" content=\"cs_CZ\" \/>\n<meta property=\"og:type\" content=\"article\" \/>\n<meta property=\"og:title\" content=\"\u0160lecht\u011bn\u00fd elektrokorund (b\u00edl\u00fd) kup w Polsce, dostawa w Europie - INGRITECH\" \/>\n<meta property=\"og:description\" content=\"B\u00edl\u00fd elektrokorund \u2013 vysoce \u010dist\u00fd brusn\u00fd materi\u00e1l pro opracov\u00e1n\u00ed nerezov\u00e9 oceli, skla a keramiky. Ide\u00e1ln\u00ed pro pr\u016fmyslov\u00e9 a speci\u00e1ln\u00ed aplikace. Pod\u00edvejte se na dostupn\u00e9 zrnitosti!\" \/>\n<meta property=\"og:url\" content=\"https:\/\/ingritech.pl\/cs\/product\/slechteny-elektrokorund-bily\/\" \/>\n<meta property=\"og:site_name\" content=\"INGRITECH\" \/>\n<meta property=\"article:modified_time\" content=\"2026-04-20T07:08:04+00:00\" \/>\n<meta property=\"og:image\" content=\"https:\/\/ingritech.pl\/wp-content\/uploads\/2025\/01\/elektrokorund-szlachetny-bialy.webp\" \/>\n\t<meta property=\"og:image:width\" content=\"1024\" \/>\n\t<meta property=\"og:image:height\" content=\"1024\" \/>\n\t<meta property=\"og:image:type\" content=\"image\/webp\" \/>\n<meta name=\"twitter:card\" content=\"summary_large_image\" \/>\n<meta name=\"twitter:label1\" content=\"Odhadovan\u00e1 doba \u010dten\u00ed\" \/>\n\t<meta name=\"twitter:data1\" content=\"1 minuta\" \/>\n<script type=\"application\/ld+json\" class=\"yoast-schema-graph\">{\"@context\":\"https:\/\/schema.org\",\"@graph\":[{\"@type\":\"WebPage\",\"@id\":\"https:\/\/ingritech.pl\/cs\/product\/slechteny-elektrokorund-bily\/\",\"url\":\"https:\/\/ingritech.pl\/cs\/product\/slechteny-elektrokorund-bily\/\",\"name\":\"\u0160lecht\u011bn\u00fd elektrokorund (b\u00edl\u00fd) kup w Polsce, dostawa w Europie - INGRITECH\",\"isPartOf\":{\"@id\":\"https:\/\/ingritech.pl\/cs\/#website\"},\"primaryImageOfPage\":{\"@id\":\"https:\/\/ingritech.pl\/cs\/product\/slechteny-elektrokorund-bily\/#primaryimage\"},\"image\":{\"@id\":\"https:\/\/ingritech.pl\/cs\/product\/slechteny-elektrokorund-bily\/#primaryimage\"},\"thumbnailUrl\":\"https:\/\/ingritech.pl\/wp-content\/uploads\/2025\/01\/elektrokorund-szlachetny-bialy.webp\",\"datePublished\":\"2025-01-30T10:11:28+00:00\",\"dateModified\":\"2026-04-20T07:08:04+00:00\",\"description\":\"B\u00edl\u00fd elektrokorund \u2013 vysoce \u010dist\u00fd brusn\u00fd materi\u00e1l pro opracov\u00e1n\u00ed nerezov\u00e9 oceli, skla a keramiky. Ide\u00e1ln\u00ed pro pr\u016fmyslov\u00e9 a speci\u00e1ln\u00ed aplikace. Pod\u00edvejte se na dostupn\u00e9 zrnitosti!\",\"breadcrumb\":{\"@id\":\"https:\/\/ingritech.pl\/cs\/product\/slechteny-elektrokorund-bily\/#breadcrumb\"},\"inLanguage\":\"cs\",\"potentialAction\":[{\"@type\":\"ReadAction\",\"target\":[\"https:\/\/ingritech.pl\/cs\/product\/slechteny-elektrokorund-bily\/\"]}]},{\"@type\":\"ImageObject\",\"inLanguage\":\"cs\",\"@id\":\"https:\/\/ingritech.pl\/cs\/product\/slechteny-elektrokorund-bily\/#primaryimage\",\"url\":\"https:\/\/ingritech.pl\/wp-content\/uploads\/2025\/01\/elektrokorund-szlachetny-bialy.webp\",\"contentUrl\":\"https:\/\/ingritech.pl\/wp-content\/uploads\/2025\/01\/elektrokorund-szlachetny-bialy.webp\",\"width\":1024,\"height\":1024,\"caption\":\"U\u0161lechtil\u00fd elektrokorund (b\u00edl\u00fd) \u2013 p\u0159esn\u00fd brusn\u00fd prost\u0159edek pro p\u0159\u00edpravu povrch\u016f\"},{\"@type\":\"BreadcrumbList\",\"@id\":\"https:\/\/ingritech.pl\/cs\/product\/slechteny-elektrokorund-bily\/#breadcrumb\",\"itemListElement\":[{\"@type\":\"ListItem\",\"position\":1,\"name\":\"Strona g\u0142\u00f3wna\",\"item\":\"https:\/\/ingritech.pl\/cs\/\"},{\"@type\":\"ListItem\",\"position\":2,\"name\":\"Katalog produkt\u016f\",\"item\":\"https:\/\/ingritech.pl\/katalog\/\"},{\"@type\":\"ListItem\",\"position\":3,\"name\":\"\u0160lecht\u011bn\u00fd elektrokorund (b\u00edl\u00fd)\"}]},{\"@type\":\"WebSite\",\"@id\":\"https:\/\/ingritech.pl\/cs\/#website\",\"url\":\"https:\/\/ingritech.pl\/cs\/\",\"name\":\"Ingritech\",\"description\":\"SUPPLIES AND RAW MATERIALS FOR INDUSTRY\",\"publisher\":{\"@id\":\"https:\/\/ingritech.pl\/cs\/#organization\"},\"alternateName\":\"Ingritech - SUPPLIES AND RAW MATERIALS FOR INDUSTRY\",\"potentialAction\":[{\"@type\":\"SearchAction\",\"target\":{\"@type\":\"EntryPoint\",\"urlTemplate\":\"https:\/\/ingritech.pl\/cs\/?s={search_term_string}\"},\"query-input\":{\"@type\":\"PropertyValueSpecification\",\"valueRequired\":true,\"valueName\":\"search_term_string\"}}],\"inLanguage\":\"cs\"},{\"@type\":\"Organization\",\"@id\":\"https:\/\/ingritech.pl\/cs\/#organization\",\"name\":\"Ingritech\",\"alternateName\":\"Ingritech - sklep z materia\u0142ami eksploatacyjnymi i surowcami dla przemys\u0142u\",\"url\":\"https:\/\/ingritech.pl\/cs\/\",\"logo\":{\"@type\":\"ImageObject\",\"inLanguage\":\"cs\",\"@id\":\"https:\/\/ingritech.pl\/cs\/#\/schema\/logo\/image\/\",\"url\":\"https:\/\/ingritech.pl\/wp-content\/uploads\/2025\/01\/ingretech-logo.webp\",\"contentUrl\":\"https:\/\/ingritech.pl\/wp-content\/uploads\/2025\/01\/ingretech-logo.webp\",\"width\":1280,\"height\":182,\"caption\":\"Ingritech\"},\"image\":{\"@id\":\"https:\/\/ingritech.pl\/cs\/#\/schema\/logo\/image\/\"},\"sameAs\":[\"https:\/\/wa.me\/+48453077323\"]}]}<\/script>\n<!-- \/ Yoast SEO plugin. -->","yoast_head_json":{"title":"\u0160lecht\u011bn\u00fd elektrokorund (b\u00edl\u00fd) kup w Polsce, dostawa w Europie - INGRITECH","description":"B\u00edl\u00fd elektrokorund \u2013 vysoce \u010dist\u00fd brusn\u00fd materi\u00e1l pro opracov\u00e1n\u00ed nerezov\u00e9 oceli, skla a keramiky. Ide\u00e1ln\u00ed pro pr\u016fmyslov\u00e9 a speci\u00e1ln\u00ed aplikace. Pod\u00edvejte se na dostupn\u00e9 zrnitosti!","robots":{"index":"index","follow":"follow","max-snippet":"max-snippet:-1","max-image-preview":"max-image-preview:large","max-video-preview":"max-video-preview:-1"},"canonical":"https:\/\/ingritech.pl\/cs\/product\/slechteny-elektrokorund-bily\/","og_locale":"cs_CZ","og_type":"article","og_title":"\u0160lecht\u011bn\u00fd elektrokorund (b\u00edl\u00fd) kup w Polsce, dostawa w Europie - INGRITECH","og_description":"B\u00edl\u00fd elektrokorund \u2013 vysoce \u010dist\u00fd brusn\u00fd materi\u00e1l pro opracov\u00e1n\u00ed nerezov\u00e9 oceli, skla a keramiky. Ide\u00e1ln\u00ed pro pr\u016fmyslov\u00e9 a speci\u00e1ln\u00ed aplikace. Pod\u00edvejte se na dostupn\u00e9 zrnitosti!","og_url":"https:\/\/ingritech.pl\/cs\/product\/slechteny-elektrokorund-bily\/","og_site_name":"INGRITECH","article_modified_time":"2026-04-20T07:08:04+00:00","og_image":[{"width":1024,"height":1024,"url":"https:\/\/ingritech.pl\/wp-content\/uploads\/2025\/01\/elektrokorund-szlachetny-bialy.webp","type":"image\/webp"}],"twitter_card":"summary_large_image","twitter_misc":{"Odhadovan\u00e1 doba \u010dten\u00ed":"1 minuta"},"schema":{"@context":"https:\/\/schema.org","@graph":[{"@type":"WebPage","@id":"https:\/\/ingritech.pl\/cs\/product\/slechteny-elektrokorund-bily\/","url":"https:\/\/ingritech.pl\/cs\/product\/slechteny-elektrokorund-bily\/","name":"\u0160lecht\u011bn\u00fd elektrokorund (b\u00edl\u00fd) kup w Polsce, dostawa w Europie - INGRITECH","isPartOf":{"@id":"https:\/\/ingritech.pl\/cs\/#website"},"primaryImageOfPage":{"@id":"https:\/\/ingritech.pl\/cs\/product\/slechteny-elektrokorund-bily\/#primaryimage"},"image":{"@id":"https:\/\/ingritech.pl\/cs\/product\/slechteny-elektrokorund-bily\/#primaryimage"},"thumbnailUrl":"https:\/\/ingritech.pl\/wp-content\/uploads\/2025\/01\/elektrokorund-szlachetny-bialy.webp","datePublished":"2025-01-30T10:11:28+00:00","dateModified":"2026-04-20T07:08:04+00:00","description":"B\u00edl\u00fd elektrokorund \u2013 vysoce \u010dist\u00fd brusn\u00fd materi\u00e1l pro opracov\u00e1n\u00ed nerezov\u00e9 oceli, skla a keramiky. Ide\u00e1ln\u00ed pro pr\u016fmyslov\u00e9 a speci\u00e1ln\u00ed aplikace. Pod\u00edvejte se na dostupn\u00e9 zrnitosti!","breadcrumb":{"@id":"https:\/\/ingritech.pl\/cs\/product\/slechteny-elektrokorund-bily\/#breadcrumb"},"inLanguage":"cs","potentialAction":[{"@type":"ReadAction","target":["https:\/\/ingritech.pl\/cs\/product\/slechteny-elektrokorund-bily\/"]}]},{"@type":"ImageObject","inLanguage":"cs","@id":"https:\/\/ingritech.pl\/cs\/product\/slechteny-elektrokorund-bily\/#primaryimage","url":"https:\/\/ingritech.pl\/wp-content\/uploads\/2025\/01\/elektrokorund-szlachetny-bialy.webp","contentUrl":"https:\/\/ingritech.pl\/wp-content\/uploads\/2025\/01\/elektrokorund-szlachetny-bialy.webp","width":1024,"height":1024,"caption":"U\u0161lechtil\u00fd elektrokorund (b\u00edl\u00fd) \u2013 p\u0159esn\u00fd brusn\u00fd prost\u0159edek pro p\u0159\u00edpravu povrch\u016f"},{"@type":"BreadcrumbList","@id":"https:\/\/ingritech.pl\/cs\/product\/slechteny-elektrokorund-bily\/#breadcrumb","itemListElement":[{"@type":"ListItem","position":1,"name":"Strona g\u0142\u00f3wna","item":"https:\/\/ingritech.pl\/cs\/"},{"@type":"ListItem","position":2,"name":"Katalog produkt\u016f","item":"https:\/\/ingritech.pl\/katalog\/"},{"@type":"ListItem","position":3,"name":"\u0160lecht\u011bn\u00fd elektrokorund (b\u00edl\u00fd)"}]},{"@type":"WebSite","@id":"https:\/\/ingritech.pl\/cs\/#website","url":"https:\/\/ingritech.pl\/cs\/","name":"Ingritech","description":"SUPPLIES AND RAW MATERIALS FOR INDUSTRY","publisher":{"@id":"https:\/\/ingritech.pl\/cs\/#organization"},"alternateName":"Ingritech - SUPPLIES AND RAW MATERIALS FOR INDUSTRY","potentialAction":[{"@type":"SearchAction","target":{"@type":"EntryPoint","urlTemplate":"https:\/\/ingritech.pl\/cs\/?s={search_term_string}"},"query-input":{"@type":"PropertyValueSpecification","valueRequired":true,"valueName":"search_term_string"}}],"inLanguage":"cs"},{"@type":"Organization","@id":"https:\/\/ingritech.pl\/cs\/#organization","name":"Ingritech","alternateName":"Ingritech - sklep z materia\u0142ami eksploatacyjnymi i surowcami dla przemys\u0142u","url":"https:\/\/ingritech.pl\/cs\/","logo":{"@type":"ImageObject","inLanguage":"cs","@id":"https:\/\/ingritech.pl\/cs\/#\/schema\/logo\/image\/","url":"https:\/\/ingritech.pl\/wp-content\/uploads\/2025\/01\/ingretech-logo.webp","contentUrl":"https:\/\/ingritech.pl\/wp-content\/uploads\/2025\/01\/ingretech-logo.webp","width":1280,"height":182,"caption":"Ingritech"},"image":{"@id":"https:\/\/ingritech.pl\/cs\/#\/schema\/logo\/image\/"},"sameAs":["https:\/\/wa.me\/+48453077323"]}]}},"_links":{"self":[{"href":"https:\/\/ingritech.pl\/cs\/wp-json\/wp\/v2\/product\/12763","targetHints":{"allow":["GET"]}}],"collection":[{"href":"https:\/\/ingritech.pl\/cs\/wp-json\/wp\/v2\/product"}],"about":[{"href":"https:\/\/ingritech.pl\/cs\/wp-json\/wp\/v2\/types\/product"}],"wp:featuredmedia":[{"embeddable":true,"href":"https:\/\/ingritech.pl\/cs\/wp-json\/wp\/v2\/media\/12765"}],"wp:attachment":[{"href":"https:\/\/ingritech.pl\/cs\/wp-json\/wp\/v2\/media?parent=12763"}],"wp:term":[{"taxonomy":"product_brand","embeddable":true,"href":"https:\/\/ingritech.pl\/cs\/wp-json\/wp\/v2\/product_brand?post=12763"},{"taxonomy":"product_cat","embeddable":true,"href":"https:\/\/ingritech.pl\/cs\/wp-json\/wp\/v2\/product_cat?post=12763"},{"taxonomy":"product_tag","embeddable":true,"href":"https:\/\/ingritech.pl\/cs\/wp-json\/wp\/v2\/product_tag?post=12763"}],"curies":[{"name":"wp","href":"https:\/\/api.w.org\/{rel}","templated":true}]}}