{"id":12064,"date":"2019-08-12T12:40:15","date_gmt":"2019-08-12T10:40:15","guid":{"rendered":"https:\/\/ingritech.pl\/ueber-uns\/"},"modified":"2026-04-10T13:59:01","modified_gmt":"2026-04-10T11:59:01","slug":"ueber-uns","status":"publish","type":"page","link":"https:\/\/ingritech.pl\/de\/ueber-uns\/","title":{"rendered":"\u00dcber uns"},"content":{"rendered":"<div class=\"wpb-content-wrapper\"><p>[vc_row full_width=&#8221;stretch_row&#8221; css=&#8221;.vc_custom_1737657227826{margin-bottom: 0px !important;padding-top: 150px !important;padding-bottom: 140px !important;background-image: url(https:\/\/ingritech.pl\/wp-content\/uploads\/2025\/01\/INGRITECH-1.webp?id=9119) !important;background-position: center !important;background-repeat: no-repeat !important;background-size: cover !important;}&#8221; el_class=&#8221;slider_about&#8221;][vc_column][vc_empty_space height=&#8221;30px&#8221;][vc_row_inner][vc_column_inner width=&#8221;1\/6&#8243;][\/vc_column_inner][vc_column_inner el_class=&#8221;bg-button&#8221; width=&#8221;2\/3&#8243;][vc_column_text css=&#8221;&#8221;]<\/p>\n<p style=\"text-align: center; font-weight: 600; font-size: 60px; line-height: 67px; color: #fff;\">\u00dcBER INGRITECH<\/p>\n<p>[\/vc_column_text][vc_empty_space height=&#8221;20px&#8221;][vc_column_text css=&#8221;&#8221;]<\/p>\n<p style=\"text-align: center; color: #fff; font-size: 17px; line-height: 29px; text-transform: uppercase; font-weight: 600; letter-spacing: 1px;\">Verbrauchsmaterialien und Rohstoffe f\u00fcr die Industrie<\/p>\n<p>[\/vc_column_text][\/vc_column_inner][vc_column_inner width=&#8221;1\/6&#8243;][\/vc_column_inner][\/vc_row_inner][\/vc_column][\/vc_row][vc_row css=&#8221;.vc_custom_1625642082469{margin-top: 50px !important;margin-bottom: 45px !important;}&#8221;][vc_column width=&#8221;1\/2&#8243;][vc_column_text css=&#8221;&#8221;]INGRITECH ist ein erfahrener Partner f\u00fcr die Lieferung von Verbrauchsmaterialien und Rohstoffen f\u00fcr verschiedene Industriezweige. Wir sind auf die Lieferung von Stahlschrot namhafter ukrainischer Hersteller spezialisiert und bieten Produkte von h\u00f6chster Qualit\u00e4t, die die Effizienz industrieller Prozesse steigern.[\/vc_column_text][vc_empty_space height=&#8221;35px&#8221;][vc_column_text css=&#8221;&#8221;]<\/p>\n<p style=\"text-align: left; color: #151515; font-weight: 600; font-size: 35px; line-height: 41px;\">Unsere Produkte<\/p>\n<p>[\/vc_column_text][vc_empty_space height=&#8221;30px&#8221;][vc_column_text css=&#8221;&#8221;]Das von uns angebotene Stahlgranulat zeichnet sich durch folgende Eigenschaften aus:<\/p>\n<ul>\n<li><strong>Hohe Festigkeit und Verschlei\u00dffestigkeit<\/strong> \u2013 ideal f\u00fcr den Langzeitgebrauch.<\/li>\n<li><strong>Effizienz bei Reinigungsprozessen<\/strong> \u2013 zuverl\u00e4ssige Entfernung von Verunreinigungen wie Rost oder Zunder.<\/li>\n<li><strong>Vielseitige Einsatzm\u00f6glichkeiten<\/strong> \u2013 geeignet f\u00fcr zahlreiche Industriezweige.<\/li>\n<li><strong>Durch die Vielfalt der verf\u00fcgbaren Fraktionen<\/strong> \u2013 zugeschnitten auf die spezifischen Bed\u00fcrfnisse des Kunden.<\/li>\n<\/ul>\n<p>[\/vc_column_text][\/vc_column][vc_column width=&#8221;1\/2&#8243; css=&#8221;.vc_custom_1605685529227{padding-left: 75px !important;}&#8221; el_class=&#8221;ab2-right&#8221;][vc_column_text css=&#8221;&#8221;]<\/p>\n<p style=\"text-align: right;\"><img loading=\"lazy\" decoding=\"async\" class=\"alignnone wp-image-9113 size-full\" src=\"https:\/\/ingritech.pl\/wp-content\/uploads\/2025\/01\/document-_1_.webp\" alt=\"\" width=\"984\" height=\"890\" \/><\/p>\n<p>[\/vc_column_text][\/vc_column][\/vc_row][vc_row css=&#8221;.vc_custom_1625642082469{margin-top: 50px !important;margin-bottom: 45px !important;}&#8221;][vc_column width=&#8221;1\/2&#8243;][vc_column_text css=&#8221;&#8221;]<\/p>\n<p style=\"text-align: left; color: #151515; font-weight: 600; font-size: 35px; line-height: 41px;\">Warum INGRITECH?<\/p>\n<p>[\/vc_column_text][vc_empty_space height=&#8221;35px&#8221;][vc_column_text css=&#8221;&#8221;]<\/p>\n<ul>\n<li>Wir bieten Produkte an, die den h\u00f6chsten Qualit\u00e4tsstandards entsprechen.<\/li>\n<li>Wir arbeiten mit den besten Herstellern zusammen und bieten wettbewerbsf\u00e4hige Preise.<\/li>\n<li>Wir legen stets Wert auf eine individuelle Herangehensweise und passen unser Angebot an die Bed\u00fcrfnisse unserer Kunden an.<\/li>\n<\/ul>\n<p>Wir laden Sie herzlich ein, sich mit uns in Verbindung zu setzen, um die Einzelheiten unserer Zusammenarbeit zu besprechen und die besten L\u00f6sungen f\u00fcr Ihr Unternehmen auszuw\u00e4hlen. INGRITECH \u2013 ein Partner, auf den Sie sich verlassen k\u00f6nnen![\/vc_column_text][\/vc_column][vc_column width=&#8221;1\/2&#8243; css=&#8221;.vc_custom_1605685529227{padding-left: 75px !important;}&#8221; el_class=&#8221;ab2-right&#8221;][vc_column_text css=&#8221;&#8221;]<\/p>\n<p style=\"text-align: right;\"><img loading=\"lazy\" decoding=\"async\" class=\"alignnone wp-image-9116 size-full\" src=\"https:\/\/ingritech.pl\/wp-content\/uploads\/2025\/01\/INGRITECH-2.webp\" alt=\"INGRITECH\" width=\"984\" height=\"890\" \/><\/p>\n<p>[\/vc_column_text][\/vc_column][\/vc_row][vc_row css=&#8221;.vc_custom_1625642082469{margin-top: 50px !important;margin-bottom: 45px !important;}&#8221;][vc_column width=&#8221;1\/2&#8243;][vc_column_text css=&#8221;&#8221;]<\/p>\n<p style=\"text-align: left; color: #151515; font-weight: 600; font-size: 35px; line-height: 41px;\">Anwendung<\/p>\n<p>[\/vc_column_text][vc_empty_space height=&#8221;30px&#8221;][vc_column_text css=&#8221;&#8221;]Unsere Produkte finden in vielen Industriebereichen Anwendung, darunter:<\/p>\n<ul>\n<li>Reinigung von Metalloberfl\u00e4chen vor dem Lackieren, Beschichten oder Galvanisieren.<\/li>\n<li>Verst\u00e4rkung und Vorbereitung von Bauteilen und Maschinen.<\/li>\n<li>Oberfl\u00e4chenbearbeitung von Werkzeugen und Industriekomponenten.<\/li>\n<li>Reinigung von Beh\u00e4ltern, Rohrleitungen, Kesseln und anderen industriellen Anlagen.<\/li>\n<\/ul>\n<p>[\/vc_column_text][\/vc_column][vc_column width=&#8221;1\/2&#8243; css=&#8221;.vc_custom_1605685529227{padding-left: 75px !important;}&#8221; el_class=&#8221;ab2-right&#8221;][vc_column_text css=&#8221;&#8221;]<\/p>\n<p style=\"text-align: left; color: #151515; font-weight: 600; font-size: 35px; line-height: 41px;\">Kooperationsbedingungen<\/p>\n<p>[\/vc_column_text][vc_empty_space height=&#8221;30px&#8221;][vc_column_text css=&#8221;&#8221;]<\/p>\n<ul>\n<li><strong>Preis:<\/strong> Flexible Preisgestaltung, abh\u00e4ngig von der Bestellmenge und der gew\u00e4hlten K\u00f6rnung. F\u00fcr Stammkunden und gr\u00f6\u00dfere Bestellungen bieten wir Rabatte an.<\/li>\n<li><strong>Lieferung:<\/strong> Schnelle Lieferzeiten \u2013 wir liefern Bestellungen innerhalb von 5\u20137 Werktagen.<\/li>\n<li><strong>Zahlung:<\/strong> Bequeme Zahlungsm\u00f6glichkeiten wie Vorauskasse, Nachnahme und andere individuell vereinbarte Zahlungsarten.<\/li>\n<\/ul>\n<p>[\/vc_column_text][\/vc_column][\/vc_row]<\/p>\n<\/div>","protected":false},"excerpt":{"rendered":"<p>[vc_row full_width=&#8221;stretch_row&#8221; css=&#8221;.vc_custom_1737657227826{margin-bottom: 0px !important;padding-top: 150px !important;padding-bottom: 140px !important;background-image: url(https:\/\/ingritech.pl\/wp-content\/uploads\/2025\/01\/INGRITECH-1.webp?id=9119) !important;background-position: center !important;background-repeat: no-repeat !important;background-size: cover !important;}&#8221; el_class=&#8221;slider_about&#8221;][vc_column][vc_empty_space height=&#8221;30px&#8221;][vc_row_inner][vc_column_inner width=&#8221;1\/6&#8243;][\/vc_column_inner][vc_column_inner el_class=&#8221;bg-button&#8221; width=&#8221;2\/3&#8243;][vc_column_text css=&#8221;&#8221;] \u00dcBER INGRITECH [\/vc_column_text][vc_empty_space height=&#8221;20px&#8221;][vc_column_text css=&#8221;&#8221;] Verbrauchsmaterialien und Rohstoffe f\u00fcr die Industrie [\/vc_column_text][\/vc_column_inner][vc_column_inner width=&#8221;1\/6&#8243;][\/vc_column_inner][\/vc_row_inner][\/vc_column][\/vc_row][vc_row css=&#8221;.vc_custom_1625642082469{margin-top: 50px !important;margin-bottom: 45px !important;}&#8221;][vc_column width=&#8221;1\/2&#8243;][vc_column_text css=&#8221;&#8221;]INGRITECH ist ein erfahrener Partner f\u00fcr die Lieferung von Verbrauchsmaterialien und Rohstoffen f\u00fcr [&hellip;]<\/p>\n","protected":false},"author":1,"featured_media":0,"parent":0,"menu_order":0,"comment_status":"closed","ping_status":"closed","template":"","meta":{"footnotes":""},"class_list":["post-12064","page","type-page","status-publish","hentry"],"yoast_head":"<!-- This site is optimized with the Yoast SEO plugin v24.3 - https:\/\/yoast.com\/wordpress\/plugins\/seo\/ -->\n<title>Informationen \u00fcber das Unternehmen Ingritech \u2013 Leitbild, Vorteile<\/title>\n<meta name=\"description\" content=\"Alle Informationen \u00fcber das Unternehmen Ingritech. Vorteile des Unternehmens, Kooperationsbedingungen, Unternehmensleitbild.\" \/>\n<meta name=\"robots\" content=\"index, follow, max-snippet:-1, max-image-preview:large, max-video-preview:-1\" \/>\n<link rel=\"canonical\" href=\"https:\/\/ingritech.pl\/de\/ueber-uns\/\" \/>\n<meta property=\"og:locale\" content=\"de_DE\" \/>\n<meta property=\"og:type\" content=\"article\" \/>\n<meta property=\"og:title\" content=\"Informationen \u00fcber das Unternehmen Ingritech \u2013 Leitbild, Vorteile\" \/>\n<meta property=\"og:description\" content=\"Alle Informationen \u00fcber das Unternehmen Ingritech. Vorteile des Unternehmens, Kooperationsbedingungen, Unternehmensleitbild.\" \/>\n<meta property=\"og:url\" content=\"https:\/\/ingritech.pl\/de\/ueber-uns\/\" \/>\n<meta property=\"og:site_name\" content=\"INGRITECH\" \/>\n<meta property=\"article:modified_time\" content=\"2026-04-10T11:59:01+00:00\" \/>\n<meta property=\"og:image\" content=\"https:\/\/ingritech.pl\/wp-content\/uploads\/2025\/01\/document-_1_.webp\" \/>\n\t<meta property=\"og:image:width\" content=\"1200\" \/>\n\t<meta property=\"og:image:height\" content=\"628\" \/>\n\t<meta property=\"og:image:type\" content=\"image\/webp\" \/>\n<meta name=\"twitter:card\" content=\"summary_large_image\" \/>\n<meta name=\"twitter:label1\" content=\"Gesch\u00e4tzte Lesezeit\" \/>\n\t<meta name=\"twitter:data1\" content=\"3\u00a0Minuten\" \/>\n<script type=\"application\/ld+json\" class=\"yoast-schema-graph\">{\"@context\":\"https:\/\/schema.org\",\"@graph\":[{\"@type\":\"WebPage\",\"@id\":\"https:\/\/ingritech.pl\/de\/ueber-uns\/\",\"url\":\"https:\/\/ingritech.pl\/de\/ueber-uns\/\",\"name\":\"Informationen \u00fcber das Unternehmen Ingritech \u2013 Leitbild, Vorteile\",\"isPartOf\":{\"@id\":\"https:\/\/ingritech.pl\/de\/#website\"},\"primaryImageOfPage\":{\"@id\":\"https:\/\/ingritech.pl\/de\/ueber-uns\/#primaryimage\"},\"image\":{\"@id\":\"https:\/\/ingritech.pl\/de\/ueber-uns\/#primaryimage\"},\"thumbnailUrl\":\"https:\/\/ingritech.pl\/wp-content\/uploads\/2025\/01\/document-_1_.webp\",\"datePublished\":\"2019-08-12T10:40:15+00:00\",\"dateModified\":\"2026-04-10T11:59:01+00:00\",\"description\":\"Alle Informationen \u00fcber das Unternehmen Ingritech. Vorteile des Unternehmens, Kooperationsbedingungen, Unternehmensleitbild.\",\"breadcrumb\":{\"@id\":\"https:\/\/ingritech.pl\/de\/ueber-uns\/#breadcrumb\"},\"inLanguage\":\"de\",\"potentialAction\":[{\"@type\":\"ReadAction\",\"target\":[\"https:\/\/ingritech.pl\/de\/ueber-uns\/\"]}]},{\"@type\":\"ImageObject\",\"inLanguage\":\"de\",\"@id\":\"https:\/\/ingritech.pl\/de\/ueber-uns\/#primaryimage\",\"url\":\"https:\/\/ingritech.pl\/wp-content\/uploads\/2025\/01\/document-_1_.webp\",\"contentUrl\":\"https:\/\/ingritech.pl\/wp-content\/uploads\/2025\/01\/document-_1_.webp\"},{\"@type\":\"BreadcrumbList\",\"@id\":\"https:\/\/ingritech.pl\/de\/ueber-uns\/#breadcrumb\",\"itemListElement\":[{\"@type\":\"ListItem\",\"position\":1,\"name\":\"Strona g\u0142\u00f3wna\",\"item\":\"https:\/\/ingritech.pl\/de\/\"},{\"@type\":\"ListItem\",\"position\":2,\"name\":\"\u00dcber uns\"}]},{\"@type\":\"WebSite\",\"@id\":\"https:\/\/ingritech.pl\/de\/#website\",\"url\":\"https:\/\/ingritech.pl\/de\/\",\"name\":\"Ingritech\",\"description\":\"SUPPLIES AND RAW MATERIALS FOR INDUSTRY\",\"publisher\":{\"@id\":\"https:\/\/ingritech.pl\/de\/#organization\"},\"alternateName\":\"Ingritech - SUPPLIES AND RAW MATERIALS FOR INDUSTRY\",\"potentialAction\":[{\"@type\":\"SearchAction\",\"target\":{\"@type\":\"EntryPoint\",\"urlTemplate\":\"https:\/\/ingritech.pl\/de\/?s={search_term_string}\"},\"query-input\":{\"@type\":\"PropertyValueSpecification\",\"valueRequired\":true,\"valueName\":\"search_term_string\"}}],\"inLanguage\":\"de\"},{\"@type\":\"Organization\",\"@id\":\"https:\/\/ingritech.pl\/de\/#organization\",\"name\":\"Ingritech\",\"alternateName\":\"Ingritech - sklep z materia\u0142ami eksploatacyjnymi i surowcami dla przemys\u0142u\",\"url\":\"https:\/\/ingritech.pl\/de\/\",\"logo\":{\"@type\":\"ImageObject\",\"inLanguage\":\"de\",\"@id\":\"https:\/\/ingritech.pl\/de\/#\/schema\/logo\/image\/\",\"url\":\"https:\/\/ingritech.pl\/wp-content\/uploads\/2025\/01\/ingretech-logo.webp\",\"contentUrl\":\"https:\/\/ingritech.pl\/wp-content\/uploads\/2025\/01\/ingretech-logo.webp\",\"width\":1280,\"height\":182,\"caption\":\"Ingritech\"},\"image\":{\"@id\":\"https:\/\/ingritech.pl\/de\/#\/schema\/logo\/image\/\"},\"sameAs\":[\"https:\/\/wa.me\/+48453077323\"]}]}<\/script>\n<!-- \/ Yoast SEO plugin. -->","yoast_head_json":{"title":"Informationen \u00fcber das Unternehmen Ingritech \u2013 Leitbild, Vorteile","description":"Alle Informationen \u00fcber das Unternehmen Ingritech. Vorteile des Unternehmens, Kooperationsbedingungen, Unternehmensleitbild.","robots":{"index":"index","follow":"follow","max-snippet":"max-snippet:-1","max-image-preview":"max-image-preview:large","max-video-preview":"max-video-preview:-1"},"canonical":"https:\/\/ingritech.pl\/de\/ueber-uns\/","og_locale":"de_DE","og_type":"article","og_title":"Informationen \u00fcber das Unternehmen Ingritech \u2013 Leitbild, Vorteile","og_description":"Alle Informationen \u00fcber das Unternehmen Ingritech. Vorteile des Unternehmens, Kooperationsbedingungen, Unternehmensleitbild.","og_url":"https:\/\/ingritech.pl\/de\/ueber-uns\/","og_site_name":"INGRITECH","article_modified_time":"2026-04-10T11:59:01+00:00","og_image":[{"width":1200,"height":628,"url":"https:\/\/ingritech.pl\/wp-content\/uploads\/2025\/01\/document-_1_.webp","type":"image\/webp"}],"twitter_card":"summary_large_image","twitter_misc":{"Gesch\u00e4tzte Lesezeit":"3\u00a0Minuten"},"schema":{"@context":"https:\/\/schema.org","@graph":[{"@type":"WebPage","@id":"https:\/\/ingritech.pl\/de\/ueber-uns\/","url":"https:\/\/ingritech.pl\/de\/ueber-uns\/","name":"Informationen \u00fcber das Unternehmen Ingritech \u2013 Leitbild, Vorteile","isPartOf":{"@id":"https:\/\/ingritech.pl\/de\/#website"},"primaryImageOfPage":{"@id":"https:\/\/ingritech.pl\/de\/ueber-uns\/#primaryimage"},"image":{"@id":"https:\/\/ingritech.pl\/de\/ueber-uns\/#primaryimage"},"thumbnailUrl":"https:\/\/ingritech.pl\/wp-content\/uploads\/2025\/01\/document-_1_.webp","datePublished":"2019-08-12T10:40:15+00:00","dateModified":"2026-04-10T11:59:01+00:00","description":"Alle Informationen \u00fcber das Unternehmen Ingritech. Vorteile des Unternehmens, Kooperationsbedingungen, Unternehmensleitbild.","breadcrumb":{"@id":"https:\/\/ingritech.pl\/de\/ueber-uns\/#breadcrumb"},"inLanguage":"de","potentialAction":[{"@type":"ReadAction","target":["https:\/\/ingritech.pl\/de\/ueber-uns\/"]}]},{"@type":"ImageObject","inLanguage":"de","@id":"https:\/\/ingritech.pl\/de\/ueber-uns\/#primaryimage","url":"https:\/\/ingritech.pl\/wp-content\/uploads\/2025\/01\/document-_1_.webp","contentUrl":"https:\/\/ingritech.pl\/wp-content\/uploads\/2025\/01\/document-_1_.webp"},{"@type":"BreadcrumbList","@id":"https:\/\/ingritech.pl\/de\/ueber-uns\/#breadcrumb","itemListElement":[{"@type":"ListItem","position":1,"name":"Strona g\u0142\u00f3wna","item":"https:\/\/ingritech.pl\/de\/"},{"@type":"ListItem","position":2,"name":"\u00dcber uns"}]},{"@type":"WebSite","@id":"https:\/\/ingritech.pl\/de\/#website","url":"https:\/\/ingritech.pl\/de\/","name":"Ingritech","description":"SUPPLIES AND RAW MATERIALS FOR INDUSTRY","publisher":{"@id":"https:\/\/ingritech.pl\/de\/#organization"},"alternateName":"Ingritech - SUPPLIES AND RAW MATERIALS FOR INDUSTRY","potentialAction":[{"@type":"SearchAction","target":{"@type":"EntryPoint","urlTemplate":"https:\/\/ingritech.pl\/de\/?s={search_term_string}"},"query-input":{"@type":"PropertyValueSpecification","valueRequired":true,"valueName":"search_term_string"}}],"inLanguage":"de"},{"@type":"Organization","@id":"https:\/\/ingritech.pl\/de\/#organization","name":"Ingritech","alternateName":"Ingritech - sklep z materia\u0142ami eksploatacyjnymi i surowcami dla przemys\u0142u","url":"https:\/\/ingritech.pl\/de\/","logo":{"@type":"ImageObject","inLanguage":"de","@id":"https:\/\/ingritech.pl\/de\/#\/schema\/logo\/image\/","url":"https:\/\/ingritech.pl\/wp-content\/uploads\/2025\/01\/ingretech-logo.webp","contentUrl":"https:\/\/ingritech.pl\/wp-content\/uploads\/2025\/01\/ingretech-logo.webp","width":1280,"height":182,"caption":"Ingritech"},"image":{"@id":"https:\/\/ingritech.pl\/de\/#\/schema\/logo\/image\/"},"sameAs":["https:\/\/wa.me\/+48453077323"]}]}},"_links":{"self":[{"href":"https:\/\/ingritech.pl\/de\/wp-json\/wp\/v2\/pages\/12064","targetHints":{"allow":["GET"]}}],"collection":[{"href":"https:\/\/ingritech.pl\/de\/wp-json\/wp\/v2\/pages"}],"about":[{"href":"https:\/\/ingritech.pl\/de\/wp-json\/wp\/v2\/types\/page"}],"author":[{"embeddable":true,"href":"https:\/\/ingritech.pl\/de\/wp-json\/wp\/v2\/users\/1"}],"replies":[{"embeddable":true,"href":"https:\/\/ingritech.pl\/de\/wp-json\/wp\/v2\/comments?post=12064"}],"version-history":[{"count":6,"href":"https:\/\/ingritech.pl\/de\/wp-json\/wp\/v2\/pages\/12064\/revisions"}],"predecessor-version":[{"id":12076,"href":"https:\/\/ingritech.pl\/de\/wp-json\/wp\/v2\/pages\/12064\/revisions\/12076"}],"wp:attachment":[{"href":"https:\/\/ingritech.pl\/de\/wp-json\/wp\/v2\/media?parent=12064"}],"curies":[{"name":"wp","href":"https:\/\/api.w.org\/{rel}","templated":true}]}}