{"id":12650,"date":"2015-02-11T13:37:19","date_gmt":"2015-02-11T12:37:19","guid":{"rendered":"https:\/\/ingritech.pl\/blog\/"},"modified":"2015-02-11T13:37:19","modified_gmt":"2015-02-11T12:37:19","slug":"blog","status":"publish","type":"page","link":"https:\/\/ingritech.pl\/de\/blog\/","title":{"rendered":"Blog"},"content":{"rendered":"","protected":false},"excerpt":{"rendered":"","protected":false},"author":1,"featured_media":0,"parent":0,"menu_order":0,"comment_status":"closed","ping_status":"closed","template":"templates\/template-blog-2.php","meta":{"footnotes":""},"class_list":["post-12650","page","type-page","status-publish","hentry"],"yoast_head":"<!-- This site is optimized with the Yoast SEO plugin v24.3 - https:\/\/yoast.com\/wordpress\/plugins\/seo\/ -->\n<title>Ingritech Blog \u2013 Materialien und Rohstoffe f\u00fcr die Industrie<\/title>\n<meta name=\"description\" content=\"Der Ingritech Blog \u00fcber Verbrauchsmaterialien und Rohstoffe f\u00fcr die Industrie. Lesen Sie die Artikel. N\u00fctzliche Informationen.\" \/>\n<meta name=\"robots\" content=\"index, follow, max-snippet:-1, max-image-preview:large, max-video-preview:-1\" \/>\n<link rel=\"canonical\" href=\"https:\/\/ingritech.pl\/de\/blog\/\" \/>\n<meta property=\"og:locale\" content=\"de_DE\" \/>\n<meta property=\"og:type\" content=\"article\" \/>\n<meta property=\"og:title\" content=\"Ingritech Blog \u2013 Materialien und Rohstoffe f\u00fcr die Industrie\" \/>\n<meta property=\"og:description\" content=\"Der Ingritech Blog \u00fcber Verbrauchsmaterialien und Rohstoffe f\u00fcr die Industrie. Lesen Sie die Artikel. N\u00fctzliche Informationen.\" \/>\n<meta property=\"og:url\" content=\"https:\/\/ingritech.pl\/de\/blog\/\" \/>\n<meta property=\"og:site_name\" content=\"INGRITECH\" \/>\n<meta property=\"og:image\" content=\"https:\/\/ingritech.pl\/wp-content\/uploads\/2025\/01\/ingretech-logo.webp\" \/>\n\t<meta property=\"og:image:width\" content=\"1280\" \/>\n\t<meta property=\"og:image:height\" content=\"182\" \/>\n\t<meta property=\"og:image:type\" content=\"image\/webp\" \/>\n<meta name=\"twitter:card\" content=\"summary_large_image\" \/>\n<script type=\"application\/ld+json\" class=\"yoast-schema-graph\">{\"@context\":\"https:\/\/schema.org\",\"@graph\":[{\"@type\":\"WebPage\",\"@id\":\"https:\/\/ingritech.pl\/de\/blog\/\",\"url\":\"https:\/\/ingritech.pl\/de\/blog\/\",\"name\":\"Ingritech Blog \u2013 Materialien und Rohstoffe f\u00fcr die Industrie\",\"isPartOf\":{\"@id\":\"https:\/\/ingritech.pl\/de\/#website\"},\"datePublished\":\"2015-02-11T12:37:19+00:00\",\"dateModified\":\"2015-02-11T12:37:19+00:00\",\"description\":\"Der Ingritech Blog \u00fcber Verbrauchsmaterialien und Rohstoffe f\u00fcr die Industrie. Lesen Sie die Artikel. N\u00fctzliche Informationen.\",\"breadcrumb\":{\"@id\":\"https:\/\/ingritech.pl\/de\/blog\/#breadcrumb\"},\"inLanguage\":\"de\",\"potentialAction\":[{\"@type\":\"ReadAction\",\"target\":[\"https:\/\/ingritech.pl\/de\/blog\/\"]}]},{\"@type\":\"BreadcrumbList\",\"@id\":\"https:\/\/ingritech.pl\/de\/blog\/#breadcrumb\",\"itemListElement\":[{\"@type\":\"ListItem\",\"position\":1,\"name\":\"Strona g\u0142\u00f3wna\",\"item\":\"https:\/\/ingritech.pl\/de\/\"},{\"@type\":\"ListItem\",\"position\":2,\"name\":\"Blog\"}]},{\"@type\":\"WebSite\",\"@id\":\"https:\/\/ingritech.pl\/de\/#website\",\"url\":\"https:\/\/ingritech.pl\/de\/\",\"name\":\"Ingritech\",\"description\":\"SUPPLIES AND RAW MATERIALS FOR INDUSTRY\",\"publisher\":{\"@id\":\"https:\/\/ingritech.pl\/de\/#organization\"},\"alternateName\":\"Ingritech - SUPPLIES AND RAW MATERIALS FOR INDUSTRY\",\"potentialAction\":[{\"@type\":\"SearchAction\",\"target\":{\"@type\":\"EntryPoint\",\"urlTemplate\":\"https:\/\/ingritech.pl\/de\/?s={search_term_string}\"},\"query-input\":{\"@type\":\"PropertyValueSpecification\",\"valueRequired\":true,\"valueName\":\"search_term_string\"}}],\"inLanguage\":\"de\"},{\"@type\":\"Organization\",\"@id\":\"https:\/\/ingritech.pl\/de\/#organization\",\"name\":\"Ingritech\",\"alternateName\":\"Ingritech - sklep z materia\u0142ami eksploatacyjnymi i surowcami dla przemys\u0142u\",\"url\":\"https:\/\/ingritech.pl\/de\/\",\"logo\":{\"@type\":\"ImageObject\",\"inLanguage\":\"de\",\"@id\":\"https:\/\/ingritech.pl\/de\/#\/schema\/logo\/image\/\",\"url\":\"https:\/\/ingritech.pl\/wp-content\/uploads\/2025\/01\/ingretech-logo.webp\",\"contentUrl\":\"https:\/\/ingritech.pl\/wp-content\/uploads\/2025\/01\/ingretech-logo.webp\",\"width\":1280,\"height\":182,\"caption\":\"Ingritech\"},\"image\":{\"@id\":\"https:\/\/ingritech.pl\/de\/#\/schema\/logo\/image\/\"},\"sameAs\":[\"https:\/\/wa.me\/+48453077323\"]}]}<\/script>\n<!-- \/ Yoast SEO plugin. -->","yoast_head_json":{"title":"Ingritech Blog \u2013 Materialien und Rohstoffe f\u00fcr die Industrie","description":"Der Ingritech Blog \u00fcber Verbrauchsmaterialien und Rohstoffe f\u00fcr die Industrie. Lesen Sie die Artikel. N\u00fctzliche Informationen.","robots":{"index":"index","follow":"follow","max-snippet":"max-snippet:-1","max-image-preview":"max-image-preview:large","max-video-preview":"max-video-preview:-1"},"canonical":"https:\/\/ingritech.pl\/de\/blog\/","og_locale":"de_DE","og_type":"article","og_title":"Ingritech Blog \u2013 Materialien und Rohstoffe f\u00fcr die Industrie","og_description":"Der Ingritech Blog \u00fcber Verbrauchsmaterialien und Rohstoffe f\u00fcr die Industrie. Lesen Sie die Artikel. N\u00fctzliche Informationen.","og_url":"https:\/\/ingritech.pl\/de\/blog\/","og_site_name":"INGRITECH","og_image":[{"width":1280,"height":182,"url":"https:\/\/ingritech.pl\/wp-content\/uploads\/2025\/01\/ingretech-logo.webp","type":"image\/webp"}],"twitter_card":"summary_large_image","schema":{"@context":"https:\/\/schema.org","@graph":[{"@type":"WebPage","@id":"https:\/\/ingritech.pl\/de\/blog\/","url":"https:\/\/ingritech.pl\/de\/blog\/","name":"Ingritech Blog \u2013 Materialien und Rohstoffe f\u00fcr die Industrie","isPartOf":{"@id":"https:\/\/ingritech.pl\/de\/#website"},"datePublished":"2015-02-11T12:37:19+00:00","dateModified":"2015-02-11T12:37:19+00:00","description":"Der Ingritech Blog \u00fcber Verbrauchsmaterialien und Rohstoffe f\u00fcr die Industrie. Lesen Sie die Artikel. N\u00fctzliche Informationen.","breadcrumb":{"@id":"https:\/\/ingritech.pl\/de\/blog\/#breadcrumb"},"inLanguage":"de","potentialAction":[{"@type":"ReadAction","target":["https:\/\/ingritech.pl\/de\/blog\/"]}]},{"@type":"BreadcrumbList","@id":"https:\/\/ingritech.pl\/de\/blog\/#breadcrumb","itemListElement":[{"@type":"ListItem","position":1,"name":"Strona g\u0142\u00f3wna","item":"https:\/\/ingritech.pl\/de\/"},{"@type":"ListItem","position":2,"name":"Blog"}]},{"@type":"WebSite","@id":"https:\/\/ingritech.pl\/de\/#website","url":"https:\/\/ingritech.pl\/de\/","name":"Ingritech","description":"SUPPLIES AND RAW MATERIALS FOR INDUSTRY","publisher":{"@id":"https:\/\/ingritech.pl\/de\/#organization"},"alternateName":"Ingritech - SUPPLIES AND RAW MATERIALS FOR INDUSTRY","potentialAction":[{"@type":"SearchAction","target":{"@type":"EntryPoint","urlTemplate":"https:\/\/ingritech.pl\/de\/?s={search_term_string}"},"query-input":{"@type":"PropertyValueSpecification","valueRequired":true,"valueName":"search_term_string"}}],"inLanguage":"de"},{"@type":"Organization","@id":"https:\/\/ingritech.pl\/de\/#organization","name":"Ingritech","alternateName":"Ingritech - sklep z materia\u0142ami eksploatacyjnymi i surowcami dla przemys\u0142u","url":"https:\/\/ingritech.pl\/de\/","logo":{"@type":"ImageObject","inLanguage":"de","@id":"https:\/\/ingritech.pl\/de\/#\/schema\/logo\/image\/","url":"https:\/\/ingritech.pl\/wp-content\/uploads\/2025\/01\/ingretech-logo.webp","contentUrl":"https:\/\/ingritech.pl\/wp-content\/uploads\/2025\/01\/ingretech-logo.webp","width":1280,"height":182,"caption":"Ingritech"},"image":{"@id":"https:\/\/ingritech.pl\/de\/#\/schema\/logo\/image\/"},"sameAs":["https:\/\/wa.me\/+48453077323"]}]}},"_links":{"self":[{"href":"https:\/\/ingritech.pl\/de\/wp-json\/wp\/v2\/pages\/12650","targetHints":{"allow":["GET"]}}],"collection":[{"href":"https:\/\/ingritech.pl\/de\/wp-json\/wp\/v2\/pages"}],"about":[{"href":"https:\/\/ingritech.pl\/de\/wp-json\/wp\/v2\/types\/page"}],"author":[{"embeddable":true,"href":"https:\/\/ingritech.pl\/de\/wp-json\/wp\/v2\/users\/1"}],"replies":[{"embeddable":true,"href":"https:\/\/ingritech.pl\/de\/wp-json\/wp\/v2\/comments?post=12650"}],"version-history":[{"count":0,"href":"https:\/\/ingritech.pl\/de\/wp-json\/wp\/v2\/pages\/12650\/revisions"}],"wp:attachment":[{"href":"https:\/\/ingritech.pl\/de\/wp-json\/wp\/v2\/media?parent=12650"}],"curies":[{"name":"wp","href":"https:\/\/api.w.org\/{rel}","templated":true}]}}