{"id":12733,"date":"2020-11-18T12:01:41","date_gmt":"2020-11-18T11:01:41","guid":{"rendered":"https:\/\/ingritech.pl\/lieferung-und-zahlung\/"},"modified":"2020-11-18T12:01:41","modified_gmt":"2020-11-18T11:01:41","slug":"lieferung-und-zahlung","status":"publish","type":"page","link":"https:\/\/ingritech.pl\/de\/lieferung-und-zahlung\/","title":{"rendered":"Lieferung und Zahlung"},"content":{"rendered":"<h4><strong>LIEFERBEDINGUNGEN<\/strong><\/h4>\n<p>Wir bieten bequeme und zuverl\u00e4ssige Lieferbedingungen in ganz Europa und arbeiten dabei mit bew\u00e4hrten Logistikunternehmen zusammen.<\/p>\n<ul>\n<li><strong>Internationaler Versand<\/strong> \u2013 in alle EU-L\u00e4nder.<\/li>\n<li><strong>Lieferung durch Transportunternehmen<\/strong> \u2013 wir arbeiten mit bew\u00e4hrten Partnern zusammen, die einen schnellen und sicheren Transport auf der Stra\u00dfe, der Schiene und auf dem Seeweg gew\u00e4hrleisten.<\/li>\n<li><strong>Selbstabholung<\/strong> \u2013 nach vorheriger Absprache ab Lager m\u00f6glich: <strong>Stasin 67, 21-030, POLEN<\/strong>. <\/li>\n<\/ul>\n<p><strong>Lieferzeit<\/strong> h\u00e4ngt vom Bestimmungsland und dem gew\u00e4hlten Spediteur ab. In der Regel betr\u00e4gt sie <strong>1 bis 7 Werktage<\/strong>.<\/p>\n<p><strong>Die Versandkosten<\/strong> richten sich nach den Tarifen des Spediteurs. Die Bedingungen f\u00fcr eine kostenlose Lieferung werden individuell vereinbart.<\/p>\n<h4><strong>ZAHLUNGSMETHODEN<\/strong><\/h4>\n<p>Wir bieten mehrere Zahlungsmethoden an, um unseren Kunden maximalen Komfort zu bieten:<\/p>\n<ul>\n<li><strong>Bank\u00fcberweisung<\/strong> \u2013 Zahlung auf das Konto gem\u00e4\u00df der ausgestellten Rechnung.<\/li>\n<li><strong>Zahlung auf Rechnungsbasis<\/strong> \u2013 f\u00fcr Stammkunden gelten individuelle Zahlungsbedingungen mit einer Zahlungsfrist von bis zu 90 Tagen.<\/li>\n<li><strong>Sonstige Zahlungsarten<\/strong> \u2013 werden bei der Bestellung vereinbart.<\/li>\n<\/ul>\n<h4><strong>WEITERE INFORMATIONEN<\/strong><\/h4>\n<p>F\u00fcr Stammkunden bieten wir <strong>flexible Kooperationsbedingungen<\/strong> sowie <strong>individuelle Angebote<\/strong> an. Bei Fragen zu Lieferung oder Zahlung wenden Sie sich bitte an uns.<\/p>\n","protected":false},"excerpt":{"rendered":"<p>LIEFERBEDINGUNGEN Wir bieten bequeme und zuverl\u00e4ssige Lieferbedingungen in ganz Europa und arbeiten dabei mit bew\u00e4hrten Logistikunternehmen zusammen. Internationaler Versand \u2013 in alle EU-L\u00e4nder. Lieferung durch Transportunternehmen \u2013 wir arbeiten mit bew\u00e4hrten Partnern zusammen, die einen schnellen und sicheren Transport auf der Stra\u00dfe, der Schiene und auf dem Seeweg gew\u00e4hrleisten. Selbstabholung \u2013 nach vorheriger Absprache ab [&hellip;]<\/p>\n","protected":false},"author":1,"featured_media":0,"parent":0,"menu_order":0,"comment_status":"closed","ping_status":"closed","template":"","meta":{"footnotes":""},"class_list":["post-12733","page","type-page","status-publish","hentry"],"yoast_head":"<!-- This site is optimized with the Yoast SEO plugin v24.3 - https:\/\/yoast.com\/wordpress\/plugins\/seo\/ -->\n<title>Informationen zu Versand und Zahlung bei der Bestellung bei Ingritech<\/title>\n<meta name=\"description\" content=\"Alle Informationen zu Versand und Zahlung, die Sie f\u00fcr Ihre Bestellung bei Ingritech ben\u00f6tigen. Zahlungsmethoden und weitere Informationen.\" \/>\n<meta name=\"robots\" content=\"index, follow, max-snippet:-1, max-image-preview:large, max-video-preview:-1\" \/>\n<link rel=\"canonical\" href=\"https:\/\/ingritech.pl\/de\/lieferung-und-zahlung\/\" \/>\n<meta property=\"og:locale\" content=\"de_DE\" \/>\n<meta property=\"og:type\" content=\"article\" \/>\n<meta property=\"og:title\" content=\"Informationen zu Versand und Zahlung bei der Bestellung bei Ingritech\" \/>\n<meta property=\"og:description\" content=\"Alle Informationen zu Versand und Zahlung, die Sie f\u00fcr Ihre Bestellung bei Ingritech ben\u00f6tigen. Zahlungsmethoden und weitere Informationen.\" \/>\n<meta property=\"og:url\" content=\"https:\/\/ingritech.pl\/de\/lieferung-und-zahlung\/\" \/>\n<meta property=\"og:site_name\" content=\"INGRITECH\" \/>\n<meta property=\"og:image\" content=\"https:\/\/ingritech.pl\/wp-content\/uploads\/2025\/01\/ingretech-logo.webp\" \/>\n\t<meta property=\"og:image:width\" content=\"1280\" \/>\n\t<meta property=\"og:image:height\" content=\"182\" \/>\n\t<meta property=\"og:image:type\" content=\"image\/webp\" \/>\n<meta name=\"twitter:card\" content=\"summary_large_image\" \/>\n<meta name=\"twitter:label1\" content=\"Gesch\u00e4tzte Lesezeit\" \/>\n\t<meta name=\"twitter:data1\" content=\"1\u00a0Minute\" \/>\n<script type=\"application\/ld+json\" class=\"yoast-schema-graph\">{\"@context\":\"https:\/\/schema.org\",\"@graph\":[{\"@type\":\"WebPage\",\"@id\":\"https:\/\/ingritech.pl\/de\/lieferung-und-zahlung\/\",\"url\":\"https:\/\/ingritech.pl\/de\/lieferung-und-zahlung\/\",\"name\":\"Informationen zu Versand und Zahlung bei der Bestellung bei Ingritech\",\"isPartOf\":{\"@id\":\"https:\/\/ingritech.pl\/de\/#website\"},\"datePublished\":\"2020-11-18T11:01:41+00:00\",\"dateModified\":\"2020-11-18T11:01:41+00:00\",\"description\":\"Alle Informationen zu Versand und Zahlung, die Sie f\u00fcr Ihre Bestellung bei Ingritech ben\u00f6tigen. Zahlungsmethoden und weitere Informationen.\",\"breadcrumb\":{\"@id\":\"https:\/\/ingritech.pl\/de\/lieferung-und-zahlung\/#breadcrumb\"},\"inLanguage\":\"de\",\"potentialAction\":[{\"@type\":\"ReadAction\",\"target\":[\"https:\/\/ingritech.pl\/de\/lieferung-und-zahlung\/\"]}]},{\"@type\":\"BreadcrumbList\",\"@id\":\"https:\/\/ingritech.pl\/de\/lieferung-und-zahlung\/#breadcrumb\",\"itemListElement\":[{\"@type\":\"ListItem\",\"position\":1,\"name\":\"Strona g\u0142\u00f3wna\",\"item\":\"https:\/\/ingritech.pl\/de\/\"},{\"@type\":\"ListItem\",\"position\":2,\"name\":\"Lieferung und Zahlung\"}]},{\"@type\":\"WebSite\",\"@id\":\"https:\/\/ingritech.pl\/de\/#website\",\"url\":\"https:\/\/ingritech.pl\/de\/\",\"name\":\"Ingritech\",\"description\":\"SUPPLIES AND RAW MATERIALS FOR INDUSTRY\",\"publisher\":{\"@id\":\"https:\/\/ingritech.pl\/de\/#organization\"},\"alternateName\":\"Ingritech - SUPPLIES AND RAW MATERIALS FOR INDUSTRY\",\"potentialAction\":[{\"@type\":\"SearchAction\",\"target\":{\"@type\":\"EntryPoint\",\"urlTemplate\":\"https:\/\/ingritech.pl\/de\/?s={search_term_string}\"},\"query-input\":{\"@type\":\"PropertyValueSpecification\",\"valueRequired\":true,\"valueName\":\"search_term_string\"}}],\"inLanguage\":\"de\"},{\"@type\":\"Organization\",\"@id\":\"https:\/\/ingritech.pl\/de\/#organization\",\"name\":\"Ingritech\",\"alternateName\":\"Ingritech - sklep z materia\u0142ami eksploatacyjnymi i surowcami dla przemys\u0142u\",\"url\":\"https:\/\/ingritech.pl\/de\/\",\"logo\":{\"@type\":\"ImageObject\",\"inLanguage\":\"de\",\"@id\":\"https:\/\/ingritech.pl\/de\/#\/schema\/logo\/image\/\",\"url\":\"https:\/\/ingritech.pl\/wp-content\/uploads\/2025\/01\/ingretech-logo.webp\",\"contentUrl\":\"https:\/\/ingritech.pl\/wp-content\/uploads\/2025\/01\/ingretech-logo.webp\",\"width\":1280,\"height\":182,\"caption\":\"Ingritech\"},\"image\":{\"@id\":\"https:\/\/ingritech.pl\/de\/#\/schema\/logo\/image\/\"},\"sameAs\":[\"https:\/\/wa.me\/+48453077323\"]}]}<\/script>\n<!-- \/ Yoast SEO plugin. -->","yoast_head_json":{"title":"Informationen zu Versand und Zahlung bei der Bestellung bei Ingritech","description":"Alle Informationen zu Versand und Zahlung, die Sie f\u00fcr Ihre Bestellung bei Ingritech ben\u00f6tigen. Zahlungsmethoden und weitere Informationen.","robots":{"index":"index","follow":"follow","max-snippet":"max-snippet:-1","max-image-preview":"max-image-preview:large","max-video-preview":"max-video-preview:-1"},"canonical":"https:\/\/ingritech.pl\/de\/lieferung-und-zahlung\/","og_locale":"de_DE","og_type":"article","og_title":"Informationen zu Versand und Zahlung bei der Bestellung bei Ingritech","og_description":"Alle Informationen zu Versand und Zahlung, die Sie f\u00fcr Ihre Bestellung bei Ingritech ben\u00f6tigen. Zahlungsmethoden und weitere Informationen.","og_url":"https:\/\/ingritech.pl\/de\/lieferung-und-zahlung\/","og_site_name":"INGRITECH","og_image":[{"width":1280,"height":182,"url":"https:\/\/ingritech.pl\/wp-content\/uploads\/2025\/01\/ingretech-logo.webp","type":"image\/webp"}],"twitter_card":"summary_large_image","twitter_misc":{"Gesch\u00e4tzte Lesezeit":"1\u00a0Minute"},"schema":{"@context":"https:\/\/schema.org","@graph":[{"@type":"WebPage","@id":"https:\/\/ingritech.pl\/de\/lieferung-und-zahlung\/","url":"https:\/\/ingritech.pl\/de\/lieferung-und-zahlung\/","name":"Informationen zu Versand und Zahlung bei der Bestellung bei Ingritech","isPartOf":{"@id":"https:\/\/ingritech.pl\/de\/#website"},"datePublished":"2020-11-18T11:01:41+00:00","dateModified":"2020-11-18T11:01:41+00:00","description":"Alle Informationen zu Versand und Zahlung, die Sie f\u00fcr Ihre Bestellung bei Ingritech ben\u00f6tigen. Zahlungsmethoden und weitere Informationen.","breadcrumb":{"@id":"https:\/\/ingritech.pl\/de\/lieferung-und-zahlung\/#breadcrumb"},"inLanguage":"de","potentialAction":[{"@type":"ReadAction","target":["https:\/\/ingritech.pl\/de\/lieferung-und-zahlung\/"]}]},{"@type":"BreadcrumbList","@id":"https:\/\/ingritech.pl\/de\/lieferung-und-zahlung\/#breadcrumb","itemListElement":[{"@type":"ListItem","position":1,"name":"Strona g\u0142\u00f3wna","item":"https:\/\/ingritech.pl\/de\/"},{"@type":"ListItem","position":2,"name":"Lieferung und Zahlung"}]},{"@type":"WebSite","@id":"https:\/\/ingritech.pl\/de\/#website","url":"https:\/\/ingritech.pl\/de\/","name":"Ingritech","description":"SUPPLIES AND RAW MATERIALS FOR INDUSTRY","publisher":{"@id":"https:\/\/ingritech.pl\/de\/#organization"},"alternateName":"Ingritech - SUPPLIES AND RAW MATERIALS FOR INDUSTRY","potentialAction":[{"@type":"SearchAction","target":{"@type":"EntryPoint","urlTemplate":"https:\/\/ingritech.pl\/de\/?s={search_term_string}"},"query-input":{"@type":"PropertyValueSpecification","valueRequired":true,"valueName":"search_term_string"}}],"inLanguage":"de"},{"@type":"Organization","@id":"https:\/\/ingritech.pl\/de\/#organization","name":"Ingritech","alternateName":"Ingritech - sklep z materia\u0142ami eksploatacyjnymi i surowcami dla przemys\u0142u","url":"https:\/\/ingritech.pl\/de\/","logo":{"@type":"ImageObject","inLanguage":"de","@id":"https:\/\/ingritech.pl\/de\/#\/schema\/logo\/image\/","url":"https:\/\/ingritech.pl\/wp-content\/uploads\/2025\/01\/ingretech-logo.webp","contentUrl":"https:\/\/ingritech.pl\/wp-content\/uploads\/2025\/01\/ingretech-logo.webp","width":1280,"height":182,"caption":"Ingritech"},"image":{"@id":"https:\/\/ingritech.pl\/de\/#\/schema\/logo\/image\/"},"sameAs":["https:\/\/wa.me\/+48453077323"]}]}},"_links":{"self":[{"href":"https:\/\/ingritech.pl\/de\/wp-json\/wp\/v2\/pages\/12733","targetHints":{"allow":["GET"]}}],"collection":[{"href":"https:\/\/ingritech.pl\/de\/wp-json\/wp\/v2\/pages"}],"about":[{"href":"https:\/\/ingritech.pl\/de\/wp-json\/wp\/v2\/types\/page"}],"author":[{"embeddable":true,"href":"https:\/\/ingritech.pl\/de\/wp-json\/wp\/v2\/users\/1"}],"replies":[{"embeddable":true,"href":"https:\/\/ingritech.pl\/de\/wp-json\/wp\/v2\/comments?post=12733"}],"version-history":[{"count":0,"href":"https:\/\/ingritech.pl\/de\/wp-json\/wp\/v2\/pages\/12733\/revisions"}],"wp:attachment":[{"href":"https:\/\/ingritech.pl\/de\/wp-json\/wp\/v2\/media?parent=12733"}],"curies":[{"name":"wp","href":"https:\/\/api.w.org\/{rel}","templated":true}]}}