{"id":12734,"date":"2019-09-17T07:49:11","date_gmt":"2019-09-17T05:49:11","guid":{"rendered":"https:\/\/ingritech.pl\/faq-ingritech\/"},"modified":"2026-04-19T13:31:18","modified_gmt":"2026-04-19T11:31:18","slug":"faq-ingritech","status":"publish","type":"page","link":"https:\/\/ingritech.pl\/de\/faq-ingritech\/","title":{"rendered":"FAQ Ingritech"},"content":{"rendered":"<div class=\"wpb-content-wrapper\"><p>[vc_row css=&#8221;.vc_custom_1625818003503{margin-top: 70px !important;margin-bottom: 75px !important;}&#8221;][vc_column width=&#8221;1\/6&#8243;][\/vc_column][vc_column width=&#8221;2\/3&#8243;][vc_custom_heading text=&#8221;FAQ INGRITECH \u2013 Fragen und Antworten&#8221; font_container=&#8221;tag:h2|font_size:35|text_align:center|color:%23222222|line_height:41px&#8221; use_theme_fonts=&#8221;yes&#8221; css=&#8221;&#8221;][vc_empty_space][vc_tta_accordion shape=&#8221;square&#8221; color=&#8221;black&#8221; active_section=&#8221;1&#8243;][vc_tta_section title=&#8221;Wie kann man Ingritech kontaktieren?&#8221; tab_id=&#8221;1756316813974-f8e3dacc-dd19&#8243; el_class=&#8221;faq-item&#8221;][vc_column_text css=&#8221;&#8221; el_class=&#8221;faq-answer&#8221;]Du kannst eine Anfrage \u00fcber das Formular auf der Website senden, eine E-Mail schreiben oder anrufen \u2013 alle Kontaktdaten findest du unter dem Reiter <a href=\"https:\/\/ingritech.pl\/kontakt\/\">Kontakt<\/a>[\/vc_column_text][\/vc_tta_section][vc_tta_section title=&#8221;Wie kann ich eine Bestellung aufgeben?&#8221; tab_id=&#8221;section1&#8243; el_class=&#8221;faq-item&#8221;][vc_column_text css=&#8221;&#8221; el_class=&#8221;faq-answer&#8221;]Klicken Sie dazu auf die Schaltfl\u00e4che \u201eProdukt bestellen\u201c und f\u00fcllen Sie das Bestellformular aus. Auf Grundlage Ihrer Bestellung werden wir uns telefonisch mit Ihnen in Verbindung setzen und die Einzelheiten (Preis, Spezifikationen, Lieferzeit usw.) mit Ihnen abstimmen.[\/vc_column_text][\/vc_tta_section][vc_tta_section title=&#8221;Ich interessiere mich f\u00fcr ein \u00e4hnliches Produkt, aber es ist in Ihrem Online-Shop nicht erh\u00e4ltlich.&#8221; tab_id=&#8221;section2&#8243; el_class=&#8221;faq-item&#8221;][vc_column_text css=&#8221;&#8221; el_class=&#8221;faq-answer&#8221;]Wir aktualisieren unser Angebot st\u00e4ndig, und die hier vorgestellten Produkte stellen nur einen Teil unseres Angebots dar. Wir k\u00f6nnen Ihnen eine breite Palette weiterer Produkte und Dienstleistungen anbieten. Rufen Sie uns an oder senden Sie uns eine E-Mail mit Ihren Anforderungen.[\/vc_column_text][\/vc_tta_section][vc_tta_section title=&#8221;Wie schnell werden Bestellungen bearbeitet?&#8221; tab_id=&#8221;1756316754378-005ce25f-a30a&#8221; el_class=&#8221;faq-item&#8221;][vc_column_text css=&#8221;&#8221; el_class=&#8221;faq-answer&#8221;]Die Standardlieferzeit betr\u00e4gt je nach Produkt 2 bis 7 Werktage \u2013 die meisten Schleifmittel werden innerhalb von 2\u20133 Werktagen versandt.[\/vc_column_text][\/vc_tta_section][vc_tta_section title=&#8221;Liefert ihr ausschlie\u00dflich innerhalb Polens oder auch ins Ausland?&#8221; tab_id=&#8221;1756317011991-d027ddb5-c78a&#8221; el_class=&#8221;faq-item&#8221;][vc_column_text css=&#8221;&#8221; el_class=&#8221;faq-answer&#8221;]Wir liefern unsere Produkte in ganz Polen sowie in viele L\u00e4nder der Europ\u00e4ischen Union, darunter Tschechien, Deutschland und Litauen.[\/vc_column_text][\/vc_tta_section][vc_tta_section title=&#8221;Welche Zahlungsbedingungen bieten Sie an?&#8221; tab_id=&#8221;1756317206970-788c39a1-4492&#8243; el_class=&#8221;faq-item&#8221;][vc_column_text css=&#8221;&#8221; el_class=&#8221;faq-answer&#8221;]Wir bieten flexible Zahlungsm\u00f6glichkeiten an \u2013 Vorauszahlung, Zahlung bei Lieferung sowie weitere individuell vereinbarte Optionen.[\/vc_column_text][\/vc_tta_section][vc_tta_section title=&#8221;Wie werden Schleifmittel verpackt und versandt?&#8221; tab_id=&#8221;1756317238411-ac525159-9649&#8243; el_class=&#8221;faq-item&#8221;][vc_column_text css=&#8221;&#8221; el_class=&#8221;faq-answer&#8221;]Die Schleifmittel werden in 25-kg-Polyethylen-S\u00e4cken (Karton + Palette \u00e0 1000 kg) oder in Big-Bags verpackt; der Transport erfolgt als Sch\u00fcttgut oder auf Paletten. Bei Bestellungen ab 1 Tonne bieten wir zudem eine kostenlose Lieferung an.[\/vc_column_text][\/vc_tta_section][vc_tta_section title=&#8221;Welche Zertifikate und Unterlagen bieten Sie an?&#8221; tab_id=&#8221;1756317368670-0153aa0a-30c9&#8243; el_class=&#8221;faq-item&#8221;][vc_column_text css=&#8221;&#8221; el_class=&#8221;faq-answer&#8221;]Wir stellen die vollst\u00e4ndige technische Dokumentation sowie die Qualit\u00e4tszertifikate f\u00fcr unsere Produkte zur Verf\u00fcgung. Alle aktuellen Unterlagen k\u00f6nnen direkt im Bereich <a class=\"decorated-link\" href=\"https:\/\/ingritech.pl\/de\/technische-dokumentation-und-zertifikate\/\" target=\"_new\" rel=\"noopener\" data-start=\"\u201e253\u201c\" data-end=\"\u201e303\u201c\">Zertifikate<\/a> auf unserer Website heruntergeladen werden.[\/vc_column_text][\/vc_tta_section][vc_tta_section title=&#8221;In welchen Branchen kommen die Produkte von Ingritech zum Einsatz?&#8221; tab_id=&#8221;1756317569821-9a011de1-f0d4&#8243; el_class=&#8221;faq-item&#8221;][vc_column_text css=&#8221;&#8221; el_class=&#8221;faq-answer&#8221;]Sie eignen sich ideal zur Reinigung von Oberfl\u00e4chen vor dem Streichen, Beschichten oder Galvanisieren sowie zur Bearbeitung von Beton, zur Sanierung von Bauwerken, zur Aufbereitung von Gussformen und zur Vorbereitung von Oberfl\u00e4chen f\u00fcr Schutzbeschichtungen.[\/vc_column_text][\/vc_tta_section][vc_tta_section title=&#8221;Welche Produkte hat Ingritech au\u00dfer Stahlschrot noch im Angebot?&#8221; tab_id=&#8221;1756317664311-43aa0d70-5833&#8243; el_class=&#8221;faq-item&#8221;][vc_column_text css=&#8221;&#8221; el_class=&#8221;faq-answer&#8221;]Neben Stahlstrahlmittel bieten wir auch mineralische Strahlmittel, Nichteisenmetalle, Pulverlacke sowie eine gro\u00dfe Auswahl an Materialien und Zubeh\u00f6r f\u00fcr die Industrie an. Das gesamte Sortiment finden Sie jedoch im <a class=\"decorated-link\" href=\"https:\/\/ingritech.pl\/katalog\/\" target=\"_new\" rel=\"noopener\" data-start=\"\u201e603\u201c\" data-end=\"\u201e651\u201c\">Online-Katalog<\/a>[\/vc_column_text][\/vc_tta_section][\/vc_tta_accordion][vc_separator css=&#8221;&#8221;][\/vc_column][vc_column width=&#8221;1\/6&#8243;][\/vc_column][\/vc_row]<\/p>\n<\/div>","protected":false},"excerpt":{"rendered":"<p>[vc_row css=&#8221;.vc_custom_1625818003503{margin-top: 70px !important;margin-bottom: 75px !important;}&#8221;][vc_column width=&#8221;1\/6&#8243;][\/vc_column][vc_column width=&#8221;2\/3&#8243;][vc_custom_heading text=&#8221;FAQ INGRITECH \u2013 Fragen und Antworten&#8221; font_container=&#8221;tag:h2|font_size:35|text_align:center|color:%23222222|line_height:41px&#8221; use_theme_fonts=&#8221;yes&#8221; css=&#8221;&#8221;][vc_empty_space][vc_tta_accordion shape=&#8221;square&#8221; color=&#8221;black&#8221; active_section=&#8221;1&#8243;][vc_tta_section title=&#8221;Wie kann man Ingritech kontaktieren?&#8221; tab_id=&#8221;1756316813974-f8e3dacc-dd19&#8243; el_class=&#8221;faq-item&#8221;][vc_column_text css=&#8221;&#8221; el_class=&#8221;faq-answer&#8221;]Du kannst eine Anfrage \u00fcber das Formular auf der Website senden, eine E-Mail schreiben oder anrufen \u2013 alle Kontaktdaten findest du unter dem Reiter Kontakt[\/vc_column_text][\/vc_tta_section][vc_tta_section title=&#8221;Wie kann [&hellip;]<\/p>\n","protected":false},"author":1,"featured_media":12285,"parent":0,"menu_order":0,"comment_status":"closed","ping_status":"closed","template":"","meta":{"footnotes":""},"class_list":["post-12734","page","type-page","status-publish","has-post-thumbnail","hentry"],"yoast_head":"<!-- This site is optimized with the Yoast SEO plugin v24.3 - https:\/\/yoast.com\/wordpress\/plugins\/seo\/ -->\n<title>FAQ INGRITECH \u2013 H\u00e4ufig gestellte Fragen<\/title>\n<meta name=\"description\" content=\"H\u00e4ufig gestellte Fragen. FAQ INGRITECH. Wie schnell werden Bestellungen bearbeitet? Wie werden Ingritech-Schleifmittel verpackt und versandt?\" \/>\n<meta name=\"robots\" content=\"index, follow, max-snippet:-1, max-image-preview:large, max-video-preview:-1\" \/>\n<link rel=\"canonical\" href=\"https:\/\/ingritech.pl\/de\/faq-ingritech\/\" \/>\n<meta property=\"og:locale\" content=\"de_DE\" \/>\n<meta property=\"og:type\" content=\"article\" \/>\n<meta property=\"og:title\" content=\"FAQ INGRITECH \u2013 H\u00e4ufig gestellte Fragen\" \/>\n<meta property=\"og:description\" content=\"H\u00e4ufig gestellte Fragen. FAQ INGRITECH. Wie schnell werden Bestellungen bearbeitet? Wie werden Ingritech-Schleifmittel verpackt und versandt?\" \/>\n<meta property=\"og:url\" content=\"https:\/\/ingritech.pl\/de\/faq-ingritech\/\" \/>\n<meta property=\"og:site_name\" content=\"INGRITECH\" \/>\n<meta property=\"article:modified_time\" content=\"2026-04-19T11:31:18+00:00\" \/>\n<meta property=\"og:image\" content=\"https:\/\/ingritech.pl\/wp-content\/uploads\/2025\/07\/logo-ingritech.jpg\" \/>\n\t<meta property=\"og:image:width\" content=\"1024\" \/>\n\t<meta property=\"og:image:height\" content=\"1024\" \/>\n\t<meta property=\"og:image:type\" content=\"image\/jpeg\" \/>\n<meta name=\"twitter:card\" content=\"summary_large_image\" \/>\n<meta name=\"twitter:label1\" content=\"Gesch\u00e4tzte Lesezeit\" \/>\n\t<meta name=\"twitter:data1\" content=\"3\u00a0Minuten\" \/>\n<script type=\"application\/ld+json\" class=\"yoast-schema-graph\">{\"@context\":\"https:\/\/schema.org\",\"@graph\":[{\"@type\":\"WebPage\",\"@id\":\"https:\/\/ingritech.pl\/de\/faq-ingritech\/\",\"url\":\"https:\/\/ingritech.pl\/de\/faq-ingritech\/\",\"name\":\"FAQ INGRITECH \u2013 H\u00e4ufig gestellte Fragen\",\"isPartOf\":{\"@id\":\"https:\/\/ingritech.pl\/de\/#website\"},\"primaryImageOfPage\":{\"@id\":\"https:\/\/ingritech.pl\/de\/faq-ingritech\/#primaryimage\"},\"image\":{\"@id\":\"https:\/\/ingritech.pl\/de\/faq-ingritech\/#primaryimage\"},\"thumbnailUrl\":\"https:\/\/ingritech.pl\/wp-content\/uploads\/2025\/07\/logo-ingritech.jpg\",\"datePublished\":\"2019-09-17T05:49:11+00:00\",\"dateModified\":\"2026-04-19T11:31:18+00:00\",\"description\":\"H\u00e4ufig gestellte Fragen. FAQ INGRITECH. Wie schnell werden Bestellungen bearbeitet? Wie werden Ingritech-Schleifmittel verpackt und versandt?\",\"breadcrumb\":{\"@id\":\"https:\/\/ingritech.pl\/de\/faq-ingritech\/#breadcrumb\"},\"inLanguage\":\"de\",\"potentialAction\":[{\"@type\":\"ReadAction\",\"target\":[\"https:\/\/ingritech.pl\/de\/faq-ingritech\/\"]}]},{\"@type\":\"ImageObject\",\"inLanguage\":\"de\",\"@id\":\"https:\/\/ingritech.pl\/de\/faq-ingritech\/#primaryimage\",\"url\":\"https:\/\/ingritech.pl\/wp-content\/uploads\/2025\/07\/logo-ingritech.jpg\",\"contentUrl\":\"https:\/\/ingritech.pl\/wp-content\/uploads\/2025\/07\/logo-ingritech.jpg\",\"width\":1024,\"height\":1024,\"caption\":\"Oficjalne logo firmy Ingritech, specjalizuj\u0105cej si\u0119 w dostawach materia\u0142\u00f3w i surowc\u00f3w dla przemys\u0142u.\"},{\"@type\":\"BreadcrumbList\",\"@id\":\"https:\/\/ingritech.pl\/de\/faq-ingritech\/#breadcrumb\",\"itemListElement\":[{\"@type\":\"ListItem\",\"position\":1,\"name\":\"Strona g\u0142\u00f3wna\",\"item\":\"https:\/\/ingritech.pl\/de\/\"},{\"@type\":\"ListItem\",\"position\":2,\"name\":\"FAQ Ingritech\"}]},{\"@type\":\"WebSite\",\"@id\":\"https:\/\/ingritech.pl\/de\/#website\",\"url\":\"https:\/\/ingritech.pl\/de\/\",\"name\":\"Ingritech\",\"description\":\"SUPPLIES AND RAW MATERIALS FOR INDUSTRY\",\"publisher\":{\"@id\":\"https:\/\/ingritech.pl\/de\/#organization\"},\"alternateName\":\"Ingritech - SUPPLIES AND RAW MATERIALS FOR INDUSTRY\",\"potentialAction\":[{\"@type\":\"SearchAction\",\"target\":{\"@type\":\"EntryPoint\",\"urlTemplate\":\"https:\/\/ingritech.pl\/de\/?s={search_term_string}\"},\"query-input\":{\"@type\":\"PropertyValueSpecification\",\"valueRequired\":true,\"valueName\":\"search_term_string\"}}],\"inLanguage\":\"de\"},{\"@type\":\"Organization\",\"@id\":\"https:\/\/ingritech.pl\/de\/#organization\",\"name\":\"Ingritech\",\"alternateName\":\"Ingritech - sklep z materia\u0142ami eksploatacyjnymi i surowcami dla przemys\u0142u\",\"url\":\"https:\/\/ingritech.pl\/de\/\",\"logo\":{\"@type\":\"ImageObject\",\"inLanguage\":\"de\",\"@id\":\"https:\/\/ingritech.pl\/de\/#\/schema\/logo\/image\/\",\"url\":\"https:\/\/ingritech.pl\/wp-content\/uploads\/2025\/01\/ingretech-logo.webp\",\"contentUrl\":\"https:\/\/ingritech.pl\/wp-content\/uploads\/2025\/01\/ingretech-logo.webp\",\"width\":1280,\"height\":182,\"caption\":\"Ingritech\"},\"image\":{\"@id\":\"https:\/\/ingritech.pl\/de\/#\/schema\/logo\/image\/\"},\"sameAs\":[\"https:\/\/wa.me\/+48453077323\"]}]}<\/script>\n<!-- \/ Yoast SEO plugin. -->","yoast_head_json":{"title":"FAQ INGRITECH \u2013 H\u00e4ufig gestellte Fragen","description":"H\u00e4ufig gestellte Fragen. FAQ INGRITECH. Wie schnell werden Bestellungen bearbeitet? Wie werden Ingritech-Schleifmittel verpackt und versandt?","robots":{"index":"index","follow":"follow","max-snippet":"max-snippet:-1","max-image-preview":"max-image-preview:large","max-video-preview":"max-video-preview:-1"},"canonical":"https:\/\/ingritech.pl\/de\/faq-ingritech\/","og_locale":"de_DE","og_type":"article","og_title":"FAQ INGRITECH \u2013 H\u00e4ufig gestellte Fragen","og_description":"H\u00e4ufig gestellte Fragen. FAQ INGRITECH. Wie schnell werden Bestellungen bearbeitet? Wie werden Ingritech-Schleifmittel verpackt und versandt?","og_url":"https:\/\/ingritech.pl\/de\/faq-ingritech\/","og_site_name":"INGRITECH","article_modified_time":"2026-04-19T11:31:18+00:00","og_image":[{"width":1024,"height":1024,"url":"https:\/\/ingritech.pl\/wp-content\/uploads\/2025\/07\/logo-ingritech.jpg","type":"image\/jpeg"}],"twitter_card":"summary_large_image","twitter_misc":{"Gesch\u00e4tzte Lesezeit":"3\u00a0Minuten"},"schema":{"@context":"https:\/\/schema.org","@graph":[{"@type":"WebPage","@id":"https:\/\/ingritech.pl\/de\/faq-ingritech\/","url":"https:\/\/ingritech.pl\/de\/faq-ingritech\/","name":"FAQ INGRITECH \u2013 H\u00e4ufig gestellte Fragen","isPartOf":{"@id":"https:\/\/ingritech.pl\/de\/#website"},"primaryImageOfPage":{"@id":"https:\/\/ingritech.pl\/de\/faq-ingritech\/#primaryimage"},"image":{"@id":"https:\/\/ingritech.pl\/de\/faq-ingritech\/#primaryimage"},"thumbnailUrl":"https:\/\/ingritech.pl\/wp-content\/uploads\/2025\/07\/logo-ingritech.jpg","datePublished":"2019-09-17T05:49:11+00:00","dateModified":"2026-04-19T11:31:18+00:00","description":"H\u00e4ufig gestellte Fragen. FAQ INGRITECH. Wie schnell werden Bestellungen bearbeitet? Wie werden Ingritech-Schleifmittel verpackt und versandt?","breadcrumb":{"@id":"https:\/\/ingritech.pl\/de\/faq-ingritech\/#breadcrumb"},"inLanguage":"de","potentialAction":[{"@type":"ReadAction","target":["https:\/\/ingritech.pl\/de\/faq-ingritech\/"]}]},{"@type":"ImageObject","inLanguage":"de","@id":"https:\/\/ingritech.pl\/de\/faq-ingritech\/#primaryimage","url":"https:\/\/ingritech.pl\/wp-content\/uploads\/2025\/07\/logo-ingritech.jpg","contentUrl":"https:\/\/ingritech.pl\/wp-content\/uploads\/2025\/07\/logo-ingritech.jpg","width":1024,"height":1024,"caption":"Oficjalne logo firmy Ingritech, specjalizuj\u0105cej si\u0119 w dostawach materia\u0142\u00f3w i surowc\u00f3w dla przemys\u0142u."},{"@type":"BreadcrumbList","@id":"https:\/\/ingritech.pl\/de\/faq-ingritech\/#breadcrumb","itemListElement":[{"@type":"ListItem","position":1,"name":"Strona g\u0142\u00f3wna","item":"https:\/\/ingritech.pl\/de\/"},{"@type":"ListItem","position":2,"name":"FAQ Ingritech"}]},{"@type":"WebSite","@id":"https:\/\/ingritech.pl\/de\/#website","url":"https:\/\/ingritech.pl\/de\/","name":"Ingritech","description":"SUPPLIES AND RAW MATERIALS FOR INDUSTRY","publisher":{"@id":"https:\/\/ingritech.pl\/de\/#organization"},"alternateName":"Ingritech - SUPPLIES AND RAW MATERIALS FOR INDUSTRY","potentialAction":[{"@type":"SearchAction","target":{"@type":"EntryPoint","urlTemplate":"https:\/\/ingritech.pl\/de\/?s={search_term_string}"},"query-input":{"@type":"PropertyValueSpecification","valueRequired":true,"valueName":"search_term_string"}}],"inLanguage":"de"},{"@type":"Organization","@id":"https:\/\/ingritech.pl\/de\/#organization","name":"Ingritech","alternateName":"Ingritech - sklep z materia\u0142ami eksploatacyjnymi i surowcami dla przemys\u0142u","url":"https:\/\/ingritech.pl\/de\/","logo":{"@type":"ImageObject","inLanguage":"de","@id":"https:\/\/ingritech.pl\/de\/#\/schema\/logo\/image\/","url":"https:\/\/ingritech.pl\/wp-content\/uploads\/2025\/01\/ingretech-logo.webp","contentUrl":"https:\/\/ingritech.pl\/wp-content\/uploads\/2025\/01\/ingretech-logo.webp","width":1280,"height":182,"caption":"Ingritech"},"image":{"@id":"https:\/\/ingritech.pl\/de\/#\/schema\/logo\/image\/"},"sameAs":["https:\/\/wa.me\/+48453077323"]}]}},"_links":{"self":[{"href":"https:\/\/ingritech.pl\/de\/wp-json\/wp\/v2\/pages\/12734","targetHints":{"allow":["GET"]}}],"collection":[{"href":"https:\/\/ingritech.pl\/de\/wp-json\/wp\/v2\/pages"}],"about":[{"href":"https:\/\/ingritech.pl\/de\/wp-json\/wp\/v2\/types\/page"}],"author":[{"embeddable":true,"href":"https:\/\/ingritech.pl\/de\/wp-json\/wp\/v2\/users\/1"}],"replies":[{"embeddable":true,"href":"https:\/\/ingritech.pl\/de\/wp-json\/wp\/v2\/comments?post=12734"}],"version-history":[{"count":4,"href":"https:\/\/ingritech.pl\/de\/wp-json\/wp\/v2\/pages\/12734\/revisions"}],"predecessor-version":[{"id":12743,"href":"https:\/\/ingritech.pl\/de\/wp-json\/wp\/v2\/pages\/12734\/revisions\/12743"}],"wp:featuredmedia":[{"embeddable":true,"href":"https:\/\/ingritech.pl\/de\/wp-json\/wp\/v2\/media\/12285"}],"wp:attachment":[{"href":"https:\/\/ingritech.pl\/de\/wp-json\/wp\/v2\/media?parent=12734"}],"curies":[{"name":"wp","href":"https:\/\/api.w.org\/{rel}","templated":true}]}}