{"id":12082,"date":"2025-06-05T19:07:56","date_gmt":"2025-06-05T17:07:56","guid":{"rendered":"https:\/\/ingritech.pl\/product\/spezialpulverlacke-von-topo-wir-lackieren\/"},"modified":"2026-04-13T12:35:57","modified_gmt":"2026-04-13T10:35:57","slug":"spezialpulverlacke-von-topo-wir-lackieren","status":"publish","type":"product","link":"https:\/\/ingritech.pl\/de\/product\/spezialpulverlacke-von-topo-wir-lackieren\/","title":{"rendered":"Spezialpulverlacke von TOPO \u2013 Wir lackieren!"},"content":{"rendered":"<h3>Die wichtigsten Eigenschaften der Spezialfarben von TOPO:<\/h3>\n<ul>\n<li><strong>Antimikrobielle Farben<\/strong> \u2013 wirksamer Schutz vor der Vermehrung von Bakterien und Pilzen, ideal f\u00fcr Krankenh\u00e4user, Schulen, Labore und Gro\u00dfk\u00fcchen.<\/li>\n<li><strong>Hitzebest\u00e4ndigkeit<\/strong> \u2013 Beibehaltung der Eigenschaften selbst bei 600 \u00b0C, ideal f\u00fcr industrielle Anwendungen, Kessel, \u00d6fen und K\u00fcchen.<\/li>\n<li><strong>Anti-Graffiti-Beschichtungen<\/strong> \u2013 erm\u00f6glichen die einfache Entfernung von Verschmutzungen von Fassaden, T\u00fcren, Aufz\u00fcgen und st\u00e4dtischer Infrastruktur.<\/li>\n<li><strong>Hohe H\u00e4rte und mechanische Best\u00e4ndigkeit<\/strong> \u2013 hervorragender Schutz in stark frequentierten Bereichen (Produktionshallen, Lagerhallen, Bahnh\u00f6fe).<\/li>\n<li><strong>Feuerbest\u00e4ndigkeit<\/strong> \u2013 Unterst\u00fctzung des Brandschutzes, Begrenzung der W\u00e4rme\u00fcbertragung, ideal f\u00fcr die Industrie und kritische Infrastruktur.<\/li>\n<li><strong>Transparente Lacke<\/strong> \u2013 Schutz f\u00fcr Metalloberfl\u00e4chen ohne deren Aussehen zu ver\u00e4ndern \u2013 besonders geeignet f\u00fcr Industriedesign und Innenausstattung.<\/li>\n<\/ul>\n<h3>Typische Anwendungsbereiche:<\/h3>\n<ul>\n<li>Krankenh\u00e4user, Arztpraxen und Labore<\/li>\n<li>Schulen und Kinderg\u00e4rten<\/li>\n<li>Back\u00f6fen, Grills, Haushaltsger\u00e4te<\/li>\n<li>\u00d6ffentliche Geb\u00e4ude und Fassaden von Gewerbegeb\u00e4uden<\/li>\n<li>Industrieanlagen und Produktionshallen<\/li>\n<li>Infrastruktureinrichtungen (Bahnh\u00f6fe, Flugh\u00e4fen)<\/li>\n<li>Innenarchitektur und Dekorationselemente<\/li>\n<\/ul>\n<p>&nbsp;<\/p>\n<div class=\"ritz grid-container\" dir=\"ltr\">\n<table class=\"waffle\" cellspacing=\"0\" cellpadding=\"0\">\n<thead>\n<tr>\n<th class=\"row-header freezebar-origin-ltr\"><\/th>\n<th id=\"758621495C0\" class=\"column-headers-background\" style=\"width: 86px;\"><img loading=\"lazy\" decoding=\"async\" class=\"alignnone size-medium wp-image-10610\" src=\"https:\/\/ingritech.pl\/wp-content\/uploads\/2025\/06\/Logo_kontakt-300x89.webp\" alt=\"\" width=\"300\" height=\"89\" srcset=\"https:\/\/ingritech.pl\/wp-content\/uploads\/2025\/06\/Logo_kontakt-300x89.webp 300w, https:\/\/ingritech.pl\/wp-content\/uploads\/2025\/06\/Logo_kontakt.webp 330w\" sizes=\"auto, (max-width: 300px) 100vw, 300px\" \/><\/th>\n<th id=\"758621495C1\" class=\"column-headers-background\" style=\"width: 216px;\"><\/th>\n<th id=\"758621495C2\" class=\"column-headers-background\" style=\"width: 114px;\"><\/th>\n<th id=\"758621495C3\" class=\"column-headers-background\" style=\"width: 324px;\"><\/th>\n<\/tr>\n<\/thead>\n<tbody>\n<tr style=\"height: 20px;\">\n<th id=\"758621495R0\" class=\"row-headers-background\" style=\"height: 20px;\">\n<div class=\"row-header-wrapper\" style=\"line-height: 20px;\"><\/div>\n<\/th>\n<td class=\"s0\"><\/td>\n<td class=\"s1\"><strong>RAL-Code<\/strong><\/td>\n<td class=\"s1\"><strong>Produktcode<\/strong><\/td>\n<td class=\"s1\"><strong>Farbtyp<\/strong><\/td>\n<\/tr>\n<tr style=\"height: 87px;\">\n<th id=\"758621495R1\" class=\"row-headers-background\" style=\"height: 87px;\">\n<div class=\"row-header-wrapper\" style=\"line-height: 87px;\">1<\/div>\n<\/th>\n<td class=\"s2\" dir=\"ltr\">\n<div style=\"width: 86px; height: 87px;\"><img decoding=\"async\" style=\"width: inherit; height: inherit; object-fit: scale-down; object-position: left center;\" src=\"https:\/\/lh7-rt.googleusercontent.com\/sheetsz\/AHOq17HZwcs4p_syFSftLijlD7-BbspcoTYGFdoZHnY9dd6gqSY4WDpkuzr65SIhkWUwspQUHjSba-8uky0kxdwB2atPV25w6fzQND_EE33ctkA3SkYhQM7k1r395Y84wXg2qd_SO4gImw=w86-h87?key=KexDloshOukvfhpp2TITNA\" \/><\/div>\n<\/td>\n<td class=\"s3\" dir=\"ltr\">Hochtemperatur 550 \u00b0C 9004<\/td>\n<td class=\"s4\" dir=\"ltr\">T1321<\/td>\n<td class=\"s5\" dir=\"ltr\">Feine Struktur, matt<\/td>\n<\/tr>\n<tr style=\"height: 87px;\">\n<th id=\"758621495R2\" class=\"row-headers-background\" style=\"height: 87px;\">\n<div class=\"row-header-wrapper\" style=\"line-height: 87px;\">2<\/div>\n<\/th>\n<td class=\"s2\" dir=\"ltr\">\n<div style=\"width: 86px; height: 87px;\"><img decoding=\"async\" style=\"width: inherit; height: inherit; object-fit: scale-down; object-position: left center;\" src=\"https:\/\/lh7-rt.googleusercontent.com\/sheetsz\/AHOq17GTB4g23uWWLIP_gwjhZKG_O1_Isgq4Rw1q2LDGt1GbWLdGFEc_XyqvdqnymNwcoNFKI5pol9R57zNVrmCAoIbcg8U_AxQOS-lcafKX98RDLLT-ptK4qMO-ZFJux8DUFAeH7reNfw=w86-h87?key=KexDloshOukvfhpp2TITNA\" \/><\/div>\n<\/td>\n<td class=\"s3\" dir=\"ltr\">Korrosionsschutzgrundierung mit 65 % Zink 7016<\/td>\n<td class=\"s4\" dir=\"ltr\">T1365<\/td>\n<td class=\"s5\" dir=\"ltr\">Polyester, glatt, seidenmatt<\/td>\n<\/tr>\n<tr style=\"height: 19px;\">\n<th id=\"758621495R3\" class=\"row-headers-background\" style=\"height: 19px;\">\n<div class=\"row-header-wrapper\" style=\"line-height: 19px;\"><\/div>\n<\/th>\n<td class=\"s6\" dir=\"ltr\"><\/td>\n<td class=\"s7\" dir=\"ltr\"><\/td>\n<td class=\"s8\" dir=\"ltr\"><\/td>\n<td class=\"s6\" dir=\"ltr\"><\/td>\n<\/tr>\n<tr style=\"height: 420px;\">\n<th id=\"758621495R4\" class=\"row-headers-background\" style=\"height: 420px;\">\n<div class=\"row-header-wrapper\" style=\"line-height: 420px;\"><\/div>\n<\/th>\n<td class=\"s9\" colspan=\"4\">\n<div style=\"width: 743px; height: 420px;\"><img decoding=\"async\" style=\"width: inherit; height: inherit; object-fit: scale-down; object-position: left bottom;\" src=\"https:\/\/lh7-rt.googleusercontent.com\/sheetsz\/AHOq17H0oUgAFix1r9c-X99uWwTVFWsS72nBwZL-D5SxyY4JZotShKRF0pGeeInmRbzHhFAIdahRuaIXvy6Tgab8wDw0M5blbMgg08ww139OzVxCrBJ7yAfwYNesc0OM6WiNBRGZdPk6dg=w743-h420?key=KexDloshOukvfhpp2TITNA\" \/><\/div>\n<\/td>\n<\/tr>\n<\/tbody>\n<\/table>\n<p style=\"text-align: right;\"><img loading=\"lazy\" decoding=\"async\" class=\"alignnone wp-image-10614\" src=\"https:\/\/ingritech.pl\/wp-content\/uploads\/2025\/06\/Rohs.webp\" alt=\"\" width=\"185\" height=\"100\" \/> <img loading=\"lazy\" decoding=\"async\" class=\"alignnone wp-image-10616\" src=\"https:\/\/ingritech.pl\/wp-content\/uploads\/2025\/06\/REACH.webp\" alt=\"\" width=\"114\" height=\"100\" \/><\/p>\n<\/div>\n","protected":false},"excerpt":{"rendered":"<p><strong>Spezialfarben von TOPO<\/strong> es handelt sich um technologisch fortschrittliche L\u00f6sungen, die h\u00f6chsten Anspr\u00fcchen an Langlebigkeit, Sicherheit und \u00c4sthetik gerecht werden. Sie wurden f\u00fcr anspruchsvolle Anwendungsbereiche entwickelt und bieten eine breite Palette an Eigenschaften, die auf die spezifischen Anforderungen der jeweiligen Branche zugeschnitten sind.<\/p>\n<p><strong>TOPO Powder Coating<\/strong> ist eine Marke mit \u00fcber 30 Jahren Erfahrung, die innovative L\u00f6sungen f\u00fcr die anspruchsvollsten Branchen anbietet. Die Spezialfarben von TOPO stehen f\u00fcr Qualit\u00e4t, Langlebigkeit und \u00c4sthetik in einem.<\/p>\n<p><em>Dank der Auftragsfertigung k\u00f6nnen wir Struktur, Farbe (gem\u00e4\u00df RAL, Pantone, NCS) und Eigenschaften der Farben an konkrete Projekte anpassen. Viele Varianten sind ab Lager in Polen verf\u00fcgbar, was eine schnelle Auftragsabwicklung gew\u00e4hrleistet<\/em>.<\/p>\n","protected":false},"featured_media":12083,"template":"","meta":[],"product_brand":[365],"product_cat":[689],"product_tag":[690],"class_list":{"0":"post-12082","1":"product","2":"type-product","3":"status-publish","4":"has-post-thumbnail","6":"product_brand-topo","7":"product_cat-pulverlacke","8":"product_tag-pulverlacke","10":"first","11":"instock","12":"shipping-taxable","13":"product-type-simple"},"yoast_head":"<!-- This site is optimized with the Yoast SEO plugin v24.3 - https:\/\/yoast.com\/wordpress\/plugins\/seo\/ -->\n<title>Spezialpulverlacke von TOPO \u2013 Wir lackieren! kup w Polsce, dostawa w Europie - INGRITECH<\/title>\n<meta name=\"description\" content=\"Kup Spezialpulverlacke von TOPO \u2013 Wir lackieren! w Polsce \ud83d\ude9aw ca\u0142ej Europie \u2705 Dokumentacja techniczna i certyfikaty \u2705 Korzystne ceny \u2705 Gwarancja.\" \/>\n<meta name=\"robots\" content=\"index, follow, max-snippet:-1, max-image-preview:large, max-video-preview:-1\" \/>\n<link rel=\"canonical\" href=\"https:\/\/ingritech.pl\/de\/product\/spezialpulverlacke-von-topo-wir-lackieren\/\" \/>\n<meta property=\"og:locale\" content=\"de_DE\" \/>\n<meta property=\"og:type\" content=\"article\" \/>\n<meta property=\"og:title\" content=\"Spezialpulverlacke von TOPO \u2013 Wir lackieren! kup w Polsce, dostawa w Europie - INGRITECH\" \/>\n<meta property=\"og:description\" content=\"Kup Spezialpulverlacke von TOPO \u2013 Wir lackieren! w Polsce \ud83d\ude9aw ca\u0142ej Europie \u2705 Dokumentacja techniczna i certyfikaty \u2705 Korzystne ceny \u2705 Gwarancja.\" \/>\n<meta property=\"og:url\" content=\"https:\/\/ingritech.pl\/de\/product\/spezialpulverlacke-von-topo-wir-lackieren\/\" \/>\n<meta property=\"og:site_name\" content=\"INGRITECH\" \/>\n<meta property=\"article:modified_time\" content=\"2026-04-13T10:35:57+00:00\" \/>\n<meta property=\"og:image\" content=\"https:\/\/ingritech.pl\/wp-content\/uploads\/2025\/06\/Pudelko-zolte-szare.webp\" \/>\n\t<meta property=\"og:image:width\" content=\"594\" \/>\n\t<meta property=\"og:image:height\" content=\"530\" \/>\n\t<meta property=\"og:image:type\" content=\"image\/webp\" \/>\n<meta name=\"twitter:card\" content=\"summary_large_image\" \/>\n<meta name=\"twitter:label1\" content=\"Gesch\u00e4tzte Lesezeit\" \/>\n\t<meta name=\"twitter:data1\" content=\"1\u00a0Minute\" \/>\n<script type=\"application\/ld+json\" class=\"yoast-schema-graph\">{\"@context\":\"https:\/\/schema.org\",\"@graph\":[{\"@type\":\"WebPage\",\"@id\":\"https:\/\/ingritech.pl\/de\/product\/spezialpulverlacke-von-topo-wir-lackieren\/\",\"url\":\"https:\/\/ingritech.pl\/de\/product\/spezialpulverlacke-von-topo-wir-lackieren\/\",\"name\":\"Spezialpulverlacke von TOPO \u2013 Wir lackieren! kup w Polsce, dostawa w Europie - INGRITECH\",\"isPartOf\":{\"@id\":\"https:\/\/ingritech.pl\/de\/#website\"},\"primaryImageOfPage\":{\"@id\":\"https:\/\/ingritech.pl\/de\/product\/spezialpulverlacke-von-topo-wir-lackieren\/#primaryimage\"},\"image\":{\"@id\":\"https:\/\/ingritech.pl\/de\/product\/spezialpulverlacke-von-topo-wir-lackieren\/#primaryimage\"},\"thumbnailUrl\":\"https:\/\/ingritech.pl\/wp-content\/uploads\/2025\/06\/Pudelko-zolte-szare.webp\",\"datePublished\":\"2025-06-05T17:07:56+00:00\",\"dateModified\":\"2026-04-13T10:35:57+00:00\",\"description\":\"Kup Spezialpulverlacke von TOPO \u2013 Wir lackieren! w Polsce \ud83d\ude9aw ca\u0142ej Europie \u2705 Dokumentacja techniczna i certyfikaty \u2705 Korzystne ceny \u2705 Gwarancja.\",\"breadcrumb\":{\"@id\":\"https:\/\/ingritech.pl\/de\/product\/spezialpulverlacke-von-topo-wir-lackieren\/#breadcrumb\"},\"inLanguage\":\"de\",\"potentialAction\":[{\"@type\":\"ReadAction\",\"target\":[\"https:\/\/ingritech.pl\/de\/product\/spezialpulverlacke-von-topo-wir-lackieren\/\"]}]},{\"@type\":\"ImageObject\",\"inLanguage\":\"de\",\"@id\":\"https:\/\/ingritech.pl\/de\/product\/spezialpulverlacke-von-topo-wir-lackieren\/#primaryimage\",\"url\":\"https:\/\/ingritech.pl\/wp-content\/uploads\/2025\/06\/Pudelko-zolte-szare.webp\",\"contentUrl\":\"https:\/\/ingritech.pl\/wp-content\/uploads\/2025\/06\/Pudelko-zolte-szare.webp\",\"width\":594,\"height\":530,\"caption\":\"Spezialfarben\"},{\"@type\":\"BreadcrumbList\",\"@id\":\"https:\/\/ingritech.pl\/de\/product\/spezialpulverlacke-von-topo-wir-lackieren\/#breadcrumb\",\"itemListElement\":[{\"@type\":\"ListItem\",\"position\":1,\"name\":\"Strona g\u0142\u00f3wna\",\"item\":\"https:\/\/ingritech.pl\/de\/\"},{\"@type\":\"ListItem\",\"position\":2,\"name\":\"Produktkatalog\",\"item\":\"https:\/\/ingritech.pl\/katalog\/\"},{\"@type\":\"ListItem\",\"position\":3,\"name\":\"Spezialpulverlacke von TOPO \u2013 Wir lackieren!\"}]},{\"@type\":\"WebSite\",\"@id\":\"https:\/\/ingritech.pl\/de\/#website\",\"url\":\"https:\/\/ingritech.pl\/de\/\",\"name\":\"Ingritech\",\"description\":\"SUPPLIES AND RAW MATERIALS FOR INDUSTRY\",\"publisher\":{\"@id\":\"https:\/\/ingritech.pl\/de\/#organization\"},\"alternateName\":\"Ingritech - SUPPLIES AND RAW MATERIALS FOR INDUSTRY\",\"potentialAction\":[{\"@type\":\"SearchAction\",\"target\":{\"@type\":\"EntryPoint\",\"urlTemplate\":\"https:\/\/ingritech.pl\/de\/?s={search_term_string}\"},\"query-input\":{\"@type\":\"PropertyValueSpecification\",\"valueRequired\":true,\"valueName\":\"search_term_string\"}}],\"inLanguage\":\"de\"},{\"@type\":\"Organization\",\"@id\":\"https:\/\/ingritech.pl\/de\/#organization\",\"name\":\"Ingritech\",\"alternateName\":\"Ingritech - sklep z materia\u0142ami eksploatacyjnymi i surowcami dla przemys\u0142u\",\"url\":\"https:\/\/ingritech.pl\/de\/\",\"logo\":{\"@type\":\"ImageObject\",\"inLanguage\":\"de\",\"@id\":\"https:\/\/ingritech.pl\/de\/#\/schema\/logo\/image\/\",\"url\":\"https:\/\/ingritech.pl\/wp-content\/uploads\/2025\/01\/ingretech-logo.webp\",\"contentUrl\":\"https:\/\/ingritech.pl\/wp-content\/uploads\/2025\/01\/ingretech-logo.webp\",\"width\":1280,\"height\":182,\"caption\":\"Ingritech\"},\"image\":{\"@id\":\"https:\/\/ingritech.pl\/de\/#\/schema\/logo\/image\/\"},\"sameAs\":[\"https:\/\/wa.me\/+48453077323\"]}]}<\/script>\n<!-- \/ Yoast SEO plugin. -->","yoast_head_json":{"title":"Spezialpulverlacke von TOPO \u2013 Wir lackieren! kup w Polsce, dostawa w Europie - INGRITECH","description":"Kup Spezialpulverlacke von TOPO \u2013 Wir lackieren! w Polsce \ud83d\ude9aw ca\u0142ej Europie \u2705 Dokumentacja techniczna i certyfikaty \u2705 Korzystne ceny \u2705 Gwarancja.","robots":{"index":"index","follow":"follow","max-snippet":"max-snippet:-1","max-image-preview":"max-image-preview:large","max-video-preview":"max-video-preview:-1"},"canonical":"https:\/\/ingritech.pl\/de\/product\/spezialpulverlacke-von-topo-wir-lackieren\/","og_locale":"de_DE","og_type":"article","og_title":"Spezialpulverlacke von TOPO \u2013 Wir lackieren! kup w Polsce, dostawa w Europie - INGRITECH","og_description":"Kup Spezialpulverlacke von TOPO \u2013 Wir lackieren! w Polsce \ud83d\ude9aw ca\u0142ej Europie \u2705 Dokumentacja techniczna i certyfikaty \u2705 Korzystne ceny \u2705 Gwarancja.","og_url":"https:\/\/ingritech.pl\/de\/product\/spezialpulverlacke-von-topo-wir-lackieren\/","og_site_name":"INGRITECH","article_modified_time":"2026-04-13T10:35:57+00:00","og_image":[{"width":594,"height":530,"url":"https:\/\/ingritech.pl\/wp-content\/uploads\/2025\/06\/Pudelko-zolte-szare.webp","type":"image\/webp"}],"twitter_card":"summary_large_image","twitter_misc":{"Gesch\u00e4tzte Lesezeit":"1\u00a0Minute"},"schema":{"@context":"https:\/\/schema.org","@graph":[{"@type":"WebPage","@id":"https:\/\/ingritech.pl\/de\/product\/spezialpulverlacke-von-topo-wir-lackieren\/","url":"https:\/\/ingritech.pl\/de\/product\/spezialpulverlacke-von-topo-wir-lackieren\/","name":"Spezialpulverlacke von TOPO \u2013 Wir lackieren! kup w Polsce, dostawa w Europie - INGRITECH","isPartOf":{"@id":"https:\/\/ingritech.pl\/de\/#website"},"primaryImageOfPage":{"@id":"https:\/\/ingritech.pl\/de\/product\/spezialpulverlacke-von-topo-wir-lackieren\/#primaryimage"},"image":{"@id":"https:\/\/ingritech.pl\/de\/product\/spezialpulverlacke-von-topo-wir-lackieren\/#primaryimage"},"thumbnailUrl":"https:\/\/ingritech.pl\/wp-content\/uploads\/2025\/06\/Pudelko-zolte-szare.webp","datePublished":"2025-06-05T17:07:56+00:00","dateModified":"2026-04-13T10:35:57+00:00","description":"Kup Spezialpulverlacke von TOPO \u2013 Wir lackieren! w Polsce \ud83d\ude9aw ca\u0142ej Europie \u2705 Dokumentacja techniczna i certyfikaty \u2705 Korzystne ceny \u2705 Gwarancja.","breadcrumb":{"@id":"https:\/\/ingritech.pl\/de\/product\/spezialpulverlacke-von-topo-wir-lackieren\/#breadcrumb"},"inLanguage":"de","potentialAction":[{"@type":"ReadAction","target":["https:\/\/ingritech.pl\/de\/product\/spezialpulverlacke-von-topo-wir-lackieren\/"]}]},{"@type":"ImageObject","inLanguage":"de","@id":"https:\/\/ingritech.pl\/de\/product\/spezialpulverlacke-von-topo-wir-lackieren\/#primaryimage","url":"https:\/\/ingritech.pl\/wp-content\/uploads\/2025\/06\/Pudelko-zolte-szare.webp","contentUrl":"https:\/\/ingritech.pl\/wp-content\/uploads\/2025\/06\/Pudelko-zolte-szare.webp","width":594,"height":530,"caption":"Spezialfarben"},{"@type":"BreadcrumbList","@id":"https:\/\/ingritech.pl\/de\/product\/spezialpulverlacke-von-topo-wir-lackieren\/#breadcrumb","itemListElement":[{"@type":"ListItem","position":1,"name":"Strona g\u0142\u00f3wna","item":"https:\/\/ingritech.pl\/de\/"},{"@type":"ListItem","position":2,"name":"Produktkatalog","item":"https:\/\/ingritech.pl\/katalog\/"},{"@type":"ListItem","position":3,"name":"Spezialpulverlacke von TOPO \u2013 Wir lackieren!"}]},{"@type":"WebSite","@id":"https:\/\/ingritech.pl\/de\/#website","url":"https:\/\/ingritech.pl\/de\/","name":"Ingritech","description":"SUPPLIES AND RAW MATERIALS FOR INDUSTRY","publisher":{"@id":"https:\/\/ingritech.pl\/de\/#organization"},"alternateName":"Ingritech - SUPPLIES AND RAW MATERIALS FOR INDUSTRY","potentialAction":[{"@type":"SearchAction","target":{"@type":"EntryPoint","urlTemplate":"https:\/\/ingritech.pl\/de\/?s={search_term_string}"},"query-input":{"@type":"PropertyValueSpecification","valueRequired":true,"valueName":"search_term_string"}}],"inLanguage":"de"},{"@type":"Organization","@id":"https:\/\/ingritech.pl\/de\/#organization","name":"Ingritech","alternateName":"Ingritech - sklep z materia\u0142ami eksploatacyjnymi i surowcami dla przemys\u0142u","url":"https:\/\/ingritech.pl\/de\/","logo":{"@type":"ImageObject","inLanguage":"de","@id":"https:\/\/ingritech.pl\/de\/#\/schema\/logo\/image\/","url":"https:\/\/ingritech.pl\/wp-content\/uploads\/2025\/01\/ingretech-logo.webp","contentUrl":"https:\/\/ingritech.pl\/wp-content\/uploads\/2025\/01\/ingretech-logo.webp","width":1280,"height":182,"caption":"Ingritech"},"image":{"@id":"https:\/\/ingritech.pl\/de\/#\/schema\/logo\/image\/"},"sameAs":["https:\/\/wa.me\/+48453077323"]}]}},"_links":{"self":[{"href":"https:\/\/ingritech.pl\/de\/wp-json\/wp\/v2\/product\/12082","targetHints":{"allow":["GET"]}}],"collection":[{"href":"https:\/\/ingritech.pl\/de\/wp-json\/wp\/v2\/product"}],"about":[{"href":"https:\/\/ingritech.pl\/de\/wp-json\/wp\/v2\/types\/product"}],"wp:featuredmedia":[{"embeddable":true,"href":"https:\/\/ingritech.pl\/de\/wp-json\/wp\/v2\/media\/12083"}],"wp:attachment":[{"href":"https:\/\/ingritech.pl\/de\/wp-json\/wp\/v2\/media?parent=12082"}],"wp:term":[{"taxonomy":"product_brand","embeddable":true,"href":"https:\/\/ingritech.pl\/de\/wp-json\/wp\/v2\/product_brand?post=12082"},{"taxonomy":"product_cat","embeddable":true,"href":"https:\/\/ingritech.pl\/de\/wp-json\/wp\/v2\/product_cat?post=12082"},{"taxonomy":"product_tag","embeddable":true,"href":"https:\/\/ingritech.pl\/de\/wp-json\/wp\/v2\/product_tag?post=12082"}],"curies":[{"name":"wp","href":"https:\/\/api.w.org\/{rel}","templated":true}]}}