{"id":12084,"date":"2025-06-05T18:57:25","date_gmt":"2025-06-05T16:57:25","guid":{"rendered":"https:\/\/ingritech.pl\/product\/polyester-epoxid-farben-von-topo-wir-streichen\/"},"modified":"2026-04-13T12:57:09","modified_gmt":"2026-04-13T10:57:09","slug":"polyester-epoxid-farben-von-topo-wir-streichen","status":"publish","type":"product","link":"https:\/\/ingritech.pl\/de\/product\/polyester-epoxid-farben-von-topo-wir-streichen\/","title":{"rendered":"Polyester-Epoxid-Farben von TOPO \u2013 Wir streichen!"},"content":{"rendered":"<section>\n<h3>Die wichtigsten Eigenschaften von Polyester-Epoxid-Lacken:<\/h3>\n<ul>\n<li><strong>Hervorragende Haftkraft<\/strong> \u2013 perfekte Haftung auf verschiedenen Metalloberfl\u00e4chen.<\/li>\n<li><strong>Hohe chemische und mechanische Best\u00e4ndigkeit<\/strong> \u2013 Schutz vor Kratzern, St\u00f6\u00dfen sowie dem Kontakt mit Reinigungsmitteln und \u00d6len.<\/li>\n<li><strong>Hitzebest\u00e4ndigkeit<\/strong> \u2013 Beibehaltung der Eigenschaften und der Farbe auch bei starker Erw\u00e4rmung.<\/li>\n<li><strong>\u00c4sthetische Oberfl\u00e4che<\/strong> \u2013 einheitliches Erscheinungsbild, ohne Streifen und Flecken.<\/li>\n<li><strong>Farbbest\u00e4ndigkeit<\/strong> \u2013 Lichtbest\u00e4ndigkeit, die f\u00fcr einen lang anhaltenden optischen Effekt sorgt.<\/li>\n<li><strong>Schnelle Trocknung und kurze Brenndauer<\/strong> \u2013 nur 10 Minuten bei 180 \u00b0C, was die Produktionseffizienz steigert.<\/li>\n<li><strong>Geringe VOC-Emissionen<\/strong> \u2013 eine umweltfreundliche L\u00f6sung, die den aktuellen Normen entspricht.<\/li>\n<li><strong>Einfache Pflege<\/strong> \u2013 die Oberfl\u00e4chen lassen sich schnell und gr\u00fcndlich reinigen.<\/li>\n<\/ul>\n<h3>Typische Anwendungsbereiche:<\/h3>\n<ul>\n<li>Lagerschr\u00e4nke und -regale<\/li>\n<li>Metallm\u00f6bel f\u00fcr B\u00fcros und Archive<\/li>\n<li>Innenteile von Industriemaschinen<\/li>\n<li>Elektronische Ger\u00e4te und deren Geh\u00e4use<\/li>\n<li>Haushaltsger\u00e4te: Back\u00f6fen, Waschmaschinen, Geschirrsp\u00fcler<\/li>\n<li>Heizk\u00f6rper und Heizelemente<\/li>\n<li>Professionelle Werkzeuge<\/li>\n<li>Beh\u00e4lter f\u00fcr Chemikalien und Reinigungsmittel<\/li>\n<\/ul>\n<p>&nbsp;<\/p>\n<div class=\"ritz grid-container\" dir=\"ltr\">\n<table class=\"waffle\" cellspacing=\"0\" cellpadding=\"0\">\n<thead>\n<tr>\n<th class=\"row-header freezebar-origin-ltr\"><\/th>\n<th id=\"443551575C0\" class=\"column-headers-background\" style=\"width: 86px;\"><img loading=\"lazy\" decoding=\"async\" class=\"alignnone size-medium wp-image-10610\" src=\"https:\/\/ingritech.pl\/wp-content\/uploads\/2025\/06\/Logo_kontakt-300x89.webp\" alt=\"\" width=\"300\" height=\"89\" srcset=\"https:\/\/ingritech.pl\/wp-content\/uploads\/2025\/06\/Logo_kontakt-300x89.webp 300w, https:\/\/ingritech.pl\/wp-content\/uploads\/2025\/06\/Logo_kontakt.webp 330w\" sizes=\"auto, (max-width: 300px) 100vw, 300px\" \/><\/th>\n<th id=\"443551575C1\" class=\"column-headers-background\" style=\"width: 175px;\"><\/th>\n<th id=\"443551575C2\" class=\"column-headers-background\" style=\"width: 117px;\"><\/th>\n<th id=\"443551575C3\" class=\"column-headers-background\" style=\"width: 324px;\"><\/th>\n<\/tr>\n<\/thead>\n<tbody>\n<tr style=\"height: 20px;\">\n<th id=\"443551575R0\" class=\"row-headers-background\" style=\"height: 20px;\">\n<div class=\"row-header-wrapper\" style=\"line-height: 20px;\"><\/div>\n<\/th>\n<td class=\"s0\" style=\"text-align: center;\"><\/td>\n<td class=\"s1\" style=\"text-align: center;\"><strong>RAL-Code<\/strong><\/td>\n<td class=\"s1\" style=\"text-align: center;\"><strong>Produktcode<\/strong><\/td>\n<td class=\"s1\" style=\"text-align: center;\"><strong>Farbtyp<\/strong><\/td>\n<\/tr>\n<tr style=\"height: 87px;\">\n<th id=\"443551575R1\" class=\"row-headers-background\" style=\"height: 87px;\">\n<div class=\"row-header-wrapper\" style=\"line-height: 87px;\">1<\/div>\n<\/th>\n<td class=\"s2\" dir=\"ltr\">\n<div style=\"width: 86px; height: 87px;\"><img decoding=\"async\" style=\"width: inherit; height: inherit; object-fit: scale-down; object-position: left center;\" src=\"https:\/\/lh7-rt.googleusercontent.com\/sheetsz\/AHOq17HH9R-APH9FYqUksKy7d-UMzql4sbTHzZjYAwTrVbJA4xUC8_O3r8aWFHvJE5lZH9I9y8AF4mqyL273jyzk2BonkLRXelIuvHgv8WqPnHWf4_W0uHF0VyyL9Md4t1td0xedZV8s=w86-h87?key=KexDloshOukvfhpp2TITNA\" \/><\/div>\n<\/td>\n<td class=\"s3\" dir=\"ltr\">TEHM-RAL7001<\/td>\n<td class=\"s4\" dir=\"ltr\">T0463<\/td>\n<td class=\"s5\" dir=\"ltr\">Epoxid-Polyester, glatt, seidenmatt<\/td>\n<\/tr>\n<tr style=\"height: 87px;\">\n<th id=\"443551575R2\" class=\"row-headers-background\" style=\"height: 87px;\">\n<div class=\"row-header-wrapper\" style=\"line-height: 87px;\">2<\/div>\n<\/th>\n<td class=\"s2\" dir=\"ltr\">\n<div style=\"width: 86px; height: 87px;\"><img decoding=\"async\" style=\"width: inherit; height: inherit; object-fit: scale-down; object-position: left center;\" src=\"https:\/\/lh7-rt.googleusercontent.com\/sheetsz\/AHOq17G8mTFTF6h6JHf9zVFMznuZWldP4r-OrO8ISdYknV7z9oXhMewjnDdrE2fV55vunKGszg0WMg3vGxeCHbjOQjCxyiPQSxdKt7ViXMogYK1g6PlGG57tIuThnBg_e47g3KSSAkgN=w86-h87?key=KexDloshOukvfhpp2TITNA\" \/><\/div>\n<\/td>\n<td class=\"s3\" dir=\"ltr\">TEHN-RAL7015<\/td>\n<td class=\"s4\" dir=\"ltr\">T0377<\/td>\n<td class=\"s5\" dir=\"ltr\">Epoxid-Polyester, glatt, matt<\/td>\n<\/tr>\n<tr style=\"height: 87px;\">\n<th id=\"443551575R3\" class=\"row-headers-background\" style=\"height: 87px;\">\n<div class=\"row-header-wrapper\" style=\"line-height: 87px;\">3<\/div>\n<\/th>\n<td class=\"s2\" dir=\"ltr\">\n<div style=\"width: 86px; height: 87px;\"><img decoding=\"async\" style=\"width: inherit; height: inherit; object-fit: scale-down; object-position: left center;\" src=\"https:\/\/lh7-rt.googleusercontent.com\/sheetsz\/AHOq17F2uWbAYhu5gYnQM0H_qbE8Ny6Sj6KYGnd2SGTsiZc-j9jhctqMykPEH9ja8AnJsgFpEW5T8TxkFEqIKVinyf_mrpCEl5sLdrfcGjV9karKIzzkBahseoW_tC_uetb0hyrV_-LN7g=w86-h87?key=KexDloshOukvfhpp2TITNA\" \/><\/div>\n<\/td>\n<td class=\"s3\" dir=\"ltr\">TESN-RAL7016<\/td>\n<td class=\"s4\" dir=\"ltr\">T0465<\/td>\n<td class=\"s5\" dir=\"ltr\">Epoxid-Polyester, feine Struktur, matt<\/td>\n<\/tr>\n<tr style=\"height: 87px;\">\n<th id=\"443551575R4\" class=\"row-headers-background\" style=\"height: 87px;\">\n<div class=\"row-header-wrapper\" style=\"line-height: 87px;\">4<\/div>\n<\/th>\n<td class=\"s2\" dir=\"ltr\">\n<div style=\"width: 86px; height: 87px;\"><img decoding=\"async\" style=\"width: inherit; height: inherit; object-fit: scale-down; object-position: left center;\" src=\"https:\/\/lh7-rt.googleusercontent.com\/sheetsz\/AHOq17Grz9sSOidbxGxjCtKl33-4Kpyo68yGH7Oikj1WkZMkw2GMO9e4WS9dBUMNuz_BC90oi-sadhLhTCMIZ6LPl72nrIpPD4bPiRy_Pda97veMkiP-_trzBglmG3fyGTG-lCN3n-xARw=w86-h87?key=KexDloshOukvfhpp2TITNA\" \/><\/div>\n<\/td>\n<td class=\"s3\" dir=\"ltr\">TEHM-RAL7035<\/td>\n<td class=\"s4\" dir=\"ltr\">T0462<\/td>\n<td class=\"s5\" dir=\"ltr\">Epoxid-Polyester, glatt, seidenmatt<\/td>\n<\/tr>\n<tr style=\"height: 87px;\">\n<th id=\"443551575R5\" class=\"row-headers-background\" style=\"height: 87px;\">\n<div class=\"row-header-wrapper\" style=\"line-height: 87px;\">5<\/div>\n<\/th>\n<td class=\"s2\" dir=\"ltr\">\n<div style=\"width: 86px; height: 87px;\"><img decoding=\"async\" style=\"width: inherit; height: inherit; object-fit: scale-down; object-position: left center;\" src=\"https:\/\/lh7-rt.googleusercontent.com\/sheetsz\/AHOq17Grz9sSOidbxGxjCtKl33-4Kpyo68yGH7Oikj1WkZMkw2GMO9e4WS9dBUMNuz_BC90oi-sadhLhTCMIZ6LPl72nrIpPD4bPiRy_Pda97veMkiP-_trzBglmG3fyGTG-lCN3n-xARw=w86-h87?key=KexDloshOukvfhpp2TITNA\" \/><\/div>\n<\/td>\n<td class=\"s3\" dir=\"ltr\">PEJM-RAL7035<\/td>\n<td class=\"s4\" dir=\"ltr\">T1256<\/td>\n<td class=\"s5\" dir=\"ltr\">Epoxid-Polyester, grobe Struktur, gl\u00e4nzend<\/td>\n<\/tr>\n<tr style=\"height: 87px;\">\n<th id=\"443551575R6\" class=\"row-headers-background\" style=\"height: 87px;\">\n<div class=\"row-header-wrapper\" style=\"line-height: 87px;\">6<\/div>\n<\/th>\n<td class=\"s2\" dir=\"ltr\">\n<div style=\"width: 86px; height: 87px;\"><img decoding=\"async\" style=\"width: inherit; height: inherit; object-fit: scale-down; object-position: left center;\" src=\"https:\/\/lh7-rt.googleusercontent.com\/sheetsz\/AHOq17ETE8pSnoQPhR54TIeo9z9niHl4SfrcCj3BqQ8uqYRiI8KC22N-BoXxPLDPDCtPOcb3sEWyT4RFswWsuRYfBYLIEQakwNy0H1D0UiMsZpqRMiSLkfX-3KoGHuKM6NAhkBXUWIOX-w=w86-h87?key=KexDloshOukvfhpp2TITNA\" \/><\/div>\n<\/td>\n<td class=\"s3\" dir=\"ltr\">PESM-RAL9005<\/td>\n<td class=\"s4\" dir=\"ltr\">T1262<\/td>\n<td class=\"s5\" dir=\"ltr\">Epoxid-Polyester, feine Struktur, seidenmatt<\/td>\n<\/tr>\n<tr style=\"height: 87px;\">\n<th id=\"443551575R7\" class=\"row-headers-background\" style=\"height: 87px;\">\n<div class=\"row-header-wrapper\" style=\"line-height: 87px;\">7<\/div>\n<\/th>\n<td class=\"s2\" dir=\"ltr\">\n<div style=\"width: 86px; height: 87px;\"><img decoding=\"async\" style=\"width: inherit; height: inherit; object-fit: scale-down; object-position: left center;\" src=\"https:\/\/lh7-rt.googleusercontent.com\/sheetsz\/AHOq17HRoQBUs9xJb-Fpvo66JKtu-t8DyG74_EsqBPxjsRHzs-9QQm9DH_cNL2KBVZASXfUsM8INhbzhonXRfTHtvXGbEti3UFIVg97iNGX8sMOy7D_MNiOULJdW9fYH72GryOy7yMn3Jg=w86-h87?key=KexDloshOukvfhpp2TITNA\" \/><\/div>\n<\/td>\n<td class=\"s3\" dir=\"ltr\">TEHM-RAL9010<\/td>\n<td class=\"s4\" dir=\"ltr\">T1116<\/td>\n<td class=\"s5\" dir=\"ltr\">Epoxid-Polyester, glatt, seidenmatt<\/td>\n<\/tr>\n<tr style=\"height: 87px;\">\n<th id=\"443551575R8\" class=\"row-headers-background\" style=\"height: 87px;\">\n<div class=\"row-header-wrapper\" style=\"line-height: 87px;\">8<\/div>\n<\/th>\n<td class=\"s2\" dir=\"ltr\">\n<div style=\"width: 86px; height: 87px;\"><img decoding=\"async\" style=\"width: inherit; height: inherit; object-fit: scale-down; object-position: left center;\" src=\"https:\/\/lh7-rt.googleusercontent.com\/sheetsz\/AHOq17H0r8cjbPoN4pUQkA5KYzFBOWk_ca10OJ_4tiNeASXLe8Cj4scdcprVDu4iaHf70rU9eYFMzkcdKJSULPtfUrZdTjnZu5FqBVPEKSfbyFOUTGDRq3Ffb06S1eiJ63vIK5YYT8LiDw=w86-h87?key=KexDloshOukvfhpp2TITNA\" \/><\/div>\n<\/td>\n<td class=\"s3\" dir=\"ltr\">PEHL-RAL9016<\/td>\n<td class=\"s4\" dir=\"ltr\">T1264<\/td>\n<td class=\"s5\" dir=\"ltr\">Epoxid-Polyester, glatt, Glanzgrad 76\u201385<\/td>\n<\/tr>\n<tr style=\"height: 16px;\">\n<th id=\"443551575R9\" class=\"row-headers-background\" style=\"height: 16px;\">\n<div class=\"row-header-wrapper\" style=\"line-height: 16px;\"><\/div>\n<\/th>\n<td class=\"s6\" dir=\"ltr\"><\/td>\n<td class=\"s7\" dir=\"ltr\"><\/td>\n<td class=\"s8\" dir=\"ltr\"><\/td>\n<td class=\"s6\" dir=\"ltr\"><\/td>\n<\/tr>\n<tr style=\"height: 398px;\">\n<th id=\"443551575R10\" class=\"row-headers-background\" style=\"height: 398px;\">\n<div class=\"row-header-wrapper\" style=\"line-height: 398px;\"><\/div>\n<\/th>\n<td class=\"s9\" colspan=\"4\">\n<div style=\"width: 705px; height: 398px;\"><img decoding=\"async\" style=\"width: inherit; height: inherit; object-fit: scale-down; object-position: left bottom;\" src=\"https:\/\/lh7-rt.googleusercontent.com\/sheetsz\/AHOq17H0oUgAFix1r9c-X99uWwTVFWsS72nBwZL-D5SxyY4JZotShKRF0pGeeInmRbzHhFAIdahRuaIXvy6Tgab8wDw0M5blbMgg08ww139OzVxCrBJ7yAfwYNesc0OM6WiNBRGZdPk6dg=w705-h398?key=KexDloshOukvfhpp2TITNA\" \/><\/div>\n<\/td>\n<\/tr>\n<\/tbody>\n<\/table>\n<\/div>\n<p><img loading=\"lazy\" decoding=\"async\" class=\"alignright wp-image-10614\" src=\"https:\/\/ingritech.pl\/wp-content\/uploads\/2025\/06\/Rohs.webp\" alt=\"\" width=\"185\" height=\"100\" \/> <img loading=\"lazy\" decoding=\"async\" class=\"alignright wp-image-10616\" src=\"https:\/\/ingritech.pl\/wp-content\/uploads\/2025\/06\/REACH.webp\" alt=\"\" width=\"114\" height=\"100\" \/><\/p>\n<\/section>\n","protected":false},"excerpt":{"rendered":"<p><strong>Die Polyester-Epoxid-Farben von TOPO<\/strong> sind die ideale L\u00f6sung f\u00fcr die Beschichtung von Innenfl\u00e4chen, die eine au\u00dfergew\u00f6hnliche Best\u00e4ndigkeit gegen mechanische Besch\u00e4digungen, Chemikalien und hohe Temperaturen erfordern. Die Beschichtung sorgt f\u00fcr eine glatte und gleichm\u00e4\u00dfige Oberfl\u00e4che, die das Produkt nicht nur sch\u00fctzt, sondern auch optisch aufwertet.<\/p>\n<p><strong>TOPO Powder Coating<\/strong> ist eine Marke des Unternehmens Feihong, das \u00fcber mehr als 30 Jahre Erfahrung in der Herstellung von Pulverlacken verf\u00fcgt. Unser Werk in der Ukraine erm\u00f6glicht eine schnelle Lieferung und eine flexible, auf die Bed\u00fcrfnisse des europ\u00e4ischen Marktes zugeschnittene Produktion.<\/p>\n<p><em>Die Farben sind ab Lager in Polen (Breslau und Warschau) oder mit kurzer Lieferzeit (bis zu 7 Werktagen) erh\u00e4ltlich. Wir bieten auch die Herstellung von Farben nach individueller Bestellung in den Farbsystemen RAL, Pantone und NCS sowie auf Basis eines vom Kunden bereitgestellten Musters an.<\/em><\/p>\n<p>&nbsp;<\/p>\n","protected":false},"featured_media":12085,"template":"","meta":[],"product_brand":[365],"product_cat":[689],"product_tag":[690],"class_list":{"0":"post-12084","1":"product","2":"type-product","3":"status-publish","4":"has-post-thumbnail","6":"product_brand-topo","7":"product_cat-pulverlacke","8":"product_tag-pulverlacke","10":"first","11":"instock","12":"shipping-taxable","13":"product-type-simple"},"yoast_head":"<!-- This site is optimized with the Yoast SEO plugin v24.3 - https:\/\/yoast.com\/wordpress\/plugins\/seo\/ -->\n<title>Polyester-Epoxid-Farben von TOPO \u2013 Wir streichen! kup w Polsce, dostawa w Europie - INGRITECH<\/title>\n<meta name=\"description\" content=\"Kup Polyester-Epoxid-Farben von TOPO \u2013 Wir streichen! w Polsce \ud83d\ude9aw ca\u0142ej Europie \u2705 Dokumentacja techniczna i certyfikaty \u2705 Korzystne ceny \u2705 Gwarancja.\" \/>\n<meta name=\"robots\" content=\"index, follow, max-snippet:-1, max-image-preview:large, max-video-preview:-1\" \/>\n<link rel=\"canonical\" href=\"https:\/\/ingritech.pl\/de\/product\/polyester-epoxid-farben-von-topo-wir-streichen\/\" \/>\n<meta property=\"og:locale\" content=\"de_DE\" \/>\n<meta property=\"og:type\" content=\"article\" \/>\n<meta property=\"og:title\" content=\"Polyester-Epoxid-Farben von TOPO \u2013 Wir streichen! kup w Polsce, dostawa w Europie - INGRITECH\" \/>\n<meta property=\"og:description\" content=\"Kup Polyester-Epoxid-Farben von TOPO \u2013 Wir streichen! w Polsce \ud83d\ude9aw ca\u0142ej Europie \u2705 Dokumentacja techniczna i certyfikaty \u2705 Korzystne ceny \u2705 Gwarancja.\" \/>\n<meta property=\"og:url\" content=\"https:\/\/ingritech.pl\/de\/product\/polyester-epoxid-farben-von-topo-wir-streichen\/\" \/>\n<meta property=\"og:site_name\" content=\"INGRITECH\" \/>\n<meta property=\"article:modified_time\" content=\"2026-04-13T10:57:09+00:00\" \/>\n<meta property=\"og:image\" content=\"https:\/\/ingritech.pl\/wp-content\/uploads\/2025\/06\/Pudelko_biale.webp\" \/>\n\t<meta property=\"og:image:width\" content=\"594\" \/>\n\t<meta property=\"og:image:height\" content=\"530\" \/>\n\t<meta property=\"og:image:type\" content=\"image\/webp\" \/>\n<meta name=\"twitter:card\" content=\"summary_large_image\" \/>\n<meta name=\"twitter:label1\" content=\"Gesch\u00e4tzte Lesezeit\" \/>\n\t<meta name=\"twitter:data1\" content=\"1\u00a0Minute\" \/>\n<script type=\"application\/ld+json\" class=\"yoast-schema-graph\">{\"@context\":\"https:\/\/schema.org\",\"@graph\":[{\"@type\":\"WebPage\",\"@id\":\"https:\/\/ingritech.pl\/de\/product\/polyester-epoxid-farben-von-topo-wir-streichen\/\",\"url\":\"https:\/\/ingritech.pl\/de\/product\/polyester-epoxid-farben-von-topo-wir-streichen\/\",\"name\":\"Polyester-Epoxid-Farben von TOPO \u2013 Wir streichen! kup w Polsce, dostawa w Europie - INGRITECH\",\"isPartOf\":{\"@id\":\"https:\/\/ingritech.pl\/de\/#website\"},\"primaryImageOfPage\":{\"@id\":\"https:\/\/ingritech.pl\/de\/product\/polyester-epoxid-farben-von-topo-wir-streichen\/#primaryimage\"},\"image\":{\"@id\":\"https:\/\/ingritech.pl\/de\/product\/polyester-epoxid-farben-von-topo-wir-streichen\/#primaryimage\"},\"thumbnailUrl\":\"https:\/\/ingritech.pl\/wp-content\/uploads\/2025\/06\/Pudelko_biale.webp\",\"datePublished\":\"2025-06-05T16:57:25+00:00\",\"dateModified\":\"2026-04-13T10:57:09+00:00\",\"description\":\"Kup Polyester-Epoxid-Farben von TOPO \u2013 Wir streichen! w Polsce \ud83d\ude9aw ca\u0142ej Europie \u2705 Dokumentacja techniczna i certyfikaty \u2705 Korzystne ceny \u2705 Gwarancja.\",\"breadcrumb\":{\"@id\":\"https:\/\/ingritech.pl\/de\/product\/polyester-epoxid-farben-von-topo-wir-streichen\/#breadcrumb\"},\"inLanguage\":\"de\",\"potentialAction\":[{\"@type\":\"ReadAction\",\"target\":[\"https:\/\/ingritech.pl\/de\/product\/polyester-epoxid-farben-von-topo-wir-streichen\/\"]}]},{\"@type\":\"ImageObject\",\"inLanguage\":\"de\",\"@id\":\"https:\/\/ingritech.pl\/de\/product\/polyester-epoxid-farben-von-topo-wir-streichen\/#primaryimage\",\"url\":\"https:\/\/ingritech.pl\/wp-content\/uploads\/2025\/06\/Pudelko_biale.webp\",\"contentUrl\":\"https:\/\/ingritech.pl\/wp-content\/uploads\/2025\/06\/Pudelko_biale.webp\",\"width\":594,\"height\":530,\"caption\":\"Polyester-Epoxid-Farben\"},{\"@type\":\"BreadcrumbList\",\"@id\":\"https:\/\/ingritech.pl\/de\/product\/polyester-epoxid-farben-von-topo-wir-streichen\/#breadcrumb\",\"itemListElement\":[{\"@type\":\"ListItem\",\"position\":1,\"name\":\"Strona g\u0142\u00f3wna\",\"item\":\"https:\/\/ingritech.pl\/de\/\"},{\"@type\":\"ListItem\",\"position\":2,\"name\":\"Produktkatalog\",\"item\":\"https:\/\/ingritech.pl\/katalog\/\"},{\"@type\":\"ListItem\",\"position\":3,\"name\":\"Polyester-Epoxid-Farben von TOPO \u2013 Wir streichen!\"}]},{\"@type\":\"WebSite\",\"@id\":\"https:\/\/ingritech.pl\/de\/#website\",\"url\":\"https:\/\/ingritech.pl\/de\/\",\"name\":\"Ingritech\",\"description\":\"SUPPLIES AND RAW MATERIALS FOR INDUSTRY\",\"publisher\":{\"@id\":\"https:\/\/ingritech.pl\/de\/#organization\"},\"alternateName\":\"Ingritech - SUPPLIES AND RAW MATERIALS FOR INDUSTRY\",\"potentialAction\":[{\"@type\":\"SearchAction\",\"target\":{\"@type\":\"EntryPoint\",\"urlTemplate\":\"https:\/\/ingritech.pl\/de\/?s={search_term_string}\"},\"query-input\":{\"@type\":\"PropertyValueSpecification\",\"valueRequired\":true,\"valueName\":\"search_term_string\"}}],\"inLanguage\":\"de\"},{\"@type\":\"Organization\",\"@id\":\"https:\/\/ingritech.pl\/de\/#organization\",\"name\":\"Ingritech\",\"alternateName\":\"Ingritech - sklep z materia\u0142ami eksploatacyjnymi i surowcami dla przemys\u0142u\",\"url\":\"https:\/\/ingritech.pl\/de\/\",\"logo\":{\"@type\":\"ImageObject\",\"inLanguage\":\"de\",\"@id\":\"https:\/\/ingritech.pl\/de\/#\/schema\/logo\/image\/\",\"url\":\"https:\/\/ingritech.pl\/wp-content\/uploads\/2025\/01\/ingretech-logo.webp\",\"contentUrl\":\"https:\/\/ingritech.pl\/wp-content\/uploads\/2025\/01\/ingretech-logo.webp\",\"width\":1280,\"height\":182,\"caption\":\"Ingritech\"},\"image\":{\"@id\":\"https:\/\/ingritech.pl\/de\/#\/schema\/logo\/image\/\"},\"sameAs\":[\"https:\/\/wa.me\/+48453077323\"]}]}<\/script>\n<!-- \/ Yoast SEO plugin. -->","yoast_head_json":{"title":"Polyester-Epoxid-Farben von TOPO \u2013 Wir streichen! kup w Polsce, dostawa w Europie - INGRITECH","description":"Kup Polyester-Epoxid-Farben von TOPO \u2013 Wir streichen! w Polsce \ud83d\ude9aw ca\u0142ej Europie \u2705 Dokumentacja techniczna i certyfikaty \u2705 Korzystne ceny \u2705 Gwarancja.","robots":{"index":"index","follow":"follow","max-snippet":"max-snippet:-1","max-image-preview":"max-image-preview:large","max-video-preview":"max-video-preview:-1"},"canonical":"https:\/\/ingritech.pl\/de\/product\/polyester-epoxid-farben-von-topo-wir-streichen\/","og_locale":"de_DE","og_type":"article","og_title":"Polyester-Epoxid-Farben von TOPO \u2013 Wir streichen! kup w Polsce, dostawa w Europie - INGRITECH","og_description":"Kup Polyester-Epoxid-Farben von TOPO \u2013 Wir streichen! w Polsce \ud83d\ude9aw ca\u0142ej Europie \u2705 Dokumentacja techniczna i certyfikaty \u2705 Korzystne ceny \u2705 Gwarancja.","og_url":"https:\/\/ingritech.pl\/de\/product\/polyester-epoxid-farben-von-topo-wir-streichen\/","og_site_name":"INGRITECH","article_modified_time":"2026-04-13T10:57:09+00:00","og_image":[{"width":594,"height":530,"url":"https:\/\/ingritech.pl\/wp-content\/uploads\/2025\/06\/Pudelko_biale.webp","type":"image\/webp"}],"twitter_card":"summary_large_image","twitter_misc":{"Gesch\u00e4tzte Lesezeit":"1\u00a0Minute"},"schema":{"@context":"https:\/\/schema.org","@graph":[{"@type":"WebPage","@id":"https:\/\/ingritech.pl\/de\/product\/polyester-epoxid-farben-von-topo-wir-streichen\/","url":"https:\/\/ingritech.pl\/de\/product\/polyester-epoxid-farben-von-topo-wir-streichen\/","name":"Polyester-Epoxid-Farben von TOPO \u2013 Wir streichen! kup w Polsce, dostawa w Europie - INGRITECH","isPartOf":{"@id":"https:\/\/ingritech.pl\/de\/#website"},"primaryImageOfPage":{"@id":"https:\/\/ingritech.pl\/de\/product\/polyester-epoxid-farben-von-topo-wir-streichen\/#primaryimage"},"image":{"@id":"https:\/\/ingritech.pl\/de\/product\/polyester-epoxid-farben-von-topo-wir-streichen\/#primaryimage"},"thumbnailUrl":"https:\/\/ingritech.pl\/wp-content\/uploads\/2025\/06\/Pudelko_biale.webp","datePublished":"2025-06-05T16:57:25+00:00","dateModified":"2026-04-13T10:57:09+00:00","description":"Kup Polyester-Epoxid-Farben von TOPO \u2013 Wir streichen! w Polsce \ud83d\ude9aw ca\u0142ej Europie \u2705 Dokumentacja techniczna i certyfikaty \u2705 Korzystne ceny \u2705 Gwarancja.","breadcrumb":{"@id":"https:\/\/ingritech.pl\/de\/product\/polyester-epoxid-farben-von-topo-wir-streichen\/#breadcrumb"},"inLanguage":"de","potentialAction":[{"@type":"ReadAction","target":["https:\/\/ingritech.pl\/de\/product\/polyester-epoxid-farben-von-topo-wir-streichen\/"]}]},{"@type":"ImageObject","inLanguage":"de","@id":"https:\/\/ingritech.pl\/de\/product\/polyester-epoxid-farben-von-topo-wir-streichen\/#primaryimage","url":"https:\/\/ingritech.pl\/wp-content\/uploads\/2025\/06\/Pudelko_biale.webp","contentUrl":"https:\/\/ingritech.pl\/wp-content\/uploads\/2025\/06\/Pudelko_biale.webp","width":594,"height":530,"caption":"Polyester-Epoxid-Farben"},{"@type":"BreadcrumbList","@id":"https:\/\/ingritech.pl\/de\/product\/polyester-epoxid-farben-von-topo-wir-streichen\/#breadcrumb","itemListElement":[{"@type":"ListItem","position":1,"name":"Strona g\u0142\u00f3wna","item":"https:\/\/ingritech.pl\/de\/"},{"@type":"ListItem","position":2,"name":"Produktkatalog","item":"https:\/\/ingritech.pl\/katalog\/"},{"@type":"ListItem","position":3,"name":"Polyester-Epoxid-Farben von TOPO \u2013 Wir streichen!"}]},{"@type":"WebSite","@id":"https:\/\/ingritech.pl\/de\/#website","url":"https:\/\/ingritech.pl\/de\/","name":"Ingritech","description":"SUPPLIES AND RAW MATERIALS FOR INDUSTRY","publisher":{"@id":"https:\/\/ingritech.pl\/de\/#organization"},"alternateName":"Ingritech - SUPPLIES AND RAW MATERIALS FOR INDUSTRY","potentialAction":[{"@type":"SearchAction","target":{"@type":"EntryPoint","urlTemplate":"https:\/\/ingritech.pl\/de\/?s={search_term_string}"},"query-input":{"@type":"PropertyValueSpecification","valueRequired":true,"valueName":"search_term_string"}}],"inLanguage":"de"},{"@type":"Organization","@id":"https:\/\/ingritech.pl\/de\/#organization","name":"Ingritech","alternateName":"Ingritech - sklep z materia\u0142ami eksploatacyjnymi i surowcami dla przemys\u0142u","url":"https:\/\/ingritech.pl\/de\/","logo":{"@type":"ImageObject","inLanguage":"de","@id":"https:\/\/ingritech.pl\/de\/#\/schema\/logo\/image\/","url":"https:\/\/ingritech.pl\/wp-content\/uploads\/2025\/01\/ingretech-logo.webp","contentUrl":"https:\/\/ingritech.pl\/wp-content\/uploads\/2025\/01\/ingretech-logo.webp","width":1280,"height":182,"caption":"Ingritech"},"image":{"@id":"https:\/\/ingritech.pl\/de\/#\/schema\/logo\/image\/"},"sameAs":["https:\/\/wa.me\/+48453077323"]}]}},"_links":{"self":[{"href":"https:\/\/ingritech.pl\/de\/wp-json\/wp\/v2\/product\/12084","targetHints":{"allow":["GET"]}}],"collection":[{"href":"https:\/\/ingritech.pl\/de\/wp-json\/wp\/v2\/product"}],"about":[{"href":"https:\/\/ingritech.pl\/de\/wp-json\/wp\/v2\/types\/product"}],"wp:featuredmedia":[{"embeddable":true,"href":"https:\/\/ingritech.pl\/de\/wp-json\/wp\/v2\/media\/12085"}],"wp:attachment":[{"href":"https:\/\/ingritech.pl\/de\/wp-json\/wp\/v2\/media?parent=12084"}],"wp:term":[{"taxonomy":"product_brand","embeddable":true,"href":"https:\/\/ingritech.pl\/de\/wp-json\/wp\/v2\/product_brand?post=12084"},{"taxonomy":"product_cat","embeddable":true,"href":"https:\/\/ingritech.pl\/de\/wp-json\/wp\/v2\/product_cat?post=12084"},{"taxonomy":"product_tag","embeddable":true,"href":"https:\/\/ingritech.pl\/de\/wp-json\/wp\/v2\/product_tag?post=12084"}],"curies":[{"name":"wp","href":"https:\/\/api.w.org\/{rel}","templated":true}]}}