{"id":12131,"date":"2025-04-30T11:17:03","date_gmt":"2025-04-30T09:17:03","guid":{"rendered":"https:\/\/ingritech.pl\/product\/eisen-titan-ferrotitan-feti\/"},"modified":"2026-04-14T10:53:15","modified_gmt":"2026-04-14T08:53:15","slug":"eisen-titan-ferrotitan-feti","status":"publish","type":"product","link":"https:\/\/ingritech.pl\/de\/product\/eisen-titan-ferrotitan-feti\/","title":{"rendered":"Eisen-Titan \/ Ferrotitan (FeTi)"},"content":{"rendered":"<h1>Ferrotitan (FeTi) \u2013 GOST 4761-91<\/h1>\n<p><strong>Ferrotitan<\/strong> ist eine Eisen-Titan-Legierung, die als wirksamer Legierungszusatz bei der Herstellung von Stahl und Gusseisen eingesetzt wird. Dank seines hohen Titangehalts (bis zu 75 %) wird es zur Bindung von Stickstoff, Kohlenstoff und Sauerstoff sowie zur Verbesserung der mechanischen und strukturellen Eigenschaften des Metalls eingesetzt.<\/p>\n<h3>Eigenschaften<\/h3>\n<ul>\n<li><strong>Norm:<\/strong> GOST 4761-91 \/ internationale Entsprechungen<\/li>\n<li><strong>Ti-Gehalt:<\/strong> 20 % \u2013 75 % (je nach Klasse)<\/li>\n<li><strong>Form:<\/strong> St\u00fccke, zerkleinert<\/li>\n<li><strong>Fraktionen:<\/strong> auf Anfrage erh\u00e4ltlich<\/li>\n<li><strong>Verpackung:<\/strong> 25-kg-S\u00e4cke \/ Big-Bags<\/li>\n<li><strong>Herkunft:<\/strong> Ukraine<\/li>\n<\/ul>\n<h3>Anwendung<\/h3>\n<ul>\n<li>Legieren von Stahl und Gusseisen<\/li>\n<li>Reduzierung von gasf\u00f6rmigen Verunreinigungen (O, N, C)<\/li>\n<li>Herstellung hochfester Legierungen<\/li>\n<li>Metallurgie, Luftfahrt und Energiewirtschaft<\/li>\n<\/ul>\n<h3>Chemische Zusammensetzung \u2013 gem\u00e4\u00df GOST 4761-91<\/h3>\n<p>&nbsp;<\/p>\n<table border=\"1\" cellspacing=\"0\" cellpadding=\"4\">\n<thead>\n<tr>\n<th>Marke<\/th>\n<th>Ti<\/th>\n<th>Al<\/th>\n<th>Si<\/th>\n<th>C<\/th>\n<th>P<\/th>\n<th>S<\/th>\n<th>Cu<\/th>\n<th>V<\/th>\n<th>Mo<\/th>\n<th>Zr<\/th>\n<th>Sn<\/th>\n<th>Mn<\/th>\n<th>Cr<\/th>\n<\/tr>\n<\/thead>\n<tbody>\n<tr>\n<td>FTi70S05<\/td>\n<td>68\u201375<\/td>\n<td>5<\/td>\n<td>0,5<\/td>\n<td>0,2<\/td>\n<td>0,05<\/td>\n<td>0,05<\/td>\n<td>0,2<\/td>\n<td>0,6<\/td>\n<td>0,6<\/td>\n<td>0,6<\/td>\n<td>0,10<\/td>\n<td>&#8211;<\/td>\n<td>&#8211;<\/td>\n<\/tr>\n<tr>\n<td>FTi70S08<\/td>\n<td>68\u201375<\/td>\n<td>4<\/td>\n<td>0,8<\/td>\n<td>0,3<\/td>\n<td>0,03<\/td>\n<td>0,03<\/td>\n<td>0,3<\/td>\n<td>1,8<\/td>\n<td>2,0<\/td>\n<td>1,5<\/td>\n<td>0,15<\/td>\n<td>0,8<\/td>\n<td>0,8<\/td>\n<\/tr>\n<p><!-- Die \u00fcbrigen Gedichte ebenfalls --><\/tbody>\n<\/table>\n<h3>Alternative Klassen \u2013 internationale Normen<\/h3>\n<p>&nbsp;<\/p>\n<table border=\"1\" cellspacing=\"0\" cellpadding=\"4\">\n<thead>\n<tr>\n<th>Marke<\/th>\n<th>Ti<\/th>\n<th>Al<\/th>\n<th>Si<\/th>\n<th>Mn<\/th>\n<th>C<\/th>\n<th>P<\/th>\n<th>S<\/th>\n<th>V<\/th>\n<\/tr>\n<\/thead>\n<tbody>\n<tr>\n<td>FeT30Al6<\/td>\n<td>20\u201335<\/td>\n<td>6,0<\/td>\n<td>4,0<\/td>\n<td>&#8211;<\/td>\n<td>0,15<\/td>\n<td>0,10<\/td>\n<td>0,06<\/td>\n<td>&#8211;<\/td>\n<\/tr>\n<tr>\n<td>FeT40Al10<\/td>\n<td>35\u201350<\/td>\n<td>10,0<\/td>\n<td>8,0<\/td>\n<td>1,5<\/td>\n<td>0,20<\/td>\n<td>0,10<\/td>\n<td>0,07<\/td>\n<td>&#8211;<\/td>\n<\/tr>\n<p><!-- Die \u00fcbrigen Gedichte ebenfalls --><\/tbody>\n<\/table>\n<h3>K\u00f6rnungsgr\u00f6\u00dfenklassen (Partikelgr\u00f6\u00dfe)<\/h3>\n<p>Gem\u00e4\u00df GOST:<\/p>\n<table border=\"1\" cellspacing=\"0\" cellpadding=\"4\">\n<thead>\n<tr>\n<th>Klasse<\/th>\n<th>Gr\u00f6\u00dfe (mm)<\/th>\n<th>\u00dcberschuss (%)<\/th>\n<th>Restanteil (%)<\/th>\n<th>Max. \u00dcberma\u00df (mm)<\/th>\n<\/tr>\n<\/thead>\n<tbody>\n<tr>\n<td>1<\/td>\n<td>50\u2013200<\/td>\n<td>10<\/td>\n<td>10<\/td>\n<td>230<\/td>\n<\/tr>\n<tr>\n<td>5<\/td>\n<td>3,2\u201350<\/td>\n<td>10<\/td>\n<td>8<\/td>\n<td>60<\/td>\n<\/tr>\n<p><!-- Weitere Gedichte --><\/tbody>\n<\/table>\n<h3>Alternative Einstufung (EU):<\/h3>\n<table border=\"1\" cellspacing=\"0\" cellpadding=\"4\">\n<thead>\n<tr>\n<th>Klasse<\/th>\n<th>Bereich (mm)<\/th>\n<th>Unterma\u00df (%)<\/th>\n<th>\u00dcberma\u00df (%)<\/th>\n<\/tr>\n<\/thead>\n<tbody>\n<tr>\n<td>1<\/td>\n<td>3,15\u2013200<\/td>\n<td>8<\/td>\n<td>10<\/td>\n<\/tr>\n<tr>\n<td>2<\/td>\n<td>3,15\u2013100<\/td>\n<td>8<\/td>\n<td>Max 1,15\u00d7 normy<\/td>\n<\/tr>\n<tr>\n<td>5<\/td>\n<td>3,15\u201310<\/td>\n<td>15<\/td>\n<td>&#8211;<\/td>\n<\/tr>\n<\/tbody>\n<\/table>\n<p><strong>Kontaktieren Sie uns unter <\/strong>, um ein auf Ihre Bed\u00fcrfnisse zugeschnittenes Angebot zu erhalten. Wir bieten kurze Lieferzeiten und umfassende technische Unterst\u00fctzung.<\/p>\n","protected":false},"excerpt":{"rendered":"<p><strong>Ferrotitan (FeTi)<\/strong> gem\u00e4\u00df GOST 4761-91 \u2013 ein titanreicher Legierungszusatz, der bei der Herstellung von Stahl und Gusseisen verwendet wird. Ti-Gehalt: 20\u201375 %. Erh\u00e4ltlich in verschiedenen Qualit\u00e4ten und Korngr\u00f6\u00dfen (3\u2013200 mm).<\/p>\n<p><strong>Herkunftsland:<\/strong> Ukraine.<\/p>\n<p><em>Ideal zum Entsauern, Entstickung und zur Verbesserung der mechanischen Eigenschaften von Metallen.<\/em><\/p>\n","protected":false},"featured_media":12133,"template":"","meta":[],"product_brand":[],"product_cat":[714],"product_tag":[716,715],"class_list":{"0":"post-12131","1":"product","2":"type-product","3":"status-publish","4":"has-post-thumbnail","6":"product_cat-materialien-fur-giesereien","7":"product_tag-feti-de","8":"product_tag-fuse","10":"first","11":"instock","12":"shipping-taxable","13":"product-type-simple"},"yoast_head":"<!-- This site is optimized with the Yoast SEO plugin v24.3 - https:\/\/yoast.com\/wordpress\/plugins\/seo\/ -->\n<title>Eisen-Titan \/ Ferrotitan (FeTi) kup w Polsce, dostawa w Europie - INGRITECH<\/title>\n<meta name=\"description\" content=\"Kup Eisen-Titan \/ Ferrotitan (FeTi) w Polsce \ud83d\ude9aw ca\u0142ej Europie \u2705 Dokumentacja techniczna i certyfikaty \u2705 Korzystne ceny \u2705 Gwarancja.\" \/>\n<meta name=\"robots\" content=\"index, follow, max-snippet:-1, max-image-preview:large, max-video-preview:-1\" \/>\n<link rel=\"canonical\" href=\"https:\/\/ingritech.pl\/de\/product\/eisen-titan-ferrotitan-feti\/\" \/>\n<meta property=\"og:locale\" content=\"de_DE\" \/>\n<meta property=\"og:type\" content=\"article\" \/>\n<meta property=\"og:title\" content=\"Eisen-Titan \/ Ferrotitan (FeTi) kup w Polsce, dostawa w Europie - INGRITECH\" \/>\n<meta property=\"og:description\" content=\"Kup Eisen-Titan \/ Ferrotitan (FeTi) w Polsce \ud83d\ude9aw ca\u0142ej Europie \u2705 Dokumentacja techniczna i certyfikaty \u2705 Korzystne ceny \u2705 Gwarancja.\" \/>\n<meta property=\"og:url\" content=\"https:\/\/ingritech.pl\/de\/product\/eisen-titan-ferrotitan-feti\/\" \/>\n<meta property=\"og:site_name\" content=\"INGRITECH\" \/>\n<meta property=\"article:modified_time\" content=\"2026-04-14T08:53:15+00:00\" \/>\n<meta property=\"og:image\" content=\"https:\/\/ingritech.pl\/wp-content\/uploads\/2025\/04\/ZelazoTytan-Ferotytan-FeTi.webp\" \/>\n\t<meta property=\"og:image:width\" content=\"1024\" \/>\n\t<meta property=\"og:image:height\" content=\"1024\" \/>\n\t<meta property=\"og:image:type\" content=\"image\/webp\" \/>\n<meta name=\"twitter:card\" content=\"summary_large_image\" \/>\n<meta name=\"twitter:label1\" content=\"Gesch\u00e4tzte Lesezeit\" \/>\n\t<meta name=\"twitter:data1\" content=\"1\u00a0Minute\" \/>\n<script type=\"application\/ld+json\" class=\"yoast-schema-graph\">{\"@context\":\"https:\/\/schema.org\",\"@graph\":[{\"@type\":\"WebPage\",\"@id\":\"https:\/\/ingritech.pl\/de\/product\/eisen-titan-ferrotitan-feti\/\",\"url\":\"https:\/\/ingritech.pl\/de\/product\/eisen-titan-ferrotitan-feti\/\",\"name\":\"Eisen-Titan \/ Ferrotitan (FeTi) kup w Polsce, dostawa w Europie - INGRITECH\",\"isPartOf\":{\"@id\":\"https:\/\/ingritech.pl\/de\/#website\"},\"primaryImageOfPage\":{\"@id\":\"https:\/\/ingritech.pl\/de\/product\/eisen-titan-ferrotitan-feti\/#primaryimage\"},\"image\":{\"@id\":\"https:\/\/ingritech.pl\/de\/product\/eisen-titan-ferrotitan-feti\/#primaryimage\"},\"thumbnailUrl\":\"https:\/\/ingritech.pl\/wp-content\/uploads\/2025\/04\/ZelazoTytan-Ferotytan-FeTi.webp\",\"datePublished\":\"2025-04-30T09:17:03+00:00\",\"dateModified\":\"2026-04-14T08:53:15+00:00\",\"description\":\"Kup Eisen-Titan \/ Ferrotitan (FeTi) w Polsce \ud83d\ude9aw ca\u0142ej Europie \u2705 Dokumentacja techniczna i certyfikaty \u2705 Korzystne ceny \u2705 Gwarancja.\",\"breadcrumb\":{\"@id\":\"https:\/\/ingritech.pl\/de\/product\/eisen-titan-ferrotitan-feti\/#breadcrumb\"},\"inLanguage\":\"de\",\"potentialAction\":[{\"@type\":\"ReadAction\",\"target\":[\"https:\/\/ingritech.pl\/de\/product\/eisen-titan-ferrotitan-feti\/\"]}]},{\"@type\":\"ImageObject\",\"inLanguage\":\"de\",\"@id\":\"https:\/\/ingritech.pl\/de\/product\/eisen-titan-ferrotitan-feti\/#primaryimage\",\"url\":\"https:\/\/ingritech.pl\/wp-content\/uploads\/2025\/04\/ZelazoTytan-Ferotytan-FeTi.webp\",\"contentUrl\":\"https:\/\/ingritech.pl\/wp-content\/uploads\/2025\/04\/ZelazoTytan-Ferotytan-FeTi.webp\",\"width\":1024,\"height\":1024,\"caption\":\"Eisen-Titan-Ferrotitan (FeTi)\"},{\"@type\":\"BreadcrumbList\",\"@id\":\"https:\/\/ingritech.pl\/de\/product\/eisen-titan-ferrotitan-feti\/#breadcrumb\",\"itemListElement\":[{\"@type\":\"ListItem\",\"position\":1,\"name\":\"Strona g\u0142\u00f3wna\",\"item\":\"https:\/\/ingritech.pl\/de\/\"},{\"@type\":\"ListItem\",\"position\":2,\"name\":\"Katalog produkt\u00f3w\",\"item\":\"https:\/\/ingritech.pl\/katalog\/\"},{\"@type\":\"ListItem\",\"position\":3,\"name\":\"Eisen-Titan \/ Ferrotitan (FeTi)\"}]},{\"@type\":\"WebSite\",\"@id\":\"https:\/\/ingritech.pl\/de\/#website\",\"url\":\"https:\/\/ingritech.pl\/de\/\",\"name\":\"Ingritech\",\"description\":\"SUPPLIES AND RAW MATERIALS FOR INDUSTRY\",\"publisher\":{\"@id\":\"https:\/\/ingritech.pl\/de\/#organization\"},\"alternateName\":\"Ingritech - SUPPLIES AND RAW MATERIALS FOR INDUSTRY\",\"potentialAction\":[{\"@type\":\"SearchAction\",\"target\":{\"@type\":\"EntryPoint\",\"urlTemplate\":\"https:\/\/ingritech.pl\/de\/?s={search_term_string}\"},\"query-input\":{\"@type\":\"PropertyValueSpecification\",\"valueRequired\":true,\"valueName\":\"search_term_string\"}}],\"inLanguage\":\"de\"},{\"@type\":\"Organization\",\"@id\":\"https:\/\/ingritech.pl\/de\/#organization\",\"name\":\"Ingritech\",\"alternateName\":\"Ingritech - sklep z materia\u0142ami eksploatacyjnymi i surowcami dla przemys\u0142u\",\"url\":\"https:\/\/ingritech.pl\/de\/\",\"logo\":{\"@type\":\"ImageObject\",\"inLanguage\":\"de\",\"@id\":\"https:\/\/ingritech.pl\/de\/#\/schema\/logo\/image\/\",\"url\":\"https:\/\/ingritech.pl\/wp-content\/uploads\/2025\/01\/ingretech-logo.webp\",\"contentUrl\":\"https:\/\/ingritech.pl\/wp-content\/uploads\/2025\/01\/ingretech-logo.webp\",\"width\":1280,\"height\":182,\"caption\":\"Ingritech\"},\"image\":{\"@id\":\"https:\/\/ingritech.pl\/de\/#\/schema\/logo\/image\/\"},\"sameAs\":[\"https:\/\/wa.me\/+48453077323\"]}]}<\/script>\n<!-- \/ Yoast SEO plugin. -->","yoast_head_json":{"title":"Eisen-Titan \/ Ferrotitan (FeTi) kup w Polsce, dostawa w Europie - INGRITECH","description":"Kup Eisen-Titan \/ Ferrotitan (FeTi) w Polsce \ud83d\ude9aw ca\u0142ej Europie \u2705 Dokumentacja techniczna i certyfikaty \u2705 Korzystne ceny \u2705 Gwarancja.","robots":{"index":"index","follow":"follow","max-snippet":"max-snippet:-1","max-image-preview":"max-image-preview:large","max-video-preview":"max-video-preview:-1"},"canonical":"https:\/\/ingritech.pl\/de\/product\/eisen-titan-ferrotitan-feti\/","og_locale":"de_DE","og_type":"article","og_title":"Eisen-Titan \/ Ferrotitan (FeTi) kup w Polsce, dostawa w Europie - INGRITECH","og_description":"Kup Eisen-Titan \/ Ferrotitan (FeTi) w Polsce \ud83d\ude9aw ca\u0142ej Europie \u2705 Dokumentacja techniczna i certyfikaty \u2705 Korzystne ceny \u2705 Gwarancja.","og_url":"https:\/\/ingritech.pl\/de\/product\/eisen-titan-ferrotitan-feti\/","og_site_name":"INGRITECH","article_modified_time":"2026-04-14T08:53:15+00:00","og_image":[{"width":1024,"height":1024,"url":"https:\/\/ingritech.pl\/wp-content\/uploads\/2025\/04\/ZelazoTytan-Ferotytan-FeTi.webp","type":"image\/webp"}],"twitter_card":"summary_large_image","twitter_misc":{"Gesch\u00e4tzte Lesezeit":"1\u00a0Minute"},"schema":{"@context":"https:\/\/schema.org","@graph":[{"@type":"WebPage","@id":"https:\/\/ingritech.pl\/de\/product\/eisen-titan-ferrotitan-feti\/","url":"https:\/\/ingritech.pl\/de\/product\/eisen-titan-ferrotitan-feti\/","name":"Eisen-Titan \/ Ferrotitan (FeTi) kup w Polsce, dostawa w Europie - INGRITECH","isPartOf":{"@id":"https:\/\/ingritech.pl\/de\/#website"},"primaryImageOfPage":{"@id":"https:\/\/ingritech.pl\/de\/product\/eisen-titan-ferrotitan-feti\/#primaryimage"},"image":{"@id":"https:\/\/ingritech.pl\/de\/product\/eisen-titan-ferrotitan-feti\/#primaryimage"},"thumbnailUrl":"https:\/\/ingritech.pl\/wp-content\/uploads\/2025\/04\/ZelazoTytan-Ferotytan-FeTi.webp","datePublished":"2025-04-30T09:17:03+00:00","dateModified":"2026-04-14T08:53:15+00:00","description":"Kup Eisen-Titan \/ Ferrotitan (FeTi) w Polsce \ud83d\ude9aw ca\u0142ej Europie \u2705 Dokumentacja techniczna i certyfikaty \u2705 Korzystne ceny \u2705 Gwarancja.","breadcrumb":{"@id":"https:\/\/ingritech.pl\/de\/product\/eisen-titan-ferrotitan-feti\/#breadcrumb"},"inLanguage":"de","potentialAction":[{"@type":"ReadAction","target":["https:\/\/ingritech.pl\/de\/product\/eisen-titan-ferrotitan-feti\/"]}]},{"@type":"ImageObject","inLanguage":"de","@id":"https:\/\/ingritech.pl\/de\/product\/eisen-titan-ferrotitan-feti\/#primaryimage","url":"https:\/\/ingritech.pl\/wp-content\/uploads\/2025\/04\/ZelazoTytan-Ferotytan-FeTi.webp","contentUrl":"https:\/\/ingritech.pl\/wp-content\/uploads\/2025\/04\/ZelazoTytan-Ferotytan-FeTi.webp","width":1024,"height":1024,"caption":"Eisen-Titan-Ferrotitan (FeTi)"},{"@type":"BreadcrumbList","@id":"https:\/\/ingritech.pl\/de\/product\/eisen-titan-ferrotitan-feti\/#breadcrumb","itemListElement":[{"@type":"ListItem","position":1,"name":"Strona g\u0142\u00f3wna","item":"https:\/\/ingritech.pl\/de\/"},{"@type":"ListItem","position":2,"name":"Katalog produkt\u00f3w","item":"https:\/\/ingritech.pl\/katalog\/"},{"@type":"ListItem","position":3,"name":"Eisen-Titan \/ Ferrotitan (FeTi)"}]},{"@type":"WebSite","@id":"https:\/\/ingritech.pl\/de\/#website","url":"https:\/\/ingritech.pl\/de\/","name":"Ingritech","description":"SUPPLIES AND RAW MATERIALS FOR INDUSTRY","publisher":{"@id":"https:\/\/ingritech.pl\/de\/#organization"},"alternateName":"Ingritech - SUPPLIES AND RAW MATERIALS FOR INDUSTRY","potentialAction":[{"@type":"SearchAction","target":{"@type":"EntryPoint","urlTemplate":"https:\/\/ingritech.pl\/de\/?s={search_term_string}"},"query-input":{"@type":"PropertyValueSpecification","valueRequired":true,"valueName":"search_term_string"}}],"inLanguage":"de"},{"@type":"Organization","@id":"https:\/\/ingritech.pl\/de\/#organization","name":"Ingritech","alternateName":"Ingritech - sklep z materia\u0142ami eksploatacyjnymi i surowcami dla przemys\u0142u","url":"https:\/\/ingritech.pl\/de\/","logo":{"@type":"ImageObject","inLanguage":"de","@id":"https:\/\/ingritech.pl\/de\/#\/schema\/logo\/image\/","url":"https:\/\/ingritech.pl\/wp-content\/uploads\/2025\/01\/ingretech-logo.webp","contentUrl":"https:\/\/ingritech.pl\/wp-content\/uploads\/2025\/01\/ingretech-logo.webp","width":1280,"height":182,"caption":"Ingritech"},"image":{"@id":"https:\/\/ingritech.pl\/de\/#\/schema\/logo\/image\/"},"sameAs":["https:\/\/wa.me\/+48453077323"]}]}},"_links":{"self":[{"href":"https:\/\/ingritech.pl\/de\/wp-json\/wp\/v2\/product\/12131","targetHints":{"allow":["GET"]}}],"collection":[{"href":"https:\/\/ingritech.pl\/de\/wp-json\/wp\/v2\/product"}],"about":[{"href":"https:\/\/ingritech.pl\/de\/wp-json\/wp\/v2\/types\/product"}],"wp:featuredmedia":[{"embeddable":true,"href":"https:\/\/ingritech.pl\/de\/wp-json\/wp\/v2\/media\/12133"}],"wp:attachment":[{"href":"https:\/\/ingritech.pl\/de\/wp-json\/wp\/v2\/media?parent=12131"}],"wp:term":[{"taxonomy":"product_brand","embeddable":true,"href":"https:\/\/ingritech.pl\/de\/wp-json\/wp\/v2\/product_brand?post=12131"},{"taxonomy":"product_cat","embeddable":true,"href":"https:\/\/ingritech.pl\/de\/wp-json\/wp\/v2\/product_cat?post=12131"},{"taxonomy":"product_tag","embeddable":true,"href":"https:\/\/ingritech.pl\/de\/wp-json\/wp\/v2\/product_tag?post=12131"}],"curies":[{"name":"wp","href":"https:\/\/api.w.org\/{rel}","templated":true}]}}