{"id":12180,"date":"2025-01-31T14:21:22","date_gmt":"2025-01-31T13:21:22","guid":{"rendered":"https:\/\/ingritech.pl\/product\/natriumbentonit-fuer-den-giesserei-und-bohrbereich-ukr\/"},"modified":"2026-04-14T13:35:12","modified_gmt":"2026-04-14T11:35:12","slug":"natriumbentonit-fuer-den-giesserei-und-bohrbereich-ukr","status":"publish","type":"product","link":"https:\/\/ingritech.pl\/de\/product\/natriumbentonit-fuer-den-giesserei-und-bohrbereich-ukr\/","title":{"rendered":"Natriumbentonit f\u00fcr den Gie\u00dferei- und Bohrbereich (UKR)"},"content":{"rendered":"<p>Ukrainisches Natriumbentonit ist ein hochwertiges Mineral mit hervorragenden Bindungs- und Sorptionsf\u00e4higkeiten. Dank seines hohen Montmorillonit-Gehalts (\u226550 %) sorgt es f\u00fcr eine effektive Formgebung, Festigkeit und Hitzebest\u00e4ndigkeit.<\/p>\n<p><strong>Hauptmerkmale:<\/strong><\/p>\n<ul>\n<li>Inhalt SiO\u2082 \u2013 58,8%, Al\u2082O\u2083 \u2013 17,58%<\/li>\n<li>Montmorillonit-Gehalt \u2013 \u226550%<\/li>\n<li>Feuchtigkeit 6,0 \u2013 12,0%<\/li>\n<li>Druckfestigkeitsgrenze 8,83 N\/cm\u00b2<\/li>\n<li>Sch\u00fcttdichte \u22651,0 g\/cm\u00b3<\/li>\n<li>Fraktion 0 \u2013 0,071 mm: 75%<\/li>\n<\/ul>\n<p><strong>Vorteile von ukrainischem Bentonit:<\/strong><\/p>\n<ul>\n<li>Hohe Qualit\u00e4t \u2013 gute mechanische sowie physikalisch-chemische Eigenschaften<\/li>\n<li>Wettbewerbsf\u00e4higer Preis \u2013 eine g\u00fcnstige Alternative zu argentinischem und indischem Bentonit<\/li>\n<li>Breites Anwendungsspektrum \u2013 wird bei der Herstellung von Gussteilen, in Bohrfl\u00fcssigkeiten und zur Bodenabdichtung eingesetzt<\/li>\n<\/ul>\n<p><strong>Anwendungsbereich:<\/strong><\/p>\n<ul>\n<li>Gussherstellung \u2013 verbessert die Qualit\u00e4t der Formmassen<\/li>\n<li>Bohrfl\u00fcssigkeiten \u2013 sorgen f\u00fcr die Stabilit\u00e4t der Bohrl\u00f6cher<\/li>\n<li>Isolierung und Bauwesen \u2013 zur Bodenabdichtung und zum Bau von Schutzzaunen gegen Versickerung<\/li>\n<\/ul>\n<p><strong>Lieferung und Bestellung<\/strong><\/p>\n<p>Wir bieten flexible Lieferbedingungen und g\u00fcnstige Preise. Die Lieferung erfolgt innerhalb Europas.<\/p>\n<table dir=\"ltr\" style=\"height: 689px;\" border=\"1\" width=\"930\" cellspacing=\"0\" cellpadding=\"0\" data-sheets-root=\"1\" data-sheets-baot=\"1\">\n<colgroup>\n<col width=\"65\" \/>\n<col width=\"38\" \/>\n<col width=\"38\" \/>\n<col width=\"38\" \/>\n<col width=\"38\" \/>\n<col width=\"38\" \/>\n<col width=\"38\" \/>\n<col width=\"38\" \/>\n<col width=\"38\" \/><\/colgroup>\n<tbody>\n<tr>\n<td>Typ DSTU 28177-89<\/td>\n<td colspan=\"3\" rowspan=\"1\">Widerstand. Komp., Pa (kgf\/cm\u00b2) \u2265<\/td>\n<td colspan=\"3\" rowspan=\"1\">Die Bruchzugfestigkeit in der Kondensationszone muss mindestens Pa betragen (kgf\/cm\u00b2).<\/td>\n<td colspan=\"2\" rowspan=\"1\">Thermische Stabilit\u00e4t, min.<\/td>\n<\/tr>\n<tr>\n<td>\u041f1\u04221<\/td>\n<td colspan=\"3\" rowspan=\"1\">88 260 (0,9)<\/td>\n<td colspan=\"3\" rowspan=\"1\">2 750 (0,028)<\/td>\n<td colspan=\"2\" rowspan=\"1\">0,6<\/td>\n<\/tr>\n<tr>\n<td>\u041f1\u04222<\/td>\n<td colspan=\"3\" rowspan=\"1\">88 260 (0,9)<\/td>\n<td colspan=\"3\" rowspan=\"1\">2 750 (0,028)<\/td>\n<td colspan=\"2\" rowspan=\"1\">0,3<\/td>\n<\/tr>\n<tr>\n<td>\u041f1\u04223<\/td>\n<td colspan=\"3\" rowspan=\"1\">88 260 (0,9)<\/td>\n<td colspan=\"3\" rowspan=\"1\">2 750 (0,028)<\/td>\n<td colspan=\"2\" rowspan=\"1\">&#8211;<\/td>\n<\/tr>\n<tr>\n<td>\u041f2\u04221<\/td>\n<td colspan=\"3\" rowspan=\"1\">88 260 (0,9)<\/td>\n<td colspan=\"3\" rowspan=\"1\">1 960 (0,020)<\/td>\n<td colspan=\"2\" rowspan=\"1\">0,6<\/td>\n<\/tr>\n<tr>\n<td>\u041f2\u04222<\/td>\n<td colspan=\"3\" rowspan=\"1\">88 260 (0,9)<\/td>\n<td colspan=\"3\" rowspan=\"1\">1 960 (0,020)<\/td>\n<td colspan=\"2\" rowspan=\"1\">0,3<\/td>\n<\/tr>\n<tr>\n<td>\u041f2\u04223<\/td>\n<td colspan=\"3\" rowspan=\"1\">88 260 (0,9)<\/td>\n<td colspan=\"3\" rowspan=\"1\">1 960 (0,020)<\/td>\n<td colspan=\"2\" rowspan=\"1\">&#8211;<\/td>\n<\/tr>\n<tr>\n<td>\u041f3\u04221<\/td>\n<td colspan=\"3\" rowspan=\"1\">88 260 (0,9)<\/td>\n<td colspan=\"3\" rowspan=\"1\">1 470 (0,015)<\/td>\n<td colspan=\"2\" rowspan=\"1\">0,6<\/td>\n<\/tr>\n<tr>\n<td>\u041f3\u04222<\/td>\n<td colspan=\"3\" rowspan=\"1\">88 260 (0,9)<\/td>\n<td colspan=\"3\" rowspan=\"1\">1 470 (0,015)<\/td>\n<td colspan=\"2\" rowspan=\"1\">0,3<\/td>\n<\/tr>\n<tr>\n<td>\u04211\u04221<\/td>\n<td colspan=\"3\" rowspan=\"1\">68 650 (0,7)<\/td>\n<td colspan=\"3\" rowspan=\"1\">2 750 (0,028)<\/td>\n<td colspan=\"2\" rowspan=\"1\">0,6<\/td>\n<\/tr>\n<tr>\n<td>\u04211\u04222<\/td>\n<td colspan=\"3\" rowspan=\"1\">68 650 (0,7)<\/td>\n<td colspan=\"3\" rowspan=\"1\">2 750 (0,028)<\/td>\n<td colspan=\"2\" rowspan=\"1\">0,3<\/td>\n<\/tr>\n<tr>\n<td>\u04212\u04221<\/td>\n<td colspan=\"3\" rowspan=\"1\">68 650 (0,7)<\/td>\n<td colspan=\"3\" rowspan=\"1\">1 960 (0,020)<\/td>\n<td colspan=\"2\" rowspan=\"1\">0,6<\/td>\n<\/tr>\n<tr>\n<td>\u04212\u04222<\/td>\n<td colspan=\"3\" rowspan=\"1\">68 650 (0,7)<\/td>\n<td colspan=\"3\" rowspan=\"1\">1 960 (0,020)<\/td>\n<td colspan=\"2\" rowspan=\"1\">0,3<\/td>\n<\/tr>\n<tr>\n<td>\u04213\u04221<\/td>\n<td colspan=\"3\" rowspan=\"1\">68 650 (0,7)<\/td>\n<td colspan=\"3\" rowspan=\"1\">1 470 (0,015)<\/td>\n<td colspan=\"2\" rowspan=\"1\">0,6<\/td>\n<\/tr>\n<tr>\n<td>\u04213\u04222<\/td>\n<td colspan=\"3\" rowspan=\"1\">68 650 (0,7)<\/td>\n<td colspan=\"3\" rowspan=\"1\">1 470 (0,015)<\/td>\n<td colspan=\"2\" rowspan=\"1\">0,3<\/td>\n<\/tr>\n<tr>\n<td>\u041c1\u04221<\/td>\n<td colspan=\"3\" rowspan=\"1\">49 030 (0,5)<\/td>\n<td colspan=\"3\" rowspan=\"1\">2 750 (0,028)<\/td>\n<td colspan=\"2\" rowspan=\"1\">0,6<\/td>\n<\/tr>\n<tr>\n<td>\u041c1\u04222<\/td>\n<td colspan=\"3\" rowspan=\"1\">49 030 (0,5)<\/td>\n<td colspan=\"3\" rowspan=\"1\">2 750 (0,028)<\/td>\n<td colspan=\"2\" rowspan=\"1\">0,3<\/td>\n<\/tr>\n<tr>\n<td>\u041c2\u04221<\/td>\n<td colspan=\"3\" rowspan=\"1\">49 030 (0,5)<\/td>\n<td colspan=\"3\" rowspan=\"1\">1 960 (0,020)<\/td>\n<td colspan=\"2\" rowspan=\"1\">0,6<\/td>\n<\/tr>\n<tr>\n<td>\u041c2\u04222<\/td>\n<td colspan=\"3\" rowspan=\"1\">49 030 (0,5)<\/td>\n<td colspan=\"3\" rowspan=\"1\">1 960 (0,020)<\/td>\n<td colspan=\"2\" rowspan=\"1\">0,3<\/td>\n<\/tr>\n<tr>\n<td>\u041c3\u04221<\/td>\n<td colspan=\"3\" rowspan=\"1\">49 030 (0,5)<\/td>\n<td colspan=\"3\" rowspan=\"1\">1 470 (0,015)<\/td>\n<td colspan=\"2\" rowspan=\"1\">0,6<\/td>\n<\/tr>\n<tr>\n<td>\u041c3\u04222<\/td>\n<td colspan=\"3\" rowspan=\"1\">49 030 (0,5)<\/td>\n<td colspan=\"3\" rowspan=\"1\">1 470 (0,015)<\/td>\n<td colspan=\"2\" rowspan=\"1\">0,3<\/td>\n<\/tr>\n<\/tbody>\n<\/table>\n<p>\u25ef Hochfeste Sorten (\u201e\u041f\u201c) weisen die h\u00f6chste Druckfestigkeit (0,9 kgf\/cm\u00b2) und eine hohe Zugfestigkeit auf.<\/p>\n<p>\u25ef Holzarten mittlerer Festigkeit (\u201eC\u201c) weisen eine etwas geringere Festigkeit (0,7 kgf\/cm\u00b2) und eine mittlere Zugfestigkeit auf.<\/p>\n<p>\u25ef Sorten mit geringer Festigkeit (\u201eM\u201c) weisen die geringste Festigkeit (0,5 kgf\/cm\u00b2) und die geringste Zugfestigkeit auf.<\/p>\n<p>\u25ef Die thermische Stabilit\u00e4t liegt zwischen 0,3 und 0,6, was sich auf das Verhalten des Tons beim Erhitzen auswirkt.<\/p>\n","protected":false},"excerpt":{"rendered":"<ul>\n<li><strong>G\u00fcnstigerer Preis im Vergleich zu argentinischem und indischem Bentonit<\/strong><\/li>\n<li><strong>Hoher Gehalt an Mineralstoffen<\/strong>\n<ul>\n<li>SiO\u2082 \u2013 58,8%, Al\u2082O\u2083 \u2013 17,58%<\/li>\n<li>Montmorillonit \u2013 \u226550 %, was f\u00fcr hervorragende Bindungseigenschaften sorgt<\/li>\n<\/ul>\n<\/li>\n<li><strong>Anwendung: <\/strong>Gie\u00dfereiwesen. Bohrfl\u00fcssigkeiten. Bodenabdichtung. F\u00fcr die Lebensmittelindustrie.<\/li>\n<\/ul>\n<p><a href=\"https:\/\/ingritech.pl\/wp-content\/uploads\/2025\/01\/MATERIAL-SAFETY-DATA-SHEET-SODIUM-BENTONITE-FOR-FOUNDRY-DRILLS.pdf\" target=\"_blank\" rel=\"noopener\"><img loading=\"lazy\" decoding=\"async\" class=\"alignright wp-image-9409\" src=\"https:\/\/ingritech.pl\/wp-content\/uploads\/2025\/01\/PDF-300x300.png\" alt=\"Download technical documentation in PDF\" width=\"50\" height=\"50\" srcset=\"https:\/\/ingritech.pl\/wp-content\/uploads\/2025\/01\/PDF-300x300.png 300w, https:\/\/ingritech.pl\/wp-content\/uploads\/2025\/01\/PDF-150x150.png 150w, https:\/\/ingritech.pl\/wp-content\/uploads\/2025\/01\/PDF-70x70.png 70w, https:\/\/ingritech.pl\/wp-content\/uploads\/2025\/01\/PDF-100x100.png 100w, https:\/\/ingritech.pl\/wp-content\/uploads\/2025\/01\/PDF-400x400.png 400w, https:\/\/ingritech.pl\/wp-content\/uploads\/2025\/01\/PDF-110x110.png 110w, https:\/\/ingritech.pl\/wp-content\/uploads\/2025\/01\/PDF-500x500.png 500w, https:\/\/ingritech.pl\/wp-content\/uploads\/2025\/01\/PDF.png 512w, https:\/\/ingritech.pl\/wp-content\/uploads\/2025\/01\/PDF-200x200.png 200w\" sizes=\"auto, (max-width: 50px) 100vw, 50px\" \/><\/a><\/p>\n<p>&nbsp;<\/p>\n","protected":false},"featured_media":12182,"template":"","meta":[],"product_brand":[],"product_cat":[714],"product_tag":[747],"class_list":{"0":"post-12180","1":"product","2":"type-product","3":"status-publish","4":"has-post-thumbnail","6":"product_cat-materialien-fur-giesereien","7":"product_tag-bentonit-de","9":"first","10":"instock","11":"shipping-taxable","12":"product-type-simple"},"yoast_head":"<!-- This site is optimized with the Yoast SEO plugin v24.3 - https:\/\/yoast.com\/wordpress\/plugins\/seo\/ -->\n<title>Natriumbentonit f\u00fcr den Gie\u00dferei- und Bohrbereich (UKR) kup w Polsce, dostawa w Europie - INGRITECH<\/title>\n<meta name=\"description\" content=\"Kup Natriumbentonit f\u00fcr den Gie\u00dferei- und Bohrbereich (UKR) w Polsce \ud83d\ude9aw ca\u0142ej Europie \u2705 Dokumentacja techniczna i certyfikaty \u2705 Korzystne ceny \u2705 Gwarancja.\" \/>\n<meta name=\"robots\" content=\"index, follow, max-snippet:-1, max-image-preview:large, max-video-preview:-1\" \/>\n<link rel=\"canonical\" href=\"https:\/\/ingritech.pl\/de\/product\/natriumbentonit-fuer-den-giesserei-und-bohrbereich-ukr\/\" \/>\n<meta property=\"og:locale\" content=\"de_DE\" \/>\n<meta property=\"og:type\" content=\"article\" \/>\n<meta property=\"og:title\" content=\"Natriumbentonit f\u00fcr den Gie\u00dferei- und Bohrbereich (UKR) kup w Polsce, dostawa w Europie - INGRITECH\" \/>\n<meta property=\"og:description\" content=\"Kup Natriumbentonit f\u00fcr den Gie\u00dferei- und Bohrbereich (UKR) w Polsce \ud83d\ude9aw ca\u0142ej Europie \u2705 Dokumentacja techniczna i certyfikaty \u2705 Korzystne ceny \u2705 Gwarancja.\" \/>\n<meta property=\"og:url\" content=\"https:\/\/ingritech.pl\/de\/product\/natriumbentonit-fuer-den-giesserei-und-bohrbereich-ukr\/\" \/>\n<meta property=\"og:site_name\" content=\"INGRITECH\" \/>\n<meta property=\"article:modified_time\" content=\"2026-04-14T11:35:12+00:00\" \/>\n<meta property=\"og:image\" content=\"https:\/\/ingritech.pl\/wp-content\/uploads\/2025\/01\/Ingritech-SODIUM-BENTONITE-FOR-FOUNDRY-DRILLS.webp\" \/>\n\t<meta property=\"og:image:width\" content=\"1805\" \/>\n\t<meta property=\"og:image:height\" content=\"1805\" \/>\n\t<meta property=\"og:image:type\" content=\"image\/webp\" \/>\n<meta name=\"twitter:card\" content=\"summary_large_image\" \/>\n<meta name=\"twitter:label1\" content=\"Gesch\u00e4tzte Lesezeit\" \/>\n\t<meta name=\"twitter:data1\" content=\"1\u00a0Minute\" \/>\n<script type=\"application\/ld+json\" class=\"yoast-schema-graph\">{\"@context\":\"https:\/\/schema.org\",\"@graph\":[{\"@type\":\"WebPage\",\"@id\":\"https:\/\/ingritech.pl\/de\/product\/natriumbentonit-fuer-den-giesserei-und-bohrbereich-ukr\/\",\"url\":\"https:\/\/ingritech.pl\/de\/product\/natriumbentonit-fuer-den-giesserei-und-bohrbereich-ukr\/\",\"name\":\"Natriumbentonit f\u00fcr den Gie\u00dferei- und Bohrbereich (UKR) kup w Polsce, dostawa w Europie - INGRITECH\",\"isPartOf\":{\"@id\":\"https:\/\/ingritech.pl\/de\/#website\"},\"primaryImageOfPage\":{\"@id\":\"https:\/\/ingritech.pl\/de\/product\/natriumbentonit-fuer-den-giesserei-und-bohrbereich-ukr\/#primaryimage\"},\"image\":{\"@id\":\"https:\/\/ingritech.pl\/de\/product\/natriumbentonit-fuer-den-giesserei-und-bohrbereich-ukr\/#primaryimage\"},\"thumbnailUrl\":\"https:\/\/ingritech.pl\/wp-content\/uploads\/2025\/01\/Ingritech-SODIUM-BENTONITE-FOR-FOUNDRY-DRILLS.webp\",\"datePublished\":\"2025-01-31T13:21:22+00:00\",\"dateModified\":\"2026-04-14T11:35:12+00:00\",\"description\":\"Kup Natriumbentonit f\u00fcr den Gie\u00dferei- und Bohrbereich (UKR) w Polsce \ud83d\ude9aw ca\u0142ej Europie \u2705 Dokumentacja techniczna i certyfikaty \u2705 Korzystne ceny \u2705 Gwarancja.\",\"breadcrumb\":{\"@id\":\"https:\/\/ingritech.pl\/de\/product\/natriumbentonit-fuer-den-giesserei-und-bohrbereich-ukr\/#breadcrumb\"},\"inLanguage\":\"de\",\"potentialAction\":[{\"@type\":\"ReadAction\",\"target\":[\"https:\/\/ingritech.pl\/de\/product\/natriumbentonit-fuer-den-giesserei-und-bohrbereich-ukr\/\"]}]},{\"@type\":\"ImageObject\",\"inLanguage\":\"de\",\"@id\":\"https:\/\/ingritech.pl\/de\/product\/natriumbentonit-fuer-den-giesserei-und-bohrbereich-ukr\/#primaryimage\",\"url\":\"https:\/\/ingritech.pl\/wp-content\/uploads\/2025\/01\/Ingritech-SODIUM-BENTONITE-FOR-FOUNDRY-DRILLS.webp\",\"contentUrl\":\"https:\/\/ingritech.pl\/wp-content\/uploads\/2025\/01\/Ingritech-SODIUM-BENTONITE-FOR-FOUNDRY-DRILLS.webp\",\"width\":1805,\"height\":1805,\"caption\":\"Ingritech Natriumbentonit f\u00fcr Gie\u00dfereien und Bohrungen\"},{\"@type\":\"BreadcrumbList\",\"@id\":\"https:\/\/ingritech.pl\/de\/product\/natriumbentonit-fuer-den-giesserei-und-bohrbereich-ukr\/#breadcrumb\",\"itemListElement\":[{\"@type\":\"ListItem\",\"position\":1,\"name\":\"Strona g\u0142\u00f3wna\",\"item\":\"https:\/\/ingritech.pl\/de\/\"},{\"@type\":\"ListItem\",\"position\":2,\"name\":\"Produktkatalog\",\"item\":\"https:\/\/ingritech.pl\/katalog\/\"},{\"@type\":\"ListItem\",\"position\":3,\"name\":\"Natriumbentonit f\u00fcr den Gie\u00dferei- und Bohrbereich (UKR)\"}]},{\"@type\":\"WebSite\",\"@id\":\"https:\/\/ingritech.pl\/de\/#website\",\"url\":\"https:\/\/ingritech.pl\/de\/\",\"name\":\"Ingritech\",\"description\":\"SUPPLIES AND RAW MATERIALS FOR INDUSTRY\",\"publisher\":{\"@id\":\"https:\/\/ingritech.pl\/de\/#organization\"},\"alternateName\":\"Ingritech - SUPPLIES AND RAW MATERIALS FOR INDUSTRY\",\"potentialAction\":[{\"@type\":\"SearchAction\",\"target\":{\"@type\":\"EntryPoint\",\"urlTemplate\":\"https:\/\/ingritech.pl\/de\/?s={search_term_string}\"},\"query-input\":{\"@type\":\"PropertyValueSpecification\",\"valueRequired\":true,\"valueName\":\"search_term_string\"}}],\"inLanguage\":\"de\"},{\"@type\":\"Organization\",\"@id\":\"https:\/\/ingritech.pl\/de\/#organization\",\"name\":\"Ingritech\",\"alternateName\":\"Ingritech - sklep z materia\u0142ami eksploatacyjnymi i surowcami dla przemys\u0142u\",\"url\":\"https:\/\/ingritech.pl\/de\/\",\"logo\":{\"@type\":\"ImageObject\",\"inLanguage\":\"de\",\"@id\":\"https:\/\/ingritech.pl\/de\/#\/schema\/logo\/image\/\",\"url\":\"https:\/\/ingritech.pl\/wp-content\/uploads\/2025\/01\/ingretech-logo.webp\",\"contentUrl\":\"https:\/\/ingritech.pl\/wp-content\/uploads\/2025\/01\/ingretech-logo.webp\",\"width\":1280,\"height\":182,\"caption\":\"Ingritech\"},\"image\":{\"@id\":\"https:\/\/ingritech.pl\/de\/#\/schema\/logo\/image\/\"},\"sameAs\":[\"https:\/\/wa.me\/+48453077323\"]}]}<\/script>\n<!-- \/ Yoast SEO plugin. -->","yoast_head_json":{"title":"Natriumbentonit f\u00fcr den Gie\u00dferei- und Bohrbereich (UKR) kup w Polsce, dostawa w Europie - INGRITECH","description":"Kup Natriumbentonit f\u00fcr den Gie\u00dferei- und Bohrbereich (UKR) w Polsce \ud83d\ude9aw ca\u0142ej Europie \u2705 Dokumentacja techniczna i certyfikaty \u2705 Korzystne ceny \u2705 Gwarancja.","robots":{"index":"index","follow":"follow","max-snippet":"max-snippet:-1","max-image-preview":"max-image-preview:large","max-video-preview":"max-video-preview:-1"},"canonical":"https:\/\/ingritech.pl\/de\/product\/natriumbentonit-fuer-den-giesserei-und-bohrbereich-ukr\/","og_locale":"de_DE","og_type":"article","og_title":"Natriumbentonit f\u00fcr den Gie\u00dferei- und Bohrbereich (UKR) kup w Polsce, dostawa w Europie - INGRITECH","og_description":"Kup Natriumbentonit f\u00fcr den Gie\u00dferei- und Bohrbereich (UKR) w Polsce \ud83d\ude9aw ca\u0142ej Europie \u2705 Dokumentacja techniczna i certyfikaty \u2705 Korzystne ceny \u2705 Gwarancja.","og_url":"https:\/\/ingritech.pl\/de\/product\/natriumbentonit-fuer-den-giesserei-und-bohrbereich-ukr\/","og_site_name":"INGRITECH","article_modified_time":"2026-04-14T11:35:12+00:00","og_image":[{"width":1805,"height":1805,"url":"https:\/\/ingritech.pl\/wp-content\/uploads\/2025\/01\/Ingritech-SODIUM-BENTONITE-FOR-FOUNDRY-DRILLS.webp","type":"image\/webp"}],"twitter_card":"summary_large_image","twitter_misc":{"Gesch\u00e4tzte Lesezeit":"1\u00a0Minute"},"schema":{"@context":"https:\/\/schema.org","@graph":[{"@type":"WebPage","@id":"https:\/\/ingritech.pl\/de\/product\/natriumbentonit-fuer-den-giesserei-und-bohrbereich-ukr\/","url":"https:\/\/ingritech.pl\/de\/product\/natriumbentonit-fuer-den-giesserei-und-bohrbereich-ukr\/","name":"Natriumbentonit f\u00fcr den Gie\u00dferei- und Bohrbereich (UKR) kup w Polsce, dostawa w Europie - INGRITECH","isPartOf":{"@id":"https:\/\/ingritech.pl\/de\/#website"},"primaryImageOfPage":{"@id":"https:\/\/ingritech.pl\/de\/product\/natriumbentonit-fuer-den-giesserei-und-bohrbereich-ukr\/#primaryimage"},"image":{"@id":"https:\/\/ingritech.pl\/de\/product\/natriumbentonit-fuer-den-giesserei-und-bohrbereich-ukr\/#primaryimage"},"thumbnailUrl":"https:\/\/ingritech.pl\/wp-content\/uploads\/2025\/01\/Ingritech-SODIUM-BENTONITE-FOR-FOUNDRY-DRILLS.webp","datePublished":"2025-01-31T13:21:22+00:00","dateModified":"2026-04-14T11:35:12+00:00","description":"Kup Natriumbentonit f\u00fcr den Gie\u00dferei- und Bohrbereich (UKR) w Polsce \ud83d\ude9aw ca\u0142ej Europie \u2705 Dokumentacja techniczna i certyfikaty \u2705 Korzystne ceny \u2705 Gwarancja.","breadcrumb":{"@id":"https:\/\/ingritech.pl\/de\/product\/natriumbentonit-fuer-den-giesserei-und-bohrbereich-ukr\/#breadcrumb"},"inLanguage":"de","potentialAction":[{"@type":"ReadAction","target":["https:\/\/ingritech.pl\/de\/product\/natriumbentonit-fuer-den-giesserei-und-bohrbereich-ukr\/"]}]},{"@type":"ImageObject","inLanguage":"de","@id":"https:\/\/ingritech.pl\/de\/product\/natriumbentonit-fuer-den-giesserei-und-bohrbereich-ukr\/#primaryimage","url":"https:\/\/ingritech.pl\/wp-content\/uploads\/2025\/01\/Ingritech-SODIUM-BENTONITE-FOR-FOUNDRY-DRILLS.webp","contentUrl":"https:\/\/ingritech.pl\/wp-content\/uploads\/2025\/01\/Ingritech-SODIUM-BENTONITE-FOR-FOUNDRY-DRILLS.webp","width":1805,"height":1805,"caption":"Ingritech Natriumbentonit f\u00fcr Gie\u00dfereien und Bohrungen"},{"@type":"BreadcrumbList","@id":"https:\/\/ingritech.pl\/de\/product\/natriumbentonit-fuer-den-giesserei-und-bohrbereich-ukr\/#breadcrumb","itemListElement":[{"@type":"ListItem","position":1,"name":"Strona g\u0142\u00f3wna","item":"https:\/\/ingritech.pl\/de\/"},{"@type":"ListItem","position":2,"name":"Produktkatalog","item":"https:\/\/ingritech.pl\/katalog\/"},{"@type":"ListItem","position":3,"name":"Natriumbentonit f\u00fcr den Gie\u00dferei- und Bohrbereich (UKR)"}]},{"@type":"WebSite","@id":"https:\/\/ingritech.pl\/de\/#website","url":"https:\/\/ingritech.pl\/de\/","name":"Ingritech","description":"SUPPLIES AND RAW MATERIALS FOR INDUSTRY","publisher":{"@id":"https:\/\/ingritech.pl\/de\/#organization"},"alternateName":"Ingritech - SUPPLIES AND RAW MATERIALS FOR INDUSTRY","potentialAction":[{"@type":"SearchAction","target":{"@type":"EntryPoint","urlTemplate":"https:\/\/ingritech.pl\/de\/?s={search_term_string}"},"query-input":{"@type":"PropertyValueSpecification","valueRequired":true,"valueName":"search_term_string"}}],"inLanguage":"de"},{"@type":"Organization","@id":"https:\/\/ingritech.pl\/de\/#organization","name":"Ingritech","alternateName":"Ingritech - sklep z materia\u0142ami eksploatacyjnymi i surowcami dla przemys\u0142u","url":"https:\/\/ingritech.pl\/de\/","logo":{"@type":"ImageObject","inLanguage":"de","@id":"https:\/\/ingritech.pl\/de\/#\/schema\/logo\/image\/","url":"https:\/\/ingritech.pl\/wp-content\/uploads\/2025\/01\/ingretech-logo.webp","contentUrl":"https:\/\/ingritech.pl\/wp-content\/uploads\/2025\/01\/ingretech-logo.webp","width":1280,"height":182,"caption":"Ingritech"},"image":{"@id":"https:\/\/ingritech.pl\/de\/#\/schema\/logo\/image\/"},"sameAs":["https:\/\/wa.me\/+48453077323"]}]}},"_links":{"self":[{"href":"https:\/\/ingritech.pl\/de\/wp-json\/wp\/v2\/product\/12180","targetHints":{"allow":["GET"]}}],"collection":[{"href":"https:\/\/ingritech.pl\/de\/wp-json\/wp\/v2\/product"}],"about":[{"href":"https:\/\/ingritech.pl\/de\/wp-json\/wp\/v2\/types\/product"}],"wp:featuredmedia":[{"embeddable":true,"href":"https:\/\/ingritech.pl\/de\/wp-json\/wp\/v2\/media\/12182"}],"wp:attachment":[{"href":"https:\/\/ingritech.pl\/de\/wp-json\/wp\/v2\/media?parent=12180"}],"wp:term":[{"taxonomy":"product_brand","embeddable":true,"href":"https:\/\/ingritech.pl\/de\/wp-json\/wp\/v2\/product_brand?post=12180"},{"taxonomy":"product_cat","embeddable":true,"href":"https:\/\/ingritech.pl\/de\/wp-json\/wp\/v2\/product_cat?post=12180"},{"taxonomy":"product_tag","embeddable":true,"href":"https:\/\/ingritech.pl\/de\/wp-json\/wp\/v2\/product_tag?post=12180"}],"curies":[{"name":"wp","href":"https:\/\/api.w.org\/{rel}","templated":true}]}}