{"id":12192,"date":"2025-04-07T13:18:07","date_gmt":"2025-04-07T11:18:07","guid":{"rendered":"https:\/\/ingritech.pl\/product\/aluminiumlegierung-en-aw-2024-alcu4mg1-gost-4784-97-d12\/"},"modified":"2026-04-14T15:27:40","modified_gmt":"2026-04-14T13:27:40","slug":"aluminiumlegierung-en-aw-2024-alcu4mg1-gost-4784-97-d12","status":"publish","type":"product","link":"https:\/\/ingritech.pl\/de\/product\/aluminiumlegierung-en-aw-2024-alcu4mg1-gost-4784-97-d12\/","title":{"rendered":"Aluminiumlegierung EN AW-2024 AlCu4Mg1 (GOST 4784-97, D12)"},"content":{"rendered":"<h4 class=\"\" data-start=\"519\" data-end=\"566\"><strong data-start=\"524\" data-end=\"566\">Warum sollten Sie sich f\u00fcr die Legierung D16 von uns entscheiden<\/strong><\/h4>\n<ul data-start=\"567\" data-end=\"943\">\n<li class=\"\" data-start=\"567\" data-end=\"608\">\n<p class=\"\" data-start=\"569\" data-end=\"608\">Hohe Qualit\u00e4t gem\u00e4\u00df <strong data-start=\"592\" data-end=\"608\">GOST 4784-97<\/strong><\/p>\n<\/li>\n<li class=\"\" data-start=\"609\" data-end=\"687\">\n<p class=\"\" data-start=\"611\" data-end=\"687\">Hervorragend <strong data-start=\"621\" data-end=\"647\">Erm\u00fcdungsfestigkeit<\/strong> sowie <strong data-start=\"653\" data-end=\"687\">Verh\u00e4ltnis von Festigkeit zu Gewicht<\/strong><\/p>\n<\/li>\n<li class=\"\" data-start=\"688\" data-end=\"774\">\n<p class=\"\" data-start=\"690\" data-end=\"774\">Gute <strong data-start=\"697\" data-end=\"713\">Bearbeitbarkeit<\/strong>, Korrosionsbest\u00e4ndigkeit und hervorragende Schwei\u00dfeigenschaften<\/p>\n<\/li>\n<li class=\"\" data-start=\"775\" data-end=\"845\">\n<p class=\"\" data-start=\"777\" data-end=\"845\">Praktische Form \u2013 Gussteile mit einem Gewicht von ca <strong data-start=\"813\" data-end=\"823\">6,5 kg<\/strong>, verpackt auf Paletten<\/p>\n<\/li>\n<li class=\"\" data-start=\"846\" data-end=\"886\">\n<p class=\"\" data-start=\"848\" data-end=\"886\">Zuverl\u00e4ssige <strong data-start=\"859\" data-end=\"886\">Logistik innerhalb der EU<\/strong><\/p>\n<\/li>\n<li class=\"\" data-start=\"887\" data-end=\"943\">\n<p class=\"\" data-start=\"889\" data-end=\"943\">Vollst\u00e4ndige Dokumentation \u2013 <strong data-start=\"910\" data-end=\"922\">ISO 9001<\/strong>, <strong data-start=\"924\" data-end=\"932\">MSDS<\/strong>, <strong data-start=\"934\" data-end=\"943\">REACH<\/strong><\/p>\n<\/li>\n<\/ul>\n<hr class=\"\" data-start=\"945\" data-end=\"948\" \/>\n<h3 class=\"\" data-start=\"950\" data-end=\"994\"><strong data-start=\"954\" data-end=\"994\">Chemische Zusammensetzung (D16, GOST 4784-97):<\/strong><\/h3>\n<div class=\"overflow-x-auto contain-inline-size\">\n<table data-start=\"996\" data-end=\"1578\">\n<thead data-start=\"996\" data-end=\"1039\">\n<tr data-start=\"996\" data-end=\"1039\">\n<th data-start=\"996\" data-end=\"1017\">Element<\/th>\n<th data-start=\"1017\" data-end=\"1039\">Gehalt (%)<\/th>\n<\/tr>\n<\/thead>\n<tbody data-start=\"1084\" data-end=\"1578\">\n<tr data-start=\"1084\" data-end=\"1127\">\n<td>Fe (Eisen)<\/td>\n<td>\u2264 0,50<\/td>\n<\/tr>\n<tr data-start=\"1128\" data-end=\"1171\">\n<td>Si (Silizium)<\/td>\n<td>\u2264 0,50<\/td>\n<\/tr>\n<tr data-start=\"1172\" data-end=\"1215\">\n<td>Mn (Mangan)<\/td>\n<td>0,30 \u2013 0,90<\/td>\n<\/tr>\n<tr data-start=\"1216\" data-end=\"1259\">\n<td>Cr (Chrom)<\/td>\n<td>\u2264 0,10<\/td>\n<\/tr>\n<tr data-start=\"1260\" data-end=\"1303\">\n<td>Ti (Titan)<\/td>\n<td>\u2264 0,15<\/td>\n<\/tr>\n<tr data-start=\"1304\" data-end=\"1347\">\n<td>Al (Aluminium)<\/td>\n<td>90,9 \u2013 94,7<\/td>\n<\/tr>\n<tr data-start=\"1348\" data-end=\"1391\">\n<td>Cu (Kupfer)<\/td>\n<td>3,8 \u2013 4,9<\/td>\n<\/tr>\n<tr data-start=\"1392\" data-end=\"1435\">\n<td>Mg (Magnesium)<\/td>\n<td>1,2 \u2013 1,8<\/td>\n<\/tr>\n<tr data-start=\"1436\" data-end=\"1479\">\n<td>Zn (Zink)<\/td>\n<td>\u2264 0,25<\/td>\n<\/tr>\n<tr data-start=\"1480\" data-end=\"1534\">\n<td>Schadstoffe<\/td>\n<td>\u2264 0,05 ka\u017cde \/ 0,15 ca\u0142kowite<\/td>\n<\/tr>\n<tr data-start=\"1535\" data-end=\"1578\">\n<td>Ti + Zr<\/td>\n<td>&lt; 0,2<\/td>\n<\/tr>\n<\/tbody>\n<\/table>\n<\/div>\n<hr class=\"\" data-start=\"1580\" data-end=\"1583\" \/>\n<h3 class=\"\" data-start=\"1585\" data-end=\"1631\"><strong data-start=\"1589\" data-end=\"1631\">Internationale Entsprechungen der Legierung D16:<\/strong><\/h3>\n<div class=\"overflow-x-auto contain-inline-size\">\n<table data-start=\"1633\" data-end=\"1923\">\n<thead data-start=\"1633\" data-end=\"1729\">\n<tr data-start=\"1633\" data-end=\"1729\">\n<th data-start=\"1633\" data-end=\"1644\">USA (AA)<\/th>\n<th data-start=\"1644\" data-end=\"1663\">Deutschland (DIN\/WNr)<\/th>\n<th data-start=\"1663\" data-end=\"1679\">Japan (JIS)<\/th>\n<th data-start=\"1679\" data-end=\"1697\">Frankreich (AFNOR)<\/th>\n<th data-start=\"1697\" data-end=\"1713\">UE (EN)<\/th>\n<th data-start=\"1713\" data-end=\"1729\">ISO<\/th>\n<\/tr>\n<\/thead>\n<tbody data-start=\"1827\" data-end=\"1923\">\n<tr data-start=\"1827\" data-end=\"1923\">\n<td>AA2024<\/td>\n<td>3.1355<\/td>\n<td>A2024<\/td>\n<td>A-U4SG<\/td>\n<td>EN AW-2024<\/td>\n<td>AlCu4Mg1<\/td>\n<\/tr>\n<\/tbody>\n<\/table>\n<\/div>\n<hr class=\"\" data-start=\"1925\" data-end=\"1928\" \/>\n<h3 class=\"\" data-start=\"1930\" data-end=\"1959\"><strong data-start=\"1934\" data-end=\"1959\">Anwendungsbereiche:<\/strong><\/h3>\n<ul data-start=\"1960\" data-end=\"2206\">\n<li class=\"\" data-start=\"1960\" data-end=\"2019\">\n<p class=\"\" data-start=\"1962\" data-end=\"2019\">Bauteile in der Luft- und Raumfahrtindustrie<\/p>\n<\/li>\n<li class=\"\" data-start=\"2020\" data-end=\"2061\">\n<p class=\"\" data-start=\"2022\" data-end=\"2061\">Hochbelastbare Automobilteile<\/p>\n<\/li>\n<li class=\"\" data-start=\"2062\" data-end=\"2102\">\n<p class=\"\" data-start=\"2064\" data-end=\"2102\">Rahmen und Pr\u00e4zisionsbauteile<\/p>\n<\/li>\n<li class=\"\" data-start=\"2103\" data-end=\"2160\">\n<p class=\"\" data-start=\"2105\" data-end=\"2160\">Milit\u00e4rische Ausr\u00fcstung und Komponenten f\u00fcr Verteidigungszwecke<\/p>\n<\/li>\n<li class=\"\" data-start=\"2161\" data-end=\"2206\">\n<p class=\"\" data-start=\"2163\" data-end=\"2206\">Hochleistungs-Maschinenkonstruktionen<\/p>\n<\/li>\n<\/ul>\n<hr class=\"\" data-start=\"2208\" data-end=\"2211\" \/>\n<h3 class=\"\" data-start=\"2213\" data-end=\"2241\"><strong data-start=\"2217\" data-end=\"2241\">Verpackung und Lieferung:<\/strong><\/h3>\n<ul data-start=\"2242\" data-end=\"2474\">\n<li class=\"\" data-start=\"2242\" data-end=\"2316\">\n<p class=\"\" data-start=\"2244\" data-end=\"2316\">Standardverpackung: <strong data-start=\"2267\" data-end=\"2294\">Aluminiumgussteile, 6,5 kg<\/strong>, auf Paletten verpackt<\/p>\n<\/li>\n<li class=\"\" data-start=\"2317\" data-end=\"2366\">\n<p class=\"\" data-start=\"2319\" data-end=\"2366\">Sonderl\u00f6sungen auf Anfrage erh\u00e4ltlich<\/p>\n<\/li>\n<li class=\"\" data-start=\"2367\" data-end=\"2433\">\n<p class=\"\" data-start=\"2369\" data-end=\"2433\">Vollst\u00e4ndige Qualit\u00e4tsdokumentation: <strong data-start=\"2400\" data-end=\"2412\">ISO 9001<\/strong>, <strong data-start=\"2414\" data-end=\"2422\">MSDS<\/strong>, <strong data-start=\"2424\" data-end=\"2433\">REACH<\/strong><\/p>\n<\/li>\n<li class=\"\" data-start=\"2434\" data-end=\"2474\">\n<p class=\"\" data-start=\"2436\" data-end=\"2474\">Schnelle Lieferung in ganz Europa<\/p>\n<\/li>\n<\/ul>\n<hr \/>\n<p><span style=\"color: #339966;\"><a style=\"color: #339966;\" href=\"https:\/\/api.whatsapp.com\/send\/?phone=%2B48453077323&amp;text&amp;type=phone_number&amp;app_absent=0\" target=\"_blank\" rel=\"noopener\"><strong>Die Details \u00fcber WhatsApp besprechen<br \/>\n<\/strong><\/a><\/span><\/p>\n","protected":false},"excerpt":{"rendered":"<p><strong data-start=\"237\" data-end=\"331\">\u00a0Suchen Sie eine langlebige und leistungsstarke Aluminiumlegierung f\u00fcr den Bau- oder Luftfahrtbereich?<\/strong><br data-start=\"331\" data-end=\"334\" \/>Wir bieten <strong data-start=\"344\" data-end=\"371\">die Legierung D16 (GOST 4784-97) <\/strong> in <strong data-start=\"374\" data-end=\"392\">Form von Gussteilen an<\/strong>, ideal f\u00fcr Anwendungen in <strong data-start=\"418\" data-end=\"487\">der Luftfahrt-, Automobil-, Transport- und Maschinenbauindustrie<\/strong> sowie <strong data-start=\"493\" data-end=\"516\">in der R\u00fcstungsindustrie<\/strong>.<\/p>\n","protected":false},"featured_media":12193,"template":"","meta":[],"product_brand":[],"product_cat":[767],"product_tag":[768,715],"class_list":{"0":"post-12192","1":"product","2":"type-product","3":"status-publish","4":"has-post-thumbnail","6":"product_cat-nichteisenmetalle-und-legierungen","7":"product_tag-aluminium-de","8":"product_tag-fuse","10":"first","11":"instock","12":"shipping-taxable","13":"product-type-simple"},"yoast_head":"<!-- This site is optimized with the Yoast SEO plugin v24.3 - https:\/\/yoast.com\/wordpress\/plugins\/seo\/ -->\n<title>Aluminiumlegierung EN AW-2024 AlCu4Mg1 (GOST 4784-97, D12) kup w Polsce, dostawa w Europie - INGRITECH<\/title>\n<meta name=\"description\" content=\"Kup Aluminiumlegierung EN AW-2024 AlCu4Mg1 (GOST 4784-97, D12) w Polsce \ud83d\ude9aw ca\u0142ej Europie \u2705 Dokumentacja techniczna i certyfikaty \u2705 Korzystne ceny \u2705 Gwarancja.\" \/>\n<meta name=\"robots\" content=\"index, follow, max-snippet:-1, max-image-preview:large, max-video-preview:-1\" \/>\n<link rel=\"canonical\" href=\"https:\/\/ingritech.pl\/de\/product\/aluminiumlegierung-en-aw-2024-alcu4mg1-gost-4784-97-d12\/\" \/>\n<meta property=\"og:locale\" content=\"de_DE\" \/>\n<meta property=\"og:type\" content=\"article\" \/>\n<meta property=\"og:title\" content=\"Aluminiumlegierung EN AW-2024 AlCu4Mg1 (GOST 4784-97, D12) kup w Polsce, dostawa w Europie - INGRITECH\" \/>\n<meta property=\"og:description\" content=\"Kup Aluminiumlegierung EN AW-2024 AlCu4Mg1 (GOST 4784-97, D12) w Polsce \ud83d\ude9aw ca\u0142ej Europie \u2705 Dokumentacja techniczna i certyfikaty \u2705 Korzystne ceny \u2705 Gwarancja.\" \/>\n<meta property=\"og:url\" content=\"https:\/\/ingritech.pl\/de\/product\/aluminiumlegierung-en-aw-2024-alcu4mg1-gost-4784-97-d12\/\" \/>\n<meta property=\"og:site_name\" content=\"INGRITECH\" \/>\n<meta property=\"article:modified_time\" content=\"2026-04-14T13:27:40+00:00\" \/>\n<meta property=\"og:image\" content=\"https:\/\/ingritech.pl\/wp-content\/uploads\/2025\/04\/Stop-aluminiumowy-D12.webp\" \/>\n\t<meta property=\"og:image:width\" content=\"1324\" \/>\n\t<meta property=\"og:image:height\" content=\"1324\" \/>\n\t<meta property=\"og:image:type\" content=\"image\/webp\" \/>\n<meta name=\"twitter:card\" content=\"summary_large_image\" \/>\n<meta name=\"twitter:label1\" content=\"Gesch\u00e4tzte Lesezeit\" \/>\n\t<meta name=\"twitter:data1\" content=\"2\u00a0Minuten\" \/>\n<script type=\"application\/ld+json\" class=\"yoast-schema-graph\">{\"@context\":\"https:\/\/schema.org\",\"@graph\":[{\"@type\":\"WebPage\",\"@id\":\"https:\/\/ingritech.pl\/de\/product\/aluminiumlegierung-en-aw-2024-alcu4mg1-gost-4784-97-d12\/\",\"url\":\"https:\/\/ingritech.pl\/de\/product\/aluminiumlegierung-en-aw-2024-alcu4mg1-gost-4784-97-d12\/\",\"name\":\"Aluminiumlegierung EN AW-2024 AlCu4Mg1 (GOST 4784-97, D12) kup w Polsce, dostawa w Europie - INGRITECH\",\"isPartOf\":{\"@id\":\"https:\/\/ingritech.pl\/de\/#website\"},\"primaryImageOfPage\":{\"@id\":\"https:\/\/ingritech.pl\/de\/product\/aluminiumlegierung-en-aw-2024-alcu4mg1-gost-4784-97-d12\/#primaryimage\"},\"image\":{\"@id\":\"https:\/\/ingritech.pl\/de\/product\/aluminiumlegierung-en-aw-2024-alcu4mg1-gost-4784-97-d12\/#primaryimage\"},\"thumbnailUrl\":\"https:\/\/ingritech.pl\/wp-content\/uploads\/2025\/04\/Stop-aluminiumowy-D12.webp\",\"datePublished\":\"2025-04-07T11:18:07+00:00\",\"dateModified\":\"2026-04-14T13:27:40+00:00\",\"description\":\"Kup Aluminiumlegierung EN AW-2024 AlCu4Mg1 (GOST 4784-97, D12) w Polsce \ud83d\ude9aw ca\u0142ej Europie \u2705 Dokumentacja techniczna i certyfikaty \u2705 Korzystne ceny \u2705 Gwarancja.\",\"breadcrumb\":{\"@id\":\"https:\/\/ingritech.pl\/de\/product\/aluminiumlegierung-en-aw-2024-alcu4mg1-gost-4784-97-d12\/#breadcrumb\"},\"inLanguage\":\"de\",\"potentialAction\":[{\"@type\":\"ReadAction\",\"target\":[\"https:\/\/ingritech.pl\/de\/product\/aluminiumlegierung-en-aw-2024-alcu4mg1-gost-4784-97-d12\/\"]}]},{\"@type\":\"ImageObject\",\"inLanguage\":\"de\",\"@id\":\"https:\/\/ingritech.pl\/de\/product\/aluminiumlegierung-en-aw-2024-alcu4mg1-gost-4784-97-d12\/#primaryimage\",\"url\":\"https:\/\/ingritech.pl\/wp-content\/uploads\/2025\/04\/Stop-aluminiumowy-D12.webp\",\"contentUrl\":\"https:\/\/ingritech.pl\/wp-content\/uploads\/2025\/04\/Stop-aluminiumowy-D12.webp\",\"width\":1324,\"height\":1324,\"caption\":\"Aluminiumlegierung D12\"},{\"@type\":\"BreadcrumbList\",\"@id\":\"https:\/\/ingritech.pl\/de\/product\/aluminiumlegierung-en-aw-2024-alcu4mg1-gost-4784-97-d12\/#breadcrumb\",\"itemListElement\":[{\"@type\":\"ListItem\",\"position\":1,\"name\":\"Strona g\u0142\u00f3wna\",\"item\":\"https:\/\/ingritech.pl\/de\/\"},{\"@type\":\"ListItem\",\"position\":2,\"name\":\"Katalog produkt\u00f3w\",\"item\":\"https:\/\/ingritech.pl\/katalog\/\"},{\"@type\":\"ListItem\",\"position\":3,\"name\":\"Aluminiumlegierung EN AW-2024 AlCu4Mg1 (GOST 4784-97, D12)\"}]},{\"@type\":\"WebSite\",\"@id\":\"https:\/\/ingritech.pl\/de\/#website\",\"url\":\"https:\/\/ingritech.pl\/de\/\",\"name\":\"Ingritech\",\"description\":\"SUPPLIES AND RAW MATERIALS FOR INDUSTRY\",\"publisher\":{\"@id\":\"https:\/\/ingritech.pl\/de\/#organization\"},\"alternateName\":\"Ingritech - SUPPLIES AND RAW MATERIALS FOR INDUSTRY\",\"potentialAction\":[{\"@type\":\"SearchAction\",\"target\":{\"@type\":\"EntryPoint\",\"urlTemplate\":\"https:\/\/ingritech.pl\/de\/?s={search_term_string}\"},\"query-input\":{\"@type\":\"PropertyValueSpecification\",\"valueRequired\":true,\"valueName\":\"search_term_string\"}}],\"inLanguage\":\"de\"},{\"@type\":\"Organization\",\"@id\":\"https:\/\/ingritech.pl\/de\/#organization\",\"name\":\"Ingritech\",\"alternateName\":\"Ingritech - sklep z materia\u0142ami eksploatacyjnymi i surowcami dla przemys\u0142u\",\"url\":\"https:\/\/ingritech.pl\/de\/\",\"logo\":{\"@type\":\"ImageObject\",\"inLanguage\":\"de\",\"@id\":\"https:\/\/ingritech.pl\/de\/#\/schema\/logo\/image\/\",\"url\":\"https:\/\/ingritech.pl\/wp-content\/uploads\/2025\/01\/ingretech-logo.webp\",\"contentUrl\":\"https:\/\/ingritech.pl\/wp-content\/uploads\/2025\/01\/ingretech-logo.webp\",\"width\":1280,\"height\":182,\"caption\":\"Ingritech\"},\"image\":{\"@id\":\"https:\/\/ingritech.pl\/de\/#\/schema\/logo\/image\/\"},\"sameAs\":[\"https:\/\/wa.me\/+48453077323\"]}]}<\/script>\n<!-- \/ Yoast SEO plugin. -->","yoast_head_json":{"title":"Aluminiumlegierung EN AW-2024 AlCu4Mg1 (GOST 4784-97, D12) kup w Polsce, dostawa w Europie - INGRITECH","description":"Kup Aluminiumlegierung EN AW-2024 AlCu4Mg1 (GOST 4784-97, D12) w Polsce \ud83d\ude9aw ca\u0142ej Europie \u2705 Dokumentacja techniczna i certyfikaty \u2705 Korzystne ceny \u2705 Gwarancja.","robots":{"index":"index","follow":"follow","max-snippet":"max-snippet:-1","max-image-preview":"max-image-preview:large","max-video-preview":"max-video-preview:-1"},"canonical":"https:\/\/ingritech.pl\/de\/product\/aluminiumlegierung-en-aw-2024-alcu4mg1-gost-4784-97-d12\/","og_locale":"de_DE","og_type":"article","og_title":"Aluminiumlegierung EN AW-2024 AlCu4Mg1 (GOST 4784-97, D12) kup w Polsce, dostawa w Europie - INGRITECH","og_description":"Kup Aluminiumlegierung EN AW-2024 AlCu4Mg1 (GOST 4784-97, D12) w Polsce \ud83d\ude9aw ca\u0142ej Europie \u2705 Dokumentacja techniczna i certyfikaty \u2705 Korzystne ceny \u2705 Gwarancja.","og_url":"https:\/\/ingritech.pl\/de\/product\/aluminiumlegierung-en-aw-2024-alcu4mg1-gost-4784-97-d12\/","og_site_name":"INGRITECH","article_modified_time":"2026-04-14T13:27:40+00:00","og_image":[{"width":1324,"height":1324,"url":"https:\/\/ingritech.pl\/wp-content\/uploads\/2025\/04\/Stop-aluminiumowy-D12.webp","type":"image\/webp"}],"twitter_card":"summary_large_image","twitter_misc":{"Gesch\u00e4tzte Lesezeit":"2\u00a0Minuten"},"schema":{"@context":"https:\/\/schema.org","@graph":[{"@type":"WebPage","@id":"https:\/\/ingritech.pl\/de\/product\/aluminiumlegierung-en-aw-2024-alcu4mg1-gost-4784-97-d12\/","url":"https:\/\/ingritech.pl\/de\/product\/aluminiumlegierung-en-aw-2024-alcu4mg1-gost-4784-97-d12\/","name":"Aluminiumlegierung EN AW-2024 AlCu4Mg1 (GOST 4784-97, D12) kup w Polsce, dostawa w Europie - INGRITECH","isPartOf":{"@id":"https:\/\/ingritech.pl\/de\/#website"},"primaryImageOfPage":{"@id":"https:\/\/ingritech.pl\/de\/product\/aluminiumlegierung-en-aw-2024-alcu4mg1-gost-4784-97-d12\/#primaryimage"},"image":{"@id":"https:\/\/ingritech.pl\/de\/product\/aluminiumlegierung-en-aw-2024-alcu4mg1-gost-4784-97-d12\/#primaryimage"},"thumbnailUrl":"https:\/\/ingritech.pl\/wp-content\/uploads\/2025\/04\/Stop-aluminiumowy-D12.webp","datePublished":"2025-04-07T11:18:07+00:00","dateModified":"2026-04-14T13:27:40+00:00","description":"Kup Aluminiumlegierung EN AW-2024 AlCu4Mg1 (GOST 4784-97, D12) w Polsce \ud83d\ude9aw ca\u0142ej Europie \u2705 Dokumentacja techniczna i certyfikaty \u2705 Korzystne ceny \u2705 Gwarancja.","breadcrumb":{"@id":"https:\/\/ingritech.pl\/de\/product\/aluminiumlegierung-en-aw-2024-alcu4mg1-gost-4784-97-d12\/#breadcrumb"},"inLanguage":"de","potentialAction":[{"@type":"ReadAction","target":["https:\/\/ingritech.pl\/de\/product\/aluminiumlegierung-en-aw-2024-alcu4mg1-gost-4784-97-d12\/"]}]},{"@type":"ImageObject","inLanguage":"de","@id":"https:\/\/ingritech.pl\/de\/product\/aluminiumlegierung-en-aw-2024-alcu4mg1-gost-4784-97-d12\/#primaryimage","url":"https:\/\/ingritech.pl\/wp-content\/uploads\/2025\/04\/Stop-aluminiumowy-D12.webp","contentUrl":"https:\/\/ingritech.pl\/wp-content\/uploads\/2025\/04\/Stop-aluminiumowy-D12.webp","width":1324,"height":1324,"caption":"Aluminiumlegierung D12"},{"@type":"BreadcrumbList","@id":"https:\/\/ingritech.pl\/de\/product\/aluminiumlegierung-en-aw-2024-alcu4mg1-gost-4784-97-d12\/#breadcrumb","itemListElement":[{"@type":"ListItem","position":1,"name":"Strona g\u0142\u00f3wna","item":"https:\/\/ingritech.pl\/de\/"},{"@type":"ListItem","position":2,"name":"Katalog produkt\u00f3w","item":"https:\/\/ingritech.pl\/katalog\/"},{"@type":"ListItem","position":3,"name":"Aluminiumlegierung EN AW-2024 AlCu4Mg1 (GOST 4784-97, D12)"}]},{"@type":"WebSite","@id":"https:\/\/ingritech.pl\/de\/#website","url":"https:\/\/ingritech.pl\/de\/","name":"Ingritech","description":"SUPPLIES AND RAW MATERIALS FOR INDUSTRY","publisher":{"@id":"https:\/\/ingritech.pl\/de\/#organization"},"alternateName":"Ingritech - SUPPLIES AND RAW MATERIALS FOR INDUSTRY","potentialAction":[{"@type":"SearchAction","target":{"@type":"EntryPoint","urlTemplate":"https:\/\/ingritech.pl\/de\/?s={search_term_string}"},"query-input":{"@type":"PropertyValueSpecification","valueRequired":true,"valueName":"search_term_string"}}],"inLanguage":"de"},{"@type":"Organization","@id":"https:\/\/ingritech.pl\/de\/#organization","name":"Ingritech","alternateName":"Ingritech - sklep z materia\u0142ami eksploatacyjnymi i surowcami dla przemys\u0142u","url":"https:\/\/ingritech.pl\/de\/","logo":{"@type":"ImageObject","inLanguage":"de","@id":"https:\/\/ingritech.pl\/de\/#\/schema\/logo\/image\/","url":"https:\/\/ingritech.pl\/wp-content\/uploads\/2025\/01\/ingretech-logo.webp","contentUrl":"https:\/\/ingritech.pl\/wp-content\/uploads\/2025\/01\/ingretech-logo.webp","width":1280,"height":182,"caption":"Ingritech"},"image":{"@id":"https:\/\/ingritech.pl\/de\/#\/schema\/logo\/image\/"},"sameAs":["https:\/\/wa.me\/+48453077323"]}]}},"_links":{"self":[{"href":"https:\/\/ingritech.pl\/de\/wp-json\/wp\/v2\/product\/12192","targetHints":{"allow":["GET"]}}],"collection":[{"href":"https:\/\/ingritech.pl\/de\/wp-json\/wp\/v2\/product"}],"about":[{"href":"https:\/\/ingritech.pl\/de\/wp-json\/wp\/v2\/types\/product"}],"wp:featuredmedia":[{"embeddable":true,"href":"https:\/\/ingritech.pl\/de\/wp-json\/wp\/v2\/media\/12193"}],"wp:attachment":[{"href":"https:\/\/ingritech.pl\/de\/wp-json\/wp\/v2\/media?parent=12192"}],"wp:term":[{"taxonomy":"product_brand","embeddable":true,"href":"https:\/\/ingritech.pl\/de\/wp-json\/wp\/v2\/product_brand?post=12192"},{"taxonomy":"product_cat","embeddable":true,"href":"https:\/\/ingritech.pl\/de\/wp-json\/wp\/v2\/product_cat?post=12192"},{"taxonomy":"product_tag","embeddable":true,"href":"https:\/\/ingritech.pl\/de\/wp-json\/wp\/v2\/product_tag?post=12192"}],"curies":[{"name":"wp","href":"https:\/\/api.w.org\/{rel}","templated":true}]}}