{"id":12219,"date":"2025-04-07T12:07:19","date_gmt":"2025-04-07T10:07:19","guid":{"rendered":"https:\/\/ingritech.pl\/product\/aluminiumlegierung-en-aw-3004-en-aw-almn1mg1-gost-4784-97-d12\/"},"modified":"2026-04-14T16:09:33","modified_gmt":"2026-04-14T14:09:33","slug":"aluminiumlegierung-en-aw-3004-en-aw-almn1mg1-gost-4784-97-d12","status":"publish","type":"product","link":"https:\/\/ingritech.pl\/de\/product\/aluminiumlegierung-en-aw-3004-en-aw-almn1mg1-gost-4784-97-d12\/","title":{"rendered":"Aluminiumlegierung EN AW-3004, EN AW-AlMn1Mg1 (GOST 4784-97, D12)"},"content":{"rendered":"<h3 class=\"\" data-start=\"624\" data-end=\"648\"><strong data-start=\"628\" data-end=\"648\">Vorteile der Legierung D12<\/strong><\/h3>\n<ul data-start=\"649\" data-end=\"1058\">\n<li class=\"\" data-start=\"649\" data-end=\"725\">\n<p class=\"\" data-start=\"651\" data-end=\"725\"><strong data-start=\"651\" data-end=\"680\">Sehr gute Bearbeitbarkeit<\/strong> \u2013 l\u00e4sst sich leicht formen, zerspanen und schwei\u00dfen<\/p>\n<\/li>\n<li class=\"\" data-start=\"726\" data-end=\"810\">\n<p class=\"\" data-start=\"728\" data-end=\"810\"><strong data-start=\"728\" data-end=\"759\">Hohe Korrosionsbest\u00e4ndigkeit<\/strong> \u2013 bew\u00e4hrt sich unter schwierigen Einsatzbedingungen<\/p>\n<\/li>\n<li class=\"\" data-start=\"811\" data-end=\"877\">\n<p class=\"\" data-start=\"813\" data-end=\"877\"><strong data-start=\"813\" data-end=\"848\">Hohe mechanische Festigkeit<\/strong> \u2013 Zuverl\u00e4ssigkeit der Konstruktion<\/p>\n<\/li>\n<li class=\"\" data-start=\"878\" data-end=\"949\">\n<p class=\"\" data-start=\"880\" data-end=\"949\"><strong data-start=\"880\" data-end=\"915\">Stabile Kristallstruktur<\/strong> \u2013 garantierte Materialqualit\u00e4t<\/p>\n<\/li>\n<li class=\"\" data-start=\"950\" data-end=\"1058\">\n<p class=\"\" data-start=\"952\" data-end=\"1058\"><strong data-start=\"952\" data-end=\"1006\">Einhaltung europ\u00e4ischer und internationaler Normen<\/strong> \u2013 vollst\u00e4ndige Dokumentation (ISO-Zertifikate, Sicherheitsdatenbl\u00e4tter, REACH)<\/p>\n<\/li>\n<\/ul>\n<h3 class=\"\" data-start=\"1060\" data-end=\"1094\"><strong data-start=\"1064\" data-end=\"1094\">Chemische Zusammensetzung (Gew.-%)<\/strong><\/h3>\n<div class=\"overflow-x-auto contain-inline-size\">\n<table data-start=\"1095\" data-end=\"1404\">\n<thead data-start=\"1095\" data-end=\"1122\">\n<tr data-start=\"1095\" data-end=\"1122\">\n<th data-start=\"1095\" data-end=\"1109\">Element<\/th>\n<th data-start=\"1109\" data-end=\"1122\">Inhalt<\/th>\n<\/tr>\n<\/thead>\n<tbody data-start=\"1151\" data-end=\"1404\">\n<tr data-start=\"1151\" data-end=\"1178\">\n<td>Fe (Eisen)<\/td>\n<td>\u2264 0,70%<\/td>\n<\/tr>\n<tr data-start=\"1179\" data-end=\"1206\">\n<td>Si (Silizium)<\/td>\n<td>\u2264 0,30%<\/td>\n<\/tr>\n<tr data-start=\"1207\" data-end=\"1234\">\n<td>Mn (Mangan)<\/td>\n<td>1,00\u20131,50%<\/td>\n<\/tr>\n<tr data-start=\"1235\" data-end=\"1266\">\n<td>Al (Aluminium)<\/td>\n<td>95,7\u201398,2%<\/td>\n<\/tr>\n<tr data-start=\"1267\" data-end=\"1294\">\n<td>Cu (Kupfer)<\/td>\n<td>\u2264 0,25%<\/td>\n<\/tr>\n<tr data-start=\"1295\" data-end=\"1322\">\n<td>Mg (Magnesium)<\/td>\n<td>0,80\u20131,30%<\/td>\n<\/tr>\n<tr data-start=\"1323\" data-end=\"1350\">\n<td>Zn (Zink)<\/td>\n<td>\u2264 0,25%<\/td>\n<\/tr>\n<tr data-start=\"1351\" data-end=\"1404\">\n<td>Schadstoffe (jeweils\/insgesamt)<\/td>\n<td>\u2264 0,05 \/ 0,15%<\/td>\n<\/tr>\n<\/tbody>\n<\/table>\n<\/div>\n<h3 class=\"\" data-start=\"1406\" data-end=\"1445\"><strong data-start=\"1410\" data-end=\"1445\">Internationale Entsprechungen D12<\/strong><\/h3>\n<div class=\"overflow-x-auto contain-inline-size\">\n<table data-start=\"1446\" data-end=\"1901\">\n<thead data-start=\"1446\" data-end=\"1501\">\n<tr data-start=\"1446\" data-end=\"1501\">\n<th data-start=\"1446\" data-end=\"1461\">Land<\/th>\n<th data-start=\"1461\" data-end=\"1501\">Norm\/Typ<\/th>\n<\/tr>\n<\/thead>\n<tbody data-start=\"1559\" data-end=\"1901\">\n<tr data-start=\"1559\" data-end=\"1615\">\n<td>USA (AA)<\/td>\n<td>AA3004, AA3104<\/td>\n<\/tr>\n<tr data-start=\"1616\" data-end=\"1672\">\n<td>Deutschland (DIN)<\/td>\n<td>3.0526, 3.3527, AlMgMn, AlMn1Mg1<\/td>\n<\/tr>\n<tr data-start=\"1673\" data-end=\"1729\">\n<td>Japan (JIS)<\/td>\n<td>3004<\/td>\n<\/tr>\n<tr data-start=\"1730\" data-end=\"1786\">\n<td>Frankreich<\/td>\n<td>A-M1G<\/td>\n<\/tr>\n<tr data-start=\"1787\" data-end=\"1844\">\n<td>Europ\u00e4ische Union (EN)<\/td>\n<td>EN AW-3004, EN AW-AlMn1Mg1<\/td>\n<\/tr>\n<tr data-start=\"1845\" data-end=\"1901\">\n<td>ISO<\/td>\n<td>3004, AlMn1Mg1<\/td>\n<\/tr>\n<\/tbody>\n<\/table>\n<\/div>\n<h3 class=\"\" data-start=\"1903\" data-end=\"1932\"><strong data-start=\"1907\" data-end=\"1932\">Logistische Parameter<\/strong><\/h3>\n<ul data-start=\"1933\" data-end=\"2166\">\n<li class=\"\" data-start=\"1933\" data-end=\"1984\">\n<p class=\"\" data-start=\"1935\" data-end=\"1984\"><strong data-start=\"1935\" data-end=\"1953\">Lieferform:<\/strong> Gussbl\u00f6cke (Barren)<\/p>\n<\/li>\n<li class=\"\" data-start=\"1985\" data-end=\"2017\">\n<p class=\"\" data-start=\"1987\" data-end=\"2017\"><strong data-start=\"1987\" data-end=\"2008\">St\u00fcckgewicht:<\/strong> 6,5 kg<\/p>\n<\/li>\n<li class=\"\" data-start=\"2018\" data-end=\"2055\">\n<p class=\"\" data-start=\"2020\" data-end=\"2055\"><strong data-start=\"2020\" data-end=\"2034\">Verpackung:<\/strong> Standardpalette<\/p>\n<\/li>\n<li class=\"\" data-start=\"2056\" data-end=\"2114\">\n<p class=\"\" data-start=\"2058\" data-end=\"2114\"><strong data-start=\"2058\" data-end=\"2070\">Lieferung: <\/strong> Schnelle Lieferung in ganz Europa<\/p>\n<\/li>\n<li class=\"\" data-start=\"2115\" data-end=\"2166\">\n<p class=\"\" data-start=\"2117\" data-end=\"2166\"><strong data-start=\"2117\" data-end=\"2145\">Individuelle Bestellungen: <\/strong> auf Anfrage erh\u00e4ltlich<\/p>\n<\/li>\n<\/ul>\n<hr class=\"\" data-start=\"2168\" data-end=\"2171\" \/>\n<p class=\"\" data-start=\"2173\" data-end=\"2300\"><a href=\"https:\/\/api.whatsapp.com\/send\/?phone=%2B48453077323&amp;text&amp;type=phone_number&amp;app_absent=0\" target=\"_blank\" rel=\"noopener\"><strong><span style=\"color: #339966;\">Die Details \u00fcber WhatsApp besprechen <\/span><\/strong><\/a><\/p>\n","protected":false},"excerpt":{"rendered":"<p>Die Aluminiumlegierung <strong data-start=\"334\" data-end=\"341\">D12<\/strong> (gem\u00e4\u00df der Norm <strong data-start=\"358\" data-end=\"374\">GOST 4784-97<\/strong>) ist ein vielseitiger Konstruktionswerkstoff, der sich ideal f\u00fcr Anwendungen in  <strong data-start=\"441\" data-end=\"505\">der Luftfahrt-, Automobil-, Bau- und Lebensmittelindustrie eignet<\/strong>. Lieferung in Form von <strong data-start=\"528\" data-end=\"562\">Gussbarren (Stangen)<\/strong> mit einem Gewicht von 6,5 kg \u2013 praktisch f\u00fcr die Weiterverarbeitung und den Transport.<\/p>\n","protected":false},"featured_media":12193,"template":"","meta":[],"product_brand":[],"product_cat":[767],"product_tag":[768,715],"class_list":{"0":"post-12219","1":"product","2":"type-product","3":"status-publish","4":"has-post-thumbnail","6":"product_cat-nichteisenmetalle-und-legierungen","7":"product_tag-aluminium-de","8":"product_tag-fuse","10":"first","11":"instock","12":"shipping-taxable","13":"product-type-simple"},"yoast_head":"<!-- This site is optimized with the Yoast SEO plugin v24.3 - https:\/\/yoast.com\/wordpress\/plugins\/seo\/ -->\n<title>Aluminiumlegierung EN AW-3004, EN AW-AlMn1Mg1 (GOST 4784-97, D12) kup w Polsce, dostawa w Europie - INGRITECH<\/title>\n<meta name=\"description\" content=\"Aluminiumlegierung D12 gem\u00e4\u00df GOST 4784-97 \u2013 ideal f\u00fcr Anwendungen in der Luftfahrt, der Automobilindustrie, dem Bauwesen und der Lebensmittelindustrie. Sie zeichnet sich durch hohe Qualit\u00e4t, Korrosionsbest\u00e4ndigkeit und hervorragende Bearbeitbarkeit aus. Barren \u00e0 6,5 kg, schnelle Lieferung in ganz Europa, Zertifikate nach ISO, MSDS, REACH.\" \/>\n<meta name=\"robots\" content=\"index, follow, max-snippet:-1, max-image-preview:large, max-video-preview:-1\" \/>\n<link rel=\"canonical\" href=\"https:\/\/ingritech.pl\/de\/product\/aluminiumlegierung-en-aw-3004-en-aw-almn1mg1-gost-4784-97-d12\/\" \/>\n<meta property=\"og:locale\" content=\"de_DE\" \/>\n<meta property=\"og:type\" content=\"article\" \/>\n<meta property=\"og:title\" content=\"Aluminiumlegierung EN AW-3004, EN AW-AlMn1Mg1 (GOST 4784-97, D12) kup w Polsce, dostawa w Europie - INGRITECH\" \/>\n<meta property=\"og:description\" content=\"Aluminiumlegierung D12 gem\u00e4\u00df GOST 4784-97 \u2013 ideal f\u00fcr Anwendungen in der Luftfahrt, der Automobilindustrie, dem Bauwesen und der Lebensmittelindustrie. Sie zeichnet sich durch hohe Qualit\u00e4t, Korrosionsbest\u00e4ndigkeit und hervorragende Bearbeitbarkeit aus. Barren \u00e0 6,5 kg, schnelle Lieferung in ganz Europa, Zertifikate nach ISO, MSDS, REACH.\" \/>\n<meta property=\"og:url\" content=\"https:\/\/ingritech.pl\/de\/product\/aluminiumlegierung-en-aw-3004-en-aw-almn1mg1-gost-4784-97-d12\/\" \/>\n<meta property=\"og:site_name\" content=\"INGRITECH\" \/>\n<meta property=\"article:modified_time\" content=\"2026-04-14T14:09:33+00:00\" \/>\n<meta property=\"og:image\" content=\"https:\/\/ingritech.pl\/wp-content\/uploads\/2025\/04\/Stop-aluminiumowy-D12.webp\" \/>\n\t<meta property=\"og:image:width\" content=\"1324\" \/>\n\t<meta property=\"og:image:height\" content=\"1324\" \/>\n\t<meta property=\"og:image:type\" content=\"image\/webp\" \/>\n<meta name=\"twitter:card\" content=\"summary_large_image\" \/>\n<meta name=\"twitter:label1\" content=\"Gesch\u00e4tzte Lesezeit\" \/>\n\t<meta name=\"twitter:data1\" content=\"1\u00a0Minute\" \/>\n<script type=\"application\/ld+json\" class=\"yoast-schema-graph\">{\"@context\":\"https:\/\/schema.org\",\"@graph\":[{\"@type\":\"WebPage\",\"@id\":\"https:\/\/ingritech.pl\/de\/product\/aluminiumlegierung-en-aw-3004-en-aw-almn1mg1-gost-4784-97-d12\/\",\"url\":\"https:\/\/ingritech.pl\/de\/product\/aluminiumlegierung-en-aw-3004-en-aw-almn1mg1-gost-4784-97-d12\/\",\"name\":\"Aluminiumlegierung EN AW-3004, EN AW-AlMn1Mg1 (GOST 4784-97, D12) kup w Polsce, dostawa w Europie - INGRITECH\",\"isPartOf\":{\"@id\":\"https:\/\/ingritech.pl\/de\/#website\"},\"primaryImageOfPage\":{\"@id\":\"https:\/\/ingritech.pl\/de\/product\/aluminiumlegierung-en-aw-3004-en-aw-almn1mg1-gost-4784-97-d12\/#primaryimage\"},\"image\":{\"@id\":\"https:\/\/ingritech.pl\/de\/product\/aluminiumlegierung-en-aw-3004-en-aw-almn1mg1-gost-4784-97-d12\/#primaryimage\"},\"thumbnailUrl\":\"https:\/\/ingritech.pl\/wp-content\/uploads\/2025\/04\/Stop-aluminiumowy-D12.webp\",\"datePublished\":\"2025-04-07T10:07:19+00:00\",\"dateModified\":\"2026-04-14T14:09:33+00:00\",\"description\":\"Aluminiumlegierung D12 gem\u00e4\u00df GOST 4784-97 \u2013 ideal f\u00fcr Anwendungen in der Luftfahrt, der Automobilindustrie, dem Bauwesen und der Lebensmittelindustrie. Sie zeichnet sich durch hohe Qualit\u00e4t, Korrosionsbest\u00e4ndigkeit und hervorragende Bearbeitbarkeit aus. Barren \u00e0 6,5 kg, schnelle Lieferung in ganz Europa, Zertifikate nach ISO, MSDS, REACH.\",\"breadcrumb\":{\"@id\":\"https:\/\/ingritech.pl\/de\/product\/aluminiumlegierung-en-aw-3004-en-aw-almn1mg1-gost-4784-97-d12\/#breadcrumb\"},\"inLanguage\":\"de\",\"potentialAction\":[{\"@type\":\"ReadAction\",\"target\":[\"https:\/\/ingritech.pl\/de\/product\/aluminiumlegierung-en-aw-3004-en-aw-almn1mg1-gost-4784-97-d12\/\"]}]},{\"@type\":\"ImageObject\",\"inLanguage\":\"de\",\"@id\":\"https:\/\/ingritech.pl\/de\/product\/aluminiumlegierung-en-aw-3004-en-aw-almn1mg1-gost-4784-97-d12\/#primaryimage\",\"url\":\"https:\/\/ingritech.pl\/wp-content\/uploads\/2025\/04\/Stop-aluminiumowy-D12.webp\",\"contentUrl\":\"https:\/\/ingritech.pl\/wp-content\/uploads\/2025\/04\/Stop-aluminiumowy-D12.webp\",\"width\":1324,\"height\":1324,\"caption\":\"Aluminiumlegierung D12\"},{\"@type\":\"BreadcrumbList\",\"@id\":\"https:\/\/ingritech.pl\/de\/product\/aluminiumlegierung-en-aw-3004-en-aw-almn1mg1-gost-4784-97-d12\/#breadcrumb\",\"itemListElement\":[{\"@type\":\"ListItem\",\"position\":1,\"name\":\"Strona g\u0142\u00f3wna\",\"item\":\"https:\/\/ingritech.pl\/de\/\"},{\"@type\":\"ListItem\",\"position\":2,\"name\":\"Katalog produkt\u00f3w\",\"item\":\"https:\/\/ingritech.pl\/katalog\/\"},{\"@type\":\"ListItem\",\"position\":3,\"name\":\"Aluminiumlegierung EN AW-3004, EN AW-AlMn1Mg1 (GOST 4784-97, D12)\"}]},{\"@type\":\"WebSite\",\"@id\":\"https:\/\/ingritech.pl\/de\/#website\",\"url\":\"https:\/\/ingritech.pl\/de\/\",\"name\":\"Ingritech\",\"description\":\"SUPPLIES AND RAW MATERIALS FOR INDUSTRY\",\"publisher\":{\"@id\":\"https:\/\/ingritech.pl\/de\/#organization\"},\"alternateName\":\"Ingritech - SUPPLIES AND RAW MATERIALS FOR INDUSTRY\",\"potentialAction\":[{\"@type\":\"SearchAction\",\"target\":{\"@type\":\"EntryPoint\",\"urlTemplate\":\"https:\/\/ingritech.pl\/de\/?s={search_term_string}\"},\"query-input\":{\"@type\":\"PropertyValueSpecification\",\"valueRequired\":true,\"valueName\":\"search_term_string\"}}],\"inLanguage\":\"de\"},{\"@type\":\"Organization\",\"@id\":\"https:\/\/ingritech.pl\/de\/#organization\",\"name\":\"Ingritech\",\"alternateName\":\"Ingritech - sklep z materia\u0142ami eksploatacyjnymi i surowcami dla przemys\u0142u\",\"url\":\"https:\/\/ingritech.pl\/de\/\",\"logo\":{\"@type\":\"ImageObject\",\"inLanguage\":\"de\",\"@id\":\"https:\/\/ingritech.pl\/de\/#\/schema\/logo\/image\/\",\"url\":\"https:\/\/ingritech.pl\/wp-content\/uploads\/2025\/01\/ingretech-logo.webp\",\"contentUrl\":\"https:\/\/ingritech.pl\/wp-content\/uploads\/2025\/01\/ingretech-logo.webp\",\"width\":1280,\"height\":182,\"caption\":\"Ingritech\"},\"image\":{\"@id\":\"https:\/\/ingritech.pl\/de\/#\/schema\/logo\/image\/\"},\"sameAs\":[\"https:\/\/wa.me\/+48453077323\"]}]}<\/script>\n<!-- \/ Yoast SEO plugin. -->","yoast_head_json":{"title":"Aluminiumlegierung EN AW-3004, EN AW-AlMn1Mg1 (GOST 4784-97, D12) kup w Polsce, dostawa w Europie - INGRITECH","description":"Aluminiumlegierung D12 gem\u00e4\u00df GOST 4784-97 \u2013 ideal f\u00fcr Anwendungen in der Luftfahrt, der Automobilindustrie, dem Bauwesen und der Lebensmittelindustrie. Sie zeichnet sich durch hohe Qualit\u00e4t, Korrosionsbest\u00e4ndigkeit und hervorragende Bearbeitbarkeit aus. Barren \u00e0 6,5 kg, schnelle Lieferung in ganz Europa, Zertifikate nach ISO, MSDS, REACH.","robots":{"index":"index","follow":"follow","max-snippet":"max-snippet:-1","max-image-preview":"max-image-preview:large","max-video-preview":"max-video-preview:-1"},"canonical":"https:\/\/ingritech.pl\/de\/product\/aluminiumlegierung-en-aw-3004-en-aw-almn1mg1-gost-4784-97-d12\/","og_locale":"de_DE","og_type":"article","og_title":"Aluminiumlegierung EN AW-3004, EN AW-AlMn1Mg1 (GOST 4784-97, D12) kup w Polsce, dostawa w Europie - INGRITECH","og_description":"Aluminiumlegierung D12 gem\u00e4\u00df GOST 4784-97 \u2013 ideal f\u00fcr Anwendungen in der Luftfahrt, der Automobilindustrie, dem Bauwesen und der Lebensmittelindustrie. Sie zeichnet sich durch hohe Qualit\u00e4t, Korrosionsbest\u00e4ndigkeit und hervorragende Bearbeitbarkeit aus. Barren \u00e0 6,5 kg, schnelle Lieferung in ganz Europa, Zertifikate nach ISO, MSDS, REACH.","og_url":"https:\/\/ingritech.pl\/de\/product\/aluminiumlegierung-en-aw-3004-en-aw-almn1mg1-gost-4784-97-d12\/","og_site_name":"INGRITECH","article_modified_time":"2026-04-14T14:09:33+00:00","og_image":[{"width":1324,"height":1324,"url":"https:\/\/ingritech.pl\/wp-content\/uploads\/2025\/04\/Stop-aluminiumowy-D12.webp","type":"image\/webp"}],"twitter_card":"summary_large_image","twitter_misc":{"Gesch\u00e4tzte Lesezeit":"1\u00a0Minute"},"schema":{"@context":"https:\/\/schema.org","@graph":[{"@type":"WebPage","@id":"https:\/\/ingritech.pl\/de\/product\/aluminiumlegierung-en-aw-3004-en-aw-almn1mg1-gost-4784-97-d12\/","url":"https:\/\/ingritech.pl\/de\/product\/aluminiumlegierung-en-aw-3004-en-aw-almn1mg1-gost-4784-97-d12\/","name":"Aluminiumlegierung EN AW-3004, EN AW-AlMn1Mg1 (GOST 4784-97, D12) kup w Polsce, dostawa w Europie - INGRITECH","isPartOf":{"@id":"https:\/\/ingritech.pl\/de\/#website"},"primaryImageOfPage":{"@id":"https:\/\/ingritech.pl\/de\/product\/aluminiumlegierung-en-aw-3004-en-aw-almn1mg1-gost-4784-97-d12\/#primaryimage"},"image":{"@id":"https:\/\/ingritech.pl\/de\/product\/aluminiumlegierung-en-aw-3004-en-aw-almn1mg1-gost-4784-97-d12\/#primaryimage"},"thumbnailUrl":"https:\/\/ingritech.pl\/wp-content\/uploads\/2025\/04\/Stop-aluminiumowy-D12.webp","datePublished":"2025-04-07T10:07:19+00:00","dateModified":"2026-04-14T14:09:33+00:00","description":"Aluminiumlegierung D12 gem\u00e4\u00df GOST 4784-97 \u2013 ideal f\u00fcr Anwendungen in der Luftfahrt, der Automobilindustrie, dem Bauwesen und der Lebensmittelindustrie. Sie zeichnet sich durch hohe Qualit\u00e4t, Korrosionsbest\u00e4ndigkeit und hervorragende Bearbeitbarkeit aus. Barren \u00e0 6,5 kg, schnelle Lieferung in ganz Europa, Zertifikate nach ISO, MSDS, REACH.","breadcrumb":{"@id":"https:\/\/ingritech.pl\/de\/product\/aluminiumlegierung-en-aw-3004-en-aw-almn1mg1-gost-4784-97-d12\/#breadcrumb"},"inLanguage":"de","potentialAction":[{"@type":"ReadAction","target":["https:\/\/ingritech.pl\/de\/product\/aluminiumlegierung-en-aw-3004-en-aw-almn1mg1-gost-4784-97-d12\/"]}]},{"@type":"ImageObject","inLanguage":"de","@id":"https:\/\/ingritech.pl\/de\/product\/aluminiumlegierung-en-aw-3004-en-aw-almn1mg1-gost-4784-97-d12\/#primaryimage","url":"https:\/\/ingritech.pl\/wp-content\/uploads\/2025\/04\/Stop-aluminiumowy-D12.webp","contentUrl":"https:\/\/ingritech.pl\/wp-content\/uploads\/2025\/04\/Stop-aluminiumowy-D12.webp","width":1324,"height":1324,"caption":"Aluminiumlegierung D12"},{"@type":"BreadcrumbList","@id":"https:\/\/ingritech.pl\/de\/product\/aluminiumlegierung-en-aw-3004-en-aw-almn1mg1-gost-4784-97-d12\/#breadcrumb","itemListElement":[{"@type":"ListItem","position":1,"name":"Strona g\u0142\u00f3wna","item":"https:\/\/ingritech.pl\/de\/"},{"@type":"ListItem","position":2,"name":"Katalog produkt\u00f3w","item":"https:\/\/ingritech.pl\/katalog\/"},{"@type":"ListItem","position":3,"name":"Aluminiumlegierung EN AW-3004, EN AW-AlMn1Mg1 (GOST 4784-97, D12)"}]},{"@type":"WebSite","@id":"https:\/\/ingritech.pl\/de\/#website","url":"https:\/\/ingritech.pl\/de\/","name":"Ingritech","description":"SUPPLIES AND RAW MATERIALS FOR INDUSTRY","publisher":{"@id":"https:\/\/ingritech.pl\/de\/#organization"},"alternateName":"Ingritech - SUPPLIES AND RAW MATERIALS FOR INDUSTRY","potentialAction":[{"@type":"SearchAction","target":{"@type":"EntryPoint","urlTemplate":"https:\/\/ingritech.pl\/de\/?s={search_term_string}"},"query-input":{"@type":"PropertyValueSpecification","valueRequired":true,"valueName":"search_term_string"}}],"inLanguage":"de"},{"@type":"Organization","@id":"https:\/\/ingritech.pl\/de\/#organization","name":"Ingritech","alternateName":"Ingritech - sklep z materia\u0142ami eksploatacyjnymi i surowcami dla przemys\u0142u","url":"https:\/\/ingritech.pl\/de\/","logo":{"@type":"ImageObject","inLanguage":"de","@id":"https:\/\/ingritech.pl\/de\/#\/schema\/logo\/image\/","url":"https:\/\/ingritech.pl\/wp-content\/uploads\/2025\/01\/ingretech-logo.webp","contentUrl":"https:\/\/ingritech.pl\/wp-content\/uploads\/2025\/01\/ingretech-logo.webp","width":1280,"height":182,"caption":"Ingritech"},"image":{"@id":"https:\/\/ingritech.pl\/de\/#\/schema\/logo\/image\/"},"sameAs":["https:\/\/wa.me\/+48453077323"]}]}},"_links":{"self":[{"href":"https:\/\/ingritech.pl\/de\/wp-json\/wp\/v2\/product\/12219","targetHints":{"allow":["GET"]}}],"collection":[{"href":"https:\/\/ingritech.pl\/de\/wp-json\/wp\/v2\/product"}],"about":[{"href":"https:\/\/ingritech.pl\/de\/wp-json\/wp\/v2\/types\/product"}],"wp:featuredmedia":[{"embeddable":true,"href":"https:\/\/ingritech.pl\/de\/wp-json\/wp\/v2\/media\/12193"}],"wp:attachment":[{"href":"https:\/\/ingritech.pl\/de\/wp-json\/wp\/v2\/media?parent=12219"}],"wp:term":[{"taxonomy":"product_brand","embeddable":true,"href":"https:\/\/ingritech.pl\/de\/wp-json\/wp\/v2\/product_brand?post=12219"},{"taxonomy":"product_cat","embeddable":true,"href":"https:\/\/ingritech.pl\/de\/wp-json\/wp\/v2\/product_cat?post=12219"},{"taxonomy":"product_tag","embeddable":true,"href":"https:\/\/ingritech.pl\/de\/wp-json\/wp\/v2\/product_tag?post=12219"}],"curies":[{"name":"wp","href":"https:\/\/api.w.org\/{rel}","templated":true}]}}