{"id":12449,"date":"2025-06-17T13:15:47","date_gmt":"2025-06-17T11:15:47","guid":{"rendered":"https:\/\/ingritech.pl\/product\/stahlschrot-s110-s780-wae-standard-hoechste-qualitaet\/"},"modified":"2026-04-17T11:19:07","modified_gmt":"2026-04-17T09:19:07","slug":"stahlschrot-s110-s780-wae-standard-hoechste-qualitaet","status":"publish","type":"product","link":"https:\/\/ingritech.pl\/de\/product\/stahlschrot-s110-s780-wae-standard-hoechste-qualitaet\/","title":{"rendered":"Stahlschrot S110\u2013S780 (WAE-Standard) \u2013 h\u00f6chste Qualit\u00e4t"},"content":{"rendered":"<p>Hochkohlenstoffhaltiges Stahlstrahlmittel (WAE-Standard) ist ein zuverl\u00e4ssiges Schleifmittel, das au\u00dfergew\u00f6hnliche Langlebigkeit mit hoher Wirksamkeit verbindet. Dank der Konformit\u00e4t mit der europ\u00e4ischen WAE-Norm gew\u00e4hrleistet es reproduzierbare und sichere Ergebnisse in industriellen Prozessen. Es bietet garantierte H\u00e4rte, chemische Reinheit und eine stabile Korngr\u00f6\u00dfenverteilung, was zu gleichm\u00e4\u00dfigen und pr\u00e4zisen Bearbeitungsergebnissen f\u00fchrt. Es ist die ideale Wahl f\u00fcr Unternehmen, die eine bew\u00e4hrte L\u00f6sung f\u00fcr die Strahlbearbeitung suchen, bei der nicht nur Qualit\u00e4t, sondern auch Effizienz und Zuverl\u00e4ssigkeit z\u00e4hlen.<\/p>\n<div style=\"display: flex; flex-wrap: wrap; align-items: flex-start; gap: 20px; margin: 20px 0;\">\n<div style=\"flex: 1 1 60%;\">\n<h3 data-start=\"282\" data-end=\"335\">Stahlschrot (WAE-Standard) \u2013 Technische Daten<\/h3>\n<p>Dar\u00fcber hinaus ist das Stahlstrahlmittel WAE Standard ein anerkannter europ\u00e4ischer Qualit\u00e4tsstandard f\u00fcr Stahlstrahlmittel, der die Anforderungen an die chemische Zusammensetzung, die Kornform, die Korngr\u00f6\u00dfe und die Haltbarkeit des Materials genau festlegt. Dadurch gew\u00e4hrleistet es eine hohe Wiederholbarkeit der Parameter und somit Zuverl\u00e4ssigkeit bei industriellen Anwendungen. Dar\u00fcber hinaus zeichnet sich dieses Strahlmittel durch optimale physikalische Eigenschaften aus:<\/p>\n<ul>\n<li><strong>H\u00e4rte: <\/strong>390\u2013530 HV \/ 40\u201351 HRC<\/li>\n<li><strong>Schmelztemperatur: <\/strong>ca. 1535 \u00b0C<\/li>\n<li><strong>Termingerechte Lieferungen und logistische Flexibilit\u00e4t<\/strong><\/li>\n<li><strong>Dichte: <\/strong>7,0 g\/cm\u00b3<\/li>\n<\/ul>\n<p>Ein detailliertes <a href=\"https:\/\/ingritech.pl\/10774\/\">Angebot und die technischen Daten zu den Ingritech-Schleifmitteln<\/a> findest du auf unserer Website.<\/p>\n<\/div>\n<figure style=\"flex: 1 1 35%; margin: 0;\"><img loading=\"lazy\" decoding=\"async\" style=\"max-width: 100%; height: auto; border: 1px solid #ccc; border-radius: 4px;\" src=\"https:\/\/ingritech.pl\/wp-content\/uploads\/2025\/09\/Copilot_20250906_180014.png\" alt=\"Kugelf\u00f6rmiges Stahlgussgranulat mit niedrigem Kohlenstoffgehalt\" width=\"400\" height=\"300\" \/><figcaption style=\"font-size: 0.9em; color: #555; margin-top: 8px;\">Kugelf\u00f6rmiges Stahlgussgranulat.<\/figcaption><\/figure>\n<\/div>\n<h3><strong> Chemische Zusammensetzung <\/strong> gem\u00e4\u00df der Norm SAE J827:<\/h3>\n<table dir=\"ltr\" style=\"height: 55px;\" border=\"1\" width=\"889\" cellspacing=\"0\" cellpadding=\"0\" data-sheets-root=\"1\" data-sheets-baot=\"1\">\n<colgroup>\n<col width=\"35\" \/>\n<col width=\"35\" \/>\n<col width=\"35\" \/>\n<col width=\"35\" \/>\n<col width=\"42\" \/>\n<col width=\"35\" \/>\n<col width=\"35\" \/>\n<col width=\"35\" \/>\n<col width=\"35\" \/>\n<col width=\"35\" \/>\n<col width=\"35\" \/>\n<col width=\"35\" \/>\n<col width=\"35\" \/>\n<col width=\"35\" \/>\n<col width=\"35\" \/>\n<col width=\"35\" \/>\n<col width=\"35\" \/>\n<col width=\"35\" \/><\/colgroup>\n<tbody>\n<tr>\n<td style=\"text-align: center;\" colspan=\"3\" rowspan=\"1\">Fe, %<\/td>\n<td colspan=\"3\" rowspan=\"1\">C, %<\/td>\n<td colspan=\"3\" rowspan=\"1\">Mn, %<\/td>\n<td colspan=\"3\" rowspan=\"1\">Si, %<\/td>\n<td colspan=\"3\" rowspan=\"1\">S, %<\/td>\n<td colspan=\"3\" rowspan=\"1\">P, %<\/td>\n<\/tr>\n<tr>\n<td style=\"text-align: center;\" colspan=\"3\" rowspan=\"1\">96,5-98,0<\/td>\n<td style=\"text-align: center;\" colspan=\"3\" rowspan=\"1\">0,8-1,2<\/td>\n<td style=\"text-align: center;\" colspan=\"3\" rowspan=\"1\">0,6-1,2<\/td>\n<td style=\"text-align: center;\" colspan=\"3\" rowspan=\"1\">0,5-1,0<\/td>\n<td style=\"text-align: center;\" colspan=\"3\" rowspan=\"1\">\u2264 0.05<\/td>\n<td style=\"text-align: center;\" colspan=\"3\" rowspan=\"1\">\u2264 0.05<\/td>\n<\/tr>\n<\/tbody>\n<\/table>\n<h3>Stahlschrot (WAE-Standard) \u2013 Fraktionen S und ungef\u00e4hre Korngr\u00f6\u00dfenbereiche<\/h3>\n<section>\n<article>Die folgenden Gr\u00f6\u00dfenbereiche dienen nur als Anhaltspunkt und basieren auf der Streustandardnorm SAE J444. Die Wahl der Korngr\u00f6\u00dfenfraktion h\u00e4ngt jedoch von der Art der Oberfl\u00e4che, der gew\u00fcnschten Rauheit und der verwendeten Technologie ab.<\/p>\n<figure style=\"text-align: center; margin: 20px 0;\"><\/figure>\n<\/article>\n<\/section>\n<table>\n<thead>\n<tr>\n<th>Typ<\/th>\n<th>2,0 mm<\/th>\n<th>1,7 mm<\/th>\n<th>1,4 mm<\/th>\n<th>1,18 mm<\/th>\n<th>1,0 mm<\/th>\n<th>0,85 mm<\/th>\n<th>0,71 mm<\/th>\n<th>0,6 mm<\/th>\n<th>0,5 mm<\/th>\n<th>0,42 mm<\/th>\n<th>0,3 mm<\/th>\n<th>0,18 mm<\/th>\n<\/tr>\n<\/thead>\n<tbody>\n<tr>\n<td>S780<\/td>\n<td>&gt;90%<\/td>\n<td>&gt;97%<\/td>\n<td><\/td>\n<td><\/td>\n<td><\/td>\n<td><\/td>\n<td><\/td>\n<td><\/td>\n<td><\/td>\n<td><\/td>\n<td><\/td>\n<td><\/td>\n<\/tr>\n<tr>\n<td>S660<\/td>\n<td>&lt;20%<\/td>\n<td>&gt;97%<\/td>\n<td><\/td>\n<td><\/td>\n<td><\/td>\n<td><\/td>\n<td><\/td>\n<td><\/td>\n<td><\/td>\n<td><\/td>\n<td><\/td>\n<td><\/td>\n<\/tr>\n<tr>\n<td>S550<\/td>\n<td>&lt;30%<\/td>\n<td><\/td>\n<td>&gt;90%<\/td>\n<td>&gt;97%<\/td>\n<td><\/td>\n<td><\/td>\n<td><\/td>\n<td><\/td>\n<td><\/td>\n<td><\/td>\n<td><\/td>\n<td><\/td>\n<\/tr>\n<tr>\n<td>S460<\/td>\n<td><\/td>\n<td>&lt;30%<\/td>\n<td><\/td>\n<td>&gt;90%<\/td>\n<td>&gt;97%<\/td>\n<td><\/td>\n<td><\/td>\n<td><\/td>\n<td><\/td>\n<td><\/td>\n<td><\/td>\n<td><\/td>\n<\/tr>\n<tr>\n<td>S390<\/td>\n<td><\/td>\n<td>0%<\/td>\n<td>&lt;20%<\/td>\n<td><\/td>\n<td>&gt;85%<\/td>\n<td>&gt;97%<\/td>\n<td><\/td>\n<td><\/td>\n<td><\/td>\n<td><\/td>\n<td><\/td>\n<td><\/td>\n<\/tr>\n<tr>\n<td>S330<\/td>\n<td><\/td>\n<td><\/td>\n<td>0%<\/td>\n<td>&lt;10%<\/td>\n<td><\/td>\n<td>&gt;85%<\/td>\n<td>&gt;97%<\/td>\n<td><\/td>\n<td><\/td>\n<td><\/td>\n<td><\/td>\n<td><\/td>\n<\/tr>\n<tr>\n<td>S230<\/td>\n<td><\/td>\n<td><\/td>\n<td><\/td>\n<td>0%<\/td>\n<td>&lt;30%<\/td>\n<td><\/td>\n<td>&gt;90%<\/td>\n<td>&gt;97%<\/td>\n<td><\/td>\n<td><\/td>\n<td><\/td>\n<td><\/td>\n<\/tr>\n<tr>\n<td>S170<\/td>\n<td><\/td>\n<td><\/td>\n<td><\/td>\n<td><\/td>\n<td>0%<\/td>\n<td>&lt;30%<\/td>\n<td><\/td>\n<td>&gt;90%<\/td>\n<td>&gt;97%<\/td>\n<td><\/td>\n<td><\/td>\n<td><\/td>\n<\/tr>\n<tr>\n<td>S110<\/td>\n<td><\/td>\n<td><\/td>\n<td><\/td>\n<td><\/td>\n<td><\/td>\n<td>0%<\/td>\n<td>&lt;20%<\/td>\n<td><\/td>\n<td><\/td>\n<td>&gt;90%<\/td>\n<td>&gt;97%<\/td>\n<td><\/td>\n<\/tr>\n<\/tbody>\n<\/table>\n<p>&nbsp;<\/p>\n<div style=\"flex: 0 0 280px; text-align: center; background-color: #f1f5f9; padding: 1.5rem; border-radius: 12px; box-shadow: 0 2px 6px rgba(0,0,0,0.05);\">\n<h3 style=\"font-size: 1rem; color: #1e293b; font-weight: 500; margin-bottom: 1rem;\"><em>Das Produkt erf\u00fcllt die Qualit\u00e4tsstandards und ist in Ausf\u00fchrungen erh\u00e4ltlich, die den Normen SAE J444 und WAE entsprechen.\u00a0<\/em><\/h3>\n<p><a style=\"display: inline-block; padding: 12px 20px; background-color: #cccccc; color: #0f172a; text-decoration: none; font-weight: 600; border-radius: 8px; transition: background-color 0.3s ease;\" href=\"https:\/\/ingritech.pl\/produkt\/srut-staliwny-stalowy-kulisty-okragly-s-110-1100-sae-j444\/\" target=\"_blank\" rel=\"noopener\">SAE J444<br \/>\n<\/a><\/p>\n<\/div>\n","protected":false},"excerpt":{"rendered":"<ul>\n<li><strong>Typen S:<\/strong> WS780, WS660, WS550, WS460, WS390, WS330, WS280, W230, WS170, WS110<\/li>\n<li><strong>\u00a0Anwendungsbereich:<\/strong>Entfernung von Rost, Zunder und alten Beschichtungen. Erh\u00f6hung der Haltbarkeit und Best\u00e4ndigkeit des Metalls. Beseitigung von Fehlstellen und Sandresten an Gussteilen. Verbesserung der Haftung von Farben und Beschichtungen<\/li>\n<li><strong>Verpackung<\/strong>: Polyethylen-S\u00e4cke zu 4,0, 2,8 und 25 kg, verpackt in Kartons auf einer Palette (1000 kg); Big-Bags auf einer Palette (1000 kg).<\/li>\n<\/ul>\n","protected":false},"featured_media":12453,"template":"","meta":[],"product_brand":[370],"product_cat":[692,691],"product_tag":[693,954,1111,1112],"class_list":{"0":"post-12449","1":"product","2":"type-product","3":"status-publish","4":"has-post-thumbnail","6":"product_brand-se-steel-works-tas","7":"product_cat-schleifmittel","8":"product_cat-scierniwa-metaliczne-de","9":"product_tag-schleifmittel","10":"product_tag-stahlkugel","11":"product_tag-stahlschrot","12":"product_tag-wa-standard-de","13":"pa_s-110-1000-s110-de","14":"pa_s-110-1000-s170-de","15":"pa_s-110-1000-s230-de","16":"pa_s-110-1000-s280-de","17":"pa_s-110-1000-s330-de","18":"pa_s-110-1000-s390-de","19":"pa_s-110-1000-s460-de","20":"pa_s-110-1000-s550-de","21":"pa_s-110-1000-s660-de","22":"pa_s-110-1000-s780-de","23":"pa_s-110-1000-s930-de","24":"pa_s-110-1000-s991110-de","26":"first","27":"instock","28":"shipping-taxable","29":"product-type-variable"},"yoast_head":"<!-- This site is optimized with the Yoast SEO plugin v24.3 - https:\/\/yoast.com\/wordpress\/plugins\/seo\/ -->\n<title>Stahlschrot S110\u2013S780 (WAE-Standard) \u2013 h\u00f6chste Qualit\u00e4t in Polen und Europa kaufen - INGRITECH<\/title>\n<meta name=\"description\" content=\"Kaufen Sie Stahlschrot S110\u2013S780 (WA-Standard) in Polen und ganz Europa. Technische Unterlagen und Zertifikate. G\u00fcnstige Preise. Garantie.\" \/>\n<meta name=\"robots\" content=\"index, follow, max-snippet:-1, max-image-preview:large, max-video-preview:-1\" \/>\n<link rel=\"canonical\" href=\"https:\/\/ingritech.pl\/de\/product\/stahlschrot-s110-s780-wae-standard-hoechste-qualitaet\/\" \/>\n<meta property=\"og:locale\" content=\"de_DE\" \/>\n<meta property=\"og:type\" content=\"article\" \/>\n<meta property=\"og:title\" content=\"Stahlschrot S110\u2013S780 (WAE-Standard) \u2013 h\u00f6chste Qualit\u00e4t in Polen und Europa kaufen - INGRITECH\" \/>\n<meta property=\"og:description\" content=\"Kaufen Sie Stahlschrot S110\u2013S780 (WA-Standard) in Polen und ganz Europa. Technische Unterlagen und Zertifikate. G\u00fcnstige Preise. Garantie.\" \/>\n<meta property=\"og:url\" content=\"https:\/\/ingritech.pl\/de\/product\/stahlschrot-s110-s780-wae-standard-hoechste-qualitaet\/\" \/>\n<meta property=\"og:site_name\" content=\"INGRITECH\" \/>\n<meta property=\"article:modified_time\" content=\"2026-04-17T09:19:07+00:00\" \/>\n<meta property=\"og:image\" content=\"https:\/\/ingritech.pl\/wp-content\/uploads\/2025\/06\/High-Carbon-Steel-Shot-S110\u2013S780-WA-Standard.webp\" \/>\n\t<meta property=\"og:image:width\" content=\"1024\" \/>\n\t<meta property=\"og:image:height\" content=\"1024\" \/>\n\t<meta property=\"og:image:type\" content=\"image\/webp\" \/>\n<meta name=\"twitter:card\" content=\"summary_large_image\" \/>\n<meta name=\"twitter:label1\" content=\"Gesch\u00e4tzte Lesezeit\" \/>\n\t<meta name=\"twitter:data1\" content=\"2\u00a0Minuten\" \/>\n<script type=\"application\/ld+json\" class=\"yoast-schema-graph\">{\"@context\":\"https:\/\/schema.org\",\"@graph\":[{\"@type\":\"WebPage\",\"@id\":\"https:\/\/ingritech.pl\/de\/product\/stahlschrot-s110-s780-wae-standard-hoechste-qualitaet\/\",\"url\":\"https:\/\/ingritech.pl\/de\/product\/stahlschrot-s110-s780-wae-standard-hoechste-qualitaet\/\",\"name\":\"Stahlschrot S110\u2013S780 (WAE-Standard) \u2013 h\u00f6chste Qualit\u00e4t in Polen und Europa kaufen - INGRITECH\",\"isPartOf\":{\"@id\":\"https:\/\/ingritech.pl\/de\/#website\"},\"primaryImageOfPage\":{\"@id\":\"https:\/\/ingritech.pl\/de\/product\/stahlschrot-s110-s780-wae-standard-hoechste-qualitaet\/#primaryimage\"},\"image\":{\"@id\":\"https:\/\/ingritech.pl\/de\/product\/stahlschrot-s110-s780-wae-standard-hoechste-qualitaet\/#primaryimage\"},\"thumbnailUrl\":\"https:\/\/ingritech.pl\/wp-content\/uploads\/2025\/06\/High-Carbon-Steel-Shot-S110\u2013S780-WA-Standard.webp\",\"datePublished\":\"2025-06-17T11:15:47+00:00\",\"dateModified\":\"2026-04-17T09:19:07+00:00\",\"description\":\"Kaufen Sie Stahlschrot S110\u2013S780 (WA-Standard) in Polen und ganz Europa. Technische Unterlagen und Zertifikate. G\u00fcnstige Preise. Garantie.\",\"breadcrumb\":{\"@id\":\"https:\/\/ingritech.pl\/de\/product\/stahlschrot-s110-s780-wae-standard-hoechste-qualitaet\/#breadcrumb\"},\"inLanguage\":\"de\",\"potentialAction\":[{\"@type\":\"ReadAction\",\"target\":[\"https:\/\/ingritech.pl\/de\/product\/stahlschrot-s110-s780-wae-standard-hoechste-qualitaet\/\"]}]},{\"@type\":\"ImageObject\",\"inLanguage\":\"de\",\"@id\":\"https:\/\/ingritech.pl\/de\/product\/stahlschrot-s110-s780-wae-standard-hoechste-qualitaet\/#primaryimage\",\"url\":\"https:\/\/ingritech.pl\/wp-content\/uploads\/2025\/06\/High-Carbon-Steel-Shot-S110\u2013S780-WA-Standard.webp\",\"contentUrl\":\"https:\/\/ingritech.pl\/wp-content\/uploads\/2025\/06\/High-Carbon-Steel-Shot-S110\u2013S780-WA-Standard.webp\",\"width\":1024,\"height\":1024,\"caption\":\"Kugeln aus hochkohlenstoffhaltigem Stahl S110\u2013S780 (WA-Standard)\"},{\"@type\":\"BreadcrumbList\",\"@id\":\"https:\/\/ingritech.pl\/de\/product\/stahlschrot-s110-s780-wae-standard-hoechste-qualitaet\/#breadcrumb\",\"itemListElement\":[{\"@type\":\"ListItem\",\"position\":1,\"name\":\"Strona g\u0142\u00f3wna\",\"item\":\"https:\/\/ingritech.pl\/de\/\"},{\"@type\":\"ListItem\",\"position\":2,\"name\":\"Katalog produkt\u00f3w\",\"item\":\"https:\/\/ingritech.pl\/katalog\/\"},{\"@type\":\"ListItem\",\"position\":3,\"name\":\"Stahlschrot S110\u2013S780 (WAE-Standard) \u2013 h\u00f6chste Qualit\u00e4t\"}]},{\"@type\":\"WebSite\",\"@id\":\"https:\/\/ingritech.pl\/de\/#website\",\"url\":\"https:\/\/ingritech.pl\/de\/\",\"name\":\"Ingritech\",\"description\":\"SUPPLIES AND RAW MATERIALS FOR INDUSTRY\",\"publisher\":{\"@id\":\"https:\/\/ingritech.pl\/de\/#organization\"},\"alternateName\":\"Ingritech - SUPPLIES AND RAW MATERIALS FOR INDUSTRY\",\"potentialAction\":[{\"@type\":\"SearchAction\",\"target\":{\"@type\":\"EntryPoint\",\"urlTemplate\":\"https:\/\/ingritech.pl\/de\/?s={search_term_string}\"},\"query-input\":{\"@type\":\"PropertyValueSpecification\",\"valueRequired\":true,\"valueName\":\"search_term_string\"}}],\"inLanguage\":\"de\"},{\"@type\":\"Organization\",\"@id\":\"https:\/\/ingritech.pl\/de\/#organization\",\"name\":\"Ingritech\",\"alternateName\":\"Ingritech - sklep z materia\u0142ami eksploatacyjnymi i surowcami dla przemys\u0142u\",\"url\":\"https:\/\/ingritech.pl\/de\/\",\"logo\":{\"@type\":\"ImageObject\",\"inLanguage\":\"de\",\"@id\":\"https:\/\/ingritech.pl\/de\/#\/schema\/logo\/image\/\",\"url\":\"https:\/\/ingritech.pl\/wp-content\/uploads\/2025\/01\/ingretech-logo.webp\",\"contentUrl\":\"https:\/\/ingritech.pl\/wp-content\/uploads\/2025\/01\/ingretech-logo.webp\",\"width\":1280,\"height\":182,\"caption\":\"Ingritech\"},\"image\":{\"@id\":\"https:\/\/ingritech.pl\/de\/#\/schema\/logo\/image\/\"},\"sameAs\":[\"https:\/\/wa.me\/+48453077323\"]}]}<\/script>\n<!-- \/ Yoast SEO plugin. -->","yoast_head_json":{"title":"Stahlschrot S110\u2013S780 (WAE-Standard) \u2013 h\u00f6chste Qualit\u00e4t in Polen und Europa kaufen - INGRITECH","description":"Kaufen Sie Stahlschrot S110\u2013S780 (WA-Standard) in Polen und ganz Europa. Technische Unterlagen und Zertifikate. G\u00fcnstige Preise. Garantie.","robots":{"index":"index","follow":"follow","max-snippet":"max-snippet:-1","max-image-preview":"max-image-preview:large","max-video-preview":"max-video-preview:-1"},"canonical":"https:\/\/ingritech.pl\/de\/product\/stahlschrot-s110-s780-wae-standard-hoechste-qualitaet\/","og_locale":"de_DE","og_type":"article","og_title":"Stahlschrot S110\u2013S780 (WAE-Standard) \u2013 h\u00f6chste Qualit\u00e4t in Polen und Europa kaufen - INGRITECH","og_description":"Kaufen Sie Stahlschrot S110\u2013S780 (WA-Standard) in Polen und ganz Europa. Technische Unterlagen und Zertifikate. G\u00fcnstige Preise. Garantie.","og_url":"https:\/\/ingritech.pl\/de\/product\/stahlschrot-s110-s780-wae-standard-hoechste-qualitaet\/","og_site_name":"INGRITECH","article_modified_time":"2026-04-17T09:19:07+00:00","og_image":[{"width":1024,"height":1024,"url":"https:\/\/ingritech.pl\/wp-content\/uploads\/2025\/06\/High-Carbon-Steel-Shot-S110\u2013S780-WA-Standard.webp","type":"image\/webp"}],"twitter_card":"summary_large_image","twitter_misc":{"Gesch\u00e4tzte Lesezeit":"2\u00a0Minuten"},"schema":{"@context":"https:\/\/schema.org","@graph":[{"@type":"WebPage","@id":"https:\/\/ingritech.pl\/de\/product\/stahlschrot-s110-s780-wae-standard-hoechste-qualitaet\/","url":"https:\/\/ingritech.pl\/de\/product\/stahlschrot-s110-s780-wae-standard-hoechste-qualitaet\/","name":"Stahlschrot S110\u2013S780 (WAE-Standard) \u2013 h\u00f6chste Qualit\u00e4t in Polen und Europa kaufen - INGRITECH","isPartOf":{"@id":"https:\/\/ingritech.pl\/de\/#website"},"primaryImageOfPage":{"@id":"https:\/\/ingritech.pl\/de\/product\/stahlschrot-s110-s780-wae-standard-hoechste-qualitaet\/#primaryimage"},"image":{"@id":"https:\/\/ingritech.pl\/de\/product\/stahlschrot-s110-s780-wae-standard-hoechste-qualitaet\/#primaryimage"},"thumbnailUrl":"https:\/\/ingritech.pl\/wp-content\/uploads\/2025\/06\/High-Carbon-Steel-Shot-S110\u2013S780-WA-Standard.webp","datePublished":"2025-06-17T11:15:47+00:00","dateModified":"2026-04-17T09:19:07+00:00","description":"Kaufen Sie Stahlschrot S110\u2013S780 (WA-Standard) in Polen und ganz Europa. Technische Unterlagen und Zertifikate. G\u00fcnstige Preise. Garantie.","breadcrumb":{"@id":"https:\/\/ingritech.pl\/de\/product\/stahlschrot-s110-s780-wae-standard-hoechste-qualitaet\/#breadcrumb"},"inLanguage":"de","potentialAction":[{"@type":"ReadAction","target":["https:\/\/ingritech.pl\/de\/product\/stahlschrot-s110-s780-wae-standard-hoechste-qualitaet\/"]}]},{"@type":"ImageObject","inLanguage":"de","@id":"https:\/\/ingritech.pl\/de\/product\/stahlschrot-s110-s780-wae-standard-hoechste-qualitaet\/#primaryimage","url":"https:\/\/ingritech.pl\/wp-content\/uploads\/2025\/06\/High-Carbon-Steel-Shot-S110\u2013S780-WA-Standard.webp","contentUrl":"https:\/\/ingritech.pl\/wp-content\/uploads\/2025\/06\/High-Carbon-Steel-Shot-S110\u2013S780-WA-Standard.webp","width":1024,"height":1024,"caption":"Kugeln aus hochkohlenstoffhaltigem Stahl S110\u2013S780 (WA-Standard)"},{"@type":"BreadcrumbList","@id":"https:\/\/ingritech.pl\/de\/product\/stahlschrot-s110-s780-wae-standard-hoechste-qualitaet\/#breadcrumb","itemListElement":[{"@type":"ListItem","position":1,"name":"Strona g\u0142\u00f3wna","item":"https:\/\/ingritech.pl\/de\/"},{"@type":"ListItem","position":2,"name":"Katalog produkt\u00f3w","item":"https:\/\/ingritech.pl\/katalog\/"},{"@type":"ListItem","position":3,"name":"Stahlschrot S110\u2013S780 (WAE-Standard) \u2013 h\u00f6chste Qualit\u00e4t"}]},{"@type":"WebSite","@id":"https:\/\/ingritech.pl\/de\/#website","url":"https:\/\/ingritech.pl\/de\/","name":"Ingritech","description":"SUPPLIES AND RAW MATERIALS FOR INDUSTRY","publisher":{"@id":"https:\/\/ingritech.pl\/de\/#organization"},"alternateName":"Ingritech - SUPPLIES AND RAW MATERIALS FOR INDUSTRY","potentialAction":[{"@type":"SearchAction","target":{"@type":"EntryPoint","urlTemplate":"https:\/\/ingritech.pl\/de\/?s={search_term_string}"},"query-input":{"@type":"PropertyValueSpecification","valueRequired":true,"valueName":"search_term_string"}}],"inLanguage":"de"},{"@type":"Organization","@id":"https:\/\/ingritech.pl\/de\/#organization","name":"Ingritech","alternateName":"Ingritech - sklep z materia\u0142ami eksploatacyjnymi i surowcami dla przemys\u0142u","url":"https:\/\/ingritech.pl\/de\/","logo":{"@type":"ImageObject","inLanguage":"de","@id":"https:\/\/ingritech.pl\/de\/#\/schema\/logo\/image\/","url":"https:\/\/ingritech.pl\/wp-content\/uploads\/2025\/01\/ingretech-logo.webp","contentUrl":"https:\/\/ingritech.pl\/wp-content\/uploads\/2025\/01\/ingretech-logo.webp","width":1280,"height":182,"caption":"Ingritech"},"image":{"@id":"https:\/\/ingritech.pl\/de\/#\/schema\/logo\/image\/"},"sameAs":["https:\/\/wa.me\/+48453077323"]}]}},"_links":{"self":[{"href":"https:\/\/ingritech.pl\/de\/wp-json\/wp\/v2\/product\/12449","targetHints":{"allow":["GET"]}}],"collection":[{"href":"https:\/\/ingritech.pl\/de\/wp-json\/wp\/v2\/product"}],"about":[{"href":"https:\/\/ingritech.pl\/de\/wp-json\/wp\/v2\/types\/product"}],"wp:featuredmedia":[{"embeddable":true,"href":"https:\/\/ingritech.pl\/de\/wp-json\/wp\/v2\/media\/12453"}],"wp:attachment":[{"href":"https:\/\/ingritech.pl\/de\/wp-json\/wp\/v2\/media?parent=12449"}],"wp:term":[{"taxonomy":"product_brand","embeddable":true,"href":"https:\/\/ingritech.pl\/de\/wp-json\/wp\/v2\/product_brand?post=12449"},{"taxonomy":"product_cat","embeddable":true,"href":"https:\/\/ingritech.pl\/de\/wp-json\/wp\/v2\/product_cat?post=12449"},{"taxonomy":"product_tag","embeddable":true,"href":"https:\/\/ingritech.pl\/de\/wp-json\/wp\/v2\/product_tag?post=12449"}],"curies":[{"name":"wp","href":"https:\/\/api.w.org\/{rel}","templated":true}]}}