{"id":12474,"date":"2025-04-22T17:44:13","date_gmt":"2025-04-22T15:44:13","guid":{"rendered":"https:\/\/ingritech.pl\/product\/gebrochenes-stahlgussgranulat-ig-von-ingritech-premium-sae-j-444-g-16-18-25-40-50\/"},"modified":"2026-04-17T12:06:22","modified_gmt":"2026-04-17T10:06:22","slug":"gebrochenes-stahlgussgranulat-ig-von-ingritech-premium-sae-j-444-g-16-18-25-40-50","status":"publish","type":"product","link":"https:\/\/ingritech.pl\/de\/product\/gebrochenes-stahlgussgranulat-ig-von-ingritech-premium-sae-j-444-g-16-18-25-40-50\/","title":{"rendered":"Gebrochenes Stahlgussgranulat \u201eiG\u201c von Ingritech Premium SAE J 444 G 16, 18, 25, 40, 50"},"content":{"rendered":"<p><img loading=\"lazy\" decoding=\"async\" class=\"size-medium wp-image-10463 alignright\" src=\"https:\/\/ingritech.pl\/wp-content\/uploads\/2025\/04\/IG-GH-300x300.webp\" alt=\"IG - GH\" width=\"300\" height=\"300\" srcset=\"https:\/\/ingritech.pl\/wp-content\/uploads\/2025\/04\/IG-GH-300x300.webp 300w, https:\/\/ingritech.pl\/wp-content\/uploads\/2025\/04\/IG-GH-150x150.webp 150w, https:\/\/ingritech.pl\/wp-content\/uploads\/2025\/04\/IG-GH-70x70.webp 70w, https:\/\/ingritech.pl\/wp-content\/uploads\/2025\/04\/IG-GH-100x100.webp 100w, https:\/\/ingritech.pl\/wp-content\/uploads\/2025\/04\/IG-GH-400x400.webp 400w, https:\/\/ingritech.pl\/wp-content\/uploads\/2025\/04\/IG-GH-110x110.webp 110w, https:\/\/ingritech.pl\/wp-content\/uploads\/2025\/04\/IG-GH-500x500.webp 500w, https:\/\/ingritech.pl\/wp-content\/uploads\/2025\/04\/IG-GH-600x600.webp 600w, https:\/\/ingritech.pl\/wp-content\/uploads\/2025\/04\/IG-GH-200x200.webp 200w, https:\/\/ingritech.pl\/wp-content\/uploads\/2025\/04\/IG-GH.webp 700w\" sizes=\"auto, (max-width: 300px) 100vw, 300px\" \/><\/p>\n<p><span style=\"color: #0000ff;\"><b>Vorteile:<\/b><\/span><\/p>\n<p><b><span style=\"color: #0000ff;\">\u235f<\/span> L\u00e4ngere Lebensdauer<\/b><span style=\"font-weight: 400;\"> \u2013 geringerer Verschlei\u00df dank geringerer H\u00e4rte<\/span><\/p>\n<p><b><span style=\"color: #0000ff;\">\u235f<\/span> Wirtschaftlichkeit<\/b><span style=\"font-weight: 400;\"> \u2013 geringerer Verbrauch und seltenerer Nachschubbedarf<\/span><\/p>\n<p><b><span style=\"color: #0000ff;\">\u235f<\/span> Geringere Staubentwicklung w\u00e4hrend des Betriebs<\/b><span style=\"font-weight: 400;\"> \u2013 weniger bruchanf\u00e4llig als GH<\/span><\/p>\n<p><b><span style=\"color: #0000ff;\">\u235f<\/span> Gleichbleibende Verarbeitungsqualit\u00e4t<\/b> <span style=\"font-weight: 400;\">\u2013 sorgt l\u00e4nger f\u00fcr die richtige Korngr\u00f6\u00dfe<\/span><\/p>\n<p><b><span style=\"color: #0000ff;\">\u235f<\/span> Ideal f\u00fcr die schonende Reinigung<\/b> <span style=\"font-weight: 400;\">\u2013 besch\u00e4digt weiche Oberfl\u00e4chen nicht<\/span><\/p>\n<p><b><span style=\"color: #0000ff;\">\u235f<\/span> Geringere Belastung der Anlagen<\/b> <span style=\"font-weight: 400;\">\u2013 verringert den Verschlei\u00df von Turbinen und Bearbeitungskammern<\/span><\/p>\n<p>&nbsp;<\/p>\n<p><b>PHYSIKALISCHE UND CHEMISCHE EIGENSCHAFTEN<\/b><\/p>\n<p><span style=\"font-weight: 400;\">\u25ef <\/span><b>Form<\/b><span style=\"font-weight: 400;\"> \u2013 Feste, kantige Partikel<\/span><\/p>\n<p><span style=\"font-weight: 400;\">\u25ef <\/span><b>H\u00e4rte <\/b><b><\/b><a href=\"https:\/\/ingritech.pl\/produkt\/srut-staliwny-lamany-ostro-krawedziowy-scierniwo-do-srutowania-gh-1618-25-40-50-80-sae-j444-kopia\/\"><span style=\"font-weight: 400;\"> <\/span><\/a><span style=\"font-weight: 400;\">\u2013<\/span> <b>50\u201361 HRC<\/b><\/p>\n<p><span style=\"font-weight: 400;\">\u25ef <\/span><b>Dichte<\/b><span style=\"font-weight: 400;\"> \u2013 7,0 g\/cm\u00b3\u00a0<\/span><\/p>\n<p><span style=\"font-weight: 400;\">\u25ef <\/span><b>Farbe<\/b><span style=\"font-weight: 400;\"> \u2013 <\/span><b>Blau<\/b><b>\u00a0<\/b><\/p>\n<p><span style=\"font-weight: 400;\">\u25ef <\/span><b>Duft<\/b><span style=\"font-weight: 400;\"> \u2013 Keine<\/span><\/p>\n<p><span style=\"font-weight: 400;\">\u25ef <\/span><b>Geruchsschwelle<\/b><span style=\"font-weight: 400;\"> \u2013 Nicht zutreffend <\/span><\/p>\n<p><span style=\"font-weight: 400;\">\u25ef <\/span><b>pH<\/b><span style=\"font-weight: 400;\"> \u2013 Nicht zutreffend<\/span><\/p>\n<p><span style=\"font-weight: 400;\">\u25ef <\/span><b>Obere\/untere Entz\u00fcndbarkeits- oder Explosionsgrenzen<\/b><span style=\"font-weight: 400;\"> \u2013 Nicht zutreffend<\/span><\/p>\n<p><span style=\"font-weight: 400;\">\u25ef <\/span><b>L\u00f6slichkeit<\/b><span style=\"font-weight: 400;\">\u2013 Nicht wasserl\u00f6slich<\/span><\/p>\n<p><span style=\"font-weight: 400;\">\u25ef <\/span><b>Explosive Eigenschaften<\/b><span style=\"font-weight: 400;\"> \u2013 Nicht explosiv<\/span><\/p>\n<p><span style=\"font-weight: 400;\">\u25ef <\/span><b>Chemische Zusammensetzung<\/b><span style=\"font-weight: 400;\"> gem\u00e4\u00df der Norm SAE J827<\/span><\/p>\n<table dir=\"ltr\" style=\"height: 53px;\" border=\"1\" width=\"682\" cellspacing=\"0\" cellpadding=\"0\" data-sheets-root=\"1\" data-sheets-baot=\"1\">\n<tbody>\n<tr>\n<td style=\"text-align: center;\" colspan=\"3\" rowspan=\"1\"><strong>Fe, %<\/strong><\/td>\n<td style=\"text-align: center;\" colspan=\"3\" rowspan=\"1\"><strong>C, %<\/strong><\/td>\n<td style=\"text-align: center;\" colspan=\"3\" rowspan=\"1\"><strong>Mn, %<\/strong><\/td>\n<td style=\"text-align: center;\" colspan=\"3\" rowspan=\"1\"><strong>Si, %<\/strong><\/td>\n<td style=\"text-align: center;\" colspan=\"3\" rowspan=\"1\"><strong>S, %<\/strong><\/td>\n<td style=\"text-align: center;\" colspan=\"3\" rowspan=\"1\"><strong>P, %<\/strong><\/td>\n<\/tr>\n<tr>\n<td style=\"text-align: center;\" colspan=\"3\" rowspan=\"1\">96,5-98,0<\/td>\n<td style=\"text-align: center;\" colspan=\"3\" rowspan=\"1\">0,8-1,2<\/td>\n<td style=\"text-align: center;\" colspan=\"3\" rowspan=\"1\">0,6-1,2<\/td>\n<td style=\"text-align: center;\" colspan=\"3\" rowspan=\"1\">0,5-1,0<\/td>\n<td style=\"text-align: center;\" colspan=\"3\" rowspan=\"1\">\u2264 0.05<\/td>\n<td style=\"text-align: center;\" colspan=\"3\" rowspan=\"1\">\u2264 0.05<\/td>\n<\/tr>\n<\/tbody>\n<\/table>\n<p>\u25ef <strong>Gr\u00f6\u00dfenangaben<\/strong> &#8211;<\/p>\n<table dir=\"ltr\" style=\"height: 512px;\" border=\"1\" width=\"473\" cellspacing=\"0\" cellpadding=\"0\" data-sheets-root=\"1\" data-sheets-baot=\"1\">\n<colgroup>\n<col width=\"35\" \/>\n<col width=\"35\" \/>\n<col width=\"35\" \/>\n<col width=\"42\" \/>\n<col width=\"35\" \/>\n<col width=\"35\" \/>\n<col width=\"35\" \/>\n<col width=\"35\" \/>\n<col width=\"35\" \/><\/colgroup>\n<tbody>\n<tr>\n<td style=\"text-align: center;\" colspan=\"3\" rowspan=\"1\">Standard-Siebmaschenweite, mm<\/td>\n<td style=\"text-align: center;\">G16<\/td>\n<td style=\"text-align: center;\">G18<\/td>\n<td style=\"text-align: center;\">G25<\/td>\n<td style=\"text-align: center;\">G40<\/td>\n<td style=\"text-align: center;\">G50<\/td>\n<td style=\"text-align: center;\">G80<\/td>\n<\/tr>\n<tr>\n<td colspan=\"3\" rowspan=\"1\">4.75<\/td>\n<td><\/td>\n<td><\/td>\n<td><\/td>\n<td><\/td>\n<td><\/td>\n<td><\/td>\n<\/tr>\n<tr>\n<td colspan=\"3\" rowspan=\"1\">4.00<\/td>\n<td><\/td>\n<td><\/td>\n<td><\/td>\n<td><\/td>\n<td><\/td>\n<td><\/td>\n<\/tr>\n<tr>\n<td colspan=\"3\" rowspan=\"1\">3.35<\/td>\n<td><\/td>\n<td><\/td>\n<td><\/td>\n<td><\/td>\n<td><\/td>\n<td><\/td>\n<\/tr>\n<tr>\n<td colspan=\"3\" rowspan=\"1\">2.80<\/td>\n<td><\/td>\n<td><\/td>\n<td><\/td>\n<td><\/td>\n<td><\/td>\n<td><\/td>\n<\/tr>\n<tr>\n<td colspan=\"3\" rowspan=\"1\">2.36<\/td>\n<td><\/td>\n<td><\/td>\n<td><\/td>\n<td><\/td>\n<td><\/td>\n<td><\/td>\n<\/tr>\n<tr>\n<td colspan=\"3\" rowspan=\"1\">2.00<\/td>\n<td><\/td>\n<td><\/td>\n<td><\/td>\n<td><\/td>\n<td><\/td>\n<td><\/td>\n<\/tr>\n<tr>\n<td colspan=\"3\" rowspan=\"1\">1.70<\/td>\n<td>0<\/td>\n<td><\/td>\n<td><\/td>\n<td><\/td>\n<td><\/td>\n<td><\/td>\n<\/tr>\n<tr>\n<td colspan=\"3\" rowspan=\"1\">1.40<\/td>\n<td><\/td>\n<td>0<\/td>\n<td><\/td>\n<td><\/td>\n<td><\/td>\n<td><\/td>\n<\/tr>\n<tr>\n<td colspan=\"3\" rowspan=\"1\">1.18<\/td>\n<td>&gt;75<\/td>\n<td><\/td>\n<td>0<\/td>\n<td><\/td>\n<td><\/td>\n<td><\/td>\n<\/tr>\n<tr>\n<td colspan=\"3\" rowspan=\"1\">1.00<\/td>\n<td>&gt;85<\/td>\n<td>&gt;75<\/td>\n<td><\/td>\n<td>0<\/td>\n<td><\/td>\n<td><\/td>\n<\/tr>\n<tr>\n<td colspan=\"3\" rowspan=\"1\">0.85<\/td>\n<td><\/td>\n<td><\/td>\n<td><\/td>\n<td><\/td>\n<td><\/td>\n<td><\/td>\n<\/tr>\n<tr>\n<td colspan=\"3\" rowspan=\"1\">0.71<\/td>\n<td><\/td>\n<td>&gt;85<\/td>\n<td>&gt;70<\/td>\n<td><\/td>\n<td>0<\/td>\n<td><\/td>\n<\/tr>\n<tr>\n<td colspan=\"3\" rowspan=\"1\">0.60<\/td>\n<td><\/td>\n<td><\/td>\n<td><\/td>\n<td><\/td>\n<td><\/td>\n<td><\/td>\n<\/tr>\n<tr>\n<td colspan=\"3\" rowspan=\"1\">0.50<\/td>\n<td><\/td>\n<td><\/td>\n<td><\/td>\n<td><\/td>\n<td><\/td>\n<td><\/td>\n<\/tr>\n<tr>\n<td colspan=\"3\" rowspan=\"1\">0.43<\/td>\n<td><\/td>\n<td><\/td>\n<td>&gt;80<\/td>\n<td>&gt;70<\/td>\n<td><\/td>\n<td>0<\/td>\n<\/tr>\n<tr>\n<td colspan=\"3\" rowspan=\"1\">0.36<\/td>\n<td><\/td>\n<td><\/td>\n<td><\/td>\n<td><\/td>\n<td><\/td>\n<td><\/td>\n<\/tr>\n<tr>\n<td colspan=\"3\" rowspan=\"1\">0.30<\/td>\n<td><\/td>\n<td><\/td>\n<td><\/td>\n<td>&gt;80<\/td>\n<td>&gt;65<\/td>\n<td><\/td>\n<\/tr>\n<tr>\n<td colspan=\"3\" rowspan=\"1\">0.18<\/td>\n<td><\/td>\n<td><\/td>\n<td><\/td>\n<td><\/td>\n<td>&gt;75<\/td>\n<td>&gt;65<\/td>\n<\/tr>\n<tr>\n<td colspan=\"3\" rowspan=\"1\">0.13<\/td>\n<td><\/td>\n<td><\/td>\n<td><\/td>\n<td><\/td>\n<td><\/td>\n<td>&gt;75<\/td>\n<\/tr>\n<\/tbody>\n<\/table>\n<p><strong>Erl\u00e4uterung:<\/strong><\/p>\n<p>-Die Zahl in der Tabelle gibt den maximal oder minimal zul\u00e4ssigen Prozentsatz des jeweiligen Schleifmittels an, das durch die angegebene Sieb\u00f6ffnung passt.<\/p>\n<p>-Symbole wie \u201e&gt;90\u201c oder \u201e&gt;85\u201c geben an, dass mehr als 90 % bzw. 85 % des Schleifmittels kleiner als die Siebmaschenweite sein sollten.<\/p>\n","protected":false},"excerpt":{"rendered":"<p><span style=\"color: #0000ff;\"><b><i>iG (16, 18, 25, 40, 50)<\/i><\/b><\/span><\/p>\n<p><b>\u2611\u00a0 SAE J 444, \u2611 SAE J 827 <\/b><b>\u2611\u00a0 EN ISO 9001:2015<\/b><\/p>\n<p><b>\u00a0Zyklizit\u00e4tsindex: <\/b><span style=\"font-weight: 400;\">3500 Zyklen<\/span><\/p>\n<p><b>\u00a0Herkunftsland: <\/b><span style=\"font-weight: 400;\">Ukraine.<\/span><\/p>\n<p><b>\u00a0Verpackung: <\/b><span style=\"font-weight: 400;\">25-kg-Polyethylen-S\u00e4cke, verpackt in Kartons auf einer 1000-kg-Palette, oder Big-Bags auf einer 1000-kg-Palette.<\/span><\/p>\n<p><b><i>\u00a0Anwendungsbereich: <\/i><\/b><i><span style=\"font-weight: 400;\">Entfernung von Rost, Zunder und Beschichtungen. Verl\u00e4ngerung der Lebensdauer von Metall. Beseitigung von Fehlstellen und Sandresten an Gussteilen. Verbesserung der Haftf\u00e4higkeit von Beschichtungen.<\/span><\/i><\/p>\n","protected":false},"featured_media":12478,"template":"","meta":[],"product_brand":[],"product_cat":[692,691],"product_tag":[693,954],"class_list":{"0":"post-12474","1":"product","2":"type-product","3":"status-publish","4":"has-post-thumbnail","6":"product_cat-schleifmittel","7":"product_cat-scierniwa-metaliczne-de","8":"product_tag-schleifmittel","9":"product_tag-stahlkugel","11":"first","12":"instock","13":"shipping-taxable","14":"product-type-variable"},"yoast_head":"<!-- This site is optimized with the Yoast SEO plugin v24.3 - https:\/\/yoast.com\/wordpress\/plugins\/seo\/ -->\n<title>Gebrochenes Stahlgussgranulat \u201eiG\u201c von Ingritech Premium SAE J 444 G 16, 18, 25, 40, 50 kup w Polsce, dostawa w Europie - INGRITECH<\/title>\n<meta name=\"description\" content=\"Kup Gebrochenes Stahlgussgranulat \u201eiG\u201c von Ingritech Premium SAE J 444 G 16, 18, 25, 40, 50 w Polsce \ud83d\ude9aw ca\u0142ej Europie \u2705 Dokumentacja techniczna i certyfikaty \u2705 Korzystne ceny \u2705 Gwarancja.\" \/>\n<meta name=\"robots\" content=\"index, follow, max-snippet:-1, max-image-preview:large, max-video-preview:-1\" \/>\n<link rel=\"canonical\" href=\"https:\/\/ingritech.pl\/de\/product\/gebrochenes-stahlgussgranulat-ig-von-ingritech-premium-sae-j-444-g-16-18-25-40-50\/\" \/>\n<meta property=\"og:locale\" content=\"de_DE\" \/>\n<meta property=\"og:type\" content=\"article\" \/>\n<meta property=\"og:title\" content=\"Gebrochenes Stahlgussgranulat \u201eiG\u201c von Ingritech Premium SAE J 444 G 16, 18, 25, 40, 50 kup w Polsce, dostawa w Europie - INGRITECH\" \/>\n<meta property=\"og:description\" content=\"Kup Gebrochenes Stahlgussgranulat \u201eiG\u201c von Ingritech Premium SAE J 444 G 16, 18, 25, 40, 50 w Polsce \ud83d\ude9aw ca\u0142ej Europie \u2705 Dokumentacja techniczna i certyfikaty \u2705 Korzystne ceny \u2705 Gwarancja.\" \/>\n<meta property=\"og:url\" content=\"https:\/\/ingritech.pl\/de\/product\/gebrochenes-stahlgussgranulat-ig-von-ingritech-premium-sae-j-444-g-16-18-25-40-50\/\" \/>\n<meta property=\"og:site_name\" content=\"INGRITECH\" \/>\n<meta property=\"article:modified_time\" content=\"2026-04-17T10:06:22+00:00\" \/>\n<meta property=\"og:image\" content=\"https:\/\/ingritech.pl\/wp-content\/uploads\/2025\/04\/Srut-staliwny-lamany-iG-Ingritech-Premium-\u2013-SAE-J444-G16\u2013G50.webp\" \/>\n\t<meta property=\"og:image:width\" content=\"1024\" \/>\n\t<meta property=\"og:image:height\" content=\"1024\" \/>\n\t<meta property=\"og:image:type\" content=\"image\/webp\" \/>\n<meta name=\"twitter:card\" content=\"summary_large_image\" \/>\n<meta name=\"twitter:label1\" content=\"Gesch\u00e4tzte Lesezeit\" \/>\n\t<meta name=\"twitter:data1\" content=\"1\u00a0Minute\" \/>\n<script type=\"application\/ld+json\" class=\"yoast-schema-graph\">{\"@context\":\"https:\/\/schema.org\",\"@graph\":[{\"@type\":\"WebPage\",\"@id\":\"https:\/\/ingritech.pl\/de\/product\/gebrochenes-stahlgussgranulat-ig-von-ingritech-premium-sae-j-444-g-16-18-25-40-50\/\",\"url\":\"https:\/\/ingritech.pl\/de\/product\/gebrochenes-stahlgussgranulat-ig-von-ingritech-premium-sae-j-444-g-16-18-25-40-50\/\",\"name\":\"Gebrochenes Stahlgussgranulat \u201eiG\u201c von Ingritech Premium SAE J 444 G 16, 18, 25, 40, 50 kup w Polsce, dostawa w Europie - INGRITECH\",\"isPartOf\":{\"@id\":\"https:\/\/ingritech.pl\/de\/#website\"},\"primaryImageOfPage\":{\"@id\":\"https:\/\/ingritech.pl\/de\/product\/gebrochenes-stahlgussgranulat-ig-von-ingritech-premium-sae-j-444-g-16-18-25-40-50\/#primaryimage\"},\"image\":{\"@id\":\"https:\/\/ingritech.pl\/de\/product\/gebrochenes-stahlgussgranulat-ig-von-ingritech-premium-sae-j-444-g-16-18-25-40-50\/#primaryimage\"},\"thumbnailUrl\":\"https:\/\/ingritech.pl\/wp-content\/uploads\/2025\/04\/Srut-staliwny-lamany-iG-Ingritech-Premium-\u2013-SAE-J444-G16\u2013G50.webp\",\"datePublished\":\"2025-04-22T15:44:13+00:00\",\"dateModified\":\"2026-04-17T10:06:22+00:00\",\"description\":\"Kup Gebrochenes Stahlgussgranulat \u201eiG\u201c von Ingritech Premium SAE J 444 G 16, 18, 25, 40, 50 w Polsce \ud83d\ude9aw ca\u0142ej Europie \u2705 Dokumentacja techniczna i certyfikaty \u2705 Korzystne ceny \u2705 Gwarancja.\",\"breadcrumb\":{\"@id\":\"https:\/\/ingritech.pl\/de\/product\/gebrochenes-stahlgussgranulat-ig-von-ingritech-premium-sae-j-444-g-16-18-25-40-50\/#breadcrumb\"},\"inLanguage\":\"de\",\"potentialAction\":[{\"@type\":\"ReadAction\",\"target\":[\"https:\/\/ingritech.pl\/de\/product\/gebrochenes-stahlgussgranulat-ig-von-ingritech-premium-sae-j-444-g-16-18-25-40-50\/\"]}]},{\"@type\":\"ImageObject\",\"inLanguage\":\"de\",\"@id\":\"https:\/\/ingritech.pl\/de\/product\/gebrochenes-stahlgussgranulat-ig-von-ingritech-premium-sae-j-444-g-16-18-25-40-50\/#primaryimage\",\"url\":\"https:\/\/ingritech.pl\/wp-content\/uploads\/2025\/04\/Srut-staliwny-lamany-iG-Ingritech-Premium-\u2013-SAE-J444-G16\u2013G50.webp\",\"contentUrl\":\"https:\/\/ingritech.pl\/wp-content\/uploads\/2025\/04\/Srut-staliwny-lamany-iG-Ingritech-Premium-\u2013-SAE-J444-G16\u2013G50.webp\",\"width\":1024,\"height\":1024,\"caption\":\"Gebrochenes Stahlgussstrahlmittel \u201eiG\u201c von Ingritech Premium in den K\u00f6rnungen G16, G18, G25, G40, G50 f\u00fcr das professionelle Strahlen gem\u00e4\u00df SAE J444\"},{\"@type\":\"BreadcrumbList\",\"@id\":\"https:\/\/ingritech.pl\/de\/product\/gebrochenes-stahlgussgranulat-ig-von-ingritech-premium-sae-j-444-g-16-18-25-40-50\/#breadcrumb\",\"itemListElement\":[{\"@type\":\"ListItem\",\"position\":1,\"name\":\"Strona g\u0142\u00f3wna\",\"item\":\"https:\/\/ingritech.pl\/de\/\"},{\"@type\":\"ListItem\",\"position\":2,\"name\":\"Katalog produkt\u00f3w\",\"item\":\"https:\/\/ingritech.pl\/katalog\/\"},{\"@type\":\"ListItem\",\"position\":3,\"name\":\"Gebrochenes Stahlgussgranulat \u201eiG\u201c von Ingritech Premium SAE J 444 G 16, 18, 25, 40, 50\"}]},{\"@type\":\"WebSite\",\"@id\":\"https:\/\/ingritech.pl\/de\/#website\",\"url\":\"https:\/\/ingritech.pl\/de\/\",\"name\":\"Ingritech\",\"description\":\"SUPPLIES AND RAW MATERIALS FOR INDUSTRY\",\"publisher\":{\"@id\":\"https:\/\/ingritech.pl\/de\/#organization\"},\"alternateName\":\"Ingritech - SUPPLIES AND RAW MATERIALS FOR INDUSTRY\",\"potentialAction\":[{\"@type\":\"SearchAction\",\"target\":{\"@type\":\"EntryPoint\",\"urlTemplate\":\"https:\/\/ingritech.pl\/de\/?s={search_term_string}\"},\"query-input\":{\"@type\":\"PropertyValueSpecification\",\"valueRequired\":true,\"valueName\":\"search_term_string\"}}],\"inLanguage\":\"de\"},{\"@type\":\"Organization\",\"@id\":\"https:\/\/ingritech.pl\/de\/#organization\",\"name\":\"Ingritech\",\"alternateName\":\"Ingritech - sklep z materia\u0142ami eksploatacyjnymi i surowcami dla przemys\u0142u\",\"url\":\"https:\/\/ingritech.pl\/de\/\",\"logo\":{\"@type\":\"ImageObject\",\"inLanguage\":\"de\",\"@id\":\"https:\/\/ingritech.pl\/de\/#\/schema\/logo\/image\/\",\"url\":\"https:\/\/ingritech.pl\/wp-content\/uploads\/2025\/01\/ingretech-logo.webp\",\"contentUrl\":\"https:\/\/ingritech.pl\/wp-content\/uploads\/2025\/01\/ingretech-logo.webp\",\"width\":1280,\"height\":182,\"caption\":\"Ingritech\"},\"image\":{\"@id\":\"https:\/\/ingritech.pl\/de\/#\/schema\/logo\/image\/\"},\"sameAs\":[\"https:\/\/wa.me\/+48453077323\"]}]}<\/script>\n<!-- \/ Yoast SEO plugin. -->","yoast_head_json":{"title":"Gebrochenes Stahlgussgranulat \u201eiG\u201c von Ingritech Premium SAE J 444 G 16, 18, 25, 40, 50 kup w Polsce, dostawa w Europie - INGRITECH","description":"Kup Gebrochenes Stahlgussgranulat \u201eiG\u201c von Ingritech Premium SAE J 444 G 16, 18, 25, 40, 50 w Polsce \ud83d\ude9aw ca\u0142ej Europie \u2705 Dokumentacja techniczna i certyfikaty \u2705 Korzystne ceny \u2705 Gwarancja.","robots":{"index":"index","follow":"follow","max-snippet":"max-snippet:-1","max-image-preview":"max-image-preview:large","max-video-preview":"max-video-preview:-1"},"canonical":"https:\/\/ingritech.pl\/de\/product\/gebrochenes-stahlgussgranulat-ig-von-ingritech-premium-sae-j-444-g-16-18-25-40-50\/","og_locale":"de_DE","og_type":"article","og_title":"Gebrochenes Stahlgussgranulat \u201eiG\u201c von Ingritech Premium SAE J 444 G 16, 18, 25, 40, 50 kup w Polsce, dostawa w Europie - INGRITECH","og_description":"Kup Gebrochenes Stahlgussgranulat \u201eiG\u201c von Ingritech Premium SAE J 444 G 16, 18, 25, 40, 50 w Polsce \ud83d\ude9aw ca\u0142ej Europie \u2705 Dokumentacja techniczna i certyfikaty \u2705 Korzystne ceny \u2705 Gwarancja.","og_url":"https:\/\/ingritech.pl\/de\/product\/gebrochenes-stahlgussgranulat-ig-von-ingritech-premium-sae-j-444-g-16-18-25-40-50\/","og_site_name":"INGRITECH","article_modified_time":"2026-04-17T10:06:22+00:00","og_image":[{"width":1024,"height":1024,"url":"https:\/\/ingritech.pl\/wp-content\/uploads\/2025\/04\/Srut-staliwny-lamany-iG-Ingritech-Premium-\u2013-SAE-J444-G16\u2013G50.webp","type":"image\/webp"}],"twitter_card":"summary_large_image","twitter_misc":{"Gesch\u00e4tzte Lesezeit":"1\u00a0Minute"},"schema":{"@context":"https:\/\/schema.org","@graph":[{"@type":"WebPage","@id":"https:\/\/ingritech.pl\/de\/product\/gebrochenes-stahlgussgranulat-ig-von-ingritech-premium-sae-j-444-g-16-18-25-40-50\/","url":"https:\/\/ingritech.pl\/de\/product\/gebrochenes-stahlgussgranulat-ig-von-ingritech-premium-sae-j-444-g-16-18-25-40-50\/","name":"Gebrochenes Stahlgussgranulat \u201eiG\u201c von Ingritech Premium SAE J 444 G 16, 18, 25, 40, 50 kup w Polsce, dostawa w Europie - INGRITECH","isPartOf":{"@id":"https:\/\/ingritech.pl\/de\/#website"},"primaryImageOfPage":{"@id":"https:\/\/ingritech.pl\/de\/product\/gebrochenes-stahlgussgranulat-ig-von-ingritech-premium-sae-j-444-g-16-18-25-40-50\/#primaryimage"},"image":{"@id":"https:\/\/ingritech.pl\/de\/product\/gebrochenes-stahlgussgranulat-ig-von-ingritech-premium-sae-j-444-g-16-18-25-40-50\/#primaryimage"},"thumbnailUrl":"https:\/\/ingritech.pl\/wp-content\/uploads\/2025\/04\/Srut-staliwny-lamany-iG-Ingritech-Premium-\u2013-SAE-J444-G16\u2013G50.webp","datePublished":"2025-04-22T15:44:13+00:00","dateModified":"2026-04-17T10:06:22+00:00","description":"Kup Gebrochenes Stahlgussgranulat \u201eiG\u201c von Ingritech Premium SAE J 444 G 16, 18, 25, 40, 50 w Polsce \ud83d\ude9aw ca\u0142ej Europie \u2705 Dokumentacja techniczna i certyfikaty \u2705 Korzystne ceny \u2705 Gwarancja.","breadcrumb":{"@id":"https:\/\/ingritech.pl\/de\/product\/gebrochenes-stahlgussgranulat-ig-von-ingritech-premium-sae-j-444-g-16-18-25-40-50\/#breadcrumb"},"inLanguage":"de","potentialAction":[{"@type":"ReadAction","target":["https:\/\/ingritech.pl\/de\/product\/gebrochenes-stahlgussgranulat-ig-von-ingritech-premium-sae-j-444-g-16-18-25-40-50\/"]}]},{"@type":"ImageObject","inLanguage":"de","@id":"https:\/\/ingritech.pl\/de\/product\/gebrochenes-stahlgussgranulat-ig-von-ingritech-premium-sae-j-444-g-16-18-25-40-50\/#primaryimage","url":"https:\/\/ingritech.pl\/wp-content\/uploads\/2025\/04\/Srut-staliwny-lamany-iG-Ingritech-Premium-\u2013-SAE-J444-G16\u2013G50.webp","contentUrl":"https:\/\/ingritech.pl\/wp-content\/uploads\/2025\/04\/Srut-staliwny-lamany-iG-Ingritech-Premium-\u2013-SAE-J444-G16\u2013G50.webp","width":1024,"height":1024,"caption":"Gebrochenes Stahlgussstrahlmittel \u201eiG\u201c von Ingritech Premium in den K\u00f6rnungen G16, G18, G25, G40, G50 f\u00fcr das professionelle Strahlen gem\u00e4\u00df SAE J444"},{"@type":"BreadcrumbList","@id":"https:\/\/ingritech.pl\/de\/product\/gebrochenes-stahlgussgranulat-ig-von-ingritech-premium-sae-j-444-g-16-18-25-40-50\/#breadcrumb","itemListElement":[{"@type":"ListItem","position":1,"name":"Strona g\u0142\u00f3wna","item":"https:\/\/ingritech.pl\/de\/"},{"@type":"ListItem","position":2,"name":"Katalog produkt\u00f3w","item":"https:\/\/ingritech.pl\/katalog\/"},{"@type":"ListItem","position":3,"name":"Gebrochenes Stahlgussgranulat \u201eiG\u201c von Ingritech Premium SAE J 444 G 16, 18, 25, 40, 50"}]},{"@type":"WebSite","@id":"https:\/\/ingritech.pl\/de\/#website","url":"https:\/\/ingritech.pl\/de\/","name":"Ingritech","description":"SUPPLIES AND RAW MATERIALS FOR INDUSTRY","publisher":{"@id":"https:\/\/ingritech.pl\/de\/#organization"},"alternateName":"Ingritech - SUPPLIES AND RAW MATERIALS FOR INDUSTRY","potentialAction":[{"@type":"SearchAction","target":{"@type":"EntryPoint","urlTemplate":"https:\/\/ingritech.pl\/de\/?s={search_term_string}"},"query-input":{"@type":"PropertyValueSpecification","valueRequired":true,"valueName":"search_term_string"}}],"inLanguage":"de"},{"@type":"Organization","@id":"https:\/\/ingritech.pl\/de\/#organization","name":"Ingritech","alternateName":"Ingritech - sklep z materia\u0142ami eksploatacyjnymi i surowcami dla przemys\u0142u","url":"https:\/\/ingritech.pl\/de\/","logo":{"@type":"ImageObject","inLanguage":"de","@id":"https:\/\/ingritech.pl\/de\/#\/schema\/logo\/image\/","url":"https:\/\/ingritech.pl\/wp-content\/uploads\/2025\/01\/ingretech-logo.webp","contentUrl":"https:\/\/ingritech.pl\/wp-content\/uploads\/2025\/01\/ingretech-logo.webp","width":1280,"height":182,"caption":"Ingritech"},"image":{"@id":"https:\/\/ingritech.pl\/de\/#\/schema\/logo\/image\/"},"sameAs":["https:\/\/wa.me\/+48453077323"]}]}},"_links":{"self":[{"href":"https:\/\/ingritech.pl\/de\/wp-json\/wp\/v2\/product\/12474","targetHints":{"allow":["GET"]}}],"collection":[{"href":"https:\/\/ingritech.pl\/de\/wp-json\/wp\/v2\/product"}],"about":[{"href":"https:\/\/ingritech.pl\/de\/wp-json\/wp\/v2\/types\/product"}],"wp:featuredmedia":[{"embeddable":true,"href":"https:\/\/ingritech.pl\/de\/wp-json\/wp\/v2\/media\/12478"}],"wp:attachment":[{"href":"https:\/\/ingritech.pl\/de\/wp-json\/wp\/v2\/media?parent=12474"}],"wp:term":[{"taxonomy":"product_brand","embeddable":true,"href":"https:\/\/ingritech.pl\/de\/wp-json\/wp\/v2\/product_brand?post=12474"},{"taxonomy":"product_cat","embeddable":true,"href":"https:\/\/ingritech.pl\/de\/wp-json\/wp\/v2\/product_cat?post=12474"},{"taxonomy":"product_tag","embeddable":true,"href":"https:\/\/ingritech.pl\/de\/wp-json\/wp\/v2\/product_tag?post=12474"}],"curies":[{"name":"wp","href":"https:\/\/api.w.org\/{rel}","templated":true}]}}