{"id":12489,"date":"2025-01-31T10:29:34","date_gmt":"2025-01-31T09:29:34","guid":{"rendered":"https:\/\/ingritech.pl\/product\/kugelfoermige-stahlgusskugeln-mit-niedrigem-kohlenstoffgehalt-s110-s1100-sae-j444\/"},"modified":"2026-04-17T12:46:21","modified_gmt":"2026-04-17T10:46:21","slug":"kugelfoermige-stahlgusskugeln-mit-niedrigem-kohlenstoffgehalt-s110-s1100-sae-j444","status":"publish","type":"product","link":"https:\/\/ingritech.pl\/de\/product\/kugelfoermige-stahlgusskugeln-mit-niedrigem-kohlenstoffgehalt-s110-s1100-sae-j444\/","title":{"rendered":"Kugelf\u00f6rmige Stahlgusskugeln mit niedrigem Kohlenstoffgehalt S110 \u2013 S1100 (SAE J444)"},"content":{"rendered":"<h3 id=\"details-title\">Produktbeschreibung und Anwendungsbereich<\/h3>\n<p data-pm-slice=\"1 1 []\">Kohlenstoffarmes Gussstahlgranulat ist ein hochleistungsf\u00e4higes Schleifmittel, das sich durch einen <strong>Kohlenstoffgehalt<\/strong> von <strong>0,12\u20130,17 %<\/strong> auszeichnet, was es deutlich von kohlenstoffreichem Granulat (0,80\u20131,20 %) unterscheidet. Dank seiner bainitischen Struktur erreicht es ein optimales Gleichgewicht zwischen Festigkeit, Haltbarkeit und kontrollierter H\u00e4rte, was sich in einer <strong>langen Lebensdauer<\/strong> bei Bearbeitungsprozessen niederschl\u00e4gt.<\/p>\n<p data-pm-slice=\"1 1 []\">Zudem wird es unter Einsatz von thermischer Trocknung hergestellt, was seine mechanischen Eigenschaften und seine Betriebsstabilit\u00e4t verbessert. <strong>Jede Produktcharge durchl\u00e4uft eine strenge Qualit\u00e4tskontrolle<\/strong>, und Proben werden f\u00fcr weitere Laboruntersuchungen archiviert. Wichtig ist, dass durch die Kombination verschiedener Korngr\u00f6\u00dfenfraktionen eine entsprechend <strong>ausgew\u00e4hlte Arbeitsmischung<\/strong> erzielt werden kann, wodurch das Material an spezifische technologische Anforderungen angepasst werden kann.<\/p>\n<div style=\"display: flex; flex-wrap: wrap; align-items: flex-start; gap: 20px; margin: 20px 0;\">\n<div style=\"flex: 1 1 60%;\">\n<p>&nbsp;<\/p>\n<h3><strong>Eigenschaften<\/strong><\/h3>\n<ul>\n<li><strong>H\u00e4rte: <\/strong>HRc 40\u201345 \/ HV 400\u2013480<\/li>\n<li><strong>Qualit\u00e4tszertifikate: <\/strong>ISO 9001, MSDS<\/li>\n<li><strong>Zyklusfestigkeit: <\/strong>(Tests) 3000\u20133500 Zyklen<\/li>\n<li><strong>Termingerechte Lieferungen und logistische Flexibilit\u00e4t<\/strong><\/li>\n<li><strong>Spezifisches Gewicht: <\/strong>ca. 7,5 kg\/dm\u00b3<\/li>\n<li><strong>Sch\u00fcttdichte: <\/strong>ca. 4,4 kg\/dm\u00b3<\/li>\n<li><strong>Mikrostruktur:<\/strong> bainitisch<\/li>\n<\/ul>\n<\/div>\n<figure style=\"flex: 1 1 35%; margin: 0;\"><img loading=\"lazy\" decoding=\"async\" style=\"max-width: 100%; height: auto; border: 1px solid #ccc; border-radius: 4px;\" src=\"https:\/\/ingritech.pl\/wp-content\/uploads\/2025\/07\/S780-25kg.webp\" alt=\"Kugelf\u00f6rmiges Stahlgussgranulat mit niedrigem Kohlenstoffgehalt\" width=\"400\" height=\"300\" \/><figcaption style=\"font-size: 0.9em; color: #555; margin-top: 8px;\">Kugelf\u00f6rmiges Stahlgussgranulat mit niedrigem Kohlenstoffgehalt.<\/figcaption><\/figure>\n<\/div>\n<p data-pm-slice=\"1 1 []\">Ein detailliertes <a href=\"https:\/\/ingritech.pl\/10774\/\">Angebot und die technischen Daten zu den Ingritech-Schleifmitteln<\/a> findest du auf unserer Website.<\/p>\n<h3><strong>Chemische Zusammensetzung (Gew.-%)<\/strong><\/h3>\n<table dir=\"ltr\" style=\"height: 55px;\" border=\"1\" width=\"889\" cellspacing=\"0\" cellpadding=\"0\" data-sheets-root=\"1\" data-sheets-baot=\"1\">\n<colgroup>\n<col width=\"35\" \/>\n<col width=\"35\" \/>\n<col width=\"35\" \/>\n<col width=\"35\" \/>\n<col width=\"42\" \/>\n<col width=\"35\" \/>\n<col width=\"35\" \/>\n<col width=\"35\" \/>\n<col width=\"35\" \/>\n<col width=\"35\" \/>\n<col width=\"35\" \/>\n<col width=\"35\" \/>\n<col width=\"35\" \/>\n<col width=\"35\" \/>\n<col width=\"35\" \/>\n<col width=\"35\" \/>\n<col width=\"35\" \/>\n<col width=\"35\" \/><\/colgroup>\n<tbody>\n<tr>\n<td style=\"text-align: center;\" colspan=\"3\" rowspan=\"1\"><strong>C (Kohle) %<\/strong><\/td>\n<td style=\"text-align: center;\" colspan=\"3\" rowspan=\"1\"><strong>Si (Silizium) %<\/strong><\/td>\n<td style=\"text-align: center;\" colspan=\"3\" rowspan=\"1\"><strong>Mn (Mangan) %\u00a0<\/strong><\/td>\n<td style=\"text-align: center;\" colspan=\"3\" rowspan=\"1\"><strong>P (Phosphor) %<\/strong><\/td>\n<td style=\"text-align: center;\" colspan=\"3\" rowspan=\"1\"><strong>S (Schwefel) %<\/strong><\/td>\n<td colspan=\"3\" rowspan=\"1\">P, %<\/td>\n<\/tr>\n<tr>\n<td style=\"text-align: center;\" colspan=\"3\" rowspan=\"1\">0,10\u20130,17<\/td>\n<td style=\"text-align: center;\" colspan=\"3\" rowspan=\"1\">\u00a00,10\u20130,25<\/td>\n<td style=\"text-align: center;\" colspan=\"3\" rowspan=\"1\">ok. 1,00<\/td>\n<td style=\"text-align: center;\" colspan=\"3\" rowspan=\"1\">\u22640,035<\/td>\n<td style=\"text-align: center;\" colspan=\"3\" rowspan=\"1\">\u22640,035<\/td>\n<td style=\"text-align: center;\" colspan=\"3\" rowspan=\"1\">\u2264 0.05<\/td>\n<\/tr>\n<\/tbody>\n<\/table>\n<section>\n<article>\n<figure style=\"text-align: center; margin: 20px 0;\"><\/figure>\n<div class=\"table-container\">\n<table class=\"product-table\" aria-label=\"Fraktionen und Gr\u00f6\u00dfenbereiche von kugelf\u00f6rmigem Stahlguss\">\n<thead>\n<tr>\n<th>Fraktion<\/th>\n<th>Korngr\u00f6\u00dfenbereich [mm]<\/th>\n<th>Typische Anwendungsbereiche<\/th>\n<\/tr>\n<\/thead>\n<tbody>\n<tr>\n<td>S110<\/td>\n<td>0,18 \u2013 0,30<\/td>\n<td>Polieren und schonendes Reinigen von d\u00fcnnen Oberfl\u00e4chen an Werkzeugen und Stahlteilen. Wird auch zur Vorbereitung von Blechen f\u00fcr Lackierungen verwendet.<\/td>\n<\/tr>\n<tr>\n<td>S170<\/td>\n<td>0,36 \u2013 0,43<\/td>\n<td>Reinigung von Bauteilen mit komplexer Geometrie und Vorbereitung der Oberfl\u00e4chen f\u00fcr die Pulverbeschichtung. Empfohlen f\u00fcr Sph\u00e4roguss, Nichteisenmetalle (Al, Cu) sowie Stahlkonstruktionen, Profile, Rohre und Eisenbahnschienen.<\/td>\n<\/tr>\n<tr>\n<td>S230<\/td>\n<td>0,50 \u2013 0,60<\/td>\n<td>Universalstrahlmittel zur Reinigung von Stahlkonstruktionen und Gussteilen sowie zum Entgraten. Es eignet sich f\u00fcr Gusseisen, Sph\u00e4roguss und Nichteisenmetalle (Al, Cu). Es wird auch bei der Bearbeitung von Halbzeugen, Profilen, Rohren und Eisenbahnschienen eingesetzt.<\/td>\n<\/tr>\n<tr>\n<td>S280<\/td>\n<td>0,60 \u2013 0,71<\/td>\n<td>Effektive Entfernung von Zunder und Vorbereitung von Oberfl\u00e4chen mit mittlerer Rauheit. Findet Anwendung bei der Bearbeitung von Kornstahl, Stahlguss und Sph\u00e4roguss sowie von Halbzeugen und Stahlkonstruktionen.<\/td>\n<\/tr>\n<tr>\n<td>S330<\/td>\n<td>0,71 \u2013 0,85<\/td>\n<td>Zur intensiveren Reinigung und st\u00e4rkeren Mattierung von Oberfl\u00e4chen f\u00fcr schwere Systeme. Wird bei Grobk\u00f6rnigem Eisen, Stahlguss, Sph\u00e4roguss sowie bei der Bearbeitung von Stahlkonstruktionen und -profilen eingesetzt.<\/td>\n<\/tr>\n<tr>\n<td>S390<\/td>\n<td>0,85 \u2013 1,00<\/td>\n<td>Kraftvolle Reinigung von Gussteilen und Stahlkonstruktionen sowie Bearbeitung von Betonb\u00f6den. Geeignet f\u00fcr Gusseisen, Stahlguss und Sph\u00e4roguss.<\/td>\n<\/tr>\n<tr>\n<td>S460<\/td>\n<td>1,00 \u2013 1,18<\/td>\n<td>Entfernung von dicken Beschichtungen und Zunder sowie Vorbereitung der Oberfl\u00e4che f\u00fcr die Metallisierung. Dar\u00fcber hinaus geeignet f\u00fcr Grobkorn-Eisen, Stahlguss, Sph\u00e4roguss und Halbzeuge.<\/td>\n<\/tr>\n<tr>\n<td>S550<\/td>\n<td>1,18 \u2013 1,40<\/td>\n<td>Geeignet f\u00fcr die intensive Reinigung und Bearbeitung gro\u00dfer Gussteile. Wirksam bei Feinkorn-Eisen, Stahlguss, Sph\u00e4roguss und Halbzeugen.<\/td>\n<\/tr>\n<tr>\n<td>S660<\/td>\n<td>1,40 \u2013 1,70<\/td>\n<td>Hochleistungs-Strahlbearbeitung von gro\u00dfformatigen Bauteilen. Auch f\u00fcr Kornstahl, Stahlguss, Sph\u00e4roguss und Halbzeuge geeignet.<\/td>\n<\/tr>\n<tr>\n<td>S780<\/td>\n<td>1,70 \u2013 2,00<\/td>\n<td>Zur Reinigung und Strukturierung von hochbest\u00e4ndigen Oberfl\u00e4chen. Wird haupts\u00e4chlich f\u00fcr Grobkorn-Eisen und Stahlguss verwendet.<\/td>\n<\/tr>\n<tr>\n<td>S930<\/td>\n<td>2,00 \u2013 2,36<\/td>\n<td>Wird bei Spezialaufgaben eingesetzt, die eine hohe kinetische Energie erfordern \u2013 z. B. beim Entfernen sehr dicker Beschichtungen.<\/td>\n<\/tr>\n<tr>\n<td>S1110<\/td>\n<td>2,36 \u2013 2,80<\/td>\n<td>Strahlmittel f\u00fcr den Schwerlastbereich, bestimmt f\u00fcr die Bearbeitung sehr gro\u00dfer und massiver Werkst\u00fccke. Daher wird es am h\u00e4ufigsten bei Stahlgussteilen eingesetzt.<\/td>\n<\/tr>\n<\/tbody>\n<\/table>\n<\/div>\n<\/article>\n<\/section>\n<p>Die Zahl in der Tabelle gibt den maximal oder minimal zul\u00e4ssigen Prozentsatz an, den ein Schleifmittel einer bestimmten Korngr\u00f6\u00dfe durch die angegebene Sieb\u00f6ffnung passieren darf.<\/p>\n<p>Symbole wie \u201e&gt;90\u201c oder \u201e&gt;85\u201c geben an, dass mehr als 90 % bzw. 85 % des Schleifmittels kleiner als die Siebmaschenweite sein sollten.<\/p>\n<h3><strong>Verpackung und Versand<\/strong><\/h3>\n<p>\u2714 Standardverpackungen <strong>25 kg<\/strong> (1000-kg-Palette)<\/p>\n<p>\u2714 <strong>Sonderverpackungen<\/strong> auf Anfrage erh\u00e4ltlich<\/p>\n<p>\u2714 <strong>Qualit\u00e4tszertifizierungen<\/strong>: ISO 9001, Sicherheitsdatenblatt, REACH<\/p>\n<p>\u2714 <strong>P\u00fcnktliche Lieferungen und flexible Logistik<\/strong><\/p>\n<p>\ud83d\udcde <strong>Kontaktieren Sie uns f\u00fcr weitere Informationen!<\/strong><\/p>\n<p>\ud83d\udd17 <a><strong>www.ingritech.pl<\/strong><\/a><\/p>\n","protected":false},"excerpt":{"rendered":"<ul>\n<li><strong>Arten S:<\/strong>\u00a0S1110, S930, S780, S660, S550, S460, S390, S330, S280, S230, S170, S110<\/li>\n<li data-pm-slice=\"1 1 []\">Dank <strong>des geringen Kohlenstoffgehalts<\/strong> weist diese Kugel im Vergleich zu kohlenstoffreichen Kugeln eine <strong>um 20 % h\u00f6here Lebensdauer<\/strong> auf.<\/li>\n<li data-pm-slice=\"1 1 []\"><strong>Anwendungsbereich: <\/strong>Entfernung von Rost, Zunder und Beschichtungen. Verl\u00e4ngerung der Lebensdauer von Metall. Beseitigung von Fehlstellen und Sandresten an Gussteilen. Verbesserung der Haftf\u00e4higkeit von Beschichtungen.<\/li>\n<li><strong>Verpackung<\/strong>: Polyethylen-S\u00e4cke \u00e0 25 kg, verpackt in Kartons auf einer 1000-kg-Palette oder Big-Bags auf einer 1000-kg-Palette.<\/li>\n<\/ul>\n","protected":false},"featured_media":12492,"template":"","meta":[],"product_brand":[],"product_cat":[692,691],"product_tag":[1124,693],"class_list":{"0":"post-12489","1":"product","2":"type-product","3":"status-publish","4":"has-post-thumbnail","6":"product_cat-schleifmittel","7":"product_cat-scierniwa-metaliczne-de","8":"product_tag-kugelstrahlmittel-aus-kohlenstoffarmem-stahlguss","9":"product_tag-schleifmittel","11":"first","12":"instock","13":"shipping-taxable","14":"product-type-simple"},"yoast_head":"<!-- This site is optimized with the Yoast SEO plugin v24.3 - https:\/\/yoast.com\/wordpress\/plugins\/seo\/ -->\n<title>Kaufen Sie kohlenstoffarmes Stahlgussgranulat in Polen, Lieferung innerhalb Europas - INGRITECH<\/title>\n<meta name=\"description\" content=\"Zertifiziert nach ISO 9001, MSDS und REACH-Konformit\u00e4t. Kohlenstoffarmes Stahlgussgranulat in verschiedenen Korngr\u00f6\u00dfen f\u00fcr Gie\u00dfereien, Polieren, Strahlen...\" \/>\n<meta name=\"robots\" content=\"index, follow, max-snippet:-1, max-image-preview:large, max-video-preview:-1\" \/>\n<link rel=\"canonical\" href=\"https:\/\/ingritech.pl\/de\/product\/kugelfoermige-stahlgusskugeln-mit-niedrigem-kohlenstoffgehalt-s110-s1100-sae-j444\/\" \/>\n<meta property=\"og:locale\" content=\"de_DE\" \/>\n<meta property=\"og:type\" content=\"article\" \/>\n<meta property=\"og:title\" content=\"Kaufen Sie kohlenstoffarmes Stahlgussgranulat in Polen, Lieferung innerhalb Europas - INGRITECH\" \/>\n<meta property=\"og:description\" content=\"Zertifiziert nach ISO 9001, MSDS und REACH-Konformit\u00e4t. Kohlenstoffarmes Stahlgussgranulat in verschiedenen Korngr\u00f6\u00dfen f\u00fcr Gie\u00dfereien, Polieren, Strahlen...\" \/>\n<meta property=\"og:url\" content=\"https:\/\/ingritech.pl\/de\/product\/kugelfoermige-stahlgusskugeln-mit-niedrigem-kohlenstoffgehalt-s110-s1100-sae-j444\/\" \/>\n<meta property=\"og:site_name\" content=\"INGRITECH\" \/>\n<meta property=\"article:modified_time\" content=\"2026-04-17T10:46:21+00:00\" \/>\n<meta property=\"og:image\" content=\"https:\/\/ingritech.pl\/wp-content\/uploads\/2025\/01\/srut-staliwny-niskoweglowy-kulisty-s110-s1100.jpeg\" \/>\n\t<meta property=\"og:image:width\" content=\"1024\" \/>\n\t<meta property=\"og:image:height\" content=\"1024\" \/>\n\t<meta property=\"og:image:type\" content=\"image\/jpeg\" \/>\n<meta name=\"twitter:card\" content=\"summary_large_image\" \/>\n<meta name=\"twitter:label1\" content=\"Gesch\u00e4tzte Lesezeit\" \/>\n\t<meta name=\"twitter:data1\" content=\"3\u00a0Minuten\" \/>\n<script type=\"application\/ld+json\" class=\"yoast-schema-graph\">{\"@context\":\"https:\/\/schema.org\",\"@graph\":[{\"@type\":\"WebPage\",\"@id\":\"https:\/\/ingritech.pl\/de\/product\/kugelfoermige-stahlgusskugeln-mit-niedrigem-kohlenstoffgehalt-s110-s1100-sae-j444\/\",\"url\":\"https:\/\/ingritech.pl\/de\/product\/kugelfoermige-stahlgusskugeln-mit-niedrigem-kohlenstoffgehalt-s110-s1100-sae-j444\/\",\"name\":\"Kaufen Sie kohlenstoffarmes Stahlgussgranulat in Polen, Lieferung innerhalb Europas - INGRITECH\",\"isPartOf\":{\"@id\":\"https:\/\/ingritech.pl\/de\/#website\"},\"primaryImageOfPage\":{\"@id\":\"https:\/\/ingritech.pl\/de\/product\/kugelfoermige-stahlgusskugeln-mit-niedrigem-kohlenstoffgehalt-s110-s1100-sae-j444\/#primaryimage\"},\"image\":{\"@id\":\"https:\/\/ingritech.pl\/de\/product\/kugelfoermige-stahlgusskugeln-mit-niedrigem-kohlenstoffgehalt-s110-s1100-sae-j444\/#primaryimage\"},\"thumbnailUrl\":\"https:\/\/ingritech.pl\/wp-content\/uploads\/2025\/01\/srut-staliwny-niskoweglowy-kulisty-s110-s1100.jpeg\",\"datePublished\":\"2025-01-31T09:29:34+00:00\",\"dateModified\":\"2026-04-17T10:46:21+00:00\",\"description\":\"Zertifiziert nach ISO 9001, MSDS und REACH-Konformit\u00e4t. Kohlenstoffarmes Stahlgussgranulat in verschiedenen Korngr\u00f6\u00dfen f\u00fcr Gie\u00dfereien, Polieren, Strahlen...\",\"breadcrumb\":{\"@id\":\"https:\/\/ingritech.pl\/de\/product\/kugelfoermige-stahlgusskugeln-mit-niedrigem-kohlenstoffgehalt-s110-s1100-sae-j444\/#breadcrumb\"},\"inLanguage\":\"de\",\"potentialAction\":[{\"@type\":\"ReadAction\",\"target\":[\"https:\/\/ingritech.pl\/de\/product\/kugelfoermige-stahlgusskugeln-mit-niedrigem-kohlenstoffgehalt-s110-s1100-sae-j444\/\"]}]},{\"@type\":\"ImageObject\",\"inLanguage\":\"de\",\"@id\":\"https:\/\/ingritech.pl\/de\/product\/kugelfoermige-stahlgusskugeln-mit-niedrigem-kohlenstoffgehalt-s110-s1100-sae-j444\/#primaryimage\",\"url\":\"https:\/\/ingritech.pl\/wp-content\/uploads\/2025\/01\/srut-staliwny-niskoweglowy-kulisty-s110-s1100.jpeg\",\"contentUrl\":\"https:\/\/ingritech.pl\/wp-content\/uploads\/2025\/01\/srut-staliwny-niskoweglowy-kulisty-s110-s1100.jpeg\",\"width\":1024,\"height\":1024,\"caption\":\"Das Foto zeigt kugelf\u00f6rmiges Stahlstrahlmittel mit niedrigem Kohlenstoffgehalt in den Gr\u00f6\u00dfen S110 \u2013 S1100, das der Norm SAE J444 entspricht und sich ideal f\u00fcr das industrielle Strahlen und die Oberfl\u00e4chenbearbeitung eignet.\"},{\"@type\":\"BreadcrumbList\",\"@id\":\"https:\/\/ingritech.pl\/de\/product\/kugelfoermige-stahlgusskugeln-mit-niedrigem-kohlenstoffgehalt-s110-s1100-sae-j444\/#breadcrumb\",\"itemListElement\":[{\"@type\":\"ListItem\",\"position\":1,\"name\":\"Strona g\u0142\u00f3wna\",\"item\":\"https:\/\/ingritech.pl\/de\/\"},{\"@type\":\"ListItem\",\"position\":2,\"name\":\"Katalog produkt\u00f3w\",\"item\":\"https:\/\/ingritech.pl\/katalog\/\"},{\"@type\":\"ListItem\",\"position\":3,\"name\":\"Kugelf\u00f6rmige Stahlgusskugeln mit niedrigem Kohlenstoffgehalt S110 \u2013 S1100 (SAE J444)\"}]},{\"@type\":\"WebSite\",\"@id\":\"https:\/\/ingritech.pl\/de\/#website\",\"url\":\"https:\/\/ingritech.pl\/de\/\",\"name\":\"Ingritech\",\"description\":\"SUPPLIES AND RAW MATERIALS FOR INDUSTRY\",\"publisher\":{\"@id\":\"https:\/\/ingritech.pl\/de\/#organization\"},\"alternateName\":\"Ingritech - SUPPLIES AND RAW MATERIALS FOR INDUSTRY\",\"potentialAction\":[{\"@type\":\"SearchAction\",\"target\":{\"@type\":\"EntryPoint\",\"urlTemplate\":\"https:\/\/ingritech.pl\/de\/?s={search_term_string}\"},\"query-input\":{\"@type\":\"PropertyValueSpecification\",\"valueRequired\":true,\"valueName\":\"search_term_string\"}}],\"inLanguage\":\"de\"},{\"@type\":\"Organization\",\"@id\":\"https:\/\/ingritech.pl\/de\/#organization\",\"name\":\"Ingritech\",\"alternateName\":\"Ingritech - sklep z materia\u0142ami eksploatacyjnymi i surowcami dla przemys\u0142u\",\"url\":\"https:\/\/ingritech.pl\/de\/\",\"logo\":{\"@type\":\"ImageObject\",\"inLanguage\":\"de\",\"@id\":\"https:\/\/ingritech.pl\/de\/#\/schema\/logo\/image\/\",\"url\":\"https:\/\/ingritech.pl\/wp-content\/uploads\/2025\/01\/ingretech-logo.webp\",\"contentUrl\":\"https:\/\/ingritech.pl\/wp-content\/uploads\/2025\/01\/ingretech-logo.webp\",\"width\":1280,\"height\":182,\"caption\":\"Ingritech\"},\"image\":{\"@id\":\"https:\/\/ingritech.pl\/de\/#\/schema\/logo\/image\/\"},\"sameAs\":[\"https:\/\/wa.me\/+48453077323\"]}]}<\/script>\n<!-- \/ Yoast SEO plugin. -->","yoast_head_json":{"title":"Kaufen Sie kohlenstoffarmes Stahlgussgranulat in Polen, Lieferung innerhalb Europas - INGRITECH","description":"Zertifiziert nach ISO 9001, MSDS und REACH-Konformit\u00e4t. Kohlenstoffarmes Stahlgussgranulat in verschiedenen Korngr\u00f6\u00dfen f\u00fcr Gie\u00dfereien, Polieren, Strahlen...","robots":{"index":"index","follow":"follow","max-snippet":"max-snippet:-1","max-image-preview":"max-image-preview:large","max-video-preview":"max-video-preview:-1"},"canonical":"https:\/\/ingritech.pl\/de\/product\/kugelfoermige-stahlgusskugeln-mit-niedrigem-kohlenstoffgehalt-s110-s1100-sae-j444\/","og_locale":"de_DE","og_type":"article","og_title":"Kaufen Sie kohlenstoffarmes Stahlgussgranulat in Polen, Lieferung innerhalb Europas - INGRITECH","og_description":"Zertifiziert nach ISO 9001, MSDS und REACH-Konformit\u00e4t. Kohlenstoffarmes Stahlgussgranulat in verschiedenen Korngr\u00f6\u00dfen f\u00fcr Gie\u00dfereien, Polieren, Strahlen...","og_url":"https:\/\/ingritech.pl\/de\/product\/kugelfoermige-stahlgusskugeln-mit-niedrigem-kohlenstoffgehalt-s110-s1100-sae-j444\/","og_site_name":"INGRITECH","article_modified_time":"2026-04-17T10:46:21+00:00","og_image":[{"width":1024,"height":1024,"url":"https:\/\/ingritech.pl\/wp-content\/uploads\/2025\/01\/srut-staliwny-niskoweglowy-kulisty-s110-s1100.jpeg","type":"image\/jpeg"}],"twitter_card":"summary_large_image","twitter_misc":{"Gesch\u00e4tzte Lesezeit":"3\u00a0Minuten"},"schema":{"@context":"https:\/\/schema.org","@graph":[{"@type":"WebPage","@id":"https:\/\/ingritech.pl\/de\/product\/kugelfoermige-stahlgusskugeln-mit-niedrigem-kohlenstoffgehalt-s110-s1100-sae-j444\/","url":"https:\/\/ingritech.pl\/de\/product\/kugelfoermige-stahlgusskugeln-mit-niedrigem-kohlenstoffgehalt-s110-s1100-sae-j444\/","name":"Kaufen Sie kohlenstoffarmes Stahlgussgranulat in Polen, Lieferung innerhalb Europas - INGRITECH","isPartOf":{"@id":"https:\/\/ingritech.pl\/de\/#website"},"primaryImageOfPage":{"@id":"https:\/\/ingritech.pl\/de\/product\/kugelfoermige-stahlgusskugeln-mit-niedrigem-kohlenstoffgehalt-s110-s1100-sae-j444\/#primaryimage"},"image":{"@id":"https:\/\/ingritech.pl\/de\/product\/kugelfoermige-stahlgusskugeln-mit-niedrigem-kohlenstoffgehalt-s110-s1100-sae-j444\/#primaryimage"},"thumbnailUrl":"https:\/\/ingritech.pl\/wp-content\/uploads\/2025\/01\/srut-staliwny-niskoweglowy-kulisty-s110-s1100.jpeg","datePublished":"2025-01-31T09:29:34+00:00","dateModified":"2026-04-17T10:46:21+00:00","description":"Zertifiziert nach ISO 9001, MSDS und REACH-Konformit\u00e4t. Kohlenstoffarmes Stahlgussgranulat in verschiedenen Korngr\u00f6\u00dfen f\u00fcr Gie\u00dfereien, Polieren, Strahlen...","breadcrumb":{"@id":"https:\/\/ingritech.pl\/de\/product\/kugelfoermige-stahlgusskugeln-mit-niedrigem-kohlenstoffgehalt-s110-s1100-sae-j444\/#breadcrumb"},"inLanguage":"de","potentialAction":[{"@type":"ReadAction","target":["https:\/\/ingritech.pl\/de\/product\/kugelfoermige-stahlgusskugeln-mit-niedrigem-kohlenstoffgehalt-s110-s1100-sae-j444\/"]}]},{"@type":"ImageObject","inLanguage":"de","@id":"https:\/\/ingritech.pl\/de\/product\/kugelfoermige-stahlgusskugeln-mit-niedrigem-kohlenstoffgehalt-s110-s1100-sae-j444\/#primaryimage","url":"https:\/\/ingritech.pl\/wp-content\/uploads\/2025\/01\/srut-staliwny-niskoweglowy-kulisty-s110-s1100.jpeg","contentUrl":"https:\/\/ingritech.pl\/wp-content\/uploads\/2025\/01\/srut-staliwny-niskoweglowy-kulisty-s110-s1100.jpeg","width":1024,"height":1024,"caption":"Das Foto zeigt kugelf\u00f6rmiges Stahlstrahlmittel mit niedrigem Kohlenstoffgehalt in den Gr\u00f6\u00dfen S110 \u2013 S1100, das der Norm SAE J444 entspricht und sich ideal f\u00fcr das industrielle Strahlen und die Oberfl\u00e4chenbearbeitung eignet."},{"@type":"BreadcrumbList","@id":"https:\/\/ingritech.pl\/de\/product\/kugelfoermige-stahlgusskugeln-mit-niedrigem-kohlenstoffgehalt-s110-s1100-sae-j444\/#breadcrumb","itemListElement":[{"@type":"ListItem","position":1,"name":"Strona g\u0142\u00f3wna","item":"https:\/\/ingritech.pl\/de\/"},{"@type":"ListItem","position":2,"name":"Katalog produkt\u00f3w","item":"https:\/\/ingritech.pl\/katalog\/"},{"@type":"ListItem","position":3,"name":"Kugelf\u00f6rmige Stahlgusskugeln mit niedrigem Kohlenstoffgehalt S110 \u2013 S1100 (SAE J444)"}]},{"@type":"WebSite","@id":"https:\/\/ingritech.pl\/de\/#website","url":"https:\/\/ingritech.pl\/de\/","name":"Ingritech","description":"SUPPLIES AND RAW MATERIALS FOR INDUSTRY","publisher":{"@id":"https:\/\/ingritech.pl\/de\/#organization"},"alternateName":"Ingritech - SUPPLIES AND RAW MATERIALS FOR INDUSTRY","potentialAction":[{"@type":"SearchAction","target":{"@type":"EntryPoint","urlTemplate":"https:\/\/ingritech.pl\/de\/?s={search_term_string}"},"query-input":{"@type":"PropertyValueSpecification","valueRequired":true,"valueName":"search_term_string"}}],"inLanguage":"de"},{"@type":"Organization","@id":"https:\/\/ingritech.pl\/de\/#organization","name":"Ingritech","alternateName":"Ingritech - sklep z materia\u0142ami eksploatacyjnymi i surowcami dla przemys\u0142u","url":"https:\/\/ingritech.pl\/de\/","logo":{"@type":"ImageObject","inLanguage":"de","@id":"https:\/\/ingritech.pl\/de\/#\/schema\/logo\/image\/","url":"https:\/\/ingritech.pl\/wp-content\/uploads\/2025\/01\/ingretech-logo.webp","contentUrl":"https:\/\/ingritech.pl\/wp-content\/uploads\/2025\/01\/ingretech-logo.webp","width":1280,"height":182,"caption":"Ingritech"},"image":{"@id":"https:\/\/ingritech.pl\/de\/#\/schema\/logo\/image\/"},"sameAs":["https:\/\/wa.me\/+48453077323"]}]}},"_links":{"self":[{"href":"https:\/\/ingritech.pl\/de\/wp-json\/wp\/v2\/product\/12489","targetHints":{"allow":["GET"]}}],"collection":[{"href":"https:\/\/ingritech.pl\/de\/wp-json\/wp\/v2\/product"}],"about":[{"href":"https:\/\/ingritech.pl\/de\/wp-json\/wp\/v2\/types\/product"}],"wp:featuredmedia":[{"embeddable":true,"href":"https:\/\/ingritech.pl\/de\/wp-json\/wp\/v2\/media\/12492"}],"wp:attachment":[{"href":"https:\/\/ingritech.pl\/de\/wp-json\/wp\/v2\/media?parent=12489"}],"wp:term":[{"taxonomy":"product_brand","embeddable":true,"href":"https:\/\/ingritech.pl\/de\/wp-json\/wp\/v2\/product_brand?post=12489"},{"taxonomy":"product_cat","embeddable":true,"href":"https:\/\/ingritech.pl\/de\/wp-json\/wp\/v2\/product_cat?post=12489"},{"taxonomy":"product_tag","embeddable":true,"href":"https:\/\/ingritech.pl\/de\/wp-json\/wp\/v2\/product_tag?post=12489"}],"curies":[{"name":"wp","href":"https:\/\/api.w.org\/{rel}","templated":true}]}}