{"id":12540,"date":"2025-01-29T15:26:26","date_gmt":"2025-01-29T14:26:26","guid":{"rendered":"https:\/\/ingritech.pl\/product\/gussstahl-strahlmittel-mit-scharfen-kanten-gl-16-18-25-40-50-sae-j444\/"},"modified":"2026-04-18T09:33:21","modified_gmt":"2026-04-18T07:33:21","slug":"gussstahl-strahlmittel-mit-scharfen-kanten-gl-16-18-25-40-50-sae-j444","status":"publish","type":"product","link":"https:\/\/ingritech.pl\/de\/product\/gussstahl-strahlmittel-mit-scharfen-kanten-gl-16-18-25-40-50-sae-j444\/","title":{"rendered":"Gussstahl-Strahlmittel mit scharfen Kanten, GL 16, 18, 25, 40, 50 (SAE J444)"},"content":{"rendered":"<p>\u25ef <strong>Form<\/strong> \u2013 Feste, kantige Partikel<\/p>\n<p>\u25ef <a href=\"https:\/\/ingritech.pl\/produkt\/srut-staliwny-ostrokatny-gh-gl-gp-gs\/\"><strong>H\u00e4rte GH<\/strong><\/a> &#8211; min. 700 HV; 60 HRC<\/p>\n<p>\u25ef <a href=\"https:\/\/ingritech.pl\/produkt\/srut-staliwny-lamany-ostro-krawedziowy-scierniwo-do-srutowania-gh-1618-25-40-50-80-sae-j444-kopia\/\"><strong>H\u00e4rte GL<\/strong> <\/a>&#8211; 510-700 HV; 51-61 HRC<\/p>\n<p>\u25ef <a href=\"https:\/\/ingritech.pl\/produkt\/srut-staliwny-lamany-ostro-krawedziowy-scierniwo-do-srutowania-gp-1618-40-50-sae-j444\/\"><strong>H\u00e4rte GP<\/strong><\/a> &#8211; 460-630 HV; 47-56 HRC<\/p>\n<p>\u25ef <a href=\"https:\/\/ingritech.pl\/produkt\/srut-staliwny-lamany-ostro-krawedziowy-scierniwo-do-srutowania-gs-1618-25-40-50-80-sae-j444\/\"><strong>H\u00e4rte GS<\/strong><\/a> &#8211; 390-530 HV; 40-51 HRC<\/p>\n<p>\u25ef <strong>Dichte<\/strong> \u2013 7,0 g\/cm\u00b3<\/p>\n<p>\u25ef <strong>Farbe<\/strong> \u2013 Grau<\/p>\n<p>\u25ef <strong>Geruch<\/strong> \u2013 Kein Geruch<\/p>\n<p>\u25ef <strong>Geruchsschwelle<\/strong> \u2013 Nicht zutreffend<\/p>\n<p> \u25ef <strong>pH-Wert<\/strong> \u2013 Nicht zutreffend<\/p>\n<p>\u25ef <strong>Schmelztemperatur<\/strong> \u2013 ca. 1 535 \u00b0C \/ ohne praktische Bedeutung<\/p>\n<p>\u25ef <strong>Z\u00fcndtemperatur<\/strong> \u2013 Nicht zutreffend<\/p>\n<p> \u25ef <strong>Obere\/untere Entz\u00fcndbarkeits- oder Explosionsgrenzen<\/strong> \u2013 Nicht zutreffend<\/p>\n<p>\u25ef <strong>L\u00f6slichkeit<\/strong> \u2013 Unl\u00f6slich in Wasser<\/p>\n<p>\u25ef <strong>Explosive Eigenschaften<\/strong> \u2013 Nicht explosiv<\/p>\n<p> \u25ef <strong>Chemische Zusammensetzung<\/strong> gem\u00e4\u00df SAE J827<\/p>\n<table dir=\"ltr\" style=\"height: 53px;\" border=\"1\" width=\"682\" cellspacing=\"0\" cellpadding=\"0\" data-sheets-root=\"1\" data-sheets-baot=\"1\">\n<colgroup>\n<col width=\"35\" \/>\n<col width=\"35\" \/>\n<col width=\"35\" \/>\n<col width=\"35\" \/>\n<col width=\"42\" \/>\n<col width=\"35\" \/>\n<col width=\"35\" \/>\n<col width=\"35\" \/>\n<col width=\"35\" \/>\n<col width=\"35\" \/>\n<col width=\"35\" \/>\n<col width=\"35\" \/>\n<col width=\"35\" \/>\n<col width=\"35\" \/>\n<col width=\"35\" \/>\n<col width=\"35\" \/>\n<col width=\"35\" \/>\n<col width=\"35\" \/><\/colgroup>\n<tbody>\n<tr>\n<td style=\"text-align: center;\" colspan=\"3\" rowspan=\"1\"><strong>Fe, %<\/strong><\/td>\n<td style=\"text-align: center;\" colspan=\"3\" rowspan=\"1\"><strong>C, %<\/strong><\/td>\n<td style=\"text-align: center;\" colspan=\"3\" rowspan=\"1\"><strong>Mn, %<\/strong><\/td>\n<td style=\"text-align: center;\" colspan=\"3\" rowspan=\"1\"><strong>Si, %<\/strong><\/td>\n<td style=\"text-align: center;\" colspan=\"3\" rowspan=\"1\"><strong>S, %<\/strong><\/td>\n<td style=\"text-align: center;\" colspan=\"3\" rowspan=\"1\"><strong>P, %<\/strong><\/td>\n<\/tr>\n<tr>\n<td style=\"text-align: center;\" colspan=\"3\" rowspan=\"1\">96,5-98,0<\/td>\n<td style=\"text-align: center;\" colspan=\"3\" rowspan=\"1\">0,8-1,2<\/td>\n<td style=\"text-align: center;\" colspan=\"3\" rowspan=\"1\">0,6-1,2<\/td>\n<td style=\"text-align: center;\" colspan=\"3\" rowspan=\"1\">0,5-1,0<\/td>\n<td style=\"text-align: center;\" colspan=\"3\" rowspan=\"1\">\u2264 0.05<\/td>\n<td style=\"text-align: center;\" colspan=\"3\" rowspan=\"1\">\u2264 0.05<\/td>\n<\/tr>\n<\/tbody>\n<\/table>\n<p>\u25ef <strong>Gr\u00f6\u00dfenangaben<\/strong> &#8211;<\/p>\n<table dir=\"ltr\" style=\"height: 512px;\" border=\"1\" width=\"473\" cellspacing=\"0\" cellpadding=\"0\" data-sheets-root=\"1\" data-sheets-baot=\"1\">\n<colgroup>\n<col width=\"35\" \/>\n<col width=\"35\" \/>\n<col width=\"35\" \/>\n<col width=\"42\" \/>\n<col width=\"35\" \/>\n<col width=\"35\" \/>\n<col width=\"35\" \/>\n<col width=\"35\" \/>\n<col width=\"35\" \/><\/colgroup>\n<tbody>\n<tr>\n<td style=\"text-align: center;\" colspan=\"3\" rowspan=\"1\">Standard-Siebmaschenweite, mm<\/td>\n<td style=\"text-align: center;\">G16<\/td>\n<td style=\"text-align: center;\">G18<\/td>\n<td style=\"text-align: center;\">G25<\/td>\n<td style=\"text-align: center;\">G40<\/td>\n<td style=\"text-align: center;\">G50<\/td>\n<td style=\"text-align: center;\">G80<\/td>\n<\/tr>\n<tr>\n<td colspan=\"3\" rowspan=\"1\">4.75<\/td>\n<td><\/td>\n<td><\/td>\n<td><\/td>\n<td><\/td>\n<td><\/td>\n<td><\/td>\n<\/tr>\n<tr>\n<td colspan=\"3\" rowspan=\"1\">4.00<\/td>\n<td><\/td>\n<td><\/td>\n<td><\/td>\n<td><\/td>\n<td><\/td>\n<td><\/td>\n<\/tr>\n<tr>\n<td colspan=\"3\" rowspan=\"1\">3.35<\/td>\n<td><\/td>\n<td><\/td>\n<td><\/td>\n<td><\/td>\n<td><\/td>\n<td><\/td>\n<\/tr>\n<tr>\n<td colspan=\"3\" rowspan=\"1\">2.80<\/td>\n<td><\/td>\n<td><\/td>\n<td><\/td>\n<td><\/td>\n<td><\/td>\n<td><\/td>\n<\/tr>\n<tr>\n<td colspan=\"3\" rowspan=\"1\">2.36<\/td>\n<td><\/td>\n<td><\/td>\n<td><\/td>\n<td><\/td>\n<td><\/td>\n<td><\/td>\n<\/tr>\n<tr>\n<td colspan=\"3\" rowspan=\"1\">2.00<\/td>\n<td><\/td>\n<td><\/td>\n<td><\/td>\n<td><\/td>\n<td><\/td>\n<td><\/td>\n<\/tr>\n<tr>\n<td colspan=\"3\" rowspan=\"1\">1.70<\/td>\n<td>0<\/td>\n<td><\/td>\n<td><\/td>\n<td><\/td>\n<td><\/td>\n<td><\/td>\n<\/tr>\n<tr>\n<td colspan=\"3\" rowspan=\"1\">1.40<\/td>\n<td><\/td>\n<td>0<\/td>\n<td><\/td>\n<td><\/td>\n<td><\/td>\n<td><\/td>\n<\/tr>\n<tr>\n<td colspan=\"3\" rowspan=\"1\">1.18<\/td>\n<td>&gt;75<\/td>\n<td><\/td>\n<td>0<\/td>\n<td><\/td>\n<td><\/td>\n<td><\/td>\n<\/tr>\n<tr>\n<td colspan=\"3\" rowspan=\"1\">1.00<\/td>\n<td>&gt;85<\/td>\n<td>&gt;75<\/td>\n<td><\/td>\n<td>0<\/td>\n<td><\/td>\n<td><\/td>\n<\/tr>\n<tr>\n<td colspan=\"3\" rowspan=\"1\">0.85<\/td>\n<td><\/td>\n<td><\/td>\n<td><\/td>\n<td><\/td>\n<td><\/td>\n<td><\/td>\n<\/tr>\n<tr>\n<td colspan=\"3\" rowspan=\"1\">0.71<\/td>\n<td><\/td>\n<td>&gt;85<\/td>\n<td>&gt;70<\/td>\n<td><\/td>\n<td>0<\/td>\n<td><\/td>\n<\/tr>\n<tr>\n<td colspan=\"3\" rowspan=\"1\">0.60<\/td>\n<td><\/td>\n<td><\/td>\n<td><\/td>\n<td><\/td>\n<td><\/td>\n<td><\/td>\n<\/tr>\n<tr>\n<td colspan=\"3\" rowspan=\"1\">0.50<\/td>\n<td><\/td>\n<td><\/td>\n<td><\/td>\n<td><\/td>\n<td><\/td>\n<td><\/td>\n<\/tr>\n<tr>\n<td colspan=\"3\" rowspan=\"1\">0.43<\/td>\n<td><\/td>\n<td><\/td>\n<td>&gt;80<\/td>\n<td>&gt;70<\/td>\n<td><\/td>\n<td>0<\/td>\n<\/tr>\n<tr>\n<td colspan=\"3\" rowspan=\"1\">0.36<\/td>\n<td><\/td>\n<td><\/td>\n<td><\/td>\n<td><\/td>\n<td><\/td>\n<td><\/td>\n<\/tr>\n<tr>\n<td colspan=\"3\" rowspan=\"1\">0.30<\/td>\n<td><\/td>\n<td><\/td>\n<td><\/td>\n<td>&gt;80<\/td>\n<td>&gt;65<\/td>\n<td><\/td>\n<\/tr>\n<tr>\n<td colspan=\"3\" rowspan=\"1\">0.18<\/td>\n<td><\/td>\n<td><\/td>\n<td><\/td>\n<td><\/td>\n<td>&gt;75<\/td>\n<td>&gt;65<\/td>\n<\/tr>\n<tr>\n<td colspan=\"3\" rowspan=\"1\">0.13<\/td>\n<td><\/td>\n<td><\/td>\n<td><\/td>\n<td><\/td>\n<td><\/td>\n<td>&gt;75<\/td>\n<\/tr>\n<\/tbody>\n<\/table>\n<p><strong>Erl\u00e4uterung:<\/strong><\/p>\n<p>-Die Zahl in der Tabelle gibt den maximal oder minimal zul\u00e4ssigen Prozentsatz des jeweiligen Schleifmittels an, das durch die angegebene Sieb\u00f6ffnung passt.<\/p>\n<p>-Symbole wie \u201e&gt;90\u201c oder \u201e&gt;85\u201c geben an, dass mehr als 90 % bzw. 85 % des Schleifmittels kleiner als die Siebmaschenweite sein sollten.<\/p>\n","protected":false},"excerpt":{"rendered":"<ul>\n<li><strong>GL-Typen:<\/strong> GL16; GL18; GL25; GL40; GL50<\/li>\n<li><strong>\u00a0Anwendungsbereich: <\/strong>Zur Reinigung und Bearbeitung von Oberfl\u00e4chen mittlerer H\u00e4rte sowie zur Vorbereitung der Oberfl\u00e4che vor dem Auftragen einer Beschichtung.<\/li>\n<li><strong>Verpackung<\/strong>: Polyethylen-S\u00e4cke \u00e0 25 kg, verpackt in Kartons auf einer 1000-kg-Palette oder Big-Bags auf einer 1000-kg-Palette.<\/li>\n<\/ul>\n<p><span style=\"color: #000000;\"><strong>\u00a0!Information<\/strong>: <em>Das Material sollte an einem trockenen Ort gelagert werden. Es handelt sich um staubarmes Material.  <\/em><em>Wir bieten umfassende Dienstleistungen zur R\u00fcckgewinnung von Sandstrahlabf\u00e4llen zur Neutralisierung an. F\u00fcr weitere Informationen kontaktieren Sie uns bitte.<\/em><\/span><\/p>\n<p><a href=\"https:\/\/ingritech.pl\/wp-content\/uploads\/2025\/01\/MATERIAL-SAFETY-DATA-SHEET-Steel-Grit-SAE-J444-2.pdf\" target=\"_blank\" rel=\"noopener\"><img loading=\"lazy\" decoding=\"async\" class=\"alignright wp-image-9409\" src=\"https:\/\/ingritech.pl\/wp-content\/uploads\/2025\/01\/PDF-150x150.png\" alt=\"Technische Dokumentation als PDF herunterladen\" width=\"50\" height=\"50\" srcset=\"https:\/\/ingritech.pl\/wp-content\/uploads\/2025\/01\/PDF-150x150.png 150w, https:\/\/ingritech.pl\/wp-content\/uploads\/2025\/01\/PDF-300x300.png 300w, https:\/\/ingritech.pl\/wp-content\/uploads\/2025\/01\/PDF-70x70.png 70w, https:\/\/ingritech.pl\/wp-content\/uploads\/2025\/01\/PDF-100x100.png 100w, https:\/\/ingritech.pl\/wp-content\/uploads\/2025\/01\/PDF-400x400.png 400w, https:\/\/ingritech.pl\/wp-content\/uploads\/2025\/01\/PDF-110x110.png 110w, https:\/\/ingritech.pl\/wp-content\/uploads\/2025\/01\/PDF-500x500.png 500w, https:\/\/ingritech.pl\/wp-content\/uploads\/2025\/01\/PDF.png 512w, https:\/\/ingritech.pl\/wp-content\/uploads\/2025\/01\/PDF-200x200.png 200w\" sizes=\"auto, (max-width: 50px) 100vw, 50px\" \/><\/a><\/p>\n","protected":false},"featured_media":12541,"template":"","meta":[],"product_brand":[],"product_cat":[692,691],"product_tag":[693,954],"class_list":{"0":"post-12540","1":"product","2":"type-product","3":"status-publish","4":"has-post-thumbnail","6":"product_cat-schleifmittel","7":"product_cat-scierniwa-metaliczne-de","8":"product_tag-schleifmittel","9":"product_tag-stahlkugel","10":"pa_srut-lamany-gl-stahlkies-gl-16","11":"pa_srut-lamany-gl-stahlkies-gl-18","12":"pa_srut-lamany-gl-stahlkies-gl-25","13":"pa_srut-lamany-gl-stahlkies-gl-40","14":"pa_srut-lamany-gl-stahlkies-gl-50","16":"first","17":"instock","18":"shipping-taxable","19":"product-type-variable"},"yoast_head":"<!-- This site is optimized with the Yoast SEO plugin v24.3 - https:\/\/yoast.com\/wordpress\/plugins\/seo\/ -->\n<title>Gussstahl-Strahlmittel mit scharfen Kanten, GL 16, 18, 25, 40, 50 (SAE J444) kup w Polsce, dostawa w Europie - INGRITECH<\/title>\n<meta name=\"description\" content=\"Kup Gussstahl-Strahlmittel mit scharfen Kanten, GL 16, 18, 25, 40, 50 (SAE J444) w Polsce \ud83d\ude9aw ca\u0142ej Europie \u2705 Dokumentacja techniczna i certyfikaty \u2705 Korzystne ceny \u2705 Gwarancja.\" \/>\n<meta name=\"robots\" content=\"index, follow, max-snippet:-1, max-image-preview:large, max-video-preview:-1\" \/>\n<link rel=\"canonical\" href=\"https:\/\/ingritech.pl\/de\/product\/gussstahl-strahlmittel-mit-scharfen-kanten-gl-16-18-25-40-50-sae-j444\/\" \/>\n<meta property=\"og:locale\" content=\"de_DE\" \/>\n<meta property=\"og:type\" content=\"article\" \/>\n<meta property=\"og:title\" content=\"Gussstahl-Strahlmittel mit scharfen Kanten, GL 16, 18, 25, 40, 50 (SAE J444) kup w Polsce, dostawa w Europie - INGRITECH\" \/>\n<meta property=\"og:description\" content=\"Kup Gussstahl-Strahlmittel mit scharfen Kanten, GL 16, 18, 25, 40, 50 (SAE J444) w Polsce \ud83d\ude9aw ca\u0142ej Europie \u2705 Dokumentacja techniczna i certyfikaty \u2705 Korzystne ceny \u2705 Gwarancja.\" \/>\n<meta property=\"og:url\" content=\"https:\/\/ingritech.pl\/de\/product\/gussstahl-strahlmittel-mit-scharfen-kanten-gl-16-18-25-40-50-sae-j444\/\" \/>\n<meta property=\"og:site_name\" content=\"INGRITECH\" \/>\n<meta property=\"article:modified_time\" content=\"2026-04-18T07:33:21+00:00\" \/>\n<meta property=\"og:image\" content=\"https:\/\/ingritech.pl\/wp-content\/uploads\/2025\/01\/Srut-staliwny-lamany-GL-16\u201350-\u2013-ostrokrawedziowe-scierniwo-SAE-J444-1.webp\" \/>\n\t<meta property=\"og:image:width\" content=\"1024\" \/>\n\t<meta property=\"og:image:height\" content=\"1024\" \/>\n\t<meta property=\"og:image:type\" content=\"image\/webp\" \/>\n<meta name=\"twitter:card\" content=\"summary_large_image\" \/>\n<meta name=\"twitter:label1\" content=\"Gesch\u00e4tzte Lesezeit\" \/>\n\t<meta name=\"twitter:data1\" content=\"1\u00a0Minute\" \/>\n<script type=\"application\/ld+json\" class=\"yoast-schema-graph\">{\"@context\":\"https:\/\/schema.org\",\"@graph\":[{\"@type\":\"WebPage\",\"@id\":\"https:\/\/ingritech.pl\/de\/product\/gussstahl-strahlmittel-mit-scharfen-kanten-gl-16-18-25-40-50-sae-j444\/\",\"url\":\"https:\/\/ingritech.pl\/de\/product\/gussstahl-strahlmittel-mit-scharfen-kanten-gl-16-18-25-40-50-sae-j444\/\",\"name\":\"Gussstahl-Strahlmittel mit scharfen Kanten, GL 16, 18, 25, 40, 50 (SAE J444) kup w Polsce, dostawa w Europie - INGRITECH\",\"isPartOf\":{\"@id\":\"https:\/\/ingritech.pl\/de\/#website\"},\"primaryImageOfPage\":{\"@id\":\"https:\/\/ingritech.pl\/de\/product\/gussstahl-strahlmittel-mit-scharfen-kanten-gl-16-18-25-40-50-sae-j444\/#primaryimage\"},\"image\":{\"@id\":\"https:\/\/ingritech.pl\/de\/product\/gussstahl-strahlmittel-mit-scharfen-kanten-gl-16-18-25-40-50-sae-j444\/#primaryimage\"},\"thumbnailUrl\":\"https:\/\/ingritech.pl\/wp-content\/uploads\/2025\/01\/Srut-staliwny-lamany-GL-16\u201350-\u2013-ostrokrawedziowe-scierniwo-SAE-J444-1.webp\",\"datePublished\":\"2025-01-29T14:26:26+00:00\",\"dateModified\":\"2026-04-18T07:33:21+00:00\",\"description\":\"Kup Gussstahl-Strahlmittel mit scharfen Kanten, GL 16, 18, 25, 40, 50 (SAE J444) w Polsce \ud83d\ude9aw ca\u0142ej Europie \u2705 Dokumentacja techniczna i certyfikaty \u2705 Korzystne ceny \u2705 Gwarancja.\",\"breadcrumb\":{\"@id\":\"https:\/\/ingritech.pl\/de\/product\/gussstahl-strahlmittel-mit-scharfen-kanten-gl-16-18-25-40-50-sae-j444\/#breadcrumb\"},\"inLanguage\":\"de\",\"potentialAction\":[{\"@type\":\"ReadAction\",\"target\":[\"https:\/\/ingritech.pl\/de\/product\/gussstahl-strahlmittel-mit-scharfen-kanten-gl-16-18-25-40-50-sae-j444\/\"]}]},{\"@type\":\"ImageObject\",\"inLanguage\":\"de\",\"@id\":\"https:\/\/ingritech.pl\/de\/product\/gussstahl-strahlmittel-mit-scharfen-kanten-gl-16-18-25-40-50-sae-j444\/#primaryimage\",\"url\":\"https:\/\/ingritech.pl\/wp-content\/uploads\/2025\/01\/Srut-staliwny-lamany-GL-16\u201350-\u2013-ostrokrawedziowe-scierniwo-SAE-J444-1.webp\",\"contentUrl\":\"https:\/\/ingritech.pl\/wp-content\/uploads\/2025\/01\/Srut-staliwny-lamany-GL-16\u201350-\u2013-ostrokrawedziowe-scierniwo-SAE-J444-1.webp\",\"width\":1024,\"height\":1024,\"caption\":\"Gebrochenes Stahlgussgranulat GL 16, 18, 25, 40, 50 \u2013 scharfkantiges Strahlmittel f\u00fcr die intensive Reinigung und Oberfl\u00e4chenvorbereitung gem\u00e4\u00df der Norm SAE J444\"},{\"@type\":\"BreadcrumbList\",\"@id\":\"https:\/\/ingritech.pl\/de\/product\/gussstahl-strahlmittel-mit-scharfen-kanten-gl-16-18-25-40-50-sae-j444\/#breadcrumb\",\"itemListElement\":[{\"@type\":\"ListItem\",\"position\":1,\"name\":\"Strona g\u0142\u00f3wna\",\"item\":\"https:\/\/ingritech.pl\/de\/\"},{\"@type\":\"ListItem\",\"position\":2,\"name\":\"Katalog produkt\u00f3w\",\"item\":\"https:\/\/ingritech.pl\/katalog\/\"},{\"@type\":\"ListItem\",\"position\":3,\"name\":\"Gussstahl-Strahlmittel mit scharfen Kanten, GL 16, 18, 25, 40, 50 (SAE J444)\"}]},{\"@type\":\"WebSite\",\"@id\":\"https:\/\/ingritech.pl\/de\/#website\",\"url\":\"https:\/\/ingritech.pl\/de\/\",\"name\":\"Ingritech\",\"description\":\"SUPPLIES AND RAW MATERIALS FOR INDUSTRY\",\"publisher\":{\"@id\":\"https:\/\/ingritech.pl\/de\/#organization\"},\"alternateName\":\"Ingritech - SUPPLIES AND RAW MATERIALS FOR INDUSTRY\",\"potentialAction\":[{\"@type\":\"SearchAction\",\"target\":{\"@type\":\"EntryPoint\",\"urlTemplate\":\"https:\/\/ingritech.pl\/de\/?s={search_term_string}\"},\"query-input\":{\"@type\":\"PropertyValueSpecification\",\"valueRequired\":true,\"valueName\":\"search_term_string\"}}],\"inLanguage\":\"de\"},{\"@type\":\"Organization\",\"@id\":\"https:\/\/ingritech.pl\/de\/#organization\",\"name\":\"Ingritech\",\"alternateName\":\"Ingritech - sklep z materia\u0142ami eksploatacyjnymi i surowcami dla przemys\u0142u\",\"url\":\"https:\/\/ingritech.pl\/de\/\",\"logo\":{\"@type\":\"ImageObject\",\"inLanguage\":\"de\",\"@id\":\"https:\/\/ingritech.pl\/de\/#\/schema\/logo\/image\/\",\"url\":\"https:\/\/ingritech.pl\/wp-content\/uploads\/2025\/01\/ingretech-logo.webp\",\"contentUrl\":\"https:\/\/ingritech.pl\/wp-content\/uploads\/2025\/01\/ingretech-logo.webp\",\"width\":1280,\"height\":182,\"caption\":\"Ingritech\"},\"image\":{\"@id\":\"https:\/\/ingritech.pl\/de\/#\/schema\/logo\/image\/\"},\"sameAs\":[\"https:\/\/wa.me\/+48453077323\"]}]}<\/script>\n<!-- \/ Yoast SEO plugin. -->","yoast_head_json":{"title":"Gussstahl-Strahlmittel mit scharfen Kanten, GL 16, 18, 25, 40, 50 (SAE J444) kup w Polsce, dostawa w Europie - INGRITECH","description":"Kup Gussstahl-Strahlmittel mit scharfen Kanten, GL 16, 18, 25, 40, 50 (SAE J444) w Polsce \ud83d\ude9aw ca\u0142ej Europie \u2705 Dokumentacja techniczna i certyfikaty \u2705 Korzystne ceny \u2705 Gwarancja.","robots":{"index":"index","follow":"follow","max-snippet":"max-snippet:-1","max-image-preview":"max-image-preview:large","max-video-preview":"max-video-preview:-1"},"canonical":"https:\/\/ingritech.pl\/de\/product\/gussstahl-strahlmittel-mit-scharfen-kanten-gl-16-18-25-40-50-sae-j444\/","og_locale":"de_DE","og_type":"article","og_title":"Gussstahl-Strahlmittel mit scharfen Kanten, GL 16, 18, 25, 40, 50 (SAE J444) kup w Polsce, dostawa w Europie - INGRITECH","og_description":"Kup Gussstahl-Strahlmittel mit scharfen Kanten, GL 16, 18, 25, 40, 50 (SAE J444) w Polsce \ud83d\ude9aw ca\u0142ej Europie \u2705 Dokumentacja techniczna i certyfikaty \u2705 Korzystne ceny \u2705 Gwarancja.","og_url":"https:\/\/ingritech.pl\/de\/product\/gussstahl-strahlmittel-mit-scharfen-kanten-gl-16-18-25-40-50-sae-j444\/","og_site_name":"INGRITECH","article_modified_time":"2026-04-18T07:33:21+00:00","og_image":[{"width":1024,"height":1024,"url":"https:\/\/ingritech.pl\/wp-content\/uploads\/2025\/01\/Srut-staliwny-lamany-GL-16\u201350-\u2013-ostrokrawedziowe-scierniwo-SAE-J444-1.webp","type":"image\/webp"}],"twitter_card":"summary_large_image","twitter_misc":{"Gesch\u00e4tzte Lesezeit":"1\u00a0Minute"},"schema":{"@context":"https:\/\/schema.org","@graph":[{"@type":"WebPage","@id":"https:\/\/ingritech.pl\/de\/product\/gussstahl-strahlmittel-mit-scharfen-kanten-gl-16-18-25-40-50-sae-j444\/","url":"https:\/\/ingritech.pl\/de\/product\/gussstahl-strahlmittel-mit-scharfen-kanten-gl-16-18-25-40-50-sae-j444\/","name":"Gussstahl-Strahlmittel mit scharfen Kanten, GL 16, 18, 25, 40, 50 (SAE J444) kup w Polsce, dostawa w Europie - INGRITECH","isPartOf":{"@id":"https:\/\/ingritech.pl\/de\/#website"},"primaryImageOfPage":{"@id":"https:\/\/ingritech.pl\/de\/product\/gussstahl-strahlmittel-mit-scharfen-kanten-gl-16-18-25-40-50-sae-j444\/#primaryimage"},"image":{"@id":"https:\/\/ingritech.pl\/de\/product\/gussstahl-strahlmittel-mit-scharfen-kanten-gl-16-18-25-40-50-sae-j444\/#primaryimage"},"thumbnailUrl":"https:\/\/ingritech.pl\/wp-content\/uploads\/2025\/01\/Srut-staliwny-lamany-GL-16\u201350-\u2013-ostrokrawedziowe-scierniwo-SAE-J444-1.webp","datePublished":"2025-01-29T14:26:26+00:00","dateModified":"2026-04-18T07:33:21+00:00","description":"Kup Gussstahl-Strahlmittel mit scharfen Kanten, GL 16, 18, 25, 40, 50 (SAE J444) w Polsce \ud83d\ude9aw ca\u0142ej Europie \u2705 Dokumentacja techniczna i certyfikaty \u2705 Korzystne ceny \u2705 Gwarancja.","breadcrumb":{"@id":"https:\/\/ingritech.pl\/de\/product\/gussstahl-strahlmittel-mit-scharfen-kanten-gl-16-18-25-40-50-sae-j444\/#breadcrumb"},"inLanguage":"de","potentialAction":[{"@type":"ReadAction","target":["https:\/\/ingritech.pl\/de\/product\/gussstahl-strahlmittel-mit-scharfen-kanten-gl-16-18-25-40-50-sae-j444\/"]}]},{"@type":"ImageObject","inLanguage":"de","@id":"https:\/\/ingritech.pl\/de\/product\/gussstahl-strahlmittel-mit-scharfen-kanten-gl-16-18-25-40-50-sae-j444\/#primaryimage","url":"https:\/\/ingritech.pl\/wp-content\/uploads\/2025\/01\/Srut-staliwny-lamany-GL-16\u201350-\u2013-ostrokrawedziowe-scierniwo-SAE-J444-1.webp","contentUrl":"https:\/\/ingritech.pl\/wp-content\/uploads\/2025\/01\/Srut-staliwny-lamany-GL-16\u201350-\u2013-ostrokrawedziowe-scierniwo-SAE-J444-1.webp","width":1024,"height":1024,"caption":"Gebrochenes Stahlgussgranulat GL 16, 18, 25, 40, 50 \u2013 scharfkantiges Strahlmittel f\u00fcr die intensive Reinigung und Oberfl\u00e4chenvorbereitung gem\u00e4\u00df der Norm SAE J444"},{"@type":"BreadcrumbList","@id":"https:\/\/ingritech.pl\/de\/product\/gussstahl-strahlmittel-mit-scharfen-kanten-gl-16-18-25-40-50-sae-j444\/#breadcrumb","itemListElement":[{"@type":"ListItem","position":1,"name":"Strona g\u0142\u00f3wna","item":"https:\/\/ingritech.pl\/de\/"},{"@type":"ListItem","position":2,"name":"Katalog produkt\u00f3w","item":"https:\/\/ingritech.pl\/katalog\/"},{"@type":"ListItem","position":3,"name":"Gussstahl-Strahlmittel mit scharfen Kanten, GL 16, 18, 25, 40, 50 (SAE J444)"}]},{"@type":"WebSite","@id":"https:\/\/ingritech.pl\/de\/#website","url":"https:\/\/ingritech.pl\/de\/","name":"Ingritech","description":"SUPPLIES AND RAW MATERIALS FOR INDUSTRY","publisher":{"@id":"https:\/\/ingritech.pl\/de\/#organization"},"alternateName":"Ingritech - SUPPLIES AND RAW MATERIALS FOR INDUSTRY","potentialAction":[{"@type":"SearchAction","target":{"@type":"EntryPoint","urlTemplate":"https:\/\/ingritech.pl\/de\/?s={search_term_string}"},"query-input":{"@type":"PropertyValueSpecification","valueRequired":true,"valueName":"search_term_string"}}],"inLanguage":"de"},{"@type":"Organization","@id":"https:\/\/ingritech.pl\/de\/#organization","name":"Ingritech","alternateName":"Ingritech - sklep z materia\u0142ami eksploatacyjnymi i surowcami dla przemys\u0142u","url":"https:\/\/ingritech.pl\/de\/","logo":{"@type":"ImageObject","inLanguage":"de","@id":"https:\/\/ingritech.pl\/de\/#\/schema\/logo\/image\/","url":"https:\/\/ingritech.pl\/wp-content\/uploads\/2025\/01\/ingretech-logo.webp","contentUrl":"https:\/\/ingritech.pl\/wp-content\/uploads\/2025\/01\/ingretech-logo.webp","width":1280,"height":182,"caption":"Ingritech"},"image":{"@id":"https:\/\/ingritech.pl\/de\/#\/schema\/logo\/image\/"},"sameAs":["https:\/\/wa.me\/+48453077323"]}]}},"_links":{"self":[{"href":"https:\/\/ingritech.pl\/de\/wp-json\/wp\/v2\/product\/12540","targetHints":{"allow":["GET"]}}],"collection":[{"href":"https:\/\/ingritech.pl\/de\/wp-json\/wp\/v2\/product"}],"about":[{"href":"https:\/\/ingritech.pl\/de\/wp-json\/wp\/v2\/types\/product"}],"wp:featuredmedia":[{"embeddable":true,"href":"https:\/\/ingritech.pl\/de\/wp-json\/wp\/v2\/media\/12541"}],"wp:attachment":[{"href":"https:\/\/ingritech.pl\/de\/wp-json\/wp\/v2\/media?parent=12540"}],"wp:term":[{"taxonomy":"product_brand","embeddable":true,"href":"https:\/\/ingritech.pl\/de\/wp-json\/wp\/v2\/product_brand?post=12540"},{"taxonomy":"product_cat","embeddable":true,"href":"https:\/\/ingritech.pl\/de\/wp-json\/wp\/v2\/product_cat?post=12540"},{"taxonomy":"product_tag","embeddable":true,"href":"https:\/\/ingritech.pl\/de\/wp-json\/wp\/v2\/product_tag?post=12540"}],"curies":[{"name":"wp","href":"https:\/\/api.w.org\/{rel}","templated":true}]}}