{"id":12738,"date":"2025-01-30T12:51:58","date_gmt":"2025-01-30T11:51:58","guid":{"rendered":"https:\/\/ingritech.pl\/product\/schwarzes-siliziumkarbid-karborund-sic\/"},"modified":"2026-04-19T13:28:05","modified_gmt":"2026-04-19T11:28:05","slug":"schwarzes-siliziumkarbid-karborund-sic","status":"publish","type":"product","link":"https:\/\/ingritech.pl\/de\/product\/schwarzes-siliziumkarbid-karborund-sic\/","title":{"rendered":"Schwarzes Siliziumkarbid (Karborund), SiC"},"content":{"rendered":"<p>&nbsp;<\/p>\n<p><b>PHYSIKALISCHE UND CHEMISCHE EIGENSCHAFTEN<\/b><\/p>\n<ul>\n<li><span style=\"font-weight: 400;\">\u00a0<\/span><b>K\u00f6rnigkeit:<\/b><span style=\"font-weight: 400;\"> F12-F1200, P12-P2500, <\/span><span style=\"font-weight: 400;\">F14-F220, P16-P180<\/span><\/li>\n<li><span style=\"font-weight: 400;\">\u00a0<\/span><b>Massenanteil an magnetischem Material: <\/b><span style=\"font-weight: 400;\">nicht mehr als <\/span><b>0,3%<\/b><\/li>\n<li><span style=\"font-weight: 400;\">\u00a0<\/span><b>Sch\u00fcttdichte:<\/b><span style=\"font-weight: 400;\"> 1,2-1,6 g\/cm\u00b3<\/span><\/li>\n<li><span style=\"font-weight: 400;\">\u00a0<\/span><b>Richtige Dichte:<\/b><span style=\"font-weight: 400;\"> \u22653,10 g\/cm\u00b3<\/span><\/li>\n<li><span style=\"font-weight: 400;\">\u00a0<\/span><b>Hauptkristallphase:<\/b><span style=\"font-weight: 400;\"> \u03b1-SiC<\/span><\/li>\n<li><span style=\"font-weight: 400;\">\u00a0<\/span><b>Farbe des Kristalls:<\/b><span style=\"font-weight: 400;\"> Schwarz oder gr\u00fcn<\/span><\/li>\n<li><span style=\"font-weight: 400;\">\u00a0<\/span><b>H\u00e4rte nach der Mohs-Skala:<\/b> <b>\u2265<\/b><span style=\"font-weight: 400;\">9,2<\/span><\/li>\n<li><span style=\"font-weight: 400;\">\u00a0<\/span><b>Mikroh\u00e4rte:<\/b><span style=\"font-weight: 400;\"> HV2500-3200<\/span><\/li>\n<li><span style=\"font-weight: 400;\">\u00a0<\/span><b>Schleiff\u00e4higkeit:<\/b><span style=\"font-weight: 400;\"> \u22650,12<\/span><\/li>\n<li><span style=\"font-weight: 400;\">\u00a0<\/span><b>Schemische Zusammensetzung:<\/b>\n<ul>\n<li style=\"font-weight: 400;\" aria-level=\"1\"><b>SiC: \u2265 93,0\u201398,0%<\/b><\/li>\n<li aria-level=\"1\"><b>Fe: \u2264 0,2\u20131,5%<\/b><\/li>\n<li aria-level=\"1\"><b>C: \u2264 0,3\u20130,6%<\/b><\/li>\n<\/ul>\n<\/li>\n<\/ul>\n<ul>\n<li><span style=\"font-weight: 400;\">\u00a0<\/span><b><b>Abtragungs- und Schleifleistung:<\/b><\/b><br \/>\n<table>\n<tbody>\n<tr>\n<td><b>Parameter<\/b><\/td>\n<td><b>K\u00f6rnigkeit<\/b><\/td>\n<td><b>Wert<\/b><\/td>\n<\/tr>\n<tr>\n<td rowspan=\"4\"><span style=\"font-weight: 400;\">Zerst\u00f6rungsleistung, % nicht mehr als<\/span><\/td>\n<td><span style=\"font-weight: 400;\">F14-F30<\/span><\/td>\n<td><span style=\"font-weight: 400;\">75 %<\/span><\/td>\n<\/tr>\n<tr>\n<td><span style=\"font-weight: 400;\">P16-P30<\/span><\/td>\n<td><span style=\"font-weight: 400;\">75 %<\/span><\/td>\n<\/tr>\n<tr>\n<td><span style=\"font-weight: 400;\">F36-F80<\/span><\/td>\n<td><span style=\"font-weight: 400;\">47 %<\/span><\/td>\n<\/tr>\n<tr>\n<td><span style=\"font-weight: 400;\">P36-F80<\/span><\/td>\n<td><span style=\"font-weight: 400;\">47 %<\/span><\/td>\n<\/tr>\n<tr>\n<td rowspan=\"3\"><span style=\"font-weight: 400;\">Schleifleistung, g, mindestens<\/span><\/td>\n<td><span style=\"font-weight: 400;\">F90-F150<\/span><\/td>\n<td><span style=\"font-weight: 400;\">0,08 g<\/span><\/td>\n<\/tr>\n<tr>\n<td><span style=\"font-weight: 400;\">P100-P180<\/span><\/td>\n<td><span style=\"font-weight: 400;\">0,08 g<\/span><\/td>\n<\/tr>\n<tr>\n<td><span style=\"font-weight: 400;\">P100-P180<\/span><\/td>\n<td><span style=\"font-weight: 400;\">0,07 g<\/span><\/td>\n<\/tr>\n<\/tbody>\n<\/table>\n<h5><em>Abrasionsleistung (%)<span style=\"font-weight: 400;\"> \u2013 gibt an, wie schnell und intensiv das Material die zu bearbeitende Oberfl\u00e4che abtr\u00e4gt. Je h\u00f6her der Wert, desto h\u00f6her die Schleifleistung.<\/span><\/em><\/h5>\n<h5><em>Schleifleistung (g, mindestens)<span style=\"font-weight: 400;\"> \u2013 gibt die Menge des in einer bestimmten Zeit abgetragenen Materials an. Ein h\u00f6herer Wert bedeutet eine h\u00f6here Schleifleistung<\/span><\/em><\/h5>\n<\/li>\n<li>\u00a0<b>Schnittkraft<\/b><b>:<\/b><br \/>\n<table>\n<tbody>\n<tr>\n<td><b>K\u00f6rner<\/b><\/td>\n<td><b>g\/min<\/b><\/td>\n<td><b>K\u00f6rner<\/b><\/td>\n<td><b>g\/min<\/b><\/td>\n<\/tr>\n<tr>\n<td>F230<\/td>\n<td>0,074<\/td>\n<td>P240<\/td>\n<td>0,076<\/td>\n<\/tr>\n<tr>\n<td>F240<\/td>\n<td>0,068<\/td>\n<td>P280<\/td>\n<td>0,074<\/td>\n<\/tr>\n<tr>\n<td>F280<\/td>\n<td>0,062<\/td>\n<td>P320<\/td>\n<td>0,072<\/td>\n<\/tr>\n<tr>\n<td>F320<\/td>\n<td>0,055<\/td>\n<td>P360<\/td>\n<td>0,07<\/td>\n<\/tr>\n<tr>\n<td>F360<\/td>\n<td>0,047<\/td>\n<td>P400<\/td>\n<td>0,068<\/td>\n<\/tr>\n<tr>\n<td>F400<\/td>\n<td>0,04<\/td>\n<td>P500<\/td>\n<td>0,058<\/td>\n<\/tr>\n<tr>\n<td>F500<\/td>\n<td>0,037<\/td>\n<td>P600<\/td>\n<td>0,05<\/td>\n<\/tr>\n<tr>\n<td>F600<\/td>\n<td>0,02<\/td>\n<td>P800<\/td>\n<td>0,04<\/td>\n<\/tr>\n<tr>\n<td>F800<\/td>\n<td>0,015<\/td>\n<td>P1000<\/td>\n<td>0,037<\/td>\n<\/tr>\n<tr>\n<td>F1000<\/td>\n<td>0,014<\/td>\n<td>P1200<\/td>\n<td>0,022<\/td>\n<\/tr>\n<tr>\n<td>F1200<\/td>\n<td>0,007<\/td>\n<td>P1500-P2500<\/td>\n<td>0,015<\/td>\n<\/tr>\n<\/tbody>\n<\/table>\n<\/li>\n<\/ul>\n","protected":false},"excerpt":{"rendered":"<p><b>\u00a0 Marke<\/b><strong> 54C K\u00f6rnung:<\/strong><span style=\"font-weight: 400;\"> F12-F1200, P12-P2500 ;<\/span><\/p>\n<p><span style=\"font-weight: 400;\"><b>\u00a0 Marke<\/b> <\/span><strong>53C K\u00f6rnigkeit:<\/strong><span style=\"font-weight: 400;\"> F14-F220, P16-P180<\/span><\/p>\n<p><b>\u2611 <\/b><b>Certyfikat &#8211; <\/b><b>Verband der Siliziumkarbid-Hersteller<\/b><\/p>\n<p><b>\u2611 <\/b><b>Zertifikat &#8211; EN ISO 9001:2015<\/b><\/p>\n<ul>\n<li><b>\u00a0Hersteller: PJSC \u201eZaporozhabrasiv\u201c<\/b><b>, Ukraine<\/b><\/li>\n<li><b>\u00a0Verpackung:<\/b><span style=\"font-weight: 400;\"> 25-kg-Polyethylen-S\u00e4cke, verpackt in Kartons auf einer 1000-kg-Palette, oder Big-Bags auf einer 1000-kg-Palette.<\/span><\/li>\n<li><b>\u00a0<\/b><b><i>\u00a0<\/i><\/b><b><i>Anwendung: <\/i><\/b><i><span style=\"font-weight: 400;\">Siliziumkarbid wird aufgrund seiner H\u00e4rte und Verschlei\u00dffestigkeit h\u00e4ufig bei der Herstellung von Schleifmitteln und Schneidwerkzeugen eingesetzt. Aufgrund seiner hervorragenden W\u00e4rmeleitf\u00e4higkeit und Hitzebest\u00e4ndigkeit findet es auch in der Halbleiterindustrie und Elektronik Anwendung.<\/span><\/i><\/li>\n<li><span style=\"font-weight: 400;\">Die Anlage ist in der Lage, Fraktionen mit einer bestimmten Korngr\u00f6\u00dfenverteilung herzustellen <\/span><b>0-20 mm 88% <\/b><b>SiC; <\/b><b>0-400 mm <\/b><b>88% <\/b><b>SiC<\/b><\/li>\n<\/ul>\n","protected":false},"featured_media":12741,"template":"","meta":[],"product_brand":[],"product_cat":[1168,692],"product_tag":[693,1169],"class_list":{"0":"post-12738","1":"product","2":"type-product","3":"status-publish","4":"has-post-thumbnail","6":"product_cat-mineralische-schleifmittel","7":"product_cat-schleifmittel","8":"product_tag-schleifmittel","9":"product_tag-schwarzes-siliziumkarbid","11":"first","12":"instock","13":"shipping-taxable","14":"product-type-simple"},"yoast_head":"<!-- This site is optimized with the Yoast SEO plugin v24.3 - https:\/\/yoast.com\/wordpress\/plugins\/seo\/ -->\n<title>Schwarzes Siliziumkarbid (Karborund), SiC kup w Polsce, dostawa w Europie - INGRITECH<\/title>\n<meta name=\"description\" content=\"Kup Schwarzes Siliziumkarbid (Karborund), SiC w Polsce \ud83d\ude9aw ca\u0142ej Europie \u2705 Dokumentacja techniczna i certyfikaty \u2705 Korzystne ceny \u2705 Gwarancja.\" \/>\n<meta name=\"robots\" content=\"index, follow, max-snippet:-1, max-image-preview:large, max-video-preview:-1\" \/>\n<link rel=\"canonical\" href=\"https:\/\/ingritech.pl\/de\/product\/schwarzes-siliziumkarbid-karborund-sic\/\" \/>\n<meta property=\"og:locale\" content=\"de_DE\" \/>\n<meta property=\"og:type\" content=\"article\" \/>\n<meta property=\"og:title\" content=\"Schwarzes Siliziumkarbid (Karborund), SiC kup w Polsce, dostawa w Europie - INGRITECH\" \/>\n<meta property=\"og:description\" content=\"Kup Schwarzes Siliziumkarbid (Karborund), SiC w Polsce \ud83d\ude9aw ca\u0142ej Europie \u2705 Dokumentacja techniczna i certyfikaty \u2705 Korzystne ceny \u2705 Gwarancja.\" \/>\n<meta property=\"og:url\" content=\"https:\/\/ingritech.pl\/de\/product\/schwarzes-siliziumkarbid-karborund-sic\/\" \/>\n<meta property=\"og:site_name\" content=\"INGRITECH\" \/>\n<meta property=\"article:modified_time\" content=\"2026-04-19T11:28:05+00:00\" \/>\n<meta property=\"og:image\" content=\"https:\/\/ingritech.pl\/wp-content\/uploads\/2025\/01\/weglik-krzemu-czarny-karborund-sic.webp\" \/>\n\t<meta property=\"og:image:width\" content=\"1024\" \/>\n\t<meta property=\"og:image:height\" content=\"1024\" \/>\n\t<meta property=\"og:image:type\" content=\"image\/webp\" \/>\n<meta name=\"twitter:card\" content=\"summary_large_image\" \/>\n<meta name=\"twitter:label1\" content=\"Gesch\u00e4tzte Lesezeit\" \/>\n\t<meta name=\"twitter:data1\" content=\"1\u00a0Minute\" \/>\n<script type=\"application\/ld+json\" class=\"yoast-schema-graph\">{\"@context\":\"https:\/\/schema.org\",\"@graph\":[{\"@type\":\"WebPage\",\"@id\":\"https:\/\/ingritech.pl\/de\/product\/schwarzes-siliziumkarbid-karborund-sic\/\",\"url\":\"https:\/\/ingritech.pl\/de\/product\/schwarzes-siliziumkarbid-karborund-sic\/\",\"name\":\"Schwarzes Siliziumkarbid (Karborund), SiC kup w Polsce, dostawa w Europie - INGRITECH\",\"isPartOf\":{\"@id\":\"https:\/\/ingritech.pl\/de\/#website\"},\"primaryImageOfPage\":{\"@id\":\"https:\/\/ingritech.pl\/de\/product\/schwarzes-siliziumkarbid-karborund-sic\/#primaryimage\"},\"image\":{\"@id\":\"https:\/\/ingritech.pl\/de\/product\/schwarzes-siliziumkarbid-karborund-sic\/#primaryimage\"},\"thumbnailUrl\":\"https:\/\/ingritech.pl\/wp-content\/uploads\/2025\/01\/weglik-krzemu-czarny-karborund-sic.webp\",\"datePublished\":\"2025-01-30T11:51:58+00:00\",\"dateModified\":\"2026-04-19T11:28:05+00:00\",\"description\":\"Kup Schwarzes Siliziumkarbid (Karborund), SiC w Polsce \ud83d\ude9aw ca\u0142ej Europie \u2705 Dokumentacja techniczna i certyfikaty \u2705 Korzystne ceny \u2705 Gwarancja.\",\"breadcrumb\":{\"@id\":\"https:\/\/ingritech.pl\/de\/product\/schwarzes-siliziumkarbid-karborund-sic\/#breadcrumb\"},\"inLanguage\":\"de\",\"potentialAction\":[{\"@type\":\"ReadAction\",\"target\":[\"https:\/\/ingritech.pl\/de\/product\/schwarzes-siliziumkarbid-karborund-sic\/\"]}]},{\"@type\":\"ImageObject\",\"inLanguage\":\"de\",\"@id\":\"https:\/\/ingritech.pl\/de\/product\/schwarzes-siliziumkarbid-karborund-sic\/#primaryimage\",\"url\":\"https:\/\/ingritech.pl\/wp-content\/uploads\/2025\/01\/weglik-krzemu-czarny-karborund-sic.webp\",\"contentUrl\":\"https:\/\/ingritech.pl\/wp-content\/uploads\/2025\/01\/weglik-krzemu-czarny-karborund-sic.webp\",\"width\":1024,\"height\":1024,\"caption\":\"Schwarzes Siliziumkarbid (Karborund) SiC \u2013 langlebiges industrielles Schleifmittel\"},{\"@type\":\"BreadcrumbList\",\"@id\":\"https:\/\/ingritech.pl\/de\/product\/schwarzes-siliziumkarbid-karborund-sic\/#breadcrumb\",\"itemListElement\":[{\"@type\":\"ListItem\",\"position\":1,\"name\":\"Strona g\u0142\u00f3wna\",\"item\":\"https:\/\/ingritech.pl\/de\/\"},{\"@type\":\"ListItem\",\"position\":2,\"name\":\"Produktkatalog\",\"item\":\"https:\/\/ingritech.pl\/katalog\/\"},{\"@type\":\"ListItem\",\"position\":3,\"name\":\"Schwarzes Siliziumkarbid (Karborund), SiC\"}]},{\"@type\":\"WebSite\",\"@id\":\"https:\/\/ingritech.pl\/de\/#website\",\"url\":\"https:\/\/ingritech.pl\/de\/\",\"name\":\"Ingritech\",\"description\":\"SUPPLIES AND RAW MATERIALS FOR INDUSTRY\",\"publisher\":{\"@id\":\"https:\/\/ingritech.pl\/de\/#organization\"},\"alternateName\":\"Ingritech - SUPPLIES AND RAW MATERIALS FOR INDUSTRY\",\"potentialAction\":[{\"@type\":\"SearchAction\",\"target\":{\"@type\":\"EntryPoint\",\"urlTemplate\":\"https:\/\/ingritech.pl\/de\/?s={search_term_string}\"},\"query-input\":{\"@type\":\"PropertyValueSpecification\",\"valueRequired\":true,\"valueName\":\"search_term_string\"}}],\"inLanguage\":\"de\"},{\"@type\":\"Organization\",\"@id\":\"https:\/\/ingritech.pl\/de\/#organization\",\"name\":\"Ingritech\",\"alternateName\":\"Ingritech - sklep z materia\u0142ami eksploatacyjnymi i surowcami dla przemys\u0142u\",\"url\":\"https:\/\/ingritech.pl\/de\/\",\"logo\":{\"@type\":\"ImageObject\",\"inLanguage\":\"de\",\"@id\":\"https:\/\/ingritech.pl\/de\/#\/schema\/logo\/image\/\",\"url\":\"https:\/\/ingritech.pl\/wp-content\/uploads\/2025\/01\/ingretech-logo.webp\",\"contentUrl\":\"https:\/\/ingritech.pl\/wp-content\/uploads\/2025\/01\/ingretech-logo.webp\",\"width\":1280,\"height\":182,\"caption\":\"Ingritech\"},\"image\":{\"@id\":\"https:\/\/ingritech.pl\/de\/#\/schema\/logo\/image\/\"},\"sameAs\":[\"https:\/\/wa.me\/+48453077323\"]}]}<\/script>\n<!-- \/ Yoast SEO plugin. -->","yoast_head_json":{"title":"Schwarzes Siliziumkarbid (Karborund), SiC kup w Polsce, dostawa w Europie - INGRITECH","description":"Kup Schwarzes Siliziumkarbid (Karborund), SiC w Polsce \ud83d\ude9aw ca\u0142ej Europie \u2705 Dokumentacja techniczna i certyfikaty \u2705 Korzystne ceny \u2705 Gwarancja.","robots":{"index":"index","follow":"follow","max-snippet":"max-snippet:-1","max-image-preview":"max-image-preview:large","max-video-preview":"max-video-preview:-1"},"canonical":"https:\/\/ingritech.pl\/de\/product\/schwarzes-siliziumkarbid-karborund-sic\/","og_locale":"de_DE","og_type":"article","og_title":"Schwarzes Siliziumkarbid (Karborund), SiC kup w Polsce, dostawa w Europie - INGRITECH","og_description":"Kup Schwarzes Siliziumkarbid (Karborund), SiC w Polsce \ud83d\ude9aw ca\u0142ej Europie \u2705 Dokumentacja techniczna i certyfikaty \u2705 Korzystne ceny \u2705 Gwarancja.","og_url":"https:\/\/ingritech.pl\/de\/product\/schwarzes-siliziumkarbid-karborund-sic\/","og_site_name":"INGRITECH","article_modified_time":"2026-04-19T11:28:05+00:00","og_image":[{"width":1024,"height":1024,"url":"https:\/\/ingritech.pl\/wp-content\/uploads\/2025\/01\/weglik-krzemu-czarny-karborund-sic.webp","type":"image\/webp"}],"twitter_card":"summary_large_image","twitter_misc":{"Gesch\u00e4tzte Lesezeit":"1\u00a0Minute"},"schema":{"@context":"https:\/\/schema.org","@graph":[{"@type":"WebPage","@id":"https:\/\/ingritech.pl\/de\/product\/schwarzes-siliziumkarbid-karborund-sic\/","url":"https:\/\/ingritech.pl\/de\/product\/schwarzes-siliziumkarbid-karborund-sic\/","name":"Schwarzes Siliziumkarbid (Karborund), SiC kup w Polsce, dostawa w Europie - INGRITECH","isPartOf":{"@id":"https:\/\/ingritech.pl\/de\/#website"},"primaryImageOfPage":{"@id":"https:\/\/ingritech.pl\/de\/product\/schwarzes-siliziumkarbid-karborund-sic\/#primaryimage"},"image":{"@id":"https:\/\/ingritech.pl\/de\/product\/schwarzes-siliziumkarbid-karborund-sic\/#primaryimage"},"thumbnailUrl":"https:\/\/ingritech.pl\/wp-content\/uploads\/2025\/01\/weglik-krzemu-czarny-karborund-sic.webp","datePublished":"2025-01-30T11:51:58+00:00","dateModified":"2026-04-19T11:28:05+00:00","description":"Kup Schwarzes Siliziumkarbid (Karborund), SiC w Polsce \ud83d\ude9aw ca\u0142ej Europie \u2705 Dokumentacja techniczna i certyfikaty \u2705 Korzystne ceny \u2705 Gwarancja.","breadcrumb":{"@id":"https:\/\/ingritech.pl\/de\/product\/schwarzes-siliziumkarbid-karborund-sic\/#breadcrumb"},"inLanguage":"de","potentialAction":[{"@type":"ReadAction","target":["https:\/\/ingritech.pl\/de\/product\/schwarzes-siliziumkarbid-karborund-sic\/"]}]},{"@type":"ImageObject","inLanguage":"de","@id":"https:\/\/ingritech.pl\/de\/product\/schwarzes-siliziumkarbid-karborund-sic\/#primaryimage","url":"https:\/\/ingritech.pl\/wp-content\/uploads\/2025\/01\/weglik-krzemu-czarny-karborund-sic.webp","contentUrl":"https:\/\/ingritech.pl\/wp-content\/uploads\/2025\/01\/weglik-krzemu-czarny-karborund-sic.webp","width":1024,"height":1024,"caption":"Schwarzes Siliziumkarbid (Karborund) SiC \u2013 langlebiges industrielles Schleifmittel"},{"@type":"BreadcrumbList","@id":"https:\/\/ingritech.pl\/de\/product\/schwarzes-siliziumkarbid-karborund-sic\/#breadcrumb","itemListElement":[{"@type":"ListItem","position":1,"name":"Strona g\u0142\u00f3wna","item":"https:\/\/ingritech.pl\/de\/"},{"@type":"ListItem","position":2,"name":"Produktkatalog","item":"https:\/\/ingritech.pl\/katalog\/"},{"@type":"ListItem","position":3,"name":"Schwarzes Siliziumkarbid (Karborund), SiC"}]},{"@type":"WebSite","@id":"https:\/\/ingritech.pl\/de\/#website","url":"https:\/\/ingritech.pl\/de\/","name":"Ingritech","description":"SUPPLIES AND RAW MATERIALS FOR INDUSTRY","publisher":{"@id":"https:\/\/ingritech.pl\/de\/#organization"},"alternateName":"Ingritech - SUPPLIES AND RAW MATERIALS FOR INDUSTRY","potentialAction":[{"@type":"SearchAction","target":{"@type":"EntryPoint","urlTemplate":"https:\/\/ingritech.pl\/de\/?s={search_term_string}"},"query-input":{"@type":"PropertyValueSpecification","valueRequired":true,"valueName":"search_term_string"}}],"inLanguage":"de"},{"@type":"Organization","@id":"https:\/\/ingritech.pl\/de\/#organization","name":"Ingritech","alternateName":"Ingritech - sklep z materia\u0142ami eksploatacyjnymi i surowcami dla przemys\u0142u","url":"https:\/\/ingritech.pl\/de\/","logo":{"@type":"ImageObject","inLanguage":"de","@id":"https:\/\/ingritech.pl\/de\/#\/schema\/logo\/image\/","url":"https:\/\/ingritech.pl\/wp-content\/uploads\/2025\/01\/ingretech-logo.webp","contentUrl":"https:\/\/ingritech.pl\/wp-content\/uploads\/2025\/01\/ingretech-logo.webp","width":1280,"height":182,"caption":"Ingritech"},"image":{"@id":"https:\/\/ingritech.pl\/de\/#\/schema\/logo\/image\/"},"sameAs":["https:\/\/wa.me\/+48453077323"]}]}},"_links":{"self":[{"href":"https:\/\/ingritech.pl\/de\/wp-json\/wp\/v2\/product\/12738","targetHints":{"allow":["GET"]}}],"collection":[{"href":"https:\/\/ingritech.pl\/de\/wp-json\/wp\/v2\/product"}],"about":[{"href":"https:\/\/ingritech.pl\/de\/wp-json\/wp\/v2\/types\/product"}],"wp:featuredmedia":[{"embeddable":true,"href":"https:\/\/ingritech.pl\/de\/wp-json\/wp\/v2\/media\/12741"}],"wp:attachment":[{"href":"https:\/\/ingritech.pl\/de\/wp-json\/wp\/v2\/media?parent=12738"}],"wp:term":[{"taxonomy":"product_brand","embeddable":true,"href":"https:\/\/ingritech.pl\/de\/wp-json\/wp\/v2\/product_brand?post=12738"},{"taxonomy":"product_cat","embeddable":true,"href":"https:\/\/ingritech.pl\/de\/wp-json\/wp\/v2\/product_cat?post=12738"},{"taxonomy":"product_tag","embeddable":true,"href":"https:\/\/ingritech.pl\/de\/wp-json\/wp\/v2\/product_tag?post=12738"}],"curies":[{"name":"wp","href":"https:\/\/api.w.org\/{rel}","templated":true}]}}