{"id":12759,"date":"2025-01-30T11:15:47","date_gmt":"2025-01-30T10:15:47","guid":{"rendered":"https:\/\/ingritech.pl\/product\/gewoehnliches-elektrokorund-braunes-aluminiumoxid-bfa\/"},"modified":"2026-04-20T08:54:13","modified_gmt":"2026-04-20T06:54:13","slug":"gewoehnliches-elektrokorund-braunes-aluminiumoxid-bfa","status":"publish","type":"product","link":"https:\/\/ingritech.pl\/de\/product\/gewoehnliches-elektrokorund-braunes-aluminiumoxid-bfa\/","title":{"rendered":"Gew\u00f6hnliches Elektrokorund \/ BRAUNES ALUMINIUMOXID (BFA)"},"content":{"rendered":"<p><strong>Braunes Aluminiumoxid (BFA)<\/strong> ist ein langlebiges und verschlei\u00dffestes Schleifmittel, das durch das Schmelzen von Bauxit in Lichtbogen\u00f6fen hergestellt wird. Dank seiner hohen H\u00e4rte (9 auf der Mohs-Skala) und seiner Abriebfestigkeit eignet es sich hervorragend f\u00fcr die Bearbeitung von Metallen, Glas, Keramik und anderen harten Materialien.<\/p>\n<p><strong>Die wichtigsten Vorteile:<\/strong><\/p>\n<p>\u25ef Hohe H\u00e4rte und Verschlei\u00dffestigkeit \u2013 effektives Schleifen und Reinigen von Oberfl\u00e4chen.<\/p>\n<p>\u25ef Stabile chemische Zusammensetzung \u2013 sicher in der Anwendung, frei von sch\u00e4dlichen Verunreinigungen.<\/p>\n<p>\u25ef Minimale Staubentwicklung \u2013 sorgt f\u00fcr einen sauberen Arbeitsplatz.<\/p>\n<p>\u25ef Vielseitige Anwendungsm\u00f6glichkeiten \u2013 geeignet f\u00fcr verschiedene mechanische Verfahren.<\/p>\n<p>\u25ef Hohe Temperaturbest\u00e4ndigkeit \u2013 Schmelztemperatur ca. 2200 \u00b0C. <\/p>\n<h3><strong>Physikalische und chemische Eigenschaften von braunem Aluminiumoxid (BFA):<\/strong><\/h3>\n<p>\u25ef <strong>Form:<\/strong> Feste, kantige Partikel<\/p>\n<p>\u25ef <strong>Farbe:<\/strong> Braun<\/p>\n<p> \u25ef <strong>Geruch:<\/strong> Keiner<\/p>\n<p>\u25ef <strong>Wasserl\u00f6slichkeit:<\/strong> Unl\u00f6slich<\/p>\n<p>\u25ef <strong>H\u00e4rte:<\/strong> 9,0 (Mohs-Skala)<\/p>\n<p>\u25ef <strong>Mikroh\u00e4rte:<\/strong> 1800 \u2013 2400 kgf\/mm\u00b2<\/p>\n<p>\u25ef <strong>Dichte:<\/strong> (ca.) 4 g\/cm\u00b3<\/p>\n<p>\u25ef <strong>Spezifisches Gewicht:<\/strong> (ca.) 4,6 g\/cm\u00b3<\/p>\n<p>\u25ef <strong>Schmelztemperatur:<\/strong> (ca.) 3722 \u00b0F | 2050 \u00b0C<\/p>\n<p>\u25ef <strong>Elastizit\u00e4tsmodul:<\/strong> 7,6 \u00d7 10\u00b9\u00b9 N\/m\u00b2<\/p>\n<p>\u25ef <strong>Chemische Zusammensetzung:<\/strong><\/p>\n<table dir=\"ltr\" style=\"height: 158px;\" border=\"1\" width=\"365\" cellspacing=\"0\" cellpadding=\"0\" data-sheets-root=\"1\" data-sheets-baot=\"1\">\n<colgroup>\n<col width=\"46\" \/>\n<col width=\"26\" \/>\n<col width=\"33\" \/>\n<col width=\"33\" \/>\n<col width=\"43\" \/><\/colgroup>\n<tbody>\n<tr>\n<td><strong>Al2O3<\/strong><\/td>\n<td>&#8211;<\/td>\n<td colspan=\"2\" rowspan=\"1\">88,0\u2013 99,0<\/td>\n<td>%<\/td>\n<\/tr>\n<tr>\n<td><strong>Fe2O3<\/strong><\/td>\n<td>&#8211;<\/td>\n<td colspan=\"2\" rowspan=\"1\">2,0 \u2013 3,0<\/td>\n<td>%<\/td>\n<\/tr>\n<tr>\n<td><strong>TiO2<\/strong><\/td>\n<td>&#8211;<\/td>\n<td colspan=\"2\" rowspan=\"1\">3,0 \u2013 5,0<\/td>\n<td>%<\/td>\n<\/tr>\n<tr>\n<td><strong>SiO2<\/strong><\/td>\n<td>&#8211;<\/td>\n<td colspan=\"2\" rowspan=\"1\">2,0 \u2013 3,0<\/td>\n<td>%<\/td>\n<\/tr>\n<tr>\n<td><strong>CaO<\/strong><\/td>\n<td>&#8211;<\/td>\n<td colspan=\"2\" rowspan=\"1\">0,6 \u2013 0,8<\/td>\n<td>%<\/td>\n<\/tr>\n<tr>\n<td><strong>MgO<\/strong><\/td>\n<td>&#8211;<\/td>\n<td colspan=\"2\" rowspan=\"1\">0,3 \u2013 0,5<\/td>\n<td>%<\/td>\n<\/tr>\n<tr>\n<td><strong>C<\/strong><\/td>\n<td>&#8211;<\/td>\n<td colspan=\"2\" rowspan=\"1\">0,3 \u2013 0,4<\/td>\n<td>%<\/td>\n<\/tr>\n<\/tbody>\n<\/table>\n<p>&nbsp;<\/p>\n<table dir=\"ltr\" style=\"height: 387px;\" border=\"1\" width=\"365\" cellspacing=\"0\" cellpadding=\"0\" data-sheets-root=\"1\" data-sheets-baot=\"1\">\n<colgroup>\n<col width=\"33\" \/>\n<col width=\"33\" \/>\n<col width=\"38\" \/>\n<col width=\"38\" \/>\n<col width=\"38\" \/>\n<col width=\"42\" \/><\/colgroup>\n<tbody>\n<tr>\n<td colspan=\"2\" rowspan=\"1\"><strong>FEPA (F)<\/strong><\/td>\n<td colspan=\"2\" rowspan=\"1\"><strong>Mesh Nr.<\/strong><\/td>\n<td colspan=\"2\" rowspan=\"1\"><strong>Gr\u00f6\u00dfe (mm)<\/strong><\/td>\n<\/tr>\n<tr>\n<td colspan=\"2\" rowspan=\"1\">F24<\/td>\n<td colspan=\"2\" rowspan=\"1\">20\u201340<\/td>\n<td colspan=\"2\" rowspan=\"1\">0.60\u20130.85<\/td>\n<\/tr>\n<tr>\n<td colspan=\"2\" rowspan=\"1\">F36<\/td>\n<td colspan=\"2\" rowspan=\"1\">30\u201350<\/td>\n<td colspan=\"2\" rowspan=\"1\">0.425\u20130.60<\/td>\n<\/tr>\n<tr>\n<td colspan=\"2\" rowspan=\"1\">F46<\/td>\n<td colspan=\"2\" rowspan=\"1\">36\u201354<\/td>\n<td colspan=\"2\" rowspan=\"1\">0.30\u20130.425<\/td>\n<\/tr>\n<tr>\n<td colspan=\"2\" rowspan=\"1\">F60<\/td>\n<td colspan=\"2\" rowspan=\"1\">45\u201360<\/td>\n<td colspan=\"2\" rowspan=\"1\">0.212\u20130.30<\/td>\n<\/tr>\n<tr>\n<td colspan=\"2\" rowspan=\"1\">F80<\/td>\n<td colspan=\"2\" rowspan=\"1\">54\u201370<\/td>\n<td colspan=\"2\" rowspan=\"1\">0.18\u20130.212<\/td>\n<\/tr>\n<tr>\n<td colspan=\"2\" rowspan=\"1\">F100<\/td>\n<td colspan=\"2\" rowspan=\"1\">70\u2013100<\/td>\n<td colspan=\"2\" rowspan=\"1\">0.15\u20130.18<\/td>\n<\/tr>\n<tr>\n<td colspan=\"2\" rowspan=\"1\">F120<\/td>\n<td colspan=\"2\" rowspan=\"1\">80\u2013120<\/td>\n<td colspan=\"2\" rowspan=\"1\">0.125\u20130.15<\/td>\n<\/tr>\n<tr>\n<td colspan=\"2\" rowspan=\"1\">F150<\/td>\n<td colspan=\"2\" rowspan=\"1\">100\u2013140<\/td>\n<td colspan=\"2\" rowspan=\"1\">0.106\u20130.125<\/td>\n<\/tr>\n<tr>\n<td colspan=\"2\" rowspan=\"1\">F180<\/td>\n<td colspan=\"2\" rowspan=\"1\">120\u2013140<\/td>\n<td colspan=\"2\" rowspan=\"1\">0.09\u20130.106<\/td>\n<\/tr>\n<tr>\n<td colspan=\"2\" rowspan=\"1\">F220<\/td>\n<td colspan=\"2\" rowspan=\"1\">140\u2013170<\/td>\n<td colspan=\"2\" rowspan=\"1\">0.063\u20130.09<\/td>\n<\/tr>\n<\/tbody>\n<\/table>\n<p>&nbsp;<\/p>\n","protected":false},"excerpt":{"rendered":"<ul>\n<li><strong>Typen: <\/strong>(BFA) F24, F36, F46, F60, F80, F100, F120, F180, F220<\/li>\n<li><strong>Anwendungsbereiche:<\/strong> Strahlbearbeitung von Metallen (Sandstrahlen, Kugelstrahlen), Herstellung von Schleifscheiben, Schleifpapier und Werkzeugen, Bearbeitung von Glas, Keramik und Stein, Gie\u00dfereiwesen (feuerfeste Materialien), rutschfeste Beschichtungen.<\/li>\n<li><strong>Lagerung und Transport: <\/strong>Das Material sollte unter trockenen Bedingungen gelagert und vor Feuchtigkeit gesch\u00fctzt werden. Erh\u00e4ltlich in S\u00e4cken, Big Bags und auf Paletten.<\/li>\n<\/ul>\n<p style=\"text-align: right;\"><a href=\"https:\/\/ingritech.pl\/wp-content\/uploads\/2025\/01\/MATERIAL-SAFETY-DATA-SHEET-BROWN-ALUMINIUM-OXIDE-BFA.pdf\" target=\"_blank\" rel=\"noopener\"><img loading=\"lazy\" decoding=\"async\" class=\"alignnone wp-image-9409\" src=\"https:\/\/ingritech.pl\/wp-content\/uploads\/2025\/01\/PDF-300x300.png\" alt=\"Technische Dokumentation als PDF herunterladen\" width=\"50\" height=\"50\" srcset=\"https:\/\/ingritech.pl\/wp-content\/uploads\/2025\/01\/PDF-300x300.png 300w, https:\/\/ingritech.pl\/wp-content\/uploads\/2025\/01\/PDF-150x150.png 150w, https:\/\/ingritech.pl\/wp-content\/uploads\/2025\/01\/PDF-70x70.png 70w, https:\/\/ingritech.pl\/wp-content\/uploads\/2025\/01\/PDF-100x100.png 100w, https:\/\/ingritech.pl\/wp-content\/uploads\/2025\/01\/PDF-400x400.png 400w, https:\/\/ingritech.pl\/wp-content\/uploads\/2025\/01\/PDF-110x110.png 110w, https:\/\/ingritech.pl\/wp-content\/uploads\/2025\/01\/PDF-500x500.png 500w, https:\/\/ingritech.pl\/wp-content\/uploads\/2025\/01\/PDF.png 512w, https:\/\/ingritech.pl\/wp-content\/uploads\/2025\/01\/PDF-200x200.png 200w\" sizes=\"auto, (max-width: 50px) 100vw, 50px\" \/><\/a><\/p>\n","protected":false},"featured_media":12762,"template":"","meta":[],"product_brand":[],"product_cat":[1168,692],"product_tag":[1171,693],"class_list":{"0":"post-12759","1":"product","2":"type-product","3":"status-publish","4":"has-post-thumbnail","6":"product_cat-mineralische-schleifmittel","7":"product_cat-schleifmittel","8":"product_tag-elektrokorund-de","9":"product_tag-schleifmittel","11":"first","12":"instock","13":"shipping-taxable","14":"product-type-simple"},"yoast_head":"<!-- This site is optimized with the Yoast SEO plugin v24.3 - https:\/\/yoast.com\/wordpress\/plugins\/seo\/ -->\n<title>Gew\u00f6hnliches Elektrokorund \/ BRAUNES ALUMINIUMOXID (BFA) kup w Polsce, dostawa w Europie - INGRITECH<\/title>\n<meta name=\"description\" content=\"Kup Gew\u00f6hnliches Elektrokorund \/ BRAUNES ALUMINIUMOXID (BFA) w Polsce \ud83d\ude9aw ca\u0142ej Europie \u2705 Dokumentacja techniczna i certyfikaty \u2705 Korzystne ceny \u2705 Gwarancja.\" \/>\n<meta name=\"robots\" content=\"index, follow, max-snippet:-1, max-image-preview:large, max-video-preview:-1\" \/>\n<link rel=\"canonical\" href=\"https:\/\/ingritech.pl\/de\/product\/gewoehnliches-elektrokorund-braunes-aluminiumoxid-bfa\/\" \/>\n<meta property=\"og:locale\" content=\"de_DE\" \/>\n<meta property=\"og:type\" content=\"article\" \/>\n<meta property=\"og:title\" content=\"Gew\u00f6hnliches Elektrokorund \/ BRAUNES ALUMINIUMOXID (BFA) kup w Polsce, dostawa w Europie - INGRITECH\" \/>\n<meta property=\"og:description\" content=\"Kup Gew\u00f6hnliches Elektrokorund \/ BRAUNES ALUMINIUMOXID (BFA) w Polsce \ud83d\ude9aw ca\u0142ej Europie \u2705 Dokumentacja techniczna i certyfikaty \u2705 Korzystne ceny \u2705 Gwarancja.\" \/>\n<meta property=\"og:url\" content=\"https:\/\/ingritech.pl\/de\/product\/gewoehnliches-elektrokorund-braunes-aluminiumoxid-bfa\/\" \/>\n<meta property=\"og:site_name\" content=\"INGRITECH\" \/>\n<meta property=\"article:modified_time\" content=\"2026-04-20T06:54:13+00:00\" \/>\n<meta property=\"og:image\" content=\"https:\/\/ingritech.pl\/wp-content\/uploads\/2025\/01\/elektrokorund-bfa-brown-aluminium-oxide.webp\" \/>\n\t<meta property=\"og:image:width\" content=\"1024\" \/>\n\t<meta property=\"og:image:height\" content=\"1024\" \/>\n\t<meta property=\"og:image:type\" content=\"image\/webp\" \/>\n<meta name=\"twitter:card\" content=\"summary_large_image\" \/>\n<meta name=\"twitter:label1\" content=\"Gesch\u00e4tzte Lesezeit\" \/>\n\t<meta name=\"twitter:data1\" content=\"1\u00a0Minute\" \/>\n<script type=\"application\/ld+json\" class=\"yoast-schema-graph\">{\"@context\":\"https:\/\/schema.org\",\"@graph\":[{\"@type\":\"WebPage\",\"@id\":\"https:\/\/ingritech.pl\/de\/product\/gewoehnliches-elektrokorund-braunes-aluminiumoxid-bfa\/\",\"url\":\"https:\/\/ingritech.pl\/de\/product\/gewoehnliches-elektrokorund-braunes-aluminiumoxid-bfa\/\",\"name\":\"Gew\u00f6hnliches Elektrokorund \/ BRAUNES ALUMINIUMOXID (BFA) kup w Polsce, dostawa w Europie - INGRITECH\",\"isPartOf\":{\"@id\":\"https:\/\/ingritech.pl\/de\/#website\"},\"primaryImageOfPage\":{\"@id\":\"https:\/\/ingritech.pl\/de\/product\/gewoehnliches-elektrokorund-braunes-aluminiumoxid-bfa\/#primaryimage\"},\"image\":{\"@id\":\"https:\/\/ingritech.pl\/de\/product\/gewoehnliches-elektrokorund-braunes-aluminiumoxid-bfa\/#primaryimage\"},\"thumbnailUrl\":\"https:\/\/ingritech.pl\/wp-content\/uploads\/2025\/01\/elektrokorund-bfa-brown-aluminium-oxide.webp\",\"datePublished\":\"2025-01-30T10:15:47+00:00\",\"dateModified\":\"2026-04-20T06:54:13+00:00\",\"description\":\"Kup Gew\u00f6hnliches Elektrokorund \/ BRAUNES ALUMINIUMOXID (BFA) w Polsce \ud83d\ude9aw ca\u0142ej Europie \u2705 Dokumentacja techniczna i certyfikaty \u2705 Korzystne ceny \u2705 Gwarancja.\",\"breadcrumb\":{\"@id\":\"https:\/\/ingritech.pl\/de\/product\/gewoehnliches-elektrokorund-braunes-aluminiumoxid-bfa\/#breadcrumb\"},\"inLanguage\":\"de\",\"potentialAction\":[{\"@type\":\"ReadAction\",\"target\":[\"https:\/\/ingritech.pl\/de\/product\/gewoehnliches-elektrokorund-braunes-aluminiumoxid-bfa\/\"]}]},{\"@type\":\"ImageObject\",\"inLanguage\":\"de\",\"@id\":\"https:\/\/ingritech.pl\/de\/product\/gewoehnliches-elektrokorund-braunes-aluminiumoxid-bfa\/#primaryimage\",\"url\":\"https:\/\/ingritech.pl\/wp-content\/uploads\/2025\/01\/elektrokorund-bfa-brown-aluminium-oxide.webp\",\"contentUrl\":\"https:\/\/ingritech.pl\/wp-content\/uploads\/2025\/01\/elektrokorund-bfa-brown-aluminium-oxide.webp\",\"width\":1024,\"height\":1024,\"caption\":\"BFA-Elektrokorund \u2013 ein wirksames Schleifmittel f\u00fcr die Metallbearbeitung\"},{\"@type\":\"BreadcrumbList\",\"@id\":\"https:\/\/ingritech.pl\/de\/product\/gewoehnliches-elektrokorund-braunes-aluminiumoxid-bfa\/#breadcrumb\",\"itemListElement\":[{\"@type\":\"ListItem\",\"position\":1,\"name\":\"Strona g\u0142\u00f3wna\",\"item\":\"https:\/\/ingritech.pl\/de\/\"},{\"@type\":\"ListItem\",\"position\":2,\"name\":\"Produktkatalog\",\"item\":\"https:\/\/ingritech.pl\/katalog\/\"},{\"@type\":\"ListItem\",\"position\":3,\"name\":\"Gew\u00f6hnliches Elektrokorund \/ BRAUNES ALUMINIUMOXID (BFA)\"}]},{\"@type\":\"WebSite\",\"@id\":\"https:\/\/ingritech.pl\/de\/#website\",\"url\":\"https:\/\/ingritech.pl\/de\/\",\"name\":\"Ingritech\",\"description\":\"SUPPLIES AND RAW MATERIALS FOR INDUSTRY\",\"publisher\":{\"@id\":\"https:\/\/ingritech.pl\/de\/#organization\"},\"alternateName\":\"Ingritech - SUPPLIES AND RAW MATERIALS FOR INDUSTRY\",\"potentialAction\":[{\"@type\":\"SearchAction\",\"target\":{\"@type\":\"EntryPoint\",\"urlTemplate\":\"https:\/\/ingritech.pl\/de\/?s={search_term_string}\"},\"query-input\":{\"@type\":\"PropertyValueSpecification\",\"valueRequired\":true,\"valueName\":\"search_term_string\"}}],\"inLanguage\":\"de\"},{\"@type\":\"Organization\",\"@id\":\"https:\/\/ingritech.pl\/de\/#organization\",\"name\":\"Ingritech\",\"alternateName\":\"Ingritech - sklep z materia\u0142ami eksploatacyjnymi i surowcami dla przemys\u0142u\",\"url\":\"https:\/\/ingritech.pl\/de\/\",\"logo\":{\"@type\":\"ImageObject\",\"inLanguage\":\"de\",\"@id\":\"https:\/\/ingritech.pl\/de\/#\/schema\/logo\/image\/\",\"url\":\"https:\/\/ingritech.pl\/wp-content\/uploads\/2025\/01\/ingretech-logo.webp\",\"contentUrl\":\"https:\/\/ingritech.pl\/wp-content\/uploads\/2025\/01\/ingretech-logo.webp\",\"width\":1280,\"height\":182,\"caption\":\"Ingritech\"},\"image\":{\"@id\":\"https:\/\/ingritech.pl\/de\/#\/schema\/logo\/image\/\"},\"sameAs\":[\"https:\/\/wa.me\/+48453077323\"]}]}<\/script>\n<!-- \/ Yoast SEO plugin. -->","yoast_head_json":{"title":"Gew\u00f6hnliches Elektrokorund \/ BRAUNES ALUMINIUMOXID (BFA) kup w Polsce, dostawa w Europie - INGRITECH","description":"Kup Gew\u00f6hnliches Elektrokorund \/ BRAUNES ALUMINIUMOXID (BFA) w Polsce \ud83d\ude9aw ca\u0142ej Europie \u2705 Dokumentacja techniczna i certyfikaty \u2705 Korzystne ceny \u2705 Gwarancja.","robots":{"index":"index","follow":"follow","max-snippet":"max-snippet:-1","max-image-preview":"max-image-preview:large","max-video-preview":"max-video-preview:-1"},"canonical":"https:\/\/ingritech.pl\/de\/product\/gewoehnliches-elektrokorund-braunes-aluminiumoxid-bfa\/","og_locale":"de_DE","og_type":"article","og_title":"Gew\u00f6hnliches Elektrokorund \/ BRAUNES ALUMINIUMOXID (BFA) kup w Polsce, dostawa w Europie - INGRITECH","og_description":"Kup Gew\u00f6hnliches Elektrokorund \/ BRAUNES ALUMINIUMOXID (BFA) w Polsce \ud83d\ude9aw ca\u0142ej Europie \u2705 Dokumentacja techniczna i certyfikaty \u2705 Korzystne ceny \u2705 Gwarancja.","og_url":"https:\/\/ingritech.pl\/de\/product\/gewoehnliches-elektrokorund-braunes-aluminiumoxid-bfa\/","og_site_name":"INGRITECH","article_modified_time":"2026-04-20T06:54:13+00:00","og_image":[{"width":1024,"height":1024,"url":"https:\/\/ingritech.pl\/wp-content\/uploads\/2025\/01\/elektrokorund-bfa-brown-aluminium-oxide.webp","type":"image\/webp"}],"twitter_card":"summary_large_image","twitter_misc":{"Gesch\u00e4tzte Lesezeit":"1\u00a0Minute"},"schema":{"@context":"https:\/\/schema.org","@graph":[{"@type":"WebPage","@id":"https:\/\/ingritech.pl\/de\/product\/gewoehnliches-elektrokorund-braunes-aluminiumoxid-bfa\/","url":"https:\/\/ingritech.pl\/de\/product\/gewoehnliches-elektrokorund-braunes-aluminiumoxid-bfa\/","name":"Gew\u00f6hnliches Elektrokorund \/ BRAUNES ALUMINIUMOXID (BFA) kup w Polsce, dostawa w Europie - INGRITECH","isPartOf":{"@id":"https:\/\/ingritech.pl\/de\/#website"},"primaryImageOfPage":{"@id":"https:\/\/ingritech.pl\/de\/product\/gewoehnliches-elektrokorund-braunes-aluminiumoxid-bfa\/#primaryimage"},"image":{"@id":"https:\/\/ingritech.pl\/de\/product\/gewoehnliches-elektrokorund-braunes-aluminiumoxid-bfa\/#primaryimage"},"thumbnailUrl":"https:\/\/ingritech.pl\/wp-content\/uploads\/2025\/01\/elektrokorund-bfa-brown-aluminium-oxide.webp","datePublished":"2025-01-30T10:15:47+00:00","dateModified":"2026-04-20T06:54:13+00:00","description":"Kup Gew\u00f6hnliches Elektrokorund \/ BRAUNES ALUMINIUMOXID (BFA) w Polsce \ud83d\ude9aw ca\u0142ej Europie \u2705 Dokumentacja techniczna i certyfikaty \u2705 Korzystne ceny \u2705 Gwarancja.","breadcrumb":{"@id":"https:\/\/ingritech.pl\/de\/product\/gewoehnliches-elektrokorund-braunes-aluminiumoxid-bfa\/#breadcrumb"},"inLanguage":"de","potentialAction":[{"@type":"ReadAction","target":["https:\/\/ingritech.pl\/de\/product\/gewoehnliches-elektrokorund-braunes-aluminiumoxid-bfa\/"]}]},{"@type":"ImageObject","inLanguage":"de","@id":"https:\/\/ingritech.pl\/de\/product\/gewoehnliches-elektrokorund-braunes-aluminiumoxid-bfa\/#primaryimage","url":"https:\/\/ingritech.pl\/wp-content\/uploads\/2025\/01\/elektrokorund-bfa-brown-aluminium-oxide.webp","contentUrl":"https:\/\/ingritech.pl\/wp-content\/uploads\/2025\/01\/elektrokorund-bfa-brown-aluminium-oxide.webp","width":1024,"height":1024,"caption":"BFA-Elektrokorund \u2013 ein wirksames Schleifmittel f\u00fcr die Metallbearbeitung"},{"@type":"BreadcrumbList","@id":"https:\/\/ingritech.pl\/de\/product\/gewoehnliches-elektrokorund-braunes-aluminiumoxid-bfa\/#breadcrumb","itemListElement":[{"@type":"ListItem","position":1,"name":"Strona g\u0142\u00f3wna","item":"https:\/\/ingritech.pl\/de\/"},{"@type":"ListItem","position":2,"name":"Produktkatalog","item":"https:\/\/ingritech.pl\/katalog\/"},{"@type":"ListItem","position":3,"name":"Gew\u00f6hnliches Elektrokorund \/ BRAUNES ALUMINIUMOXID (BFA)"}]},{"@type":"WebSite","@id":"https:\/\/ingritech.pl\/de\/#website","url":"https:\/\/ingritech.pl\/de\/","name":"Ingritech","description":"SUPPLIES AND RAW MATERIALS FOR INDUSTRY","publisher":{"@id":"https:\/\/ingritech.pl\/de\/#organization"},"alternateName":"Ingritech - SUPPLIES AND RAW MATERIALS FOR INDUSTRY","potentialAction":[{"@type":"SearchAction","target":{"@type":"EntryPoint","urlTemplate":"https:\/\/ingritech.pl\/de\/?s={search_term_string}"},"query-input":{"@type":"PropertyValueSpecification","valueRequired":true,"valueName":"search_term_string"}}],"inLanguage":"de"},{"@type":"Organization","@id":"https:\/\/ingritech.pl\/de\/#organization","name":"Ingritech","alternateName":"Ingritech - sklep z materia\u0142ami eksploatacyjnymi i surowcami dla przemys\u0142u","url":"https:\/\/ingritech.pl\/de\/","logo":{"@type":"ImageObject","inLanguage":"de","@id":"https:\/\/ingritech.pl\/de\/#\/schema\/logo\/image\/","url":"https:\/\/ingritech.pl\/wp-content\/uploads\/2025\/01\/ingretech-logo.webp","contentUrl":"https:\/\/ingritech.pl\/wp-content\/uploads\/2025\/01\/ingretech-logo.webp","width":1280,"height":182,"caption":"Ingritech"},"image":{"@id":"https:\/\/ingritech.pl\/de\/#\/schema\/logo\/image\/"},"sameAs":["https:\/\/wa.me\/+48453077323"]}]}},"_links":{"self":[{"href":"https:\/\/ingritech.pl\/de\/wp-json\/wp\/v2\/product\/12759","targetHints":{"allow":["GET"]}}],"collection":[{"href":"https:\/\/ingritech.pl\/de\/wp-json\/wp\/v2\/product"}],"about":[{"href":"https:\/\/ingritech.pl\/de\/wp-json\/wp\/v2\/types\/product"}],"wp:featuredmedia":[{"embeddable":true,"href":"https:\/\/ingritech.pl\/de\/wp-json\/wp\/v2\/media\/12762"}],"wp:attachment":[{"href":"https:\/\/ingritech.pl\/de\/wp-json\/wp\/v2\/media?parent=12759"}],"wp:term":[{"taxonomy":"product_brand","embeddable":true,"href":"https:\/\/ingritech.pl\/de\/wp-json\/wp\/v2\/product_brand?post=12759"},{"taxonomy":"product_cat","embeddable":true,"href":"https:\/\/ingritech.pl\/de\/wp-json\/wp\/v2\/product_cat?post=12759"},{"taxonomy":"product_tag","embeddable":true,"href":"https:\/\/ingritech.pl\/de\/wp-json\/wp\/v2\/product_tag?post=12759"}],"curies":[{"name":"wp","href":"https:\/\/api.w.org\/{rel}","templated":true}]}}