{"id":12766,"date":"2025-01-30T11:11:28","date_gmt":"2025-01-30T10:11:28","guid":{"rendered":"https:\/\/ingritech.pl\/product\/edelkorund-weiss\/"},"modified":"2026-04-20T09:21:47","modified_gmt":"2026-04-20T07:21:47","slug":"edelkorund-weiss","status":"publish","type":"product","link":"https:\/\/ingritech.pl\/de\/product\/edelkorund-weiss\/","title":{"rendered":"Edelkorund (wei\u00df)"},"content":{"rendered":"<p class=\"\" data-start=\"199\" data-end=\"509\"><strong data-start=\"199\" data-end=\"222\">Wei\u00dfer Elektrokorund<\/strong> ist ein hochreines synthetisches Schleifmittel, das durch Schmelzen von Aluminiumoxid (Al\u2082O\u2083) gewonnen wird. Es zeichnet sich durch au\u00dfergew\u00f6hnliche H\u00e4rte, eine homogene Struktur und chemische Best\u00e4ndigkeit aus. Im Vergleich zu gew\u00f6hnlichem Elektrokorund weist es eine deutlich h\u00f6here chemische Reinheit und Wei\u00dfgrad auf.<\/p>\n<h3 class=\"\" data-start=\"511\" data-end=\"528\">Anwendung:<\/h3>\n<ul data-start=\"529\" data-end=\"818\">\n<li class=\"\" data-start=\"529\" data-end=\"589\">\n<p class=\"\" data-start=\"531\" data-end=\"589\">Bearbeitung von Edelstahl, Nichteisenmetallen und Aluminium<\/p>\n<\/li>\n<li class=\"\" data-start=\"590\" data-end=\"622\">\n<p class=\"\" data-start=\"592\" data-end=\"622\">Mattieren und Verzieren von Glas<\/p>\n<\/li>\n<li class=\"\" data-start=\"623\" data-end=\"655\">\n<p class=\"\" data-start=\"625\" data-end=\"655\">Herstellung von Schleifwerkzeugen<\/p>\n<\/li>\n<li class=\"\" data-start=\"656\" data-end=\"709\">\n<p class=\"\" data-start=\"658\" data-end=\"709\">feuerfeste Materialien mit hohem Aluminiumgehalt<\/p>\n<\/li>\n<li class=\"\" data-start=\"710\" data-end=\"753\">\n<p class=\"\" data-start=\"712\" data-end=\"753\">Feinkeramik und Elektrotechnik<\/p>\n<\/li>\n<li class=\"\" data-start=\"754\" data-end=\"775\">\n<p class=\"\" data-start=\"756\" data-end=\"775\">Pr\u00e4zisionsgussteile<\/p>\n<\/li>\n<li class=\"\" data-start=\"776\" data-end=\"818\">\n<p class=\"\" data-start=\"778\" data-end=\"818\">Sandstrahlen in der Zahnmedizin und Prothetik<\/p>\n<\/li>\n<\/ul>\n<h3 class=\"\" data-start=\"820\" data-end=\"840\">Produktvorteile:<\/h3>\n<ul data-start=\"841\" data-end=\"1077\">\n<li class=\"\" data-start=\"841\" data-end=\"887\">\n<p class=\"\" data-start=\"843\" data-end=\"887\">au\u00dfergew\u00f6hnliche H\u00e4rte (\u00fcber 9 auf der Mohs-Skala)<\/p>\n<\/li>\n<li class=\"\" data-start=\"888\" data-end=\"933\">\n<p class=\"\" data-start=\"890\" data-end=\"933\">kein freies Siliziumdioxid und keine Eisenzus\u00e4tze<\/p>\n<\/li>\n<li class=\"\" data-start=\"934\" data-end=\"979\">\n<p class=\"\" data-start=\"936\" data-end=\"979\">ein umweltfreundliches und chemikalienbest\u00e4ndiges Material<\/p>\n<\/li>\n<li class=\"\" data-start=\"980\" data-end=\"1014\">\n<p class=\"\" data-start=\"982\" data-end=\"1014\">Wiederverwendbarkeit<\/p>\n<\/li>\n<li class=\"\" data-start=\"1015\" data-end=\"1044\">\n<p class=\"\" data-start=\"1017\" data-end=\"1044\">f\u00fcr Trocken- und Nassanwendungen<\/p>\n<\/li>\n<li class=\"\" data-start=\"1045\" data-end=\"1077\">\n<p class=\"\" data-start=\"1047\" data-end=\"1077\">hoher Schmelzpunkt<\/p>\n<\/li>\n<\/ul>\n<h3 class=\"\" data-start=\"1079\" data-end=\"1111\">Physikalisch-chemische Eigenschaften:<\/h3>\n<ul data-start=\"1112\" data-end=\"1369\">\n<li class=\"\" data-start=\"1112\" data-end=\"1142\">\n<p class=\"\" data-start=\"1114\" data-end=\"1142\"><strong data-start=\"1114\" data-end=\"1134\">Inhalt Al\u2082O\u2083:<\/strong> &gt; 99%<\/p>\n<\/li>\n<li class=\"\" data-start=\"1143\" data-end=\"1189\">\n<p class=\"\" data-start=\"1145\" data-end=\"1189\"><strong data-start=\"1145\" data-end=\"1159\">Zusatzstoffe:<\/strong> Na\u2082O, K\u2082O, CaO, SiO\u2082, Fe\u2082O\u2083<\/p>\n<\/li>\n<li class=\"\" data-start=\"1190\" data-end=\"1233\">\n<p class=\"\" data-start=\"1192\" data-end=\"1233\"><strong data-start=\"1192\" data-end=\"1213\">Spezifisches Gewicht:<\/strong> 3,95 \u00b1 0,05 g\/cm\u00b3<\/p>\n<\/li>\n<li class=\"\" data-start=\"1234\" data-end=\"1277\">\n<p class=\"\" data-start=\"1236\" data-end=\"1277\"><strong data-start=\"1236\" data-end=\"1257\">Sch\u00fcttdichte:<\/strong> 1,52 \u2013 1,85 g\/cm\u00b3<\/p>\n<\/li>\n<li class=\"\" data-start=\"1278\" data-end=\"1318\">\n<p class=\"\" data-start=\"1280\" data-end=\"1318\"><strong data-start=\"1280\" data-end=\"1299\">Kornform:<\/strong> scharfkantig<\/p>\n<\/li>\n<li class=\"\" data-start=\"1319\" data-end=\"1369\">\n<p class=\"\" data-start=\"1321\" data-end=\"1369\"><strong data-start=\"1321\" data-end=\"1337\">K\u00f6rnung: <\/strong> gem\u00e4\u00df FEPA-Norm (F12\u2013F1200)<\/p>\n<\/li>\n<\/ul>\n<p>&nbsp;<\/p>\n<h3 class=\"\" data-start=\"137\" data-end=\"195\"><strong data-start=\"141\" data-end=\"195\">FEPA-K\u00f6rnungstabelle (F) \u2013 Wei\u00dfer Elektrokorund<\/strong><\/h3>\n<div class=\"pointer-events-none relative left-[50%] flex w-[100cqw] translate-x-[-50%] justify-center *:pointer-events-auto\">\n<div class=\"tableContainer horzScrollShadows\">\n<table class=\"min-w-full\" style=\"height: 878px;\" width=\"491\" data-start=\"197\" data-end=\"1931\">\n<thead data-start=\"197\" data-end=\"251\">\n<tr data-start=\"197\" data-end=\"251\">\n<th data-start=\"197\" data-end=\"224\"><strong data-start=\"199\" data-end=\"223\">FEPA-K\u00f6rnung (F)<\/strong><\/th>\n<th data-start=\"224\" data-end=\"251\"><strong data-start=\"226\" data-end=\"249\">Korngr\u00f6\u00dfe (mm)<\/strong><\/th>\n<\/tr>\n<\/thead>\n<tbody data-start=\"308\" data-end=\"1931\">\n<tr data-start=\"308\" data-end=\"363\">\n<td class=\"\" data-start=\"308\" data-end=\"335\">F12<\/td>\n<td class=\"\" data-start=\"335\" data-end=\"363\">1,4 \u2013 1,7<\/td>\n<\/tr>\n<tr data-start=\"364\" data-end=\"419\">\n<td class=\"\" data-start=\"364\" data-end=\"391\">F14<\/td>\n<td class=\"\" data-start=\"391\" data-end=\"419\">1,18 \u2013 1,4<\/td>\n<\/tr>\n<tr data-start=\"420\" data-end=\"475\">\n<td class=\"\" data-start=\"420\" data-end=\"447\">F16<\/td>\n<td class=\"\" data-start=\"447\" data-end=\"475\">1,00 \u2013 1,18<\/td>\n<\/tr>\n<tr data-start=\"476\" data-end=\"531\">\n<td class=\"\" data-start=\"476\" data-end=\"503\">F20<\/td>\n<td class=\"\" data-start=\"503\" data-end=\"531\">0,85 \u2013 1,00<\/td>\n<\/tr>\n<tr data-start=\"532\" data-end=\"587\">\n<td class=\"\" data-start=\"532\" data-end=\"559\">F24<\/td>\n<td class=\"\" data-start=\"559\" data-end=\"587\">0,71 \u2013 0,85<\/td>\n<\/tr>\n<tr data-start=\"588\" data-end=\"643\">\n<td class=\"\" data-start=\"588\" data-end=\"615\">F30<\/td>\n<td class=\"\" data-start=\"615\" data-end=\"643\">0,50 \u2013 0,71<\/td>\n<\/tr>\n<tr data-start=\"644\" data-end=\"699\">\n<td class=\"\" data-start=\"644\" data-end=\"671\">F36<\/td>\n<td class=\"\" data-start=\"671\" data-end=\"699\">0,425 \u2013 0,60<\/td>\n<\/tr>\n<tr data-start=\"700\" data-end=\"755\">\n<td class=\"\" data-start=\"700\" data-end=\"727\">F40<\/td>\n<td class=\"\" data-start=\"727\" data-end=\"755\">0,30 \u2013 0,425<\/td>\n<\/tr>\n<tr data-start=\"756\" data-end=\"811\">\n<td class=\"\" data-start=\"756\" data-end=\"783\">F46<\/td>\n<td class=\"\" data-start=\"783\" data-end=\"811\">0,25 \u2013 0,355<\/td>\n<\/tr>\n<tr data-start=\"812\" data-end=\"867\">\n<td class=\"\" data-start=\"812\" data-end=\"839\">F54<\/td>\n<td class=\"\" data-start=\"839\" data-end=\"867\">0,20 \u2013 0,30<\/td>\n<\/tr>\n<tr data-start=\"868\" data-end=\"923\">\n<td class=\"\" data-start=\"868\" data-end=\"895\">F60<\/td>\n<td class=\"\" data-start=\"895\" data-end=\"923\">0,15 \u2013 0,25<\/td>\n<\/tr>\n<tr data-start=\"924\" data-end=\"979\">\n<td class=\"\" data-start=\"924\" data-end=\"951\">F70<\/td>\n<td class=\"\" data-start=\"951\" data-end=\"979\">0,125 \u2013 0,212<\/td>\n<\/tr>\n<tr data-start=\"980\" data-end=\"1035\">\n<td class=\"\" data-start=\"980\" data-end=\"1007\">F80<\/td>\n<td class=\"\" data-start=\"1007\" data-end=\"1035\">0,10 \u2013 0,18<\/td>\n<\/tr>\n<tr data-start=\"1036\" data-end=\"1091\">\n<td class=\"\" data-start=\"1036\" data-end=\"1063\">F90<\/td>\n<td class=\"\" data-start=\"1063\" data-end=\"1091\">0,075 \u2013 0,15<\/td>\n<\/tr>\n<tr data-start=\"1092\" data-end=\"1147\">\n<td class=\"\" data-start=\"1092\" data-end=\"1119\">F100<\/td>\n<td class=\"\" data-start=\"1119\" data-end=\"1147\">0,063 \u2013 0,125<\/td>\n<\/tr>\n<tr data-start=\"1148\" data-end=\"1203\">\n<td class=\"\" data-start=\"1148\" data-end=\"1175\">F120<\/td>\n<td class=\"\" data-start=\"1175\" data-end=\"1203\">0,053 \u2013 0,106<\/td>\n<\/tr>\n<tr data-start=\"1204\" data-end=\"1259\">\n<td class=\"\" data-start=\"1204\" data-end=\"1231\">F150<\/td>\n<td class=\"\" data-start=\"1231\" data-end=\"1259\">0,045 \u2013 0,090<\/td>\n<\/tr>\n<tr data-start=\"1260\" data-end=\"1315\">\n<td class=\"\" data-start=\"1260\" data-end=\"1287\">F180<\/td>\n<td class=\"\" data-start=\"1287\" data-end=\"1315\">0,038 \u2013 0,075<\/td>\n<\/tr>\n<tr data-start=\"1316\" data-end=\"1371\">\n<td class=\"\" data-start=\"1316\" data-end=\"1343\">F220<\/td>\n<td class=\"\" data-start=\"1343\" data-end=\"1371\">0,030 \u2013 0,063<\/td>\n<\/tr>\n<tr data-start=\"1372\" data-end=\"1427\">\n<td class=\"\" data-start=\"1372\" data-end=\"1399\">F240<\/td>\n<td class=\"\" data-start=\"1399\" data-end=\"1427\">0,020 \u2013 0,050<\/td>\n<\/tr>\n<tr data-start=\"1428\" data-end=\"1483\">\n<td class=\"\" data-start=\"1428\" data-end=\"1455\">F280<\/td>\n<td class=\"\" data-start=\"1455\" data-end=\"1483\">0,017 \u2013 0,040<\/td>\n<\/tr>\n<tr data-start=\"1484\" data-end=\"1539\">\n<td class=\"\" data-start=\"1484\" data-end=\"1511\">F320<\/td>\n<td class=\"\" data-start=\"1511\" data-end=\"1539\">0,012 \u2013 0,030<\/td>\n<\/tr>\n<tr data-start=\"1540\" data-end=\"1595\">\n<td class=\"\" data-start=\"1540\" data-end=\"1567\">F360<\/td>\n<td class=\"\" data-start=\"1567\" data-end=\"1595\">0,009 \u2013 0,022<\/td>\n<\/tr>\n<tr data-start=\"1596\" data-end=\"1651\">\n<td class=\"\" data-start=\"1596\" data-end=\"1623\">F400<\/td>\n<td class=\"\" data-start=\"1623\" data-end=\"1651\">0,008 \u2013 0,018<\/td>\n<\/tr>\n<tr data-start=\"1652\" data-end=\"1707\">\n<td class=\"\" data-start=\"1652\" data-end=\"1679\">F500<\/td>\n<td class=\"\" data-start=\"1679\" data-end=\"1707\">0,006 \u2013 0,014<\/td>\n<\/tr>\n<tr data-start=\"1708\" data-end=\"1763\">\n<td class=\"\" data-start=\"1708\" data-end=\"1735\">F600<\/td>\n<td class=\"\" data-start=\"1735\" data-end=\"1763\">0,005 \u2013 0,012<\/td>\n<\/tr>\n<tr data-start=\"1764\" data-end=\"1819\">\n<td class=\"\" data-start=\"1764\" data-end=\"1791\">F800<\/td>\n<td class=\"\" data-start=\"1791\" data-end=\"1819\">0,003 \u2013 0,008<\/td>\n<\/tr>\n<tr data-start=\"1820\" data-end=\"1875\">\n<td class=\"\" data-start=\"1820\" data-end=\"1847\">F1000<\/td>\n<td class=\"\" data-start=\"1847\" data-end=\"1875\">0,002 \u2013 0,006<\/td>\n<\/tr>\n<tr data-start=\"1876\" data-end=\"1931\">\n<td class=\"\" data-start=\"1876\" data-end=\"1903\">F1200<\/td>\n<td class=\"\" data-start=\"1903\" data-end=\"1931\">0,001 \u2013 0,005<\/td>\n<\/tr>\n<\/tbody>\n<\/table>\n<\/div>\n<\/div>\n","protected":false},"excerpt":{"rendered":"<ul>\n<li><strong>Typen: <\/strong>(BFA) F24, F36, F46, F60, F80, F100, F120, F180, F220<\/li>\n<li>\n<h3 class=\"\" data-start=\"647\" data-end=\"668\"><strong data-start=\"651\" data-end=\"668\">Anwendung: <span style=\"font-size: 16px;\">Bearbeitung von Edelstahl, Buntmetallen und Aluminium, <\/span><span style=\"font-size: 16px;\">Mattieren und Gravieren von Glas, <\/span><span style=\"font-size: 16px;\">Herstellung von Schleifwerkzeugen, <\/span><span style=\"font-size: 16px;\">Technische Keramik und feuerfeste Keramik, <\/span><span style=\"font-size: 16px;\">Pr\u00e4zisionsguss, <\/span><span style=\"font-size: 16px;\">Sandstrahlen in der Prothetik und Zahnmedizin<\/span><\/strong><\/h3>\n<\/li>\n<li><strong>Lagerung und Transport: <\/strong>Das Material sollte unter trockenen Bedingungen gelagert und vor Feuchtigkeit gesch\u00fctzt werden. Erh\u00e4ltlich in 25-kg-S\u00e4cken, Big Bags und auf Paletten.<\/li>\n<\/ul>\n<p>&nbsp;<\/p>\n","protected":false},"featured_media":12768,"template":"","meta":[],"product_brand":[],"product_cat":[1168,692],"product_tag":[1171,693],"class_list":{"0":"post-12766","1":"product","2":"type-product","3":"status-publish","4":"has-post-thumbnail","6":"product_cat-mineralische-schleifmittel","7":"product_cat-schleifmittel","8":"product_tag-elektrokorund-de","9":"product_tag-schleifmittel","11":"first","12":"instock","13":"shipping-taxable","14":"product-type-simple"},"yoast_head":"<!-- This site is optimized with the Yoast SEO plugin v24.3 - https:\/\/yoast.com\/wordpress\/plugins\/seo\/ -->\n<title>Edelkorund (wei\u00df) kup w Polsce, dostawa w Europie - INGRITECH<\/title>\n<meta name=\"description\" content=\"Wei\u00dfer Elektrokorund \u2013 ein hochreines Schleifmittel f\u00fcr die Bearbeitung von Edelstahl, Glas und Keramik. Ideal f\u00fcr industrielle und spezialisierte Anwendungen. Sehen Sie sich die verf\u00fcgbaren K\u00f6rnungen an!\" \/>\n<meta name=\"robots\" content=\"index, follow, max-snippet:-1, max-image-preview:large, max-video-preview:-1\" \/>\n<link rel=\"canonical\" href=\"https:\/\/ingritech.pl\/de\/product\/edelkorund-weiss\/\" \/>\n<meta property=\"og:locale\" content=\"de_DE\" \/>\n<meta property=\"og:type\" content=\"article\" \/>\n<meta property=\"og:title\" content=\"Edelkorund (wei\u00df) kup w Polsce, dostawa w Europie - INGRITECH\" \/>\n<meta property=\"og:description\" content=\"Wei\u00dfer Elektrokorund \u2013 ein hochreines Schleifmittel f\u00fcr die Bearbeitung von Edelstahl, Glas und Keramik. Ideal f\u00fcr industrielle und spezialisierte Anwendungen. Sehen Sie sich die verf\u00fcgbaren K\u00f6rnungen an!\" \/>\n<meta property=\"og:url\" content=\"https:\/\/ingritech.pl\/de\/product\/edelkorund-weiss\/\" \/>\n<meta property=\"og:site_name\" content=\"INGRITECH\" \/>\n<meta property=\"article:modified_time\" content=\"2026-04-20T07:21:47+00:00\" \/>\n<meta property=\"og:image\" content=\"https:\/\/ingritech.pl\/wp-content\/uploads\/2025\/01\/elektrokorund-szlachetny-bialy.webp\" \/>\n\t<meta property=\"og:image:width\" content=\"1024\" \/>\n\t<meta property=\"og:image:height\" content=\"1024\" \/>\n\t<meta property=\"og:image:type\" content=\"image\/webp\" \/>\n<meta name=\"twitter:card\" content=\"summary_large_image\" \/>\n<meta name=\"twitter:label1\" content=\"Gesch\u00e4tzte Lesezeit\" \/>\n\t<meta name=\"twitter:data1\" content=\"1\u00a0Minute\" \/>\n<script type=\"application\/ld+json\" class=\"yoast-schema-graph\">{\"@context\":\"https:\/\/schema.org\",\"@graph\":[{\"@type\":\"WebPage\",\"@id\":\"https:\/\/ingritech.pl\/de\/product\/edelkorund-weiss\/\",\"url\":\"https:\/\/ingritech.pl\/de\/product\/edelkorund-weiss\/\",\"name\":\"Edelkorund (wei\u00df) kup w Polsce, dostawa w Europie - INGRITECH\",\"isPartOf\":{\"@id\":\"https:\/\/ingritech.pl\/de\/#website\"},\"primaryImageOfPage\":{\"@id\":\"https:\/\/ingritech.pl\/de\/product\/edelkorund-weiss\/#primaryimage\"},\"image\":{\"@id\":\"https:\/\/ingritech.pl\/de\/product\/edelkorund-weiss\/#primaryimage\"},\"thumbnailUrl\":\"https:\/\/ingritech.pl\/wp-content\/uploads\/2025\/01\/elektrokorund-szlachetny-bialy.webp\",\"datePublished\":\"2025-01-30T10:11:28+00:00\",\"dateModified\":\"2026-04-20T07:21:47+00:00\",\"description\":\"Wei\u00dfer Elektrokorund \u2013 ein hochreines Schleifmittel f\u00fcr die Bearbeitung von Edelstahl, Glas und Keramik. Ideal f\u00fcr industrielle und spezialisierte Anwendungen. Sehen Sie sich die verf\u00fcgbaren K\u00f6rnungen an!\",\"breadcrumb\":{\"@id\":\"https:\/\/ingritech.pl\/de\/product\/edelkorund-weiss\/#breadcrumb\"},\"inLanguage\":\"de\",\"potentialAction\":[{\"@type\":\"ReadAction\",\"target\":[\"https:\/\/ingritech.pl\/de\/product\/edelkorund-weiss\/\"]}]},{\"@type\":\"ImageObject\",\"inLanguage\":\"de\",\"@id\":\"https:\/\/ingritech.pl\/de\/product\/edelkorund-weiss\/#primaryimage\",\"url\":\"https:\/\/ingritech.pl\/wp-content\/uploads\/2025\/01\/elektrokorund-szlachetny-bialy.webp\",\"contentUrl\":\"https:\/\/ingritech.pl\/wp-content\/uploads\/2025\/01\/elektrokorund-szlachetny-bialy.webp\",\"width\":1024,\"height\":1024,\"caption\":\"Edelkorund (wei\u00df) \u2013 Pr\u00e4zisionsschleifmittel zur Oberfl\u00e4chenvorbereitung\"},{\"@type\":\"BreadcrumbList\",\"@id\":\"https:\/\/ingritech.pl\/de\/product\/edelkorund-weiss\/#breadcrumb\",\"itemListElement\":[{\"@type\":\"ListItem\",\"position\":1,\"name\":\"Strona g\u0142\u00f3wna\",\"item\":\"https:\/\/ingritech.pl\/de\/\"},{\"@type\":\"ListItem\",\"position\":2,\"name\":\"Produktkatalog\",\"item\":\"https:\/\/ingritech.pl\/katalog\/\"},{\"@type\":\"ListItem\",\"position\":3,\"name\":\"Edelkorund (wei\u00df)\"}]},{\"@type\":\"WebSite\",\"@id\":\"https:\/\/ingritech.pl\/de\/#website\",\"url\":\"https:\/\/ingritech.pl\/de\/\",\"name\":\"Ingritech\",\"description\":\"SUPPLIES AND RAW MATERIALS FOR INDUSTRY\",\"publisher\":{\"@id\":\"https:\/\/ingritech.pl\/de\/#organization\"},\"alternateName\":\"Ingritech - SUPPLIES AND RAW MATERIALS FOR INDUSTRY\",\"potentialAction\":[{\"@type\":\"SearchAction\",\"target\":{\"@type\":\"EntryPoint\",\"urlTemplate\":\"https:\/\/ingritech.pl\/de\/?s={search_term_string}\"},\"query-input\":{\"@type\":\"PropertyValueSpecification\",\"valueRequired\":true,\"valueName\":\"search_term_string\"}}],\"inLanguage\":\"de\"},{\"@type\":\"Organization\",\"@id\":\"https:\/\/ingritech.pl\/de\/#organization\",\"name\":\"Ingritech\",\"alternateName\":\"Ingritech - sklep z materia\u0142ami eksploatacyjnymi i surowcami dla przemys\u0142u\",\"url\":\"https:\/\/ingritech.pl\/de\/\",\"logo\":{\"@type\":\"ImageObject\",\"inLanguage\":\"de\",\"@id\":\"https:\/\/ingritech.pl\/de\/#\/schema\/logo\/image\/\",\"url\":\"https:\/\/ingritech.pl\/wp-content\/uploads\/2025\/01\/ingretech-logo.webp\",\"contentUrl\":\"https:\/\/ingritech.pl\/wp-content\/uploads\/2025\/01\/ingretech-logo.webp\",\"width\":1280,\"height\":182,\"caption\":\"Ingritech\"},\"image\":{\"@id\":\"https:\/\/ingritech.pl\/de\/#\/schema\/logo\/image\/\"},\"sameAs\":[\"https:\/\/wa.me\/+48453077323\"]}]}<\/script>\n<!-- \/ Yoast SEO plugin. -->","yoast_head_json":{"title":"Edelkorund (wei\u00df) kup w Polsce, dostawa w Europie - INGRITECH","description":"Wei\u00dfer Elektrokorund \u2013 ein hochreines Schleifmittel f\u00fcr die Bearbeitung von Edelstahl, Glas und Keramik. Ideal f\u00fcr industrielle und spezialisierte Anwendungen. Sehen Sie sich die verf\u00fcgbaren K\u00f6rnungen an!","robots":{"index":"index","follow":"follow","max-snippet":"max-snippet:-1","max-image-preview":"max-image-preview:large","max-video-preview":"max-video-preview:-1"},"canonical":"https:\/\/ingritech.pl\/de\/product\/edelkorund-weiss\/","og_locale":"de_DE","og_type":"article","og_title":"Edelkorund (wei\u00df) kup w Polsce, dostawa w Europie - INGRITECH","og_description":"Wei\u00dfer Elektrokorund \u2013 ein hochreines Schleifmittel f\u00fcr die Bearbeitung von Edelstahl, Glas und Keramik. Ideal f\u00fcr industrielle und spezialisierte Anwendungen. Sehen Sie sich die verf\u00fcgbaren K\u00f6rnungen an!","og_url":"https:\/\/ingritech.pl\/de\/product\/edelkorund-weiss\/","og_site_name":"INGRITECH","article_modified_time":"2026-04-20T07:21:47+00:00","og_image":[{"width":1024,"height":1024,"url":"https:\/\/ingritech.pl\/wp-content\/uploads\/2025\/01\/elektrokorund-szlachetny-bialy.webp","type":"image\/webp"}],"twitter_card":"summary_large_image","twitter_misc":{"Gesch\u00e4tzte Lesezeit":"1\u00a0Minute"},"schema":{"@context":"https:\/\/schema.org","@graph":[{"@type":"WebPage","@id":"https:\/\/ingritech.pl\/de\/product\/edelkorund-weiss\/","url":"https:\/\/ingritech.pl\/de\/product\/edelkorund-weiss\/","name":"Edelkorund (wei\u00df) kup w Polsce, dostawa w Europie - INGRITECH","isPartOf":{"@id":"https:\/\/ingritech.pl\/de\/#website"},"primaryImageOfPage":{"@id":"https:\/\/ingritech.pl\/de\/product\/edelkorund-weiss\/#primaryimage"},"image":{"@id":"https:\/\/ingritech.pl\/de\/product\/edelkorund-weiss\/#primaryimage"},"thumbnailUrl":"https:\/\/ingritech.pl\/wp-content\/uploads\/2025\/01\/elektrokorund-szlachetny-bialy.webp","datePublished":"2025-01-30T10:11:28+00:00","dateModified":"2026-04-20T07:21:47+00:00","description":"Wei\u00dfer Elektrokorund \u2013 ein hochreines Schleifmittel f\u00fcr die Bearbeitung von Edelstahl, Glas und Keramik. Ideal f\u00fcr industrielle und spezialisierte Anwendungen. Sehen Sie sich die verf\u00fcgbaren K\u00f6rnungen an!","breadcrumb":{"@id":"https:\/\/ingritech.pl\/de\/product\/edelkorund-weiss\/#breadcrumb"},"inLanguage":"de","potentialAction":[{"@type":"ReadAction","target":["https:\/\/ingritech.pl\/de\/product\/edelkorund-weiss\/"]}]},{"@type":"ImageObject","inLanguage":"de","@id":"https:\/\/ingritech.pl\/de\/product\/edelkorund-weiss\/#primaryimage","url":"https:\/\/ingritech.pl\/wp-content\/uploads\/2025\/01\/elektrokorund-szlachetny-bialy.webp","contentUrl":"https:\/\/ingritech.pl\/wp-content\/uploads\/2025\/01\/elektrokorund-szlachetny-bialy.webp","width":1024,"height":1024,"caption":"Edelkorund (wei\u00df) \u2013 Pr\u00e4zisionsschleifmittel zur Oberfl\u00e4chenvorbereitung"},{"@type":"BreadcrumbList","@id":"https:\/\/ingritech.pl\/de\/product\/edelkorund-weiss\/#breadcrumb","itemListElement":[{"@type":"ListItem","position":1,"name":"Strona g\u0142\u00f3wna","item":"https:\/\/ingritech.pl\/de\/"},{"@type":"ListItem","position":2,"name":"Produktkatalog","item":"https:\/\/ingritech.pl\/katalog\/"},{"@type":"ListItem","position":3,"name":"Edelkorund (wei\u00df)"}]},{"@type":"WebSite","@id":"https:\/\/ingritech.pl\/de\/#website","url":"https:\/\/ingritech.pl\/de\/","name":"Ingritech","description":"SUPPLIES AND RAW MATERIALS FOR INDUSTRY","publisher":{"@id":"https:\/\/ingritech.pl\/de\/#organization"},"alternateName":"Ingritech - SUPPLIES AND RAW MATERIALS FOR INDUSTRY","potentialAction":[{"@type":"SearchAction","target":{"@type":"EntryPoint","urlTemplate":"https:\/\/ingritech.pl\/de\/?s={search_term_string}"},"query-input":{"@type":"PropertyValueSpecification","valueRequired":true,"valueName":"search_term_string"}}],"inLanguage":"de"},{"@type":"Organization","@id":"https:\/\/ingritech.pl\/de\/#organization","name":"Ingritech","alternateName":"Ingritech - sklep z materia\u0142ami eksploatacyjnymi i surowcami dla przemys\u0142u","url":"https:\/\/ingritech.pl\/de\/","logo":{"@type":"ImageObject","inLanguage":"de","@id":"https:\/\/ingritech.pl\/de\/#\/schema\/logo\/image\/","url":"https:\/\/ingritech.pl\/wp-content\/uploads\/2025\/01\/ingretech-logo.webp","contentUrl":"https:\/\/ingritech.pl\/wp-content\/uploads\/2025\/01\/ingretech-logo.webp","width":1280,"height":182,"caption":"Ingritech"},"image":{"@id":"https:\/\/ingritech.pl\/de\/#\/schema\/logo\/image\/"},"sameAs":["https:\/\/wa.me\/+48453077323"]}]}},"_links":{"self":[{"href":"https:\/\/ingritech.pl\/de\/wp-json\/wp\/v2\/product\/12766","targetHints":{"allow":["GET"]}}],"collection":[{"href":"https:\/\/ingritech.pl\/de\/wp-json\/wp\/v2\/product"}],"about":[{"href":"https:\/\/ingritech.pl\/de\/wp-json\/wp\/v2\/types\/product"}],"wp:featuredmedia":[{"embeddable":true,"href":"https:\/\/ingritech.pl\/de\/wp-json\/wp\/v2\/media\/12768"}],"wp:attachment":[{"href":"https:\/\/ingritech.pl\/de\/wp-json\/wp\/v2\/media?parent=12766"}],"wp:term":[{"taxonomy":"product_brand","embeddable":true,"href":"https:\/\/ingritech.pl\/de\/wp-json\/wp\/v2\/product_brand?post=12766"},{"taxonomy":"product_cat","embeddable":true,"href":"https:\/\/ingritech.pl\/de\/wp-json\/wp\/v2\/product_cat?post=12766"},{"taxonomy":"product_tag","embeddable":true,"href":"https:\/\/ingritech.pl\/de\/wp-json\/wp\/v2\/product_tag?post=12766"}],"curies":[{"name":"wp","href":"https:\/\/api.w.org\/{rel}","templated":true}]}}