{"id":12821,"date":"2026-01-30T15:18:36","date_gmt":"2026-01-30T14:18:36","guid":{"rendered":"https:\/\/ingritech.pl\/product\/walnussschalenpulver-micro-01-02-mm\/"},"modified":"2026-04-20T10:17:39","modified_gmt":"2026-04-20T08:17:39","slug":"walnussschalenpulver-micro-01-02-mm","status":"publish","type":"product","link":"https:\/\/ingritech.pl\/de\/product\/walnussschalenpulver-micro-01-02-mm\/","title":{"rendered":"Walnussschalenpulver \u2013 Micro &#038; Filler Grade | Nat\u00fcrlicher F\u00fcllstoff und Schleifmittel (0,001\u20130,1; 0,1\u20130,2 mm)"},"content":{"rendered":"<div style=\"display: flex; gap: 1.5rem; flex-wrap: wrap;\">\n<div style=\"flex: 1; min-width: 260px; background: linear-gradient(to bottom,#f8fbf9,#eef4f0); border: 1px solid #c9e4d8; border-radius: 12px; padding: 1.5rem;\">\n<h3 style=\"color: #1a5c37; margin-bottom: 0.7rem;\">Sprengqualit\u00e4t<\/h3>\n<p style=\"font-size: 0.9rem; margin-bottom: 0.5rem;\"><strong>Anwendung:<\/strong> Sandstrahlen und Oberfl\u00e4chenreinigung<\/p>\n<p style=\"font-size: 0.85rem; color: #555; margin-bottom: 1rem;\"><strong>Fraktionen:<\/strong> 0.4\u20130.7 mm \u2022 0.7\u20131.0 mm \u2022 1.0\u20131.2 mm \u2022 1.2\u20132.0 mm<\/p>\n<p><a style=\"display: inline-block; padding: 0.4rem 0.9rem; border-radius: 6px; border: 1px solid #1a5c37; color: #1a5c37; text-decoration: none; font-size: 0.85rem; background: transparent;\" href=\"https:\/\/ingritech.pl\/produkt\/scierniwo-orzechowe-do-piaskowania-blasting-grade\/\">Zum Produkt<br \/>\n<\/a><\/p>\n<\/div>\n<p><!-- Tumbling Grade --><\/p>\n<div style=\"flex: 1; min-width: 260px; background: linear-gradient(to bottom,#f8fbf9,#eef4f0); border: 1px solid #c9e4d8; border-radius: 12px; padding: 1.5rem;\">\n<h3 style=\"color: #1a5c37; margin-bottom: 0.7rem;\">Tumbling-Note<\/h3>\n<p style=\"font-size: 0.9rem; margin-bottom: 0.5rem;\"><strong>Anwendung:<\/strong> Polieren und Bearbeiten von Werkst\u00fccken<\/p>\n<p style=\"font-size: 0.85rem; color: #555; margin-bottom: 1rem;\"><strong>Fraktionen:<\/strong> 0.2\u20130.4 mm \u2022 0.3\u20130.5 mm \u2022 0.4\u20130.7 mm<\/p>\n<p><a style=\"display: inline-block; padding: 0.4rem 0.9rem; border-radius: 6px; border: 1px solid #1a5c37; color: #1a5c37; text-decoration: none; font-size: 0.85rem; background: transparent;\" href=\"https:\/\/ingritech.pl\/produkt\/scierniwo-z-lupin-orzecha-wloskiego-tumbling-grade\/\">Zum Produkt<br \/>\n<\/a><\/p>\n<\/div>\n<p><!-- Micro & Filler Grade --><\/p>\n<div style=\"flex: 1; min-width: 260px; background: linear-gradient(to bottom,#f8fbf9,#eef4f0); border: 1px solid #c9e4d8; border-radius: 12px; padding: 1.5rem;\">\n<h3 style=\"color: #1a5c37; margin-bottom: 0.7rem;\">Mikro- und F\u00fcllstoffqualit\u00e4t<\/h3>\n<p style=\"font-size: 0.9rem; margin-bottom: 0.5rem;\"><strong>Anwendung:<\/strong> F\u00fcllstoffe und technische Hilfsstoffe<\/p>\n<p style=\"font-size: 0.85rem; color: #555; margin-bottom: 1rem;\"><strong>Fraktionen:<\/strong> 0.001\u20130.1 mm \u2022 0.1\u20130.2 mm<\/p>\n<p><a style=\"display: inline-block; padding: 0.4rem 0.9rem; border-radius: 6px; border: 1px solid #1a5c37; color: #1a5c37; text-decoration: none; font-size: 0.85rem; background: transparent;\" href=\"https:\/\/ingritech.pl\/produkt\/proszek-z-lupin-orzecha-wloskiego-micro-filler\/\">Zum Produkt<br \/>\n<\/a><\/p>\n<\/div>\n<section class=\"product-card walnut-shell-micro-filler\" style=\"background: linear-gradient(to bottom, #f8fbf9, #eef4f0); border: 1px solid #c9e4d8; border-radius: 12px; padding: 2rem; color: #222; font-family: system-ui, sans-serif;\">\n<h1 style=\"color: #1a5c37; border-bottom: 3px solid #c9e4d8; padding-bottom: 0.5em; margin-bottom: 1.5rem;\">Walnussschalenpulver \u2013 Micro &#038; Filler Grade (F\u00fcllstoff und Zusatzstoff)<\/h1>\n<p><a href=\"https:\/\/ingritech.pl\/scierniwo-z-lupiny-orzecha-wloskiego-ekologiczna-i-bezpieczna-alternatywa-do-piaskowania\/\" target=\"_blank\" rel=\"noopener\"><strong>Walnussschalenpulver<\/strong><\/a> ist ein ultrafeines, nat\u00fcrliches Schleifmittel aus Walnussschalen sowie ein organischer F\u00fcllstoff, der aus Walnussschalen hergestellt wird.<br \/>\n<strong>Daher<\/strong> eignet sich Walnussschalenpulver f\u00fcr Anwendungen, die eine sehr feine K\u00f6rnung erfordern, wie beispielsweise F\u00fcllstoffe, technische Hilfsstoffe und die Pr\u00e4zisionsoberfl\u00e4chenbearbeitung.<\/p>\n<p><strong>Dar\u00fcber hinaus<\/strong> zeichnet sich Walnussschalenpulver durch eine geringe Dichte und hohe Reinheit aus.<br \/>\n<strong>Dar\u00fcber hinaus<\/strong> erleichtert die homogene Partikelstruktur die Dispersion in Mischungen, Farben und Verbundwerkstoffen.<br \/>\n<strong>Infolgedessen<\/strong> stellt das Material eine umweltfreundliche und sichere L\u00f6sung f\u00fcr die Chemie-, Kunststoff-, Farben-, Lack- und Verbundwerkstoffindustrie dar.<\/p>\n<hr style=\"border: none; border-top: 1px solid #c9e4d8; margin: 2rem 0;\" \/>\n<h2 style=\"color: #1a5c37;\">Verf\u00fcgbare Fraktionen \u2013 Walnussschalenpulver, Micro- und Filler-Grade<\/h2>\n<div style=\"display: flex; flex-wrap: wrap; gap: 12px; margin: 1.2rem 0;\">\n<div style=\"background: #ffffff; border: 1px solid #c9e4d8; border-radius: 8px; padding: 12px 16px;\"><strong>0.001 \u2013 0.1 mm<\/strong> \u2013 ultrafeines Nussschalenpulver zur Verwendung als F\u00fcllstoff und funktioneller Zusatzstoff, <strong>deshalb<\/strong> wird es f\u00fcr Mischungen ausgew\u00e4hlt, die eine hohe Pr\u00e4zision erfordern<\/div>\n<div style=\"background: #ffffff; border: 1px solid #c9e4d8; border-radius: 8px; padding: 12px 16px;\"><strong>0.1 \u2013 0.2 mm<\/strong> \u2013 Feinstfraktion f\u00fcr Mischungen, Beschichtungen und schonende Bearbeitung, <strong>und damit<\/strong> zur nachhaltigen Verbesserung der Materialeigenschaften<\/div>\n<\/div>\n<hr style=\"border: none; border-top: 1px solid #c9e4d8; margin: 2rem 0;\" \/>\n<h2 style=\"color: #1a5c37;\">Wichtige technische Parameter \u2013 Walnussschalenpulver<\/h2>\n<ul style=\"line-height: 1.7; margin-top: 1rem;\">\n<li><strong>Material:<\/strong> 100 % nat\u00fcrliche Walnussschalen, <strong>was bedeutet,<\/strong> dass keine mineralischen Verunreinigungen enthalten sind<\/li>\n<li><strong>Form:<\/strong> Pulver \/ Mikrogranulat, <strong>wodurch<\/strong> es sich leicht an den jeweiligen Prozess anpassen l\u00e4sst<\/li>\n<li><strong>H\u00e4rte:<\/strong> ca. 3,0\u20133,5 Mohs, <strong>und somit<\/strong> sicher f\u00fcr empfindliche Oberfl\u00e4chen<\/li>\n<li><strong>Partikelform:<\/strong> unregelm\u00e4\u00dfig, mikro-kantig<\/li>\n<li><strong>Sch\u00fcttdichte:<\/strong> ca. 0,5\u20130,7 g\/cm\u00b3<\/li>\n<li><strong>Feuchtigkeit:<\/strong> \u2264 7\u20138 %, <strong>weshalb<\/strong> das Material bei der Lagerung stabil bleibt<\/li>\n<li><strong>Biologische Abbaubarkeit:<\/strong> 100 %, <strong>was im Rahmen des \u00f6kologischen Ansatzes<\/li>\n<p> von Bedeutung ist<\/strong><\/p>\n<li><strong>Gehalt an Schwermetallen:<\/strong> keine<\/li>\n<\/ul>\n<hr style=\"border: none; border-top: 1px solid #c9e4d8; margin: 2rem 0;\" \/>\n<h2 style=\"color: #1a5c37;\">H\u00e4ufigste Anwendungsbereiche \u2013 Walnussschalenpulver (Mikrof\u00fcllstoff)<\/h2>\n<h3 style=\"color: #4a8c6f;\">F\u00fcllstoffe und technologische Zusatzstoffe \u2013 Nussschalenpulver<\/h3>\n<ul>\n<li>Farben, Lacke und Schutzbeschichtungen<\/li>\n<li>Kunststoffe und Verbundwerkstoffe, <strong>daher<\/strong> bessere Stabilit\u00e4t und \u00c4sthetik der Mischungen<\/li>\n<li>Klebstoffe, Dichtungsmassen und Harze<\/li>\n<\/ul>\n<h3 style=\"color: #4a8c6f;\">Chemie- und Werkstoffindustrie \u2013 Micro &amp; Filler-Nussschalen-Strahlmittel<\/h3>\n<ul>\n<li>Modifizierung der Materialeigenschaften<\/li>\n<li><strong>Gleichzeitig<\/strong>, \u00f6kologische Alternativen zu synthetischen F\u00fcllstoffen<\/li>\n<li>biologisch abbaubare Produkte und L\u00f6sungen f\u00fcr die Kreislaufwirtschaft<\/li>\n<\/ul>\n<h3 style=\"color: #4a8c6f;\">Pr\u00e4zise Oberfl\u00e4chenbearbeitung \u2013 Walnussschalenpulver<\/h3>\n<ul>\n<li>Mikroreinigung und sanftes Mattieren<\/li>\n<li><strong>Zudem<\/strong>, Bearbeitung empfindlicher Bauteile<\/li>\n<li>Labor- und technische Anwendungen<\/li>\n<\/ul>\n<hr style=\"border: none; border-top: 1px solid #c9e4d8; margin: 2rem 0;\" \/>\n<h2 style=\"color: #1a5c37;\">Die wichtigsten Vorteile \u2013 Walnussschalenpulver als F\u00fcllstoff und Zusatzstoff<\/h2>\n<ul style=\"line-height: 1.8;\">\n<li>\u2714 <strong>Vor allem<\/strong>, ultrafeine Fraktion f\u00fcr Spezialanwendungen<\/li>\n<li>\u2714 <strong>Dar\u00fcber hinaus<\/strong>, nat\u00fcrlicher und \u00f6kologischer F\u00fcllstoff<\/li>\n<li>\u2714 <strong>Wichtig ist<\/strong>, die Verbesserung der mechanischen und \u00e4sthetischen Eigenschaften der Materialien<\/li>\n<li>\u2714 <strong>Dadurch<\/strong>, geringe Dichte und gute Dispersion in Mischungen<\/li>\n<li>\u2714 keine toxischen und mineralischen Verunreinigungen, <strong>infolgedessen<\/strong> sichererer Prozess<\/li>\n<li>\u2714 im Einklang mit den Trends der \u00d6ko- und Kreislaufwirtschaft<\/li>\n<\/ul>\n<hr style=\"border: none; border-top: 1px solid #c9e4d8; margin: 2rem 0;\" \/>\n<h2 style=\"color: #1a5c37;\">Verpackung und Logistik<\/h2>\n<p>Das Produkt ist in Verpackungsvarianten erh\u00e4ltlich, die auf industrielle Anforderungen zugeschnitten sind:<\/p>\n<ul>\n<li>Papiers\u00e4cke mit PE-Einlage \u2013 25 kg<\/li>\n<li><strong>Zus\u00e4tzlich<\/strong>, technische Verpackungen \u2013 10 kg<\/li>\n<li>Big-Bags \u2013 1000 kg<\/li>\n<\/ul>\n<hr style=\"border: none; border-top: 1px solid #c9e4d8; margin: 2rem 0;\" \/>\n<h2 style=\"color: #1a5c37;\">Sicherheit und Aufbewahrung<\/h2>\n<ul>\n<li>Tragen Sie pers\u00f6nliche Schutzausr\u00fcstung (Staubmasken, Schutzbrillen)<\/li>\n<li><strong>Vermeiden Sie gleichzeitig<\/strong> \u00fcberm\u00e4\u00dfige Staubentwicklung w\u00e4hrend der Anwendung<\/li>\n<li><strong>Bewahren Sie das Produkt schlie\u00dflich<\/strong> an einem trockenen und gut bel\u00fcfteten Ort auf<\/li>\n<\/ul>\n<h2 style=\"color: #1a5c37;\">Warum Ingritech?<\/h2>\n<p><strong>Zusammenfassend<\/strong> ist Micro &amp; Filler Grade eine moderne und umweltfreundliche L\u00f6sung f\u00fcr die Industrie, die hohe Qualit\u00e4t mit stabilen Eigenschaften verbindet.<br \/>\n<strong>Deshalb<\/strong> ist es eine gute Wahl, wenn es auf Reinheit, Wiederholbarkeit und die Unterst\u00fctzung technologischer Prozesse ankommt.<\/p>\n<p style=\"font-weight: bold; color: #1a5c37; font-size: 1.15rem; text-align: center; margin-top: 2rem;\">Ingritech \u2013 Gr\u00fcne Schleifmittel f\u00fcr intelligente Oberfl\u00e4chentechnologie.<\/p>\n<\/section>\n<\/div>\n","protected":false},"excerpt":{"rendered":"<div class=\"product-description\" style=\"background: linear-gradient(to bottom, #f8fbf9, #eef4f0); border: 1px solid #c9e4d8; border-radius: 12px; padding: 1.8rem; color: #222; font-family: system-ui, sans-serif; line-height: 1.6;\">\n<p><strong>Walnut Shell Powder<\/strong> ist ein ultrafeines, nat\u00fcrliches und biologisch abbaubares Pulver aus Walnussschalen, das als umweltfreundlicher F\u00fcllstoff und technischer Zusatzstoff verwendet wird. Ideal f\u00fcr Farben, Lacke, Kunststoffe, Verbundwerkstoffe sowie die Pr\u00e4zisionsoberfl\u00e4chenbearbeitung.<\/p>\n<p><strong>Verf\u00fcgbare Fraktionen (Micro- und Filler-Grade): <\/strong>0,001\u20130,1 mm \u2022 0,1\u20130,2 mm<\/p>\n<p><strong>H\u00e4ufigste Anwendungsbereiche: <\/strong>F\u00fcllstoffe f\u00fcr Farben und Harze, Modifizierung von Materialeigenschaften, Herstellung von Verbundwerkstoffen, Klebstoffe, Schutzbeschichtungen, Mikroreinigung von Oberfl\u00e4chen.<\/p>\n<p><strong>Verpackung: <\/strong>S\u00e4cke zu 25 kg und 10 kg (Papier + PE), Big-Bags zu 1000 kg (auf Bestellung).<\/p>\n[caption id=\"attachment_9409\" align=\"alignright\" width=\"50\"]<a href=\"https:\/\/ingritech.pl\/wp-content\/uploads\/2026\/01\/MSDS-Walnur-shell-PL.pdf\" target=\"_blank\" rel=\"noopener\"><img loading=\"lazy\" decoding=\"async\" class=\"wp-image-9409\" title=\"Sicherheitsdatenblatt (SDB)\" src=\"https:\/\/ingritech.pl\/wp-content\/uploads\/2025\/01\/PDF-150x150.png\" alt=\"Sicherheitsdatenblatt (SDB)\" width=\"50\" height=\"50\" srcset=\"https:\/\/ingritech.pl\/wp-content\/uploads\/2025\/01\/PDF-150x150.png 150w, https:\/\/ingritech.pl\/wp-content\/uploads\/2025\/01\/PDF-300x300.png 300w, https:\/\/ingritech.pl\/wp-content\/uploads\/2025\/01\/PDF-70x70.png 70w, https:\/\/ingritech.pl\/wp-content\/uploads\/2025\/01\/PDF-100x100.png 100w, https:\/\/ingritech.pl\/wp-content\/uploads\/2025\/01\/PDF-400x400.png 400w, https:\/\/ingritech.pl\/wp-content\/uploads\/2025\/01\/PDF-110x110.png 110w, https:\/\/ingritech.pl\/wp-content\/uploads\/2025\/01\/PDF-500x500.png 500w, https:\/\/ingritech.pl\/wp-content\/uploads\/2025\/01\/PDF.png 512w, https:\/\/ingritech.pl\/wp-content\/uploads\/2025\/01\/PDF-200x200.png 200w\" sizes=\"auto, (max-width: 50px) 100vw, 50px\" \/><\/a> <strong>SDS pl<\/strong>[\/caption]\n[caption id=\"attachment_9409\" align=\"alignright\" width=\"50\"]<a href=\"https:\/\/ingritech.pl\/wp-content\/uploads\/2026\/01\/TDS-PL.pdf\" target=\"_blank\" rel=\"noopener\"><img loading=\"lazy\" decoding=\"async\" class=\"wp-image-9409\" title=\"Technisches Datenblatt (TDS) \u2013 Schleifmittel aus Walnussschalen\" src=\"https:\/\/ingritech.pl\/wp-content\/uploads\/2025\/01\/PDF-150x150.png\" alt=\"Technisches Datenblatt (TDS) \u2013 Schleifmittel aus Walnussschalen\" width=\"50\" height=\"50\" srcset=\"https:\/\/ingritech.pl\/wp-content\/uploads\/2025\/01\/PDF-150x150.png 150w, https:\/\/ingritech.pl\/wp-content\/uploads\/2025\/01\/PDF-300x300.png 300w, https:\/\/ingritech.pl\/wp-content\/uploads\/2025\/01\/PDF-70x70.png 70w, https:\/\/ingritech.pl\/wp-content\/uploads\/2025\/01\/PDF-100x100.png 100w, https:\/\/ingritech.pl\/wp-content\/uploads\/2025\/01\/PDF-400x400.png 400w, https:\/\/ingritech.pl\/wp-content\/uploads\/2025\/01\/PDF-110x110.png 110w, https:\/\/ingritech.pl\/wp-content\/uploads\/2025\/01\/PDF-500x500.png 500w, https:\/\/ingritech.pl\/wp-content\/uploads\/2025\/01\/PDF.png 512w, https:\/\/ingritech.pl\/wp-content\/uploads\/2025\/01\/PDF-200x200.png 200w\" sizes=\"auto, (max-width: 50px) 100vw, 50px\" \/><\/a> <strong>TDS pl<\/strong>[\/caption]\n<\/div>\n","protected":false},"featured_media":12826,"template":"","meta":[],"product_brand":[609],"product_cat":[1173],"product_tag":[],"class_list":{"0":"post-12821","1":"product","2":"type-product","3":"status-publish","4":"has-post-thumbnail","6":"product_brand-organic-nanocarbo","7":"product_cat-naturliche-schleifmittel","9":"first","10":"instock","11":"shipping-taxable","12":"product-type-simple"},"yoast_head":"<!-- This site is optimized with the Yoast SEO plugin v24.3 - https:\/\/yoast.com\/wordpress\/plugins\/seo\/ -->\n<title>Walnussschalenpulver Micro &amp; Filler | Ingritech<\/title>\n<meta name=\"description\" content=\"Walnussschalenpulver der Qualit\u00e4t \u201eMicro &amp; Filler Grade\u201c als \u00f6kologischer F\u00fcllstoff und technologischer Zusatzstoff.\" \/>\n<meta name=\"robots\" content=\"index, follow, max-snippet:-1, max-image-preview:large, max-video-preview:-1\" \/>\n<link rel=\"canonical\" href=\"https:\/\/ingritech.pl\/de\/product\/walnussschalenpulver-micro-01-02-mm\/\" \/>\n<meta property=\"og:locale\" content=\"de_DE\" \/>\n<meta property=\"og:type\" content=\"article\" \/>\n<meta property=\"og:title\" content=\"Walnussschalenpulver Micro &amp; Filler | Ingritech\" \/>\n<meta property=\"og:description\" content=\"Walnussschalenpulver der Qualit\u00e4t \u201eMicro &amp; Filler Grade\u201c als \u00f6kologischer F\u00fcllstoff und technologischer Zusatzstoff.\" \/>\n<meta property=\"og:url\" content=\"https:\/\/ingritech.pl\/de\/product\/walnussschalenpulver-micro-01-02-mm\/\" \/>\n<meta property=\"og:site_name\" content=\"INGRITECH\" \/>\n<meta property=\"article:modified_time\" content=\"2026-04-20T08:17:39+00:00\" \/>\n<meta property=\"og:image\" content=\"https:\/\/ingritech.pl\/wp-content\/uploads\/2026\/01\/scierniwo-z-lupin-orzecha-wloskiego-tumbling-grade.webp\" \/>\n\t<meta property=\"og:image:width\" content=\"1024\" \/>\n\t<meta property=\"og:image:height\" content=\"1024\" \/>\n\t<meta property=\"og:image:type\" content=\"image\/webp\" \/>\n<meta name=\"twitter:card\" content=\"summary_large_image\" \/>\n<meta name=\"twitter:label1\" content=\"Gesch\u00e4tzte Lesezeit\" \/>\n\t<meta name=\"twitter:data1\" content=\"3\u00a0Minuten\" \/>\n<script type=\"application\/ld+json\" class=\"yoast-schema-graph\">{\"@context\":\"https:\/\/schema.org\",\"@graph\":[{\"@type\":\"WebPage\",\"@id\":\"https:\/\/ingritech.pl\/de\/product\/walnussschalenpulver-micro-01-02-mm\/\",\"url\":\"https:\/\/ingritech.pl\/de\/product\/walnussschalenpulver-micro-01-02-mm\/\",\"name\":\"Walnussschalenpulver Micro & Filler | Ingritech\",\"isPartOf\":{\"@id\":\"https:\/\/ingritech.pl\/de\/#website\"},\"primaryImageOfPage\":{\"@id\":\"https:\/\/ingritech.pl\/de\/product\/walnussschalenpulver-micro-01-02-mm\/#primaryimage\"},\"image\":{\"@id\":\"https:\/\/ingritech.pl\/de\/product\/walnussschalenpulver-micro-01-02-mm\/#primaryimage\"},\"thumbnailUrl\":\"https:\/\/ingritech.pl\/wp-content\/uploads\/2026\/01\/scierniwo-z-lupin-orzecha-wloskiego-tumbling-grade.webp\",\"datePublished\":\"2026-01-30T14:18:36+00:00\",\"dateModified\":\"2026-04-20T08:17:39+00:00\",\"description\":\"Walnussschalenpulver der Qualit\u00e4t \u201eMicro & Filler Grade\u201c als \u00f6kologischer F\u00fcllstoff und technologischer Zusatzstoff.\",\"breadcrumb\":{\"@id\":\"https:\/\/ingritech.pl\/de\/product\/walnussschalenpulver-micro-01-02-mm\/#breadcrumb\"},\"inLanguage\":\"de\",\"potentialAction\":[{\"@type\":\"ReadAction\",\"target\":[\"https:\/\/ingritech.pl\/de\/product\/walnussschalenpulver-micro-01-02-mm\/\"]}]},{\"@type\":\"ImageObject\",\"inLanguage\":\"de\",\"@id\":\"https:\/\/ingritech.pl\/de\/product\/walnussschalenpulver-micro-01-02-mm\/#primaryimage\",\"url\":\"https:\/\/ingritech.pl\/wp-content\/uploads\/2026\/01\/scierniwo-z-lupin-orzecha-wloskiego-tumbling-grade.webp\",\"contentUrl\":\"https:\/\/ingritech.pl\/wp-content\/uploads\/2026\/01\/scierniwo-z-lupin-orzecha-wloskiego-tumbling-grade.webp\",\"width\":1024,\"height\":1024,\"caption\":\"Schleifmittel aus Walnussschalen \u2013 Tumbling Grade\"},{\"@type\":\"BreadcrumbList\",\"@id\":\"https:\/\/ingritech.pl\/de\/product\/walnussschalenpulver-micro-01-02-mm\/#breadcrumb\",\"itemListElement\":[{\"@type\":\"ListItem\",\"position\":1,\"name\":\"Strona g\u0142\u00f3wna\",\"item\":\"https:\/\/ingritech.pl\/de\/\"},{\"@type\":\"ListItem\",\"position\":2,\"name\":\"Produktkatalog\",\"item\":\"https:\/\/ingritech.pl\/katalog\/\"},{\"@type\":\"ListItem\",\"position\":3,\"name\":\"Walnussschalenpulver \u2013 Micro &#038; Filler Grade | Nat\u00fcrlicher F\u00fcllstoff und Schleifmittel (0,001\u20130,1; 0,1\u20130,2 mm)\"}]},{\"@type\":\"WebSite\",\"@id\":\"https:\/\/ingritech.pl\/de\/#website\",\"url\":\"https:\/\/ingritech.pl\/de\/\",\"name\":\"Ingritech\",\"description\":\"SUPPLIES AND RAW MATERIALS FOR INDUSTRY\",\"publisher\":{\"@id\":\"https:\/\/ingritech.pl\/de\/#organization\"},\"alternateName\":\"Ingritech - SUPPLIES AND RAW MATERIALS FOR INDUSTRY\",\"potentialAction\":[{\"@type\":\"SearchAction\",\"target\":{\"@type\":\"EntryPoint\",\"urlTemplate\":\"https:\/\/ingritech.pl\/de\/?s={search_term_string}\"},\"query-input\":{\"@type\":\"PropertyValueSpecification\",\"valueRequired\":true,\"valueName\":\"search_term_string\"}}],\"inLanguage\":\"de\"},{\"@type\":\"Organization\",\"@id\":\"https:\/\/ingritech.pl\/de\/#organization\",\"name\":\"Ingritech\",\"alternateName\":\"Ingritech - sklep z materia\u0142ami eksploatacyjnymi i surowcami dla przemys\u0142u\",\"url\":\"https:\/\/ingritech.pl\/de\/\",\"logo\":{\"@type\":\"ImageObject\",\"inLanguage\":\"de\",\"@id\":\"https:\/\/ingritech.pl\/de\/#\/schema\/logo\/image\/\",\"url\":\"https:\/\/ingritech.pl\/wp-content\/uploads\/2025\/01\/ingretech-logo.webp\",\"contentUrl\":\"https:\/\/ingritech.pl\/wp-content\/uploads\/2025\/01\/ingretech-logo.webp\",\"width\":1280,\"height\":182,\"caption\":\"Ingritech\"},\"image\":{\"@id\":\"https:\/\/ingritech.pl\/de\/#\/schema\/logo\/image\/\"},\"sameAs\":[\"https:\/\/wa.me\/+48453077323\"]}]}<\/script>\n<!-- \/ Yoast SEO plugin. -->","yoast_head_json":{"title":"Walnussschalenpulver Micro & Filler | Ingritech","description":"Walnussschalenpulver der Qualit\u00e4t \u201eMicro & Filler Grade\u201c als \u00f6kologischer F\u00fcllstoff und technologischer Zusatzstoff.","robots":{"index":"index","follow":"follow","max-snippet":"max-snippet:-1","max-image-preview":"max-image-preview:large","max-video-preview":"max-video-preview:-1"},"canonical":"https:\/\/ingritech.pl\/de\/product\/walnussschalenpulver-micro-01-02-mm\/","og_locale":"de_DE","og_type":"article","og_title":"Walnussschalenpulver Micro & Filler | Ingritech","og_description":"Walnussschalenpulver der Qualit\u00e4t \u201eMicro & Filler Grade\u201c als \u00f6kologischer F\u00fcllstoff und technologischer Zusatzstoff.","og_url":"https:\/\/ingritech.pl\/de\/product\/walnussschalenpulver-micro-01-02-mm\/","og_site_name":"INGRITECH","article_modified_time":"2026-04-20T08:17:39+00:00","og_image":[{"width":1024,"height":1024,"url":"https:\/\/ingritech.pl\/wp-content\/uploads\/2026\/01\/scierniwo-z-lupin-orzecha-wloskiego-tumbling-grade.webp","type":"image\/webp"}],"twitter_card":"summary_large_image","twitter_misc":{"Gesch\u00e4tzte Lesezeit":"3\u00a0Minuten"},"schema":{"@context":"https:\/\/schema.org","@graph":[{"@type":"WebPage","@id":"https:\/\/ingritech.pl\/de\/product\/walnussschalenpulver-micro-01-02-mm\/","url":"https:\/\/ingritech.pl\/de\/product\/walnussschalenpulver-micro-01-02-mm\/","name":"Walnussschalenpulver Micro & Filler | Ingritech","isPartOf":{"@id":"https:\/\/ingritech.pl\/de\/#website"},"primaryImageOfPage":{"@id":"https:\/\/ingritech.pl\/de\/product\/walnussschalenpulver-micro-01-02-mm\/#primaryimage"},"image":{"@id":"https:\/\/ingritech.pl\/de\/product\/walnussschalenpulver-micro-01-02-mm\/#primaryimage"},"thumbnailUrl":"https:\/\/ingritech.pl\/wp-content\/uploads\/2026\/01\/scierniwo-z-lupin-orzecha-wloskiego-tumbling-grade.webp","datePublished":"2026-01-30T14:18:36+00:00","dateModified":"2026-04-20T08:17:39+00:00","description":"Walnussschalenpulver der Qualit\u00e4t \u201eMicro & Filler Grade\u201c als \u00f6kologischer F\u00fcllstoff und technologischer Zusatzstoff.","breadcrumb":{"@id":"https:\/\/ingritech.pl\/de\/product\/walnussschalenpulver-micro-01-02-mm\/#breadcrumb"},"inLanguage":"de","potentialAction":[{"@type":"ReadAction","target":["https:\/\/ingritech.pl\/de\/product\/walnussschalenpulver-micro-01-02-mm\/"]}]},{"@type":"ImageObject","inLanguage":"de","@id":"https:\/\/ingritech.pl\/de\/product\/walnussschalenpulver-micro-01-02-mm\/#primaryimage","url":"https:\/\/ingritech.pl\/wp-content\/uploads\/2026\/01\/scierniwo-z-lupin-orzecha-wloskiego-tumbling-grade.webp","contentUrl":"https:\/\/ingritech.pl\/wp-content\/uploads\/2026\/01\/scierniwo-z-lupin-orzecha-wloskiego-tumbling-grade.webp","width":1024,"height":1024,"caption":"Schleifmittel aus Walnussschalen \u2013 Tumbling Grade"},{"@type":"BreadcrumbList","@id":"https:\/\/ingritech.pl\/de\/product\/walnussschalenpulver-micro-01-02-mm\/#breadcrumb","itemListElement":[{"@type":"ListItem","position":1,"name":"Strona g\u0142\u00f3wna","item":"https:\/\/ingritech.pl\/de\/"},{"@type":"ListItem","position":2,"name":"Produktkatalog","item":"https:\/\/ingritech.pl\/katalog\/"},{"@type":"ListItem","position":3,"name":"Walnussschalenpulver \u2013 Micro &#038; Filler Grade | Nat\u00fcrlicher F\u00fcllstoff und Schleifmittel (0,001\u20130,1; 0,1\u20130,2 mm)"}]},{"@type":"WebSite","@id":"https:\/\/ingritech.pl\/de\/#website","url":"https:\/\/ingritech.pl\/de\/","name":"Ingritech","description":"SUPPLIES AND RAW MATERIALS FOR INDUSTRY","publisher":{"@id":"https:\/\/ingritech.pl\/de\/#organization"},"alternateName":"Ingritech - SUPPLIES AND RAW MATERIALS FOR INDUSTRY","potentialAction":[{"@type":"SearchAction","target":{"@type":"EntryPoint","urlTemplate":"https:\/\/ingritech.pl\/de\/?s={search_term_string}"},"query-input":{"@type":"PropertyValueSpecification","valueRequired":true,"valueName":"search_term_string"}}],"inLanguage":"de"},{"@type":"Organization","@id":"https:\/\/ingritech.pl\/de\/#organization","name":"Ingritech","alternateName":"Ingritech - sklep z materia\u0142ami eksploatacyjnymi i surowcami dla przemys\u0142u","url":"https:\/\/ingritech.pl\/de\/","logo":{"@type":"ImageObject","inLanguage":"de","@id":"https:\/\/ingritech.pl\/de\/#\/schema\/logo\/image\/","url":"https:\/\/ingritech.pl\/wp-content\/uploads\/2025\/01\/ingretech-logo.webp","contentUrl":"https:\/\/ingritech.pl\/wp-content\/uploads\/2025\/01\/ingretech-logo.webp","width":1280,"height":182,"caption":"Ingritech"},"image":{"@id":"https:\/\/ingritech.pl\/de\/#\/schema\/logo\/image\/"},"sameAs":["https:\/\/wa.me\/+48453077323"]}]}},"_links":{"self":[{"href":"https:\/\/ingritech.pl\/de\/wp-json\/wp\/v2\/product\/12821","targetHints":{"allow":["GET"]}}],"collection":[{"href":"https:\/\/ingritech.pl\/de\/wp-json\/wp\/v2\/product"}],"about":[{"href":"https:\/\/ingritech.pl\/de\/wp-json\/wp\/v2\/types\/product"}],"wp:featuredmedia":[{"embeddable":true,"href":"https:\/\/ingritech.pl\/de\/wp-json\/wp\/v2\/media\/12826"}],"wp:attachment":[{"href":"https:\/\/ingritech.pl\/de\/wp-json\/wp\/v2\/media?parent=12821"}],"wp:term":[{"taxonomy":"product_brand","embeddable":true,"href":"https:\/\/ingritech.pl\/de\/wp-json\/wp\/v2\/product_brand?post=12821"},{"taxonomy":"product_cat","embeddable":true,"href":"https:\/\/ingritech.pl\/de\/wp-json\/wp\/v2\/product_cat?post=12821"},{"taxonomy":"product_tag","embeddable":true,"href":"https:\/\/ingritech.pl\/de\/wp-json\/wp\/v2\/product_tag?post=12821"}],"curies":[{"name":"wp","href":"https:\/\/api.w.org\/{rel}","templated":true}]}}