{"id":12866,"date":"2026-01-29T18:15:29","date_gmt":"2026-01-29T17:15:29","guid":{"rendered":"https:\/\/ingritech.pl\/product\/organisches-schleifmaterial-aus-walnussschalen-blasting-grade-04-07-07-10-10-12-12-20-mm\/"},"modified":"2026-04-20T12:15:45","modified_gmt":"2026-04-20T10:15:45","slug":"organisches-schleifmaterial-aus-walnussschalen-blasting-grade-04-07-07-10-10-12-12-20-mm","status":"publish","type":"product","link":"https:\/\/ingritech.pl\/de\/product\/organisches-schleifmaterial-aus-walnussschalen-blasting-grade-04-07-07-10-10-12-12-20-mm\/","title":{"rendered":"Organisches Schleifmaterial aus Walnussschalen \u2013 Blasting Grade (0,4\u20130,7; 0,7\u20131,0; 1,0\u20131,2; 1,2\u20132,0 mm)"},"content":{"rendered":"<section style=\"max-width: 1200px; margin: 3rem auto; font-family: system-ui,sans-serif; color: #222;\">\n<h2 style=\"text-align: center; color: #1a5c37; margin-bottom: 2rem;\"><\/h2>\n<div style=\"display: flex; gap: 1.5rem; flex-wrap: wrap;\">\n<p><!-- Blasting Grade --><\/p>\n<div style=\"flex: 1; min-width: 260px; background: linear-gradient(to bottom,#f8fbf9,#eef4f0); border: 1px solid #c9e4d8; border-radius: 12px; padding: 1.5rem;\">\n<h3 style=\"color: #1a5c37; margin-bottom: 0.7rem;\">Blasting Grade<\/h3>\n<p style=\"font-size: 0.9rem; margin-bottom: 0.5rem;\"><strong>Anwendung:<\/strong> Sandstrahlen und Reinigen von Oberfl\u00e4chen<\/p>\n<p style=\"font-size: 0.85rem; color: #555; margin-bottom: 1rem;\"><strong>K\u00f6rnung:<\/strong> 0.4\u20130.7 mm \u2022 0.7\u20131.0 mm \u2022 1.0\u20131.2 mm \u2022 1.2\u20132.0 mm<\/p>\n<p><a style=\"display: inline-block; padding: 0.4rem 0.9rem; border-radius: 6px; border: 1px solid #1a5c37; color: #1a5c37; text-decoration: none; font-size: 0.85rem; background: transparent;\" href=\"https:\/\/ingritech.pl\/produkt\/scierniwo-orzechowe-do-piaskowania-blasting-grade\/\">Produkt anzeigen<\/a><\/p>\n<\/div>\n<p><!-- Tumbling Grade --><\/p>\n<div style=\"flex: 1; min-width: 260px; background: linear-gradient(to bottom,#f8fbf9,#eef4f0); border: 1px solid #c9e4d8; border-radius: 12px; padding: 1.5rem;\">\n<h3 style=\"color: #1a5c37; margin-bottom: 0.7rem;\">Tumbling Grade<\/h3>\n<p style=\"font-size: 0.9rem; margin-bottom: 0.5rem;\"><strong>Anwendung:<\/strong> Polieren und Oberfl\u00e4chenbehandlung von Bauteilen<\/p>\n<p style=\"font-size: 0.85rem; color: #555; margin-bottom: 1rem;\"><strong>K\u00f6rnung:<\/strong> 0.2\u20130.4 mm \u2022 0.3\u20130.5 mm \u2022 0.4\u20130.7 mm<\/p>\n<p><a style=\"display: inline-block; padding: 0.4rem 0.9rem; border-radius: 6px; border: 1px solid #1a5c37; color: #1a5c37; text-decoration: none; font-size: 0.85rem; background: transparent;\" href=\"https:\/\/ingritech.pl\/produkt\/scierniwo-z-lupin-orzecha-wloskiego-tumbling-grade\/\">Produkt anzeigen<\/a><\/p>\n<\/div>\n<p><!-- Micro & Filler Grade --><\/p>\n<div style=\"flex: 1; min-width: 260px; background: linear-gradient(to bottom,#f8fbf9,#eef4f0); border: 1px solid #c9e4d8; border-radius: 12px; padding: 1.5rem;\">\n<h3 style=\"color: #1a5c37; margin-bottom: 0.7rem;\">Micro &amp; Filler Grade<\/h3>\n<p style=\"font-size: 0.9rem; margin-bottom: 0.5rem;\"><strong>Anwendung:<\/strong> F\u00fcllstoffe und funktionelle Additive<\/p>\n<p style=\"font-size: 0.85rem; color: #555; margin-bottom: 1rem;\"><strong>K\u00f6rnung:<\/strong> 0.001\u20130.1 mm \u2022 0.1\u20130.2 mm<\/p>\n<p><a style=\"display: inline-block; padding: 0.4rem 0.9rem; border-radius: 6px; border: 1px solid #1a5c37; color: #1a5c37; text-decoration: none; font-size: 0.85rem; background: transparent;\" href=\"https:\/\/ingritech.pl\/produkt\/proszek-z-lupin-orzecha-wloskiego-micro-filler\/\">Produkt anzeigen<\/a><\/p>\n<\/div>\n<section class=\"product-card walnut-shell-abrasive\" style=\"background: linear-gradient(to bottom, #f8fbf9, #eef4f0); border: 1px solid #c9e4d8; border-radius: 12px; padding: 2rem; color: #222; font-family: system-ui, sans-serif;\">\n<h1 style=\"color: #1a5c37; border-bottom: 3px solid #c9e4d8; padding-bottom: 0.5em; margin-bottom: 1.5rem;\">Strahlmittel aus Walnussschalen \u2013 Blasting Grade (umweltfreundliche Oberfl\u00e4chenreinigung)<br \/>\n<\/h1>\n<p><strong>Walnut Shell Abrasive<\/strong><br \/>\nist ein nat\u00fcrliches und umweltfreundliches organisches Schleifmittel, das aus zerkleinerten Walnussschalen hergestellt wird.<br \/>\n<strong>Daher<\/strong> wird es h\u00e4ufig zum Feinschleifen, zur Oberfl\u00e4chenreinigung und zur Pr\u00e4zisionsbearbeitung eingesetzt,<br \/>\ninsbesondere in F\u00e4llen, in denen es entscheidend ist, die urspr\u00fcngliche Struktur des Materials zu erhalten.<\/p>\n<p><strong>Dar\u00fcber hinaus<\/strong> sorgen die geringe H\u00e4rte und die unregelm\u00e4\u00dfige, kantige Kornform f\u00fcr eine effektive Reinigung ohne aggressiven Abrieb.<br \/>\n<strong>Gleichzeitig<\/strong> stellt das Schleifmittel aus Walnussschalen eine sichere Alternative zu vielen mineralischen und synthetischen Schleifmitteln dar.<br \/>\n<strong>Dadurch<\/strong> l\u00e4sst sich eine saubere Oberfl\u00e4che erzielen, wobei das Risiko von Besch\u00e4digungen und Materialverlusten deutlich geringer ist.<\/p>\n<hr style=\"border: none; border-top: 1px solid #c9e4d8; margin: 2rem 0;\" \/>\n<h2 style=\"color: #1a5c37;\">Verf\u00fcgbare Fraktionen \u2013 Walnussschalen-Strahlmittel (Blasting Grade)<\/h2>\n<div style=\"display: flex; flex-wrap: wrap; gap: 12px; margin: 1.2rem 0;\">\n<div style=\"background: #ffffff; border: 1px solid #c9e4d8; border-radius: 8px; padding: 12px 16px;\"><strong>0.4 \u2013 0.7 mm<\/strong> \u2013 sehr feines Sandstrahlen und pr\u00e4zise Reinigung;<br \/>\n<strong>Daher<\/strong> wird diese K\u00f6rnung besonders f\u00fcr empfindliche Bauteile empfohlen<\/div>\n<div style=\"background: #ffffff; border: 1px solid #c9e4d8; border-radius: 8px; padding: 12px 16px;\"><strong>0.7 \u2013 1.0 mm<\/strong> \u2013 Technische Reinigung mechanischer Bauteile und Formen,<br \/>\n<strong>und damit<\/strong> eine Verbesserung der Oberfl\u00e4chenqualit\u00e4t und -gleichm\u00e4\u00dfigkeit<\/div>\n<div style=\"background: #ffffff; border: 1px solid #c9e4d8; border-radius: 8px; padding: 12px 16px;\"><strong>1.0 \u2013 1.2 mm<\/strong> \u2013 Das Nussstrahlen von Ventilen und die intensivere Reinigung von Weichmetallen,<br \/>\n<strong>was zu<\/strong> einer Verk\u00fcrzung der Bearbeitungszeit f\u00fchrt<\/div>\n<div style=\"background: #ffffff; border: 1px solid #c9e4d8; border-radius: 8px; padding: 12px 16px;\"><strong>1.2 \u2013 2.0 mm<\/strong> \u2013 industrielles organisches Sandstrahlen und Entfernen von dickeren Beschichtungen;<br \/>\n<strong>Aus diesem Grund<\/strong> ist diese Fraktion f\u00fcr anspruchsvollere Anwendungen vorgesehen<\/div>\n<\/div>\n<hr style=\"border: none; border-top: 1px solid #c9e4d8; margin: 2rem 0;\" \/>\n<h2 style=\"color: #1a5c37;\">Technische Daten \u2013 Schleifmittel aus Walnussschalen<br \/>\n<\/h2>\n<ul style=\"line-height: 1.7; margin-top: 1rem;\">\n<li><strong>Material:<\/strong> 100 % nat\u00fcrliche Walnussschale,<br \/>\n<strong>was bedeutet,<\/strong> dass keinerlei giftige Zusatzstoffe enthalten sind<\/li>\n<li><strong>H\u00e4rte:<\/strong> ca. 3,0\u20133,5 nach der Mohs-Skala,<br \/>\n<strong>wodurch<\/strong> eine sanfte Oberfl\u00e4chenbearbeitung m\u00f6glich ist<\/li>\n<li><strong>Kornform:<\/strong> unregelm\u00e4\u00dfig und kantig,<br \/>\n<strong>was<\/strong> eine effektive, aber kontrollierte Reinigung gew\u00e4hrleistet<\/li>\n<li><strong>Sch\u00fcttdichte:<\/strong> 0,6\u20130,8 g\/cm\u00b3,<br \/>\n<strong>was<\/strong> eine gleichm\u00e4\u00dfige Dosierung des Strahlmittels erleichtert<\/li>\n<li><strong>Feuchtigkeit:<\/strong> \u2264 7\u20138 %,<br \/>\n<strong>wodurch<\/strong> eine wiederholbare Leistung beim Sandstrahlen gew\u00e4hrleistet ist<\/li>\n<li><strong>Empfohlener Arbeitsdruck:<\/strong> 1,4\u20134,0 bar,<br \/>\n<strong>wodurch<\/strong> eine effektive Bearbeitung bei niedrigem Druck m\u00f6glich ist<\/li>\n<li><strong>Biologische Abbaubarkeit:<\/strong> 100 %,<br \/>\n<strong>das Material ist somit<\/strong> umweltfreundlich<\/li>\n<\/ul>\n<hr style=\"border: none; border-top: 1px solid #c9e4d8; margin: 2rem 0;\" \/>\n<h2 style=\"color: #1a5c37;\">Warum gerade Ingritech?<br \/>\n<\/h2>\n<p>Zusammenfassend l\u00e4sst sich sagen, dass <strong>Walnut Shell Abrasive von Ingritech<\/strong> stabile Qualit\u00e4t,<br \/>\nkonsistente technische Parameter und einen umweltfreundlichen Ansatz bei der Oberfl\u00e4chenbehandlung vereint.<br \/>\n<strong>Dadurch<\/strong> erf\u00fcllt dieses Produkt die Anforderungen des EU-Marktes,<br \/>\n<strong>und entspricht gleichzeitig<\/strong> den Anforderungen moderner industrieller Anwendungen.<\/p>\n<p style=\"font-weight: bold; color: #1a5c37; font-size: 1.15rem; text-align: center; margin-top: 2rem;\">Ingritech \u2013 Green Abrasives for Smart Surface Technology.<\/p>\n<\/section>\n<\/div>\n<\/section>\n","protected":false},"excerpt":{"rendered":"<div class=\"product-description\" style=\"background: linear-gradient(to bottom, #f8fbf9, #eef4f0); border: 1px solid #c9e4d8; border-radius: 12px; padding: 1.8rem; color: #222; font-family: system-ui, sans-serif; line-height: 1.6;\">\n<p data-start=\"0\" data-end=\"223\"><strong data-start=\"0\" data-end=\"25\">Walnut Shell Abrasive<\/strong> ist ein zu 100 % nat\u00fcrliches, biologisch abbaubares und organisches Schleifmittel, das aus Walnussschalen hergestellt wird. Es ist f\u00fcr das schonende Sandstrahlen und Reinigen von kratzempfindlichen Oberfl\u00e4chen bestimmt.<\/p>\n<p data-start=\"225\" data-end=\"339\"><strong data-start=\"225\" data-end=\"266\">Verf\u00fcgbare K\u00f6rnungen (Blasting Grade):<\/strong><br data-start=\"266\" data-end=\"269\" \/>\u2022 0.4\u20130.7 mm<br data-start=\"281\" data-end=\"284\" \/>\u2022 0.7\u20131.0 mm<br data-start=\"296\" data-end=\"299\" \/>\u2022 1.0\u20131.2 mm<br data-start=\"311\" data-end=\"314\" \/>\u2022 1.2\u20132.0 mm<br data-start=\"326\" data-end=\"329\" \/>Bio<\/p>\n<p data-start=\"341\" data-end=\"556\"><strong data-start=\"341\" data-end=\"370\">H\u00e4ufigste Anwendungsbereiche:<\/strong> Aluminium, Kupfer, Messing, Felgen, Spritzgussformen, Pressmatrizen, Reinigung von Ansaugrohren (Walnut Blasting), Entfernen von Beschichtungen, Restaurierung von Denkm\u00e4lern, Bearbeitung von Verbundwerkstoffen und Holz.<\/p>\n<p data-start=\"558\" data-end=\"654\" data-is-last-node=\"\" data-is-only-node=\"\"><strong data-start=\"558\" data-end=\"572\">Verpackung:<\/strong> S\u00e4cke zu 25 kg und 10 kg (Papier + PE), Eimer zu 5 kg, Big Bags zu 1000 kg (auf Bestellung).<\/p>\n[caption id=\"attachment_9409\" align=\"alignright\" width=\"50\"]<a href=\"https:\/\/ingritech.pl\/wp-content\/uploads\/2026\/01\/MSDS-Walnur-shell-PL.pdf\" target=\"_blank\" rel=\"noopener\"><img loading=\"lazy\" decoding=\"async\" class=\"wp-image-9409\" title=\"Sicherheitsdatenblatt (SDB)\" src=\"https:\/\/ingritech.pl\/wp-content\/uploads\/2025\/01\/PDF-150x150.png\" alt=\"Sicherheitsdatenblatt (SDB)\" width=\"50\" height=\"50\" srcset=\"https:\/\/ingritech.pl\/wp-content\/uploads\/2025\/01\/PDF-150x150.png 150w, https:\/\/ingritech.pl\/wp-content\/uploads\/2025\/01\/PDF-300x300.png 300w, https:\/\/ingritech.pl\/wp-content\/uploads\/2025\/01\/PDF-70x70.png 70w, https:\/\/ingritech.pl\/wp-content\/uploads\/2025\/01\/PDF-100x100.png 100w, https:\/\/ingritech.pl\/wp-content\/uploads\/2025\/01\/PDF-400x400.png 400w, https:\/\/ingritech.pl\/wp-content\/uploads\/2025\/01\/PDF-110x110.png 110w, https:\/\/ingritech.pl\/wp-content\/uploads\/2025\/01\/PDF-500x500.png 500w, https:\/\/ingritech.pl\/wp-content\/uploads\/2025\/01\/PDF.png 512w, https:\/\/ingritech.pl\/wp-content\/uploads\/2025\/01\/PDF-200x200.png 200w\" sizes=\"auto, (max-width: 50px) 100vw, 50px\" \/><\/a> <strong>SDS pl<\/strong>[\/caption]\n[caption id=\"attachment_9409\" align=\"alignright\" width=\"50\"]<a href=\"https:\/\/ingritech.pl\/wp-content\/uploads\/2026\/01\/TDS-PL.pdf\" target=\"_blank\" rel=\"noopener\"><img loading=\"lazy\" decoding=\"async\" class=\"wp-image-9409\" title=\"Technisches Datenblatt (TDS) \u2013 Schleifmittel aus Walnussschalen\" src=\"https:\/\/ingritech.pl\/wp-content\/uploads\/2025\/01\/PDF-150x150.png\" alt=\"Technisches Datenblatt (TDS) \u2013 Schleifmittel aus Walnussschalen\" width=\"50\" height=\"50\" srcset=\"https:\/\/ingritech.pl\/wp-content\/uploads\/2025\/01\/PDF-150x150.png 150w, https:\/\/ingritech.pl\/wp-content\/uploads\/2025\/01\/PDF-300x300.png 300w, https:\/\/ingritech.pl\/wp-content\/uploads\/2025\/01\/PDF-70x70.png 70w, https:\/\/ingritech.pl\/wp-content\/uploads\/2025\/01\/PDF-100x100.png 100w, https:\/\/ingritech.pl\/wp-content\/uploads\/2025\/01\/PDF-400x400.png 400w, https:\/\/ingritech.pl\/wp-content\/uploads\/2025\/01\/PDF-110x110.png 110w, https:\/\/ingritech.pl\/wp-content\/uploads\/2025\/01\/PDF-500x500.png 500w, https:\/\/ingritech.pl\/wp-content\/uploads\/2025\/01\/PDF.png 512w, https:\/\/ingritech.pl\/wp-content\/uploads\/2025\/01\/PDF-200x200.png 200w\" sizes=\"auto, (max-width: 50px) 100vw, 50px\" \/><\/a> <strong>TDS pl<\/strong>[\/caption]\n<\/div>\n","protected":false},"featured_media":12826,"template":"","meta":[],"product_brand":[609],"product_cat":[1173],"product_tag":[],"class_list":{"0":"post-12866","1":"product","2":"type-product","3":"status-publish","4":"has-post-thumbnail","6":"product_brand-organic-nanocarbo","7":"product_cat-naturliche-schleifmittel","9":"first","10":"instock","11":"shipping-taxable","12":"product-type-simple"},"yoast_head":"<!-- This site is optimized with the Yoast SEO plugin v24.3 - https:\/\/yoast.com\/wordpress\/plugins\/seo\/ -->\n<title>Schleifmittel aus Walnussschalen \u2013 Strahlmittel f\u00fcr die umweltfreundliche Oberfl\u00e4chenreinigung<\/title>\n<meta name=\"description\" content=\"Schleifmittel aus Walnussschalen f\u00fcr schonendes Strahlen und Reinigen von Oberfl\u00e4chen. Organisches, biologisch abbaubares Schleifmittel mit geringer Staubentwicklung und gleichm\u00e4\u00dfiger K\u00f6rnung.\" \/>\n<meta name=\"robots\" content=\"index, follow, max-snippet:-1, max-image-preview:large, max-video-preview:-1\" \/>\n<link rel=\"canonical\" href=\"https:\/\/ingritech.pl\/de\/product\/organisches-schleifmaterial-aus-walnussschalen-blasting-grade-04-07-07-10-10-12-12-20-mm\/\" \/>\n<meta property=\"og:locale\" content=\"de_DE\" \/>\n<meta property=\"og:type\" content=\"article\" \/>\n<meta property=\"og:title\" content=\"Schleifmittel aus Walnussschalen \u2013 Strahlmittel f\u00fcr die umweltfreundliche Oberfl\u00e4chenreinigung\" \/>\n<meta property=\"og:description\" content=\"Schleifmittel aus Walnussschalen f\u00fcr schonendes Strahlen und Reinigen von Oberfl\u00e4chen. Organisches, biologisch abbaubares Schleifmittel mit geringer Staubentwicklung und gleichm\u00e4\u00dfiger K\u00f6rnung.\" \/>\n<meta property=\"og:url\" content=\"https:\/\/ingritech.pl\/de\/product\/organisches-schleifmaterial-aus-walnussschalen-blasting-grade-04-07-07-10-10-12-12-20-mm\/\" \/>\n<meta property=\"og:site_name\" content=\"INGRITECH\" \/>\n<meta property=\"article:modified_time\" content=\"2026-04-20T10:15:45+00:00\" \/>\n<meta property=\"og:image\" content=\"https:\/\/ingritech.pl\/wp-content\/uploads\/2026\/01\/scierniwo-z-lupin-orzecha-wloskiego-tumbling-grade.webp\" \/>\n\t<meta property=\"og:image:width\" content=\"1024\" \/>\n\t<meta property=\"og:image:height\" content=\"1024\" \/>\n\t<meta property=\"og:image:type\" content=\"image\/webp\" \/>\n<meta name=\"twitter:card\" content=\"summary_large_image\" \/>\n<meta name=\"twitter:label1\" content=\"Gesch\u00e4tzte Lesezeit\" \/>\n\t<meta name=\"twitter:data1\" content=\"2\u00a0Minuten\" \/>\n<script type=\"application\/ld+json\" class=\"yoast-schema-graph\">{\"@context\":\"https:\/\/schema.org\",\"@graph\":[{\"@type\":\"WebPage\",\"@id\":\"https:\/\/ingritech.pl\/de\/product\/organisches-schleifmaterial-aus-walnussschalen-blasting-grade-04-07-07-10-10-12-12-20-mm\/\",\"url\":\"https:\/\/ingritech.pl\/de\/product\/organisches-schleifmaterial-aus-walnussschalen-blasting-grade-04-07-07-10-10-12-12-20-mm\/\",\"name\":\"Schleifmittel aus Walnussschalen \u2013 Strahlmittel f\u00fcr die umweltfreundliche Oberfl\u00e4chenreinigung\",\"isPartOf\":{\"@id\":\"https:\/\/ingritech.pl\/de\/#website\"},\"primaryImageOfPage\":{\"@id\":\"https:\/\/ingritech.pl\/de\/product\/organisches-schleifmaterial-aus-walnussschalen-blasting-grade-04-07-07-10-10-12-12-20-mm\/#primaryimage\"},\"image\":{\"@id\":\"https:\/\/ingritech.pl\/de\/product\/organisches-schleifmaterial-aus-walnussschalen-blasting-grade-04-07-07-10-10-12-12-20-mm\/#primaryimage\"},\"thumbnailUrl\":\"https:\/\/ingritech.pl\/wp-content\/uploads\/2026\/01\/scierniwo-z-lupin-orzecha-wloskiego-tumbling-grade.webp\",\"datePublished\":\"2026-01-29T17:15:29+00:00\",\"dateModified\":\"2026-04-20T10:15:45+00:00\",\"description\":\"Schleifmittel aus Walnussschalen f\u00fcr schonendes Strahlen und Reinigen von Oberfl\u00e4chen. Organisches, biologisch abbaubares Schleifmittel mit geringer Staubentwicklung und gleichm\u00e4\u00dfiger K\u00f6rnung.\",\"breadcrumb\":{\"@id\":\"https:\/\/ingritech.pl\/de\/product\/organisches-schleifmaterial-aus-walnussschalen-blasting-grade-04-07-07-10-10-12-12-20-mm\/#breadcrumb\"},\"inLanguage\":\"de\",\"potentialAction\":[{\"@type\":\"ReadAction\",\"target\":[\"https:\/\/ingritech.pl\/de\/product\/organisches-schleifmaterial-aus-walnussschalen-blasting-grade-04-07-07-10-10-12-12-20-mm\/\"]}]},{\"@type\":\"ImageObject\",\"inLanguage\":\"de\",\"@id\":\"https:\/\/ingritech.pl\/de\/product\/organisches-schleifmaterial-aus-walnussschalen-blasting-grade-04-07-07-10-10-12-12-20-mm\/#primaryimage\",\"url\":\"https:\/\/ingritech.pl\/wp-content\/uploads\/2026\/01\/scierniwo-z-lupin-orzecha-wloskiego-tumbling-grade.webp\",\"contentUrl\":\"https:\/\/ingritech.pl\/wp-content\/uploads\/2026\/01\/scierniwo-z-lupin-orzecha-wloskiego-tumbling-grade.webp\",\"width\":1024,\"height\":1024,\"caption\":\"Schleifmittel aus Walnussschalen \u2013 Tumbling Grade\"},{\"@type\":\"BreadcrumbList\",\"@id\":\"https:\/\/ingritech.pl\/de\/product\/organisches-schleifmaterial-aus-walnussschalen-blasting-grade-04-07-07-10-10-12-12-20-mm\/#breadcrumb\",\"itemListElement\":[{\"@type\":\"ListItem\",\"position\":1,\"name\":\"Strona g\u0142\u00f3wna\",\"item\":\"https:\/\/ingritech.pl\/de\/\"},{\"@type\":\"ListItem\",\"position\":2,\"name\":\"Produktkatalog\",\"item\":\"https:\/\/ingritech.pl\/katalog\/\"},{\"@type\":\"ListItem\",\"position\":3,\"name\":\"Organisches Schleifmaterial aus Walnussschalen \u2013 Blasting Grade (0,4\u20130,7; 0,7\u20131,0; 1,0\u20131,2; 1,2\u20132,0 mm)\"}]},{\"@type\":\"WebSite\",\"@id\":\"https:\/\/ingritech.pl\/de\/#website\",\"url\":\"https:\/\/ingritech.pl\/de\/\",\"name\":\"Ingritech\",\"description\":\"SUPPLIES AND RAW MATERIALS FOR INDUSTRY\",\"publisher\":{\"@id\":\"https:\/\/ingritech.pl\/de\/#organization\"},\"alternateName\":\"Ingritech - SUPPLIES AND RAW MATERIALS FOR INDUSTRY\",\"potentialAction\":[{\"@type\":\"SearchAction\",\"target\":{\"@type\":\"EntryPoint\",\"urlTemplate\":\"https:\/\/ingritech.pl\/de\/?s={search_term_string}\"},\"query-input\":{\"@type\":\"PropertyValueSpecification\",\"valueRequired\":true,\"valueName\":\"search_term_string\"}}],\"inLanguage\":\"de\"},{\"@type\":\"Organization\",\"@id\":\"https:\/\/ingritech.pl\/de\/#organization\",\"name\":\"Ingritech\",\"alternateName\":\"Ingritech - sklep z materia\u0142ami eksploatacyjnymi i surowcami dla przemys\u0142u\",\"url\":\"https:\/\/ingritech.pl\/de\/\",\"logo\":{\"@type\":\"ImageObject\",\"inLanguage\":\"de\",\"@id\":\"https:\/\/ingritech.pl\/de\/#\/schema\/logo\/image\/\",\"url\":\"https:\/\/ingritech.pl\/wp-content\/uploads\/2025\/01\/ingretech-logo.webp\",\"contentUrl\":\"https:\/\/ingritech.pl\/wp-content\/uploads\/2025\/01\/ingretech-logo.webp\",\"width\":1280,\"height\":182,\"caption\":\"Ingritech\"},\"image\":{\"@id\":\"https:\/\/ingritech.pl\/de\/#\/schema\/logo\/image\/\"},\"sameAs\":[\"https:\/\/wa.me\/+48453077323\"]}]}<\/script>\n<!-- \/ Yoast SEO plugin. -->","yoast_head_json":{"title":"Schleifmittel aus Walnussschalen \u2013 Strahlmittel f\u00fcr die umweltfreundliche Oberfl\u00e4chenreinigung","description":"Schleifmittel aus Walnussschalen f\u00fcr schonendes Strahlen und Reinigen von Oberfl\u00e4chen. Organisches, biologisch abbaubares Schleifmittel mit geringer Staubentwicklung und gleichm\u00e4\u00dfiger K\u00f6rnung.","robots":{"index":"index","follow":"follow","max-snippet":"max-snippet:-1","max-image-preview":"max-image-preview:large","max-video-preview":"max-video-preview:-1"},"canonical":"https:\/\/ingritech.pl\/de\/product\/organisches-schleifmaterial-aus-walnussschalen-blasting-grade-04-07-07-10-10-12-12-20-mm\/","og_locale":"de_DE","og_type":"article","og_title":"Schleifmittel aus Walnussschalen \u2013 Strahlmittel f\u00fcr die umweltfreundliche Oberfl\u00e4chenreinigung","og_description":"Schleifmittel aus Walnussschalen f\u00fcr schonendes Strahlen und Reinigen von Oberfl\u00e4chen. Organisches, biologisch abbaubares Schleifmittel mit geringer Staubentwicklung und gleichm\u00e4\u00dfiger K\u00f6rnung.","og_url":"https:\/\/ingritech.pl\/de\/product\/organisches-schleifmaterial-aus-walnussschalen-blasting-grade-04-07-07-10-10-12-12-20-mm\/","og_site_name":"INGRITECH","article_modified_time":"2026-04-20T10:15:45+00:00","og_image":[{"width":1024,"height":1024,"url":"https:\/\/ingritech.pl\/wp-content\/uploads\/2026\/01\/scierniwo-z-lupin-orzecha-wloskiego-tumbling-grade.webp","type":"image\/webp"}],"twitter_card":"summary_large_image","twitter_misc":{"Gesch\u00e4tzte Lesezeit":"2\u00a0Minuten"},"schema":{"@context":"https:\/\/schema.org","@graph":[{"@type":"WebPage","@id":"https:\/\/ingritech.pl\/de\/product\/organisches-schleifmaterial-aus-walnussschalen-blasting-grade-04-07-07-10-10-12-12-20-mm\/","url":"https:\/\/ingritech.pl\/de\/product\/organisches-schleifmaterial-aus-walnussschalen-blasting-grade-04-07-07-10-10-12-12-20-mm\/","name":"Schleifmittel aus Walnussschalen \u2013 Strahlmittel f\u00fcr die umweltfreundliche Oberfl\u00e4chenreinigung","isPartOf":{"@id":"https:\/\/ingritech.pl\/de\/#website"},"primaryImageOfPage":{"@id":"https:\/\/ingritech.pl\/de\/product\/organisches-schleifmaterial-aus-walnussschalen-blasting-grade-04-07-07-10-10-12-12-20-mm\/#primaryimage"},"image":{"@id":"https:\/\/ingritech.pl\/de\/product\/organisches-schleifmaterial-aus-walnussschalen-blasting-grade-04-07-07-10-10-12-12-20-mm\/#primaryimage"},"thumbnailUrl":"https:\/\/ingritech.pl\/wp-content\/uploads\/2026\/01\/scierniwo-z-lupin-orzecha-wloskiego-tumbling-grade.webp","datePublished":"2026-01-29T17:15:29+00:00","dateModified":"2026-04-20T10:15:45+00:00","description":"Schleifmittel aus Walnussschalen f\u00fcr schonendes Strahlen und Reinigen von Oberfl\u00e4chen. Organisches, biologisch abbaubares Schleifmittel mit geringer Staubentwicklung und gleichm\u00e4\u00dfiger K\u00f6rnung.","breadcrumb":{"@id":"https:\/\/ingritech.pl\/de\/product\/organisches-schleifmaterial-aus-walnussschalen-blasting-grade-04-07-07-10-10-12-12-20-mm\/#breadcrumb"},"inLanguage":"de","potentialAction":[{"@type":"ReadAction","target":["https:\/\/ingritech.pl\/de\/product\/organisches-schleifmaterial-aus-walnussschalen-blasting-grade-04-07-07-10-10-12-12-20-mm\/"]}]},{"@type":"ImageObject","inLanguage":"de","@id":"https:\/\/ingritech.pl\/de\/product\/organisches-schleifmaterial-aus-walnussschalen-blasting-grade-04-07-07-10-10-12-12-20-mm\/#primaryimage","url":"https:\/\/ingritech.pl\/wp-content\/uploads\/2026\/01\/scierniwo-z-lupin-orzecha-wloskiego-tumbling-grade.webp","contentUrl":"https:\/\/ingritech.pl\/wp-content\/uploads\/2026\/01\/scierniwo-z-lupin-orzecha-wloskiego-tumbling-grade.webp","width":1024,"height":1024,"caption":"Schleifmittel aus Walnussschalen \u2013 Tumbling Grade"},{"@type":"BreadcrumbList","@id":"https:\/\/ingritech.pl\/de\/product\/organisches-schleifmaterial-aus-walnussschalen-blasting-grade-04-07-07-10-10-12-12-20-mm\/#breadcrumb","itemListElement":[{"@type":"ListItem","position":1,"name":"Strona g\u0142\u00f3wna","item":"https:\/\/ingritech.pl\/de\/"},{"@type":"ListItem","position":2,"name":"Produktkatalog","item":"https:\/\/ingritech.pl\/katalog\/"},{"@type":"ListItem","position":3,"name":"Organisches Schleifmaterial aus Walnussschalen \u2013 Blasting Grade (0,4\u20130,7; 0,7\u20131,0; 1,0\u20131,2; 1,2\u20132,0 mm)"}]},{"@type":"WebSite","@id":"https:\/\/ingritech.pl\/de\/#website","url":"https:\/\/ingritech.pl\/de\/","name":"Ingritech","description":"SUPPLIES AND RAW MATERIALS FOR INDUSTRY","publisher":{"@id":"https:\/\/ingritech.pl\/de\/#organization"},"alternateName":"Ingritech - SUPPLIES AND RAW MATERIALS FOR INDUSTRY","potentialAction":[{"@type":"SearchAction","target":{"@type":"EntryPoint","urlTemplate":"https:\/\/ingritech.pl\/de\/?s={search_term_string}"},"query-input":{"@type":"PropertyValueSpecification","valueRequired":true,"valueName":"search_term_string"}}],"inLanguage":"de"},{"@type":"Organization","@id":"https:\/\/ingritech.pl\/de\/#organization","name":"Ingritech","alternateName":"Ingritech - sklep z materia\u0142ami eksploatacyjnymi i surowcami dla przemys\u0142u","url":"https:\/\/ingritech.pl\/de\/","logo":{"@type":"ImageObject","inLanguage":"de","@id":"https:\/\/ingritech.pl\/de\/#\/schema\/logo\/image\/","url":"https:\/\/ingritech.pl\/wp-content\/uploads\/2025\/01\/ingretech-logo.webp","contentUrl":"https:\/\/ingritech.pl\/wp-content\/uploads\/2025\/01\/ingretech-logo.webp","width":1280,"height":182,"caption":"Ingritech"},"image":{"@id":"https:\/\/ingritech.pl\/de\/#\/schema\/logo\/image\/"},"sameAs":["https:\/\/wa.me\/+48453077323"]}]}},"_links":{"self":[{"href":"https:\/\/ingritech.pl\/de\/wp-json\/wp\/v2\/product\/12866","targetHints":{"allow":["GET"]}}],"collection":[{"href":"https:\/\/ingritech.pl\/de\/wp-json\/wp\/v2\/product"}],"about":[{"href":"https:\/\/ingritech.pl\/de\/wp-json\/wp\/v2\/types\/product"}],"wp:featuredmedia":[{"embeddable":true,"href":"https:\/\/ingritech.pl\/de\/wp-json\/wp\/v2\/media\/12826"}],"wp:attachment":[{"href":"https:\/\/ingritech.pl\/de\/wp-json\/wp\/v2\/media?parent=12866"}],"wp:term":[{"taxonomy":"product_brand","embeddable":true,"href":"https:\/\/ingritech.pl\/de\/wp-json\/wp\/v2\/product_brand?post=12866"},{"taxonomy":"product_cat","embeddable":true,"href":"https:\/\/ingritech.pl\/de\/wp-json\/wp\/v2\/product_cat?post=12866"},{"taxonomy":"product_tag","embeddable":true,"href":"https:\/\/ingritech.pl\/de\/wp-json\/wp\/v2\/product_tag?post=12866"}],"curies":[{"name":"wp","href":"https:\/\/api.w.org\/{rel}","templated":true}]}}